{"id":107334,"date":"2024-07-03T17:02:49","date_gmt":"2024-07-03T16:02:49","guid":{"rendered":"https:\/\/www.quartix.com\/?page_id=107334"},"modified":"2025-10-06T16:15:44","modified_gmt":"2025-10-06T15:15:44","slug":"vorteile-fahrer","status":"publish","type":"page","link":"https:\/\/www.quartix.com\/de-de\/vorteile-fahrer\/","title":{"rendered":"Telematik-Vorteile f\u00fcr Fahrer: Skeptiker in Gl\u00e4ubige verwandeln"},"content":{"rendered":"\r\n<div   class=\"hero-block bighero\">\r\n    <img loading=\"lazy\" decoding=\"async\" width=\"1920\" height=\"787\" src=\"https:\/\/www.quartix.com\/content\/uploads\/2024\/02\/Driver-at-wheel-header-image.png\" class=\"\" alt=\"\" \/>                <div class=\"hero-overlay\"><\/div>\r\n            \r\n\r\n\r\n    <div class=\"hero-content \">\r\n        <div class=\"inner limited-width\">\r\n                                                <h1 class=\"title\">Telematik-Vorteile f\u00fcr Fahrer: Wie man Skepsis \u00fcberwindet<\/h1>\r\n                                <p class=\"text\">Verstehen Sie, wie ein Fahrzeugortungssystem nicht nur f\u00fcr Ihr Unternehmen, sondern auch f\u00fcr Ihre Fahrer ein wertvolles Werkzeug sein kann.<\/p>                                        <div class=\"buttons\">\r\n                    <a href=\"#1\" class=\"btn btn-green btn-inline\" target=\"_blank\" title=\"Mehr erfahren\">Mehr erfahren<\/a>\r\n                <\/div>\r\n                    <\/div>\r\n    <\/div>\r\n<\/div>\n\n\r\n<div   class=\"hero-block smallhero\">\r\n            <div class=\"hero-overlay greybg\"><\/div>\r\n    \r\n\r\n\r\n    <div class=\"hero-content greybg noimage\">\r\n        <div class=\"inner\">\r\n                            <p class=\"title stylelikeh3\">\u201eFr\u00fcher haben wir alles h\u00e4ndisch protokolliert und es bringt uns Klarheit dar\u00fcber, was die Fahrer gemacht haben, statt jedes Mal nachfragen zu m\u00fcssen, was sie wo taten.\u201c<\/p>                <div class=\"author\"><p><a href=\"https:\/\/www.quartix.com\/de-de\/fallstudien\/rasche-service\/\" target=\"_blank\" rel=\"noopener\"><cite class=\"author\">Andreas Rasche <\/cite><cite class=\"author_line_2\">Gesch\u00e4ftsf\u00fchrer, Rasche Service Folientechnik und Shopkonzepte<\/cite><\/a><\/p>\n<\/div>                                <\/div>\r\n    <\/div>\r\n<\/div>\n\n\r\n\r\n        <div id=\"1\"  class=\"landingpageouter\" style=\"background-color:#ffffff ;\">\r\n        <div class=\"landingpagecolsblock twocols4060 \">\r\n            <div class=\"col1\">\r\n                <p class=\"pre-title\">SCHUTZ<\/p>                <h2 class=\"\">Sch\u00fctzen Sie Ihre Fahrer vor falschen Anspr\u00fcchen<\/h2>                <div class='wysiwyg'><p>Ein Fahrzeugortungssystem ist ein stiller Zeuge auf der Seite Ihres Fahrers; es kann ihn vor falschen Anspr\u00fcchen wegen Geschwindigkeits\u00fcberschreitung, gef\u00e4hrlichen Fahrens oder sogar Sachbesch\u00e4digung sch\u00fctzen. Egal, ob Sie mit Beschwerden Ihrer Kunden, der \u00d6ffentlichkeit oder der Notwendigkeit, nachweisen zu m\u00fcssen, dass ein Unfall nicht die Schuld Ihres Fahrers war, konfrontiert sind, Ihr Telematiksystem liefert Ihnen alle notwendigen Beweise, um Ihr Personal zu sch\u00fctzen.<\/p>\n<p><a href=\"#form\" target=\"_blank\" rel=\"noopener\">Mehr erfahren<\/a><\/p>\n<\/div>            <\/div>\r\n            <div class=\"col2\">\r\n                <div class=\"responsivemedia\"><img loading=\"lazy\" decoding=\"async\" width=\"640\" height=\"640\" src=\"https:\/\/www.quartix.com\/content\/uploads\/2023\/10\/man-working-on-vehicle-tracking-laws-768x768.png\" class=\"\" alt=\"\" srcset=\"https:\/\/www.quartix.com\/content\/uploads\/2023\/10\/man-working-on-vehicle-tracking-laws-768x768.png 768w, https:\/\/www.quartix.com\/content\/uploads\/2023\/10\/man-working-on-vehicle-tracking-laws-300x300.png 300w, https:\/\/www.quartix.com\/content\/uploads\/2023\/10\/man-working-on-vehicle-tracking-laws-1000x1000.png 1000w, https:\/\/www.quartix.com\/content\/uploads\/2023\/10\/man-working-on-vehicle-tracking-laws-150x150.png 150w, https:\/\/www.quartix.com\/content\/uploads\/2023\/10\/man-working-on-vehicle-tracking-laws-1080x1080.png 1080w, https:\/\/www.quartix.com\/content\/uploads\/2023\/10\/man-working-on-vehicle-tracking-laws.png 1200w\" sizes=\"auto, (max-width: 640px) 100vw, 640px\" \/><\/div>            <\/div>\r\n                        <\/div>\r\n    <\/div>\r\n\r\n\r\n\n\n\r\n\r\n        <div  class=\"landingpageouter\" style=\"background-color:#ffffff ;\">\r\n        <div class=\"landingpagecolsblock twocols4060 swap-content\">\r\n            <div class=\"col1\">\r\n                <p class=\"pre-title\">NOTFALLHILFE<\/p>                <h2 class=\"\">Schnelle Hilfe an den genauen Standort Ihres Teammitglieds senden<\/h2>                <div class='wysiwyg'><p>Gelegentlich k\u00f6nnen sich Ihre Fahrer in Schwierigkeiten befinden. Dies kann ein erhebliches Problem darstellen, wenn Arbeiter alleine unterwegs sind und niemand in der N\u00e4he ist, um Alarm zu schlagen. Die M\u00f6glichkeit, ihren Standort im Notfall genau zu bestimmen, wird entscheidend und kann lebensrettend sein. Unsere Fallstudien von Kunden zeigen viele F\u00e4lle, in denen das Ortungssystem von unsch\u00e4tzbarem Wert war.<\/p>\n<p><a href=\"https:\/\/www.quartix.com\/de-de\/lernen\/fallstudien\/\" target=\"_blank\" rel=\"noopener\">Kundenberichte ansehen<\/a><\/p>\n<\/div>            <\/div>\r\n            <div class=\"col2\">\r\n                <div class=\"responsivemedia\"><img loading=\"lazy\" decoding=\"async\" width=\"640\" height=\"427\" src=\"https:\/\/www.quartix.com\/content\/uploads\/2023\/05\/utlilities-telecoms-electrician-768x512.jpg\" class=\"\" alt=\"\" srcset=\"https:\/\/www.quartix.com\/content\/uploads\/2023\/05\/utlilities-telecoms-electrician-768x512.jpg 768w, https:\/\/www.quartix.com\/content\/uploads\/2023\/05\/utlilities-telecoms-electrician-300x200.jpg 300w, https:\/\/www.quartix.com\/content\/uploads\/2023\/05\/utlilities-telecoms-electrician.jpg 800w\" sizes=\"auto, (max-width: 640px) 100vw, 640px\" \/><\/div>            <\/div>\r\n                        <\/div>\r\n    <\/div>\r\n\r\n\r\n\n\n\r\n\r\n        <div id=\"video\"  class=\"landingpageouter\" style=\"background-color:#ffffff ;\">\r\n        <div class=\"landingpagecolsblock twocols4060 \">\r\n            <div class=\"col1\">\r\n                <p class=\"pre-title\">SICHERES FAHREN<\/p>                <h2 class=\"\">Helfen Sie Ihren Fahrern, sicherere Fahrtechniken zu erlernen<\/h2>                <div class='wysiwyg'><p>Erfahren Sie, wie die Erkenntnisse aus den Fahrzeugortungsdaten in klare Schritte \u00fcbersetzt werden k\u00f6nnen, die Sie Ihren Fahrern empfehlen k\u00f6nnen, um sich selbst und andere Verkehrsteilnehmer zu sch\u00fctzen.<\/p>\n<p><a href=\"https:\/\/www.quartix.com\/de-de\/fahrzeugortung\/fahrstil\/\" target=\"_blank\" rel=\"noopener\">Mehr erfahren<\/a><\/p>\n<\/div>            <\/div>\r\n            <div class=\"col2\">\r\n                <div class=\"responsivemedia\"><img loading=\"lazy\" decoding=\"async\" width=\"456\" height=\"305\" src=\"https:\/\/www.quartix.com\/content\/uploads\/2024\/05\/Driver-in-vehicle-US.png\" class=\"\" alt=\"Driver in vehicle USA\" srcset=\"https:\/\/www.quartix.com\/content\/uploads\/2024\/05\/Driver-in-vehicle-US.png 456w, https:\/\/www.quartix.com\/content\/uploads\/2024\/05\/Driver-in-vehicle-US-300x201.png 300w\" sizes=\"auto, (max-width: 456px) 100vw, 456px\" \/><\/div>            <\/div>\r\n                        <\/div>\r\n    <\/div>\r\n\r\n\r\n\n\n\r\n\r\n        <div id=\"video\"  class=\"landingpageouter\" style=\"background-color:#ffffff ;\">\r\n        <div class=\"landingpagecolsblock twocols4060 swap-content\">\r\n            <div class=\"col1\">\r\n                <p class=\"pre-title\">UNTERST\u00dcTZUNG<\/p>                <h2 class=\"\">Arbeitsstunden validieren f\u00fcr eine faire Verg\u00fctung<\/h2>                <div class='wysiwyg'><p>Mit Telematik, die konkrete Informationen liefert, entdecken Sie, wie Sie Unstimmigkeiten bei den Arbeitsstunden, Zeitpl\u00e4nen oder Rechnungen vermeiden k\u00f6nnen, um sicherzustellen, dass Ihre Fahrer wissen, dass sie korrekt bezahlt werden.<\/p>\n<p><a href=\"#form\" target=\"_blank\" rel=\"noopener\">Mehr erfahren<\/a><\/p>\n<\/div>            <\/div>\r\n            <div class=\"col2\">\r\n                <div class=\"responsivemedia\"><img loading=\"lazy\" decoding=\"async\" width=\"640\" height=\"272\" src=\"https:\/\/www.quartix.com\/content\/uploads\/2023\/07\/UK-roads-vehicle-tracking-768x326.png\" class=\"\" alt=\"\" srcset=\"https:\/\/www.quartix.com\/content\/uploads\/2023\/07\/UK-roads-vehicle-tracking-768x326.png 768w, https:\/\/www.quartix.com\/content\/uploads\/2023\/07\/UK-roads-vehicle-tracking-300x127.png 300w, https:\/\/www.quartix.com\/content\/uploads\/2023\/07\/UK-roads-vehicle-tracking-1000x424.png 1000w, https:\/\/www.quartix.com\/content\/uploads\/2023\/07\/UK-roads-vehicle-tracking.png 1080w\" sizes=\"auto, (max-width: 640px) 100vw, 640px\" \/><\/div>            <\/div>\r\n                        <\/div>\r\n    <\/div>\r\n\r\n\r\n\n\n\n<div class=\"wp-block-columns is-layout-flex wp-container-core-columns-is-layout-28f84493 wp-block-columns-is-layout-flex\">\n<div class=\"wp-block-column is-layout-flow wp-block-column-is-layout-flow\" id=\"form\">\n<h2 class=\"wp-block-heading\" id=\"form\">Bereit, Ihre Flotte zu verbessern? Kontaktieren Sie uns!<\/h2>\n\n\n\n<p>Hinterlassen Sie unten Ihre Daten und unser Team wird sich mit Ihnen in Verbindung setzen, um ein personalisiertes Angebot zu besprechen, das Ihren spezifischen Flottenzielen entspricht.<\/p>\n\n\n\n<div class=\"wpcf7 no-js\" id=\"wpcf7-f70216-o1\" lang=\"de-DE\" dir=\"ltr\" data-wpcf7-id=\"70216\">\n<div class=\"screen-reader-response\"><p role=\"status\" aria-live=\"polite\" aria-atomic=\"true\"><\/p> <ul><\/ul><\/div>\n<form action=\"\/de-de\/wp-json\/wp\/v2\/pages\/107334#wpcf7-f70216-o1\" method=\"post\" class=\"wpcf7-form init\" aria-label=\"Contact form\" novalidate=\"novalidate\" data-status=\"init\">\n<fieldset class=\"hidden-fields-container\"><input type=\"hidden\" name=\"_wpcf7\" value=\"70216\" \/><input type=\"hidden\" name=\"_wpcf7_version\" value=\"6.1.5\" \/><input type=\"hidden\" name=\"_wpcf7_locale\" value=\"de_DE\" \/><input type=\"hidden\" name=\"_wpcf7_unit_tag\" value=\"wpcf7-f70216-o1\" \/><input type=\"hidden\" name=\"_wpcf7_container_post\" value=\"0\" \/><input type=\"hidden\" name=\"_wpcf7_posted_data_hash\" value=\"\" \/><input type=\"hidden\" name=\"_wpcf7cf_hidden_group_fields\" value=\"[]\" \/><input type=\"hidden\" name=\"_wpcf7cf_hidden_groups\" value=\"[]\" \/><input type=\"hidden\" name=\"_wpcf7cf_visible_groups\" value=\"[]\" \/><input type=\"hidden\" name=\"_wpcf7cf_repeaters\" value=\"[]\" \/><input type=\"hidden\" name=\"_wpcf7cf_steps\" value=\"{}\" \/><input type=\"hidden\" name=\"_wpcf7cf_options\" value=\"{&quot;form_id&quot;:70216,&quot;conditions&quot;:[],&quot;settings&quot;:{&quot;animation&quot;:&quot;yes&quot;,&quot;animation_intime&quot;:200,&quot;animation_outtime&quot;:200,&quot;conditions_ui&quot;:&quot;normal&quot;,&quot;notice_dismissed&quot;:false,&quot;notice_dismissed_update-cf7-6.0&quot;:true,&quot;notice_dismissed_update-cf7-6.0.1&quot;:true,&quot;notice_dismissed_update-cf7-6.0.2&quot;:true,&quot;notice_dismissed_rollback-cf7-6.0.5&quot;:true}}\" \/><input type=\"hidden\" name=\"_wpcf7_recaptcha_response\" value=\"\" \/>\n<\/fieldset>\n<div class=\"input-wrapper\"><span class=\"icon icon-face\"><\/span><span class=\"wpcf7-form-control-wrap\" data-name=\"first_name\"><input size=\"40\" maxlength=\"400\" class=\"wpcf7-form-control wpcf7-text wpcf7-validates-as-required\" aria-required=\"true\" aria-invalid=\"false\" placeholder=\"Vorname *\" value=\"\" type=\"text\" name=\"first_name\" \/><\/span><span class=\"wpcf7-form-control-wrap\" data-name=\"last_name\"><input size=\"40\" maxlength=\"400\" class=\"wpcf7-form-control wpcf7-text wpcf7-validates-as-required\" aria-required=\"true\" aria-invalid=\"false\" placeholder=\"Nachname *\" value=\"\" type=\"text\" name=\"last_name\" \/><\/span><\/div>\n<div class=\"input-wrapper\"><span class=\"icon icon-envelope\"><\/span><span class=\"wpcf7-form-control-wrap\" data-name=\"email\"><input size=\"40\" maxlength=\"400\" class=\"wpcf7-form-control wpcf7-email wpcf7-validates-as-required wpcf7-text wpcf7-validates-as-email\" aria-required=\"true\" aria-invalid=\"false\" placeholder=\"E-Mail *\" value=\"\" type=\"email\" name=\"email\" \/><\/span><\/div>\n<div class=\"input-wrapper\"><span class=\"icon icon-company\"><\/span><span class=\"wpcf7-form-control-wrap\" data-name=\"company\"><input size=\"40\" maxlength=\"400\" class=\"wpcf7-form-control wpcf7-text wpcf7-validates-as-required\" aria-required=\"true\" aria-invalid=\"false\" placeholder=\"Firmenname *\" value=\"\" type=\"text\" name=\"company\" \/><\/span><\/div>\n<div class=\"input-wrapper\"><span class=\"icon icon-telephone\"><\/span><span class=\"wpcf7-form-control-wrap\" data-name=\"phone\"><input size=\"40\" maxlength=\"400\" class=\"wpcf7-form-control wpcf7-tel wpcf7-validates-as-required wpcf7-text wpcf7-validates-as-tel\" aria-required=\"true\" aria-invalid=\"false\" placeholder=\"Telefon *\" value=\"\" type=\"tel\" name=\"phone\" \/><\/span><\/div>\n<div class=\"input-wrapper\"><span class=\"icon icon-vehicles\"><\/span><span class=\"wpcf7-form-control-wrap\" data-name=\"number_of_vehicles\"><input class=\"wpcf7-form-control wpcf7-number wpcf7-validates-as-required wpcf7-validates-as-number\" min=\"1\" aria-required=\"true\" aria-invalid=\"false\" placeholder=\"Anzahl der Fahrzeuge *\" value=\"\" type=\"number\" name=\"number_of_vehicles\" \/><\/span><\/div>\n<input type=\"hidden\" name=\"thankyouURL\" value=\"\/de-de\/angebotserfolg\/\" class=\"wpcf7-form-control wpcf7-hidden\" id=\"thankyouURL\">\n<input class=\"wpcf7-form-control wpcf7-hidden\" value=\"\" type=\"hidden\" name=\"pardot_extra_field\" \/>\n<input type=\"hidden\" name=\"page_title\" value=\"No post title\" class=\"wpcf7-form-control wpcf7-hidden\">\n<div class=\"recatpcha-text\">Diese Website ist durch reCAPTCHA gesch\u00fctzt und es gelten die <a href=\"https:\/\/policies.google.com\/privacy?hl=de\">Datenschutzbestimmungen<\/a> und <a href=\"https:\/\/policies.google.com\/terms?hl=de\">Nutzungsbedingungen<\/a> von Google.<\/div>\n<div class=\"input-wrapper\"><input class=\"wpcf7-form-control wpcf7-submit has-spinner icon-plane\" type=\"submit\" value=\"Angebot anfordern\" \/><\/div><div class=\"wpcf7-response-output\" aria-hidden=\"true\"><\/div>\n<\/form>\n<\/div>\n\n\n\n\n<p><\/p>\n<\/div>\n\n\n\n<div class=\"wp-block-column is-layout-flow wp-block-column-is-layout-flow\">\n<figure class=\"wp-block-image aligncenter size-full\"><img loading=\"lazy\" decoding=\"async\" width=\"2210\" height=\"1491\" src=\"https:\/\/www.quartix.com\/content\/uploads\/2024\/05\/DE-Quartix-screens-and-Driver-ID.png\" alt=\"DE Quartix screens and Driver ID\" class=\"wp-image-104274\" srcset=\"https:\/\/www.quartix.com\/content\/uploads\/2024\/05\/DE-Quartix-screens-and-Driver-ID.png 2210w, https:\/\/www.quartix.com\/content\/uploads\/2024\/05\/DE-Quartix-screens-and-Driver-ID-300x202.png 300w, https:\/\/www.quartix.com\/content\/uploads\/2024\/05\/DE-Quartix-screens-and-Driver-ID-1000x675.png 1000w, https:\/\/www.quartix.com\/content\/uploads\/2024\/05\/DE-Quartix-screens-and-Driver-ID-768x518.png 768w, https:\/\/www.quartix.com\/content\/uploads\/2024\/05\/DE-Quartix-screens-and-Driver-ID-1536x1036.png 1536w, https:\/\/www.quartix.com\/content\/uploads\/2024\/05\/DE-Quartix-screens-and-Driver-ID-2048x1382.png 2048w, https:\/\/www.quartix.com\/content\/uploads\/2024\/05\/DE-Quartix-screens-and-Driver-ID-1601x1080.png 1601w\" sizes=\"auto, (max-width: 2210px) 100vw, 2210px\" \/><\/figure>\n\n\n\n<figure class=\"wp-block-image aligncenter size-full is-resized\"><img loading=\"lazy\" decoding=\"async\" width=\"496\" height=\"370\" src=\" https:\/\/www.quartix.com\/content\/uploads\/2023\/12\/trustpilot-1.png\" alt=\"\" class=\"wp-image-95991\" style=\"width:200px\"\/><\/figure>\n<\/div>\n<\/div>\n\n\n\r\n<div   class=\"hero-block smallhero\">\r\n    <img loading=\"lazy\" decoding=\"async\" width=\"1920\" height=\"684\" src=\"https:\/\/www.quartix.com\/content\/uploads\/2023\/09\/Van-fleet.png\" class=\"\" alt=\"\" srcset=\"https:\/\/www.quartix.com\/content\/uploads\/2023\/09\/Van-fleet.png 1920w, https:\/\/www.quartix.com\/content\/uploads\/2023\/09\/Van-fleet-300x107.png 300w, https:\/\/www.quartix.com\/content\/uploads\/2023\/09\/Van-fleet-1000x356.png 1000w, https:\/\/www.quartix.com\/content\/uploads\/2023\/09\/Van-fleet-768x274.png 768w, https:\/\/www.quartix.com\/content\/uploads\/2023\/09\/Van-fleet-1536x547.png 1536w\" sizes=\"auto, (max-width: 1920px) 100vw, 1920px\" \/>                <div class=\"hero-overlay\"><\/div>\r\n            \r\n\r\n\r\n    <div class=\"hero-content \">\r\n        <div class=\"inner\">\r\n                            <p class=\"title stylelikeh3\">M\u00f6chten Sie lieber sprechen? Rufen Sie uns heute an unter 0800 1830516<\/p>                                                        <div class=\"buttons\">\r\n                    <a href=\"tel:+4908001830516\" class=\"btn btn-green btn-inline\"  title=\"Rufen Sie uns jetzt an\">Rufen Sie uns jetzt an<\/a>\r\n                <\/div>\r\n                    <\/div>\r\n    <\/div>\r\n<\/div>","protected":false},"excerpt":{"rendered":"<p>Bereit, Ihre Flotte zu verbessern? Kontaktieren Sie uns! Hinterlassen Sie unten Ihre Daten und unser Team wird sich mit Ihnen in Verbindung setzen, um ein personalisiertes Angebot zu besprechen, das Ihren spezifischen Flottenzielen entspricht.<\/p>\n","protected":false},"author":12,"featured_media":102901,"parent":0,"menu_order":0,"comment_status":"closed","ping_status":"closed","template":"templates\/landing-pagebuilder.php","meta":{"_acf_changed":false,"inline_featured_image":false,"footnotes":""},"topic":[],"qtx_campaign":[],"class_list":["post-107334","page","type-page","status-publish","has-post-thumbnail","hentry"],"acf":[],"yoast_head":"<!-- This site is optimized with the Yoast SEO Premium plugin v27.3 (Yoast SEO v27.3) - https:\/\/yoast.com\/product\/yoast-seo-premium-wordpress\/ -->\n<title>Telematik-Vorteile f\u00fcr Fahrer: Skeptiker in Gl\u00e4ubige verwandeln - DE<\/title>\n<meta name=\"description\" content=\"Verstehen Sie, wie ein Fahrzeugortungssystem nicht nur f\u00fcr Ihr Unternehmen, sondern auch f\u00fcr Ihre Fahrer ein wertvolles Werkzeug sein kann.\" \/>\n<meta name=\"robots\" content=\"index, follow, max-snippet:-1, max-image-preview:large, max-video-preview:-1\" \/>\n<link rel=\"canonical\" href=\"https:\/\/www.quartix.com\/de-de\/vorteile-fahrer\/\" \/>\n<meta property=\"og:locale\" content=\"de_DE\" \/>\n<meta property=\"og:type\" content=\"article\" \/>\n<meta property=\"og:title\" content=\"Telematik-Vorteile f\u00fcr Fahrer: Skeptiker in Gl\u00e4ubige verwandeln\" \/>\n<meta property=\"og:description\" content=\"Verstehen Sie, wie ein Fahrzeugortungssystem nicht nur f\u00fcr Ihr Unternehmen, sondern auch f\u00fcr Ihre Fahrer ein wertvolles Werkzeug sein kann.\" \/>\n<meta property=\"og:url\" content=\"https:\/\/www.quartix.com\/de-de\/vorteile-fahrer\/\" \/>\n<meta property=\"og:site_name\" content=\"Quartix\" \/>\n<meta property=\"article:publisher\" content=\"https:\/\/www.facebook.com\/Quartix-USA-374426386097401\/\" \/>\n<meta property=\"article:modified_time\" content=\"2025-10-06T15:15:44+00:00\" \/>\n<meta property=\"og:image\" content=\"https:\/\/www.quartix.com\/content\/uploads\/2024\/05\/Driver-in-vehicle-US.png\" \/>\n\t<meta property=\"og:image:width\" content=\"456\" \/>\n\t<meta property=\"og:image:height\" content=\"305\" \/>\n\t<meta property=\"og:image:type\" content=\"image\/png\" \/>\n<meta name=\"twitter:card\" content=\"summary_large_image\" \/>\n<meta name=\"twitter:site\" content=\"@QuartixUSA\" \/>\n<meta name=\"twitter:label1\" content=\"Est. reading time\" \/>\n\t<meta name=\"twitter:data1\" content=\"4 minutes\" \/>\n<!-- \/ Yoast SEO Premium plugin. -->","yoast_head_json":{"title":"Telematik-Vorteile f\u00fcr Fahrer: Skeptiker in Gl\u00e4ubige verwandeln - DE","description":"Verstehen Sie, wie ein Fahrzeugortungssystem nicht nur f\u00fcr Ihr Unternehmen, sondern auch f\u00fcr Ihre Fahrer ein wertvolles Werkzeug sein kann.","robots":{"index":"index","follow":"follow","max-snippet":"max-snippet:-1","max-image-preview":"max-image-preview:large","max-video-preview":"max-video-preview:-1"},"canonical":"https:\/\/www.quartix.com\/de-de\/vorteile-fahrer\/","og_locale":"de_DE","og_type":"article","og_title":"Telematik-Vorteile f\u00fcr Fahrer: Skeptiker in Gl\u00e4ubige verwandeln","og_description":"Verstehen Sie, wie ein Fahrzeugortungssystem nicht nur f\u00fcr Ihr Unternehmen, sondern auch f\u00fcr Ihre Fahrer ein wertvolles Werkzeug sein kann.","og_url":"https:\/\/www.quartix.com\/de-de\/vorteile-fahrer\/","og_site_name":"Quartix","article_publisher":"https:\/\/www.facebook.com\/Quartix-USA-374426386097401\/","article_modified_time":"2025-10-06T15:15:44+00:00","og_image":[{"width":456,"height":305,"url":"https:\/\/www.quartix.com\/content\/uploads\/2024\/05\/Driver-in-vehicle-US.png","type":"image\/png"}],"twitter_card":"summary_large_image","twitter_site":"@QuartixUSA","twitter_misc":{"Est. reading time":"4 minutes"},"schema":{"@context":"https:\/\/schema.org","@graph":[{"@type":"WebPage","@id":"https:\/\/www.quartix.com\/de-de\/vorteile-fahrer\/","url":"https:\/\/www.quartix.com\/de-de\/vorteile-fahrer\/","name":"Telematik-Vorteile f\u00fcr Fahrer: Skeptiker in Gl\u00e4ubige verwandeln","isPartOf":{"@id":"https:\/\/www.quartix.com\/de-de\/#website"},"primaryImageOfPage":{"@id":"https:\/\/www.quartix.com\/de-de\/vorteile-fahrer\/#primaryimage"},"image":{"@id":"https:\/\/www.quartix.com\/de-de\/vorteile-fahrer\/#primaryimage"},"thumbnailUrl":"https:\/\/www.quartix.com\/content\/uploads\/2024\/05\/Driver-in-vehicle-US.png","datePublished":"2024-07-03T16:02:49+00:00","dateModified":"2025-10-06T15:15:44+00:00","description":"Verstehen Sie, wie ein Fahrzeugortungssystem nicht nur f\u00fcr Ihr Unternehmen, sondern auch f\u00fcr Ihre Fahrer ein wertvolles Werkzeug sein kann.","breadcrumb":{"@id":"https:\/\/www.quartix.com\/de-de\/vorteile-fahrer\/#breadcrumb"},"inLanguage":"de-DE","potentialAction":[{"@type":"ReadAction","target":["https:\/\/www.quartix.com\/de-de\/vorteile-fahrer\/"]}]},{"@type":"ImageObject","inLanguage":"de-DE","@id":"https:\/\/www.quartix.com\/de-de\/vorteile-fahrer\/#primaryimage","url":"https:\/\/www.quartix.com\/content\/uploads\/2024\/05\/Driver-in-vehicle-US.png","contentUrl":"https:\/\/www.quartix.com\/content\/uploads\/2024\/05\/Driver-in-vehicle-US.png","width":456,"height":305,"caption":"Driver in vehicle USA"},{"@type":"BreadcrumbList","@id":"https:\/\/www.quartix.com\/de-de\/vorteile-fahrer\/#breadcrumb","itemListElement":[{"@type":"ListItem","position":1,"name":"Startseite","item":"https:\/\/www.quartix.com\/de-de\/"},{"@type":"ListItem","position":2,"name":"Telematik-Vorteile f\u00fcr Fahrer: Skeptiker in Gl\u00e4ubige verwandeln"}]},{"@type":"WebSite","@id":"https:\/\/www.quartix.com\/de-de\/#website","url":"https:\/\/www.quartix.com\/de-de\/","name":"Quartix","description":"Real-time vehicle tracking","publisher":{"@id":"https:\/\/www.quartix.com\/de-de\/#organization"},"potentialAction":[{"@type":"SearchAction","target":{"@type":"EntryPoint","urlTemplate":"https:\/\/www.quartix.com\/de-de\/?s={search_term_string}"},"query-input":{"@type":"PropertyValueSpecification","valueRequired":true,"valueName":"search_term_string"}}],"inLanguage":"de-DE"},{"@type":"Organization","@id":"https:\/\/www.quartix.com\/de-de\/#organization","name":"Quartix","url":"https:\/\/www.quartix.com\/de-de\/","logo":{"@type":"ImageObject","inLanguage":"de-DE","@id":"https:\/\/www.quartix.com\/de-de\/#\/schema\/logo\/image\/","url":"https:\/\/www.quartix.com\/content\/uploads\/2019\/02\/quartix-logo-eur.svg","contentUrl":"https:\/\/www.quartix.com\/content\/uploads\/2019\/02\/quartix-logo-eur.svg","width":1,"height":1,"caption":"Quartix"},"image":{"@id":"https:\/\/www.quartix.com\/de-de\/#\/schema\/logo\/image\/"},"sameAs":["https:\/\/www.facebook.com\/Quartix-USA-374426386097401\/","https:\/\/x.com\/QuartixUSA","https:\/\/www.linkedin.com\/company\/5346733\/","https:\/\/www.youtube.com\/channel\/UCzS-_GMfHF4kWiCheyIRrAQ"]}]}},"_links":{"self":[{"href":"https:\/\/www.quartix.com\/de-de\/wp-json\/wp\/v2\/pages\/107334","targetHints":{"allow":["GET"]}}],"collection":[{"href":"https:\/\/www.quartix.com\/de-de\/wp-json\/wp\/v2\/pages"}],"about":[{"href":"https:\/\/www.quartix.com\/de-de\/wp-json\/wp\/v2\/types\/page"}],"author":[{"embeddable":true,"href":"https:\/\/www.quartix.com\/de-de\/wp-json\/wp\/v2\/users\/12"}],"replies":[{"embeddable":true,"href":"https:\/\/www.quartix.com\/de-de\/wp-json\/wp\/v2\/comments?post=107334"}],"version-history":[{"count":1,"href":"https:\/\/www.quartix.com\/de-de\/wp-json\/wp\/v2\/pages\/107334\/revisions"}],"predecessor-version":[{"id":125265,"href":"https:\/\/www.quartix.com\/de-de\/wp-json\/wp\/v2\/pages\/107334\/revisions\/125265"}],"wp:featuredmedia":[{"embeddable":true,"href":"https:\/\/www.quartix.com\/de-de\/wp-json\/wp\/v2\/media\/102901"}],"wp:attachment":[{"href":"https:\/\/www.quartix.com\/de-de\/wp-json\/wp\/v2\/media?parent=107334"}],"wp:term":[{"taxonomy":"topic","embeddable":true,"href":"https:\/\/www.quartix.com\/de-de\/wp-json\/wp\/v2\/topic?post=107334"},{"taxonomy":"qtx_campaign","embeddable":true,"href":"https:\/\/www.quartix.com\/de-de\/wp-json\/wp\/v2\/qtx_campaign?post=107334"}],"curies":[{"name":"wp","href":"https:\/\/api.w.org\/{rel}","templated":true}]}}