{"id":107725,"date":"2024-07-10T17:11:25","date_gmt":"2024-07-10T16:11:25","guid":{"rendered":"https:\/\/www.quartix.com\/?page_id=107725"},"modified":"2026-03-30T16:19:31","modified_gmt":"2026-03-30T15:19:31","slug":"dsgvo-leitfaden-fuer-fuhrparkmanager","status":"publish","type":"page","link":"https:\/\/www.quartix.com\/de-de\/lernen\/dsgvo-leitfaden-fuer-fuhrparkmanager\/","title":{"rendered":"DSGVO-Leitfaden f\u00fcr Fuhrparkmanager"},"content":{"rendered":"\r\n<div   class=\"hero-block bighero\">\r\n    <img loading=\"lazy\" decoding=\"async\" width=\"1254\" height=\"464\" src=\"https:\/\/www.quartix.com\/content\/uploads\/2023\/09\/Van-driver-header.png\" class=\"\" alt=\"\" srcset=\"https:\/\/www.quartix.com\/content\/uploads\/2023\/09\/Van-driver-header.png 1254w, https:\/\/www.quartix.com\/content\/uploads\/2023\/09\/Van-driver-header-300x111.png 300w, https:\/\/www.quartix.com\/content\/uploads\/2023\/09\/Van-driver-header-1000x370.png 1000w, https:\/\/www.quartix.com\/content\/uploads\/2023\/09\/Van-driver-header-768x284.png 768w\" sizes=\"auto, (max-width: 1254px) 100vw, 1254px\" \/>                <div class=\"hero-overlay\"><\/div>\r\n            \r\n\r\n\r\n    <div class=\"hero-content \">\r\n        <div class=\"inner limited-width\">\r\n                                                <h1 class=\"title\">DSGVO-Konformit\u00e4t<\/h1>\r\n                                <p class=\"text\">Da Telematiksysteme personenbezogene Daten sammeln und speichern, m\u00fcssen die Datenschutzrichtlinien der DSGVO angewendet werden. Erfahren Sie mehr \u00fcber die Prozesse, die befolgt werden m\u00fcssen, wenn potenziell sensible Daten verarbeiten werden.<\/p>                                        <div class=\"buttons\">\r\n                    <a href=\"https:\/\/go.marketing.quartix.com\/DSGVO_Leitfaden\" class=\"btn btn-green btn-inline\" target=\"_blank\" title=\"Laden Sie die Brosch\u00fcre herunter\">Laden Sie die Brosch\u00fcre herunter<\/a>\r\n                <\/div>\r\n                    <\/div>\r\n    <\/div>\r\n<\/div>\n\n\r\n<div   class=\"hero-block smallhero landing-cta\">\r\n            <div class=\"hero-overlay greybg\"><\/div>\r\n        <div class=\"hero-content greybg noimage\">\r\n        <div class=\"inner\">\r\n            <h2 class=\"title\">Sichern Sie die Informationen Ihrer Mitarbeiter<\/h2>            <div class=\"author\"><p>Vermeiden Sie harte Strafen f\u00fcr Datenschutzverletzungen, indem Sie verstehen, welche Verantwortlichkeiten Sie haben, wenn Sie ein Fahrzeugortungssystem verwenden. Wir werden alle Fragen f\u00fcr Sie kl\u00e4ren, die Sie stellen m\u00fcssen, wie zum Beispiel:<\/p>\n<\/div>            <div class='landingctalist centrelist'><ul class='ticks fa-ul' style=''><li><span class='fa-li'><i class='fas fa-check-circle'><\/i><\/span>Sammeln Sie Daten aus legitimen Gr\u00fcnden?<\/li><li><span class='fa-li'><i class='fas fa-check-circle'><\/i><\/span>Wie werden die Daten gespeichert und gesch\u00fctzt?<\/li><li><span class='fa-li'><i class='fas fa-check-circle'><\/i><\/span>Wie lange werden sensible Daten aufbewahrt?<\/li><li><span class='fa-li'><i class='fas fa-check-circle'><\/i><\/span>K\u00f6nnen Sie Ihre DSGVO-Konformit\u00e4t nachweisen?<\/li><\/ul><\/div>            \r\n                            <div class=\"buttons\">\r\n                    <a href=\"https:\/\/go.marketing.quartix.com\/DSGVO_Leitfaden\" class=\"btn btn-green\" target=\"_blank\" title=\"Laden Sie die Brosch\u00fcre herunter\">Laden Sie die Brosch\u00fcre herunter<\/a>\r\n                <\/div>\r\n                    <\/div>\r\n    <\/div>\r\n<\/div>\n\n\r\n\r\n        <div  class=\"landingpageouter\" style=\"background-color:#ffffff ;\">\r\n        <div class=\"landingpagecolsblock twocols4060 \">\r\n            <div class=\"col1\">\r\n                <p class=\"pre-title\">Begr\u00fcndung<\/p>                                <div class='wysiwyg'><p>Rechtfertigen Sie Ihre Gr\u00fcnde f\u00fcr die Datensammlung, indem Sie das berechtigte Interesse Ihres Unternehmens festlegen oder die Zustimmung Ihrer Fahrer einholen.<\/p>\n<\/div>            <\/div>\r\n            <div class=\"col2\">\r\n                <div class=\"responsivemedia\"><img loading=\"lazy\" decoding=\"async\" width=\"640\" height=\"427\" src=\"https:\/\/www.quartix.com\/content\/uploads\/2021\/08\/driver-performance-review-768x512.jpg\" class=\"\" alt=\"fleet manager and driver reviewing driving performance \" srcset=\"https:\/\/www.quartix.com\/content\/uploads\/2021\/08\/driver-performance-review-768x512.jpg 768w, https:\/\/www.quartix.com\/content\/uploads\/2021\/08\/driver-performance-review-300x200.jpg 300w, https:\/\/www.quartix.com\/content\/uploads\/2021\/08\/driver-performance-review-1000x667.jpg 1000w, https:\/\/www.quartix.com\/content\/uploads\/2021\/08\/driver-performance-review.jpg 1152w\" sizes=\"auto, (max-width: 640px) 100vw, 640px\" \/><\/div>            <\/div>\r\n                        <\/div>\r\n    <\/div>\r\n\r\n\r\n\n\n\r\n\r\n        <div  class=\"landingpageouter\" style=\"background-color:#f8f8f8 ;\">\r\n        <div class=\"landingpagecolsblock twocols4060 swap-content\">\r\n            <div class=\"col1\">\r\n                <p class=\"pre-title\">Sicherheit<\/p>                                <div class='wysiwyg'><p>Kennen Sie Ihre Verantwortlichkeiten, wenn es darum geht, Daten zu sch\u00fctzen und Datenverst\u00f6\u00dfe rechtzeitig zu melden.<\/p>\n<\/div>            <\/div>\r\n            <div class=\"col2\">\r\n                <div class=\"responsivemedia\"><img loading=\"lazy\" decoding=\"async\" width=\"461\" height=\"427\" src=\"https:\/\/www.quartix.com\/content\/uploads\/2023\/11\/gdpr-cropped.png\" class=\"\" alt=\"\" srcset=\"https:\/\/www.quartix.com\/content\/uploads\/2023\/11\/gdpr-cropped.png 461w, https:\/\/www.quartix.com\/content\/uploads\/2023\/11\/gdpr-cropped-300x278.png 300w\" sizes=\"auto, (max-width: 461px) 100vw, 461px\" \/><\/div>            <\/div>\r\n                        <\/div>\r\n    <\/div>\r\n\r\n\r\n\n\n\r\n\r\n        <div  class=\"landingpageouter\" style=\"background-color:#efefef ;\">\r\n        <div class=\"landingpagecolsblock twocols4060 \">\r\n            <div class=\"col1\">\r\n                <p class=\"pre-title\">Transparenz<\/p>                                <div class='wysiwyg'><p>Verstehen Sie die Rechte Ihrer Mitarbeiter auf Zugang zu den Daten, die Sie \u00fcber sie speichern, auf Anfrage zur L\u00f6schung dieser Daten und auf Korrektur etwaiger Fehler.<\/p>\n<\/div>            <\/div>\r\n            <div class=\"col2\">\r\n                <div class=\"responsivemedia\"><img loading=\"lazy\" decoding=\"async\" width=\"640\" height=\"365\" src=\"https:\/\/www.quartix.com\/content\/uploads\/2020\/11\/quartix_DE_screens_apps_image_MAR20-768x438.png\" class=\"\" alt=\"\" srcset=\"https:\/\/www.quartix.com\/content\/uploads\/2020\/11\/quartix_DE_screens_apps_image_MAR20-768x438.png 768w, https:\/\/www.quartix.com\/content\/uploads\/2020\/11\/quartix_DE_screens_apps_image_MAR20-300x171.png 300w, https:\/\/www.quartix.com\/content\/uploads\/2020\/11\/quartix_DE_screens_apps_image_MAR20.png 800w\" sizes=\"auto, (max-width: 640px) 100vw, 640px\" \/><\/div>            <\/div>\r\n                        <\/div>\r\n    <\/div>\r\n\r\n\r\n\n\n\r\n<div   class=\"hero-block smallhero landing-cta\">\r\n    <img loading=\"lazy\" decoding=\"async\" width=\"938\" height=\"448\" src=\"https:\/\/www.quartix.com\/content\/uploads\/2023\/11\/gdpr-2-1.png\" class=\"\" alt=\"\" srcset=\"https:\/\/www.quartix.com\/content\/uploads\/2023\/11\/gdpr-2-1.png 938w, https:\/\/www.quartix.com\/content\/uploads\/2023\/11\/gdpr-2-1-300x143.png 300w, https:\/\/www.quartix.com\/content\/uploads\/2023\/11\/gdpr-2-1-768x367.png 768w\" sizes=\"auto, (max-width: 938px) 100vw, 938px\" \/>        <div class=\"hero-overlay\"><\/div>\r\n        <div class=\"hero-content \">\r\n        <div class=\"inner\">\r\n            <h2 class=\"title\">Entdecken Sie, wie Quartix die DSGVO-Vorschriften einh\u00e4lt.<\/h2>            <div class=\"author\"><p>Als Unternehmen ist Quartix bestrebt, Ihnen bei der Erf\u00fcllung Ihrer DSGVO-Anforderungen zu helfen, indem wir:<\/p>\n<\/div>            <div class='landingctalist centrelist'><ul class='arrows fa-ul' style=''><li><span class='fa-li'><i class='fa fa-arrow-right'><\/i><\/span>Zugriff auf personenbezogene Daten mit anpassbaren Berechtigungen f\u00fcr Sie und Ihre Fahrer<\/li><li><span class='fa-li'><i class='fa fa-arrow-right'><\/i><\/span>\u00c4nderungen an Fahrzeug- und Fahrerdaten aufzuzeichnen, um eine Audit-Spur zu erstellen<\/li><li><span class='fa-li'><i class='fa fa-arrow-right'><\/i><\/span>Schutz Ihrer Daten auf unseren Systemen gem\u00e4\u00df Datenschutzgesetz (DSGVO)<\/li><\/ul><\/div>            \r\n                            <div class=\"buttons\">\r\n                    <a href=\"https:\/\/go.marketing.quartix.com\/DSGVO_Leitfaden\" class=\"btn btn-green\" target=\"_blank\" title=\"Laden Sie die Brosch\u00fcre herunter\">Laden Sie die Brosch\u00fcre herunter<\/a>\r\n                <\/div>\r\n                    <\/div>\r\n    <\/div>\r\n<\/div>\n\n\r\n<section class=\"qtx-pagebuilder-section qtx-pagebuilder-section-bannercontent  notopmargin \"\r\nstyle=\"background-color:#13AB5B; color: #FFFFFF;\">\r\n    <div class=\"bannercontentinner\">\r\n        <p style=\"text-align: center\">\u201eWir betrachten die Fahrzeugortung als Branchenstandard. Als hoch angesehenes Unternehmen wird von uns erwartet, dass wir uns an Branchenstandards und bew\u00e4hrte Verfahren halten. Quartix hilft uns dabei, diesem Anspruch gerecht zu werden.\u201d<\/p>\n<p style=\"text-align: center\">\u2013 Chris Lane, Universit\u00e4t Birmingham<\/p>\n    <\/div>\r\n<\/section>\n\n\n<div class=\"wp-block-columns is-layout-flex wp-container-core-columns-is-layout-28f84493 wp-block-columns-is-layout-flex\">\n<div class=\"wp-block-column is-layout-flow wp-block-column-is-layout-flow\">\n<h2 class=\"wp-block-heading\" id=\"h-ihr-leitfaden-zur-dsgvo-konformitat\">Ihr Leitfaden zur DSGVO-Konformit\u00e4t<\/h2>\n\n\n\n<p>Erhalten Sie ein besseres Verst\u00e4ndnis daf\u00fcr, wie Fahrzeugverfolgungsdaten unter das Datenschutzgesetz fallen, um sicherzustellen, dass Ihr Unternehmen entsprechend handelt.<\/p>\n\n\n    <div class=\"button-container \">\r\n<a href=\"https:\/\/go.marketing.quartix.com\/DSGVO_Leitfaden\" class=\"btn pagebuilder-btn btn-green btn-\" title=\"Laden Sie die Brosch\u00fcre herunter\" target=\"_blank\">Laden Sie die Brosch\u00fcre herunter<\/a>\r\n<\/div>\r\n<\/div>\n\n\n\n<div class=\"wp-block-column is-layout-flow wp-block-column-is-layout-flow\">\n<figure class=\"wp-block-image aligncenter size-full is-resized\"><img loading=\"lazy\" decoding=\"async\" width=\"545\" height=\"650\" src=\"https:\/\/www.quartix.com\/content\/uploads\/2024\/07\/DE-gdpr-guide-cover.png\" alt=\"\" class=\"wp-image-107841\" style=\"width:355px;height:423px\" srcset=\"https:\/\/www.quartix.com\/content\/uploads\/2024\/07\/DE-gdpr-guide-cover.png 545w, https:\/\/www.quartix.com\/content\/uploads\/2024\/07\/DE-gdpr-guide-cover-252x300.png 252w\" sizes=\"auto, (max-width: 545px) 100vw, 545px\" \/><\/figure>\n<\/div>\n<\/div>\n","protected":false},"excerpt":{"rendered":"<p>Die Allgemeine Datenschutzverordnung (&#8220;DSGVO&#8221;) ist im Mai 2018 in Kraft getreten und regelt den Schutz der Daten von Privatpersonen. Wir erkl\u00e4ren, was das f\u00fcr Ihre Daten zur Fahrzeugortung bedeutet. <\/p>\n","protected":false},"author":27,"featured_media":17887,"parent":23117,"menu_order":70,"comment_status":"closed","ping_status":"closed","template":"templates\/landing-pagebuilder.php","meta":{"_acf_changed":false,"inline_featured_image":false,"footnotes":""},"topic":[1878],"qtx_campaign":[],"class_list":["post-107725","page","type-page","status-publish","has-post-thumbnail","hentry","topic-risikomanagement"],"acf":[],"yoast_head":"<!-- This site is optimized with the Yoast SEO Premium plugin v27.3 (Yoast SEO v27.3) - https:\/\/yoast.com\/product\/yoast-seo-premium-wordpress\/ -->\n<title>Sorgen Sie f\u00fcr DSGVO-Konformit\u00e4t beim Tracken Ihrer Flotte - DE<\/title>\n<meta name=\"description\" content=\"Sichern Sie sich die DSGVO-Konformit\u00e4t beim Tracken Ihrer Flotte. Erfahren Sie, wie Quartix Sie unterst\u00fctzt. Laden Sie die Brosch\u00fcre jetzt herunter!\" \/>\n<meta name=\"robots\" content=\"index, follow, max-snippet:-1, max-image-preview:large, max-video-preview:-1\" \/>\n<link rel=\"canonical\" href=\"https:\/\/www.quartix.com\/de-de\/lernen\/dsgvo-leitfaden-fuer-fuhrparkmanager\/\" \/>\n<meta property=\"og:locale\" content=\"de_DE\" \/>\n<meta property=\"og:type\" content=\"article\" \/>\n<meta property=\"og:title\" content=\"DSGVO-Leitfaden f\u00fcr Fuhrparkmanager\" \/>\n<meta property=\"og:description\" content=\"Sichern Sie sich die DSGVO-Konformit\u00e4t beim Tracken Ihrer Flotte. Erfahren Sie, wie Quartix Sie unterst\u00fctzt. Laden Sie die Brosch\u00fcre jetzt herunter!\" \/>\n<meta property=\"og:url\" content=\"https:\/\/www.quartix.com\/de-de\/lernen\/dsgvo-leitfaden-fuer-fuhrparkmanager\/\" \/>\n<meta property=\"og:site_name\" content=\"Quartix\" \/>\n<meta property=\"article:publisher\" content=\"https:\/\/www.facebook.com\/Quartix-USA-374426386097401\/\" \/>\n<meta property=\"article:modified_time\" content=\"2026-03-30T15:19:31+00:00\" \/>\n<meta property=\"og:image\" content=\"https:\/\/www.quartix.com\/content\/uploads\/2019\/02\/Key-Principles-for-GDPR.png\" \/>\n\t<meta property=\"og:image:width\" content=\"300\" \/>\n\t<meta property=\"og:image:height\" content=\"300\" \/>\n\t<meta property=\"og:image:type\" content=\"image\/png\" \/>\n<meta name=\"twitter:card\" content=\"summary_large_image\" \/>\n<meta name=\"twitter:site\" content=\"@QuartixUSA\" \/>\n<meta name=\"twitter:label1\" content=\"Est. reading time\" \/>\n\t<meta name=\"twitter:data1\" content=\"2 minutes\" \/>\n<!-- \/ Yoast SEO Premium plugin. -->","yoast_head_json":{"title":"Sorgen Sie f\u00fcr DSGVO-Konformit\u00e4t beim Tracken Ihrer Flotte - DE","description":"Sichern Sie sich die DSGVO-Konformit\u00e4t beim Tracken Ihrer Flotte. Erfahren Sie, wie Quartix Sie unterst\u00fctzt. Laden Sie die Brosch\u00fcre jetzt herunter!","robots":{"index":"index","follow":"follow","max-snippet":"max-snippet:-1","max-image-preview":"max-image-preview:large","max-video-preview":"max-video-preview:-1"},"canonical":"https:\/\/www.quartix.com\/de-de\/lernen\/dsgvo-leitfaden-fuer-fuhrparkmanager\/","og_locale":"de_DE","og_type":"article","og_title":"DSGVO-Leitfaden f\u00fcr Fuhrparkmanager","og_description":"Sichern Sie sich die DSGVO-Konformit\u00e4t beim Tracken Ihrer Flotte. Erfahren Sie, wie Quartix Sie unterst\u00fctzt. Laden Sie die Brosch\u00fcre jetzt herunter!","og_url":"https:\/\/www.quartix.com\/de-de\/lernen\/dsgvo-leitfaden-fuer-fuhrparkmanager\/","og_site_name":"Quartix","article_publisher":"https:\/\/www.facebook.com\/Quartix-USA-374426386097401\/","article_modified_time":"2026-03-30T15:19:31+00:00","og_image":[{"width":300,"height":300,"url":"https:\/\/www.quartix.com\/content\/uploads\/2019\/02\/Key-Principles-for-GDPR.png","type":"image\/png"}],"twitter_card":"summary_large_image","twitter_site":"@QuartixUSA","twitter_misc":{"Est. reading time":"2 minutes"},"schema":{"@context":"https:\/\/schema.org","@graph":[{"@type":"WebPage","@id":"https:\/\/www.quartix.com\/de-de\/lernen\/dsgvo-leitfaden-fuer-fuhrparkmanager\/","url":"https:\/\/www.quartix.com\/de-de\/lernen\/dsgvo-leitfaden-fuer-fuhrparkmanager\/","name":"Sorgen Sie f\u00fcr DSGVO-Konformit\u00e4t beim Tracken Ihrer Flotte","isPartOf":{"@id":"https:\/\/www.quartix.com\/de-de\/#website"},"primaryImageOfPage":{"@id":"https:\/\/www.quartix.com\/de-de\/lernen\/dsgvo-leitfaden-fuer-fuhrparkmanager\/#primaryimage"},"image":{"@id":"https:\/\/www.quartix.com\/de-de\/lernen\/dsgvo-leitfaden-fuer-fuhrparkmanager\/#primaryimage"},"thumbnailUrl":"https:\/\/www.quartix.com\/content\/uploads\/2019\/02\/Key-Principles-for-GDPR.png","datePublished":"2024-07-10T16:11:25+00:00","dateModified":"2026-03-30T15:19:31+00:00","description":"Sichern Sie sich die DSGVO-Konformit\u00e4t beim Tracken Ihrer Flotte. Erfahren Sie, wie Quartix Sie unterst\u00fctzt. Laden Sie die Brosch\u00fcre jetzt herunter!","breadcrumb":{"@id":"https:\/\/www.quartix.com\/de-de\/lernen\/dsgvo-leitfaden-fuer-fuhrparkmanager\/#breadcrumb"},"inLanguage":"de-DE","potentialAction":[{"@type":"ReadAction","target":["https:\/\/www.quartix.com\/de-de\/lernen\/dsgvo-leitfaden-fuer-fuhrparkmanager\/"]}]},{"@type":"ImageObject","inLanguage":"de-DE","@id":"https:\/\/www.quartix.com\/de-de\/lernen\/dsgvo-leitfaden-fuer-fuhrparkmanager\/#primaryimage","url":"https:\/\/www.quartix.com\/content\/uploads\/2019\/02\/Key-Principles-for-GDPR.png","contentUrl":"https:\/\/www.quartix.com\/content\/uploads\/2019\/02\/Key-Principles-for-GDPR.png","width":300,"height":300},{"@type":"BreadcrumbList","@id":"https:\/\/www.quartix.com\/de-de\/lernen\/dsgvo-leitfaden-fuer-fuhrparkmanager\/#breadcrumb","itemListElement":[{"@type":"ListItem","position":1,"name":"Startseite","item":"https:\/\/www.quartix.com\/de-de\/"},{"@type":"ListItem","position":2,"name":"Lernen","item":"https:\/\/www.quartix.com\/de-de\/lernen\/"},{"@type":"ListItem","position":3,"name":"DSGVO-Leitfaden f\u00fcr Fuhrparkmanager"}]},{"@type":"WebSite","@id":"https:\/\/www.quartix.com\/de-de\/#website","url":"https:\/\/www.quartix.com\/de-de\/","name":"Quartix","description":"Real-time vehicle tracking","publisher":{"@id":"https:\/\/www.quartix.com\/de-de\/#organization"},"potentialAction":[{"@type":"SearchAction","target":{"@type":"EntryPoint","urlTemplate":"https:\/\/www.quartix.com\/de-de\/?s={search_term_string}"},"query-input":{"@type":"PropertyValueSpecification","valueRequired":true,"valueName":"search_term_string"}}],"inLanguage":"de-DE"},{"@type":"Organization","@id":"https:\/\/www.quartix.com\/de-de\/#organization","name":"Quartix","url":"https:\/\/www.quartix.com\/de-de\/","logo":{"@type":"ImageObject","inLanguage":"de-DE","@id":"https:\/\/www.quartix.com\/de-de\/#\/schema\/logo\/image\/","url":"https:\/\/www.quartix.com\/content\/uploads\/2019\/02\/quartix-logo-eur.svg","contentUrl":"https:\/\/www.quartix.com\/content\/uploads\/2019\/02\/quartix-logo-eur.svg","width":1,"height":1,"caption":"Quartix"},"image":{"@id":"https:\/\/www.quartix.com\/de-de\/#\/schema\/logo\/image\/"},"sameAs":["https:\/\/www.facebook.com\/Quartix-USA-374426386097401\/","https:\/\/x.com\/QuartixUSA","https:\/\/www.linkedin.com\/company\/5346733\/","https:\/\/www.youtube.com\/channel\/UCzS-_GMfHF4kWiCheyIRrAQ"]}]}},"_links":{"self":[{"href":"https:\/\/www.quartix.com\/de-de\/wp-json\/wp\/v2\/pages\/107725","targetHints":{"allow":["GET"]}}],"collection":[{"href":"https:\/\/www.quartix.com\/de-de\/wp-json\/wp\/v2\/pages"}],"about":[{"href":"https:\/\/www.quartix.com\/de-de\/wp-json\/wp\/v2\/types\/page"}],"author":[{"embeddable":true,"href":"https:\/\/www.quartix.com\/de-de\/wp-json\/wp\/v2\/users\/27"}],"replies":[{"embeddable":true,"href":"https:\/\/www.quartix.com\/de-de\/wp-json\/wp\/v2\/comments?post=107725"}],"version-history":[{"count":1,"href":"https:\/\/www.quartix.com\/de-de\/wp-json\/wp\/v2\/pages\/107725\/revisions"}],"predecessor-version":[{"id":130472,"href":"https:\/\/www.quartix.com\/de-de\/wp-json\/wp\/v2\/pages\/107725\/revisions\/130472"}],"up":[{"embeddable":true,"href":"https:\/\/www.quartix.com\/de-de\/wp-json\/wp\/v2\/pages\/23117"}],"wp:featuredmedia":[{"embeddable":true,"href":"https:\/\/www.quartix.com\/de-de\/wp-json\/wp\/v2\/media\/17887"}],"wp:attachment":[{"href":"https:\/\/www.quartix.com\/de-de\/wp-json\/wp\/v2\/media?parent=107725"}],"wp:term":[{"taxonomy":"topic","embeddable":true,"href":"https:\/\/www.quartix.com\/de-de\/wp-json\/wp\/v2\/topic?post=107725"},{"taxonomy":"qtx_campaign","embeddable":true,"href":"https:\/\/www.quartix.com\/de-de\/wp-json\/wp\/v2\/qtx_campaign?post=107725"}],"curies":[{"name":"wp","href":"https:\/\/api.w.org\/{rel}","templated":true}]}}