{"id":108350,"date":"2024-07-31T10:28:44","date_gmt":"2024-07-31T09:28:44","guid":{"rendered":"https:\/\/www.quartix.com\/?page_id=108350"},"modified":"2026-03-30T16:11:04","modified_gmt":"2026-03-30T15:11:04","slug":"die-kosten-die-fahrzeugueberwachung","status":"publish","type":"page","link":"https:\/\/www.quartix.com\/de-de\/die-kosten-die-fahrzeugueberwachung\/","title":{"rendered":"Die Kosten f\u00fcr Fahrzeugortung"},"content":{"rendered":"\r\n<div   class=\"hero-block bighero\">\r\n    <img loading=\"lazy\" decoding=\"async\" width=\"1284\" height=\"358\" src=\"https:\/\/www.quartix.com\/content\/uploads\/2023\/12\/Vans-with-sunset-banner-resized-2-2.png\" class=\"\" alt=\"Van tracking\" \/>                <div class=\"hero-overlay\"><\/div>\r\n            \r\n\r\n\r\n    <div class=\"hero-content \">\r\n        <div class=\"inner limited-width\">\r\n                                                <h1 class=\"title\">Wie viel kostet Fahrzeugortung wirklich? <\/h1>\r\n                                <p class=\"text\">Durchforsten Sie das Kleingedruckte in den Vertr\u00e4gen von Telematik-Anbietern, entdecken Sie versteckte Kosten und f\u00e4llen Sie die richtigen Entscheidungen f\u00fcr Ihren Fuhrpark.<\/p>                                        <div class=\"buttons\">\r\n                    <a href=\"https:\/\/go.marketing.quartix.com\/leitfaden_preise_fuer_fahrzeugortung\" class=\"btn btn-green btn-inline\" target=\"_blank\" title=\"Leitfaden herunterladen\">Leitfaden herunterladen<\/a>\r\n                <\/div>\r\n                    <\/div>\r\n    <\/div>\r\n<\/div>\n\n\r\n<div   class=\"hero-block smallhero landing-cta\">\r\n            <div class=\"hero-overlay greybg\"><\/div>\r\n        <div class=\"hero-content greybg noimage\">\r\n        <div class=\"inner\">\r\n            <h2 class=\"title\">Das sind die 10 wichtigsten Fragen, die Sie jedem Anbieter stellen sollten.<\/h2>            <div class=\"author\"><p>Sie erhalten eine n\u00fctzliche Checkliste, die Ihnen hilft, versteckte Kosten in den Vertr\u00e4gen der Anbieter zu erkennen:<\/p>\n<\/div>            <div class='landingctalist centrelist'><ul class='dots' style=''><li>Verl\u00e4ngern sich die Vertr\u00e4ge automatisch?<\/li><li>Muss ich mit K\u00fcndigungsgeb\u00fchren rechnen, wenn ich meinen Vertrag fr\u00fchzeitig beende?<\/li><li>Wie lange ist die K\u00fcndigungsfrist, wenn ich den Vertrag nicht verl\u00e4ngern m\u00f6chte?<\/li><\/ul><\/div>            \r\n                            <div class=\"buttons\">\r\n                    <a href=\"https:\/\/go.marketing.quartix.com\/leitfaden_preise_fuer_fahrzeugortung\" class=\"btn btn-green\" target=\"_blank\" title=\"Leitfaden herunterladen\">Leitfaden herunterladen<\/a>\r\n                <\/div>\r\n                    <\/div>\r\n    <\/div>\r\n<\/div>\n\n\r\n\r\n        <div  class=\"landingpageouter\" style=\"background-color:#ffffff ;\">\r\n        <div class=\"landingpagecolsblock twocols4060 \">\r\n            <div class=\"col1\">\r\n                <p class=\"pre-title\">Funktionen &#038; Integrationen<\/p>                <h2 class=\"\">W\u00e4hlen Sie das richtige Paket f\u00fcr Ihre Bed\u00fcrfnisse.<\/h2>                <div class='wysiwyg'><p>Anbieter bieten oft verschiedene Paketoptionen an, die zus\u00e4tzliche Funktionen zu erh\u00f6hten monatlichen Kosten bieten. Dazu k\u00f6nnen die \u00dcberwachung des Fahrverhaltens, Betriebs-Dashboards und sogar die \u00dcberwachung der Fahrzeugtemperatur geh\u00f6ren. Au\u00dferdem werden Sie Anbieter finden, die Integrationen zwischen dem Ortung-System und Tankkarten, zus\u00e4tzlichen Flottenmanagement-Tools oder Dashcams anbieten.<\/p>\n<p>Wenn diese Funktionen f\u00fcr Ihr Unternehmen von Nutzen sein k\u00f6nnten, sollten Sie pr\u00fcfen, wie stark sie sich auf die monatlichen Kosten auswirken. Wenn das Standardpaket eines Anbieters Funktionen beinhaltet, die Sie voraussichtlich nicht ben\u00f6tigen, sollten Sie \u00fcberlegen, ob eine einfachere Option f\u00fcr Ihren Fuhrpark besser geeignet w\u00e4re.<\/p>\n<p><a href=\"https:\/\/go.marketing.quartix.com\/leitfaden_preise_fuer_fahrzeugortung\" target=\"_blank\" rel=\"noopener\">Leitfaden herunterladen<\/a><\/p>\n<\/div>            <\/div>\r\n            <div class=\"col2\">\r\n                <div class=\"responsivemedia\"><img loading=\"lazy\" decoding=\"async\" width=\"640\" height=\"640\" src=\"https:\/\/www.quartix.com\/content\/uploads\/2023\/12\/5-star.png\" class=\"\" alt=\"\" \/><\/div>            <\/div>\r\n                        <\/div>\r\n    <\/div>\r\n\r\n\r\n\n\n\r\n\r\n        <div  class=\"landingpageouter\" style=\"background-color:#ffffff ;\">\r\n        <div class=\"landingpagecolsblock twocols4060 swap-content\">\r\n            <div class=\"col1\">\r\n                <p class=\"pre-title\">Vertragsflexibilit\u00e4t<\/p>                <h2 class=\"\">Pr\u00fcfen Sie, wie lange Sie an den Vertrag gebunden sind.<\/h2>                <div class='wysiwyg'><p>Vertr\u00e4ge mit automatischer Verl\u00e4ngerung k\u00f6nnen Sie dazu zwingen, einen Dienst zu verl\u00e4ngern, den Sie m\u00f6glicherweise nicht mehr ben\u00f6tigen, und Sie daran hindert, eine neue Flottenortungsl\u00f6sung zu suchen. Am besten vermeidet man dies ganz und w\u00e4hlt einen Anbieter, der seine Vertr\u00e4ge nicht automatisch verl\u00e4ngert. Einige Anbieter wechseln zu einem monatlich verl\u00e4ngerbaren Vertrag, sofern nichts anderes angegeben ist, sodass Sie nach Ablauf der ersten Vertragslaufzeit jederzeit k\u00fcndigen k\u00f6nnen.<\/p>\n<p>Denken Sie daran, auch die K\u00fcndigungsfrist zu \u00fcberpr\u00fcfen und sich \u00fcber eventuelle K\u00fcndigungsgeb\u00fchren zu informieren.<\/p>\n<p><a href=\"https:\/\/go.marketing.quartix.com\/leitfaden_preise_fuer_fahrzeugortung\" target=\"_blank\" rel=\"noopener\">Leitfaden jetzt herunterladen<\/a><\/p>\n<\/div>            <\/div>\r\n            <div class=\"col2\">\r\n                <div class=\"responsivemedia\"><img loading=\"lazy\" decoding=\"async\" width=\"640\" height=\"640\" src=\"https:\/\/www.quartix.com\/content\/uploads\/2023\/12\/auto-renew.png\" class=\"\" alt=\"\" \/><\/div>            <\/div>\r\n                        <\/div>\r\n    <\/div>\r\n\r\n\r\n\n\n\r\n\r\n        <div  class=\"landingpageouter\" style=\"background-color:#ffffff ;\">\r\n        <div class=\"landingpagecolsblock twocols4060 \">\r\n            <div class=\"col1\">\r\n                <p class=\"pre-title\">Zus\u00e4tzliche Kosten<\/p>                <h2 class=\"\">Wissen, was in Ihrem Abonnement enthalten ist.<\/h2>                <div class='wysiwyg'><p>Zu den gr\u00f6\u00dften zus\u00e4tzlichen Kosten z\u00e4hlen Installations- und Einrichtungsgeb\u00fchren, die Ihnen m\u00f6glicherweise nicht bewusst sind und die ein Anbieter zus\u00e4tzlich zu Ihrer Abonnementgeb\u00fchr berechnet. Wir haben eine Liste mit m\u00f6glichen Extras beigef\u00fcgt, die Sie mit den Anbietern besprechen k\u00f6nnen, darunter deren Optionen f\u00fcr Ortungsger\u00e4te und wie einfach es f\u00fcr Sie ist, ein Ortungsger\u00e4t in ein anderes Fahrzeug zu \u00fcbertragen oder ganz zu entfernen.<\/p>\n<p>Ein hilfreicher und reaktionsschneller Flottenortungs-Supportdienst kann f\u00fcr Ihre Flotte eine wichtige St\u00fctze sein. \u00dcberpr\u00fcfen Sie, ob der Anbieter einen guten Support und gute Bewertungen hat und ob dies auch in Ihrem Abonnement enthalten ist.<\/p>\n<p><a href=\"https:\/\/go.marketing.quartix.com\/leitfaden_preise_fuer_fahrzeugortung\" target=\"_blank\" rel=\"noopener\">Leitfaden herunterladen<\/a><\/p>\n<\/div>            <\/div>\r\n            <div class=\"col2\">\r\n                <div class=\"responsivemedia\"><img loading=\"lazy\" decoding=\"async\" width=\"640\" height=\"640\" src=\"https:\/\/www.quartix.com\/content\/uploads\/2023\/12\/hidden-costs.png\" class=\"\" alt=\"\" \/><\/div>            <\/div>\r\n                        <\/div>\r\n    <\/div>\r\n\r\n\r\n\n\n\n<div class=\"wp-block-columns is-layout-flex wp-container-core-columns-is-layout-28f84493 wp-block-columns-is-layout-flex\">\n<div class=\"wp-block-column is-layout-flow wp-block-column-is-layout-flow\">\n<h2 class=\"wp-block-heading\" id=\"h-ihr-leitfaden-fur-flottenortungsvertrage\">Ihr Leitfaden f\u00fcr Flottenortungsvertr\u00e4ge<\/h2>\n\n\n\n<p>Machen Sie sich mit dem Kleingedruckten in Vertr\u00e4gen mit Flottenortungsanbietern vertraut, decken Sie versteckte Kosten auf und treffen Sie mit diesem Leitfaden und der Checkliste fundierte Entscheidungen f\u00fcr Ihren Fuhrpark.<\/p>\n\n\n    <div class=\"button-container \">\r\n<a href=\"https:\/\/go.marketing.quartix.com\/leitfaden_preise_fuer_fahrzeugortung\" class=\"btn pagebuilder-btn btn-gr\u00fcn btn-\" title=\"Leitfaden herunterladen\" target=\"_blank\">Leitfaden herunterladen<\/a>\r\n<\/div>\r\n<\/div>\n\n\n\n<div class=\"wp-block-column is-layout-flow wp-block-column-is-layout-flow\">\n<figure class=\"wp-block-image aligncenter size-full\"><img loading=\"lazy\" decoding=\"async\" width=\"492\" height=\"698\" src=\"https:\/\/www.quartix.com\/content\/uploads\/2025\/11\/DE_Leitfaden_Preis_Bild-1.png\" alt=\"A straight road leads toward distant mountains under a cloudy sky, with the text &quot;Wie viel kostet die Fahrzeugortung?&quot; and the Quartix logo above.\" class=\"wp-image-126629\" srcset=\"https:\/\/www.quartix.com\/content\/uploads\/2025\/11\/DE_Leitfaden_Preis_Bild-1.png 492w, https:\/\/www.quartix.com\/content\/uploads\/2025\/11\/DE_Leitfaden_Preis_Bild-1-211x300.png 211w\" sizes=\"auto, (max-width: 492px) 100vw, 492px\" \/><\/figure>\n<\/div>\n<\/div>\n","protected":false},"excerpt":{"rendered":"<p>Es kann eine Herausforderung sein, die Vertr\u00e4ge von Fahrzeugortungs-Anbietern und die typischen zu erwartenden Zusatzgeb\u00fchren zu verstehen. Dieser Leitfaden erkl\u00e4rt die verschiedenen Optionen, die Anbieter bieten, und gibt Ihnen die richtigen Fragen an die Hand, um versteckte Kosten von Anfang an zu erkennen.<\/p>\n","protected":false},"author":12,"featured_media":86330,"parent":0,"menu_order":3400,"comment_status":"closed","ping_status":"closed","template":"templates\/landing-pagebuilder.php","meta":{"_acf_changed":false,"inline_featured_image":false,"footnotes":""},"topic":[1866],"qtx_campaign":[],"class_list":["post-108350","page","type-page","status-publish","has-post-thumbnail","hentry","topic-effizienzsteigerungen-und-einsparungen"],"acf":[],"yoast_head":"<!-- This site is optimized with the Yoast SEO Premium plugin v27.3 (Yoast SEO v27.3) - https:\/\/yoast.com\/product\/yoast-seo-premium-wordpress\/ -->\n<title>Was kostet die Fahrzeugortung wirklich? - DE<\/title>\n<meta name=\"description\" content=\"Welche versteckten Kosten sind mit einem Fahrzeugortungsvertrag verbunden? Holen Sie sich unseren Leitfaden f\u00fcr fundierte Flottenentscheidungen im Bereich Flottenortungsvertr\u00e4ge!\" \/>\n<meta name=\"robots\" content=\"index, follow, max-snippet:-1, max-image-preview:large, max-video-preview:-1\" \/>\n<link rel=\"canonical\" href=\"https:\/\/www.quartix.com\/de-de\/die-kosten-die-fahrzeugueberwachung\/\" \/>\n<meta property=\"og:locale\" content=\"de_DE\" \/>\n<meta property=\"og:type\" content=\"article\" \/>\n<meta property=\"og:title\" content=\"Die Kosten f\u00fcr Fahrzeugortung\" \/>\n<meta property=\"og:description\" content=\"Welche versteckten Kosten sind mit einem Fahrzeugortungsvertrag verbunden? Holen Sie sich unseren Leitfaden f\u00fcr fundierte Flottenentscheidungen im Bereich Flottenortungsvertr\u00e4ge!\" \/>\n<meta property=\"og:url\" content=\"https:\/\/www.quartix.com\/de-de\/die-kosten-die-fahrzeugueberwachung\/\" \/>\n<meta property=\"og:site_name\" content=\"Quartix\" \/>\n<meta property=\"article:publisher\" content=\"https:\/\/www.facebook.com\/Quartix-USA-374426386097401\/\" \/>\n<meta property=\"article:modified_time\" content=\"2026-03-30T15:11:04+00:00\" \/>\n<meta property=\"og:image\" content=\"https:\/\/www.quartix.com\/content\/uploads\/2023\/05\/Guide-to-vehicle-tracking-prices.jpg\" \/>\n\t<meta property=\"og:image:width\" content=\"1811\" \/>\n\t<meta property=\"og:image:height\" content=\"1379\" \/>\n\t<meta property=\"og:image:type\" content=\"image\/jpeg\" \/>\n<meta name=\"twitter:card\" content=\"summary_large_image\" \/>\n<meta name=\"twitter:site\" content=\"@QuartixUSA\" \/>\n<meta name=\"twitter:label1\" content=\"Est. reading time\" \/>\n\t<meta name=\"twitter:data1\" content=\"4 minutes\" \/>\n<!-- \/ Yoast SEO Premium plugin. -->","yoast_head_json":{"title":"Was kostet die Fahrzeugortung wirklich? - DE","description":"Welche versteckten Kosten sind mit einem Fahrzeugortungsvertrag verbunden? Holen Sie sich unseren Leitfaden f\u00fcr fundierte Flottenentscheidungen im Bereich Flottenortungsvertr\u00e4ge!","robots":{"index":"index","follow":"follow","max-snippet":"max-snippet:-1","max-image-preview":"max-image-preview:large","max-video-preview":"max-video-preview:-1"},"canonical":"https:\/\/www.quartix.com\/de-de\/die-kosten-die-fahrzeugueberwachung\/","og_locale":"de_DE","og_type":"article","og_title":"Die Kosten f\u00fcr Fahrzeugortung","og_description":"Welche versteckten Kosten sind mit einem Fahrzeugortungsvertrag verbunden? Holen Sie sich unseren Leitfaden f\u00fcr fundierte Flottenentscheidungen im Bereich Flottenortungsvertr\u00e4ge!","og_url":"https:\/\/www.quartix.com\/de-de\/die-kosten-die-fahrzeugueberwachung\/","og_site_name":"Quartix","article_publisher":"https:\/\/www.facebook.com\/Quartix-USA-374426386097401\/","article_modified_time":"2026-03-30T15:11:04+00:00","og_image":[{"width":1811,"height":1379,"url":"https:\/\/www.quartix.com\/content\/uploads\/2023\/05\/Guide-to-vehicle-tracking-prices.jpg","type":"image\/jpeg"}],"twitter_card":"summary_large_image","twitter_site":"@QuartixUSA","twitter_misc":{"Est. reading time":"4 minutes"},"schema":{"@context":"https:\/\/schema.org","@graph":[{"@type":"WebPage","@id":"https:\/\/www.quartix.com\/de-de\/die-kosten-die-fahrzeugueberwachung\/","url":"https:\/\/www.quartix.com\/de-de\/die-kosten-die-fahrzeugueberwachung\/","name":"Was kostet die Fahrzeugortung wirklich?","isPartOf":{"@id":"https:\/\/www.quartix.com\/de-de\/#website"},"primaryImageOfPage":{"@id":"https:\/\/www.quartix.com\/de-de\/die-kosten-die-fahrzeugueberwachung\/#primaryimage"},"image":{"@id":"https:\/\/www.quartix.com\/de-de\/die-kosten-die-fahrzeugueberwachung\/#primaryimage"},"thumbnailUrl":"https:\/\/www.quartix.com\/content\/uploads\/2023\/05\/Guide-to-vehicle-tracking-prices.jpg","datePublished":"2024-07-31T09:28:44+00:00","dateModified":"2026-03-30T15:11:04+00:00","description":"Welche versteckten Kosten sind mit einem Fahrzeugortungsvertrag verbunden? Holen Sie sich unseren Leitfaden f\u00fcr fundierte Flottenentscheidungen im Bereich Flottenortungsvertr\u00e4ge!","breadcrumb":{"@id":"https:\/\/www.quartix.com\/de-de\/die-kosten-die-fahrzeugueberwachung\/#breadcrumb"},"inLanguage":"de-DE","potentialAction":[{"@type":"ReadAction","target":["https:\/\/www.quartix.com\/de-de\/die-kosten-die-fahrzeugueberwachung\/"]}]},{"@type":"ImageObject","inLanguage":"de-DE","@id":"https:\/\/www.quartix.com\/de-de\/die-kosten-die-fahrzeugueberwachung\/#primaryimage","url":"https:\/\/www.quartix.com\/content\/uploads\/2023\/05\/Guide-to-vehicle-tracking-prices.jpg","contentUrl":"https:\/\/www.quartix.com\/content\/uploads\/2023\/05\/Guide-to-vehicle-tracking-prices.jpg","width":1811,"height":1379},{"@type":"BreadcrumbList","@id":"https:\/\/www.quartix.com\/de-de\/die-kosten-die-fahrzeugueberwachung\/#breadcrumb","itemListElement":[{"@type":"ListItem","position":1,"name":"Startseite","item":"https:\/\/www.quartix.com\/de-de\/die-nr-1-fahrzeugortungsloesung-fuer-flotten-jeder-groesse\/"},{"@type":"ListItem","position":2,"name":"Die Kosten f\u00fcr Fahrzeugortung"}]},{"@type":"WebSite","@id":"https:\/\/www.quartix.com\/de-de\/#website","url":"https:\/\/www.quartix.com\/de-de\/","name":"Quartix","description":"Real-time vehicle tracking","publisher":{"@id":"https:\/\/www.quartix.com\/de-de\/#organization"},"potentialAction":[{"@type":"SearchAction","target":{"@type":"EntryPoint","urlTemplate":"https:\/\/www.quartix.com\/de-de\/?s={search_term_string}"},"query-input":{"@type":"PropertyValueSpecification","valueRequired":true,"valueName":"search_term_string"}}],"inLanguage":"de-DE"},{"@type":"Organization","@id":"https:\/\/www.quartix.com\/de-de\/#organization","name":"Quartix","url":"https:\/\/www.quartix.com\/de-de\/","logo":{"@type":"ImageObject","inLanguage":"de-DE","@id":"https:\/\/www.quartix.com\/de-de\/#\/schema\/logo\/image\/","url":"https:\/\/www.quartix.com\/content\/uploads\/2019\/02\/quartix-logo-eur.svg","contentUrl":"https:\/\/www.quartix.com\/content\/uploads\/2019\/02\/quartix-logo-eur.svg","width":1,"height":1,"caption":"Quartix"},"image":{"@id":"https:\/\/www.quartix.com\/de-de\/#\/schema\/logo\/image\/"},"sameAs":["https:\/\/www.facebook.com\/Quartix-USA-374426386097401\/","https:\/\/x.com\/QuartixUSA","https:\/\/www.linkedin.com\/company\/5346733\/","https:\/\/www.youtube.com\/channel\/UCzS-_GMfHF4kWiCheyIRrAQ"]}]}},"_links":{"self":[{"href":"https:\/\/www.quartix.com\/de-de\/wp-json\/wp\/v2\/pages\/108350","targetHints":{"allow":["GET"]}}],"collection":[{"href":"https:\/\/www.quartix.com\/de-de\/wp-json\/wp\/v2\/pages"}],"about":[{"href":"https:\/\/www.quartix.com\/de-de\/wp-json\/wp\/v2\/types\/page"}],"author":[{"embeddable":true,"href":"https:\/\/www.quartix.com\/de-de\/wp-json\/wp\/v2\/users\/12"}],"replies":[{"embeddable":true,"href":"https:\/\/www.quartix.com\/de-de\/wp-json\/wp\/v2\/comments?post=108350"}],"version-history":[{"count":8,"href":"https:\/\/www.quartix.com\/de-de\/wp-json\/wp\/v2\/pages\/108350\/revisions"}],"predecessor-version":[{"id":130467,"href":"https:\/\/www.quartix.com\/de-de\/wp-json\/wp\/v2\/pages\/108350\/revisions\/130467"}],"wp:featuredmedia":[{"embeddable":true,"href":"https:\/\/www.quartix.com\/de-de\/wp-json\/wp\/v2\/media\/86330"}],"wp:attachment":[{"href":"https:\/\/www.quartix.com\/de-de\/wp-json\/wp\/v2\/media?parent=108350"}],"wp:term":[{"taxonomy":"topic","embeddable":true,"href":"https:\/\/www.quartix.com\/de-de\/wp-json\/wp\/v2\/topic?post=108350"},{"taxonomy":"qtx_campaign","embeddable":true,"href":"https:\/\/www.quartix.com\/de-de\/wp-json\/wp\/v2\/qtx_campaign?post=108350"}],"curies":[{"name":"wp","href":"https:\/\/api.w.org\/{rel}","templated":true}]}}