{"id":108985,"date":"2024-08-21T10:18:02","date_gmt":"2024-08-21T09:18:02","guid":{"rendered":"https:\/\/www.quartix.com\/?page_id=108985"},"modified":"2026-03-30T16:11:45","modified_gmt":"2026-03-30T15:11:45","slug":"die-vorteile-der-gps-fahrzeugortung-fur-die-fahrer","status":"publish","type":"page","link":"https:\/\/www.quartix.com\/de-de\/die-vorteile-der-gps-fahrzeugortung-fur-die-fahrer\/","title":{"rendered":"The Benefits of Vehicle Tracking for Drivers"},"content":{"rendered":"\r\n<div   class=\"hero-block bighero\">\r\n    <img loading=\"lazy\" decoding=\"async\" width=\"1752\" height=\"558\" src=\"https:\/\/www.quartix.com\/content\/uploads\/2023\/10\/Man-in-van-blue-hat-header-cropped.png\" class=\"\" alt=\"\" srcset=\"https:\/\/www.quartix.com\/content\/uploads\/2023\/10\/Man-in-van-blue-hat-header-cropped.png 1752w, https:\/\/www.quartix.com\/content\/uploads\/2023\/10\/Man-in-van-blue-hat-header-cropped-300x96.png 300w, https:\/\/www.quartix.com\/content\/uploads\/2023\/10\/Man-in-van-blue-hat-header-cropped-1000x318.png 1000w, https:\/\/www.quartix.com\/content\/uploads\/2023\/10\/Man-in-van-blue-hat-header-cropped-768x245.png 768w, https:\/\/www.quartix.com\/content\/uploads\/2023\/10\/Man-in-van-blue-hat-header-cropped-1536x489.png 1536w\" sizes=\"auto, (max-width: 1752px) 100vw, 1752px\" \/>                <div class=\"hero-overlay\"><\/div>\r\n            \r\n\r\n\r\n    <div class=\"hero-content \">\r\n        <div class=\"inner limited-width\">\r\n                                                <h1 class=\"title\">Entdecken Sie die Vorteile von Fahrzeugortung f\u00fcr Fahrer<\/h1>\r\n                                <p class=\"text\">Finden Sie heraus, wie Telematik Ihre Mitarbeiter, unterst\u00fctzt und sch\u00fctzt.<\/p>                                        <div class=\"buttons\">\r\n                    <a href=\"https:\/\/go.pardot.com\/l\/375002\/2020-11-10\/6hmmk8\/375002\/1605015217HY4bybp3\/DE_Benefits_for_Drivers.pdf\" class=\"btn btn-green btn-inline\" target=\"_blank\" title=\"Leitfaden herunterladen\">Leitfaden herunterladen<\/a>\r\n                <\/div>\r\n                    <\/div>\r\n    <\/div>\r\n<\/div>\n\n\r\n<div   class=\"hero-block smallhero landing-cta\">\r\n            <div class=\"hero-overlay greybg\"><\/div>\r\n        <div class=\"hero-content greybg noimage\">\r\n        <div class=\"inner\">\r\n            <h2 class=\"title\">Coachen und sch\u00fctzen Sie Ihre Mitarbeiter mit der F\u00fclle an Daten, die Fahrzeugortung liefert<\/h2>            <div class=\"author\"><p>In diesem Leitfaden erfahren Sie, wie GPS- Ortung helfen kann:<\/p>\n<\/div>            <div class='landingctalist centrelist'><ul class='ticks fa-ul' style=''><li><span class='fa-li'><i class='fas fa-check-circle'><\/i><\/span>Fahrer ihre F\u00e4higkeiten zu verbessern und eine Sicherheitskultur zu schaffen.<\/li><li><span class='fa-li'><i class='fas fa-check-circle'><\/i><\/span>Unstimmigkeiten bei Rechnungen oder Stundenzetteln zu kl\u00e4ren, um sicherzustellen, dass die Fahrer fair bezahlt werden.<\/li><li><span class='fa-li'><i class='fas fa-check-circle'><\/i><\/span>Fahrer mit genauen Standortdaten vor falschen Versicherungs- oder Unfallanspr\u00fcchen zu sch\u00fctzen.<\/li><\/ul><\/div>            \r\n                            <div class=\"buttons\">\r\n                    <a href=\"https:\/\/go.pardot.com\/l\/375002\/2020-11-10\/6hmmk8\/375002\/1605015217HY4bybp3\/DE_Benefits_for_Drivers.pdf\" class=\"btn btn-green\" target=\"_blank\" title=\"Leitfaden herunterladen\">Leitfaden herunterladen<\/a>\r\n                <\/div>\r\n                    <\/div>\r\n    <\/div>\r\n<\/div>\n\n\r\n\r\n        <div  class=\"landingpageouter\" style=\"background-color:#ffffff ;\">\r\n        <div class=\"landingpagecolsblock twocols4060 \">\r\n            <div class=\"col1\">\r\n                <p class=\"pre-title\"> PFLEGEN SIE&#8230;<\/p>                <h2 class=\"\">Sicherere Fahrgewohnheiten<\/h2>                <div class='wysiwyg'><p>Nutzen Sie die Fahrstilanalyse-Daten, um konkrete Verhaltensschritte zu erstellen, die Ihre Fahrer befolgen k\u00f6nnen, damit sie sich und andere im Stra\u00dfenverkehr sch\u00fctzen.<\/p>\n<\/div>            <\/div>\r\n            <div class=\"col2\">\r\n                <div class=\"responsivemedia\"><img loading=\"lazy\" decoding=\"async\" width=\"640\" height=\"427\" src=\"https:\/\/www.quartix.com\/content\/uploads\/2021\/08\/driver-performance-review-768x512.jpg\" class=\"\" alt=\"fleet manager and driver reviewing driving performance \" srcset=\"https:\/\/www.quartix.com\/content\/uploads\/2021\/08\/driver-performance-review-768x512.jpg 768w, https:\/\/www.quartix.com\/content\/uploads\/2021\/08\/driver-performance-review-300x200.jpg 300w, https:\/\/www.quartix.com\/content\/uploads\/2021\/08\/driver-performance-review-1000x667.jpg 1000w, https:\/\/www.quartix.com\/content\/uploads\/2021\/08\/driver-performance-review.jpg 1152w\" sizes=\"auto, (max-width: 640px) 100vw, 640px\" \/><\/div>            <\/div>\r\n                        <\/div>\r\n    <\/div>\r\n\r\n\r\n\n\n\r\n\r\n        <div  class=\"landingpageouter\" style=\"background-color:#efefef ;\">\r\n        <div class=\"landingpagecolsblock twocols4060 swap-content\">\r\n            <div class=\"col1\">\r\n                <p class=\"pre-title\">GARANTIE&#8230;<\/p>                <h2 class=\"\">Gerechte und faire Entsch\u00e4digung<\/h2>                <div class='wysiwyg'><p>Die Telematik liefert konkrete Informationen und zeigt Ihnen, wie Sie Unstimmigkeiten bei\u00a0\u00dcberstunden, Stundenzetteln oder Rechnungen vermeiden k\u00f6nnen, damit Ihre Fahrer sicher sein k\u00f6nnen, dass sie korrekt bezahlt werden.<\/p>\n<\/div>            <\/div>\r\n            <div class=\"col2\">\r\n                <div class=\"responsivemedia\"><img loading=\"lazy\" decoding=\"async\" width=\"640\" height=\"428\" src=\"https:\/\/www.quartix.com\/content\/uploads\/2023\/05\/Fleet-Manager-Checking-Fleet-Inspections-768x513.jpg\" class=\"\" alt=\"\" srcset=\"https:\/\/www.quartix.com\/content\/uploads\/2023\/05\/Fleet-Manager-Checking-Fleet-Inspections-768x513.jpg 768w, https:\/\/www.quartix.com\/content\/uploads\/2023\/05\/Fleet-Manager-Checking-Fleet-Inspections-300x200.jpg 300w, https:\/\/www.quartix.com\/content\/uploads\/2023\/05\/Fleet-Manager-Checking-Fleet-Inspections.jpg 800w\" sizes=\"auto, (max-width: 640px) 100vw, 640px\" \/><\/div>            <\/div>\r\n                        <\/div>\r\n    <\/div>\r\n\r\n\r\n\n\n\r\n\r\n        <div  class=\"landingpageouter\" style=\"background-color:#f8f8f8 ;\">\r\n        <div class=\"landingpagecolsblock twocols4060 \">\r\n            <div class=\"col1\">\r\n                <p class=\"pre-title\">SCH\u00dcTZEN&#8230;<\/p>                <h2 class=\"\">Vor gef\u00e4lschten Anspr\u00fcchen Dritter<\/h2>                <div class='wysiwyg'><p>Entdecken Sie, wie die\u00a0Fahrzeugverfolgung\u00a0als stiller Zeuge an der Seite Ihres Fahrers diesen vor falschen Behauptungen \u00fcber Geschwindigkeits\u00fcberschreitungen, starkes Bremsen oder sogar Sachsch\u00e4den sch\u00fctzen kann.<\/p>\n<\/div>            <\/div>\r\n            <div class=\"col2\">\r\n                <div class=\"responsivemedia\"><img loading=\"lazy\" decoding=\"async\" width=\"640\" height=\"537\" src=\"https:\/\/www.quartix.com\/content\/uploads\/2024\/01\/employee-and-employer-talking-vehicle-tracking.png\" class=\"\" alt=\"\" \/><\/div>            <\/div>\r\n                        <\/div>\r\n    <\/div>\r\n\r\n\r\n\n\n\r\n<div   class=\"hero-block smallhero\">\r\n    <img loading=\"lazy\" decoding=\"async\" width=\"940\" height=\"239\" src=\"https:\/\/www.quartix.com\/content\/uploads\/2024\/07\/US-FR-driver-behind-wheel-1.png\" class=\"\" alt=\"\" srcset=\"https:\/\/www.quartix.com\/content\/uploads\/2024\/07\/US-FR-driver-behind-wheel-1.png 940w, https:\/\/www.quartix.com\/content\/uploads\/2024\/07\/US-FR-driver-behind-wheel-1-300x76.png 300w, https:\/\/www.quartix.com\/content\/uploads\/2024\/07\/US-FR-driver-behind-wheel-1-768x195.png 768w\" sizes=\"auto, (max-width: 940px) 100vw, 940px\" \/>                <div class=\"hero-overlay\"><\/div>\r\n            \r\n\r\n\r\n    <div class=\"hero-content \">\r\n        <div class=\"inner\">\r\n                            <p class=\"title stylelikeh3\">Nutzen Sie die Fahrzeugortung und die von ihr gelieferten Daten zur Verteidigung und zum Schutz Ihrer Fahrer<\/p>                <div class=\"author\"><p>Zeigen Sie Ihren Mitarbeitern mit diesem Leitfaden, wie die Ortung ihnen hilft \u2013 und nehmen Sie ihnen so die Sorgen rund um die Telematik.<\/p>\n<\/div>                                        <div class=\"buttons\">\r\n                    <a href=\"https:\/\/go.pardot.com\/l\/375002\/2020-11-10\/6hmmk8\/375002\/1605015217HY4bybp3\/DE_Benefits_for_Drivers.pdf\" class=\"btn btn-green btn-inline\" target=\"_blank\" title=\"Leitfaden herunterladen\">Leitfaden herunterladen<\/a>\r\n                <\/div>\r\n                    <\/div>\r\n    <\/div>\r\n<\/div>\n\n\r\n<section class=\"qtx-pagebuilder-section qtx-pagebuilder-section-bannercontent  notopmargin \"\r\nstyle=\"background-color:#E4E5E6; color: initial;\">\r\n    <div class=\"bannercontentinner\">\r\n        <p style=\"text-align: center\">&#8220;Die Quartix-Fahrzeugortung dient tats\u00e4chlich der Verteidigung unserer Fahrer. Es ist ihr pers\u00f6nlicher Schutz im Falle von ungerechtfertigten Forderungen.&#8221;<\/p>\n<p style=\"text-align: center\">&#8211; Matt O&#8217;Conner, John O&#8217;Conner Landschaftsgartenbau<\/p>\n    <\/div>\r\n<\/section>\n\n\n<div class=\"wp-block-columns is-layout-flex wp-container-core-columns-is-layout-28f84493 wp-block-columns-is-layout-flex\">\n<div class=\"wp-block-column is-layout-flow wp-block-column-is-layout-flow\">\n<h2 class=\"wp-block-heading\" id=\"h-ihr-leitfaden-fur-die-vorteile-der-fahrer\">Ihr Leitfaden f\u00fcr die Vorteile der Fahrer<\/h2>\n\n\n\n<p>Entdecken Sie die Vorteile von Telematikdaten aus der Sicht des Fahrers und stellen Sie sicher, dass Ihre Mitarbeiter wissen, wie sehr die Fahrzeugortung sie jeden Tag unterst\u00fctzen kann.<\/p>\n\n\n    <div class=\"button-container \">\r\n<a href=\"https:\/\/go.pardot.com\/l\/375002\/2020-11-10\/6hmmk8\/375002\/1605015217HY4bybp3\/DE_Benefits_for_Drivers.pdf\" class=\"btn pagebuilder-btn btn-green btn-light\" title=\"Leitfaden herunterladen\" target=\"_blank\">Leitfaden herunterladen<\/a>\r\n<\/div>\r\n<\/div>\n\n\n\n<div class=\"wp-block-column is-layout-flow wp-block-column-is-layout-flow\">\n<figure class=\"wp-block-image aligncenter size-full\"><img loading=\"lazy\" decoding=\"async\" width=\"545\" height=\"650\" src=\"https:\/\/www.quartix.com\/content\/uploads\/2024\/08\/de-benefits-for-drivers-guide.png\" alt=\"\" class=\"wp-image-108988\" srcset=\"https:\/\/www.quartix.com\/content\/uploads\/2024\/08\/de-benefits-for-drivers-guide.png 545w, https:\/\/www.quartix.com\/content\/uploads\/2024\/08\/de-benefits-for-drivers-guide-252x300.png 252w\" sizes=\"auto, (max-width: 545px) 100vw, 545px\" \/><\/figure>\n<\/div>\n<\/div>\n","protected":false},"excerpt":{"rendered":"<p>Ihr Leitfaden erkl\u00e4rt, wie die Fahrzeugortung Autofahrern auf vielf\u00e4ltige Weise helfen kann \u2013 vom Schutz vor falschen Behauptungen bis hin zur Gew\u00e4hrleistung ihrer Sicherheit auf der Stra\u00dfe.<\/p>\n","protected":false},"author":12,"featured_media":86384,"parent":0,"menu_order":3414,"comment_status":"closed","ping_status":"closed","template":"templates\/landing-pagebuilder.php","meta":{"_acf_changed":false,"inline_featured_image":false,"footnotes":""},"topic":[1869],"qtx_campaign":[],"class_list":["post-108985","page","type-page","status-publish","has-post-thumbnail","hentry","topic-fahrer-management"],"acf":[],"yoast_head":"<!-- This site is optimized with the Yoast SEO Premium plugin v27.2 (Yoast SEO v27.2) - https:\/\/yoast.com\/product\/yoast-seo-premium-wordpress\/ -->\n<title>Entdecken Sie die Vorteile von Fahrzeugortung f\u00fcr Fahrer - DE<\/title>\n<meta name=\"description\" content=\"Laden Sie unseren kostenlosen Leitfaden zur Fahrzeugortung herunter und erfahren Sie, wie Fahrer ihre F\u00e4higkeiten verbessern und die Verkehrssicherheit erh\u00f6hen.\" \/>\n<meta name=\"robots\" content=\"index, follow, max-snippet:-1, max-image-preview:large, max-video-preview:-1\" \/>\n<link rel=\"canonical\" href=\"https:\/\/www.quartix.com\/de-de\/die-vorteile-der-gps-fahrzeugortung-fur-die-fahrer\/\" \/>\n<meta property=\"og:locale\" content=\"de_DE\" \/>\n<meta property=\"og:type\" content=\"article\" \/>\n<meta property=\"og:title\" content=\"The Benefits of Vehicle Tracking for Drivers\" \/>\n<meta property=\"og:description\" content=\"Laden Sie unseren kostenlosen Leitfaden zur Fahrzeugortung herunter und erfahren Sie, wie Fahrer ihre F\u00e4higkeiten verbessern und die Verkehrssicherheit erh\u00f6hen.\" \/>\n<meta property=\"og:url\" content=\"https:\/\/www.quartix.com\/de-de\/die-vorteile-der-gps-fahrzeugortung-fur-die-fahrer\/\" \/>\n<meta property=\"og:site_name\" content=\"Quartix\" \/>\n<meta property=\"article:publisher\" content=\"https:\/\/www.facebook.com\/Quartix-USA-374426386097401\/\" \/>\n<meta property=\"article:modified_time\" content=\"2026-03-30T15:11:45+00:00\" \/>\n<meta property=\"og:image\" content=\"https:\/\/www.quartix.com\/content\/uploads\/2023\/05\/The-benefits-of-vehicle-tracking-for-drivers.jpg\" \/>\n\t<meta property=\"og:image:width\" content=\"656\" \/>\n\t<meta property=\"og:image:height\" content=\"584\" \/>\n\t<meta property=\"og:image:type\" content=\"image\/jpeg\" \/>\n<meta name=\"twitter:card\" content=\"summary_large_image\" \/>\n<meta name=\"twitter:site\" content=\"@QuartixUSA\" \/>\n<meta name=\"twitter:label1\" content=\"Est. reading time\" \/>\n\t<meta name=\"twitter:data1\" content=\"3 minutes\" \/>\n<!-- \/ Yoast SEO Premium plugin. -->","yoast_head_json":{"title":"Entdecken Sie die Vorteile von Fahrzeugortung f\u00fcr Fahrer - DE","description":"Laden Sie unseren kostenlosen Leitfaden zur Fahrzeugortung herunter und erfahren Sie, wie Fahrer ihre F\u00e4higkeiten verbessern und die Verkehrssicherheit erh\u00f6hen.","robots":{"index":"index","follow":"follow","max-snippet":"max-snippet:-1","max-image-preview":"max-image-preview:large","max-video-preview":"max-video-preview:-1"},"canonical":"https:\/\/www.quartix.com\/de-de\/die-vorteile-der-gps-fahrzeugortung-fur-die-fahrer\/","og_locale":"de_DE","og_type":"article","og_title":"The Benefits of Vehicle Tracking for Drivers","og_description":"Laden Sie unseren kostenlosen Leitfaden zur Fahrzeugortung herunter und erfahren Sie, wie Fahrer ihre F\u00e4higkeiten verbessern und die Verkehrssicherheit erh\u00f6hen.","og_url":"https:\/\/www.quartix.com\/de-de\/die-vorteile-der-gps-fahrzeugortung-fur-die-fahrer\/","og_site_name":"Quartix","article_publisher":"https:\/\/www.facebook.com\/Quartix-USA-374426386097401\/","article_modified_time":"2026-03-30T15:11:45+00:00","og_image":[{"width":656,"height":584,"url":"https:\/\/www.quartix.com\/content\/uploads\/2023\/05\/The-benefits-of-vehicle-tracking-for-drivers.jpg","type":"image\/jpeg"}],"twitter_card":"summary_large_image","twitter_site":"@QuartixUSA","twitter_misc":{"Est. reading time":"3 minutes"},"schema":{"@context":"https:\/\/schema.org","@graph":[{"@type":"WebPage","@id":"https:\/\/www.quartix.com\/de-de\/die-vorteile-der-gps-fahrzeugortung-fur-die-fahrer\/","url":"https:\/\/www.quartix.com\/de-de\/die-vorteile-der-gps-fahrzeugortung-fur-die-fahrer\/","name":"Entdecken Sie die Vorteile von Fahrzeugortung f\u00fcr Fahrer","isPartOf":{"@id":"https:\/\/www.quartix.com\/de-de\/#website"},"primaryImageOfPage":{"@id":"https:\/\/www.quartix.com\/de-de\/die-vorteile-der-gps-fahrzeugortung-fur-die-fahrer\/#primaryimage"},"image":{"@id":"https:\/\/www.quartix.com\/de-de\/die-vorteile-der-gps-fahrzeugortung-fur-die-fahrer\/#primaryimage"},"thumbnailUrl":"https:\/\/www.quartix.com\/content\/uploads\/2023\/05\/The-benefits-of-vehicle-tracking-for-drivers.jpg","datePublished":"2024-08-21T09:18:02+00:00","dateModified":"2026-03-30T15:11:45+00:00","description":"Laden Sie unseren kostenlosen Leitfaden zur Fahrzeugortung herunter und erfahren Sie, wie Fahrer ihre F\u00e4higkeiten verbessern und die Verkehrssicherheit erh\u00f6hen.","breadcrumb":{"@id":"https:\/\/www.quartix.com\/de-de\/die-vorteile-der-gps-fahrzeugortung-fur-die-fahrer\/#breadcrumb"},"inLanguage":"de-DE","potentialAction":[{"@type":"ReadAction","target":["https:\/\/www.quartix.com\/de-de\/die-vorteile-der-gps-fahrzeugortung-fur-die-fahrer\/"]}]},{"@type":"ImageObject","inLanguage":"de-DE","@id":"https:\/\/www.quartix.com\/de-de\/die-vorteile-der-gps-fahrzeugortung-fur-die-fahrer\/#primaryimage","url":"https:\/\/www.quartix.com\/content\/uploads\/2023\/05\/The-benefits-of-vehicle-tracking-for-drivers.jpg","contentUrl":"https:\/\/www.quartix.com\/content\/uploads\/2023\/05\/The-benefits-of-vehicle-tracking-for-drivers.jpg","width":656,"height":584},{"@type":"BreadcrumbList","@id":"https:\/\/www.quartix.com\/de-de\/die-vorteile-der-gps-fahrzeugortung-fur-die-fahrer\/#breadcrumb","itemListElement":[{"@type":"ListItem","position":1,"name":"Startseite","item":"https:\/\/www.quartix.com\/de-de\/die-nr-1-fahrzeugortungsloesung-fuer-flotten-jeder-groesse\/"},{"@type":"ListItem","position":2,"name":"The Benefits of Vehicle Tracking for Drivers"}]},{"@type":"WebSite","@id":"https:\/\/www.quartix.com\/de-de\/#website","url":"https:\/\/www.quartix.com\/de-de\/","name":"Quartix","description":"Real-time vehicle tracking","publisher":{"@id":"https:\/\/www.quartix.com\/de-de\/#organization"},"potentialAction":[{"@type":"SearchAction","target":{"@type":"EntryPoint","urlTemplate":"https:\/\/www.quartix.com\/de-de\/?s={search_term_string}"},"query-input":{"@type":"PropertyValueSpecification","valueRequired":true,"valueName":"search_term_string"}}],"inLanguage":"de-DE"},{"@type":"Organization","@id":"https:\/\/www.quartix.com\/de-de\/#organization","name":"Quartix","url":"https:\/\/www.quartix.com\/de-de\/","logo":{"@type":"ImageObject","inLanguage":"de-DE","@id":"https:\/\/www.quartix.com\/de-de\/#\/schema\/logo\/image\/","url":"https:\/\/www.quartix.com\/content\/uploads\/2019\/02\/quartix-logo-eur.svg","contentUrl":"https:\/\/www.quartix.com\/content\/uploads\/2019\/02\/quartix-logo-eur.svg","width":1,"height":1,"caption":"Quartix"},"image":{"@id":"https:\/\/www.quartix.com\/de-de\/#\/schema\/logo\/image\/"},"sameAs":["https:\/\/www.facebook.com\/Quartix-USA-374426386097401\/","https:\/\/x.com\/QuartixUSA","https:\/\/www.linkedin.com\/company\/5346733\/","https:\/\/www.youtube.com\/channel\/UCzS-_GMfHF4kWiCheyIRrAQ"]}]}},"_links":{"self":[{"href":"https:\/\/www.quartix.com\/de-de\/wp-json\/wp\/v2\/pages\/108985","targetHints":{"allow":["GET"]}}],"collection":[{"href":"https:\/\/www.quartix.com\/de-de\/wp-json\/wp\/v2\/pages"}],"about":[{"href":"https:\/\/www.quartix.com\/de-de\/wp-json\/wp\/v2\/types\/page"}],"author":[{"embeddable":true,"href":"https:\/\/www.quartix.com\/de-de\/wp-json\/wp\/v2\/users\/12"}],"replies":[{"embeddable":true,"href":"https:\/\/www.quartix.com\/de-de\/wp-json\/wp\/v2\/comments?post=108985"}],"version-history":[{"count":3,"href":"https:\/\/www.quartix.com\/de-de\/wp-json\/wp\/v2\/pages\/108985\/revisions"}],"predecessor-version":[{"id":130468,"href":"https:\/\/www.quartix.com\/de-de\/wp-json\/wp\/v2\/pages\/108985\/revisions\/130468"}],"wp:featuredmedia":[{"embeddable":true,"href":"https:\/\/www.quartix.com\/de-de\/wp-json\/wp\/v2\/media\/86384"}],"wp:attachment":[{"href":"https:\/\/www.quartix.com\/de-de\/wp-json\/wp\/v2\/media?parent=108985"}],"wp:term":[{"taxonomy":"topic","embeddable":true,"href":"https:\/\/www.quartix.com\/de-de\/wp-json\/wp\/v2\/topic?post=108985"},{"taxonomy":"qtx_campaign","embeddable":true,"href":"https:\/\/www.quartix.com\/de-de\/wp-json\/wp\/v2\/qtx_campaign?post=108985"}],"curies":[{"name":"wp","href":"https:\/\/api.w.org\/{rel}","templated":true}]}}