{"id":109002,"date":"2024-08-28T10:18:55","date_gmt":"2024-08-28T09:18:55","guid":{"rendered":"https:\/\/www.quartix.com\/?page_id=109002"},"modified":"2026-03-23T13:02:54","modified_gmt":"2026-03-23T12:02:54","slug":"leitfaden-fuer-kaufer-zur-fahrzeugverfolgung","status":"publish","type":"page","link":"https:\/\/www.quartix.com\/de-de\/leitfaden-fuer-kaufer-zur-fahrzeugverfolgung\/","title":{"rendered":"Buyer&#8217;s Guide To Vehicle Tracking"},"content":{"rendered":"\r\n<div   class=\"hero-block bighero\">\r\n    <img loading=\"lazy\" decoding=\"async\" width=\"940\" height=\"268\" src=\"https:\/\/www.quartix.com\/content\/uploads\/2024\/01\/US-roads-busy-2.png\" class=\"\" alt=\"\" \/>                <div class=\"hero-overlay\"><\/div>\r\n            \r\n\r\n\r\n    <div class=\"hero-content \">\r\n        <div class=\"inner limited-width\">\r\n                                                <h1 class=\"title\">Leitfaden f\u00fcr Fahrzeugortung<\/h1>\r\n                                <p class=\"text\">Stellen Sie die richtigen Fragen, um das beste GPS Ortungssystem f\u00fcr Ihr Unternehmen zu finden.<\/p>                                        <div class=\"buttons\">\r\n                    <a href=\"https:\/\/go.marketing.quartix.com\/Leitfaden_fur_Kaufer_zur_Fahrzeugverfolgung\" class=\"btn btn-green btn-inline\" target=\"_blank\" title=\"Leitfaden herunterladen\">Leitfaden herunterladen<\/a>\r\n                <\/div>\r\n                    <\/div>\r\n    <\/div>\r\n<\/div>\n\n\r\n<div   class=\"hero-block smallhero landing-cta\">\r\n            <div class=\"hero-overlay greybg\"><\/div>\r\n        <div class=\"hero-content greybg noimage\">\r\n        <div class=\"inner\">\r\n            <h2 class=\"title\">Entdecken Sie, was ein gutes Fahrzeugortungssystem ausmacht und wie Sie den gr\u00f6\u00dften Nutzen aus Ihrer Investition ziehen k\u00f6nnen<\/h2>            <div class=\"author\"><p>In diesem Leitfaden erfahren Sie:<\/p>\n<\/div>            <div class='landingctalist centrelist'><ul class='ticks fa-ul' style=''><li><span class='fa-li'><i class='fas fa-check-circle'><\/i><\/span>Welche Fahrzeugberichte die Produktivit\u00e4t verbessern k\u00f6nnen<\/li><li><span class='fa-li'><i class='fas fa-check-circle'><\/i><\/span>Welche telematischen Erkenntnisse Sie nutzen k\u00f6nnen, um Ihre Gesamtkosten zu senken<\/li><li><span class='fa-li'><i class='fas fa-check-circle'><\/i><\/span>Wie GPS-Ortung Ihnen dabei helfen kann, Ihre Fahrer zu sch\u00fctzen<\/li><\/ul><\/div>            \r\n                            <div class=\"buttons\">\r\n                    <a href=\"https:\/\/go.marketing.quartix.com\/Leitfaden_fur_Kaufer_zur_Fahrzeugverfolgung\" class=\"btn btn-green\" target=\"_blank\" title=\"Leitfaden herunterladen\">Leitfaden herunterladen<\/a>\r\n                <\/div>\r\n                    <\/div>\r\n    <\/div>\r\n<\/div>\n\n\r\n\r\n        <div  class=\"landingpageouter\" style=\"background-color:#ffffff ;\">\r\n        <div class=\"landingpagecolsblock twocols4060 \">\r\n            <div class=\"col1\">\r\n                <p class=\"pre-title\">VERBESSERUNG DER BETRIEBSABL\u00c4UFE<\/p>                                <div class='wysiwyg'><p>Entdecken Sie, wie ein Fahrzeugortungssystem mit Stundenzetteln, individuellen Berichten, automatischen Warnmeldungen und dem Komfort einer mobilen App dazu beitr\u00e4gt, dass Sie mehr Zeit haben, um sich auf das Wesentliche konzentrieren zu k\u00f6nnen.<\/p>\n<\/div>            <\/div>\r\n            <div class=\"col2\">\r\n                <div class=\"responsivemedia\"><img loading=\"lazy\" decoding=\"async\" width=\"640\" height=\"362\" src=\"https:\/\/www.quartix.com\/content\/uploads\/2023\/10\/man-working-on-vehicle-tracking-laws-1-768x434.png\" class=\"\" alt=\"\" srcset=\"https:\/\/www.quartix.com\/content\/uploads\/2023\/10\/man-working-on-vehicle-tracking-laws-1-768x434.png 768w, https:\/\/www.quartix.com\/content\/uploads\/2023\/10\/man-working-on-vehicle-tracking-laws-1-300x170.png 300w, https:\/\/www.quartix.com\/content\/uploads\/2023\/10\/man-working-on-vehicle-tracking-laws-1-1000x565.png 1000w, https:\/\/www.quartix.com\/content\/uploads\/2023\/10\/man-working-on-vehicle-tracking-laws-1.png 1200w\" sizes=\"auto, (max-width: 640px) 100vw, 640px\" \/><\/div>            <\/div>\r\n                        <\/div>\r\n    <\/div>\r\n\r\n\r\n\n\n\r\n\r\n        <div  class=\"landingpageouter\" style=\"background-color:#efefef ;\">\r\n        <div class=\"landingpagecolsblock twocols4060 swap-content\">\r\n            <div class=\"col1\">\r\n                <p class=\"pre-title\">SENKUNG DER KRAFTSTOFFKOSTEN<\/p>                                <div class='wysiwyg'><p>Bei den st\u00e4ndig steigenden Kraftstoffpreisen kann eine m\u00f6glichst effiziente Nutzung Ihres Fuhrparks einen gro\u00dfen Einfluss auf Ihren Gesch\u00e4ftsgewinn haben. Finden Sie heraus, wie Fahrzeugortung Ihnen helfen kann, Bereiche wie \u00fcberm\u00e4\u00dfigen Leerlauf zu identifizieren, in denen Verbesserungen m\u00f6glich sind.<\/p>\n<\/div>            <\/div>\r\n            <div class=\"col2\">\r\n                <div class=\"responsivemedia\"><img loading=\"lazy\" decoding=\"async\" width=\"640\" height=\"394\" src=\"https:\/\/www.quartix.com\/content\/uploads\/2021\/06\/FR-fuel-card-economies-carburant-768x473.png\" class=\"\" alt=\"La g\u00e9olocalisation de v\u00e9hicules permet d&#039;\u00e9conomiser sur les co\u00fbts de carburant et de maintenance de votre flotte\" srcset=\"https:\/\/www.quartix.com\/content\/uploads\/2021\/06\/FR-fuel-card-economies-carburant-768x473.png 768w, https:\/\/www.quartix.com\/content\/uploads\/2021\/06\/FR-fuel-card-economies-carburant-300x185.png 300w, https:\/\/www.quartix.com\/content\/uploads\/2021\/06\/FR-fuel-card-economies-carburant.png 929w\" sizes=\"auto, (max-width: 640px) 100vw, 640px\" \/><\/div>            <\/div>\r\n                        <\/div>\r\n    <\/div>\r\n\r\n\r\n\n\n\r\n\r\n        <div  class=\"landingpageouter\" style=\"background-color:#f8f8f8 ;\">\r\n        <div class=\"landingpagecolsblock twocols4060 \">\r\n            <div class=\"col1\">\r\n                <p class=\"pre-title\">UNTERST\u00dcTZUNG DER FAHRER<\/p>                                <div class='wysiwyg'><p>Erfahren Sie, wie Fahrzeugortung Ihrem Unternehmen die notwendigen Instrumente an die Hand gibt, um zu erkennen, welche Ihrer Fahrer zu besseren Fahrgewohnheiten ermutigt werden k\u00f6nnen, um so eine sicherere Flotte zu schaffen.<\/p>\n<\/div>            <\/div>\r\n            <div class=\"col2\">\r\n                <div class=\"responsivemedia\"><img loading=\"lazy\" decoding=\"async\" width=\"640\" height=\"414\" src=\"https:\/\/www.quartix.com\/content\/uploads\/2024\/01\/US-man-driving-truck.png\" class=\"\" alt=\"\" \/><\/div>            <\/div>\r\n                        <\/div>\r\n    <\/div>\r\n\r\n\r\n\n\n\r\n<div   class=\"hero-block smallhero landing-cta\">\r\n    <img loading=\"lazy\" decoding=\"async\" width=\"940\" height=\"408\" src=\"https:\/\/www.quartix.com\/content\/uploads\/2024\/01\/US-roads-busy.png\" class=\"\" alt=\"\" \/>        <div class=\"hero-overlay\"><\/div>\r\n        <div class=\"hero-content \">\r\n        <div class=\"inner\">\r\n            <h2 class=\"title\">Stellen Sie sicher, dass Sie den richtigen Anbieter f\u00fcr GPS- Ortung w\u00e4hlen<\/h2>            <div class=\"author\"><p>In diesem Leitfaden erfahren Sie, wie Sie das Unternehmen, in das Sie bei der Installation eines Telematiksystems investieren, beurteilen k\u00f6nnen, indem Sie um folgendes bitten:<\/p>\n<\/div>            <div class='landingctalist centrelist'><ul class='ticks fa-ul' style=''><li><span class='fa-li'><i class='fas fa-check-circle'><\/i><\/span>Eine umfassende Demonstration des Systems<\/li><li><span class='fa-li'><i class='fas fa-check-circle'><\/i><\/span>Einen kostenlosen Test des Systems<\/li><li><span class='fa-li'><i class='fas fa-check-circle'><\/i><\/span>Erfolgsgeschichten von Kunden aus \u00e4hnlichen Unternehmen<\/li><\/ul><\/div>            \r\n                            <div class=\"buttons\">\r\n                    <a href=\"https:\/\/go.marketing.quartix.com\/Leitfaden_fur_Kaufer_zur_Fahrzeugverfolgung\" class=\"btn btn-green\" target=\"_blank\" title=\"Leitfaden herunterladen\">Leitfaden herunterladen<\/a>\r\n                <\/div>\r\n                    <\/div>\r\n    <\/div>\r\n<\/div>\n\n\r\n<section class=\"qtx-pagebuilder-section qtx-pagebuilder-section-bannercontent  notopmargin \"\r\nstyle=\"background-color:#13AB5B; color: #FFFFFF;\">\r\n    <div class=\"bannercontentinner\">\r\n        <p style=\"text-align: center\">&#8220;Wir hatten von Anfang an und w\u00e4hrend des gesamten Entscheidungsprozesses eine ausgezeichnete Kommunikation. Wir erhielten alle Informationen, die wir brauchten, und<\/p>\n<p style=\"text-align: center\">nichts war Quartix zu viel,<\/p>\n<p style=\"text-align: center\">wenn wir um weitere Informationen baten. Wir hatten das Gef\u00fchl, dass das Paket genau das war, wonach wir gesucht hatten.\u201d<\/p>\n<p style=\"text-align: center\">&#8211; Andrew Davies, Logistica Geb\u00e4udemanagement<\/p>\n    <\/div>\r\n<\/section>\n\n\n<div class=\"wp-block-columns is-layout-flex wp-container-core-columns-is-layout-28f84493 wp-block-columns-is-layout-flex\">\n<div class=\"wp-block-column is-layout-flow wp-block-column-is-layout-flow\">\n<h2 class=\"wp-block-heading\" id=\"h-ihr-leitfaden-fur-vertrauensvolle-gps-anbieter\">Ihr Leitfaden f\u00fcr vertrauensvolle GPS- Anbieter<\/h2>\n\n\n\n<p>Erkennen Sie, was ein gutes Telematik System ausmacht und wie Sie es am besten nutzen k\u00f6nnen, um Ihre Prozesse zu optimieren.<\/p>\n\n\n    <div class=\"button-container \">\r\n<a href=\"https:\/\/go.marketing.quartix.com\/Leitfaden_fur_Kaufer_zur_Fahrzeugverfolgung\" class=\"btn pagebuilder-btn btn-green btn-light\" title=\"Leitfaden herunterladen\" target=\"_blank\">Leitfaden herunterladen<\/a>\r\n<\/div>\r\n<\/div>\n\n\n\n<div class=\"wp-block-column is-layout-flow wp-block-column-is-layout-flow\">\n<figure class=\"wp-block-image aligncenter size-full\"><img loading=\"lazy\" decoding=\"async\" width=\"545\" height=\"650\" src=\"https:\/\/www.quartix.com\/content\/uploads\/2024\/08\/IT-buyers-guide-formatted.png\" alt=\"\" class=\"wp-image-109064\" srcset=\"https:\/\/www.quartix.com\/content\/uploads\/2024\/08\/IT-buyers-guide-formatted.png 545w, https:\/\/www.quartix.com\/content\/uploads\/2024\/08\/IT-buyers-guide-formatted-252x300.png 252w\" sizes=\"auto, (max-width: 545px) 100vw, 545px\" \/><\/figure>\n<\/div>\n<\/div>\n","protected":false},"excerpt":{"rendered":"<p>Das richtige Ortungssystem sagt Ihnen nicht nur, wo sich Ihre Fahrzeuge befinden, sondern liefert auch Informationen, die f\u00fcr Ihren Gesch\u00e4ftsbetrieb direkt relevant sind. Laden Sie diesen vollst\u00e4ndigen K\u00e4uferleitfaden zur Auswahl eines Anbieters herunter.<\/p>\n","protected":false},"author":12,"featured_media":16459,"parent":0,"menu_order":3402,"comment_status":"closed","ping_status":"closed","template":"templates\/landing-pagebuilder.php","meta":{"_acf_changed":false,"inline_featured_image":false,"footnotes":""},"topic":[1866],"qtx_campaign":[],"class_list":["post-109002","page","type-page","status-publish","has-post-thumbnail","hentry","topic-effizienzsteigerungen-und-einsparungen"],"acf":[],"yoast_head":"<!-- This site is optimized with the Yoast SEO Premium plugin v27.3 (Yoast SEO v27.3) - https:\/\/yoast.com\/product\/yoast-seo-premium-wordpress\/ -->\n<title>Fahrzeugortung und Telematik: KOSTENLOSER Einkaufsleitfaden - DE<\/title>\n<meta name=\"description\" content=\"M\u00f6chten Sie in ein Fahrzeugortungssystem investieren? Laden Sie unseren KOSTENLOSEN Einkaufsf\u00fchrer herunter, der Ihnen bei der Auswahl des richtigen Systems f\u00fcr Ihre Anforderungen hilft. Rufen Sie uns noch heute an!\" \/>\n<meta name=\"robots\" content=\"index, follow, max-snippet:-1, max-image-preview:large, max-video-preview:-1\" \/>\n<link rel=\"canonical\" href=\"https:\/\/www.quartix.com\/de-de\/leitfaden-fuer-kaufer-zur-fahrzeugverfolgung\/\" \/>\n<meta property=\"og:locale\" content=\"de_DE\" \/>\n<meta property=\"og:type\" content=\"article\" \/>\n<meta property=\"og:title\" content=\"Buyer&#039;s Guide To Vehicle Tracking\" \/>\n<meta property=\"og:description\" content=\"M\u00f6chten Sie in ein Fahrzeugortungssystem investieren? Laden Sie unseren KOSTENLOSEN Einkaufsf\u00fchrer herunter, der Ihnen bei der Auswahl des richtigen Systems f\u00fcr Ihre Anforderungen hilft. Rufen Sie uns noch heute an!\" \/>\n<meta property=\"og:url\" content=\"https:\/\/www.quartix.com\/de-de\/leitfaden-fuer-kaufer-zur-fahrzeugverfolgung\/\" \/>\n<meta property=\"og:site_name\" content=\"Quartix\" \/>\n<meta property=\"article:publisher\" content=\"https:\/\/www.facebook.com\/Quartix-USA-374426386097401\/\" \/>\n<meta property=\"article:modified_time\" content=\"2026-03-23T12:02:54+00:00\" \/>\n<meta property=\"og:image\" content=\"https:\/\/www.quartix.com\/content\/uploads\/2019\/01\/2019-Buyers-Guide-image.jpg\" \/>\n\t<meta property=\"og:image:width\" content=\"775\" \/>\n\t<meta property=\"og:image:height\" content=\"720\" \/>\n\t<meta property=\"og:image:type\" content=\"image\/jpeg\" \/>\n<meta name=\"twitter:card\" content=\"summary_large_image\" \/>\n<meta name=\"twitter:site\" content=\"@QuartixUSA\" \/>\n<meta name=\"twitter:label1\" content=\"Est. reading time\" \/>\n\t<meta name=\"twitter:data1\" content=\"3 minutes\" \/>\n<!-- \/ Yoast SEO Premium plugin. -->","yoast_head_json":{"title":"Fahrzeugortung und Telematik: KOSTENLOSER Einkaufsleitfaden - DE","description":"M\u00f6chten Sie in ein Fahrzeugortungssystem investieren? Laden Sie unseren KOSTENLOSEN Einkaufsf\u00fchrer herunter, der Ihnen bei der Auswahl des richtigen Systems f\u00fcr Ihre Anforderungen hilft. Rufen Sie uns noch heute an!","robots":{"index":"index","follow":"follow","max-snippet":"max-snippet:-1","max-image-preview":"max-image-preview:large","max-video-preview":"max-video-preview:-1"},"canonical":"https:\/\/www.quartix.com\/de-de\/leitfaden-fuer-kaufer-zur-fahrzeugverfolgung\/","og_locale":"de_DE","og_type":"article","og_title":"Buyer's Guide To Vehicle Tracking","og_description":"M\u00f6chten Sie in ein Fahrzeugortungssystem investieren? Laden Sie unseren KOSTENLOSEN Einkaufsf\u00fchrer herunter, der Ihnen bei der Auswahl des richtigen Systems f\u00fcr Ihre Anforderungen hilft. Rufen Sie uns noch heute an!","og_url":"https:\/\/www.quartix.com\/de-de\/leitfaden-fuer-kaufer-zur-fahrzeugverfolgung\/","og_site_name":"Quartix","article_publisher":"https:\/\/www.facebook.com\/Quartix-USA-374426386097401\/","article_modified_time":"2026-03-23T12:02:54+00:00","og_image":[{"width":775,"height":720,"url":"https:\/\/www.quartix.com\/content\/uploads\/2019\/01\/2019-Buyers-Guide-image.jpg","type":"image\/jpeg"}],"twitter_card":"summary_large_image","twitter_site":"@QuartixUSA","twitter_misc":{"Est. reading time":"3 minutes"},"schema":{"@context":"https:\/\/schema.org","@graph":[{"@type":"WebPage","@id":"https:\/\/www.quartix.com\/de-de\/leitfaden-fuer-kaufer-zur-fahrzeugverfolgung\/","url":"https:\/\/www.quartix.com\/de-de\/leitfaden-fuer-kaufer-zur-fahrzeugverfolgung\/","name":"Fahrzeugortung und Telematik: KOSTENLOSER Einkaufsleitfaden","isPartOf":{"@id":"https:\/\/www.quartix.com\/de-de\/#website"},"primaryImageOfPage":{"@id":"https:\/\/www.quartix.com\/de-de\/leitfaden-fuer-kaufer-zur-fahrzeugverfolgung\/#primaryimage"},"image":{"@id":"https:\/\/www.quartix.com\/de-de\/leitfaden-fuer-kaufer-zur-fahrzeugverfolgung\/#primaryimage"},"thumbnailUrl":"https:\/\/www.quartix.com\/content\/uploads\/2019\/01\/2019-Buyers-Guide-image.jpg","datePublished":"2024-08-28T09:18:55+00:00","dateModified":"2026-03-23T12:02:54+00:00","description":"M\u00f6chten Sie in ein Fahrzeugortungssystem investieren? Laden Sie unseren KOSTENLOSEN Einkaufsf\u00fchrer herunter, der Ihnen bei der Auswahl des richtigen Systems f\u00fcr Ihre Anforderungen hilft. Rufen Sie uns noch heute an!","breadcrumb":{"@id":"https:\/\/www.quartix.com\/de-de\/leitfaden-fuer-kaufer-zur-fahrzeugverfolgung\/#breadcrumb"},"inLanguage":"de-DE","potentialAction":[{"@type":"ReadAction","target":["https:\/\/www.quartix.com\/de-de\/leitfaden-fuer-kaufer-zur-fahrzeugverfolgung\/"]}]},{"@type":"ImageObject","inLanguage":"de-DE","@id":"https:\/\/www.quartix.com\/de-de\/leitfaden-fuer-kaufer-zur-fahrzeugverfolgung\/#primaryimage","url":"https:\/\/www.quartix.com\/content\/uploads\/2019\/01\/2019-Buyers-Guide-image.jpg","contentUrl":"https:\/\/www.quartix.com\/content\/uploads\/2019\/01\/2019-Buyers-Guide-image.jpg","width":775,"height":720},{"@type":"BreadcrumbList","@id":"https:\/\/www.quartix.com\/de-de\/leitfaden-fuer-kaufer-zur-fahrzeugverfolgung\/#breadcrumb","itemListElement":[{"@type":"ListItem","position":1,"name":"Startseite","item":"https:\/\/www.quartix.com\/de-de\/die-nr-1-fahrzeugortungsloesung-fuer-flotten-jeder-groesse\/"},{"@type":"ListItem","position":2,"name":"Buyer&#8217;s Guide To Vehicle Tracking"}]},{"@type":"WebSite","@id":"https:\/\/www.quartix.com\/de-de\/#website","url":"https:\/\/www.quartix.com\/de-de\/","name":"Quartix","description":"Real-time vehicle tracking","publisher":{"@id":"https:\/\/www.quartix.com\/de-de\/#organization"},"potentialAction":[{"@type":"SearchAction","target":{"@type":"EntryPoint","urlTemplate":"https:\/\/www.quartix.com\/de-de\/?s={search_term_string}"},"query-input":{"@type":"PropertyValueSpecification","valueRequired":true,"valueName":"search_term_string"}}],"inLanguage":"de-DE"},{"@type":"Organization","@id":"https:\/\/www.quartix.com\/de-de\/#organization","name":"Quartix","url":"https:\/\/www.quartix.com\/de-de\/","logo":{"@type":"ImageObject","inLanguage":"de-DE","@id":"https:\/\/www.quartix.com\/de-de\/#\/schema\/logo\/image\/","url":"https:\/\/www.quartix.com\/content\/uploads\/2019\/02\/quartix-logo-eur.svg","contentUrl":"https:\/\/www.quartix.com\/content\/uploads\/2019\/02\/quartix-logo-eur.svg","width":1,"height":1,"caption":"Quartix"},"image":{"@id":"https:\/\/www.quartix.com\/de-de\/#\/schema\/logo\/image\/"},"sameAs":["https:\/\/www.facebook.com\/Quartix-USA-374426386097401\/","https:\/\/x.com\/QuartixUSA","https:\/\/www.linkedin.com\/company\/5346733\/","https:\/\/www.youtube.com\/channel\/UCzS-_GMfHF4kWiCheyIRrAQ"]}]}},"_links":{"self":[{"href":"https:\/\/www.quartix.com\/de-de\/wp-json\/wp\/v2\/pages\/109002","targetHints":{"allow":["GET"]}}],"collection":[{"href":"https:\/\/www.quartix.com\/de-de\/wp-json\/wp\/v2\/pages"}],"about":[{"href":"https:\/\/www.quartix.com\/de-de\/wp-json\/wp\/v2\/types\/page"}],"author":[{"embeddable":true,"href":"https:\/\/www.quartix.com\/de-de\/wp-json\/wp\/v2\/users\/12"}],"replies":[{"embeddable":true,"href":"https:\/\/www.quartix.com\/de-de\/wp-json\/wp\/v2\/comments?post=109002"}],"version-history":[{"count":1,"href":"https:\/\/www.quartix.com\/de-de\/wp-json\/wp\/v2\/pages\/109002\/revisions"}],"predecessor-version":[{"id":125369,"href":"https:\/\/www.quartix.com\/de-de\/wp-json\/wp\/v2\/pages\/109002\/revisions\/125369"}],"wp:featuredmedia":[{"embeddable":true,"href":"https:\/\/www.quartix.com\/de-de\/wp-json\/wp\/v2\/media\/16459"}],"wp:attachment":[{"href":"https:\/\/www.quartix.com\/de-de\/wp-json\/wp\/v2\/media?parent=109002"}],"wp:term":[{"taxonomy":"topic","embeddable":true,"href":"https:\/\/www.quartix.com\/de-de\/wp-json\/wp\/v2\/topic?post=109002"},{"taxonomy":"qtx_campaign","embeddable":true,"href":"https:\/\/www.quartix.com\/de-de\/wp-json\/wp\/v2\/qtx_campaign?post=109002"}],"curies":[{"name":"wp","href":"https:\/\/api.w.org\/{rel}","templated":true}]}}