{"id":109111,"date":"2024-08-29T14:53:23","date_gmt":"2024-08-29T13:53:23","guid":{"rendered":"https:\/\/www.quartix.com\/?page_id=109111"},"modified":"2026-03-30T16:11:01","modified_gmt":"2026-03-30T15:11:01","slug":"leitfaden-zur-fahrzeugverfolgung-im-baugewerbe","status":"publish","type":"page","link":"https:\/\/www.quartix.com\/de-de\/leitfaden-zur-fahrzeugverfolgung-im-baugewerbe\/","title":{"rendered":"Vehicle Tracking for Construction Companies"},"content":{"rendered":"\r\n<div   class=\"hero-block bighero\">\r\n    <img loading=\"lazy\" decoding=\"async\" width=\"1729\" height=\"528\" src=\"https:\/\/www.quartix.com\/content\/uploads\/2023\/10\/construction-lone-worker-2.png\" class=\"\" alt=\"\" srcset=\"https:\/\/www.quartix.com\/content\/uploads\/2023\/10\/construction-lone-worker-2.png 1729w, https:\/\/www.quartix.com\/content\/uploads\/2023\/10\/construction-lone-worker-2-300x92.png 300w, https:\/\/www.quartix.com\/content\/uploads\/2023\/10\/construction-lone-worker-2-1000x305.png 1000w, https:\/\/www.quartix.com\/content\/uploads\/2023\/10\/construction-lone-worker-2-768x235.png 768w, https:\/\/www.quartix.com\/content\/uploads\/2023\/10\/construction-lone-worker-2-1536x469.png 1536w\" sizes=\"auto, (max-width: 1729px) 100vw, 1729px\" \/>                <div class=\"hero-overlay\"><\/div>\r\n            \r\n\r\n\r\n    <div class=\"hero-content \">\r\n        <div class=\"inner limited-width\">\r\n                                                <h1 class=\"title\">Fahrzeugortung f\u00fcr das Baugewerbe<\/h1>\r\n                                <p class=\"text\">Entdecken Sie die Vorteile und Einsparungen, die GPS- Ortung Bauunternehmen bieten kann.<\/p>                                        <div class=\"buttons\">\r\n                    <a href=\"https:\/\/go.marketing.quartix.com\/Leitfaden_zur_Fahrzeugverfolgung_im_Baugewerbe\" class=\"btn btn-green btn-inline\" target=\"_blank\" title=\"Leitfaden herunterladen\">Leitfaden herunterladen<\/a>\r\n                <\/div>\r\n                    <\/div>\r\n    <\/div>\r\n<\/div>\n\n\r\n<div   class=\"hero-block smallhero landing-cta\">\r\n            <div class=\"hero-overlay whitebg\"><\/div>\r\n        <div class=\"hero-content whitebg noimage\">\r\n        <div class=\"inner\">\r\n            <h2 class=\"title\">Nutzen Sie Telematik zur \u00dcberwachung Ihrer Fahrzeuge, damit Sie sich auf die Aufgaben Ihres Kerngesch\u00e4fts konzentrieren k\u00f6nnen<\/h2>            <div class=\"author\"><p>In diesem Leitfaden erfahren Sie, wie Ihr Fahrzeugortungssystem Sie unterst\u00fctzen kann:<\/p>\n<\/div>            <div class='landingctalist centrelist'><ul class='ticks fa-ul' style=''><li><span class='fa-li'><i class='fas fa-check-circle'><\/i><\/span>Echtzeit Standort\u00fcbertragung.<\/li><li><span class='fa-li'><i class='fas fa-check-circle'><\/i><\/span>Eine Historie aller zur\u00fcckgelegter Strecken der letzten 12 Monate.<\/li><li><span class='fa-li'><i class='fas fa-check-circle'><\/i><\/span>Eine Fahrstilanalyse, die Ihnen helfen kann, Kosten einzusparen und die Produktivit\u00e4t zu steigern.<\/li><\/ul><\/div>            \r\n                            <div class=\"buttons\">\r\n                    <a href=\"https:\/\/go.marketing.quartix.com\/Leitfaden_zur_Fahrzeugverfolgung_im_Baugewerbe\" class=\"btn btn-green\" target=\"_blank\" title=\"Leitfaden herunterladen\">Leitfaden herunterladen<\/a>\r\n                <\/div>\r\n                    <\/div>\r\n    <\/div>\r\n<\/div>\n\n\r\n\r\n        <div  class=\"landingpageouter\" style=\"background-color:#f8f8f8 ;\">\r\n        <div class=\"landingpagecolsblock twocols4060 \">\r\n            <div class=\"col1\">\r\n                <p class=\"pre-title\">Rocky Branch Bauunternehmen<\/p>                <h2 class=\"\">Tom Benoit, Gesch\u00e4ftsf\u00fchrer<\/h2>                <div class='wysiwyg'><p>&#8220;Mit Quartix k\u00f6nnen wir sicherstellen, dass unsere Mitarbeiter p\u00fcnktlich an den ihnen zugewiesenen Standorten sind und dort bis zum Ende des Arbeitstages bleiben. Und wenn unsere Mitarbeiter Zeitkarten und Arbeitsbl\u00e4tter einreichen, k\u00f6nnen wir das Tracking-System nutzen, um die Informationen zu best\u00e4tigen.&#8221;<\/p>\n<\/div>            <\/div>\r\n            <div class=\"col2\">\r\n                <div class=\"responsivemedia\"><img loading=\"lazy\" decoding=\"async\" width=\"637\" height=\"539\" src=\"https:\/\/www.quartix.com\/content\/uploads\/2019\/07\/rocky-branch_1.jpg\" class=\"\" alt=\"\" srcset=\"https:\/\/www.quartix.com\/content\/uploads\/2019\/07\/rocky-branch_1.jpg 637w, https:\/\/www.quartix.com\/content\/uploads\/2019\/07\/rocky-branch_1-300x254.jpg 300w\" sizes=\"auto, (max-width: 637px) 100vw, 637px\" \/><\/div>            <\/div>\r\n                        <\/div>\r\n    <\/div>\r\n\r\n\r\n\n\n\r\n\r\n        <div  class=\"landingpageouter\" style=\"background-color:#ffffff ;\">\r\n        <div class=\"landingpagecolsblock twocols4060 swap-content\">\r\n            <div class=\"col1\">\r\n                <p class=\"pre-title\">Wie funktioniert es?<\/p>                <h2 class=\"\">Mit der Fahrzeugortung k\u00f6nnen Sie&#8230;<\/h2>                <div class='wysiwyg'><ul>\n<li>Ihr Fahrzeug und die Aufenthaltsorte Ihrer Mitarbeiter den ganzen Tag und die ganze Nacht \u00fcber im Auge behalten.<\/li>\n<li>Stellen Sie sicher, dass Ihren Kunden nur die Zeit in Rechnung gestellt wird, die Sie vor Ort verbracht haben und dass Ihre Mitarbeiter f\u00fcr die gesamte Zeit mit Fahrtberichten und Arbeitszeitnachweisen bezahlt werden.<\/li>\n<li>Beobachten Sie, wie sich Ihre Fahrer auf der Stra\u00dfe verhalten, und erkennen Sie, welche Fahrer mehr Nachhilfe ben\u00f6tigen, um einen sicheren Umgang mit Ihren Fahrzeugen zu gew\u00e4hrleisten.<\/li>\n<\/ul>\n<\/div>            <\/div>\r\n            <div class=\"col2\">\r\n                <div class=\"responsivemedia\"><img loading=\"lazy\" decoding=\"async\" width=\"640\" height=\"642\" src=\"https:\/\/www.quartix.com\/content\/uploads\/2023\/04\/Construction-digger-blue-sky-circle-768x770.png\" class=\"\" alt=\"\" srcset=\"https:\/\/www.quartix.com\/content\/uploads\/2023\/04\/Construction-digger-blue-sky-circle-768x770.png 768w, https:\/\/www.quartix.com\/content\/uploads\/2023\/04\/Construction-digger-blue-sky-circle-300x300.png 300w, https:\/\/www.quartix.com\/content\/uploads\/2023\/04\/Construction-digger-blue-sky-circle-150x150.png 150w, https:\/\/www.quartix.com\/content\/uploads\/2023\/04\/Construction-digger-blue-sky-circle.png 996w\" sizes=\"auto, (max-width: 640px) 100vw, 640px\" \/><\/div>            <\/div>\r\n                        <\/div>\r\n    <\/div>\r\n\r\n\r\n\n\n\r\n\r\n        <div  class=\"landingpageouter\" style=\"background-color:#f8f8f8 ;\">\r\n        <div class=\"landingpagecolsblock twocols4060 \">\r\n            <div class=\"col1\">\r\n                <p class=\"pre-title\">Ellenby Construction<\/p>                <h2 class=\"\">Pauline Brett, B\u00fcroleiterin<\/h2>                <div class='wysiwyg'><p>&#8220;Es ist gro\u00dfartig f\u00fcr uns, weil wir keine Zeiterfassungsb\u00f6gen mehr brauchen. Unsere Mitarbeiter m\u00fcssen den Papierkram nicht mehr erledigen; wir verwenden die t\u00e4glichen E-Mail-Berichte, um ihre Arbeitsstunden vor Ort zu protokollieren und daraus die L\u00f6hne zu berechnen. Das System spart uns definitiv Geld.&#8221;<\/p>\n<\/div>            <\/div>\r\n            <div class=\"col2\">\r\n                <div class=\"responsivemedia\"><img loading=\"lazy\" decoding=\"async\" width=\"640\" height=\"624\" src=\"https:\/\/www.quartix.com\/content\/uploads\/2023\/04\/Construction-worker-with-metal-frame-768x749.png\" class=\"\" alt=\"\" srcset=\"https:\/\/www.quartix.com\/content\/uploads\/2023\/04\/Construction-worker-with-metal-frame-768x749.png 768w, https:\/\/www.quartix.com\/content\/uploads\/2023\/04\/Construction-worker-with-metal-frame-300x293.png 300w, https:\/\/www.quartix.com\/content\/uploads\/2023\/04\/Construction-worker-with-metal-frame.png 800w\" sizes=\"auto, (max-width: 640px) 100vw, 640px\" \/><\/div>            <\/div>\r\n                        <\/div>\r\n    <\/div>\r\n\r\n\r\n\n\n\r\n<div   class=\"hero-block smallhero\">\r\n    <img loading=\"lazy\" decoding=\"async\" width=\"1326\" height=\"535\" src=\"https:\/\/www.quartix.com\/content\/uploads\/2024\/03\/Construction-Guide-Tracking-banner.png\" class=\"\" alt=\"\" \/>                <div class=\"hero-overlay\"><\/div>\r\n            \r\n\r\n\r\n    <div class=\"hero-content \">\r\n        <div class=\"inner\">\r\n                            <p class=\"title stylelikeh3\">Bieten Sie Ihren Kunden einen ausgezeichneten Service und betreiben Sie gleichzeitig eine sichere, verantwortungsbewusste Flotte.<\/p>                                                        <div class=\"buttons\">\r\n                    <a href=\"https:\/\/go.marketing.quartix.com\/Leitfaden_zur_Fahrzeugverfolgung_im_Baugewerbe\" class=\"btn btn-green btn-inline\" target=\"_blank\" title=\"Leitfaden herunterladen\">Leitfaden herunterladen<\/a>\r\n                <\/div>\r\n                    <\/div>\r\n    <\/div>\r\n<\/div>\n\n\n<div class=\"wp-block-columns is-layout-flex wp-container-core-columns-is-layout-28f84493 wp-block-columns-is-layout-flex\">\n<div class=\"wp-block-column is-layout-flow wp-block-column-is-layout-flow\">\n<h2 class=\"wp-block-heading\" id=\"h-ihr-leitfaden-zur-fahrzeugortung-in-der-bauindustrie\">Ihr Leitfaden zur Fahrzeugortung in der Bauindustrie<\/h2>\n\n\n\n<p>Sorgen Sie mit Fahrzeugortung daf\u00fcr, dass Ihr Unternehmen sicher und effizient arbeitet.<\/p>\n\n\n    <div class=\"button-container \">\r\n<a href=\"https:\/\/go.marketing.quartix.com\/Leitfaden_zur_Fahrzeugverfolgung_im_Baugewerbe\" class=\"btn pagebuilder-btn btn-green btn-light\" title=\"Leitfaden herunterladen\" target=\"_blank\">Leitfaden herunterladen<\/a>\r\n<\/div>\r\n<\/div>\n\n\n\n<div class=\"wp-block-column is-layout-flow wp-block-column-is-layout-flow\">\n<figure class=\"wp-block-image aligncenter size-full is-resized\"><img loading=\"lazy\" decoding=\"async\" width=\"545\" height=\"650\" src=\"https:\/\/www.quartix.com\/content\/uploads\/2024\/08\/de-construction-guide-formatted.png\" alt=\"\" class=\"wp-image-109115\" style=\"width:373px;height:auto\" srcset=\"https:\/\/www.quartix.com\/content\/uploads\/2024\/08\/de-construction-guide-formatted.png 545w, https:\/\/www.quartix.com\/content\/uploads\/2024\/08\/de-construction-guide-formatted-252x300.png 252w\" sizes=\"auto, (max-width: 545px) 100vw, 545px\" \/><\/figure>\n<\/div>\n<\/div>\n","protected":false},"excerpt":{"rendered":"<p>Quartix hat einen einfachen und schnellen kostenlosen Leitfaden erstellt, der speziell f\u00fcr die Bauindustrie entwickelt wurde und zeigt, wie die Fahrzeugverfolgung ein leistungsstarkes Tool zur Kostensenkung und Produktivit\u00e4tssteigerung sein kann.<\/p>\n","protected":false},"author":12,"featured_media":20101,"parent":0,"menu_order":3406,"comment_status":"closed","ping_status":"closed","template":"templates\/landing-pagebuilder.php","meta":{"_acf_changed":false,"inline_featured_image":false,"footnotes":""},"topic":[],"qtx_campaign":[],"class_list":["post-109111","page","type-page","status-publish","has-post-thumbnail","hentry"],"acf":[],"yoast_head":"<!-- This site is optimized with the Yoast SEO Premium plugin v27.2 (Yoast SEO v27.2) - https:\/\/yoast.com\/product\/yoast-seo-premium-wordpress\/ -->\n<title>KOSTENLOSER Leitfaden zur Fahrzeugverfolgung f\u00fcr Bauunternehmen - DE<\/title>\n<meta name=\"description\" content=\"Wir haben einen KOSTENLOSEN Leitfaden erstellt, der zeigt, wie die Fahrzeugverfolgung f\u00fcr Unternehmen in der Baubranche Kosten senken und die Produktivit\u00e4t steigern kann. Holen Sie sich eine KOSTENLOSE Demo!\" \/>\n<meta name=\"robots\" content=\"index, follow, max-snippet:-1, max-image-preview:large, max-video-preview:-1\" \/>\n<link rel=\"canonical\" href=\"https:\/\/www.quartix.com\/de-de\/leitfaden-zur-fahrzeugverfolgung-im-baugewerbe\/\" \/>\n<meta property=\"og:locale\" content=\"de_DE\" \/>\n<meta property=\"og:type\" content=\"article\" \/>\n<meta property=\"og:title\" content=\"Vehicle Tracking for Construction Companies\" \/>\n<meta property=\"og:description\" content=\"Wir haben einen KOSTENLOSEN Leitfaden erstellt, der zeigt, wie die Fahrzeugverfolgung f\u00fcr Unternehmen in der Baubranche Kosten senken und die Produktivit\u00e4t steigern kann. Holen Sie sich eine KOSTENLOSE Demo!\" \/>\n<meta property=\"og:url\" content=\"https:\/\/www.quartix.com\/de-de\/leitfaden-zur-fahrzeugverfolgung-im-baugewerbe\/\" \/>\n<meta property=\"og:site_name\" content=\"Quartix\" \/>\n<meta property=\"article:publisher\" content=\"https:\/\/www.facebook.com\/Quartix-USA-374426386097401\/\" \/>\n<meta property=\"article:modified_time\" content=\"2026-03-30T15:11:01+00:00\" \/>\n<meta property=\"og:image\" content=\"https:\/\/www.quartix.com\/content\/uploads\/2019\/01\/Construction-Guide-Tracking-scaled.jpg\" \/>\n\t<meta property=\"og:image:width\" content=\"5760\" \/>\n\t<meta property=\"og:image:height\" content=\"3840\" \/>\n\t<meta property=\"og:image:type\" content=\"image\/jpeg\" \/>\n<meta name=\"twitter:card\" content=\"summary_large_image\" \/>\n<meta name=\"twitter:site\" content=\"@QuartixUSA\" \/>\n<meta name=\"twitter:label1\" content=\"Est. reading time\" \/>\n\t<meta name=\"twitter:data1\" content=\"3 minutes\" \/>\n<!-- \/ Yoast SEO Premium plugin. -->","yoast_head_json":{"title":"KOSTENLOSER Leitfaden zur Fahrzeugverfolgung f\u00fcr Bauunternehmen - DE","description":"Wir haben einen KOSTENLOSEN Leitfaden erstellt, der zeigt, wie die Fahrzeugverfolgung f\u00fcr Unternehmen in der Baubranche Kosten senken und die Produktivit\u00e4t steigern kann. Holen Sie sich eine KOSTENLOSE Demo!","robots":{"index":"index","follow":"follow","max-snippet":"max-snippet:-1","max-image-preview":"max-image-preview:large","max-video-preview":"max-video-preview:-1"},"canonical":"https:\/\/www.quartix.com\/de-de\/leitfaden-zur-fahrzeugverfolgung-im-baugewerbe\/","og_locale":"de_DE","og_type":"article","og_title":"Vehicle Tracking for Construction Companies","og_description":"Wir haben einen KOSTENLOSEN Leitfaden erstellt, der zeigt, wie die Fahrzeugverfolgung f\u00fcr Unternehmen in der Baubranche Kosten senken und die Produktivit\u00e4t steigern kann. Holen Sie sich eine KOSTENLOSE Demo!","og_url":"https:\/\/www.quartix.com\/de-de\/leitfaden-zur-fahrzeugverfolgung-im-baugewerbe\/","og_site_name":"Quartix","article_publisher":"https:\/\/www.facebook.com\/Quartix-USA-374426386097401\/","article_modified_time":"2026-03-30T15:11:01+00:00","og_image":[{"width":5760,"height":3840,"url":"https:\/\/www.quartix.com\/content\/uploads\/2019\/01\/Construction-Guide-Tracking-scaled.jpg","type":"image\/jpeg"}],"twitter_card":"summary_large_image","twitter_site":"@QuartixUSA","twitter_misc":{"Est. reading time":"3 minutes"},"schema":{"@context":"https:\/\/schema.org","@graph":[{"@type":"WebPage","@id":"https:\/\/www.quartix.com\/de-de\/leitfaden-zur-fahrzeugverfolgung-im-baugewerbe\/","url":"https:\/\/www.quartix.com\/de-de\/leitfaden-zur-fahrzeugverfolgung-im-baugewerbe\/","name":"KOSTENLOSER Leitfaden zur Fahrzeugverfolgung f\u00fcr Bauunternehmen","isPartOf":{"@id":"https:\/\/www.quartix.com\/de-de\/#website"},"primaryImageOfPage":{"@id":"https:\/\/www.quartix.com\/de-de\/leitfaden-zur-fahrzeugverfolgung-im-baugewerbe\/#primaryimage"},"image":{"@id":"https:\/\/www.quartix.com\/de-de\/leitfaden-zur-fahrzeugverfolgung-im-baugewerbe\/#primaryimage"},"thumbnailUrl":"https:\/\/www.quartix.com\/content\/uploads\/2019\/01\/Construction-Guide-Tracking-scaled.jpg","datePublished":"2024-08-29T13:53:23+00:00","dateModified":"2026-03-30T15:11:01+00:00","description":"Wir haben einen KOSTENLOSEN Leitfaden erstellt, der zeigt, wie die Fahrzeugverfolgung f\u00fcr Unternehmen in der Baubranche Kosten senken und die Produktivit\u00e4t steigern kann. Holen Sie sich eine KOSTENLOSE Demo!","breadcrumb":{"@id":"https:\/\/www.quartix.com\/de-de\/leitfaden-zur-fahrzeugverfolgung-im-baugewerbe\/#breadcrumb"},"inLanguage":"de-DE","potentialAction":[{"@type":"ReadAction","target":["https:\/\/www.quartix.com\/de-de\/leitfaden-zur-fahrzeugverfolgung-im-baugewerbe\/"]}]},{"@type":"ImageObject","inLanguage":"de-DE","@id":"https:\/\/www.quartix.com\/de-de\/leitfaden-zur-fahrzeugverfolgung-im-baugewerbe\/#primaryimage","url":"https:\/\/www.quartix.com\/content\/uploads\/2019\/01\/Construction-Guide-Tracking-scaled.jpg","contentUrl":"https:\/\/www.quartix.com\/content\/uploads\/2019\/01\/Construction-Guide-Tracking-scaled.jpg","width":5760,"height":3840},{"@type":"BreadcrumbList","@id":"https:\/\/www.quartix.com\/de-de\/leitfaden-zur-fahrzeugverfolgung-im-baugewerbe\/#breadcrumb","itemListElement":[{"@type":"ListItem","position":1,"name":"Startseite","item":"https:\/\/www.quartix.com\/de-de\/die-nr-1-fahrzeugortungsloesung-fuer-flotten-jeder-groesse\/"},{"@type":"ListItem","position":2,"name":"Vehicle Tracking for Construction Companies"}]},{"@type":"WebSite","@id":"https:\/\/www.quartix.com\/de-de\/#website","url":"https:\/\/www.quartix.com\/de-de\/","name":"Quartix","description":"Real-time vehicle tracking","publisher":{"@id":"https:\/\/www.quartix.com\/de-de\/#organization"},"potentialAction":[{"@type":"SearchAction","target":{"@type":"EntryPoint","urlTemplate":"https:\/\/www.quartix.com\/de-de\/?s={search_term_string}"},"query-input":{"@type":"PropertyValueSpecification","valueRequired":true,"valueName":"search_term_string"}}],"inLanguage":"de-DE"},{"@type":"Organization","@id":"https:\/\/www.quartix.com\/de-de\/#organization","name":"Quartix","url":"https:\/\/www.quartix.com\/de-de\/","logo":{"@type":"ImageObject","inLanguage":"de-DE","@id":"https:\/\/www.quartix.com\/de-de\/#\/schema\/logo\/image\/","url":"https:\/\/www.quartix.com\/content\/uploads\/2019\/02\/quartix-logo-eur.svg","contentUrl":"https:\/\/www.quartix.com\/content\/uploads\/2019\/02\/quartix-logo-eur.svg","width":1,"height":1,"caption":"Quartix"},"image":{"@id":"https:\/\/www.quartix.com\/de-de\/#\/schema\/logo\/image\/"},"sameAs":["https:\/\/www.facebook.com\/Quartix-USA-374426386097401\/","https:\/\/x.com\/QuartixUSA","https:\/\/www.linkedin.com\/company\/5346733\/","https:\/\/www.youtube.com\/channel\/UCzS-_GMfHF4kWiCheyIRrAQ"]}]}},"_links":{"self":[{"href":"https:\/\/www.quartix.com\/de-de\/wp-json\/wp\/v2\/pages\/109111","targetHints":{"allow":["GET"]}}],"collection":[{"href":"https:\/\/www.quartix.com\/de-de\/wp-json\/wp\/v2\/pages"}],"about":[{"href":"https:\/\/www.quartix.com\/de-de\/wp-json\/wp\/v2\/types\/page"}],"author":[{"embeddable":true,"href":"https:\/\/www.quartix.com\/de-de\/wp-json\/wp\/v2\/users\/12"}],"replies":[{"embeddable":true,"href":"https:\/\/www.quartix.com\/de-de\/wp-json\/wp\/v2\/comments?post=109111"}],"version-history":[{"count":2,"href":"https:\/\/www.quartix.com\/de-de\/wp-json\/wp\/v2\/pages\/109111\/revisions"}],"predecessor-version":[{"id":130466,"href":"https:\/\/www.quartix.com\/de-de\/wp-json\/wp\/v2\/pages\/109111\/revisions\/130466"}],"wp:featuredmedia":[{"embeddable":true,"href":"https:\/\/www.quartix.com\/de-de\/wp-json\/wp\/v2\/media\/20101"}],"wp:attachment":[{"href":"https:\/\/www.quartix.com\/de-de\/wp-json\/wp\/v2\/media?parent=109111"}],"wp:term":[{"taxonomy":"topic","embeddable":true,"href":"https:\/\/www.quartix.com\/de-de\/wp-json\/wp\/v2\/topic?post=109111"},{"taxonomy":"qtx_campaign","embeddable":true,"href":"https:\/\/www.quartix.com\/de-de\/wp-json\/wp\/v2\/qtx_campaign?post=109111"}],"curies":[{"name":"wp","href":"https:\/\/api.w.org\/{rel}","templated":true}]}}