{"id":111458,"date":"2024-09-26T17:43:56","date_gmt":"2024-09-26T16:43:56","guid":{"rendered":"https:\/\/www.quartix.com\/?page_id=111458"},"modified":"2026-03-23T13:12:56","modified_gmt":"2026-03-23T12:12:56","slug":"datenschutz-fuer-fahrer","status":"publish","type":"page","link":"https:\/\/www.quartix.com\/de-de\/datenschutz-fuer-fahrer\/","title":{"rendered":"Datenschutz f\u00fcr Fahrer"},"content":{"rendered":"<div class=\"hero-block-with-list-wrapper \">\r\n    <div \r\n         \r\n        class=\"hero-block-with-list\"\r\n    >\r\n        <div class=\"hero-content\">\r\n            <div class=\"inner\">\r\n                                            <h1 class=\"title \">Respektieren Sie die Privatsph\u00e4re Ihrer Fahrer, w\u00e4hrend Sie Ihre Flotte effizient verwalten<\/h1>\r\n                                                                                <ul class=\"stylelikeh4\">\r\n                            <li><span class='tickicon'><\/span>Steigern Sie die Fahrerzufriedenheit: Respekt vor der Privatsph\u00e4re erh\u00f6ht die Arbeitszufriedenheit.<\/li><li><span class='tickicon'><\/span>Vertrauen st\u00e4rken: Fahrer f\u00fchlen sich gewertsch\u00e4tzt, wenn ihre pers\u00f6nliche Zeit respektiert wird.<\/li><li><span class='tickicon'><\/span>Verhindern Sie unautorisierte Praktiken: Reduziert das Risiko, dass Fahrer GPS-St\u00f6rger\u00e4te verwenden.<\/li>                    <\/ul>\r\n                                                        <div class=\"buttons\">\r\n                        <a href=\"https:\/\/www.quartix.com\/de-de\/demo\/\" class=\"btn btn-green cta\" target=\"_blank\" title=\"Jetzt loslegen\">Jetzt loslegen<\/a>\r\n                                            <\/div>\r\n                                <p class=\"stylelikeh4\">Unser Ansatz <span class=\"green bold\">priorisiert<\/span> sowohl Ihre betrieblichen Bed\u00fcrfnisse als auch den Komfort Ihrer Fahrer.<\/p>            <\/div>\r\n        <\/div>\r\n                    <div class=\"hero-image\" style=\"flex-basis: 50%\">\r\n                <img loading=\"lazy\" decoding=\"async\" width=\"1440\" height=\"1080\" src=\"https:\/\/www.quartix.com\/content\/uploads\/2024\/09\/Artboard-\u2013-57-1440x1080.png\" class=\"desktop\" alt=\"\" style=\"margin: 50px 0;\" srcset=\"https:\/\/www.quartix.com\/content\/uploads\/2024\/09\/Artboard-\u2013-57-1440x1080.png 1440w, https:\/\/www.quartix.com\/content\/uploads\/2024\/09\/Artboard-\u2013-57-300x225.png 300w, https:\/\/www.quartix.com\/content\/uploads\/2024\/09\/Artboard-\u2013-57-1000x750.png 1000w, https:\/\/www.quartix.com\/content\/uploads\/2024\/09\/Artboard-\u2013-57-768x576.png 768w, https:\/\/www.quartix.com\/content\/uploads\/2024\/09\/Artboard-\u2013-57-1536x1152.png 1536w, https:\/\/www.quartix.com\/content\/uploads\/2024\/09\/Artboard-\u2013-57.png 1920w\" sizes=\"auto, (max-width: 1440px) 100vw, 1440px\" \/>                            <\/div>\r\n            <\/div>\r\n<\/div>\n\n\r\n<section  class=\"qtx-pagebuilder-section qtx-pagebuilder-section-benefits \">\r\n    <div class=\"widthwrapper\">\r\n        <div class=\"benefits\">\r\n                            <h3>Wie der Datenschutz f\u00fcr Fahrer funktioniert<\/h3>\r\n                                        <p>Unsere innovative Funktion erm\u00f6glicht es Fahrern, ihre Fahraktivit\u00e4ten in bestimmten Zeitr\u00e4umen zu verbergen. Bei Aktivierung werden die genauen Start- und Stopp-Punkte des Fahrzeugs verborgen, aber wichtige Daten wie Echtzeitposition, Geschwindigkeit und Motorleistung bleiben f\u00fcr Sie zug\u00e4nglich. So k\u00f6nnen Sie die Flottenkosten effektiv verwalten, ohne die Privatsph\u00e4re Ihrer Fahrer zu verletzen.<\/p>\r\n                                        <h4>Hauptmerkmale unseres Datenschutzes:<\/h4>\r\n                                        <ul>\r\n                                                                        <li>\r\n                                <span class=\"fa-li\"><i class=\"fas fa-check-circle\"><\/i><\/span>\r\n                                Verborgene Orte: Versteckt Start- und Stopp-Punkte bei privater Nutzung.                            <\/li>\r\n                                                                                                <li>\r\n                                <span class=\"fa-li\"><i class=\"fas fa-check-circle\"><\/i><\/span>\r\n                                Wichtige Daten zug\u00e4nglich: Behalten Sie den \u00dcberblick \u00fcber Kilometerstand und Fahrzeugzustand.                            <\/li>\r\n                                                                                                <li>\r\n                                <span class=\"fa-li\"><i class=\"fas fa-check-circle\"><\/i><\/span>\r\n                                Ausnahmezugriff: Rufen Sie versteckte Daten in F\u00e4llen wie Unf\u00e4llen ab.                            <\/li>\r\n                                                            <\/ul>\r\n                                        <a href=\"https:\/\/www.quartix.com\/de-de\/demo\/\" class=\"btn btn-green btn-inline\">\r\n                    Jetzt loslegen                <\/a>\r\n                    <\/div>  \r\n                    <div class=\"image\">\r\n                <img decoding=\"async\" src=\"https:\/\/www.quartix.com\/content\/uploads\/2024\/09\/Artboard-\u2013-60.png\" alt=\"\">\r\n            <\/div>\r\n            <\/div>\r\n<\/section>\n\n\r\n<section  class=\"qtx-pagebuilder-section qtx-pagebuilder-section-benefits flipped\">\r\n    <div class=\"widthwrapper\">\r\n        <div class=\"benefits\">\r\n                            <h3>Vorteile einer diskreten L\u00f6sung<\/h3>\r\n                                        <p>Im Gegensatz zu Mitbewerbern, die physische Tasten oder zus\u00e4tzliche Hardware in Fahrzeugen erfordern, ist unsere L\u00f6sung vollst\u00e4ndig softwarebasiert. Fahrer k\u00f6nnen den Datenschutz einfach aktivieren, indem sie sich in ihr Konto einloggen, was den Bedarf an zus\u00e4tzlichen Ger\u00e4ten eliminiert. Dieser Ansatz spart Zeit und Geld und verhindert m\u00f6gliche Fahrzeugsch\u00e4den durch unn\u00f6tige Installationen.<\/p>\r\n                                        <h4>Vorteile unseres softwarebasierten Ansatzes:<\/h4>\r\n                                        <ul>\r\n                                                                        <li>\r\n                                <span class=\"fa-li\"><i class=\"fas fa-check-circle\"><\/i><\/span>\r\n                                Kosteneinsparungen: Keine zus\u00e4tzlichen Hardware- oder Installationsgeb\u00fchren.                            <\/li>\r\n                                                                                                <li>\r\n                                <span class=\"fa-li\"><i class=\"fas fa-check-circle\"><\/i><\/span>\r\n                                Fahrzeugintegrit\u00e4t: Vermeiden Sie Sch\u00e4den oder Unordnung durch zus\u00e4tzliche Ger\u00e4te.                            <\/li>\r\n                                                                                                <li>\r\n                                <span class=\"fa-li\"><i class=\"fas fa-check-circle\"><\/i><\/span>\r\n                                Benutzerfreundlich: Einfache Aktivierung verbessert die Fahrerfahrung.                            <\/li>\r\n                                                            <\/ul>\r\n                                        <a href=\"https:\/\/www.quartix.com\/de-de\/demo\/\" class=\"btn btn-green btn-inline\">\r\n                    Jetzt loslegen                <\/a>\r\n                    <\/div>  \r\n                    <div class=\"image\">\r\n                <img decoding=\"async\" src=\"https:\/\/www.quartix.com\/content\/uploads\/2024\/09\/Artboard-\u2013-58.png\" alt=\"\">\r\n            <\/div>\r\n            <\/div>\r\n<\/section>\n\n\r\n<section  class=\"qtx-pagebuilder-section qtx-pagebuilder-section-benefits \">\r\n    <div class=\"widthwrapper\">\r\n        <div class=\"benefits\">\r\n                            <h3>Einhaltung von Datenschutzbestimmungen<\/h3>\r\n                                        <p>Die Einhaltung von Datenschutzgesetzen ist f\u00fcr jedes Unternehmen in der heutigen regulatorischen Umgebung von entscheidender Bedeutung.<\/p>\r\n                                        <h4>Unsere Datenschutzfunktion hilft Ihnen, gesetzeskonform zu bleiben:<\/h4>\r\n                                        <ul>\r\n                                                                        <li>\r\n                                <span class=\"fa-li\"><i class=\"fas fa-check-circle\"><\/i><\/span>\r\n                                Sch\u00fctzen Sie sensible Informationen wie Heimadressen und h\u00e4ufig besuchte Orte.                            <\/li>\r\n                                                                                                <li>\r\n                                <span class=\"fa-li\"><i class=\"fas fa-check-circle\"><\/i><\/span>\r\n                                Eingebaute Funktionen erleichtern die Einhaltung von Vorschriften.                            <\/li>\r\n                                                                                                <li>\r\n                                <span class=\"fa-li\"><i class=\"fas fa-check-circle\"><\/i><\/span>\r\n                                Verringern Sie das Risiko von Datenschutzbeschwerden oder Bu\u00dfgeldern.                            <\/li>\r\n                                                            <\/ul>\r\n                                        <a href=\"https:\/\/www.quartix.com\/de-de\/demo\/\" class=\"btn btn-green btn-inline\">\r\n                    Jetzt loslegen                <\/a>\r\n                    <\/div>  \r\n                    <div class=\"image\">\r\n                <img decoding=\"async\" src=\"https:\/\/www.quartix.com\/content\/uploads\/2024\/09\/Artboard-\u2013-59.png\" alt=\"\">\r\n            <\/div>\r\n            <\/div>\r\n<\/section>\n\n<section  class=\"qtx-pagebuilder-section qtx-pagebuilder-section-title widthwrapper\">\r\n    <h2>Treffen Sie die richtige Wahl f\u00fcr Ihr Unternehmen und Ihr Team. Handeln Sie jetzt.<\/h2>\r\n<\/section>\n\n<section  class=\"qtx-pagebuilder-section qtx-pagebuilder-section-text widthwrapper\">\r\n    <p class=\"p1\" style=\"text-align: center;\">Die Wahrung der Privatsph\u00e4re Ihrer Fahrer schlie\u00dft effiziente Flottenprozesse nicht aus. Unsere Datenschutzfunktion bietet die perfekte Balance und sorgt daf\u00fcr, dass Ihre Abl\u00e4ufe reibungslos verlaufen, w\u00e4hrend sich Ihre Fahrer gesch\u00e4tzt und respektiert f\u00fchlen.<\/p>\n<\/section>\r\n","protected":false},"excerpt":{"rendered":"","protected":false},"author":219,"featured_media":0,"parent":0,"menu_order":0,"comment_status":"closed","ping_status":"closed","template":"templates\/landing-pagebuilder.php","meta":{"_acf_changed":false,"inline_featured_image":false,"footnotes":""},"topic":[],"qtx_campaign":[],"class_list":["post-111458","page","type-page","status-publish","hentry"],"acf":[],"yoast_head":"<!-- This site is optimized with the Yoast SEO Premium plugin v27.2 (Yoast SEO v27.2) - https:\/\/yoast.com\/product\/yoast-seo-premium-wordpress\/ -->\n<title>Datenschutz f\u00fcr Fahrer - DE<\/title>\n<meta name=\"description\" content=\"Erfahren Sie, wie Quartix den Datenschutz f\u00fcr Fahrer gew\u00e4hrleistet: private Fahrten verbergen, sensible Daten sch\u00fctzen und gleichzeitig die Flotteneffizienz erhalten.\" \/>\n<meta name=\"robots\" content=\"index, follow, max-snippet:-1, max-image-preview:large, max-video-preview:-1\" \/>\n<link rel=\"canonical\" href=\"https:\/\/www.quartix.com\/de-de\/datenschutz-fuer-fahrer\/\" \/>\n<meta property=\"og:locale\" content=\"de_DE\" \/>\n<meta property=\"og:type\" content=\"article\" \/>\n<meta property=\"og:title\" content=\"Datenschutz f\u00fcr Fahrer\" \/>\n<meta property=\"og:description\" content=\"Erfahren Sie, wie Quartix den Datenschutz f\u00fcr Fahrer gew\u00e4hrleistet: private Fahrten verbergen, sensible Daten sch\u00fctzen und gleichzeitig die Flotteneffizienz erhalten.\" \/>\n<meta property=\"og:url\" content=\"https:\/\/www.quartix.com\/de-de\/datenschutz-fuer-fahrer\/\" \/>\n<meta property=\"og:site_name\" content=\"Quartix\" \/>\n<meta property=\"article:publisher\" content=\"https:\/\/www.facebook.com\/Quartix-USA-374426386097401\/\" \/>\n<meta property=\"article:modified_time\" content=\"2026-03-23T12:12:56+00:00\" \/>\n<meta name=\"twitter:card\" content=\"summary_large_image\" \/>\n<meta name=\"twitter:site\" content=\"@QuartixUSA\" \/>\n<meta name=\"twitter:label1\" content=\"Est. reading time\" \/>\n\t<meta name=\"twitter:data1\" content=\"3 minutes\" \/>\n<!-- \/ Yoast SEO Premium plugin. -->","yoast_head_json":{"title":"Datenschutz f\u00fcr Fahrer - DE","description":"Erfahren Sie, wie Quartix den Datenschutz f\u00fcr Fahrer gew\u00e4hrleistet: private Fahrten verbergen, sensible Daten sch\u00fctzen und gleichzeitig die Flotteneffizienz erhalten.","robots":{"index":"index","follow":"follow","max-snippet":"max-snippet:-1","max-image-preview":"max-image-preview:large","max-video-preview":"max-video-preview:-1"},"canonical":"https:\/\/www.quartix.com\/de-de\/datenschutz-fuer-fahrer\/","og_locale":"de_DE","og_type":"article","og_title":"Datenschutz f\u00fcr Fahrer","og_description":"Erfahren Sie, wie Quartix den Datenschutz f\u00fcr Fahrer gew\u00e4hrleistet: private Fahrten verbergen, sensible Daten sch\u00fctzen und gleichzeitig die Flotteneffizienz erhalten.","og_url":"https:\/\/www.quartix.com\/de-de\/datenschutz-fuer-fahrer\/","og_site_name":"Quartix","article_publisher":"https:\/\/www.facebook.com\/Quartix-USA-374426386097401\/","article_modified_time":"2026-03-23T12:12:56+00:00","twitter_card":"summary_large_image","twitter_site":"@QuartixUSA","twitter_misc":{"Est. reading time":"3 minutes"},"schema":{"@context":"https:\/\/schema.org","@graph":[{"@type":"WebPage","@id":"https:\/\/www.quartix.com\/de-de\/datenschutz-fuer-fahrer\/","url":"https:\/\/www.quartix.com\/de-de\/datenschutz-fuer-fahrer\/","name":"Datenschutz f\u00fcr Fahrer","isPartOf":{"@id":"https:\/\/www.quartix.com\/de-de\/#website"},"datePublished":"2024-09-26T16:43:56+00:00","dateModified":"2026-03-23T12:12:56+00:00","description":"Erfahren Sie, wie Quartix den Datenschutz f\u00fcr Fahrer gew\u00e4hrleistet: private Fahrten verbergen, sensible Daten sch\u00fctzen und gleichzeitig die Flotteneffizienz erhalten.","breadcrumb":{"@id":"https:\/\/www.quartix.com\/de-de\/datenschutz-fuer-fahrer\/#breadcrumb"},"inLanguage":"de-DE","potentialAction":[{"@type":"ReadAction","target":["https:\/\/www.quartix.com\/de-de\/datenschutz-fuer-fahrer\/"]}]},{"@type":"BreadcrumbList","@id":"https:\/\/www.quartix.com\/de-de\/datenschutz-fuer-fahrer\/#breadcrumb","itemListElement":[{"@type":"ListItem","position":1,"name":"Startseite","item":"https:\/\/www.quartix.com\/de-de\/die-nr-1-fahrzeugortungsloesung-fuer-flotten-jeder-groesse\/"},{"@type":"ListItem","position":2,"name":"Datenschutz f\u00fcr Fahrer"}]},{"@type":"WebSite","@id":"https:\/\/www.quartix.com\/de-de\/#website","url":"https:\/\/www.quartix.com\/de-de\/","name":"Quartix","description":"Real-time vehicle tracking","publisher":{"@id":"https:\/\/www.quartix.com\/de-de\/#organization"},"potentialAction":[{"@type":"SearchAction","target":{"@type":"EntryPoint","urlTemplate":"https:\/\/www.quartix.com\/de-de\/?s={search_term_string}"},"query-input":{"@type":"PropertyValueSpecification","valueRequired":true,"valueName":"search_term_string"}}],"inLanguage":"de-DE"},{"@type":"Organization","@id":"https:\/\/www.quartix.com\/de-de\/#organization","name":"Quartix","url":"https:\/\/www.quartix.com\/de-de\/","logo":{"@type":"ImageObject","inLanguage":"de-DE","@id":"https:\/\/www.quartix.com\/de-de\/#\/schema\/logo\/image\/","url":"https:\/\/www.quartix.com\/content\/uploads\/2019\/02\/quartix-logo-eur.svg","contentUrl":"https:\/\/www.quartix.com\/content\/uploads\/2019\/02\/quartix-logo-eur.svg","width":1,"height":1,"caption":"Quartix"},"image":{"@id":"https:\/\/www.quartix.com\/de-de\/#\/schema\/logo\/image\/"},"sameAs":["https:\/\/www.facebook.com\/Quartix-USA-374426386097401\/","https:\/\/x.com\/QuartixUSA","https:\/\/www.linkedin.com\/company\/5346733\/","https:\/\/www.youtube.com\/channel\/UCzS-_GMfHF4kWiCheyIRrAQ"]}]}},"_links":{"self":[{"href":"https:\/\/www.quartix.com\/de-de\/wp-json\/wp\/v2\/pages\/111458","targetHints":{"allow":["GET"]}}],"collection":[{"href":"https:\/\/www.quartix.com\/de-de\/wp-json\/wp\/v2\/pages"}],"about":[{"href":"https:\/\/www.quartix.com\/de-de\/wp-json\/wp\/v2\/types\/page"}],"author":[{"embeddable":true,"href":"https:\/\/www.quartix.com\/de-de\/wp-json\/wp\/v2\/users\/219"}],"replies":[{"embeddable":true,"href":"https:\/\/www.quartix.com\/de-de\/wp-json\/wp\/v2\/comments?post=111458"}],"version-history":[{"count":2,"href":"https:\/\/www.quartix.com\/de-de\/wp-json\/wp\/v2\/pages\/111458\/revisions"}],"predecessor-version":[{"id":125480,"href":"https:\/\/www.quartix.com\/de-de\/wp-json\/wp\/v2\/pages\/111458\/revisions\/125480"}],"wp:attachment":[{"href":"https:\/\/www.quartix.com\/de-de\/wp-json\/wp\/v2\/media?parent=111458"}],"wp:term":[{"taxonomy":"topic","embeddable":true,"href":"https:\/\/www.quartix.com\/de-de\/wp-json\/wp\/v2\/topic?post=111458"},{"taxonomy":"qtx_campaign","embeddable":true,"href":"https:\/\/www.quartix.com\/de-de\/wp-json\/wp\/v2\/qtx_campaign?post=111458"}],"curies":[{"name":"wp","href":"https:\/\/api.w.org\/{rel}","templated":true}]}}