{"id":118302,"date":"2025-03-13T00:09:16","date_gmt":"2025-03-12T23:09:16","guid":{"rendered":"https:\/\/www.quartix.com\/?page_id=118302"},"modified":"2025-07-18T14:42:48","modified_gmt":"2025-07-18T13:42:48","slug":"das-fuehrungsteam","status":"publish","type":"page","link":"https:\/\/www.quartix.com\/de-de\/das-fuehrungsteam\/","title":{"rendered":"Das F\u00fchrungsteam"},"content":{"rendered":"\n<p class=\"has-text-align-center\">Unser F\u00fchrungsteam bietet strategische Leitung und stellt sicher, dass Quartix weiterhin au\u00dfergew\u00f6hnliche und zuverl\u00e4ssige L\u00f6sungen f\u00fcr unsere Kunden bereitstellt. Jedes Mitglied tr\u00e4gt mit umfassender Branchenerfahrung zur Unternehmensentwicklung, betrieblichen Effizienz und langfristigen Vision bei. <\/p>\n\n\n\n<h2 class=\"wp-block-heading has-text-align-center\" id=\"h-lernen-sie-unser-fuhrungsteam-kennen\">Lernen Sie unser F\u00fchrungsteam kennen<\/h2>\n\n\n\r\n        <section  class=\"qtx-pagebuilder-section qtx-pagebuilder-section-cta_block vertical cta group\">\r\n\r\n        <div class=\"ctacontainer\">\r\n            <div class=\"ctaimage\">\r\n                <img loading=\"lazy\" decoding=\"async\" width=\"675\" height=\"600\" src=\"https:\/\/www.quartix.com\/content\/uploads\/2025\/02\/5.png\" class=\"\" alt=\"A man in a suit smiles in a bright office setting, with green plants and large windows in the background.\" srcset=\"https:\/\/www.quartix.com\/content\/uploads\/2025\/02\/5.png 675w, https:\/\/www.quartix.com\/content\/uploads\/2025\/02\/5-300x267.png 300w\" sizes=\"auto, (max-width: 675px) 100vw, 675px\" \/>  \r\n            <\/div>\r\n            <div class=\"ctacontent\">\r\n                <h4>Dan Mendis, Commercial and Operations Director<\/h4>                <p>Dan trat Quartix im Jahr 2017 bei und hatte seither verschiedene Rollen im Unternehmen inne. 2019 wurde er zum Chief Operating and Financial Officer ernannt und leitete bis 2021 viele der kommerziellen Teams, w\u00e4hrend das Unternehmen erheblich wuchs. Nach einer zweij\u00e4hrigen T\u00e4tigkeit in anderen Unternehmensbereichen kehrte er im November 2023 in die Position des Commercial and Operations Director zur\u00fcck. Vor seiner Zeit bei Quartix arbeitete er in der Associated British Foods Group sowie f\u00fcr Domino Printing Sciences plc. Dan hat einen erstklassigen Abschluss in Ingenieurwissenschaften von der Universit\u00e4t Oxford.<\/p>                \r\n            <\/div>\r\n        <\/div>\r\n\r\n        <div class=\"ctacontainer\">\r\n            <div class=\"ctaimage\">\r\n                <img loading=\"lazy\" decoding=\"async\" width=\"675\" height=\"600\" src=\"https:\/\/www.quartix.com\/content\/uploads\/2025\/02\/6.png\" class=\"\" alt=\"Man in a blue shirt and dark blazer stands in front of a plant and a window, smiling at the camera.\" srcset=\"https:\/\/www.quartix.com\/content\/uploads\/2025\/02\/6.png 675w, https:\/\/www.quartix.com\/content\/uploads\/2025\/02\/6-300x267.png 300w\" sizes=\"auto, (max-width: 675px) 100vw, 675px\" \/>  \r\n            <\/div>\r\n            <div class=\"ctacontent\">\r\n                <h4>Sean Maher, Sales Director<\/h4>                <p>Sean begann seine Karriere im Telematik-Sektor im Jahr 2002 und trat im M\u00e4rz 2008 Quartix bei. Er war der erste festangestellte Au\u00dfendienstmitarbeiter des Unternehmens. In den folgenden Jahren trug er ma\u00dfgeblich dazu bei, das Au\u00dfendienstgesch\u00e4ft von Quartix im Vereinigten K\u00f6nigreich auszubauen und bedeutende Unternehmen als Kunden zu gewinnen. 2019 wurde Sean zum Head of UK &amp; USA ernannt und leitete weiterhin das britische Au\u00dfendienstteam, w\u00e4hrend er zus\u00e4tzlich das franz\u00f6sische Au\u00dfendienstteam aufbaute. 2022 wurde er zum Sales Director bef\u00f6rdert. Seitdem ist er daf\u00fcr verantwortlich, das Unternehmenswachstum in allen Bereichen voranzutreiben, w\u00e4hrend er weiterhin aktiv im britischen Au\u00dfendienst t\u00e4tig ist.     <\/p>                \r\n            <\/div>\r\n        <\/div>\r\n\r\n        <div class=\"ctacontainer\">\r\n            <div class=\"ctaimage\">\r\n                <img loading=\"lazy\" decoding=\"async\" width=\"675\" height=\"600\" src=\"https:\/\/www.quartix.com\/content\/uploads\/2025\/02\/2.png\" class=\"\" alt=\"Person with shoulder-length hair and glasses wearing a floral shirt and light blazer, smiling, standing indoors with plants and windows in the background.\" srcset=\"https:\/\/www.quartix.com\/content\/uploads\/2025\/02\/2.png 675w, https:\/\/www.quartix.com\/content\/uploads\/2025\/02\/2-300x267.png 300w\" sizes=\"auto, (max-width: 675px) 100vw, 675px\" \/>  \r\n            <\/div>\r\n            <div class=\"ctacontent\">\r\n                <h4>Sally Morton, Finance Director <\/h4>                <p>Sally Morton ist eine erfahrene Finanzexpertin mit fundierten Kenntnissen im Rechnungswesen und in der Unternehmensf\u00fchrung. Sie schloss ihr Studium an der Rhodes University mit Auszeichnung in Finanzbuchhaltung ab und qualifizierte sich als Wirtschaftspr\u00fcferin bei Grant Thornton UK LLP. 2019 trat sie Quartix als Group Financial Accountant bei, wurde 2022 zur Head of Finance ernannt und \u00fcbernahm 2025 die Rolle der Finance Director. Ihre Karriere ist gepr\u00e4gt von ihrem Streben nach Exzellenz und ihrem Fachwissen, das sie nutzt, um die finanzielle Strategie des Unternehmens voranzutreiben und den Unternehmenserfolg sicherzustellen.   <\/p>                \r\n            <\/div>\r\n        <\/div>\r\n\r\n        <div class=\"ctacontainer\">\r\n            <div class=\"ctaimage\">\r\n                <img loading=\"lazy\" decoding=\"async\" width=\"675\" height=\"600\" src=\"https:\/\/www.quartix.com\/content\/uploads\/2025\/02\/4.png\" class=\"\" alt=\"A person wearing a navy blazer and pink shirt stands in front of plants and a window.\" srcset=\"https:\/\/www.quartix.com\/content\/uploads\/2025\/02\/4.png 675w, https:\/\/www.quartix.com\/content\/uploads\/2025\/02\/4-300x267.png 300w\" sizes=\"auto, (max-width: 675px) 100vw, 675px\" \/>  \r\n            <\/div>\r\n            <div class=\"ctacontent\">\r\n                <h4>Glen Middleton, Head of Telematics<\/h4>                <p>Glen ist seit 14 Jahren bei Quartix t\u00e4tig und verantwortlich f\u00fcr das Hardware-Produktdesign sowie die ausgelagerte Fertigung. Er verf\u00fcgt \u00fcber 40 Jahre Erfahrung in der Elektronikentwicklung, Embedded-Software-Entwicklung und Produktfertigung. Zuvor war er Engineering Director einer Tochtergesellschaft von Spectris plc und sp\u00e4ter Gesch\u00e4ftsf\u00fchrer von Eurotech (UK). Davor arbeitete er als Entwicklungsingenieur beim British Antarctic Survey, sowohl in Cambridge als auch in der Antarktis. Glen hat Physik und Elektronik an der Universit\u00e4t Manchester studiert.   <\/p>                \r\n            <\/div>\r\n        <\/div>\r\n\r\n        <div class=\"ctacontainer\">\r\n            <div class=\"ctaimage\">\r\n                <img loading=\"lazy\" decoding=\"async\" width=\"675\" height=\"600\" src=\"https:\/\/www.quartix.com\/content\/uploads\/2025\/02\/3.png\" class=\"\" alt=\"A man wearing glasses and a blue shirt under a dark blazer stands indoors, beside a plant.\" srcset=\"https:\/\/www.quartix.com\/content\/uploads\/2025\/02\/3.png 675w, https:\/\/www.quartix.com\/content\/uploads\/2025\/02\/3-300x267.png 300w\" sizes=\"auto, (max-width: 675px) 100vw, 675px\" \/>  \r\n            <\/div>\r\n            <div class=\"ctacontent\">\r\n                <h4>Ian Pawley, Head of Support<\/h4>                <p>Ian ist seit fast 21 Jahren im Unternehmen t\u00e4tig und begann seine Laufbahn als technischer Supportmitarbeiter. Heute leitet er das globale technische Supportteam von Quartix, das von zwei auf 27 Mitarbeiter angewachsen ist, und ist zudem f\u00fcr die IT-Infrastruktur des Unternehmens verantwortlich. Vor seiner Zeit bei Quartix sammelte Ian \u00fcber f\u00fcnf Jahre Erfahrung im technischen Support in den Bereichen Finanzdienstleistungen und Hotelsoftware. Seine Fachkenntnisse und F\u00fchrungsf\u00e4higkeiten waren entscheidend f\u00fcr das Wachstum und den Erfolg der Support-Abteilung, in deren Mittelpunkt stets der Kundenservice steht.   <\/p>                \r\n            <\/div>\r\n        <\/div>\r\n\r\n        <div class=\"ctacontainer\">\r\n            <div class=\"ctaimage\">\r\n                <img loading=\"lazy\" decoding=\"async\" width=\"675\" height=\"600\" src=\"https:\/\/www.quartix.com\/content\/uploads\/2025\/02\/8.png\" class=\"\" alt=\"A person with short dark hair and facial hair wears a white shirt with black dots. They are standing indoors with plants in the background.\" srcset=\"https:\/\/www.quartix.com\/content\/uploads\/2025\/02\/8.png 675w, https:\/\/www.quartix.com\/content\/uploads\/2025\/02\/8-300x267.png 300w\" sizes=\"auto, (max-width: 675px) 100vw, 675px\" \/>  \r\n            <\/div>\r\n            <div class=\"ctacontent\">\r\n                <h4>Malik Bahri, Head of Sales Europe<\/h4>                <p>Malik Bahri ist Head of Sales Europe und verf\u00fcgt \u00fcber mehr als 15 Jahre Erfahrung im Vertrieb, Telesales und in der Teamleitung. Er trat Quartix Anfang 2018 bei und brachte umfassende Erfahrung im Vertrieb und in der Kundenbetreuung mit, nachdem er zuvor als Sales Manager f\u00fcr ein franz\u00f6sisches Start-up t\u00e4tig war. Davor arbeitete er als Teamleiter und Offshore Manager in einem Callcenter, wo er Projekte leitete, Schulungen durchf\u00fchrte und Telesales-Teams in mehreren L\u00e4ndern betreute.  <\/p>                \r\n            <\/div>\r\n        <\/div>\r\n    <\/section>\r\n    \n\n\n<p><\/p>\n","protected":false},"excerpt":{"rendered":"<p>Lernen Sie unser F\u00fchrungsteam kennen, das strategische Leitung bietet und sicherstellt, dass Quartix weiterhin au\u00dfergew\u00f6hnliche L\u00f6sungen f\u00fcr seine Kunden bereitstellt. <\/p>\n","protected":false},"author":12,"featured_media":118052,"parent":0,"menu_order":0,"comment_status":"closed","ping_status":"closed","template":"","meta":{"_acf_changed":false,"inline_featured_image":false,"footnotes":""},"topic":[],"qtx_campaign":[],"class_list":["post-118302","page","type-page","status-publish","has-post-thumbnail","hentry"],"acf":[],"yoast_head":"<!-- This site is optimized with the Yoast SEO Premium plugin v27.3 (Yoast SEO v27.3) - https:\/\/yoast.com\/product\/yoast-seo-premium-wordpress\/ -->\n<title>Lernen Sie unser F\u00fchrungsteam kennen - DE<\/title>\n<meta name=\"description\" content=\"Unser F\u00fchrungsteam bietet strategische Leitung und tr\u00e4gt zum Wachstum, zur operativen Effizienz und zur langfristigen Vision von Quartix bei.\" \/>\n<meta name=\"robots\" content=\"index, follow, max-snippet:-1, max-image-preview:large, max-video-preview:-1\" \/>\n<link rel=\"canonical\" href=\"https:\/\/www.quartix.com\/de-de\/das-fuehrungsteam\/\" \/>\n<meta property=\"og:locale\" content=\"de_DE\" \/>\n<meta property=\"og:type\" content=\"article\" \/>\n<meta property=\"og:title\" content=\"Das F\u00fchrungsteam\" \/>\n<meta property=\"og:description\" content=\"Unser F\u00fchrungsteam bietet strategische Leitung und tr\u00e4gt zum Wachstum, zur operativen Effizienz und zur langfristigen Vision von Quartix bei.\" \/>\n<meta property=\"og:url\" content=\"https:\/\/www.quartix.com\/de-de\/das-fuehrungsteam\/\" \/>\n<meta property=\"og:site_name\" content=\"Quartix\" \/>\n<meta property=\"article:publisher\" content=\"https:\/\/www.facebook.com\/Quartix-USA-374426386097401\/\" \/>\n<meta property=\"article:modified_time\" content=\"2025-07-18T13:42:48+00:00\" \/>\n<meta property=\"og:image\" content=\"https:\/\/www.quartix.com\/content\/uploads\/2025\/03\/exec-board-smaller.png\" \/>\n\t<meta property=\"og:image:width\" content=\"750\" \/>\n\t<meta property=\"og:image:height\" content=\"563\" \/>\n\t<meta property=\"og:image:type\" content=\"image\/png\" \/>\n<meta name=\"twitter:card\" content=\"summary_large_image\" \/>\n<meta name=\"twitter:site\" content=\"@QuartixUSA\" \/>\n<meta name=\"twitter:label1\" content=\"Est. reading time\" \/>\n\t<meta name=\"twitter:data1\" content=\"4 minutes\" \/>\n<!-- \/ Yoast SEO Premium plugin. -->","yoast_head_json":{"title":"Lernen Sie unser F\u00fchrungsteam kennen - DE","description":"Unser F\u00fchrungsteam bietet strategische Leitung und tr\u00e4gt zum Wachstum, zur operativen Effizienz und zur langfristigen Vision von Quartix bei.","robots":{"index":"index","follow":"follow","max-snippet":"max-snippet:-1","max-image-preview":"max-image-preview:large","max-video-preview":"max-video-preview:-1"},"canonical":"https:\/\/www.quartix.com\/de-de\/das-fuehrungsteam\/","og_locale":"de_DE","og_type":"article","og_title":"Das F\u00fchrungsteam","og_description":"Unser F\u00fchrungsteam bietet strategische Leitung und tr\u00e4gt zum Wachstum, zur operativen Effizienz und zur langfristigen Vision von Quartix bei.","og_url":"https:\/\/www.quartix.com\/de-de\/das-fuehrungsteam\/","og_site_name":"Quartix","article_publisher":"https:\/\/www.facebook.com\/Quartix-USA-374426386097401\/","article_modified_time":"2025-07-18T13:42:48+00:00","og_image":[{"width":750,"height":563,"url":"https:\/\/www.quartix.com\/content\/uploads\/2025\/03\/exec-board-smaller.png","type":"image\/png"}],"twitter_card":"summary_large_image","twitter_site":"@QuartixUSA","twitter_misc":{"Est. reading time":"4 minutes"},"schema":{"@context":"https:\/\/schema.org","@graph":[{"@type":"WebPage","@id":"https:\/\/www.quartix.com\/de-de\/das-fuehrungsteam\/","url":"https:\/\/www.quartix.com\/de-de\/das-fuehrungsteam\/","name":"Lernen Sie unser F\u00fchrungsteam kennen","isPartOf":{"@id":"https:\/\/www.quartix.com\/de-de\/#website"},"primaryImageOfPage":{"@id":"https:\/\/www.quartix.com\/de-de\/das-fuehrungsteam\/#primaryimage"},"image":{"@id":"https:\/\/www.quartix.com\/de-de\/das-fuehrungsteam\/#primaryimage"},"thumbnailUrl":"https:\/\/www.quartix.com\/content\/uploads\/2025\/03\/exec-board-smaller.png","datePublished":"2025-03-12T23:09:16+00:00","dateModified":"2025-07-18T13:42:48+00:00","description":"Unser F\u00fchrungsteam bietet strategische Leitung und tr\u00e4gt zum Wachstum, zur operativen Effizienz und zur langfristigen Vision von Quartix bei.","breadcrumb":{"@id":"https:\/\/www.quartix.com\/de-de\/das-fuehrungsteam\/#breadcrumb"},"inLanguage":"de-DE","potentialAction":[{"@type":"ReadAction","target":["https:\/\/www.quartix.com\/de-de\/das-fuehrungsteam\/"]}]},{"@type":"ImageObject","inLanguage":"de-DE","@id":"https:\/\/www.quartix.com\/de-de\/das-fuehrungsteam\/#primaryimage","url":"https:\/\/www.quartix.com\/content\/uploads\/2025\/03\/exec-board-smaller.png","contentUrl":"https:\/\/www.quartix.com\/content\/uploads\/2025\/03\/exec-board-smaller.png","width":750,"height":563,"caption":"Collage of eight people, each smiling and wearing business attire, surrounding the word \"Quartix\" in the center. Greenery and office windows are in the background."},{"@type":"BreadcrumbList","@id":"https:\/\/www.quartix.com\/de-de\/das-fuehrungsteam\/#breadcrumb","itemListElement":[{"@type":"ListItem","position":1,"name":"Startseite","item":"https:\/\/www.quartix.com\/de-de\/die-nr-1-fahrzeugortungsloesung-fuer-flotten-jeder-groesse\/"},{"@type":"ListItem","position":2,"name":"Das F\u00fchrungsteam"}]},{"@type":"WebSite","@id":"https:\/\/www.quartix.com\/de-de\/#website","url":"https:\/\/www.quartix.com\/de-de\/","name":"Quartix","description":"Real-time vehicle tracking","publisher":{"@id":"https:\/\/www.quartix.com\/de-de\/#organization"},"potentialAction":[{"@type":"SearchAction","target":{"@type":"EntryPoint","urlTemplate":"https:\/\/www.quartix.com\/de-de\/?s={search_term_string}"},"query-input":{"@type":"PropertyValueSpecification","valueRequired":true,"valueName":"search_term_string"}}],"inLanguage":"de-DE"},{"@type":"Organization","@id":"https:\/\/www.quartix.com\/de-de\/#organization","name":"Quartix","url":"https:\/\/www.quartix.com\/de-de\/","logo":{"@type":"ImageObject","inLanguage":"de-DE","@id":"https:\/\/www.quartix.com\/de-de\/#\/schema\/logo\/image\/","url":"https:\/\/www.quartix.com\/content\/uploads\/2019\/02\/quartix-logo-eur.svg","contentUrl":"https:\/\/www.quartix.com\/content\/uploads\/2019\/02\/quartix-logo-eur.svg","width":1,"height":1,"caption":"Quartix"},"image":{"@id":"https:\/\/www.quartix.com\/de-de\/#\/schema\/logo\/image\/"},"sameAs":["https:\/\/www.facebook.com\/Quartix-USA-374426386097401\/","https:\/\/x.com\/QuartixUSA","https:\/\/www.linkedin.com\/company\/5346733\/","https:\/\/www.youtube.com\/channel\/UCzS-_GMfHF4kWiCheyIRrAQ"]}]}},"_links":{"self":[{"href":"https:\/\/www.quartix.com\/de-de\/wp-json\/wp\/v2\/pages\/118302","targetHints":{"allow":["GET"]}}],"collection":[{"href":"https:\/\/www.quartix.com\/de-de\/wp-json\/wp\/v2\/pages"}],"about":[{"href":"https:\/\/www.quartix.com\/de-de\/wp-json\/wp\/v2\/types\/page"}],"author":[{"embeddable":true,"href":"https:\/\/www.quartix.com\/de-de\/wp-json\/wp\/v2\/users\/12"}],"replies":[{"embeddable":true,"href":"https:\/\/www.quartix.com\/de-de\/wp-json\/wp\/v2\/comments?post=118302"}],"version-history":[{"count":5,"href":"https:\/\/www.quartix.com\/de-de\/wp-json\/wp\/v2\/pages\/118302\/revisions"}],"predecessor-version":[{"id":123765,"href":"https:\/\/www.quartix.com\/de-de\/wp-json\/wp\/v2\/pages\/118302\/revisions\/123765"}],"wp:featuredmedia":[{"embeddable":true,"href":"https:\/\/www.quartix.com\/de-de\/wp-json\/wp\/v2\/media\/118052"}],"wp:attachment":[{"href":"https:\/\/www.quartix.com\/de-de\/wp-json\/wp\/v2\/media?parent=118302"}],"wp:term":[{"taxonomy":"topic","embeddable":true,"href":"https:\/\/www.quartix.com\/de-de\/wp-json\/wp\/v2\/topic?post=118302"},{"taxonomy":"qtx_campaign","embeddable":true,"href":"https:\/\/www.quartix.com\/de-de\/wp-json\/wp\/v2\/qtx_campaign?post=118302"}],"curies":[{"name":"wp","href":"https:\/\/api.w.org\/{rel}","templated":true}]}}