{"id":126072,"date":"2025-11-13T15:00:38","date_gmt":"2025-11-13T14:00:38","guid":{"rendered":"https:\/\/www.quartix.com\/?page_id=126072"},"modified":"2025-12-12T13:51:52","modified_gmt":"2025-12-12T12:51:52","slug":"video-tutorials","status":"publish","type":"page","link":"https:\/\/www.quartix.com\/de-de\/lernen\/video-tutorials\/","title":{"rendered":"Video Tutorials"},"content":{"rendered":"\n<div class=\"wp-block-columns is-layout-flex wp-container-core-columns-is-layout-28f84493 wp-block-columns-is-layout-flex\">\n<div class=\"wp-block-column is-layout-flow wp-block-column-is-layout-flow\">\n<h2 class=\"wp-block-heading\" id=\"Using-the-Live-Tracking-Screen\">Nutzung des Echtzeit Ortungs-Dashboards<\/h2>\n\n\n\n<p>Die Echtzeit Ortung von Quartix zeigt Ihnen, wo sich Ihre Fahrzeuge befinden, wenn Sie es ben\u00f6tigen. Sehen Sie sich das folgende Erkl\u00e4rungsvideo an, um alle Funktionen des Quartix-Systems kennenzulernen. <\/p>\n<\/div>\n\n\n\n<div class=\"wp-block-column is-layout-flow wp-block-column-is-layout-flow\">\n<figure class=\"wp-block-embed aligncenter is-type-video is-provider-youtube wp-block-embed-youtube wp-embed-aspect-16-9 wp-has-aspect-ratio\"><div class=\"wp-block-embed__wrapper\">\n<iframe loading=\"lazy\" title=\"Quartix Schnelle Vorf\u00fchrung\" width=\"640\" height=\"360\" src=\"https:\/\/www.youtube.com\/embed\/Qc8tuXVdQOU?feature=oembed\" frameborder=\"0\" allow=\"accelerometer; autoplay; clipboard-write; encrypted-media; gyroscope; picture-in-picture; web-share\" referrerpolicy=\"strict-origin-when-cross-origin\" allowfullscreen><\/iframe>\n<\/div><\/figure>\n<\/div>\n<\/div>\n\n\n\n<div class=\"wp-block-columns is-layout-flex wp-container-core-columns-is-layout-28f84493 wp-block-columns-is-layout-flex\">\n<div class=\"wp-block-column is-layout-flow wp-block-column-is-layout-flow\">\n<figure class=\"wp-block-embed aligncenter is-type-video is-provider-youtube wp-block-embed-youtube wp-embed-aspect-16-9 wp-has-aspect-ratio\"><div class=\"wp-block-embed__wrapper\">\n<iframe loading=\"lazy\" title=\"Anleitungsvideo: Wie schlie\u00dfen Sie Ihre Bestellung bei Quartix ab?\" width=\"640\" height=\"360\" src=\"https:\/\/www.youtube.com\/embed\/IYrw14PFey0?feature=oembed\" frameborder=\"0\" allow=\"accelerometer; autoplay; clipboard-write; encrypted-media; gyroscope; picture-in-picture; web-share\" referrerpolicy=\"strict-origin-when-cross-origin\" allowfullscreen><\/iframe>\n<\/div><\/figure>\n<\/div>\n\n\n\n<div class=\"wp-block-column is-layout-flow wp-block-column-is-layout-flow\">\n<h2 class=\"wp-block-heading\" id=\"Setting-Up-Geofencing-Zones\">So schlie\u00dfen Sie Ihre Bestellung ab <\/h2>\n\n\n\n<p>In diesem Video zeigen wir Ihnen Schritt f\u00fcr Schritt, wie Sie Ihre Bestellung bei Quartix erfolgreich abschlie\u00dfen. Erfahren Sie, worauf Sie achten m\u00fcssen und wie der Bestellprozess einfach und schnell funktioniert.<\/p>\n<\/div>\n<\/div>\n\n\n\n<div class=\"wp-block-columns is-layout-flex wp-container-core-columns-is-layout-28f84493 wp-block-columns-is-layout-flex\">\n<div class=\"wp-block-column is-layout-flow wp-block-column-is-layout-flow\">\n<h2 class=\"wp-block-heading\" id=\"Using-the-Live-Tracking-Screen\">Connect &amp; Track \u2013        Fahrzeugortung zur Selbstmontage<\/h2>\n\n\n\n<p>Installieren Sie das unauff\u00e4llige Connect &amp; Track-Ger\u00e4t selbst und greifen in wenigen Minuten auf die Telematikdaten Ihres Fahrzeugs zu. Ideal f\u00fcr tempor\u00e4re Auftragnehmer, Leasingfahrzeuge oder Unternehmen mit mehreren Fahrzeugen. Kein Techniker n\u00f6tig \u2013 einfach, flexibel und sicher.<\/p>\n\n\n    <div class=\"button-container \">\r\n<a href=\"https:\/\/www.quartix.com\/de-de\/connect-track\/\" class=\"btn pagebuilder-btn btn-green btn-light\" title=\"Mehr dazu\" target=\"_blank\">Mehr dazu<\/a>\r\n<\/div>\r\n<\/div>\n\n\n\n<div class=\"wp-block-column is-layout-flow wp-block-column-is-layout-flow\">\n<figure class=\"wp-block-embed aligncenter is-type-video is-provider-youtube wp-block-embed-youtube wp-embed-aspect-16-9 wp-has-aspect-ratio\"><div class=\"wp-block-embed__wrapper\">\n<iframe loading=\"lazy\" title=\"Connect &amp; Track \u2013 Fahrzeugortung zur Selbstmontage | Schritt-f\u00fcr-Schritt Anleitung\" width=\"640\" height=\"360\" src=\"https:\/\/www.youtube.com\/embed\/GfvKAujQ3kM?feature=oembed\" frameborder=\"0\" allow=\"accelerometer; autoplay; clipboard-write; encrypted-media; gyroscope; picture-in-picture; web-share\" referrerpolicy=\"strict-origin-when-cross-origin\" allowfullscreen><\/iframe>\n<\/div><\/figure>\n<\/div>\n<\/div>\n\n\n\n<p><\/p>\n","protected":false},"excerpt":{"rendered":"<p>Nutzung des Echtzeit Ortungs-Dashboards Die Echtzeit Ortung von Quartix zeigt Ihnen, wo sich Ihre Fahrzeuge befinden, wenn Sie es ben\u00f6tigen. Sehen Sie sich das folgende Erkl\u00e4rungsvideo an, um alle Funktionen des Quartix-Systems kennenzulernen. So schlie\u00dfen Sie Ihre Bestellung ab In diesem Video zeigen wir Ihnen Schritt f\u00fcr Schritt, wie Sie Ihre Bestellung bei Quartix erfolgreich [&hellip;]<\/p>\n","protected":false},"author":12,"featured_media":0,"parent":23117,"menu_order":50,"comment_status":"closed","ping_status":"closed","template":"","meta":{"_acf_changed":false,"inline_featured_image":false,"footnotes":""},"topic":[],"qtx_campaign":[],"class_list":["post-126072","page","type-page","status-publish","hentry"],"acf":[],"yoast_head":"<!-- This site is optimized with the Yoast SEO Premium plugin v27.3 (Yoast SEO v27.3) - https:\/\/yoast.com\/product\/yoast-seo-premium-wordpress\/ -->\n<title>Video Anleitungen: Lernen Sie, wie das Quartix-System funktioniert. - DE<\/title>\n<meta name=\"description\" content=\"Wollen Sie mehr \u00fcber unsere Fahrzeugortungsger\u00e4te lernen? Dann schauen Sie sich gerne unsere Kurzvideoserie an, in der wir Ihnen erkl\u00e4ren, wie Sie das Quartix-System am besten verweden. Buchen Sie jetzt eine freie Demo-Version Vrof\u00fchrung!\" \/>\n<meta name=\"robots\" content=\"index, follow, max-snippet:-1, max-image-preview:large, max-video-preview:-1\" \/>\n<link rel=\"canonical\" href=\"https:\/\/www.quartix.com\/de-de\/lernen\/video-tutorials\/\" \/>\n<meta property=\"og:locale\" content=\"de_DE\" \/>\n<meta property=\"og:type\" content=\"article\" \/>\n<meta property=\"og:title\" content=\"Video Tutorials\" \/>\n<meta property=\"og:description\" content=\"Wollen Sie mehr \u00fcber unsere Fahrzeugortungsger\u00e4te lernen? Dann schauen Sie sich gerne unsere Kurzvideoserie an, in der wir Ihnen erkl\u00e4ren, wie Sie das Quartix-System am besten verweden. Buchen Sie jetzt eine freie Demo-Version Vrof\u00fchrung!\" \/>\n<meta property=\"og:url\" content=\"https:\/\/www.quartix.com\/de-de\/lernen\/video-tutorials\/\" \/>\n<meta property=\"og:site_name\" content=\"Quartix\" \/>\n<meta property=\"article:publisher\" content=\"https:\/\/www.facebook.com\/Quartix-USA-374426386097401\/\" \/>\n<meta property=\"article:modified_time\" content=\"2025-12-12T12:51:52+00:00\" \/>\n<meta name=\"twitter:card\" content=\"summary_large_image\" \/>\n<meta name=\"twitter:site\" content=\"@QuartixUSA\" \/>\n<meta name=\"twitter:label1\" content=\"Est. reading time\" \/>\n\t<meta name=\"twitter:data1\" content=\"1 minute\" \/>\n<!-- \/ Yoast SEO Premium plugin. -->","yoast_head_json":{"title":"Video Anleitungen: Lernen Sie, wie das Quartix-System funktioniert. - DE","description":"Wollen Sie mehr \u00fcber unsere Fahrzeugortungsger\u00e4te lernen? Dann schauen Sie sich gerne unsere Kurzvideoserie an, in der wir Ihnen erkl\u00e4ren, wie Sie das Quartix-System am besten verweden. Buchen Sie jetzt eine freie Demo-Version Vrof\u00fchrung!","robots":{"index":"index","follow":"follow","max-snippet":"max-snippet:-1","max-image-preview":"max-image-preview:large","max-video-preview":"max-video-preview:-1"},"canonical":"https:\/\/www.quartix.com\/de-de\/lernen\/video-tutorials\/","og_locale":"de_DE","og_type":"article","og_title":"Video Tutorials","og_description":"Wollen Sie mehr \u00fcber unsere Fahrzeugortungsger\u00e4te lernen? Dann schauen Sie sich gerne unsere Kurzvideoserie an, in der wir Ihnen erkl\u00e4ren, wie Sie das Quartix-System am besten verweden. Buchen Sie jetzt eine freie Demo-Version Vrof\u00fchrung!","og_url":"https:\/\/www.quartix.com\/de-de\/lernen\/video-tutorials\/","og_site_name":"Quartix","article_publisher":"https:\/\/www.facebook.com\/Quartix-USA-374426386097401\/","article_modified_time":"2025-12-12T12:51:52+00:00","twitter_card":"summary_large_image","twitter_site":"@QuartixUSA","twitter_misc":{"Est. reading time":"1 minute"},"schema":{"@context":"https:\/\/schema.org","@graph":[{"@type":"WebPage","@id":"https:\/\/www.quartix.com\/de-de\/lernen\/video-tutorials\/","url":"https:\/\/www.quartix.com\/de-de\/lernen\/video-tutorials\/","name":"Video Anleitungen: Lernen Sie, wie das Quartix-System funktioniert.","isPartOf":{"@id":"https:\/\/www.quartix.com\/de-de\/#website"},"datePublished":"2025-11-13T14:00:38+00:00","dateModified":"2025-12-12T12:51:52+00:00","description":"Wollen Sie mehr \u00fcber unsere Fahrzeugortungsger\u00e4te lernen? Dann schauen Sie sich gerne unsere Kurzvideoserie an, in der wir Ihnen erkl\u00e4ren, wie Sie das Quartix-System am besten verweden. Buchen Sie jetzt eine freie Demo-Version Vrof\u00fchrung!","breadcrumb":{"@id":"https:\/\/www.quartix.com\/de-de\/lernen\/video-tutorials\/#breadcrumb"},"inLanguage":"de-DE","potentialAction":[{"@type":"ReadAction","target":["https:\/\/www.quartix.com\/de-de\/lernen\/video-tutorials\/"]}]},{"@type":"BreadcrumbList","@id":"https:\/\/www.quartix.com\/de-de\/lernen\/video-tutorials\/#breadcrumb","itemListElement":[{"@type":"ListItem","position":1,"name":"Startseite","item":"https:\/\/www.quartix.com\/de-de\/die-nr-1-fahrzeugortungsloesung-fuer-flotten-jeder-groesse\/"},{"@type":"ListItem","position":2,"name":"Lernen","item":"https:\/\/www.quartix.com\/de-de\/lernen\/"},{"@type":"ListItem","position":3,"name":"Video Tutorials"}]},{"@type":"WebSite","@id":"https:\/\/www.quartix.com\/de-de\/#website","url":"https:\/\/www.quartix.com\/de-de\/","name":"Quartix","description":"Real-time vehicle tracking","publisher":{"@id":"https:\/\/www.quartix.com\/de-de\/#organization"},"potentialAction":[{"@type":"SearchAction","target":{"@type":"EntryPoint","urlTemplate":"https:\/\/www.quartix.com\/de-de\/?s={search_term_string}"},"query-input":{"@type":"PropertyValueSpecification","valueRequired":true,"valueName":"search_term_string"}}],"inLanguage":"de-DE"},{"@type":"Organization","@id":"https:\/\/www.quartix.com\/de-de\/#organization","name":"Quartix","url":"https:\/\/www.quartix.com\/de-de\/","logo":{"@type":"ImageObject","inLanguage":"de-DE","@id":"https:\/\/www.quartix.com\/de-de\/#\/schema\/logo\/image\/","url":"https:\/\/www.quartix.com\/content\/uploads\/2019\/02\/quartix-logo-eur.svg","contentUrl":"https:\/\/www.quartix.com\/content\/uploads\/2019\/02\/quartix-logo-eur.svg","width":1,"height":1,"caption":"Quartix"},"image":{"@id":"https:\/\/www.quartix.com\/de-de\/#\/schema\/logo\/image\/"},"sameAs":["https:\/\/www.facebook.com\/Quartix-USA-374426386097401\/","https:\/\/x.com\/QuartixUSA","https:\/\/www.linkedin.com\/company\/5346733\/","https:\/\/www.youtube.com\/channel\/UCzS-_GMfHF4kWiCheyIRrAQ"]}]}},"_links":{"self":[{"href":"https:\/\/www.quartix.com\/de-de\/wp-json\/wp\/v2\/pages\/126072","targetHints":{"allow":["GET"]}}],"collection":[{"href":"https:\/\/www.quartix.com\/de-de\/wp-json\/wp\/v2\/pages"}],"about":[{"href":"https:\/\/www.quartix.com\/de-de\/wp-json\/wp\/v2\/types\/page"}],"author":[{"embeddable":true,"href":"https:\/\/www.quartix.com\/de-de\/wp-json\/wp\/v2\/users\/12"}],"replies":[{"embeddable":true,"href":"https:\/\/www.quartix.com\/de-de\/wp-json\/wp\/v2\/comments?post=126072"}],"version-history":[{"count":7,"href":"https:\/\/www.quartix.com\/de-de\/wp-json\/wp\/v2\/pages\/126072\/revisions"}],"predecessor-version":[{"id":127183,"href":"https:\/\/www.quartix.com\/de-de\/wp-json\/wp\/v2\/pages\/126072\/revisions\/127183"}],"up":[{"embeddable":true,"href":"https:\/\/www.quartix.com\/de-de\/wp-json\/wp\/v2\/pages\/23117"}],"wp:attachment":[{"href":"https:\/\/www.quartix.com\/de-de\/wp-json\/wp\/v2\/media?parent=126072"}],"wp:term":[{"taxonomy":"topic","embeddable":true,"href":"https:\/\/www.quartix.com\/de-de\/wp-json\/wp\/v2\/topic?post=126072"},{"taxonomy":"qtx_campaign","embeddable":true,"href":"https:\/\/www.quartix.com\/de-de\/wp-json\/wp\/v2\/qtx_campaign?post=126072"}],"curies":[{"name":"wp","href":"https:\/\/api.w.org\/{rel}","templated":true}]}}