{"id":127194,"date":"2025-12-15T17:53:29","date_gmt":"2025-12-15T16:53:29","guid":{"rendered":"https:\/\/www.quartix.com\/?page_id=127194"},"modified":"2026-03-30T16:05:23","modified_gmt":"2026-03-30T15:05:23","slug":"wie-die-fahrzeugortung-die-standortbezogene-arbeit-unterstuetzt","status":"publish","type":"page","link":"https:\/\/www.quartix.com\/de-de\/wie-die-fahrzeugortung-die-standortbezogene-arbeit-unterstuetzt\/","title":{"rendered":"Wie die Fahrzeugortung die standortbezogene Arbeit unterst\u00fctzt"},"content":{"rendered":"\r\n<div   class=\"hero-block bighero\">\r\n    <img loading=\"lazy\" decoding=\"async\" width=\"1729\" height=\"528\" src=\"https:\/\/www.quartix.com\/content\/uploads\/2023\/10\/construction-lone-worker-2.png\" class=\"\" alt=\"\" srcset=\"https:\/\/www.quartix.com\/content\/uploads\/2023\/10\/construction-lone-worker-2.png 1729w, https:\/\/www.quartix.com\/content\/uploads\/2023\/10\/construction-lone-worker-2-300x92.png 300w, https:\/\/www.quartix.com\/content\/uploads\/2023\/10\/construction-lone-worker-2-1000x305.png 1000w, https:\/\/www.quartix.com\/content\/uploads\/2023\/10\/construction-lone-worker-2-768x235.png 768w, https:\/\/www.quartix.com\/content\/uploads\/2023\/10\/construction-lone-worker-2-1536x469.png 1536w\" sizes=\"auto, (max-width: 1729px) 100vw, 1729px\" \/>                <div class=\"hero-overlay\"><\/div>\r\n            \r\n\r\n\r\n    <div class=\"hero-content \">\r\n        <div class=\"inner limited-width\">\r\n                                                <h1 class=\"title\">Erzielen Sie erhebliche Einsparungen f\u00fcr Ihren standortgebundenen Fuhrpark<\/h1>\r\n                                <p class=\"text\">Erfahren Sie, wie Ihr Unternehmen auch bei seltenen Fahrten Geld sparen kann. Steigern Sie die Produktivit\u00e4t Ihrer Mitarbeiter, indem Sie die Zeit vor Ort \u00fcberwachen und Auftr\u00e4ge effizient zuweisen.<\/p>                                        <div class=\"buttons\">\r\n                    <a href=\"https:\/\/go.marketing.quartix.com\/DE_Leitfaden_Wie_die_Fahrzeugortung_standortbezogene_Arbeit_unterst%C3%BCtzt\" class=\"btn btn-green btn-inline\" target=\"_blank\" title=\"Leitfaden jetzt herunterladen\">Leitfaden jetzt herunterladen<\/a>\r\n                <\/div>\r\n                    <\/div>\r\n    <\/div>\r\n<\/div>\n\n\r\n<div   class=\"hero-block smallhero\">\r\n            <div class=\"hero-overlay greybg\"><\/div>\r\n    \r\n\r\n\r\n    <div class=\"hero-content greybg noimage\">\r\n        <div class=\"inner\">\r\n                            <p class=\"title stylelikeh3\">Beobachten Sie, wie der ROI Ihres Flottenverfolgungssystems in die H\u00f6he schnellt.<\/p>                <div class=\"author\"><p>Entdecken Sie, wie Unternehmen, deren Fahrzeuge \u00fcber l\u00e4ngere Zeitr\u00e4ume an Arbeitsst\u00e4tten verbleiben oder nur f\u00fcr kurze Fahrten genutzt werden, dennoch Einsparungen erzielen und eine Kapitalrendite erzielen k\u00f6nnen.<\/p>\n<\/div>                                        <div class=\"buttons\">\r\n                    <a href=\"https:\/\/go.marketing.quartix.com\/DE_Leitfaden_Wie_die_Fahrzeugortung_standortbezogene_Arbeit_unterst%C3%BCtzt\" class=\"btn btn-green btn-inline\" target=\"_blank\" title=\"Leitfaden herunterladen\">Leitfaden herunterladen<\/a>\r\n                <\/div>\r\n                    <\/div>\r\n    <\/div>\r\n<\/div>\n\n\r\n\r\n        <div  class=\"landingpageouter\" style=\"background-color:#efefef ;\">\r\n        <div class=\"landingpagecolsblock twocols4060 \">\r\n            <div class=\"col1\">\r\n                <p class=\"pre-title\">M\u00d6GLICHKEITEN ZUM SPAREN<\/p>                <h2 class=\"\">Effiziente Arbeitsverteilung<\/h2>                <div class='wysiwyg'><p>Kunden warten zu lassen, kostet ein Unternehmen Zeit und schadet dem Ruf. Aber auch die zus\u00e4tzliche Fahrzeit, die f\u00fcr eine l\u00e4ngere Fahrt erforderlich ist, und der zus\u00e4tzliche Kraftstoffverbrauch haben ihren Preis. Erfahren Sie, wie Sie mit Fahrzeugortung immer den Fahrer zum Einsatzort schicken k\u00f6nnen, der am n\u00e4chsten ist.  <\/p>\n<\/div>            <\/div>\r\n            <div class=\"col2\">\r\n                <div class=\"responsivemedia\"><img loading=\"lazy\" decoding=\"async\" width=\"640\" height=\"427\" src=\"https:\/\/www.quartix.com\/content\/uploads\/2023\/04\/Construction-worker-overseeing-site-768x512.jpg\" class=\"\" alt=\"\" srcset=\"https:\/\/www.quartix.com\/content\/uploads\/2023\/04\/Construction-worker-overseeing-site-768x512.jpg 768w, https:\/\/www.quartix.com\/content\/uploads\/2023\/04\/Construction-worker-overseeing-site-300x200.jpg 300w, https:\/\/www.quartix.com\/content\/uploads\/2023\/04\/Construction-worker-overseeing-site-1000x667.jpg 1000w, https:\/\/www.quartix.com\/content\/uploads\/2023\/04\/Construction-worker-overseeing-site.jpg 1500w\" sizes=\"auto, (max-width: 640px) 100vw, 640px\" \/><\/div>            <\/div>\r\n                        <\/div>\r\n    <\/div>\r\n\r\n\r\n\n\n\r\n\r\n        <div  class=\"landingpageouter\" style=\"background-color:#f8f8f8 ;\">\r\n        <div class=\"landingpagecolsblock twocols4060 swap-content\">\r\n            <div class=\"col1\">\r\n                <p class=\"pre-title\">M\u00d6GLICHKEITEN ZUM SPAREN<\/p>                <h2 class=\"\">Fahrverhalten verbessern <\/h2>                <div class='wysiwyg'><p>Werden Ihre Firmenfahrzeuge auf eine Weise gefahren, die verbesserungsw\u00fcrdig ist? Das Fahrzeugortungssystem von Quartix zeigt Ihnen, wie stark Ihre Fahrer beschleunigen und bremsen und mit welcher Geschwindigkeit sie den ganzen Tag \u00fcber gefahren sind, sodass Sie Probleme sofort angehen und beheben k\u00f6nnen. <\/p>\n<\/div>            <\/div>\r\n            <div class=\"col2\">\r\n                <div class=\"responsivemedia\"><img loading=\"lazy\" decoding=\"async\" width=\"640\" height=\"427\" src=\"https:\/\/www.quartix.com\/content\/uploads\/2021\/08\/driver-performance-review-768x512.jpg\" class=\"\" alt=\"fleet manager and driver reviewing driving performance \" srcset=\"https:\/\/www.quartix.com\/content\/uploads\/2021\/08\/driver-performance-review-768x512.jpg 768w, https:\/\/www.quartix.com\/content\/uploads\/2021\/08\/driver-performance-review-300x200.jpg 300w, https:\/\/www.quartix.com\/content\/uploads\/2021\/08\/driver-performance-review-1000x667.jpg 1000w, https:\/\/www.quartix.com\/content\/uploads\/2021\/08\/driver-performance-review.jpg 1152w\" sizes=\"auto, (max-width: 640px) 100vw, 640px\" \/><\/div>            <\/div>\r\n                        <\/div>\r\n    <\/div>\r\n\r\n\r\n\n\n\r\n\r\n        <div  class=\"landingpageouter\" style=\"background-color:#ffffff ;\">\r\n        <div class=\"landingpagecolsblock twocols4060 \">\r\n            <div class=\"col1\">\r\n                <p class=\"pre-title\">M\u00d6GLICHKEITEN ZUM SPAREN<\/p>                <h2 class=\"\">Ortung vor Ort<\/h2>                <div class='wysiwyg'><p>Wie oft kommen Ihre Mitarbeiter vor Ort Ihrer Meinung nach zu fr\u00fch oder gehen sie nach Ablauf ihrer vorgeschriebenen Arbeitszeit? Quartix kann Ihnen bei der Beantwortung dieser Frage helfen, mit dem Ziel, die Gesamteffizienz Ihrer Flotte zu optimieren. <\/p>\n<\/div>            <\/div>\r\n            <div class=\"col2\">\r\n                <div class=\"responsivemedia\"><img loading=\"lazy\" decoding=\"async\" width=\"640\" height=\"427\" src=\"https:\/\/www.quartix.com\/content\/uploads\/2023\/04\/Construction-worker-in-digger-768x512.jpg\" class=\"\" alt=\"\" srcset=\"https:\/\/www.quartix.com\/content\/uploads\/2023\/04\/Construction-worker-in-digger-768x512.jpg 768w, https:\/\/www.quartix.com\/content\/uploads\/2023\/04\/Construction-worker-in-digger-300x200.jpg 300w, https:\/\/www.quartix.com\/content\/uploads\/2023\/04\/Construction-worker-in-digger-1000x667.jpg 1000w, https:\/\/www.quartix.com\/content\/uploads\/2023\/04\/Construction-worker-in-digger.jpg 1500w\" sizes=\"auto, (max-width: 640px) 100vw, 640px\" \/><\/div>            <\/div>\r\n                        <\/div>\r\n    <\/div>\r\n\r\n\r\n\n\n    <div class=\"qtx-pagebuilder-section qtx-pagebuilder-section-counters-title\">\r\n        <h3>Was sind die Kosten von&#8230;.<\/h3>\r\n    <\/div>\r\n<section class=\"qtx-pagebuilder-section countups qtx-pagebuilder-section-counters  \">\r\n        <div class=\"countup first\">\r\n            <p class=\"pretext\">Mitarbeitern, die die Arbeit fr\u00fcher verlassen<\/p>\r\n            <p class=\"value\" id=\"cid19690825501\">30<\/p>\r\n            <p class=\"posttext\">Minuten jeden Tag?<\/p>\r\n        <\/div>\r\n        <div class=\"countup\">\r\n            <p class=\"pretext\">Fahrer, die eine zus\u00e4tzliche Fahrt \u00fcbernehmen<\/p>\r\n            <p class=\"value\" id=\"cid19690825502\">15<\/p>\r\n            <p class=\"posttext\">Minuten, um dringende Auftr\u00e4ge zu erledigen?<\/p>\r\n        <\/div>\r\n        <div class=\"countup\">\r\n            <p class=\"pretext\">nur <\/p>\r\n            <p class=\"value\" id=\"cid19690825503\">1<\/p>\r\n            <p class=\"posttext\">nicht geahndeten r\u00fccksichtslosem Fahren? <\/p>\r\n    <\/div>\r\n<\/section>\r\n\r\n<script nonce=\"\" nonce=\"\">\r\n\r\n    jQuery(function($) {\r\n        $( document ).ready(function(){\r\n            var countercontroller1969082550 = new ScrollMagic.Controller();\r\n\r\n                                var options = {\r\n                        useEasing: true,\r\n                        useGrouping: true,\r\n                        separator: '.',\r\n                        decimal: ',',\r\n                        suffix: ''\r\n                    };\r\n                \r\n            let c1countup= new CountUp('cid19690825501', 0, 30,0,2,options);\r\n\t\t\tvar c1scene = new ScrollMagic.Scene({\r\n                triggerElement: \"#cid19690825501\",\r\n                triggerHook: 'onEnter',\r\n\t\t\t})\r\n\t\t\t.addTo(countercontroller1969082550);\r\n            c1scene.on(\"enter\", function (event) {\r\n                if (!c1countup.error) {\r\n                \u2003\u2003c1countup.start();\r\n                } else {\r\n                \u2003\u2003console.error(c1countup.error);\r\n                }\r\n            });\r\n\r\n            let c2countup= new CountUp('cid19690825502', 0, 15,0,2,options);\r\n\t\t\tvar c2scene = new ScrollMagic.Scene({\r\n                triggerElement: \"#cid19690825502\",\r\n                triggerHook: 'onEnter',\r\n\t\t\t})\r\n\t\t\t.addTo(countercontroller1969082550);\r\n            c2scene.on(\"enter\", function (event) {\r\n                if (!c2countup.error) {\r\n                \u2003\u2003c2countup.start();\r\n                } else {\r\n                \u2003\u2003console.error(c2countup.error);\r\n                }\r\n            });\r\n\r\n            let c3countup= new CountUp('cid19690825503', 0, 1,0,2,options);\r\n\t\t\tvar c3scene = new ScrollMagic.Scene({\r\n                triggerElement: \"#cid19690825503\",\r\n                triggerHook: 'onEnter',\r\n\t\t\t})\r\n\t\t\t.addTo(countercontroller1969082550);\r\n            c3scene.on(\"enter\", function (event) {\r\n                if (!c3countup.error) {\r\n                \u2003\u2003c3countup.start();\r\n                } else {\r\n                \u2003\u2003console.error(c3countup.error);\r\n                }\r\n            });\r\n        })  \r\n    })\r\n            <\/script>\n\n\r\n<div   class=\"hero-block smallhero\">\r\n    <img loading=\"lazy\" decoding=\"async\" width=\"1254\" height=\"464\" src=\"https:\/\/www.quartix.com\/content\/uploads\/2023\/09\/Van-driver-header.png\" class=\"\" alt=\"\" srcset=\"https:\/\/www.quartix.com\/content\/uploads\/2023\/09\/Van-driver-header.png 1254w, https:\/\/www.quartix.com\/content\/uploads\/2023\/09\/Van-driver-header-300x111.png 300w, https:\/\/www.quartix.com\/content\/uploads\/2023\/09\/Van-driver-header-1000x370.png 1000w, https:\/\/www.quartix.com\/content\/uploads\/2023\/09\/Van-driver-header-768x284.png 768w\" sizes=\"auto, (max-width: 1254px) 100vw, 1254px\" \/>                <div class=\"hero-overlay\"><\/div>\r\n            \r\n\r\n\r\n    <div class=\"hero-content \">\r\n        <div class=\"inner\">\r\n                            <p class=\"title stylelikeh3\">Optimieren Sie den Flottenbetrieb und erzielen Sie Einsparungen, auch wenn Ihr Team vor Ort bleibt. <\/p>                <div class=\"author\"><p>Kosten k\u00f6nnen nicht nur gesenkt werden, wenn Ihre Fahrer unterwegs sind. Erfahren Sie, wie Unternehmen mit geringer Kilometerleistung dennoch einen erheblichen ROI durch Fahrzeugortung erzielen k\u00f6nnen.<\/p>\n<\/div>                                        <div class=\"buttons\">\r\n                    <a href=\"https:\/\/go.marketing.quartix.com\/DE_Leitfaden_Wie_die_Fahrzeugortung_standortbezogene_Arbeit_unterst%C3%BCtzt\" class=\"btn btn-green btn-inline\" target=\"_blank\" title=\"Leitfaden jetzt herunterladen\">Leitfaden jetzt herunterladen<\/a>\r\n                <\/div>\r\n                    <\/div>\r\n    <\/div>\r\n<\/div>\n\n\r\n<section class=\"qtx-pagebuilder-section qtx-pagebuilder-section-bannercontent  notopmargin \"\r\nstyle=\"background-color:#13AB5B; color: #FFFFFF;\">\r\n    <div class=\"bannercontentinner\">\r\n        <p style=\"text-align: center\">&#8220;Bei Quartix geht es darum, zu sehen, was Ihre Fahrzeuge tun, und den besten Fahrstil Ihrer Fahrer zu erzielen. Damit k\u00f6nnen Sie Unfallkosten und Wartungskosten senken und einen geringeren Kraftstoffverbrauch erzielen.&#8221;<br \/>\n\u2013 Karl Davidson, St Austell Brewery <\/p>\n    <\/div>\r\n<\/section>\n\n\n<div class=\"wp-block-columns is-layout-flex wp-container-core-columns-is-layout-28f84493 wp-block-columns-is-layout-flex\">\n<div class=\"wp-block-column is-layout-flow wp-block-column-is-layout-flow\">\n<h2 class=\"wp-block-heading\" id=\"h-ihr-leitfaden-fur-einsparungen-bei-der-flotte\">Ihr Leitfaden f\u00fcr Einsparungen bei der Flotte<\/h2>\n\n\n\n<p>Erfahren Sie, wie Unternehmen, die vor Ort t\u00e4tig sind, ihre Kosten senken k\u00f6nnen, indem sie die Fahrzeugortung zu ihrem Vorteil nutzen.<\/p>\n\n\n    <div class=\"button-container \">\r\n<a href=\"https:\/\/go.marketing.quartix.com\/DE_Leitfaden_Wie_die_Fahrzeugortung_standortbezogene_Arbeit_unterst%C3%BCtzt\" class=\"btn pagebuilder-btn btn-green btn-light\" title=\"Leitfaden jetzt herunterladen\" target=\"_blank\">Leitfaden jetzt herunterladen<\/a>\r\n<\/div>\r\n<\/div>\n\n\n\n<div class=\"wp-block-column is-layout-flow wp-block-column-is-layout-flow\">\n<figure class=\"wp-block-image size-full is-resized\"><img loading=\"lazy\" decoding=\"async\" width=\"593\" height=\"840\" src=\"https:\/\/www.quartix.com\/content\/uploads\/2025\/11\/DE_Leitfaden_Wie_die_Fahrzeugortung_standortbezogene_Arbeit_unterstutzt_Bild.png\" alt=\"Ein Mann in Arbeitskleidung h\u00e4lt einen Werkzeugkoffer und rote Kabel in der Hand und steht neben einem wei\u00dfen Lieferwagen mit B\u00e4umen im Hintergrund. Der deutsche Text befasst sich mit Fahrzeugortung zur Unterst\u00fctzung standortbezogener Arbeiten.\" class=\"wp-image-126492\" style=\"width:336px;height:401px\" srcset=\"https:\/\/www.quartix.com\/content\/uploads\/2025\/11\/DE_Leitfaden_Wie_die_Fahrzeugortung_standortbezogene_Arbeit_unterstutzt_Bild.png 593w, https:\/\/www.quartix.com\/content\/uploads\/2025\/11\/DE_Leitfaden_Wie_die_Fahrzeugortung_standortbezogene_Arbeit_unterstutzt_Bild-212x300.png 212w\" sizes=\"auto, (max-width: 593px) 100vw, 593px\" \/><\/figure>\n<\/div>\n<\/div>\n","protected":false},"excerpt":{"rendered":"<p>In vielen Unternehmen bleiben Firmenfahrzeuge \u00fcber l\u00e4ngere Zeitr\u00e4ume am Arbeitsplatz und werden nur f\u00fcr kurze Fahrten genutzt. Wir erkl\u00e4ren Ihnen f\u00fcnf verschiedene M\u00f6glichkeiten, wie ein Fahrzeugortungssystem dennoch einen erheblichen ROI f\u00fcr diese Unternehmen erzielen kann. <\/p>\n","protected":false},"author":12,"featured_media":50891,"parent":0,"menu_order":2990,"comment_status":"closed","ping_status":"closed","template":"templates\/landing-pagebuilder.php","meta":{"_acf_changed":false,"inline_featured_image":false,"footnotes":""},"topic":[1866],"qtx_campaign":[],"class_list":["post-127194","page","type-page","status-publish","has-post-thumbnail","hentry","topic-effizienzsteigerungen-und-einsparungen"],"acf":[],"yoast_head":"<!-- This site is optimized with the Yoast SEO Premium plugin v27.3 (Yoast SEO v27.3) - https:\/\/yoast.com\/product\/yoast-seo-premium-wordpress\/ -->\n<title>Wie Fahrzeugortung die Arbeit vor Ort unterst\u00fctzt - DE<\/title>\n<meta name=\"description\" content=\"Die Fahrzeugortung bietet Unternehmen auch dann Vorteile, wenn ihre Fahrzeuge keine langen Strecken zur\u00fccklegen. Laden Sie unseren KOSTENLOSEN Leitfaden zu &quot;Wie die Fahrzeugortung die standortbezogene Arbeit unterst\u00fctzt&quot; herunter. Jetzt lesen.\" \/>\n<meta name=\"robots\" content=\"index, follow, max-snippet:-1, max-image-preview:large, max-video-preview:-1\" \/>\n<link rel=\"canonical\" href=\"https:\/\/www.quartix.com\/de-de\/wie-die-fahrzeugortung-die-standortbezogene-arbeit-unterstuetzt\/\" \/>\n<meta property=\"og:locale\" content=\"de_DE\" \/>\n<meta property=\"og:type\" content=\"article\" \/>\n<meta property=\"og:title\" content=\"Wie die Fahrzeugortung die standortbezogene Arbeit unterst\u00fctzt\" \/>\n<meta property=\"og:description\" content=\"Die Fahrzeugortung bietet Unternehmen auch dann Vorteile, wenn ihre Fahrzeuge keine langen Strecken zur\u00fccklegen. Laden Sie unseren KOSTENLOSEN Leitfaden zu &quot;Wie die Fahrzeugortung die standortbezogene Arbeit unterst\u00fctzt&quot; herunter. Jetzt lesen.\" \/>\n<meta property=\"og:url\" content=\"https:\/\/www.quartix.com\/de-de\/wie-die-fahrzeugortung-die-standortbezogene-arbeit-unterstuetzt\/\" \/>\n<meta property=\"og:site_name\" content=\"Quartix\" \/>\n<meta property=\"article:publisher\" content=\"https:\/\/www.facebook.com\/Quartix-USA-374426386097401\/\" \/>\n<meta property=\"article:modified_time\" content=\"2026-03-30T15:05:23+00:00\" \/>\n<meta property=\"og:image\" content=\"https:\/\/www.quartix.com\/content\/uploads\/2021\/04\/site-based-work-engineer-with-vehicle.jpg\" \/>\n\t<meta property=\"og:image:width\" content=\"500\" \/>\n\t<meta property=\"og:image:height\" content=\"333\" \/>\n\t<meta property=\"og:image:type\" content=\"image\/jpeg\" \/>\n<meta name=\"twitter:card\" content=\"summary_large_image\" \/>\n<meta name=\"twitter:site\" content=\"@QuartixUSA\" \/>\n<meta name=\"twitter:label1\" content=\"Est. reading time\" \/>\n\t<meta name=\"twitter:data1\" content=\"4 minutes\" \/>\n<!-- \/ Yoast SEO Premium plugin. -->","yoast_head_json":{"title":"Wie Fahrzeugortung die Arbeit vor Ort unterst\u00fctzt - DE","description":"Die Fahrzeugortung bietet Unternehmen auch dann Vorteile, wenn ihre Fahrzeuge keine langen Strecken zur\u00fccklegen. Laden Sie unseren KOSTENLOSEN Leitfaden zu \"Wie die Fahrzeugortung die standortbezogene Arbeit unterst\u00fctzt\" herunter. Jetzt lesen.","robots":{"index":"index","follow":"follow","max-snippet":"max-snippet:-1","max-image-preview":"max-image-preview:large","max-video-preview":"max-video-preview:-1"},"canonical":"https:\/\/www.quartix.com\/de-de\/wie-die-fahrzeugortung-die-standortbezogene-arbeit-unterstuetzt\/","og_locale":"de_DE","og_type":"article","og_title":"Wie die Fahrzeugortung die standortbezogene Arbeit unterst\u00fctzt","og_description":"Die Fahrzeugortung bietet Unternehmen auch dann Vorteile, wenn ihre Fahrzeuge keine langen Strecken zur\u00fccklegen. Laden Sie unseren KOSTENLOSEN Leitfaden zu \"Wie die Fahrzeugortung die standortbezogene Arbeit unterst\u00fctzt\" herunter. Jetzt lesen.","og_url":"https:\/\/www.quartix.com\/de-de\/wie-die-fahrzeugortung-die-standortbezogene-arbeit-unterstuetzt\/","og_site_name":"Quartix","article_publisher":"https:\/\/www.facebook.com\/Quartix-USA-374426386097401\/","article_modified_time":"2026-03-30T15:05:23+00:00","og_image":[{"width":500,"height":333,"url":"https:\/\/www.quartix.com\/content\/uploads\/2021\/04\/site-based-work-engineer-with-vehicle.jpg","type":"image\/jpeg"}],"twitter_card":"summary_large_image","twitter_site":"@QuartixUSA","twitter_misc":{"Est. reading time":"4 minutes"},"schema":{"@context":"https:\/\/schema.org","@graph":[{"@type":"WebPage","@id":"https:\/\/www.quartix.com\/de-de\/wie-die-fahrzeugortung-die-standortbezogene-arbeit-unterstuetzt\/","url":"https:\/\/www.quartix.com\/de-de\/wie-die-fahrzeugortung-die-standortbezogene-arbeit-unterstuetzt\/","name":"Wie Fahrzeugortung die Arbeit vor Ort unterst\u00fctzt","isPartOf":{"@id":"https:\/\/www.quartix.com\/de-de\/#website"},"primaryImageOfPage":{"@id":"https:\/\/www.quartix.com\/de-de\/wie-die-fahrzeugortung-die-standortbezogene-arbeit-unterstuetzt\/#primaryimage"},"image":{"@id":"https:\/\/www.quartix.com\/de-de\/wie-die-fahrzeugortung-die-standortbezogene-arbeit-unterstuetzt\/#primaryimage"},"thumbnailUrl":"https:\/\/www.quartix.com\/content\/uploads\/2021\/04\/site-based-work-engineer-with-vehicle.jpg","datePublished":"2025-12-15T16:53:29+00:00","dateModified":"2026-03-30T15:05:23+00:00","description":"Die Fahrzeugortung bietet Unternehmen auch dann Vorteile, wenn ihre Fahrzeuge keine langen Strecken zur\u00fccklegen. Laden Sie unseren KOSTENLOSEN Leitfaden zu \"Wie die Fahrzeugortung die standortbezogene Arbeit unterst\u00fctzt\" herunter. Jetzt lesen.","breadcrumb":{"@id":"https:\/\/www.quartix.com\/de-de\/wie-die-fahrzeugortung-die-standortbezogene-arbeit-unterstuetzt\/#breadcrumb"},"inLanguage":"de-DE","potentialAction":[{"@type":"ReadAction","target":["https:\/\/www.quartix.com\/de-de\/wie-die-fahrzeugortung-die-standortbezogene-arbeit-unterstuetzt\/"]}]},{"@type":"ImageObject","inLanguage":"de-DE","@id":"https:\/\/www.quartix.com\/de-de\/wie-die-fahrzeugortung-die-standortbezogene-arbeit-unterstuetzt\/#primaryimage","url":"https:\/\/www.quartix.com\/content\/uploads\/2021\/04\/site-based-work-engineer-with-vehicle.jpg","contentUrl":"https:\/\/www.quartix.com\/content\/uploads\/2021\/04\/site-based-work-engineer-with-vehicle.jpg","width":500,"height":333,"caption":"female heating engineer arrives at job"},{"@type":"BreadcrumbList","@id":"https:\/\/www.quartix.com\/de-de\/wie-die-fahrzeugortung-die-standortbezogene-arbeit-unterstuetzt\/#breadcrumb","itemListElement":[{"@type":"ListItem","position":1,"name":"Startseite","item":"https:\/\/www.quartix.com\/de-de\/"},{"@type":"ListItem","position":2,"name":"Wie die Fahrzeugortung die standortbezogene Arbeit unterst\u00fctzt"}]},{"@type":"WebSite","@id":"https:\/\/www.quartix.com\/de-de\/#website","url":"https:\/\/www.quartix.com\/de-de\/","name":"Quartix","description":"Real-time vehicle tracking","publisher":{"@id":"https:\/\/www.quartix.com\/de-de\/#organization"},"potentialAction":[{"@type":"SearchAction","target":{"@type":"EntryPoint","urlTemplate":"https:\/\/www.quartix.com\/de-de\/?s={search_term_string}"},"query-input":{"@type":"PropertyValueSpecification","valueRequired":true,"valueName":"search_term_string"}}],"inLanguage":"de-DE"},{"@type":"Organization","@id":"https:\/\/www.quartix.com\/de-de\/#organization","name":"Quartix","url":"https:\/\/www.quartix.com\/de-de\/","logo":{"@type":"ImageObject","inLanguage":"de-DE","@id":"https:\/\/www.quartix.com\/de-de\/#\/schema\/logo\/image\/","url":"https:\/\/www.quartix.com\/content\/uploads\/2019\/02\/quartix-logo-eur.svg","contentUrl":"https:\/\/www.quartix.com\/content\/uploads\/2019\/02\/quartix-logo-eur.svg","width":1,"height":1,"caption":"Quartix"},"image":{"@id":"https:\/\/www.quartix.com\/de-de\/#\/schema\/logo\/image\/"},"sameAs":["https:\/\/www.facebook.com\/Quartix-USA-374426386097401\/","https:\/\/x.com\/QuartixUSA","https:\/\/www.linkedin.com\/company\/5346733\/","https:\/\/www.youtube.com\/channel\/UCzS-_GMfHF4kWiCheyIRrAQ"]}]}},"_links":{"self":[{"href":"https:\/\/www.quartix.com\/de-de\/wp-json\/wp\/v2\/pages\/127194","targetHints":{"allow":["GET"]}}],"collection":[{"href":"https:\/\/www.quartix.com\/de-de\/wp-json\/wp\/v2\/pages"}],"about":[{"href":"https:\/\/www.quartix.com\/de-de\/wp-json\/wp\/v2\/types\/page"}],"author":[{"embeddable":true,"href":"https:\/\/www.quartix.com\/de-de\/wp-json\/wp\/v2\/users\/12"}],"replies":[{"embeddable":true,"href":"https:\/\/www.quartix.com\/de-de\/wp-json\/wp\/v2\/comments?post=127194"}],"version-history":[{"count":8,"href":"https:\/\/www.quartix.com\/de-de\/wp-json\/wp\/v2\/pages\/127194\/revisions"}],"predecessor-version":[{"id":130465,"href":"https:\/\/www.quartix.com\/de-de\/wp-json\/wp\/v2\/pages\/127194\/revisions\/130465"}],"wp:featuredmedia":[{"embeddable":true,"href":"https:\/\/www.quartix.com\/de-de\/wp-json\/wp\/v2\/media\/50891"}],"wp:attachment":[{"href":"https:\/\/www.quartix.com\/de-de\/wp-json\/wp\/v2\/media?parent=127194"}],"wp:term":[{"taxonomy":"topic","embeddable":true,"href":"https:\/\/www.quartix.com\/de-de\/wp-json\/wp\/v2\/topic?post=127194"},{"taxonomy":"qtx_campaign","embeddable":true,"href":"https:\/\/www.quartix.com\/de-de\/wp-json\/wp\/v2\/qtx_campaign?post=127194"}],"curies":[{"name":"wp","href":"https:\/\/api.w.org\/{rel}","templated":true}]}}