{"id":127283,"date":"2025-12-29T16:54:20","date_gmt":"2025-12-29T15:54:20","guid":{"rendered":"https:\/\/www.quartix.com\/?page_id=127283"},"modified":"2026-03-30T16:04:04","modified_gmt":"2026-03-30T15:04:04","slug":"quartix-leitfaden-fuer-fahrerpunktzahl-und-ranglisten","status":"publish","type":"page","link":"https:\/\/www.quartix.com\/de-de\/quartix-leitfaden-fuer-fahrerpunktzahl-und-ranglisten\/","title":{"rendered":"Quartix Leitfaden f\u00fcr Fahrerpunktzahl und Ranglisten"},"content":{"rendered":"\r\n<div   class=\"hero-block bighero\">\r\n    <img loading=\"lazy\" decoding=\"async\" width=\"1198\" height=\"674\" src=\"https:\/\/www.quartix.com\/content\/uploads\/2023\/10\/man-driving-van-uk-1.png\" class=\"\" alt=\"driver in van road view\" srcset=\"https:\/\/www.quartix.com\/content\/uploads\/2023\/10\/man-driving-van-uk-1.png 1198w, https:\/\/www.quartix.com\/content\/uploads\/2023\/10\/man-driving-van-uk-1-300x169.png 300w, https:\/\/www.quartix.com\/content\/uploads\/2023\/10\/man-driving-van-uk-1-1000x563.png 1000w, https:\/\/www.quartix.com\/content\/uploads\/2023\/10\/man-driving-van-uk-1-768x432.png 768w\" sizes=\"auto, (max-width: 1198px) 100vw, 1198px\" \/>                <div class=\"hero-overlay\"><\/div>\r\n            \r\n\r\n\r\n    <div class=\"hero-content \">\r\n        <div class=\"inner limited-width\">\r\n                                                <h1 class=\"title\">Verwenden Sie Fahrerbewertungen, um die Leistung Ihrer Flotte zu bewerten<\/h1>\r\n                                <p class=\"text\">Erfahren Sie, wie die Fahrerpunktzahl von Quartix berechnet wird und wie die Beobachtung dieser Faktoren Ihnen helfen kann, die Sicherheit und Effizienz Ihrer gesamten Flotte zu verbessern. <\/p>                                        <div class=\"buttons\">\r\n                    <a href=\"https:\/\/go.marketing.quartix.com\/Leitfaden_zur_Fahrerpunktzahl_Ranglisten\" class=\"btn btn-green btn-inline\" target=\"_blank\" title=\"Leitfaden herunterladen\">Leitfaden herunterladen<\/a>\r\n                <\/div>\r\n                    <\/div>\r\n    <\/div>\r\n<\/div>\n\n\r\n<div   class=\"hero-block smallhero landing-cta\">\r\n            <div class=\"hero-overlay greybg\"><\/div>\r\n        <div class=\"hero-content greybg noimage\">\r\n        <div class=\"inner\">\r\n            <h2 class=\"title\">Nutzen Sie die t\u00e4glichen Fahrerbewertungen von Quartix, um Ihren Fahrern zu besseren Fahrgewohnheiten zu verhelfen. <\/h2>            <div class=\"author\"><p>Erfahren Sie, wie Sie durch eine eingehende Analyse des Fahrverhaltens und die Einf\u00fchrung von Ma\u00dfnahmen Folgendes erreichen k\u00f6nnen:<\/p>\n<\/div>            <div class='landingctalist centrelist'><ul class='arrows fa-ul' style=''><li><span class='fa-li'><i class='fa fa-arrow-right'><\/i><\/span>Verringern Sie das Risiko von Verkehrsunf\u00e4llen<\/li><li><span class='fa-li'><i class='fa fa-arrow-right'><\/i><\/span>Senken Sie Ihre Kraftstoffkosten durch einen geringeren Kraftstoffverbrauch<\/li><li><span class='fa-li'><i class='fa fa-arrow-right'><\/i><\/span>Verbessern Sie den Ruf Ihrer Marke <\/li><li><span class='fa-li'><i class='fa fa-arrow-right'><\/i><\/span>Sch\u00fctzen Sie Ihre Fahrer vor falschen Anschuldigungen <\/li><\/ul><\/div>            \r\n                            <div class=\"buttons\">\r\n                    <a href=\"https:\/\/go.marketing.quartix.com\/Leitfaden_zur_Fahrerpunktzahl_Ranglisten\" class=\"btn btn-green\" target=\"_blank\" title=\"Leitfaden herunterladen\">Leitfaden herunterladen<\/a>\r\n                <\/div>\r\n                    <\/div>\r\n    <\/div>\r\n<\/div>\n\n\r\n\r\n        <div  class=\"landingpageouter\" style=\"background-color:#ffffff ;\">\r\n        <div class=\"landingpagecolsblock twocols4060 \">\r\n            <div class=\"col1\">\r\n                <p class=\"pre-title\">Was ist die Fahrer-Punktzahl?<\/p>                                <div class='wysiwyg'><p>Anhand der Telematikdaten erh\u00e4lt jeder Fahrer eine t\u00e4gliche Bewertung seiner Fahrleistung. Diese Bewertungen sind zur leichteren Analyse farblich gekennzeichnet, sodass Sie auf einen Blick erkennen k\u00f6nnen, wo Verbesserungsbedarf besteht.<\/p>\n<\/div>            <\/div>\r\n            <div class=\"col2\">\r\n                <div class=\"responsivemedia\"><img loading=\"lazy\" decoding=\"async\" width=\"640\" height=\"262\" src=\"https:\/\/www.quartix.com\/content\/uploads\/2023\/09\/woman-in-vehicle-header-768x314.png\" class=\"\" alt=\"\" srcset=\"https:\/\/www.quartix.com\/content\/uploads\/2023\/09\/woman-in-vehicle-header-768x314.png 768w, https:\/\/www.quartix.com\/content\/uploads\/2023\/09\/woman-in-vehicle-header-300x123.png 300w, https:\/\/www.quartix.com\/content\/uploads\/2023\/09\/woman-in-vehicle-header-1000x408.png 1000w, https:\/\/www.quartix.com\/content\/uploads\/2023\/09\/woman-in-vehicle-header-1536x627.png 1536w, https:\/\/www.quartix.com\/content\/uploads\/2023\/09\/woman-in-vehicle-header.png 1920w\" sizes=\"auto, (max-width: 640px) 100vw, 640px\" \/><\/div>            <\/div>\r\n                        <\/div>\r\n    <\/div>\r\n\r\n\r\n\n\n\r\n\r\n        <div  class=\"landingpageouter\" style=\"background-color:#efefef ;\">\r\n        <div class=\"landingpagecolsblock twocols4060 swap-content\">\r\n            <div class=\"col1\">\r\n                <p class=\"pre-title\">Wie wird die Punktzahl berechnet? <\/p>                                <div class='wysiwyg'><p>Speed, acceleration and braking\u2014these factors are key to establishing driver performance, but are weighed against other factors, such as the severity of the individual events, to arrive at a final driver score.<\/p>\n<\/div>            <\/div>\r\n            <div class=\"col2\">\r\n                <div class=\"responsivemedia\"><img loading=\"lazy\" decoding=\"async\" width=\"640\" height=\"258\" src=\"https:\/\/www.quartix.com\/content\/uploads\/2019\/09\/Speed-Report2-768x309-768x309.png\" class=\"\" alt=\"\" srcset=\"https:\/\/www.quartix.com\/content\/uploads\/2019\/09\/Speed-Report2-768x309.png 768w, https:\/\/www.quartix.com\/content\/uploads\/2019\/09\/Speed-Report2-768x309-300x121.png 300w\" sizes=\"auto, (max-width: 640px) 100vw, 640px\" \/><\/div>            <\/div>\r\n                        <\/div>\r\n    <\/div>\r\n\r\n\r\n\n\n\r\n\r\n        <div  class=\"landingpageouter\" style=\"background-color:#f8f8f8 ;\">\r\n        <div class=\"landingpagecolsblock twocols4060 \">\r\n            <div class=\"col1\">\r\n                <p class=\"pre-title\">Wie kann die Fahrer-Punktzahl Ihrer Flotte helfen? <\/p>                                <div class='wysiwyg'><p>Durch die Analyse der t\u00e4glichen Fahrerbewertungen k\u00f6nnen Sie Fahrer, die durchweg hohe Bewertungen erzielen, erkennen und belohnen, w\u00e4hrend Sie gleichzeitig positive Ver\u00e4nderungen bei Fahrern bewirken k\u00f6nnen, die mehr Unterst\u00fctzung ben\u00f6tigen.<\/p>\n<\/div>            <\/div>\r\n            <div class=\"col2\">\r\n                <div class=\"responsivemedia\"><img loading=\"lazy\" decoding=\"async\" width=\"640\" height=\"385\" src=\"https:\/\/www.quartix.com\/content\/uploads\/2023\/10\/manager-coaching-driver-1-768x462.png\" class=\"\" alt=\"\" srcset=\"https:\/\/www.quartix.com\/content\/uploads\/2023\/10\/manager-coaching-driver-1-768x462.png 768w, https:\/\/www.quartix.com\/content\/uploads\/2023\/10\/manager-coaching-driver-1-300x181.png 300w, https:\/\/www.quartix.com\/content\/uploads\/2023\/10\/manager-coaching-driver-1-1000x602.png 1000w, https:\/\/www.quartix.com\/content\/uploads\/2023\/10\/manager-coaching-driver-1.png 1198w\" sizes=\"auto, (max-width: 640px) 100vw, 640px\" \/><\/div>            <\/div>\r\n                        <\/div>\r\n    <\/div>\r\n\r\n\r\n\n\n\r\n<div   class=\"hero-block smallhero\">\r\n            <div class=\"hero-overlay whitebg\"><\/div>\r\n    \r\n\r\n\r\n    <div class=\"hero-content whitebg noimage\">\r\n        <div class=\"inner\">\r\n                            <p class=\"title stylelikeh3\">Nutzen Sie die umfassenden Fahrzeugortungsberichte von Quartix, die um Daten zur Fahrerleistung erg\u00e4nzt wurden.<\/p>                <div class=\"author\"><p>Geben Sie Ihrem Unternehmen die notwendigen Werkzeuge an die Hand, um Ihre Fahrer zu besseren Fahrverhalten zu motivieren und die Vorteile einer sichereren und wirtschaftlicheren Flotte zu nutzen.<\/p>\n<\/div>                                        <div class=\"buttons\">\r\n                    <a href=\"https:\/\/go.marketing.quartix.com\/Leitfaden_zur_Fahrerpunktzahl_Ranglisten\" class=\"btn btn-green btn-inline\" target=\"_blank\" title=\"Leitfaden herunterladen\">Leitfaden herunterladen<\/a>\r\n                <\/div>\r\n                    <\/div>\r\n    <\/div>\r\n<\/div>\n\n\r\n<section class=\"qtx-pagebuilder-section qtx-pagebuilder-section-bannercontent  notopmargin \"\r\nstyle=\"background-color:#13AB5B; color: #FFFFFF;\">\r\n    <div class=\"bannercontentinner\">\r\n        <p style=\"text-align: center\">\u201eWir haben eine Verbesserung des Fahrstils in unserer gesamten Flotte um etwa 20 % festgestellt. Seit wir Quartix einsetzen, liegen unsere Fahrer nun im Bereich von 80 bis 100 Punkten, was genau unserem Ziel entspricht. Wir f\u00fchren t\u00e4glich Besprechungen mit den Fahrern durch, sodass sie leicht erkennen k\u00f6nnen, wie sich ihr Fahrstil verbessert hat.\u201c<\/p>\n<p style=\"text-align: center\">-Karl Davidson, St Austell Brewery<\/p>\n    <\/div>\r\n<\/section>\n\n\n<div class=\"wp-block-columns is-layout-flex wp-container-core-columns-is-layout-28f84493 wp-block-columns-is-layout-flex\">\n<div class=\"wp-block-column is-layout-flow wp-block-column-is-layout-flow\">\n<h2 class=\"wp-block-heading\" id=\"h-ihr-leitfaden-fur-eine-bessere-fahrerleistung\">Ihr Leitfaden f\u00fcr eine bessere Fahrerleistung<\/h2>\n\n\n\n<p>Erkennen Sie, wie verbesserte Fahrerbewertungen Ihrem Unternehmen zugute kommen und eine sicherheitsbewusste, effiziente mobile Belegschaft schaffen k\u00f6nnen.<\/p>\n\n\n    <div class=\"button-container \">\r\n<a href=\"https:\/\/go.marketing.quartix.com\/Leitfaden_zur_Fahrerpunktzahl_Ranglisten\" class=\"btn pagebuilder-btn btn-green btn-light\" title=\"Leitfaden herunterladen\" target=\"_blank\">Leitfaden herunterladen<\/a>\r\n<\/div>\r\n<\/div>\n\n\n\n<div class=\"wp-block-column is-layout-flow wp-block-column-is-layout-flow\">\n<figure class=\"wp-block-image size-full is-resized\"><img loading=\"lazy\" decoding=\"async\" width=\"598\" height=\"846\" src=\"https:\/\/www.quartix.com\/content\/uploads\/2025\/11\/DE_Leitfaden_Fahrerpunktzahl_Rangliste_Bild.png\" alt=\"Close-up of a person\u2019s hands on a vehicle steering wheel. Overlay text discusses using GPS tracking for driver evaluations, displaying speed, driver name, start time, hazard distance, and arrival time.\" class=\"wp-image-126514\" style=\"width:346px;height:413px\" srcset=\"https:\/\/www.quartix.com\/content\/uploads\/2025\/11\/DE_Leitfaden_Fahrerpunktzahl_Rangliste_Bild.png 598w, https:\/\/www.quartix.com\/content\/uploads\/2025\/11\/DE_Leitfaden_Fahrerpunktzahl_Rangliste_Bild-212x300.png 212w\" sizes=\"auto, (max-width: 598px) 100vw, 598px\" \/><\/figure>\n<\/div>\n<\/div>\n","protected":false},"excerpt":{"rendered":"<p>Unsere leicht verst\u00e4ndliche, farbcodierte Bewertung f\u00fcr jedes Fahrzeug oder jeden Fahrer in einer Flotte erm\u00f6glicht es Flottenmanagern, sofort zu erkennen, welche Fahrer ihre F\u00e4higkeiten verbessern m\u00fcssen. Erfahren Sie, wie die Fahrbewertung berechnet wird und wie Sie diese Funktion nutzen k\u00f6nnen. <\/p>\n","protected":false},"author":12,"featured_media":86371,"parent":0,"menu_order":3412,"comment_status":"closed","ping_status":"closed","template":"templates\/landing-pagebuilder.php","meta":{"_acf_changed":false,"inline_featured_image":false,"footnotes":""},"topic":[1869],"qtx_campaign":[],"class_list":["post-127283","page","type-page","status-publish","has-post-thumbnail","hentry","topic-fahrer-management"],"acf":[],"yoast_head":"<!-- This site is optimized with the Yoast SEO Premium plugin v27.2 (Yoast SEO v27.2) - https:\/\/yoast.com\/product\/yoast-seo-premium-wordpress\/ -->\n<title>Quartix Leitfaden f\u00fcr Fahrerpunktzahl und Ranglisten - DE<\/title>\n<meta name=\"description\" content=\"Erfahren Sie, wie unsere Fahrerbewertungen berechnet werden und wie sie Ihnen helfen k\u00f6nnen, die Sicherheit und Effizienz Ihrer Flotte zu verbessern. Laden Sie unseren kostenlosen Leitfaden herunter. Kontaktieren Sie uns.\" \/>\n<meta name=\"robots\" content=\"index, follow, max-snippet:-1, max-image-preview:large, max-video-preview:-1\" \/>\n<link rel=\"canonical\" href=\"https:\/\/www.quartix.com\/de-de\/quartix-leitfaden-fuer-fahrerpunktzahl-und-ranglisten\/\" \/>\n<meta property=\"og:locale\" content=\"de_DE\" \/>\n<meta property=\"og:type\" content=\"article\" \/>\n<meta property=\"og:title\" content=\"Quartix Leitfaden f\u00fcr Fahrerpunktzahl und Ranglisten\" \/>\n<meta property=\"og:description\" content=\"Erfahren Sie, wie unsere Fahrerbewertungen berechnet werden und wie sie Ihnen helfen k\u00f6nnen, die Sicherheit und Effizienz Ihrer Flotte zu verbessern. Laden Sie unseren kostenlosen Leitfaden herunter. Kontaktieren Sie uns.\" \/>\n<meta property=\"og:url\" content=\"https:\/\/www.quartix.com\/de-de\/quartix-leitfaden-fuer-fahrerpunktzahl-und-ranglisten\/\" \/>\n<meta property=\"og:site_name\" content=\"Quartix\" \/>\n<meta property=\"article:publisher\" content=\"https:\/\/www.facebook.com\/Quartix-USA-374426386097401\/\" \/>\n<meta property=\"article:modified_time\" content=\"2026-03-30T15:04:04+00:00\" \/>\n<meta property=\"og:image\" content=\"https:\/\/www.quartix.com\/content\/uploads\/2023\/05\/Quartix-Driver-Scores-Guide.png\" \/>\n\t<meta property=\"og:image:width\" content=\"280\" \/>\n\t<meta property=\"og:image:height\" content=\"206\" \/>\n\t<meta property=\"og:image:type\" content=\"image\/png\" \/>\n<meta name=\"twitter:card\" content=\"summary_large_image\" \/>\n<meta name=\"twitter:site\" content=\"@QuartixUSA\" \/>\n<meta name=\"twitter:label1\" content=\"Est. reading time\" \/>\n\t<meta name=\"twitter:data1\" content=\"3 minutes\" \/>\n<!-- \/ Yoast SEO Premium plugin. -->","yoast_head_json":{"title":"Quartix Leitfaden f\u00fcr Fahrerpunktzahl und Ranglisten - DE","description":"Erfahren Sie, wie unsere Fahrerbewertungen berechnet werden und wie sie Ihnen helfen k\u00f6nnen, die Sicherheit und Effizienz Ihrer Flotte zu verbessern. Laden Sie unseren kostenlosen Leitfaden herunter. Kontaktieren Sie uns.","robots":{"index":"index","follow":"follow","max-snippet":"max-snippet:-1","max-image-preview":"max-image-preview:large","max-video-preview":"max-video-preview:-1"},"canonical":"https:\/\/www.quartix.com\/de-de\/quartix-leitfaden-fuer-fahrerpunktzahl-und-ranglisten\/","og_locale":"de_DE","og_type":"article","og_title":"Quartix Leitfaden f\u00fcr Fahrerpunktzahl und Ranglisten","og_description":"Erfahren Sie, wie unsere Fahrerbewertungen berechnet werden und wie sie Ihnen helfen k\u00f6nnen, die Sicherheit und Effizienz Ihrer Flotte zu verbessern. Laden Sie unseren kostenlosen Leitfaden herunter. Kontaktieren Sie uns.","og_url":"https:\/\/www.quartix.com\/de-de\/quartix-leitfaden-fuer-fahrerpunktzahl-und-ranglisten\/","og_site_name":"Quartix","article_publisher":"https:\/\/www.facebook.com\/Quartix-USA-374426386097401\/","article_modified_time":"2026-03-30T15:04:04+00:00","og_image":[{"width":280,"height":206,"url":"https:\/\/www.quartix.com\/content\/uploads\/2023\/05\/Quartix-Driver-Scores-Guide.png","type":"image\/png"}],"twitter_card":"summary_large_image","twitter_site":"@QuartixUSA","twitter_misc":{"Est. reading time":"3 minutes"},"schema":{"@context":"https:\/\/schema.org","@graph":[{"@type":"WebPage","@id":"https:\/\/www.quartix.com\/de-de\/quartix-leitfaden-fuer-fahrerpunktzahl-und-ranglisten\/","url":"https:\/\/www.quartix.com\/de-de\/quartix-leitfaden-fuer-fahrerpunktzahl-und-ranglisten\/","name":"Quartix Leitfaden f\u00fcr Fahrerpunktzahl und Ranglisten","isPartOf":{"@id":"https:\/\/www.quartix.com\/de-de\/#website"},"primaryImageOfPage":{"@id":"https:\/\/www.quartix.com\/de-de\/quartix-leitfaden-fuer-fahrerpunktzahl-und-ranglisten\/#primaryimage"},"image":{"@id":"https:\/\/www.quartix.com\/de-de\/quartix-leitfaden-fuer-fahrerpunktzahl-und-ranglisten\/#primaryimage"},"thumbnailUrl":"https:\/\/www.quartix.com\/content\/uploads\/2023\/05\/Quartix-Driver-Scores-Guide.png","datePublished":"2025-12-29T15:54:20+00:00","dateModified":"2026-03-30T15:04:04+00:00","description":"Erfahren Sie, wie unsere Fahrerbewertungen berechnet werden und wie sie Ihnen helfen k\u00f6nnen, die Sicherheit und Effizienz Ihrer Flotte zu verbessern. Laden Sie unseren kostenlosen Leitfaden herunter. Kontaktieren Sie uns.","breadcrumb":{"@id":"https:\/\/www.quartix.com\/de-de\/quartix-leitfaden-fuer-fahrerpunktzahl-und-ranglisten\/#breadcrumb"},"inLanguage":"de-DE","potentialAction":[{"@type":"ReadAction","target":["https:\/\/www.quartix.com\/de-de\/quartix-leitfaden-fuer-fahrerpunktzahl-und-ranglisten\/"]}]},{"@type":"ImageObject","inLanguage":"de-DE","@id":"https:\/\/www.quartix.com\/de-de\/quartix-leitfaden-fuer-fahrerpunktzahl-und-ranglisten\/#primaryimage","url":"https:\/\/www.quartix.com\/content\/uploads\/2023\/05\/Quartix-Driver-Scores-Guide.png","contentUrl":"https:\/\/www.quartix.com\/content\/uploads\/2023\/05\/Quartix-Driver-Scores-Guide.png","width":280,"height":206},{"@type":"BreadcrumbList","@id":"https:\/\/www.quartix.com\/de-de\/quartix-leitfaden-fuer-fahrerpunktzahl-und-ranglisten\/#breadcrumb","itemListElement":[{"@type":"ListItem","position":1,"name":"Startseite","item":"https:\/\/www.quartix.com\/de-de\/die-nr-1-fahrzeugortungsloesung-fuer-flotten-jeder-groesse\/"},{"@type":"ListItem","position":2,"name":"Quartix Leitfaden f\u00fcr Fahrerpunktzahl und Ranglisten"}]},{"@type":"WebSite","@id":"https:\/\/www.quartix.com\/de-de\/#website","url":"https:\/\/www.quartix.com\/de-de\/","name":"Quartix","description":"Real-time vehicle tracking","publisher":{"@id":"https:\/\/www.quartix.com\/de-de\/#organization"},"potentialAction":[{"@type":"SearchAction","target":{"@type":"EntryPoint","urlTemplate":"https:\/\/www.quartix.com\/de-de\/?s={search_term_string}"},"query-input":{"@type":"PropertyValueSpecification","valueRequired":true,"valueName":"search_term_string"}}],"inLanguage":"de-DE"},{"@type":"Organization","@id":"https:\/\/www.quartix.com\/de-de\/#organization","name":"Quartix","url":"https:\/\/www.quartix.com\/de-de\/","logo":{"@type":"ImageObject","inLanguage":"de-DE","@id":"https:\/\/www.quartix.com\/de-de\/#\/schema\/logo\/image\/","url":"https:\/\/www.quartix.com\/content\/uploads\/2019\/02\/quartix-logo-eur.svg","contentUrl":"https:\/\/www.quartix.com\/content\/uploads\/2019\/02\/quartix-logo-eur.svg","width":1,"height":1,"caption":"Quartix"},"image":{"@id":"https:\/\/www.quartix.com\/de-de\/#\/schema\/logo\/image\/"},"sameAs":["https:\/\/www.facebook.com\/Quartix-USA-374426386097401\/","https:\/\/x.com\/QuartixUSA","https:\/\/www.linkedin.com\/company\/5346733\/","https:\/\/www.youtube.com\/channel\/UCzS-_GMfHF4kWiCheyIRrAQ"]}]}},"_links":{"self":[{"href":"https:\/\/www.quartix.com\/de-de\/wp-json\/wp\/v2\/pages\/127283","targetHints":{"allow":["GET"]}}],"collection":[{"href":"https:\/\/www.quartix.com\/de-de\/wp-json\/wp\/v2\/pages"}],"about":[{"href":"https:\/\/www.quartix.com\/de-de\/wp-json\/wp\/v2\/types\/page"}],"author":[{"embeddable":true,"href":"https:\/\/www.quartix.com\/de-de\/wp-json\/wp\/v2\/users\/12"}],"replies":[{"embeddable":true,"href":"https:\/\/www.quartix.com\/de-de\/wp-json\/wp\/v2\/comments?post=127283"}],"version-history":[{"count":3,"href":"https:\/\/www.quartix.com\/de-de\/wp-json\/wp\/v2\/pages\/127283\/revisions"}],"predecessor-version":[{"id":130464,"href":"https:\/\/www.quartix.com\/de-de\/wp-json\/wp\/v2\/pages\/127283\/revisions\/130464"}],"wp:featuredmedia":[{"embeddable":true,"href":"https:\/\/www.quartix.com\/de-de\/wp-json\/wp\/v2\/media\/86371"}],"wp:attachment":[{"href":"https:\/\/www.quartix.com\/de-de\/wp-json\/wp\/v2\/media?parent=127283"}],"wp:term":[{"taxonomy":"topic","embeddable":true,"href":"https:\/\/www.quartix.com\/de-de\/wp-json\/wp\/v2\/topic?post=127283"},{"taxonomy":"qtx_campaign","embeddable":true,"href":"https:\/\/www.quartix.com\/de-de\/wp-json\/wp\/v2\/qtx_campaign?post=127283"}],"curies":[{"name":"wp","href":"https:\/\/api.w.org\/{rel}","templated":true}]}}