{"id":127437,"date":"2026-01-08T15:46:18","date_gmt":"2026-01-08T14:46:18","guid":{"rendered":"https:\/\/www.quartix.com\/?page_id=127437"},"modified":"2026-03-30T16:03:29","modified_gmt":"2026-03-30T15:03:29","slug":"geschwindigkeitsrichtlinie-durch-fahrzeugortungsdaten","status":"publish","type":"page","link":"https:\/\/www.quartix.com\/de-de\/geschwindigkeitsrichtlinie-durch-fahrzeugortungsdaten\/","title":{"rendered":"Setzen Sie mithilfe von Fahrzeugortungsdaten Ihre Geschwindigkeitsrichtlinie durch."},"content":{"rendered":"\r\n<div   class=\"hero-block bighero\">\r\n    <img loading=\"lazy\" decoding=\"async\" width=\"940\" height=\"239\" src=\"https:\/\/www.quartix.com\/content\/uploads\/2024\/01\/UK-driver-behind-wheel-1.png\" class=\"\" alt=\"\" \/>                <div class=\"hero-overlay\"><\/div>\r\n            \r\n\r\n\r\n    <div class=\"hero-content \">\r\n        <div class=\"inner limited-width\">\r\n                                                <h1 class=\"title\">Setzen Sie mithilfe von Fahrzeugortungsdaten Ihre Geschwindigkeitsrichtlinie durch.<\/h1>\r\n                                <p class=\"text\">Reduzieren Sie das Risiko von Verkehrsunf\u00e4llen, indem Sie Ziele zur Geschwindigkeitsreduzierung festlegen, Erwartungen an Ihre Fahrer formulieren und Telematikdaten zur \u00dcberwachung der Fortschritte nutzen. <\/p>                                        <div class=\"buttons\">\r\n                    <a href=\"https:\/\/go.marketing.quartix.com\/leitfaden_zu_geschwindigkeitsregelungen\" class=\"btn btn-green btn-inline\" target=\"_blank\" title=\"Leitfaden herunterladen\">Leitfaden herunterladen<\/a>\r\n                <\/div>\r\n                    <\/div>\r\n    <\/div>\r\n<\/div>\n\n\r\n<div   class=\"hero-block smallhero landing-cta\">\r\n            <div class=\"hero-overlay greybg\"><\/div>\r\n        <div class=\"hero-content greybg noimage\">\r\n        <div class=\"inner\">\r\n            <h2 class=\"title\">Erfahren Sie, wie sich \u00fcberh\u00f6hte Geschwindigkeit direkt auf die Sicherheit auswirkt und zu h\u00f6heren Gesamtkosten f\u00fchrt.<\/h2>            <div class=\"author\"><p>Vermeiden Sie diese Risiken, indem Sie Fahrzeugortung einsetzen, um Ihre Fahrer zu einem <a href=\"https:\/\/www.quartix.com\/de-de\/fahrzeugortung\/fahrstil\/\" target=\"_blank\" rel=\"noopener\">besseren Fahrverhalten anzuleiten.<\/a><\/p>\n<\/div>                        \r\n                            <div class=\"buttons\">\r\n                    <a href=\"https:\/\/go.marketing.quartix.com\/leitfaden_zu_geschwindigkeitsregelungen\" class=\"btn btn-green\" target=\"_blank\" title=\"Leitfaden herunterladen\">Leitfaden herunterladen<\/a>\r\n                <\/div>\r\n                    <\/div>\r\n    <\/div>\r\n<\/div>\n\n\r\n\r\n        <div  class=\"landingpageouter\" style=\"background-color:#ffffff ;\">\r\n        <div class=\"landingpagecolsblock twocols4060 \">\r\n            <div class=\"col1\">\r\n                <p class=\"pre-title\">VERSTEHEN SIE DIE AUSWIRKUNGEN\u2026<\/p>                <h2 class=\"\">von Geschwindigkeits\u00fcberschreitung in Ihrem Unternehmen<\/h2>                <div class='wysiwyg'><p>Bu\u00dfgelder, Fahrzeugverschlei\u00df, Rufsch\u00e4digung, Verletzungen und Unf\u00e4lle \u2013 in diesem Leitfaden erfahren Sie, wie sch\u00e4dlich Geschwindigkeits\u00fcberschreitungen f\u00fcr Ihr Unternehmen und Ihre Fahrer sein k\u00f6nnen.<\/p>\n<\/div>            <\/div>\r\n            <div class=\"col2\">\r\n                <div class=\"responsivemedia\"><img loading=\"lazy\" decoding=\"async\" width=\"280\" height=\"187\" src=\"https:\/\/www.quartix.com\/content\/uploads\/2020\/09\/crashed-van-safe-speed.jpg\" class=\"\" alt=\"crashed van safe speed\" \/><\/div>            <\/div>\r\n                        <\/div>\r\n    <\/div>\r\n\r\n\r\n\n\n\r\n\r\n        <div  class=\"landingpageouter\" style=\"background-color:#efefef ;\">\r\n        <div class=\"landingpagecolsblock twocols4060 swap-content\">\r\n            <div class=\"col1\">\r\n                <p class=\"pre-title\">ERHALTEN SIE UMSETZBARE ERKENNTNISSE\u2026<\/p>                <h2 class=\"\">von Ihrem Fahrzeugortungssystem<\/h2>                <div class='wysiwyg'><p>Geschwindigkeitsanalyse, Berichte zum Fahrverhalten, <a href=\"https:\/\/www.quartix.com\/de-de\/quartix-leitfaden-fuer-fahrerpunktzahl-und-ranglisten\/\" target=\"_blank\" rel=\"noopener\">Fahrbewertungen<\/a> \u2013 diese Tools Ihres Telematiksystems geben Ihnen die M\u00f6glichkeit, notwendige \u00c4nderungen zu identifizieren und Ihre Fahrer zu einer besseren Fahrweise anzuleiten.<\/p>\n<\/div>            <\/div>\r\n            <div class=\"col2\">\r\n                <div class=\"responsivemedia\"><img loading=\"lazy\" decoding=\"async\" width=\"640\" height=\"537\" src=\"https:\/\/www.quartix.com\/content\/uploads\/2024\/01\/employee-and-employer-talking-vehicle-tracking.png\" class=\"\" alt=\"\" \/><\/div>            <\/div>\r\n                        <\/div>\r\n    <\/div>\r\n\r\n\r\n\n\n\r\n\r\n        <div  class=\"landingpageouter\" style=\"background-color:#f8f8f8 ;\">\r\n        <div class=\"landingpagecolsblock twocols4060 \">\r\n            <div class=\"col1\">\r\n                <p class=\"pre-title\">ENTDECKEN SIE DIE VORTEILE\u2026<\/p>                <h2 class=\"\">einer Unternehmensrichtlinie zur Geschwindigkeits\u00fcberschreitung<\/h2>                <div class='wysiwyg'><p>Klare Erwartungen, regelm\u00e4\u00dfige \u00dcberpr\u00fcfungen, Anreizsysteme \u2013 Richtlinien f\u00fcr den Umgang Ihres Unternehmens mit \u00fcberh\u00f6hter Geschwindigkeit k\u00f6nnen Ihnen helfen, negative Folgen zu vermeiden und Ihre Mitarbeiter zu sch\u00fctzen.<\/p>\n<\/div>            <\/div>\r\n            <div class=\"col2\">\r\n                <div class=\"responsivemedia\"><img loading=\"lazy\" decoding=\"async\" width=\"459\" height=\"420\" src=\"https:\/\/www.quartix.com\/content\/uploads\/2024\/02\/van-driver.png\" class=\"\" alt=\"\" \/><\/div>            <\/div>\r\n                        <\/div>\r\n    <\/div>\r\n\r\n\r\n\n\n\r\n<div   class=\"hero-block smallhero\">\r\n    <img loading=\"lazy\" decoding=\"async\" width=\"1920\" height=\"784\" src=\"https:\/\/www.quartix.com\/content\/uploads\/2023\/09\/woman-in-vehicle-header.png\" class=\"\" alt=\"\" srcset=\"https:\/\/www.quartix.com\/content\/uploads\/2023\/09\/woman-in-vehicle-header.png 1920w, https:\/\/www.quartix.com\/content\/uploads\/2023\/09\/woman-in-vehicle-header-300x123.png 300w, https:\/\/www.quartix.com\/content\/uploads\/2023\/09\/woman-in-vehicle-header-1000x408.png 1000w, https:\/\/www.quartix.com\/content\/uploads\/2023\/09\/woman-in-vehicle-header-768x314.png 768w, https:\/\/www.quartix.com\/content\/uploads\/2023\/09\/woman-in-vehicle-header-1536x627.png 1536w\" sizes=\"auto, (max-width: 1920px) 100vw, 1920px\" \/>                <div class=\"hero-overlay\"><\/div>\r\n            \r\n\r\n\r\n    <div class=\"hero-content \">\r\n        <div class=\"inner\">\r\n                            <p class=\"title stylelikeh3\">Stellen Sie sicher, dass Ihre Fahrer sich der Verpflichtung Ihres Unternehmens zur Sicherheit bewusst sind, indem Sie eine klare Richtlinie zur Geschwindigkeits\u00fcberschreitung festlegen.<\/p>                                                        <div class=\"buttons\">\r\n                    <a href=\"https:\/\/go.marketing.quartix.com\/leitfaden_zu_geschwindigkeitsregelungen\" class=\"btn btn-green btn-inline\" target=\"_blank\" title=\"Leitfaden herunterladen\">Leitfaden herunterladen<\/a>\r\n                <\/div>\r\n                    <\/div>\r\n    <\/div>\r\n<\/div>\n\n\r\n<section class=\"qtx-pagebuilder-section qtx-pagebuilder-section-bannercontent  notopmargin \"\r\nstyle=\"background-color:#13AB5B; color: #FFFFFF;\">\r\n    <div class=\"bannercontentinner\">\r\n        <p style=\"text-align: center\">\u201eWenn ein Fahrer in einen Unfall verwickelt ist, ist das nicht nur eine gro\u00dfe Sorge f\u00fcr uns, sondern auch mit enormen Kosten f\u00fcr das Unternehmen verbunden. Sicheres Fahren ist Teil unserer Kosteneinsparungsma\u00dfnahmen.\u201c <\/p>\n<p style=\"text-align: center\">&#8211; Matt O\u2019Conner, John O\u2019Conner Landschaftsgartenbau<\/p>\n    <\/div>\r\n<\/section>\n\n\n<div class=\"wp-block-columns is-layout-flex wp-container-core-columns-is-layout-28f84493 wp-block-columns-is-layout-flex\">\n<div class=\"wp-block-column is-layout-flow wp-block-column-is-layout-flow\">\n<h2 class=\"wp-block-heading\" id=\"h-ihr-leitfaden-zur-durchsetzung-einer-geschwindigkeitsbegrenzungsrichtlinie\">Ihr Leitfaden zur Durchsetzung einer Geschwindigkeitsbegrenzungsrichtlinie<\/h2>\n\n\n\n<p>Verringern Sie die H\u00e4ufigkeit von Geschwindigkeits\u00fcberschreitungen und machen Sie Fahrten sicherer, indem Sie Fahrzeugortungsdaten nutzen, um die Unternehmensrichtlinien f\u00fcr Geschwindigkeits\u00fcberschreitungen und das Fahrverhalten zu unterst\u00fctzen.<\/p>\n\n\n    <div class=\"button-container \">\r\n<a href=\"https:\/\/go.marketing.quartix.com\/leitfaden_zu_geschwindigkeitsregelungen\" class=\"btn pagebuilder-btn btn-green btn-light\" title=\"Leitfaden herunterladen\" target=\"_blank\">Leitfaden herunterladen<\/a>\r\n<\/div>\r\n<\/div>\n\n\n\n<div class=\"wp-block-column is-layout-flow wp-block-column-is-layout-flow\">\n<figure class=\"wp-block-image size-full is-resized\"><img loading=\"lazy\" decoding=\"async\" width=\"594\" height=\"838\" src=\"https:\/\/www.quartix.com\/content\/uploads\/2025\/11\/DE_Leitfaden_Geschwindigkeitsregelungen.png\" alt=\"A white delivery van drives on a road; an overlay shows speed data and the driver\u2019s name, illustrating vehicle tracking and speed monitoring technology.\" class=\"wp-image-126525\" style=\"width:376px;height:auto\" srcset=\"https:\/\/www.quartix.com\/content\/uploads\/2025\/11\/DE_Leitfaden_Geschwindigkeitsregelungen.png 594w, https:\/\/www.quartix.com\/content\/uploads\/2025\/11\/DE_Leitfaden_Geschwindigkeitsregelungen-213x300.png 213w\" sizes=\"auto, (max-width: 594px) 100vw, 594px\" \/><\/figure>\n<\/div>\n<\/div>\n","protected":false},"excerpt":{"rendered":"<p>Dieser Leitfaden untersucht, warum Fahrer m\u00f6glicherweise Geschwindigkeitsbegrenzungen \u00fcberschreiten, und erkl\u00e4rt, wie Ihr Fahrzeugortungssystem dazu beitragen kann, die Geschwindigkeitsrichtlinien Ihres Unternehmens umzusetzen.<\/p>\n","protected":false},"author":12,"featured_media":58835,"parent":0,"menu_order":3410,"comment_status":"closed","ping_status":"closed","template":"templates\/landing-pagebuilder.php","meta":{"_acf_changed":false,"inline_featured_image":false,"footnotes":""},"topic":[1869],"qtx_campaign":[],"class_list":["post-127437","page","type-page","status-publish","has-post-thumbnail","hentry","topic-fahrer-management"],"acf":[],"yoast_head":"<!-- This site is optimized with the Yoast SEO Premium plugin v27.3 (Yoast SEO v27.3) - https:\/\/yoast.com\/product\/yoast-seo-premium-wordpress\/ -->\n<title>Vorteile einer Unternehmensrichtlinie zur Geschwindigkeitsbegrenzung - DE<\/title>\n<meta name=\"description\" content=\"Unternehmensrichtlinien zur Geschwindigkeitsbegrenzung reduzieren das Unfallrisiko f\u00fcr eine Flotte. Dieser Leitfaden untersucht die Risiken und erkl\u00e4rt, wie Ihr Fahrzeugortungssystem dabei helfen kann.\" \/>\n<meta name=\"robots\" content=\"index, follow, max-snippet:-1, max-image-preview:large, max-video-preview:-1\" \/>\n<link rel=\"canonical\" href=\"https:\/\/www.quartix.com\/de-de\/geschwindigkeitsrichtlinie-durch-fahrzeugortungsdaten\/\" \/>\n<meta property=\"og:locale\" content=\"de_DE\" \/>\n<meta property=\"og:type\" content=\"article\" \/>\n<meta property=\"og:title\" content=\"Setzen Sie mithilfe von Fahrzeugortungsdaten Ihre Geschwindigkeitsrichtlinie durch.\" \/>\n<meta property=\"og:description\" content=\"Unternehmensrichtlinien zur Geschwindigkeitsbegrenzung reduzieren das Unfallrisiko f\u00fcr eine Flotte. Dieser Leitfaden untersucht die Risiken und erkl\u00e4rt, wie Ihr Fahrzeugortungssystem dabei helfen kann.\" \/>\n<meta property=\"og:url\" content=\"https:\/\/www.quartix.com\/de-de\/geschwindigkeitsrichtlinie-durch-fahrzeugortungsdaten\/\" \/>\n<meta property=\"og:site_name\" content=\"Quartix\" \/>\n<meta property=\"article:publisher\" content=\"https:\/\/www.facebook.com\/Quartix-USA-374426386097401\/\" \/>\n<meta property=\"article:modified_time\" content=\"2026-03-30T15:03:29+00:00\" \/>\n<meta property=\"og:image\" content=\"https:\/\/www.quartix.com\/content\/uploads\/2021\/06\/FR-white-van-driving-Quartix.jpg\" \/>\n\t<meta property=\"og:image:width\" content=\"2560\" \/>\n\t<meta property=\"og:image:height\" content=\"1208\" \/>\n\t<meta property=\"og:image:type\" content=\"image\/jpeg\" \/>\n<meta name=\"twitter:card\" content=\"summary_large_image\" \/>\n<meta name=\"twitter:site\" content=\"@QuartixUSA\" \/>\n<meta name=\"twitter:label1\" content=\"Est. reading time\" \/>\n\t<meta name=\"twitter:data1\" content=\"2 minutes\" \/>\n<!-- \/ Yoast SEO Premium plugin. -->","yoast_head_json":{"title":"Vorteile einer Unternehmensrichtlinie zur Geschwindigkeitsbegrenzung - DE","description":"Unternehmensrichtlinien zur Geschwindigkeitsbegrenzung reduzieren das Unfallrisiko f\u00fcr eine Flotte. Dieser Leitfaden untersucht die Risiken und erkl\u00e4rt, wie Ihr Fahrzeugortungssystem dabei helfen kann.","robots":{"index":"index","follow":"follow","max-snippet":"max-snippet:-1","max-image-preview":"max-image-preview:large","max-video-preview":"max-video-preview:-1"},"canonical":"https:\/\/www.quartix.com\/de-de\/geschwindigkeitsrichtlinie-durch-fahrzeugortungsdaten\/","og_locale":"de_DE","og_type":"article","og_title":"Setzen Sie mithilfe von Fahrzeugortungsdaten Ihre Geschwindigkeitsrichtlinie durch.","og_description":"Unternehmensrichtlinien zur Geschwindigkeitsbegrenzung reduzieren das Unfallrisiko f\u00fcr eine Flotte. Dieser Leitfaden untersucht die Risiken und erkl\u00e4rt, wie Ihr Fahrzeugortungssystem dabei helfen kann.","og_url":"https:\/\/www.quartix.com\/de-de\/geschwindigkeitsrichtlinie-durch-fahrzeugortungsdaten\/","og_site_name":"Quartix","article_publisher":"https:\/\/www.facebook.com\/Quartix-USA-374426386097401\/","article_modified_time":"2026-03-30T15:03:29+00:00","og_image":[{"width":2560,"height":1208,"url":"https:\/\/www.quartix.com\/content\/uploads\/2021\/06\/FR-white-van-driving-Quartix.jpg","type":"image\/jpeg"}],"twitter_card":"summary_large_image","twitter_site":"@QuartixUSA","twitter_misc":{"Est. reading time":"2 minutes"},"schema":{"@context":"https:\/\/schema.org","@graph":[{"@type":"WebPage","@id":"https:\/\/www.quartix.com\/de-de\/geschwindigkeitsrichtlinie-durch-fahrzeugortungsdaten\/","url":"https:\/\/www.quartix.com\/de-de\/geschwindigkeitsrichtlinie-durch-fahrzeugortungsdaten\/","name":"Vorteile einer Unternehmensrichtlinie zur Geschwindigkeitsbegrenzung","isPartOf":{"@id":"https:\/\/www.quartix.com\/de-de\/#website"},"primaryImageOfPage":{"@id":"https:\/\/www.quartix.com\/de-de\/geschwindigkeitsrichtlinie-durch-fahrzeugortungsdaten\/#primaryimage"},"image":{"@id":"https:\/\/www.quartix.com\/de-de\/geschwindigkeitsrichtlinie-durch-fahrzeugortungsdaten\/#primaryimage"},"thumbnailUrl":"https:\/\/www.quartix.com\/content\/uploads\/2021\/06\/FR-white-van-driving-Quartix.jpg","datePublished":"2026-01-08T14:46:18+00:00","dateModified":"2026-03-30T15:03:29+00:00","description":"Unternehmensrichtlinien zur Geschwindigkeitsbegrenzung reduzieren das Unfallrisiko f\u00fcr eine Flotte. Dieser Leitfaden untersucht die Risiken und erkl\u00e4rt, wie Ihr Fahrzeugortungssystem dabei helfen kann.","breadcrumb":{"@id":"https:\/\/www.quartix.com\/de-de\/geschwindigkeitsrichtlinie-durch-fahrzeugortungsdaten\/#breadcrumb"},"inLanguage":"de-DE","potentialAction":[{"@type":"ReadAction","target":["https:\/\/www.quartix.com\/de-de\/geschwindigkeitsrichtlinie-durch-fahrzeugortungsdaten\/"]}]},{"@type":"ImageObject","inLanguage":"de-DE","@id":"https:\/\/www.quartix.com\/de-de\/geschwindigkeitsrichtlinie-durch-fahrzeugortungsdaten\/#primaryimage","url":"https:\/\/www.quartix.com\/content\/uploads\/2021\/06\/FR-white-van-driving-Quartix.jpg","contentUrl":"https:\/\/www.quartix.com\/content\/uploads\/2021\/06\/FR-white-van-driving-Quartix.jpg","width":2560,"height":1208,"caption":"La g\u00e9olocalisation de v\u00e9hicules offre de nombreux avantages aux entreprises"},{"@type":"BreadcrumbList","@id":"https:\/\/www.quartix.com\/de-de\/geschwindigkeitsrichtlinie-durch-fahrzeugortungsdaten\/#breadcrumb","itemListElement":[{"@type":"ListItem","position":1,"name":"Startseite","item":"https:\/\/www.quartix.com\/de-de\/die-nr-1-fahrzeugortungsloesung-fuer-flotten-jeder-groesse\/"},{"@type":"ListItem","position":2,"name":"Setzen Sie mithilfe von Fahrzeugortungsdaten Ihre Geschwindigkeitsrichtlinie durch."}]},{"@type":"WebSite","@id":"https:\/\/www.quartix.com\/de-de\/#website","url":"https:\/\/www.quartix.com\/de-de\/","name":"Quartix","description":"Real-time vehicle tracking","publisher":{"@id":"https:\/\/www.quartix.com\/de-de\/#organization"},"potentialAction":[{"@type":"SearchAction","target":{"@type":"EntryPoint","urlTemplate":"https:\/\/www.quartix.com\/de-de\/?s={search_term_string}"},"query-input":{"@type":"PropertyValueSpecification","valueRequired":true,"valueName":"search_term_string"}}],"inLanguage":"de-DE"},{"@type":"Organization","@id":"https:\/\/www.quartix.com\/de-de\/#organization","name":"Quartix","url":"https:\/\/www.quartix.com\/de-de\/","logo":{"@type":"ImageObject","inLanguage":"de-DE","@id":"https:\/\/www.quartix.com\/de-de\/#\/schema\/logo\/image\/","url":"https:\/\/www.quartix.com\/content\/uploads\/2019\/02\/quartix-logo-eur.svg","contentUrl":"https:\/\/www.quartix.com\/content\/uploads\/2019\/02\/quartix-logo-eur.svg","width":1,"height":1,"caption":"Quartix"},"image":{"@id":"https:\/\/www.quartix.com\/de-de\/#\/schema\/logo\/image\/"},"sameAs":["https:\/\/www.facebook.com\/Quartix-USA-374426386097401\/","https:\/\/x.com\/QuartixUSA","https:\/\/www.linkedin.com\/company\/5346733\/","https:\/\/www.youtube.com\/channel\/UCzS-_GMfHF4kWiCheyIRrAQ"]}]}},"_links":{"self":[{"href":"https:\/\/www.quartix.com\/de-de\/wp-json\/wp\/v2\/pages\/127437","targetHints":{"allow":["GET"]}}],"collection":[{"href":"https:\/\/www.quartix.com\/de-de\/wp-json\/wp\/v2\/pages"}],"about":[{"href":"https:\/\/www.quartix.com\/de-de\/wp-json\/wp\/v2\/types\/page"}],"author":[{"embeddable":true,"href":"https:\/\/www.quartix.com\/de-de\/wp-json\/wp\/v2\/users\/12"}],"replies":[{"embeddable":true,"href":"https:\/\/www.quartix.com\/de-de\/wp-json\/wp\/v2\/comments?post=127437"}],"version-history":[{"count":5,"href":"https:\/\/www.quartix.com\/de-de\/wp-json\/wp\/v2\/pages\/127437\/revisions"}],"predecessor-version":[{"id":130463,"href":"https:\/\/www.quartix.com\/de-de\/wp-json\/wp\/v2\/pages\/127437\/revisions\/130463"}],"wp:featuredmedia":[{"embeddable":true,"href":"https:\/\/www.quartix.com\/de-de\/wp-json\/wp\/v2\/media\/58835"}],"wp:attachment":[{"href":"https:\/\/www.quartix.com\/de-de\/wp-json\/wp\/v2\/media?parent=127437"}],"wp:term":[{"taxonomy":"topic","embeddable":true,"href":"https:\/\/www.quartix.com\/de-de\/wp-json\/wp\/v2\/topic?post=127437"},{"taxonomy":"qtx_campaign","embeddable":true,"href":"https:\/\/www.quartix.com\/de-de\/wp-json\/wp\/v2\/qtx_campaign?post=127437"}],"curies":[{"name":"wp","href":"https:\/\/api.w.org\/{rel}","templated":true}]}}