{"id":127478,"date":"2026-01-08T17:15:10","date_gmt":"2026-01-08T16:15:10","guid":{"rendered":"https:\/\/www.quartix.com\/?page_id=127478"},"modified":"2026-03-30T16:02:44","modified_gmt":"2026-03-30T15:02:44","slug":"leitfaden-fuer-umweltbewusstes-fahren","status":"publish","type":"page","link":"https:\/\/www.quartix.com\/de-de\/leitfaden-fuer-umweltbewusstes-fahren\/","title":{"rendered":"Leitfaden f\u00fcr energiesparendes Fahren"},"content":{"rendered":"\r\n<div   class=\"hero-block bighero\">\r\n    <img loading=\"lazy\" decoding=\"async\" width=\"1080\" height=\"500\" src=\"https:\/\/www.quartix.com\/content\/uploads\/2023\/07\/eco-driving-guide-banner-image.jpg\" class=\"\" alt=\"\" srcset=\"https:\/\/www.quartix.com\/content\/uploads\/2023\/07\/eco-driving-guide-banner-image.jpg 1080w, https:\/\/www.quartix.com\/content\/uploads\/2023\/07\/eco-driving-guide-banner-image-300x139.jpg 300w, https:\/\/www.quartix.com\/content\/uploads\/2023\/07\/eco-driving-guide-banner-image-1000x463.jpg 1000w, https:\/\/www.quartix.com\/content\/uploads\/2023\/07\/eco-driving-guide-banner-image-768x356.jpg 768w\" sizes=\"auto, (max-width: 1080px) 100vw, 1080px\" \/>                <div class=\"hero-overlay\"><\/div>\r\n            \r\n\r\n\r\n    <div class=\"hero-content \">\r\n        <div class=\"inner limited-width\">\r\n                                                <h1 class=\"title\">Leitfaden f\u00fcr umweltbewusstes Fahren f\u00fcr Ihre Flotte<\/h1>\r\n                                <p class=\"text\">Sensibilisieren Sie Ihre Fahrer daf\u00fcr, wie sie mit kleinen \u00c4nderungen ihrer Fahrweise eine bessere Kraftstoffeffizienz f\u00fcr Ihr Unternehmen erzielen k\u00f6nnen.<\/p>                                        <div class=\"buttons\">\r\n                    <a href=\"http:\/\/go.marketing.quartix.com\/Leitfaden_zum_umweltfreundlichen_Fahren\" class=\"btn btn-green btn-inline\" target=\"_blank\" title=\"Leitfaden herunterladen\">Leitfaden herunterladen<\/a>\r\n                <\/div>\r\n                    <\/div>\r\n    <\/div>\r\n<\/div>\n\n\r\n<div   class=\"hero-block smallhero\">\r\n            <div class=\"hero-overlay whitebg\"><\/div>\r\n    \r\n\r\n\r\n    <div class=\"hero-content whitebg noimage\">\r\n        <div class=\"inner\">\r\n                            <p class=\"title stylelikeh3\">Eine bessere Kraftstoffeffizienz beginnt mit einer \u00c4nderung der Denkweise.<\/p>                <div class=\"author\"><p>Umweltbewusstes Fahren erfordert Sorgfalt, Planung und Bewusstsein. Erfahren Sie, wie Sie wirtschafltiches und sichereres Fahrverhalten in Ihre Flotte f\u00f6rdern k\u00f6nnen.<\/p>\n<\/div>                                        <div class=\"buttons\">\r\n                    <a href=\"https:\/\/go.marketing.quartix.com\/Leitfaden_zum_umweltfreundlichen_Fahren\" class=\"btn btn-green btn-inline\" target=\"_blank\" title=\"Leitfaden herunterladen\">Leitfaden herunterladen<\/a>\r\n                <\/div>\r\n                    <\/div>\r\n    <\/div>\r\n<\/div>\n\n<section class=\"qtx-pagebuilder-section countups qtx-pagebuilder-section-counters  \">\r\n        <div class=\"countup first\">\r\n            <p class=\"pretext\">Reifen mit zu geringem Luftdruck verwenden<\/p>\r\n            <p class=\"value\" id=\"cid13004162521\">5<\/p>\r\n            <p class=\"posttext\">% mehr Kraftstoff<\/p>\r\n        <\/div>\r\n        <div class=\"countup\">\r\n            <p class=\"pretext\">Wechseln Sie den Gang bei<\/p>\r\n            <p class=\"value\" id=\"cid13004162522\">2500<\/p>\r\n            <p class=\"posttext\">Umdrehungen<\/p>\r\n        <\/div>\r\n        <div class=\"countup\">\r\n            <p class=\"pretext\">Bei einem Halt von mehr als<\/p>\r\n            <p class=\"value\" id=\"cid13004162523\">20<\/p>\r\n            <p class=\"posttext\">Sekunden, sollten Sie den Motor abstellen<\/p>\r\n    <\/div>\r\n<\/section>\r\n\r\n<script nonce=\"\" nonce=\"\">\r\n\r\n    jQuery(function($) {\r\n        $( document ).ready(function(){\r\n            var countercontroller1300416252 = new ScrollMagic.Controller();\r\n\r\n                                var options = {\r\n                        useEasing: true,\r\n                        useGrouping: true,\r\n                        separator: '.',\r\n                        decimal: ',',\r\n                        suffix: ''\r\n                    };\r\n                \r\n            let c1countup= new CountUp('cid13004162521', 0, 5,0,2,options);\r\n\t\t\tvar c1scene = new ScrollMagic.Scene({\r\n                triggerElement: \"#cid13004162521\",\r\n                triggerHook: 'onEnter',\r\n\t\t\t})\r\n\t\t\t.addTo(countercontroller1300416252);\r\n            c1scene.on(\"enter\", function (event) {\r\n                if (!c1countup.error) {\r\n                \u2003\u2003c1countup.start();\r\n                } else {\r\n                \u2003\u2003console.error(c1countup.error);\r\n                }\r\n            });\r\n\r\n            let c2countup= new CountUp('cid13004162522', 0, 2500,0,2,options);\r\n\t\t\tvar c2scene = new ScrollMagic.Scene({\r\n                triggerElement: \"#cid13004162522\",\r\n                triggerHook: 'onEnter',\r\n\t\t\t})\r\n\t\t\t.addTo(countercontroller1300416252);\r\n            c2scene.on(\"enter\", function (event) {\r\n                if (!c2countup.error) {\r\n                \u2003\u2003c2countup.start();\r\n                } else {\r\n                \u2003\u2003console.error(c2countup.error);\r\n                }\r\n            });\r\n\r\n            let c3countup= new CountUp('cid13004162523', 0, 20,0,2,options);\r\n\t\t\tvar c3scene = new ScrollMagic.Scene({\r\n                triggerElement: \"#cid13004162523\",\r\n                triggerHook: 'onEnter',\r\n\t\t\t})\r\n\t\t\t.addTo(countercontroller1300416252);\r\n            c3scene.on(\"enter\", function (event) {\r\n                if (!c3countup.error) {\r\n                \u2003\u2003c3countup.start();\r\n                } else {\r\n                \u2003\u2003console.error(c3countup.error);\r\n                }\r\n            });\r\n        })  \r\n    })\r\n            <\/script>\n\n\r\n\r\n        <div  class=\"landingpageouter\" style=\"background-color:#ffffff ;\">\r\n        <div class=\"landingpagecolsblock twocols4060 \">\r\n            <div class=\"col1\">\r\n                <p class=\"pre-title\">Wieso sollten Sie umweltbewusstes Fahren f\u00f6rdern? <\/p>                <h2 class=\"\">Erhebliche Einsparungen f\u00fcr Ihren Fuhrpark<\/h2>                <div class='wysiwyg'><div class=\"col1\">\n<p>Es ist erwiesen, dass eine bessere Fahrweise die Betreibskosten einer Flotte senkt, indem sie den Kraftstoffverbrauch und die Fahrzeugwartungskosten reduziert und gleichzeitig das Unfallrisiko verringert. Informieren Sie sich in unserem Leitfaden \u00fcber Techniken f\u00fcr umweltbewusstes Fahren und dar\u00fcber, wie Sie mit Hilfe eines Flottenortungssystems problematische Fahrverhalten gezielt angehen k\u00f6nnen. <\/p>\n<\/div>\n<div class=\"col2\"><\/div>\n<\/div>            <\/div>\r\n            <div class=\"col2\">\r\n                <div class=\"responsivemedia\"><img loading=\"lazy\" decoding=\"async\" width=\"640\" height=\"360\" src=\"https:\/\/www.quartix.com\/content\/uploads\/2023\/04\/Road-aerial-view-768x432.jpg\" class=\"\" alt=\"\" srcset=\"https:\/\/www.quartix.com\/content\/uploads\/2023\/04\/Road-aerial-view-768x432.jpg 768w, https:\/\/www.quartix.com\/content\/uploads\/2023\/04\/Road-aerial-view-300x169.jpg 300w, https:\/\/www.quartix.com\/content\/uploads\/2023\/04\/Road-aerial-view.jpg 1000w\" sizes=\"auto, (max-width: 640px) 100vw, 640px\" \/><\/div>            <\/div>\r\n                        <\/div>\r\n    <\/div>\r\n\r\n\r\n\n\n\r\n\r\n        <div  class=\"landingpageouter\" style=\"background-color:#ffffff ;\">\r\n        <div class=\"landingpagecolsblock twocols4060 swap-content\">\r\n            <div class=\"col1\">\r\n                <p class=\"pre-title\">Wieso sollten Sie umweltbewusstes Fahren f\u00f6rdern? <\/p>                <h2 class=\"\">Geringere Umweltbelastung<\/h2>                <div class='wysiwyg'><p>Umweltbewusstes Fahren hilft, die Umweltbelastung Ihres Unternehmens durch die Reduzierung der Flottenemissionen zu minimieren. Ein Fahrzeugortungssystem kann Ihnen dabei helfen, die Emissionen Ihrer Flotte zu \u00fcberwachen, um zu sehen, wie gro\u00df der Unterschied ist.<\/p>\n<\/div>            <\/div>\r\n            <div class=\"col2\">\r\n                <div class=\"responsivemedia\"><img loading=\"lazy\" decoding=\"async\" width=\"640\" height=\"530\" src=\"https:\/\/www.quartix.com\/content\/uploads\/2026\/01\/DE_Van_Fahrverhalten_Klaus_Muller.png\" class=\"\" alt=\"A white delivery van is parked on a bridge; a digital overlay above shows driving details for Klaus M\u00fcller, including speed, start time, duration, and estimated arrival time\u2014alles f\u00fcr umweltbewusstes Fahren f\u00fcr Ihre Flotte.\" srcset=\"https:\/\/www.quartix.com\/content\/uploads\/2026\/01\/DE_Van_Fahrverhalten_Klaus_Muller.png 768w, https:\/\/www.quartix.com\/content\/uploads\/2026\/01\/DE_Van_Fahrverhalten_Klaus_Muller-300x248.png 300w\" sizes=\"auto, (max-width: 640px) 100vw, 640px\" \/><\/div>            <\/div>\r\n                        <\/div>\r\n    <\/div>\r\n\r\n\r\n\n\n\r\n\r\n        <div  class=\"landingpageouter\" style=\"background-color:#ffffff ;\">\r\n        <div class=\"landingpagecolsblock twocols4060 \">\r\n            <div class=\"col1\">\r\n                <p class=\"pre-title\">Wieso sollten Sie umweltbewusstes Fahren f\u00f6rdern? <\/p>                <h2 class=\"\">Eine sichere Flotte<\/h2>                <div class='wysiwyg'><div class=\"col1\">\n<p>Die Anwendung der beschriebenen Techniken in diesem Leitfaden f\u00fcr umweltbewusstes Fahren hilft Ihren Fahrern, sicherer und kraftstoffsparender unterwegs zu sein. Durch sanftes Beschleunigen und Bremsen werden Risiken minimiert, und Versicherungen bevorzugen Unternehmen, die einen guten Fahrstil ihrer gesamten Flotte nachweisen k\u00f6nnen.<\/p>\n<\/div>\n<div class=\"col2\"><\/div>\n<\/div>            <\/div>\r\n            <div class=\"col2\">\r\n                <div class=\"responsivemedia\"><img loading=\"lazy\" decoding=\"async\" width=\"640\" height=\"460\" src=\"https:\/\/www.quartix.com\/content\/uploads\/2023\/07\/daily-driver-briefing_de-768x552.png\" class=\"\" alt=\"\" srcset=\"https:\/\/www.quartix.com\/content\/uploads\/2023\/07\/daily-driver-briefing_de-768x552.png 768w, https:\/\/www.quartix.com\/content\/uploads\/2023\/07\/daily-driver-briefing_de-300x215.png 300w, https:\/\/www.quartix.com\/content\/uploads\/2023\/07\/daily-driver-briefing_de-1000x718.png 1000w, https:\/\/www.quartix.com\/content\/uploads\/2023\/07\/daily-driver-briefing_de.png 1267w\" sizes=\"auto, (max-width: 640px) 100vw, 640px\" \/><\/div>            <\/div>\r\n                        <\/div>\r\n    <\/div>\r\n\r\n\r\n\n\n\r\n<div   class=\"hero-block smallhero\">\r\n    <img loading=\"lazy\" decoding=\"async\" width=\"1000\" height=\"667\" src=\"https:\/\/www.quartix.com\/content\/uploads\/2023\/03\/car-on-road-green.png\" class=\"\" alt=\"\" srcset=\"https:\/\/www.quartix.com\/content\/uploads\/2023\/03\/car-on-road-green.png 1000w, https:\/\/www.quartix.com\/content\/uploads\/2023\/03\/car-on-road-green-300x200.png 300w, https:\/\/www.quartix.com\/content\/uploads\/2023\/03\/car-on-road-green-768x512.png 768w\" sizes=\"auto, (max-width: 1000px) 100vw, 1000px\" \/>                <div class=\"hero-overlay\"><\/div>\r\n            \r\n\r\n\r\n    <div class=\"hero-content \">\r\n        <div class=\"inner\">\r\n                            <p class=\"title stylelikeh3\">Reduzieren Sie den CO2-Fu\u00dfabdruck Ihres Unternehmens<\/p>                <div class=\"author\"><p>Kleine \u00c4nderungen im Fahrverhalten zur Verbesserung der \u00f6kologischen Bilanz Ihrer Flotte<\/p>\n<\/div>                                        <div class=\"buttons\">\r\n                    <a href=\"https:\/\/go.marketing.quartix.com\/Leitfaden_zum_umweltfreundlichen_Fahren\" class=\"btn btn-green btn-inline\" target=\"_blank\" title=\"Leitfaden herunterladen\">Leitfaden herunterladen<\/a>\r\n                <\/div>\r\n                    <\/div>\r\n    <\/div>\r\n<\/div>\n\n\r\n<section class=\"qtx-pagebuilder-section qtx-pagebuilder-section-bannercontent  notopmargin \"\r\nstyle=\"background-color:#E4E5E6; color: initial;\">\r\n    <div class=\"bannercontentinner\">\r\n        <p style=\"text-align: center\">\u201eWenn unsere Teams nun ihre Stundenzettel und Arbeitsbl\u00e4tter einreichen, k\u00f6nnen wir das Tracking-System nutzen, um die Angaben zu \u00fcberpr\u00fcfen. Au\u00dferdem sind unsere Kraftstoffkosten gesunken, da die LKWs die vorgeschriebenen Geschwindigkeitsbegrenzungen einhalten und wir ihren Fahrstil messen k\u00f6nnen.\u201c<\/p>\n<p style=\"text-align: center\">Tom Benoit, Rocky Branch Contractors<\/p>\n    <\/div>\r\n<\/section>\n\n\n<div class=\"wp-block-columns is-layout-flex wp-container-core-columns-is-layout-28f84493 wp-block-columns-is-layout-flex\">\n<div class=\"wp-block-column is-layout-flow wp-block-column-is-layout-flow\">\n<h2 class=\"wp-block-heading\" id=\"h-motivieren-sie-ihre-fahrer-zu-besserem-fahrverhalten\">Motivieren Sie Ihre Fahrer zu besserem Fahrverhalten.<\/h2>\n\n\n\n<p>Entdecken Sie die Vorteile des umweltbewussten Fahrens und etablieren Sie bew\u00e4hrte Praktiken f\u00fcr Ihre Fahrer, die ihnen helfen, effizienter, sicherer und kosteng\u00fcnstiger zu fahren.<\/p>\n\n\n\n<div style=\"height:60px\" aria-hidden=\"true\" class=\"wp-block-spacer\"><\/div>\n\n\n    <div class=\"button-container centre\">\r\n<a href=\"https:\/\/go.marketing.quartix.com\/Leitfaden_zum_umweltfreundlichen_Fahren\" class=\"btn pagebuilder-btn btn-green btn-light\" title=\"Leitfaden herunterladen\" target=\"_blank\">Leitfaden herunterladen<\/a>\r\n<\/div>\r\n<\/div>\n\n\n\n<div class=\"wp-block-column is-layout-flow wp-block-column-is-layout-flow\">\n<figure class=\"wp-block-image aligncenter size-full\"><img loading=\"lazy\" decoding=\"async\" width=\"591\" height=\"839\" src=\"https:\/\/www.quartix.com\/content\/uploads\/2026\/01\/DE_Leitfaden_umweltbewusstes_Fahren_Bild_.png\" alt=\"A green and black graphic with the Quartix logo and German text asking how umweltbewusstes Fahren can benefit a business.\" class=\"wp-image-127481\" srcset=\"https:\/\/www.quartix.com\/content\/uploads\/2026\/01\/DE_Leitfaden_umweltbewusstes_Fahren_Bild_.png 591w, https:\/\/www.quartix.com\/content\/uploads\/2026\/01\/DE_Leitfaden_umweltbewusstes_Fahren_Bild_-211x300.png 211w\" sizes=\"auto, (max-width: 591px) 100vw, 591px\" \/><\/figure>\n<\/div>\n<\/div>\n","protected":false},"excerpt":{"rendered":"<p>Verstehen Sie die wichtigsten Techniken des umweltbewussten Fahrens und wie die Einf\u00fchrung guter Fahrpraktiken die Sicherheit und Kraftstoffeffizienz Ihres Unternehmens verbessert. <\/p>\n","protected":false},"author":12,"featured_media":83715,"parent":0,"menu_order":3418,"comment_status":"closed","ping_status":"closed","template":"templates\/landing-pagebuilder.php","meta":{"_acf_changed":false,"inline_featured_image":false,"footnotes":""},"topic":[1947],"qtx_campaign":[],"class_list":["post-127478","page","type-page","status-publish","has-post-thumbnail","hentry","topic-eine-umweltfreundlichere-flotte"],"acf":[],"yoast_head":"<!-- This site is optimized with the Yoast SEO Premium plugin v27.3 (Yoast SEO v27.3) - https:\/\/yoast.com\/product\/yoast-seo-premium-wordpress\/ -->\n<title>Leitfaden f\u00fcr umweltbewusstes Fahren f\u00fcr Ihr Unternehmen - DE<\/title>\n<meta name=\"description\" content=\"Kostenloser Leitfaden zum umweltbewussten Fahren f\u00fcr Ihren Fuhrpark. Erfahren Sie, wie kraftstoffsparendes und sicheres Fahren Ihre Kosten senken kann.\" \/>\n<meta name=\"robots\" content=\"index, follow, max-snippet:-1, max-image-preview:large, max-video-preview:-1\" \/>\n<link rel=\"canonical\" href=\"https:\/\/www.quartix.com\/de-de\/leitfaden-fuer-umweltbewusstes-fahren\/\" \/>\n<meta property=\"og:locale\" content=\"de_DE\" \/>\n<meta property=\"og:type\" content=\"article\" \/>\n<meta property=\"og:title\" content=\"Leitfaden f\u00fcr energiesparendes Fahren\" \/>\n<meta property=\"og:description\" content=\"Kostenloser Leitfaden zum umweltbewussten Fahren f\u00fcr Ihren Fuhrpark. Erfahren Sie, wie kraftstoffsparendes und sicheres Fahren Ihre Kosten senken kann.\" \/>\n<meta property=\"og:url\" content=\"https:\/\/www.quartix.com\/de-de\/leitfaden-fuer-umweltbewusstes-fahren\/\" \/>\n<meta property=\"og:site_name\" content=\"Quartix\" \/>\n<meta property=\"article:publisher\" content=\"https:\/\/www.facebook.com\/Quartix-USA-374426386097401\/\" \/>\n<meta property=\"article:modified_time\" content=\"2026-03-30T15:02:44+00:00\" \/>\n<meta property=\"og:image\" content=\"https:\/\/www.quartix.com\/content\/uploads\/2020\/04\/Driver-at-wheel.jpg\" \/>\n\t<meta property=\"og:image:width\" content=\"1000\" \/>\n\t<meta property=\"og:image:height\" content=\"667\" \/>\n\t<meta property=\"og:image:type\" content=\"image\/jpeg\" \/>\n<meta name=\"twitter:card\" content=\"summary_large_image\" \/>\n<meta name=\"twitter:site\" content=\"@QuartixUSA\" \/>\n<meta name=\"twitter:label1\" content=\"Est. reading time\" \/>\n\t<meta name=\"twitter:data1\" content=\"3 minutes\" \/>\n<!-- \/ Yoast SEO Premium plugin. -->","yoast_head_json":{"title":"Leitfaden f\u00fcr umweltbewusstes Fahren f\u00fcr Ihr Unternehmen - DE","description":"Kostenloser Leitfaden zum umweltbewussten Fahren f\u00fcr Ihren Fuhrpark. Erfahren Sie, wie kraftstoffsparendes und sicheres Fahren Ihre Kosten senken kann.","robots":{"index":"index","follow":"follow","max-snippet":"max-snippet:-1","max-image-preview":"max-image-preview:large","max-video-preview":"max-video-preview:-1"},"canonical":"https:\/\/www.quartix.com\/de-de\/leitfaden-fuer-umweltbewusstes-fahren\/","og_locale":"de_DE","og_type":"article","og_title":"Leitfaden f\u00fcr energiesparendes Fahren","og_description":"Kostenloser Leitfaden zum umweltbewussten Fahren f\u00fcr Ihren Fuhrpark. Erfahren Sie, wie kraftstoffsparendes und sicheres Fahren Ihre Kosten senken kann.","og_url":"https:\/\/www.quartix.com\/de-de\/leitfaden-fuer-umweltbewusstes-fahren\/","og_site_name":"Quartix","article_publisher":"https:\/\/www.facebook.com\/Quartix-USA-374426386097401\/","article_modified_time":"2026-03-30T15:02:44+00:00","og_image":[{"width":1000,"height":667,"url":"https:\/\/www.quartix.com\/content\/uploads\/2020\/04\/Driver-at-wheel.jpg","type":"image\/jpeg"}],"twitter_card":"summary_large_image","twitter_site":"@QuartixUSA","twitter_misc":{"Est. reading time":"3 minutes"},"schema":{"@context":"https:\/\/schema.org","@graph":[{"@type":"WebPage","@id":"https:\/\/www.quartix.com\/de-de\/leitfaden-fuer-umweltbewusstes-fahren\/","url":"https:\/\/www.quartix.com\/de-de\/leitfaden-fuer-umweltbewusstes-fahren\/","name":"Leitfaden f\u00fcr umweltbewusstes Fahren f\u00fcr Ihr Unternehmen","isPartOf":{"@id":"https:\/\/www.quartix.com\/de-de\/#website"},"primaryImageOfPage":{"@id":"https:\/\/www.quartix.com\/de-de\/leitfaden-fuer-umweltbewusstes-fahren\/#primaryimage"},"image":{"@id":"https:\/\/www.quartix.com\/de-de\/leitfaden-fuer-umweltbewusstes-fahren\/#primaryimage"},"thumbnailUrl":"https:\/\/www.quartix.com\/content\/uploads\/2020\/04\/Driver-at-wheel.jpg","datePublished":"2026-01-08T16:15:10+00:00","dateModified":"2026-03-30T15:02:44+00:00","description":"Kostenloser Leitfaden zum umweltbewussten Fahren f\u00fcr Ihren Fuhrpark. Erfahren Sie, wie kraftstoffsparendes und sicheres Fahren Ihre Kosten senken kann.","breadcrumb":{"@id":"https:\/\/www.quartix.com\/de-de\/leitfaden-fuer-umweltbewusstes-fahren\/#breadcrumb"},"inLanguage":"de-DE","potentialAction":[{"@type":"ReadAction","target":["https:\/\/www.quartix.com\/de-de\/leitfaden-fuer-umweltbewusstes-fahren\/"]}]},{"@type":"ImageObject","inLanguage":"de-DE","@id":"https:\/\/www.quartix.com\/de-de\/leitfaden-fuer-umweltbewusstes-fahren\/#primaryimage","url":"https:\/\/www.quartix.com\/content\/uploads\/2020\/04\/Driver-at-wheel.jpg","contentUrl":"https:\/\/www.quartix.com\/content\/uploads\/2020\/04\/Driver-at-wheel.jpg","width":1000,"height":667,"caption":"Euro Truck Driving. Modern Semi Truck Cabin Interior. Caucasian Trucker Placing Hand on a Steering Wheel."},{"@type":"BreadcrumbList","@id":"https:\/\/www.quartix.com\/de-de\/leitfaden-fuer-umweltbewusstes-fahren\/#breadcrumb","itemListElement":[{"@type":"ListItem","position":1,"name":"Startseite","item":"https:\/\/www.quartix.com\/de-de\/die-nr-1-fahrzeugortungsloesung-fuer-flotten-jeder-groesse\/"},{"@type":"ListItem","position":2,"name":"Leitfaden f\u00fcr energiesparendes Fahren"}]},{"@type":"WebSite","@id":"https:\/\/www.quartix.com\/de-de\/#website","url":"https:\/\/www.quartix.com\/de-de\/","name":"Quartix","description":"Real-time vehicle tracking","publisher":{"@id":"https:\/\/www.quartix.com\/de-de\/#organization"},"potentialAction":[{"@type":"SearchAction","target":{"@type":"EntryPoint","urlTemplate":"https:\/\/www.quartix.com\/de-de\/?s={search_term_string}"},"query-input":{"@type":"PropertyValueSpecification","valueRequired":true,"valueName":"search_term_string"}}],"inLanguage":"de-DE"},{"@type":"Organization","@id":"https:\/\/www.quartix.com\/de-de\/#organization","name":"Quartix","url":"https:\/\/www.quartix.com\/de-de\/","logo":{"@type":"ImageObject","inLanguage":"de-DE","@id":"https:\/\/www.quartix.com\/de-de\/#\/schema\/logo\/image\/","url":"https:\/\/www.quartix.com\/content\/uploads\/2019\/02\/quartix-logo-eur.svg","contentUrl":"https:\/\/www.quartix.com\/content\/uploads\/2019\/02\/quartix-logo-eur.svg","width":1,"height":1,"caption":"Quartix"},"image":{"@id":"https:\/\/www.quartix.com\/de-de\/#\/schema\/logo\/image\/"},"sameAs":["https:\/\/www.facebook.com\/Quartix-USA-374426386097401\/","https:\/\/x.com\/QuartixUSA","https:\/\/www.linkedin.com\/company\/5346733\/","https:\/\/www.youtube.com\/channel\/UCzS-_GMfHF4kWiCheyIRrAQ"]}]}},"_links":{"self":[{"href":"https:\/\/www.quartix.com\/de-de\/wp-json\/wp\/v2\/pages\/127478","targetHints":{"allow":["GET"]}}],"collection":[{"href":"https:\/\/www.quartix.com\/de-de\/wp-json\/wp\/v2\/pages"}],"about":[{"href":"https:\/\/www.quartix.com\/de-de\/wp-json\/wp\/v2\/types\/page"}],"author":[{"embeddable":true,"href":"https:\/\/www.quartix.com\/de-de\/wp-json\/wp\/v2\/users\/12"}],"replies":[{"embeddable":true,"href":"https:\/\/www.quartix.com\/de-de\/wp-json\/wp\/v2\/comments?post=127478"}],"version-history":[{"count":9,"href":"https:\/\/www.quartix.com\/de-de\/wp-json\/wp\/v2\/pages\/127478\/revisions"}],"predecessor-version":[{"id":130462,"href":"https:\/\/www.quartix.com\/de-de\/wp-json\/wp\/v2\/pages\/127478\/revisions\/130462"}],"wp:featuredmedia":[{"embeddable":true,"href":"https:\/\/www.quartix.com\/de-de\/wp-json\/wp\/v2\/media\/83715"}],"wp:attachment":[{"href":"https:\/\/www.quartix.com\/de-de\/wp-json\/wp\/v2\/media?parent=127478"}],"wp:term":[{"taxonomy":"topic","embeddable":true,"href":"https:\/\/www.quartix.com\/de-de\/wp-json\/wp\/v2\/topic?post=127478"},{"taxonomy":"qtx_campaign","embeddable":true,"href":"https:\/\/www.quartix.com\/de-de\/wp-json\/wp\/v2\/qtx_campaign?post=127478"}],"curies":[{"name":"wp","href":"https:\/\/api.w.org\/{rel}","templated":true}]}}