{"id":127516,"date":"2026-01-08T17:52:49","date_gmt":"2026-01-08T16:52:49","guid":{"rendered":"https:\/\/www.quartix.com\/?page_id=127516"},"modified":"2026-03-30T16:01:52","modified_gmt":"2026-03-30T15:01:52","slug":"leitfaden-zur-fahrzeugortung-fuer-landschaftsgartenbau","status":"publish","type":"page","link":"https:\/\/www.quartix.com\/de-de\/leitfaden-zur-fahrzeugortung-fuer-landschaftsgartenbau\/","title":{"rendered":"Leitfaden zur Fahrzeugortung f\u00fcr Landschaftsgartenbau"},"content":{"rendered":"\r\n<div   class=\"hero-block bighero\">\r\n    <img loading=\"lazy\" decoding=\"async\" width=\"1920\" height=\"795\" src=\"https:\/\/www.quartix.com\/content\/uploads\/2024\/02\/Quartix-Landscaping-banner.png\" class=\"\" alt=\"\" \/>                <div class=\"hero-overlay\"><\/div>\r\n            \r\n\r\n\r\n    <div class=\"hero-content \">\r\n        <div class=\"inner limited-width\">\r\n                                                <h1 class=\"title\">Leitfaden zur Fahrzeugortung f\u00fcr Landschaftsgartenbau<\/h1>\r\n                                <p class=\"text\">Profitieren Sie von den Vorteilen und Einsparungen, die die Fahrzeugortung Landschaftsg\u00e4rtnern t\u00e4glich bieten kann.<\/p>                                        <div class=\"buttons\">\r\n                    <a href=\"https:\/\/go.marketing.quartix.com\/Leitfaden_zur_Fahrzeugverfolgung_fur_Landschaftsgartner\" class=\"btn btn-green btn-inline\" target=\"_blank\" title=\"Leitfaden jetzt herunterladen\">Leitfaden jetzt herunterladen<\/a>\r\n                <\/div>\r\n                    <\/div>\r\n    <\/div>\r\n<\/div>\n\n\r\n<div   class=\"hero-block smallhero landing-cta\">\r\n            <div class=\"hero-overlay whitebg\"><\/div>\r\n        <div class=\"hero-content whitebg noimage\">\r\n        <div class=\"inner\">\r\n            <h2 class=\"title\">Nutzen Sie Telematik zur \u00dcberwachung Ihrer Fahrzeuge, damit Sie sich auf das Kerngesch\u00e4ft Ihres Landschaftsbauunternehmens konzentrieren k\u00f6nnen.<\/h2>            <div class=\"author\"><p>In diesem Leitfaden erfahren Sie, wie ein Fahrzeugortungssystem Ihrem Landschaftsbauunternehmen helfen kann:<\/p>\n<\/div>            <div class='landingctalist centrelist'><ul class='dots' style=''><li>Steigern Sie Ihre Produktivit\u00e4t mit Echtzeit-Standortdaten.<\/li><li>Sorgen Sie f\u00fcr eine genaue Abrechnung mit detaillierten Stundenzetteln.<\/li><li>Schaffen Sie eine sichere Unternehmenskultur durch Berichte zum Fahrverhalten.<\/li><\/ul><\/div>            \r\n                            <div class=\"buttons\">\r\n                    <a href=\"https:\/\/go.marketing.quartix.com\/Leitfaden_zur_Fahrzeugverfolgung_fur_Landschaftsgartner\" class=\"btn btn-green\" target=\"_blank\" title=\"Leitfaden herunterladen\">Leitfaden herunterladen<\/a>\r\n                <\/div>\r\n                    <\/div>\r\n    <\/div>\r\n<\/div>\n\n\r\n\r\n        <div  class=\"landingpageouter\" style=\"background-color:#f8f8f8 ;\">\r\n        <div class=\"landingpagecolsblock twocols4060 \">\r\n            <div class=\"col1\">\r\n                <p class=\"pre-title\">Forest Green Lawn &amp; Landscape<\/p>                <h2 class=\"\">Michael Chase, Operations Manager<\/h2>                <div class='wysiwyg'><p>\u201eIch m\u00f6chte gerne sehen, welche Routen unsere Fahrer genommen haben, und dank der Routenkarten und Tagesprotokolle von Quartix ist das m\u00f6glich. Wenn ich das Gef\u00fchl habe, dass eine Crew zu viel Zeit auf der Baustelle verbringt, kann ich einfach ihre Tagesprotokolle einsehen und dies \u00fcberpr\u00fcfen oder widerlegen.\u201c<\/p>\n<\/div>            <\/div>\r\n            <div class=\"col2\">\r\n                <div class=\"responsivemedia\"><img loading=\"lazy\" decoding=\"async\" width=\"640\" height=\"640\" src=\"https:\/\/www.quartix.com\/content\/uploads\/2021\/06\/US_1080x1080_landscaping_1-768x768.jpg\" class=\"\" alt=\"\" srcset=\"https:\/\/www.quartix.com\/content\/uploads\/2021\/06\/US_1080x1080_landscaping_1-768x768.jpg 768w, https:\/\/www.quartix.com\/content\/uploads\/2021\/06\/US_1080x1080_landscaping_1-300x300.jpg 300w, https:\/\/www.quartix.com\/content\/uploads\/2021\/06\/US_1080x1080_landscaping_1-1000x1000.jpg 1000w, https:\/\/www.quartix.com\/content\/uploads\/2021\/06\/US_1080x1080_landscaping_1-150x150.jpg 150w, https:\/\/www.quartix.com\/content\/uploads\/2021\/06\/US_1080x1080_landscaping_1.jpg 1080w\" sizes=\"auto, (max-width: 640px) 100vw, 640px\" \/><\/div>            <\/div>\r\n                        <\/div>\r\n    <\/div>\r\n\r\n\r\n\n\n\r\n\r\n        <div  class=\"landingpageouter\" style=\"background-color:#ffffff ;\">\r\n        <div class=\"landingpagecolsblock twocols4060 swap-content\">\r\n            <div class=\"col1\">\r\n                <p class=\"pre-title\">Wie funktioniert es? <\/p>                <h2 class=\"\">Mit Fahrzeugortung k\u00f6nnen Sie&#8230;<\/h2>                <div class='wysiwyg'><ul>\n<li>&#8230;Ihre Fahrzeuge und den Aufenthaltsort Ihrer Mitarbeiter rund um die Uhr im Blick behalten.<\/li>\n<li>&#8230;. automatisch generierte Fahrtenberichte und Stundenzettel verwenden, um sicherzustellen, dass Ihren Kunden nur die Zeit in Rechnung gestellt wird, die Sie vor Ort waren, und dass Ihre Mitarbeiter f\u00fcr die gesamte Zeit verg\u00fctet werden.<\/li>\n<li>&#8230;das Verhalten Ihrer Fahrer auf der Stra\u00dfe beobachten und herausfinden, welche Fahrer mehr Coaching ben\u00f6tigen, um sicherzustellen, dass Ihre Fahrzeuge sicher gefahren werden.<\/li>\n<\/ul>\n<\/div>            <\/div>\r\n            <div class=\"col2\">\r\n                <div class=\"responsivemedia\"><img loading=\"lazy\" decoding=\"async\" width=\"640\" height=\"360\" src=\"https:\/\/www.quartix.com\/content\/uploads\/2026\/01\/DE-Live-tracking-768x432.png\" class=\"\" alt=\"A vehicle tracking dashboard for Fahrzeugortung f\u00fcr Landschaftsg\u00e4rtner displays a map centered on Hannover, Germany, with one Ford Transit van location highlighted and vehicle details shown on the left panel.\" srcset=\"https:\/\/www.quartix.com\/content\/uploads\/2026\/01\/DE-Live-tracking-768x432.png 768w, https:\/\/www.quartix.com\/content\/uploads\/2026\/01\/DE-Live-tracking-300x169.png 300w, https:\/\/www.quartix.com\/content\/uploads\/2026\/01\/DE-Live-tracking-1000x563.png 1000w, https:\/\/www.quartix.com\/content\/uploads\/2026\/01\/DE-Live-tracking-1536x864.png 1536w, https:\/\/www.quartix.com\/content\/uploads\/2026\/01\/DE-Live-tracking-2048x1152.png 2048w, https:\/\/www.quartix.com\/content\/uploads\/2026\/01\/DE-Live-tracking-1920x1080.png 1920w\" sizes=\"auto, (max-width: 640px) 100vw, 640px\" \/><\/div>            <\/div>\r\n                        <\/div>\r\n    <\/div>\r\n\r\n\r\n\n\n\r\n\r\n        <div  class=\"landingpageouter\" style=\"background-color:#f8f8f8 ;\">\r\n        <div class=\"landingpagecolsblock twocols4060 \">\r\n            <div class=\"col1\">\r\n                <p class=\"pre-title\">Russell Landscape<\/p>                <h2 class=\"\">Will Dutton, General Manager<\/h2>                <div class='wysiwyg'><p>\u201eDie Quartix-Berichte gehen direkt an mich und dann an unsere Filialleiter, die sie \u00fcberpr\u00fcfen und Problembereiche identifizieren. Anschlie\u00dfend entscheiden sie, ob der betreffende Fahrer eine Schulung ben\u00f6tigt oder ob Disziplinarma\u00dfnahmen erforderlich sind. Deshalb ist es so wichtig, dass wir von Quartix gute Daten erhalten. Und wir haben festgestellt, dass diese wirklich genau sind.\u201c<\/p>\n<\/div>            <\/div>\r\n            <div class=\"col2\">\r\n                <div class=\"responsivemedia\"><img loading=\"lazy\" decoding=\"async\" width=\"500\" height=\"364\" src=\"https:\/\/www.quartix.com\/content\/uploads\/2022\/06\/will-dutton-of-russell-landscape.jpg\" class=\"\" alt=\"\" srcset=\"https:\/\/www.quartix.com\/content\/uploads\/2022\/06\/will-dutton-of-russell-landscape.jpg 500w, https:\/\/www.quartix.com\/content\/uploads\/2022\/06\/will-dutton-of-russell-landscape-300x218.jpg 300w\" sizes=\"auto, (max-width: 500px) 100vw, 500px\" \/><\/div>            <\/div>\r\n                        <\/div>\r\n    <\/div>\r\n\r\n\r\n\n\n\r\n<div   class=\"hero-block smallhero\">\r\n    <img loading=\"lazy\" decoding=\"async\" width=\"1920\" height=\"831\" src=\"https:\/\/www.quartix.com\/content\/uploads\/2024\/02\/Landscaping-banner.png\" class=\"\" alt=\"\" \/>                <div class=\"hero-overlay\"><\/div>\r\n            \r\n\r\n\r\n    <div class=\"hero-content \">\r\n        <div class=\"inner\">\r\n                            <p class=\"title stylelikeh3\">Bieten Sie einen exzellenten Landschaftsgartenbau-Service und betreiben Sie gleichzeitig eine sichere, verantwortungsbewusste Flotte.<\/p>                                                        <div class=\"buttons\">\r\n                    <a href=\"https:\/\/go.marketing.quartix.com\/Leitfaden_zur_Fahrzeugverfolgung_fur_Landschaftsgartner\" class=\"btn btn-green btn-inline\" target=\"_blank\" title=\"Mehr dazu erfahren\">Mehr dazu erfahren<\/a>\r\n                <\/div>\r\n                    <\/div>\r\n    <\/div>\r\n<\/div>\n\n\n<div class=\"wp-block-columns is-layout-flex wp-container-core-columns-is-layout-28f84493 wp-block-columns-is-layout-flex\">\n<div class=\"wp-block-column is-layout-flow wp-block-column-is-layout-flow\">\n<h2 class=\"wp-block-heading\" id=\"h-ihr-leitfaden-zur-fahrzeugortung-fur-landschaftsbauunternehmen\">Ihr Leitfaden zur Fahrzeugortung f\u00fcr Landschaftsbauunternehmen<\/h2>\n\n\n\n<p>Mit Fahrzeugortung sorgen Sie daf\u00fcr, dass Ihr Landschaftsbauunternehmen sicher und effizient arbeitet.<\/p>\n\n\n    <div class=\"button-container \">\r\n<a href=\"https:\/\/go.marketing.quartix.com\/Leitfaden_zur_Fahrzeugverfolgung_fur_Landschaftsgartner\" class=\"btn pagebuilder-btn btn-green btn-light\" title=\"Leitfaden jetzt herunterladen\" target=\"_blank\">Leitfaden jetzt herunterladen<\/a>\r\n<\/div>\r\n<\/div>\n\n\n\n<div class=\"wp-block-column is-layout-flow wp-block-column-is-layout-flow\">\n<figure class=\"wp-block-image aligncenter size-full is-resized\"><img loading=\"lazy\" decoding=\"async\" width=\"595\" height=\"839\" src=\"https:\/\/www.quartix.com\/content\/uploads\/2026\/01\/DE_Leitfaden_Landschaftsgaertner_Bild.png\" alt=\"Illustration of a green van with a location pin above it, alongside German text about Fahrzeugortung f\u00fcr Landschaftsg\u00e4rtner in a guide by Quartix.\" class=\"wp-image-127533\" style=\"width:368px;height:auto\" srcset=\"https:\/\/www.quartix.com\/content\/uploads\/2026\/01\/DE_Leitfaden_Landschaftsgaertner_Bild.png 595w, https:\/\/www.quartix.com\/content\/uploads\/2026\/01\/DE_Leitfaden_Landschaftsgaertner_Bild-213x300.png 213w\" sizes=\"auto, (max-width: 595px) 100vw, 595px\" \/><\/figure>\n<\/div>\n<\/div>\n","protected":false},"excerpt":{"rendered":"<p>Quartix hat einen einfachen Leitfaden erstellt, der zeigt, wie Fahrzeugortung ein leistungsstarkes Instrument zur Kostensenkung im Landschaftsgartenbau sein kann.<\/p>\n","protected":false},"author":6,"featured_media":56124,"parent":0,"menu_order":3404,"comment_status":"closed","ping_status":"closed","template":"templates\/landing-pagebuilder.php","meta":{"_acf_changed":false,"inline_featured_image":false,"footnotes":""},"topic":[],"qtx_campaign":[],"class_list":["post-127516","page","type-page","status-publish","has-post-thumbnail","hentry"],"acf":[],"yoast_head":"<!-- This site is optimized with the Yoast SEO Premium plugin v27.3 (Yoast SEO v27.3) - https:\/\/yoast.com\/product\/yoast-seo-premium-wordpress\/ -->\n<title>Leitfaden zur Fahrzeugortung f\u00fcr Landschaftsgartenbau - DE<\/title>\n<meta name=\"description\" content=\"Laden Sie unseren KOSTENLOSEN Leitfaden f\u00fcr Landschaftsg\u00e4rtner herunter und erfahren Sie, wie Sie mit Fahrzeugortung Ihre Produktivit\u00e4t optimieren, Fahrzeuge f\u00fcr Eins\u00e4tze lokalisieren und Kraftstoff sparen k\u00f6nnen. Erhalten Sie noch heute ein Angebot!\" \/>\n<meta name=\"robots\" content=\"index, follow, max-snippet:-1, max-image-preview:large, max-video-preview:-1\" \/>\n<link rel=\"canonical\" href=\"https:\/\/www.quartix.com\/de-de\/leitfaden-zur-fahrzeugortung-fuer-landschaftsgartenbau\/\" \/>\n<meta property=\"og:locale\" content=\"de_DE\" \/>\n<meta property=\"og:type\" content=\"article\" \/>\n<meta property=\"og:title\" content=\"Leitfaden zur Fahrzeugortung f\u00fcr Landschaftsgartenbau\" \/>\n<meta property=\"og:description\" content=\"Laden Sie unseren KOSTENLOSEN Leitfaden f\u00fcr Landschaftsg\u00e4rtner herunter und erfahren Sie, wie Sie mit Fahrzeugortung Ihre Produktivit\u00e4t optimieren, Fahrzeuge f\u00fcr Eins\u00e4tze lokalisieren und Kraftstoff sparen k\u00f6nnen. Erhalten Sie noch heute ein Angebot!\" \/>\n<meta property=\"og:url\" content=\"https:\/\/www.quartix.com\/de-de\/leitfaden-zur-fahrzeugortung-fuer-landschaftsgartenbau\/\" \/>\n<meta property=\"og:site_name\" content=\"Quartix\" \/>\n<meta property=\"article:publisher\" content=\"https:\/\/www.facebook.com\/Quartix-USA-374426386097401\/\" \/>\n<meta property=\"article:modified_time\" content=\"2026-03-30T15:01:52+00:00\" \/>\n<meta property=\"og:image\" content=\"https:\/\/www.quartix.com\/content\/uploads\/2021\/05\/FR-Landscaping.jpg\" \/>\n\t<meta property=\"og:image:width\" content=\"500\" \/>\n\t<meta property=\"og:image:height\" content=\"334\" \/>\n\t<meta property=\"og:image:type\" content=\"image\/jpeg\" \/>\n<meta name=\"twitter:card\" content=\"summary_large_image\" \/>\n<meta name=\"twitter:site\" content=\"@QuartixUSA\" \/>\n<meta name=\"twitter:label1\" content=\"Est. reading time\" \/>\n\t<meta name=\"twitter:data1\" content=\"3 minutes\" \/>\n<!-- \/ Yoast SEO Premium plugin. -->","yoast_head_json":{"title":"Leitfaden zur Fahrzeugortung f\u00fcr Landschaftsgartenbau - DE","description":"Laden Sie unseren KOSTENLOSEN Leitfaden f\u00fcr Landschaftsg\u00e4rtner herunter und erfahren Sie, wie Sie mit Fahrzeugortung Ihre Produktivit\u00e4t optimieren, Fahrzeuge f\u00fcr Eins\u00e4tze lokalisieren und Kraftstoff sparen k\u00f6nnen. Erhalten Sie noch heute ein Angebot!","robots":{"index":"index","follow":"follow","max-snippet":"max-snippet:-1","max-image-preview":"max-image-preview:large","max-video-preview":"max-video-preview:-1"},"canonical":"https:\/\/www.quartix.com\/de-de\/leitfaden-zur-fahrzeugortung-fuer-landschaftsgartenbau\/","og_locale":"de_DE","og_type":"article","og_title":"Leitfaden zur Fahrzeugortung f\u00fcr Landschaftsgartenbau","og_description":"Laden Sie unseren KOSTENLOSEN Leitfaden f\u00fcr Landschaftsg\u00e4rtner herunter und erfahren Sie, wie Sie mit Fahrzeugortung Ihre Produktivit\u00e4t optimieren, Fahrzeuge f\u00fcr Eins\u00e4tze lokalisieren und Kraftstoff sparen k\u00f6nnen. Erhalten Sie noch heute ein Angebot!","og_url":"https:\/\/www.quartix.com\/de-de\/leitfaden-zur-fahrzeugortung-fuer-landschaftsgartenbau\/","og_site_name":"Quartix","article_publisher":"https:\/\/www.facebook.com\/Quartix-USA-374426386097401\/","article_modified_time":"2026-03-30T15:01:52+00:00","og_image":[{"width":500,"height":334,"url":"https:\/\/www.quartix.com\/content\/uploads\/2021\/05\/FR-Landscaping.jpg","type":"image\/jpeg"}],"twitter_card":"summary_large_image","twitter_site":"@QuartixUSA","twitter_misc":{"Est. reading time":"3 minutes"},"schema":{"@context":"https:\/\/schema.org","@graph":[{"@type":"WebPage","@id":"https:\/\/www.quartix.com\/de-de\/leitfaden-zur-fahrzeugortung-fuer-landschaftsgartenbau\/","url":"https:\/\/www.quartix.com\/de-de\/leitfaden-zur-fahrzeugortung-fuer-landschaftsgartenbau\/","name":"Leitfaden zur Fahrzeugortung f\u00fcr Landschaftsgartenbau","isPartOf":{"@id":"https:\/\/www.quartix.com\/de-de\/#website"},"primaryImageOfPage":{"@id":"https:\/\/www.quartix.com\/de-de\/leitfaden-zur-fahrzeugortung-fuer-landschaftsgartenbau\/#primaryimage"},"image":{"@id":"https:\/\/www.quartix.com\/de-de\/leitfaden-zur-fahrzeugortung-fuer-landschaftsgartenbau\/#primaryimage"},"thumbnailUrl":"https:\/\/www.quartix.com\/content\/uploads\/2021\/05\/FR-Landscaping.jpg","datePublished":"2026-01-08T16:52:49+00:00","dateModified":"2026-03-30T15:01:52+00:00","description":"Laden Sie unseren KOSTENLOSEN Leitfaden f\u00fcr Landschaftsg\u00e4rtner herunter und erfahren Sie, wie Sie mit Fahrzeugortung Ihre Produktivit\u00e4t optimieren, Fahrzeuge f\u00fcr Eins\u00e4tze lokalisieren und Kraftstoff sparen k\u00f6nnen. Erhalten Sie noch heute ein Angebot!","breadcrumb":{"@id":"https:\/\/www.quartix.com\/de-de\/leitfaden-zur-fahrzeugortung-fuer-landschaftsgartenbau\/#breadcrumb"},"inLanguage":"de-DE","potentialAction":[{"@type":"ReadAction","target":["https:\/\/www.quartix.com\/de-de\/leitfaden-zur-fahrzeugortung-fuer-landschaftsgartenbau\/"]}]},{"@type":"ImageObject","inLanguage":"de-DE","@id":"https:\/\/www.quartix.com\/de-de\/leitfaden-zur-fahrzeugortung-fuer-landschaftsgartenbau\/#primaryimage","url":"https:\/\/www.quartix.com\/content\/uploads\/2021\/05\/FR-Landscaping.jpg","contentUrl":"https:\/\/www.quartix.com\/content\/uploads\/2021\/05\/FR-Landscaping.jpg","width":500,"height":334},{"@type":"BreadcrumbList","@id":"https:\/\/www.quartix.com\/de-de\/leitfaden-zur-fahrzeugortung-fuer-landschaftsgartenbau\/#breadcrumb","itemListElement":[{"@type":"ListItem","position":1,"name":"Startseite","item":"https:\/\/www.quartix.com\/de-de\/"},{"@type":"ListItem","position":2,"name":"Leitfaden zur Fahrzeugortung f\u00fcr Landschaftsgartenbau"}]},{"@type":"WebSite","@id":"https:\/\/www.quartix.com\/de-de\/#website","url":"https:\/\/www.quartix.com\/de-de\/","name":"Quartix","description":"Real-time vehicle tracking","publisher":{"@id":"https:\/\/www.quartix.com\/de-de\/#organization"},"potentialAction":[{"@type":"SearchAction","target":{"@type":"EntryPoint","urlTemplate":"https:\/\/www.quartix.com\/de-de\/?s={search_term_string}"},"query-input":{"@type":"PropertyValueSpecification","valueRequired":true,"valueName":"search_term_string"}}],"inLanguage":"de-DE"},{"@type":"Organization","@id":"https:\/\/www.quartix.com\/de-de\/#organization","name":"Quartix","url":"https:\/\/www.quartix.com\/de-de\/","logo":{"@type":"ImageObject","inLanguage":"de-DE","@id":"https:\/\/www.quartix.com\/de-de\/#\/schema\/logo\/image\/","url":"https:\/\/www.quartix.com\/content\/uploads\/2019\/02\/quartix-logo-eur.svg","contentUrl":"https:\/\/www.quartix.com\/content\/uploads\/2019\/02\/quartix-logo-eur.svg","width":1,"height":1,"caption":"Quartix"},"image":{"@id":"https:\/\/www.quartix.com\/de-de\/#\/schema\/logo\/image\/"},"sameAs":["https:\/\/www.facebook.com\/Quartix-USA-374426386097401\/","https:\/\/x.com\/QuartixUSA","https:\/\/www.linkedin.com\/company\/5346733\/","https:\/\/www.youtube.com\/channel\/UCzS-_GMfHF4kWiCheyIRrAQ"]}]}},"_links":{"self":[{"href":"https:\/\/www.quartix.com\/de-de\/wp-json\/wp\/v2\/pages\/127516","targetHints":{"allow":["GET"]}}],"collection":[{"href":"https:\/\/www.quartix.com\/de-de\/wp-json\/wp\/v2\/pages"}],"about":[{"href":"https:\/\/www.quartix.com\/de-de\/wp-json\/wp\/v2\/types\/page"}],"author":[{"embeddable":true,"href":"https:\/\/www.quartix.com\/de-de\/wp-json\/wp\/v2\/users\/6"}],"replies":[{"embeddable":true,"href":"https:\/\/www.quartix.com\/de-de\/wp-json\/wp\/v2\/comments?post=127516"}],"version-history":[{"count":6,"href":"https:\/\/www.quartix.com\/de-de\/wp-json\/wp\/v2\/pages\/127516\/revisions"}],"predecessor-version":[{"id":130461,"href":"https:\/\/www.quartix.com\/de-de\/wp-json\/wp\/v2\/pages\/127516\/revisions\/130461"}],"wp:featuredmedia":[{"embeddable":true,"href":"https:\/\/www.quartix.com\/de-de\/wp-json\/wp\/v2\/media\/56124"}],"wp:attachment":[{"href":"https:\/\/www.quartix.com\/de-de\/wp-json\/wp\/v2\/media?parent=127516"}],"wp:term":[{"taxonomy":"topic","embeddable":true,"href":"https:\/\/www.quartix.com\/de-de\/wp-json\/wp\/v2\/topic?post=127516"},{"taxonomy":"qtx_campaign","embeddable":true,"href":"https:\/\/www.quartix.com\/de-de\/wp-json\/wp\/v2\/qtx_campaign?post=127516"}],"curies":[{"name":"wp","href":"https:\/\/api.w.org\/{rel}","templated":true}]}}