{"id":127556,"date":"2026-01-12T17:40:13","date_gmt":"2026-01-12T16:40:13","guid":{"rendered":"https:\/\/www.quartix.com\/?page_id=127556"},"modified":"2026-03-30T14:48:05","modified_gmt":"2026-03-30T13:48:05","slug":"leitfaden-zur-fahrzeugortung-fuer-handwerksbetriebe","status":"publish","type":"page","link":"https:\/\/www.quartix.com\/de-de\/leitfaden-zur-fahrzeugortung-fuer-handwerksbetriebe\/","title":{"rendered":"Leitfaden zur Fahrzeugortung f\u00fcr Handwerksbetriebe"},"content":{"rendered":"\r\n<div   class=\"hero-block bighero\">\r\n    <img loading=\"lazy\" decoding=\"async\" width=\"1920\" height=\"717\" src=\"https:\/\/www.quartix.com\/content\/uploads\/2023\/10\/Man-in-van-blue-hat-header.png\" class=\"\" alt=\"\" srcset=\"https:\/\/www.quartix.com\/content\/uploads\/2023\/10\/Man-in-van-blue-hat-header.png 1920w, https:\/\/www.quartix.com\/content\/uploads\/2023\/10\/Man-in-van-blue-hat-header-300x112.png 300w, https:\/\/www.quartix.com\/content\/uploads\/2023\/10\/Man-in-van-blue-hat-header-1000x373.png 1000w, https:\/\/www.quartix.com\/content\/uploads\/2023\/10\/Man-in-van-blue-hat-header-768x287.png 768w, https:\/\/www.quartix.com\/content\/uploads\/2023\/10\/Man-in-van-blue-hat-header-1536x574.png 1536w\" sizes=\"auto, (max-width: 1920px) 100vw, 1920px\" \/>                <div class=\"hero-overlay\"><\/div>\r\n            \r\n\r\n\r\n    <div class=\"hero-content \">\r\n        <div class=\"inner limited-width\">\r\n                                                <h1 class=\"title\">Fahrzeugortung f\u00fcr Handwerksbetriebe <\/h1>\r\n                                <p class=\"text\">Entdecken Sie die Vorteile und Einsparungen, die die Fahrzeugortung Unternehmen aller Branchen bieten kann.<\/p>                                        <div class=\"buttons\">\r\n                    <a href=\"https:\/\/go.marketing.quartix.com\/Leitfaden_zur_Fahrzeugverfolgung_fur_Gewerbetreibende\" class=\"btn btn-green btn-inline\" target=\"_blank\" title=\"Leitfaden jetzt herunterladen\">Leitfaden jetzt herunterladen<\/a>\r\n                <\/div>\r\n                    <\/div>\r\n    <\/div>\r\n<\/div>\n\n\r\n<div   class=\"hero-block smallhero landing-cta\">\r\n            <div class=\"hero-overlay whitebg\"><\/div>\r\n        <div class=\"hero-content whitebg noimage\">\r\n        <div class=\"inner\">\r\n            <h2 class=\"title\">Nutzen Sie Telematik zur Beobachtung Ihrer Fahrzeuge, damit Sie sich auf das Wesentliche Ihres Gesch\u00e4fts konzentrieren k\u00f6nnen.<\/h2>            <div class=\"author\"><p>In diesem Leitfaden erfahren Sie, wie Ihnen ein Fahrzeugortungssystem helfen kann:<\/p>\n<\/div>            <div class='landingctalist centrelist'><ul class='dots' style=''><li>Steigern Sie Ihre Produktivit\u00e4t mit Echtzeit-Standortdaten.<\/li><li>Sorgen Sie f\u00fcr eine genaue Abrechnung mit detaillierten Stundenzetteln.<\/li><li>Schaffung einer sicheren Unternehmensrichtlinie durch Fahrverhaltensanalysen<\/li><\/ul><\/div>            \r\n                            <div class=\"buttons\">\r\n                    <a href=\"https:\/\/go.marketing.quartix.com\/Leitfaden_zur_Fahrzeugverfolgung_fur_Gewerbetreibende\" class=\"btn btn-green\" target=\"_blank\" title=\"Leitfaden herunterladen\">Leitfaden herunterladen<\/a>\r\n                <\/div>\r\n                    <\/div>\r\n    <\/div>\r\n<\/div>\n\n\r\n\r\n        <div  class=\"landingpageouter\" style=\"background-color:#f8f8f8 ;\">\r\n        <div class=\"landingpagecolsblock twocols4060 \">\r\n            <div class=\"col1\">\r\n                <p class=\"pre-title\">Tim Ferguson<\/p>                <h2 class=\"\">Amy Marcle, B\u00fcromanager<\/h2>                <div class='wysiwyg'><p>\u201eDa wir wissen, wo sich unsere Techniker befinden, k\u00f6nnen wir den n\u00e4chstgelegenen Techniker zum Einsatzort schicken und den Kunden dar\u00fcber informieren, wie weit dieser noch entfernt ist.\u201c<\/p>\n<\/div>            <\/div>\r\n            <div class=\"col2\">\r\n                <div class=\"responsivemedia\"><img loading=\"lazy\" decoding=\"async\" width=\"640\" height=\"617\" src=\"https:\/\/www.quartix.com\/content\/uploads\/2024\/03\/Van-2-scaled.jpg\" class=\"\" alt=\"\" \/><\/div>            <\/div>\r\n                        <\/div>\r\n    <\/div>\r\n\r\n\r\n\n\n\r\n\r\n        <div  class=\"landingpageouter\" style=\"background-color:#efefef ;\">\r\n        <div class=\"landingpagecolsblock twocols4060 swap-content\">\r\n            <div class=\"col1\">\r\n                <p class=\"pre-title\">Wie funktioniert es? <\/p>                <h2 class=\"\">Mit der Fahrzeugortung k\u00f6nnen Sie\u2026<\/h2>                <div class='wysiwyg'><ul>\n<li>&#8230;Ihre Fahrzeuge und den Aufenthaltsort Ihrer Mitarbeiter rund um die Uhr im Blick behalten.<\/li>\n<li>&#8230;. automatisch generierte Fahrtenberichte und Stundenzettel verwenden, um sicherzustellen, dass Ihren Kunden nur die Zeit in Rechnung gestellt wird, die Sie vor Ort waren, und dass Ihre Mitarbeiter f\u00fcr die gesamte Zeit verg\u00fctet werden.<\/li>\n<li>&#8230;das Verhalten Ihrer Fahrer auf der Stra\u00dfe beobachten und herausfinden, welche Fahrer mehr Coaching ben\u00f6tigen, um sicherzustellen, dass Ihre Fahrzeuge sicher gefahren werden.<\/li>\n<\/ul>\n<\/div>            <\/div>\r\n            <div class=\"col2\">\r\n                <div class=\"responsivemedia\"><img loading=\"lazy\" decoding=\"async\" width=\"640\" height=\"525\" src=\"https:\/\/www.quartix.com\/content\/uploads\/2024\/03\/trades-guide-plumber.png\" class=\"\" alt=\"\" \/><\/div>            <\/div>\r\n                        <\/div>\r\n    <\/div>\r\n\r\n\r\n\n\n\r\n\r\n        <div  class=\"landingpageouter\" style=\"background-color:#f8f8f8 ;\">\r\n        <div class=\"landingpagecolsblock twocols4060 \">\r\n            <div class=\"col1\">\r\n                <p class=\"pre-title\">A &amp; R Pool Service<\/p>                <h2 class=\"\">Donna Rawley, Besitzer<\/h2>                <div class='wysiwyg'><p>\u201eDa unsere Fahrer mit unseren Fahrzeugen unterwegs sind, m\u00f6chten wir gerne beobachten, wie sie fahren. Wir erhalten von Quartix einen Bericht, aus dem hervorgeht, ob sie zu schnell fahren und um wie viel, und ob sie mit unseren LKWs r\u00fccksichtslos umgehen.\u201c<\/p>\n<\/div>            <\/div>\r\n            <div class=\"col2\">\r\n                <div class=\"responsivemedia\"><img loading=\"lazy\" decoding=\"async\" width=\"238\" height=\"180\" src=\"https:\/\/www.quartix.com\/content\/uploads\/2024\/03\/A-and-R-Pool.png\" class=\"\" alt=\"\" \/><\/div>            <\/div>\r\n                        <\/div>\r\n    <\/div>\r\n\r\n\r\n\n\n\r\n<div   class=\"hero-block smallhero\">\r\n    <img loading=\"lazy\" decoding=\"async\" width=\"1200\" height=\"523\" src=\"https:\/\/www.quartix.com\/content\/uploads\/2024\/03\/trades-guide-roofer-1.png\" class=\"\" alt=\"\" \/>                <div class=\"hero-overlay\"><\/div>\r\n            \r\n\r\n\r\n    <div class=\"hero-content \">\r\n        <div class=\"inner\">\r\n                            <p class=\"title stylelikeh3\">Bieten Sie Ihren Kunden einen exzellenten Service und betreiben Sie gleichzeitig eine sichere, verantwortungsbewusste Flotte.<\/p>                                                        <div class=\"buttons\">\r\n                    <a href=\"https:\/\/go.marketing.quartix.com\/Leitfaden_zur_Fahrzeugverfolgung_fur_Gewerbetreibende\" class=\"btn btn-green btn-inline\" target=\"_blank\" title=\"Mehr dazu\">Mehr dazu<\/a>\r\n                <\/div>\r\n                    <\/div>\r\n    <\/div>\r\n<\/div>\n\n\n<div class=\"wp-block-columns is-layout-flex wp-container-core-columns-is-layout-28f84493 wp-block-columns-is-layout-flex\">\n<div class=\"wp-block-column is-layout-flow wp-block-column-is-layout-flow\">\n<h2 class=\"wp-block-heading\" id=\"h-ihr-leitfaden-zur-fahrzeugortung-fur-handwerksbetriebe\">Ihr Leitfaden zur Fahrzeugortung f\u00fcr Handwerksbetriebe<\/h2>\n\n\n\n<p>Mit Fahrzeugortung an Ihrer Seite k\u00f6nnen Sie sicher sein, dass Ihr Unternehmen sicher und effizient arbeitet.<\/p>\n\n\n    <div class=\"button-container \">\r\n<a href=\"https:\/\/go.marketing.quartix.com\/Leitfaden_zur_Fahrzeugverfolgung_fur_Gewerbetreibende\" class=\"btn pagebuilder-btn btn-green btn-light\" title=\"Leitfaden speichern\" target=\"_blank\">Leitfaden speichern<\/a>\r\n<\/div>\r\n<\/div>\n\n\n\n<div class=\"wp-block-column is-layout-flow wp-block-column-is-layout-flow\">\n<figure class=\"wp-block-image aligncenter size-full is-resized\"><img loading=\"lazy\" decoding=\"async\" width=\"590\" height=\"838\" src=\"https:\/\/www.quartix.com\/content\/uploads\/2026\/01\/DE_Leitfaden_Handwerksbetriebe_Bild.png\" alt=\"The image displays a Quartix advertisement with the text &quot;Fahrzeugortung f\u00fcr Handwerksbetriebe&quot; on a green background, promoting vehicle tracking for trade businesses und einen Leitfaden zur Fahrzeugortung f\u00fcr das Handwerk.\" class=\"wp-image-127560\" style=\"width:364px;height:auto\" srcset=\"https:\/\/www.quartix.com\/content\/uploads\/2026\/01\/DE_Leitfaden_Handwerksbetriebe_Bild.png 590w, https:\/\/www.quartix.com\/content\/uploads\/2026\/01\/DE_Leitfaden_Handwerksbetriebe_Bild-211x300.png 211w\" sizes=\"auto, (max-width: 590px) 100vw, 590px\" \/><\/figure>\n<\/div>\n<\/div>\n","protected":false},"excerpt":{"rendered":"<p>Die Fahrzeugortung kann ein leistungsstarkes Instrument sein, um Kosten zu senken und die Produktivit\u00e4t in der Handwerksbranche zu steigern. Erfahren Sie, in diesem Leitfaden wie.  <\/p>\n","protected":false},"author":12,"featured_media":38280,"parent":0,"menu_order":3408,"comment_status":"closed","ping_status":"closed","template":"templates\/landing-pagebuilder.php","meta":{"_acf_changed":false,"inline_featured_image":false,"footnotes":""},"topic":[],"qtx_campaign":[],"class_list":["post-127556","page","type-page","status-publish","has-post-thumbnail","hentry"],"acf":[],"yoast_head":"<!-- This site is optimized with the Yoast SEO Premium plugin v27.3 (Yoast SEO v27.3) - https:\/\/yoast.com\/product\/yoast-seo-premium-wordpress\/ -->\n<title>Ihr Leitfaden zur Fahrzeugortung f\u00fcr Handwerksbetriebe - DE<\/title>\n<meta name=\"description\" content=\"Laden Sie unseren KOSTENLOSEN Leitfaden f\u00fcr die Handwerksbranche herunter und erfahren Sie, wie Sie mit Fahrzeugortung Kosten senken und die Produktivit\u00e4t steigern k\u00f6nnen. Fordern Sie eine KOSTENLOSE Demo an. Rufen Sie noch heute an!\" \/>\n<meta name=\"robots\" content=\"index, follow, max-snippet:-1, max-image-preview:large, max-video-preview:-1\" \/>\n<link rel=\"canonical\" href=\"https:\/\/www.quartix.com\/de-de\/leitfaden-zur-fahrzeugortung-fuer-handwerksbetriebe\/\" \/>\n<meta property=\"og:locale\" content=\"de_DE\" \/>\n<meta property=\"og:type\" content=\"article\" \/>\n<meta property=\"og:title\" content=\"Leitfaden zur Fahrzeugortung f\u00fcr Handwerksbetriebe\" \/>\n<meta property=\"og:description\" content=\"Laden Sie unseren KOSTENLOSEN Leitfaden f\u00fcr die Handwerksbranche herunter und erfahren Sie, wie Sie mit Fahrzeugortung Kosten senken und die Produktivit\u00e4t steigern k\u00f6nnen. Fordern Sie eine KOSTENLOSE Demo an. Rufen Sie noch heute an!\" \/>\n<meta property=\"og:url\" content=\"https:\/\/www.quartix.com\/de-de\/leitfaden-zur-fahrzeugortung-fuer-handwerksbetriebe\/\" \/>\n<meta property=\"og:site_name\" content=\"Quartix\" \/>\n<meta property=\"article:publisher\" content=\"https:\/\/www.facebook.com\/Quartix-USA-374426386097401\/\" \/>\n<meta property=\"article:modified_time\" content=\"2026-03-30T13:48:05+00:00\" \/>\n<meta property=\"og:image\" content=\"https:\/\/www.quartix.com\/content\/uploads\/2020\/01\/Trades-Guide-Image-Small.jpg\" \/>\n\t<meta property=\"og:image:width\" content=\"500\" \/>\n\t<meta property=\"og:image:height\" content=\"333\" \/>\n\t<meta property=\"og:image:type\" content=\"image\/jpeg\" \/>\n<meta name=\"twitter:card\" content=\"summary_large_image\" \/>\n<meta name=\"twitter:site\" content=\"@QuartixUSA\" \/>\n<meta name=\"twitter:label1\" content=\"Est. reading time\" \/>\n\t<meta name=\"twitter:data1\" content=\"3 minutes\" \/>\n<!-- \/ Yoast SEO Premium plugin. -->","yoast_head_json":{"title":"Ihr Leitfaden zur Fahrzeugortung f\u00fcr Handwerksbetriebe - DE","description":"Laden Sie unseren KOSTENLOSEN Leitfaden f\u00fcr die Handwerksbranche herunter und erfahren Sie, wie Sie mit Fahrzeugortung Kosten senken und die Produktivit\u00e4t steigern k\u00f6nnen. Fordern Sie eine KOSTENLOSE Demo an. Rufen Sie noch heute an!","robots":{"index":"index","follow":"follow","max-snippet":"max-snippet:-1","max-image-preview":"max-image-preview:large","max-video-preview":"max-video-preview:-1"},"canonical":"https:\/\/www.quartix.com\/de-de\/leitfaden-zur-fahrzeugortung-fuer-handwerksbetriebe\/","og_locale":"de_DE","og_type":"article","og_title":"Leitfaden zur Fahrzeugortung f\u00fcr Handwerksbetriebe","og_description":"Laden Sie unseren KOSTENLOSEN Leitfaden f\u00fcr die Handwerksbranche herunter und erfahren Sie, wie Sie mit Fahrzeugortung Kosten senken und die Produktivit\u00e4t steigern k\u00f6nnen. Fordern Sie eine KOSTENLOSE Demo an. Rufen Sie noch heute an!","og_url":"https:\/\/www.quartix.com\/de-de\/leitfaden-zur-fahrzeugortung-fuer-handwerksbetriebe\/","og_site_name":"Quartix","article_publisher":"https:\/\/www.facebook.com\/Quartix-USA-374426386097401\/","article_modified_time":"2026-03-30T13:48:05+00:00","og_image":[{"width":500,"height":333,"url":"https:\/\/www.quartix.com\/content\/uploads\/2020\/01\/Trades-Guide-Image-Small.jpg","type":"image\/jpeg"}],"twitter_card":"summary_large_image","twitter_site":"@QuartixUSA","twitter_misc":{"Est. reading time":"3 minutes"},"schema":{"@context":"https:\/\/schema.org","@graph":[{"@type":"WebPage","@id":"https:\/\/www.quartix.com\/de-de\/leitfaden-zur-fahrzeugortung-fuer-handwerksbetriebe\/","url":"https:\/\/www.quartix.com\/de-de\/leitfaden-zur-fahrzeugortung-fuer-handwerksbetriebe\/","name":"Ihr Leitfaden zur Fahrzeugortung f\u00fcr Handwerksbetriebe","isPartOf":{"@id":"https:\/\/www.quartix.com\/de-de\/#website"},"primaryImageOfPage":{"@id":"https:\/\/www.quartix.com\/de-de\/leitfaden-zur-fahrzeugortung-fuer-handwerksbetriebe\/#primaryimage"},"image":{"@id":"https:\/\/www.quartix.com\/de-de\/leitfaden-zur-fahrzeugortung-fuer-handwerksbetriebe\/#primaryimage"},"thumbnailUrl":"https:\/\/www.quartix.com\/content\/uploads\/2020\/01\/Trades-Guide-Image-Small.jpg","datePublished":"2026-01-12T16:40:13+00:00","dateModified":"2026-03-30T13:48:05+00:00","description":"Laden Sie unseren KOSTENLOSEN Leitfaden f\u00fcr die Handwerksbranche herunter und erfahren Sie, wie Sie mit Fahrzeugortung Kosten senken und die Produktivit\u00e4t steigern k\u00f6nnen. Fordern Sie eine KOSTENLOSE Demo an. Rufen Sie noch heute an!","breadcrumb":{"@id":"https:\/\/www.quartix.com\/de-de\/leitfaden-zur-fahrzeugortung-fuer-handwerksbetriebe\/#breadcrumb"},"inLanguage":"de-DE","potentialAction":[{"@type":"ReadAction","target":["https:\/\/www.quartix.com\/de-de\/leitfaden-zur-fahrzeugortung-fuer-handwerksbetriebe\/"]}]},{"@type":"ImageObject","inLanguage":"de-DE","@id":"https:\/\/www.quartix.com\/de-de\/leitfaden-zur-fahrzeugortung-fuer-handwerksbetriebe\/#primaryimage","url":"https:\/\/www.quartix.com\/content\/uploads\/2020\/01\/Trades-Guide-Image-Small.jpg","contentUrl":"https:\/\/www.quartix.com\/content\/uploads\/2020\/01\/Trades-Guide-Image-Small.jpg","width":500,"height":333,"caption":"Quartix Fleet Image"},{"@type":"BreadcrumbList","@id":"https:\/\/www.quartix.com\/de-de\/leitfaden-zur-fahrzeugortung-fuer-handwerksbetriebe\/#breadcrumb","itemListElement":[{"@type":"ListItem","position":1,"name":"Startseite","item":"https:\/\/www.quartix.com\/de-de\/die-nr-1-fahrzeugortungsloesung-fuer-flotten-jeder-groesse\/"},{"@type":"ListItem","position":2,"name":"Leitfaden zur Fahrzeugortung f\u00fcr Handwerksbetriebe"}]},{"@type":"WebSite","@id":"https:\/\/www.quartix.com\/de-de\/#website","url":"https:\/\/www.quartix.com\/de-de\/","name":"Quartix","description":"Real-time vehicle tracking","publisher":{"@id":"https:\/\/www.quartix.com\/de-de\/#organization"},"potentialAction":[{"@type":"SearchAction","target":{"@type":"EntryPoint","urlTemplate":"https:\/\/www.quartix.com\/de-de\/?s={search_term_string}"},"query-input":{"@type":"PropertyValueSpecification","valueRequired":true,"valueName":"search_term_string"}}],"inLanguage":"de-DE"},{"@type":"Organization","@id":"https:\/\/www.quartix.com\/de-de\/#organization","name":"Quartix","url":"https:\/\/www.quartix.com\/de-de\/","logo":{"@type":"ImageObject","inLanguage":"de-DE","@id":"https:\/\/www.quartix.com\/de-de\/#\/schema\/logo\/image\/","url":"https:\/\/www.quartix.com\/content\/uploads\/2019\/02\/quartix-logo-eur.svg","contentUrl":"https:\/\/www.quartix.com\/content\/uploads\/2019\/02\/quartix-logo-eur.svg","width":1,"height":1,"caption":"Quartix"},"image":{"@id":"https:\/\/www.quartix.com\/de-de\/#\/schema\/logo\/image\/"},"sameAs":["https:\/\/www.facebook.com\/Quartix-USA-374426386097401\/","https:\/\/x.com\/QuartixUSA","https:\/\/www.linkedin.com\/company\/5346733\/","https:\/\/www.youtube.com\/channel\/UCzS-_GMfHF4kWiCheyIRrAQ"]}]}},"_links":{"self":[{"href":"https:\/\/www.quartix.com\/de-de\/wp-json\/wp\/v2\/pages\/127556","targetHints":{"allow":["GET"]}}],"collection":[{"href":"https:\/\/www.quartix.com\/de-de\/wp-json\/wp\/v2\/pages"}],"about":[{"href":"https:\/\/www.quartix.com\/de-de\/wp-json\/wp\/v2\/types\/page"}],"author":[{"embeddable":true,"href":"https:\/\/www.quartix.com\/de-de\/wp-json\/wp\/v2\/users\/12"}],"replies":[{"embeddable":true,"href":"https:\/\/www.quartix.com\/de-de\/wp-json\/wp\/v2\/comments?post=127556"}],"version-history":[{"count":8,"href":"https:\/\/www.quartix.com\/de-de\/wp-json\/wp\/v2\/pages\/127556\/revisions"}],"predecessor-version":[{"id":130451,"href":"https:\/\/www.quartix.com\/de-de\/wp-json\/wp\/v2\/pages\/127556\/revisions\/130451"}],"wp:featuredmedia":[{"embeddable":true,"href":"https:\/\/www.quartix.com\/de-de\/wp-json\/wp\/v2\/media\/38280"}],"wp:attachment":[{"href":"https:\/\/www.quartix.com\/de-de\/wp-json\/wp\/v2\/media?parent=127556"}],"wp:term":[{"taxonomy":"topic","embeddable":true,"href":"https:\/\/www.quartix.com\/de-de\/wp-json\/wp\/v2\/topic?post=127556"},{"taxonomy":"qtx_campaign","embeddable":true,"href":"https:\/\/www.quartix.com\/de-de\/wp-json\/wp\/v2\/qtx_campaign?post=127556"}],"curies":[{"name":"wp","href":"https:\/\/api.w.org\/{rel}","templated":true}]}}