{"id":129768,"date":"2026-03-09T16:29:44","date_gmt":"2026-03-09T15:29:44","guid":{"rendered":"https:\/\/www.quartix.com\/?page_id=129768"},"modified":"2026-03-10T13:27:59","modified_gmt":"2026-03-10T12:27:59","slug":"industrien","status":"publish","type":"page","link":"https:\/\/www.quartix.com\/de-de\/industrien\/","title":{"rendered":"Industrien"},"content":{"rendered":"\r\n        <section  class=\"qtx-pagebuilder-section qtx-pagebuilder-section-cta_block vertical cta group\">\r\n\r\n        <div class=\"ctacontainer\">\r\n            <div class=\"ctaimage\">\r\n                <img loading=\"lazy\" decoding=\"async\" width=\"1500\" height=\"1000\" src=\"https:\/\/www.quartix.com\/content\/uploads\/2023\/04\/Construction-worker-overseeing-site.jpg\" class=\"\" alt=\"\" srcset=\"https:\/\/www.quartix.com\/content\/uploads\/2023\/04\/Construction-worker-overseeing-site.jpg 1500w, https:\/\/www.quartix.com\/content\/uploads\/2023\/04\/Construction-worker-overseeing-site-300x200.jpg 300w, https:\/\/www.quartix.com\/content\/uploads\/2023\/04\/Construction-worker-overseeing-site-1000x667.jpg 1000w, https:\/\/www.quartix.com\/content\/uploads\/2023\/04\/Construction-worker-overseeing-site-768x512.jpg 768w\" sizes=\"auto, (max-width: 1500px) 100vw, 1500px\" \/>  \r\n            <\/div>\r\n            <div class=\"ctacontent\">\r\n                <h4>Bauwesen<\/h4>                <p>Bauunternehmen verbessern die betriebliche Effizienz durch \u00dcberwachung der Arbeitszeiten vor Ort.  \r\n\r\n<\/p>                <a href='https:\/\/www.quartix.com\/de-de\/industrien\/quartix-gps-fahrzeugortung-baubranche\/' class='btn btn-green' target='_blank'>Mehr erfahren<\/a>\r\n            <\/div>\r\n        <\/div>\r\n\r\n        <div class=\"ctacontainer\">\r\n            <div class=\"ctaimage\">\r\n                <img loading=\"lazy\" decoding=\"async\" width=\"1200\" height=\"800\" src=\"https:\/\/www.quartix.com\/content\/uploads\/2023\/03\/facilities-image-electrician.jpg\" class=\"\" alt=\"heating engineer arrives at job\" srcset=\"https:\/\/www.quartix.com\/content\/uploads\/2023\/03\/facilities-image-electrician.jpg 1200w, https:\/\/www.quartix.com\/content\/uploads\/2023\/03\/facilities-image-electrician-300x200.jpg 300w, https:\/\/www.quartix.com\/content\/uploads\/2023\/03\/facilities-image-electrician-1000x667.jpg 1000w, https:\/\/www.quartix.com\/content\/uploads\/2023\/03\/facilities-image-electrician-768x512.jpg 768w\" sizes=\"auto, (max-width: 1200px) 100vw, 1200px\" \/>  \r\n            <\/div>\r\n            <div class=\"ctacontent\">\r\n                <h4>Geb\u00e4udeverwaltung<\/h4>                <p>Geb\u00e4udeverwaltungs-Unternehmen besch\u00e4ftigen eine Vielzahl von Fachleuten, die t\u00e4glich verschiedene Standorte besuchen.  \r\n<\/p>                <a href='https:\/\/www.quartix.com\/de-de\/industrien\/quartix-fahrzeugortung-gebaeudemanagement\/' class='btn btn-green' target='_blank'>Mehr erfahren<\/a>\r\n            <\/div>\r\n        <\/div>\r\n\r\n        <div class=\"ctacontainer\">\r\n            <div class=\"ctaimage\">\r\n                <img loading=\"lazy\" decoding=\"async\" width=\"800\" height=\"533\" src=\"https:\/\/www.quartix.com\/content\/uploads\/2023\/04\/highways-maintenance-vehicle-small.jpg\" class=\"\" alt=\"\" srcset=\"https:\/\/www.quartix.com\/content\/uploads\/2023\/04\/highways-maintenance-vehicle-small.jpg 800w, https:\/\/www.quartix.com\/content\/uploads\/2023\/04\/highways-maintenance-vehicle-small-300x200.jpg 300w, https:\/\/www.quartix.com\/content\/uploads\/2023\/04\/highways-maintenance-vehicle-small-768x512.jpg 768w\" sizes=\"auto, (max-width: 800px) 100vw, 800px\" \/>  \r\n            <\/div>\r\n            <div class=\"ctacontent\">\r\n                <h4>Stra\u00dfenbau<\/h4>                <p>Stra\u00dfenbauunternehmen sorgen f\u00fcr die Sicherheit von Arbeitern und Fahrzeugflotten, insbesondere bei Projekten nachts.\r\n<\/p>                <a href='https:\/\/www.quartix.com\/de-de\/industrien\/quartix-fahrzeugortung-strassenbau\/' class='btn btn-green' target='_blank'>Mehr erfahren<\/a>\r\n            <\/div>\r\n        <\/div>\r\n\r\n        <div class=\"ctacontainer\">\r\n            <div class=\"ctaimage\">\r\n                <img loading=\"lazy\" decoding=\"async\" width=\"800\" height=\"533\" src=\"https:\/\/www.quartix.com\/content\/uploads\/2023\/05\/utlilities-telecoms-electrician.jpg\" class=\"\" alt=\"\" srcset=\"https:\/\/www.quartix.com\/content\/uploads\/2023\/05\/utlilities-telecoms-electrician.jpg 800w, https:\/\/www.quartix.com\/content\/uploads\/2023\/05\/utlilities-telecoms-electrician-300x200.jpg 300w, https:\/\/www.quartix.com\/content\/uploads\/2023\/05\/utlilities-telecoms-electrician-768x512.jpg 768w\" sizes=\"auto, (max-width: 800px) 100vw, 800px\" \/>  \r\n            <\/div>\r\n            <div class=\"ctacontent\">\r\n                <h4>Versorgungsunternehmen<\/h4>                <p>Versorgungsunternehmen optimieren die Abl\u00e4ufe und bieten mit Hilfe von Flotten-Einblicken bessere Dienstleistungen.\r\n<\/p>                <a href='https:\/\/www.quartix.com\/de-de\/industrien\/quartix-telematik-versorgungsbranche\/' class='btn btn-green' target='_blank'>Mehr erfahren<\/a>\r\n            <\/div>\r\n        <\/div>\r\n\r\n        <div class=\"ctacontainer\">\r\n            <div class=\"ctaimage\">\r\n                <img loading=\"lazy\" decoding=\"async\" width=\"800\" height=\"472\" src=\"https:\/\/www.quartix.com\/content\/uploads\/2023\/04\/Rail-worker-in-tunnel.jpg\" class=\"\" alt=\"\" srcset=\"https:\/\/www.quartix.com\/content\/uploads\/2023\/04\/Rail-worker-in-tunnel.jpg 800w, https:\/\/www.quartix.com\/content\/uploads\/2023\/04\/Rail-worker-in-tunnel-300x177.jpg 300w, https:\/\/www.quartix.com\/content\/uploads\/2023\/04\/Rail-worker-in-tunnel-768x453.jpg 768w\" sizes=\"auto, (max-width: 800px) 100vw, 800px\" \/>  \r\n            <\/div>\r\n            <div class=\"ctacontent\">\r\n                <h4>Schienenverkehr<\/h4>                <p>Eisenbahnunternehmer arbeiten lange an abgelegenen Baustellen, weshalb die Sicherheit und Effizienz der Teams von gr\u00f6\u00dfter Bedeutung haben.\r\n<\/p>                <a href='https:\/\/www.quartix.com\/de-de\/industrien\/quartix-gps-tracking-bahnindustrie\/' class='btn btn-green' target='_blank'>Mehr erfahren<\/a>\r\n            <\/div>\r\n        <\/div>\r\n\r\n        <div class=\"ctacontainer\">\r\n            <div class=\"ctaimage\">\r\n                <img loading=\"lazy\" decoding=\"async\" width=\"912\" height=\"547\" src=\"https:\/\/www.quartix.com\/content\/uploads\/2020\/04\/Hyundai.jpg\" class=\"\" alt=\"university of birmingham vehicle tracking\" srcset=\"https:\/\/www.quartix.com\/content\/uploads\/2020\/04\/Hyundai.jpg 912w, https:\/\/www.quartix.com\/content\/uploads\/2020\/04\/Hyundai-300x180.jpg 300w, https:\/\/www.quartix.com\/content\/uploads\/2020\/04\/Hyundai-768x461.jpg 768w\" sizes=\"auto, (max-width: 912px) 100vw, 912px\" \/>  \r\n            <\/div>\r\n            <div class=\"ctacontent\">\r\n                <h4>Universit\u00e4ten<\/h4>                <p>Universit\u00e4ten nutzen Flottendaten, um Nachhaltigkeitsziele zu erreichen und ehrgeizige Kostensparprogramme zu unterst\u00fctzen.\r\n<\/p>                <a href='https:\/\/www.quartix.com\/de-de\/industrien\/quartix-telematikloesung-universitaeten\/' class='btn btn-green' target='_blank'>Mehr erfahren<\/a>\r\n            <\/div>\r\n        <\/div>\r\n\r\n        <div class=\"ctacontainer\">\r\n            <div class=\"ctaimage\">\r\n                <img loading=\"lazy\" decoding=\"async\" width=\"500\" height=\"368\" src=\"https:\/\/www.quartix.com\/content\/uploads\/2023\/07\/Bin-lorry-UK-2.png\" class=\"\" alt=\"\" srcset=\"https:\/\/www.quartix.com\/content\/uploads\/2023\/07\/Bin-lorry-UK-2.png 500w, https:\/\/www.quartix.com\/content\/uploads\/2023\/07\/Bin-lorry-UK-2-300x221.png 300w\" sizes=\"auto, (max-width: 500px) 100vw, 500px\" \/>  \r\n            <\/div>\r\n            <div class=\"ctacontent\">\r\n                <h4>\u00d6ffentlicher Sektor<\/h4>                <p>Flottenortung hilft \u00f6ffentlichen Organisationen dabei, Kosten zu senken, die Effizienz zu steigern und Nachhaltigkeit zu f\u00f6rdern.<\/p>                <a href='https:\/\/www.quartix.com\/de-de\/industrien\/fahrzeugortung-fuer-den-oeffentlichen-sektor\/' class='btn btn-green' target='_blank'>Mehr erfahren<\/a>\r\n            <\/div>\r\n        <\/div>\r\n\r\n        <div class=\"ctacontainer\">\r\n            <div class=\"ctaimage\">\r\n                <img loading=\"lazy\" decoding=\"async\" width=\"752\" height=\"556\" src=\"https:\/\/www.quartix.com\/content\/uploads\/2024\/06\/Transport-and-delivery-fleet-tracking-quartix-1.png\" class=\"\" alt=\"Transport-and-delivery-fleet-tracking-quartix\" srcset=\"https:\/\/www.quartix.com\/content\/uploads\/2024\/06\/Transport-and-delivery-fleet-tracking-quartix-1.png 752w, https:\/\/www.quartix.com\/content\/uploads\/2024\/06\/Transport-and-delivery-fleet-tracking-quartix-1-300x222.png 300w\" sizes=\"auto, (max-width: 752px) 100vw, 752px\" \/>  \r\n            <\/div>\r\n            <div class=\"ctacontent\">\r\n                <h4>Transport &amp; Lieferung<\/h4>                <p>Flottenortung hilft Liefer- sowie Transportunternehmen Kosten zu senken und Waren effizient zu transportieren.<\/p>                <a href='https:\/\/www.quartix.com\/de-de\/industrien\/quartix-fahrzeugortung-transport-lieferdienste\/' class='btn btn-green' target='_blank'>Mehr erfahren<\/a>\r\n            <\/div>\r\n        <\/div>\r\n    <\/section>\r\n    ","protected":false},"excerpt":{"rendered":"","protected":false},"author":12,"featured_media":0,"parent":0,"menu_order":0,"comment_status":"closed","ping_status":"closed","template":"","meta":{"_acf_changed":false,"inline_featured_image":false,"footnotes":""},"topic":[],"qtx_campaign":[],"class_list":["post-129768","page","type-page","status-publish","hentry"],"acf":[],"yoast_head":"<!-- This site is optimized with the Yoast SEO Premium plugin v27.3 (Yoast SEO v27.3) - https:\/\/yoast.com\/product\/yoast-seo-premium-wordpress\/ -->\n<title>Industrien, die Flottentelematik zur Optimierung der Abl\u00e4ufe nutzen - DE<\/title>\n<meta name=\"description\" content=\"Telematik-Erkenntnisse erm\u00f6glichen es einer Vielzahl von Branchen, die Dienstleistungserbringung zu verbessern, Betriebskosten zu senken und Gesch\u00e4ftsrisiken zu managen.\" \/>\n<meta name=\"robots\" content=\"index, follow, max-snippet:-1, max-image-preview:large, max-video-preview:-1\" \/>\n<link rel=\"canonical\" href=\"https:\/\/www.quartix.com\/de-de\/industrien\/\" \/>\n<meta property=\"og:locale\" content=\"de_DE\" \/>\n<meta property=\"og:type\" content=\"article\" \/>\n<meta property=\"og:title\" content=\"Industrien\" \/>\n<meta property=\"og:description\" content=\"Telematik-Erkenntnisse erm\u00f6glichen es einer Vielzahl von Branchen, die Dienstleistungserbringung zu verbessern, Betriebskosten zu senken und Gesch\u00e4ftsrisiken zu managen.\" \/>\n<meta property=\"og:url\" content=\"https:\/\/www.quartix.com\/de-de\/industrien\/\" \/>\n<meta property=\"og:site_name\" content=\"Quartix\" \/>\n<meta property=\"article:publisher\" content=\"https:\/\/www.facebook.com\/Quartix-USA-374426386097401\/\" \/>\n<meta property=\"article:modified_time\" content=\"2026-03-10T12:27:59+00:00\" \/>\n<meta name=\"twitter:card\" content=\"summary_large_image\" \/>\n<meta name=\"twitter:site\" content=\"@QuartixUSA\" \/>\n<meta name=\"twitter:label1\" content=\"Est. reading time\" \/>\n\t<meta name=\"twitter:data1\" content=\"3 minutes\" \/>\n<!-- \/ Yoast SEO Premium plugin. -->","yoast_head_json":{"title":"Industrien, die Flottentelematik zur Optimierung der Abl\u00e4ufe nutzen - DE","description":"Telematik-Erkenntnisse erm\u00f6glichen es einer Vielzahl von Branchen, die Dienstleistungserbringung zu verbessern, Betriebskosten zu senken und Gesch\u00e4ftsrisiken zu managen.","robots":{"index":"index","follow":"follow","max-snippet":"max-snippet:-1","max-image-preview":"max-image-preview:large","max-video-preview":"max-video-preview:-1"},"canonical":"https:\/\/www.quartix.com\/de-de\/industrien\/","og_locale":"de_DE","og_type":"article","og_title":"Industrien","og_description":"Telematik-Erkenntnisse erm\u00f6glichen es einer Vielzahl von Branchen, die Dienstleistungserbringung zu verbessern, Betriebskosten zu senken und Gesch\u00e4ftsrisiken zu managen.","og_url":"https:\/\/www.quartix.com\/de-de\/industrien\/","og_site_name":"Quartix","article_publisher":"https:\/\/www.facebook.com\/Quartix-USA-374426386097401\/","article_modified_time":"2026-03-10T12:27:59+00:00","twitter_card":"summary_large_image","twitter_site":"@QuartixUSA","twitter_misc":{"Est. reading time":"3 minutes"},"schema":{"@context":"https:\/\/schema.org","@graph":[{"@type":"WebPage","@id":"https:\/\/www.quartix.com\/de-de\/industrien\/","url":"https:\/\/www.quartix.com\/de-de\/industrien\/","name":"Industrien, die Flottentelematik zur Optimierung der Abl\u00e4ufe nutzen","isPartOf":{"@id":"https:\/\/www.quartix.com\/de-de\/#website"},"datePublished":"2026-03-09T15:29:44+00:00","dateModified":"2026-03-10T12:27:59+00:00","description":"Telematik-Erkenntnisse erm\u00f6glichen es einer Vielzahl von Branchen, die Dienstleistungserbringung zu verbessern, Betriebskosten zu senken und Gesch\u00e4ftsrisiken zu managen.","breadcrumb":{"@id":"https:\/\/www.quartix.com\/de-de\/industrien\/#breadcrumb"},"inLanguage":"de-DE","potentialAction":[{"@type":"ReadAction","target":["https:\/\/www.quartix.com\/de-de\/industrien\/"]}]},{"@type":"BreadcrumbList","@id":"https:\/\/www.quartix.com\/de-de\/industrien\/#breadcrumb","itemListElement":[{"@type":"ListItem","position":1,"name":"Startseite","item":"https:\/\/www.quartix.com\/de-de\/die-nr-1-fahrzeugortungsloesung-fuer-flotten-jeder-groesse\/"},{"@type":"ListItem","position":2,"name":"Industrien"}]},{"@type":"WebSite","@id":"https:\/\/www.quartix.com\/de-de\/#website","url":"https:\/\/www.quartix.com\/de-de\/","name":"Quartix","description":"Real-time vehicle tracking","publisher":{"@id":"https:\/\/www.quartix.com\/de-de\/#organization"},"potentialAction":[{"@type":"SearchAction","target":{"@type":"EntryPoint","urlTemplate":"https:\/\/www.quartix.com\/de-de\/?s={search_term_string}"},"query-input":{"@type":"PropertyValueSpecification","valueRequired":true,"valueName":"search_term_string"}}],"inLanguage":"de-DE"},{"@type":"Organization","@id":"https:\/\/www.quartix.com\/de-de\/#organization","name":"Quartix","url":"https:\/\/www.quartix.com\/de-de\/","logo":{"@type":"ImageObject","inLanguage":"de-DE","@id":"https:\/\/www.quartix.com\/de-de\/#\/schema\/logo\/image\/","url":"https:\/\/www.quartix.com\/content\/uploads\/2019\/02\/quartix-logo-eur.svg","contentUrl":"https:\/\/www.quartix.com\/content\/uploads\/2019\/02\/quartix-logo-eur.svg","width":1,"height":1,"caption":"Quartix"},"image":{"@id":"https:\/\/www.quartix.com\/de-de\/#\/schema\/logo\/image\/"},"sameAs":["https:\/\/www.facebook.com\/Quartix-USA-374426386097401\/","https:\/\/x.com\/QuartixUSA","https:\/\/www.linkedin.com\/company\/5346733\/","https:\/\/www.youtube.com\/channel\/UCzS-_GMfHF4kWiCheyIRrAQ"]}]}},"_links":{"self":[{"href":"https:\/\/www.quartix.com\/de-de\/wp-json\/wp\/v2\/pages\/129768","targetHints":{"allow":["GET"]}}],"collection":[{"href":"https:\/\/www.quartix.com\/de-de\/wp-json\/wp\/v2\/pages"}],"about":[{"href":"https:\/\/www.quartix.com\/de-de\/wp-json\/wp\/v2\/types\/page"}],"author":[{"embeddable":true,"href":"https:\/\/www.quartix.com\/de-de\/wp-json\/wp\/v2\/users\/12"}],"replies":[{"embeddable":true,"href":"https:\/\/www.quartix.com\/de-de\/wp-json\/wp\/v2\/comments?post=129768"}],"version-history":[{"count":13,"href":"https:\/\/www.quartix.com\/de-de\/wp-json\/wp\/v2\/pages\/129768\/revisions"}],"predecessor-version":[{"id":130092,"href":"https:\/\/www.quartix.com\/de-de\/wp-json\/wp\/v2\/pages\/129768\/revisions\/130092"}],"wp:attachment":[{"href":"https:\/\/www.quartix.com\/de-de\/wp-json\/wp\/v2\/media?parent=129768"}],"wp:term":[{"taxonomy":"topic","embeddable":true,"href":"https:\/\/www.quartix.com\/de-de\/wp-json\/wp\/v2\/topic?post=129768"},{"taxonomy":"qtx_campaign","embeddable":true,"href":"https:\/\/www.quartix.com\/de-de\/wp-json\/wp\/v2\/qtx_campaign?post=129768"}],"curies":[{"name":"wp","href":"https:\/\/api.w.org\/{rel}","templated":true}]}}