{"id":131093,"date":"2026-04-16T17:02:56","date_gmt":"2026-04-16T16:02:56","guid":{"rendered":"https:\/\/www.quartix.com\/?page_id=131093"},"modified":"2026-04-17T10:31:24","modified_gmt":"2026-04-17T09:31:24","slug":"wie-es-funktioniert","status":"publish","type":"page","link":"https:\/\/www.quartix.com\/de-de\/lernen\/wie-es-funktioniert\/","title":{"rendered":"Wie es funktioniert"},"content":{"rendered":"<section  class=\"qtx-pagebuilder-section qtx-pagebuilder-section-card per-row-4\">\r\n\r\n\r\n<div class=\"cardcontainer\">\r\n            \r\n    <div class=\"cardimage\" style='height:150px;'>\r\n        <img loading=\"lazy\" decoding=\"async\" width=\"300\" height=\"149\" src=\"https:\/\/www.quartix.com\/content\/uploads\/2021\/06\/FR-Hardwired-icon-balise-filaire-300x149.png\" class=\"\" alt=\"Balise filaire, geofencing, mode vie priv\u00e9e, t\u00e9l\u00e9matique... D\u00e9couvrez le vocabulaire de la g\u00e9olocalisation de v\u00e9hicules avec Quartix.\" srcset=\"https:\/\/www.quartix.com\/content\/uploads\/2021\/06\/FR-Hardwired-icon-balise-filaire-300x149.png 300w, https:\/\/www.quartix.com\/content\/uploads\/2021\/06\/FR-Hardwired-icon-balise-filaire-1000x497.png 1000w, https:\/\/www.quartix.com\/content\/uploads\/2021\/06\/FR-Hardwired-icon-balise-filaire-768x382.png 768w, https:\/\/www.quartix.com\/content\/uploads\/2021\/06\/FR-Hardwired-icon-balise-filaire.png 1184w\" sizes=\"auto, (max-width: 300px) 100vw, 300px\" \/>  \r\n    <\/div>\r\n        <div class=\"seperator\"><\/div>\r\n    <div class=\"cardcontent\">\r\n        <h3>Installation<\/h3>        <p>Jedes Fahrzeug ist mit unserem einfach zu installierenden Ortungsger\u00e4t ausgestattet. Dank sekundengenauer GPS-Ortung und der leistungsstarken Quartix-Software werden die Bewegungen jedes Fahrzeugs automatisch aufgezeichnet.<\/p>\n        \r\n    <\/div>\r\n<\/div>\r\n\r\n\r\n        \r\n\r\n<div class=\"cardcontainer\">\r\n            \r\n    <div class=\"cardimage\" style='height:150px;'>\r\n        <img loading=\"lazy\" decoding=\"async\" width=\"1\" height=\"1\" src=\"https:\/\/www.quartix.com\/content\/uploads\/2021\/06\/track.svg\" class=\"\" alt=\"\" \/>  \r\n    <\/div>\r\n        <div class=\"seperator\"><\/div>\r\n    <div class=\"cardcontent\">\r\n        <h3>Ortung<\/h3>        <p>Ihre Flottenfahrzeuge werden per GPS geortet, und ein detailliertes Protokoll ihrer Bewegungen, ihrer Geschwindigkeit und ihrer Leerlaufzeiten wird zur gr\u00fcndlichen Analyse zentral gespeichert.<\/p>\n        \r\n    <\/div>\r\n<\/div>\r\n\r\n\r\n        \r\n\r\n<div class=\"cardcontainer\">\r\n            \r\n    <div class=\"cardimage\" style='height:150px;'>\r\n        <img loading=\"lazy\" decoding=\"async\" width=\"1\" height=\"1\" src=\"https:\/\/www.quartix.com\/content\/uploads\/2019\/08\/discover.svg\" class=\"\" alt=\"\" \/>  \r\n    <\/div>\r\n        <div class=\"seperator\"><\/div>\r\n    <div class=\"cardcontent\">\r\n        <h3>Entdecken<\/h3>        <p>Quartix \u00fcbernimmt die m\u00fchsame Arbeit der Datenanalyse und erstellt benutzerfreundliche Berichte. Finden Sie Ihre besten Fahrer heraus, verschaffen Sie sich einen \u00dcberblick \u00fcber Fahrleistungen und Kraftstoffkosten und machen Sie Schluss mit dem l\u00e4stigen Papierkram.<\/p>\n        \r\n    <\/div>\r\n<\/div>\r\n\r\n\r\n        \r\n\r\n<div class=\"cardcontainer\">\r\n            \r\n    <div class=\"cardimage\" style='height:150px;'>\r\n        <img loading=\"lazy\" decoding=\"async\" width=\"300\" height=\"300\" src=\"https:\/\/www.quartix.com\/content\/uploads\/2022\/02\/save-graphic-in-1.svg\" class=\"\" alt=\"\" \/>  \r\n    <\/div>\r\n        <div class=\"seperator\"><\/div>\r\n    <div class=\"cardcontent\">\r\n        <h3>Sparen<\/h3>        <p>Mit wertvollen Erkenntnissen hilft Ihnen Quartix dabei, Fahrrouten zu optimieren, den Fahrstil anzupassen und stundenlange m\u00fchsame Papierarbeit zu vermeiden. Probieren Sie unser System in einer Demo-Version aus und \u00fcberzeugen Sie sich selbst davon, wie einfach Quartix ist.<\/p>\n        \r\n    <\/div>\r\n<\/div>\r\n\r\n\r\n        <\/section>\r\n    \n\n    <div class=\"button-container centre\">\r\n<a href=\"\/de-de\/fahrzeugortung\/ortungsgeraet\/\" class=\"btn pagebuilder-btn btn-green btn-light\" title=\"Installationsoptionen anzeigen\" target=\"_blank\">Installationsoptionen anzeigen<\/a>\r\n<\/div>\r\n\n\n\n<div class=\"wp-block-columns is-layout-flex wp-container-core-columns-is-layout-28f84493 wp-block-columns-is-layout-flex\">\n<div class=\"wp-block-column is-layout-flow wp-block-column-is-layout-flow\">\n<h2 class=\"wp-block-heading\" id=\"a-telematics-system-built-on-fault-tolerance-and-active-redundancy\">Ein Telematiksystem, das eine 99,99% Systemverf\u00fcgbarkeit hat<\/h2>\n\n\n\n<p>Das Quartix-Fahrzeugortungssystem wurde von unseren in Gro\u00dfbritannien ans\u00e4ssigen Entwicklerteams entwickelt, vom Telematikterminal und der Firmware bis hin zu den Datenbanksystemen und Benutzeranwendungen. <\/p>\n\n\n\n<p>Entscheidend f\u00fcr die Zuverl\u00e4ssigkeit des Systems ist eine architektonische L\u00f6sung, die auf Fehlertoleranz und aktiver Ausfallsicherheit basiert \u2013 so k\u00f6nnen Sie sich darauf verlassen, dass Ihr Fahrzeugortungssystem zuverl\u00e4ssig funktioniert.<\/p>\n\n\n\n<p>Zu den wichtigsten Merkmalen des Systemdesigns geh\u00f6ren:<\/p>\n\n\n\n<ul class=\"wp-block-list\">\n<li>GPS-Fahrzeugortung mit der neuesten Generation von GPS-Chips <\/li>\n\n\n\n<li>Echtzeit-Mobilfunk sowie integrierte Fehlertoleranz und Datensicherung<\/li>\n\n\n\n<li>Doppelt redundante Fahrzeugortungsserver und Datenbanksysteme, die sich an unterschiedlichen physischen Standorten befinden<\/li>\n<\/ul>\n<\/div>\n\n\n\n<div class=\"wp-block-column is-layout-flow wp-block-column-is-layout-flow\">\n<figure class=\"wp-block-image size-full\"><img loading=\"lazy\" decoding=\"async\" width=\"1600\" height=\"900\" src=\"https:\/\/www.quartix.com\/content\/uploads\/2026\/04\/DE-How-it-works-1.png\" alt=\"Diagramm, das zeigt, wie Fahrzeuge GPS-Daten von einem Satelliten empfangen, \u00fcber 2G\/4G an einen Server \u00fcbertragen und die Ortungsinformationen auf Computern und mobilen Ger\u00e4ten angezeigt werden - ideal f\u00fcr die Erl\u00e4uterung von &quot;Wie funktioniert Telematik?&quot; im Flottenmanagement.\" class=\"wp-image-131111\" srcset=\"https:\/\/www.quartix.com\/content\/uploads\/2026\/04\/DE-How-it-works-1.png 1600w, https:\/\/www.quartix.com\/content\/uploads\/2026\/04\/DE-How-it-works-1-300x169.png 300w, https:\/\/www.quartix.com\/content\/uploads\/2026\/04\/DE-How-it-works-1-1000x563.png 1000w, https:\/\/www.quartix.com\/content\/uploads\/2026\/04\/DE-How-it-works-1-768x432.png 768w, https:\/\/www.quartix.com\/content\/uploads\/2026\/04\/DE-How-it-works-1-1536x864.png 1536w\" sizes=\"auto, (max-width: 1600px) 100vw, 1600px\" \/><\/figure>\n<\/div>\n<\/div>\n","protected":false},"excerpt":{"rendered":"<p>Ein Telematiksystem, das eine 99,99% Systemverf\u00fcgbarkeit hat Das Quartix-Fahrzeugortungssystem wurde von unseren in Gro\u00dfbritannien ans\u00e4ssigen Entwicklerteams entwickelt, vom Telematikterminal und der Firmware bis hin zu den Datenbanksystemen und Benutzeranwendungen. Entscheidend f\u00fcr die Zuverl\u00e4ssigkeit des Systems ist eine architektonische L\u00f6sung, die auf Fehlertoleranz und aktiver Ausfallsicherheit basiert \u2013 so k\u00f6nnen Sie sich darauf verlassen, dass Ihr [&hellip;]<\/p>\n","protected":false},"author":27,"featured_media":0,"parent":23117,"menu_order":70,"comment_status":"closed","ping_status":"closed","template":"","meta":{"_acf_changed":false,"inline_featured_image":false,"footnotes":""},"topic":[],"qtx_campaign":[],"class_list":["post-131093","page","type-page","status-publish","hentry"],"acf":[],"yoast_head":"<!-- This site is optimized with the Yoast SEO Premium plugin v27.3 (Yoast SEO v27.3) - https:\/\/yoast.com\/product\/yoast-seo-premium-wordpress\/ -->\n<title>Wie funktioniert ein Fahrzeug-Telematiksystem? - DE<\/title>\n<meta name=\"description\" content=\"M\u00f6chten Sie wissen, wie Telematik und Fahrzeugortung funktionieren? Lesen Sie unseren Leitfaden zu unserem Fahrzeugortungssystem \u2013 von der Installation bis zur Ortung.\" \/>\n<meta name=\"robots\" content=\"index, follow, max-snippet:-1, max-image-preview:large, max-video-preview:-1\" \/>\n<link rel=\"canonical\" href=\"https:\/\/www.quartix.com\/de-de\/lernen\/wie-es-funktioniert\/\" \/>\n<meta property=\"og:locale\" content=\"de_DE\" \/>\n<meta property=\"og:type\" content=\"article\" \/>\n<meta property=\"og:title\" content=\"Wie es funktioniert\" \/>\n<meta property=\"og:description\" content=\"M\u00f6chten Sie wissen, wie Telematik und Fahrzeugortung funktionieren? Lesen Sie unseren Leitfaden zu unserem Fahrzeugortungssystem \u2013 von der Installation bis zur Ortung.\" \/>\n<meta property=\"og:url\" content=\"https:\/\/www.quartix.com\/de-de\/lernen\/wie-es-funktioniert\/\" \/>\n<meta property=\"og:site_name\" content=\"Quartix\" \/>\n<meta property=\"article:publisher\" content=\"https:\/\/www.facebook.com\/Quartix-USA-374426386097401\/\" \/>\n<meta property=\"article:modified_time\" content=\"2026-04-17T09:31:24+00:00\" \/>\n<meta property=\"og:image\" content=\"https:\/\/www.quartix.com\/content\/uploads\/2026\/04\/DE-How-it-works-1.png\" \/>\n<meta name=\"twitter:card\" content=\"summary_large_image\" \/>\n<meta name=\"twitter:site\" content=\"@QuartixUSA\" \/>\n<meta name=\"twitter:label1\" content=\"Est. reading time\" \/>\n\t<meta name=\"twitter:data1\" content=\"2 minutes\" \/>\n<!-- \/ Yoast SEO Premium plugin. -->","yoast_head_json":{"title":"Wie funktioniert ein Fahrzeug-Telematiksystem? - DE","description":"M\u00f6chten Sie wissen, wie Telematik und Fahrzeugortung funktionieren? Lesen Sie unseren Leitfaden zu unserem Fahrzeugortungssystem \u2013 von der Installation bis zur Ortung.","robots":{"index":"index","follow":"follow","max-snippet":"max-snippet:-1","max-image-preview":"max-image-preview:large","max-video-preview":"max-video-preview:-1"},"canonical":"https:\/\/www.quartix.com\/de-de\/lernen\/wie-es-funktioniert\/","og_locale":"de_DE","og_type":"article","og_title":"Wie es funktioniert","og_description":"M\u00f6chten Sie wissen, wie Telematik und Fahrzeugortung funktionieren? Lesen Sie unseren Leitfaden zu unserem Fahrzeugortungssystem \u2013 von der Installation bis zur Ortung.","og_url":"https:\/\/www.quartix.com\/de-de\/lernen\/wie-es-funktioniert\/","og_site_name":"Quartix","article_publisher":"https:\/\/www.facebook.com\/Quartix-USA-374426386097401\/","article_modified_time":"2026-04-17T09:31:24+00:00","og_image":[{"url":"https:\/\/www.quartix.com\/content\/uploads\/2026\/04\/DE-How-it-works-1.png","type":"","width":"","height":""}],"twitter_card":"summary_large_image","twitter_site":"@QuartixUSA","twitter_misc":{"Est. reading time":"2 minutes"},"schema":{"@context":"https:\/\/schema.org","@graph":[{"@type":"WebPage","@id":"https:\/\/www.quartix.com\/de-de\/lernen\/wie-es-funktioniert\/","url":"https:\/\/www.quartix.com\/de-de\/lernen\/wie-es-funktioniert\/","name":"Wie funktioniert ein Fahrzeug-Telematiksystem?","isPartOf":{"@id":"https:\/\/www.quartix.com\/de-de\/#website"},"primaryImageOfPage":{"@id":"https:\/\/www.quartix.com\/de-de\/lernen\/wie-es-funktioniert\/#primaryimage"},"image":{"@id":"https:\/\/www.quartix.com\/de-de\/lernen\/wie-es-funktioniert\/#primaryimage"},"thumbnailUrl":"https:\/\/www.quartix.com\/content\/uploads\/2026\/04\/DE-How-it-works-1.png","datePublished":"2026-04-16T16:02:56+00:00","dateModified":"2026-04-17T09:31:24+00:00","description":"M\u00f6chten Sie wissen, wie Telematik und Fahrzeugortung funktionieren? Lesen Sie unseren Leitfaden zu unserem Fahrzeugortungssystem \u2013 von der Installation bis zur Ortung.","breadcrumb":{"@id":"https:\/\/www.quartix.com\/de-de\/lernen\/wie-es-funktioniert\/#breadcrumb"},"inLanguage":"de-DE","potentialAction":[{"@type":"ReadAction","target":["https:\/\/www.quartix.com\/de-de\/lernen\/wie-es-funktioniert\/"]}]},{"@type":"ImageObject","inLanguage":"de-DE","@id":"https:\/\/www.quartix.com\/de-de\/lernen\/wie-es-funktioniert\/#primaryimage","url":"https:\/\/www.quartix.com\/content\/uploads\/2026\/04\/DE-How-it-works-1.png","contentUrl":"https:\/\/www.quartix.com\/content\/uploads\/2026\/04\/DE-How-it-works-1.png"},{"@type":"BreadcrumbList","@id":"https:\/\/www.quartix.com\/de-de\/lernen\/wie-es-funktioniert\/#breadcrumb","itemListElement":[{"@type":"ListItem","position":1,"name":"Startseite","item":"https:\/\/www.quartix.com\/de-de\/"},{"@type":"ListItem","position":2,"name":"Lernen","item":"https:\/\/www.quartix.com\/de-de\/lernen\/"},{"@type":"ListItem","position":3,"name":"Wie es funktioniert"}]},{"@type":"WebSite","@id":"https:\/\/www.quartix.com\/de-de\/#website","url":"https:\/\/www.quartix.com\/de-de\/","name":"Quartix","description":"Real-time vehicle tracking","publisher":{"@id":"https:\/\/www.quartix.com\/de-de\/#organization"},"potentialAction":[{"@type":"SearchAction","target":{"@type":"EntryPoint","urlTemplate":"https:\/\/www.quartix.com\/de-de\/?s={search_term_string}"},"query-input":{"@type":"PropertyValueSpecification","valueRequired":true,"valueName":"search_term_string"}}],"inLanguage":"de-DE"},{"@type":"Organization","@id":"https:\/\/www.quartix.com\/de-de\/#organization","name":"Quartix","url":"https:\/\/www.quartix.com\/de-de\/","logo":{"@type":"ImageObject","inLanguage":"de-DE","@id":"https:\/\/www.quartix.com\/de-de\/#\/schema\/logo\/image\/","url":"https:\/\/www.quartix.com\/content\/uploads\/2019\/02\/quartix-logo-eur.svg","contentUrl":"https:\/\/www.quartix.com\/content\/uploads\/2019\/02\/quartix-logo-eur.svg","width":1,"height":1,"caption":"Quartix"},"image":{"@id":"https:\/\/www.quartix.com\/de-de\/#\/schema\/logo\/image\/"},"sameAs":["https:\/\/www.facebook.com\/Quartix-USA-374426386097401\/","https:\/\/x.com\/QuartixUSA","https:\/\/www.linkedin.com\/company\/5346733\/","https:\/\/www.youtube.com\/channel\/UCzS-_GMfHF4kWiCheyIRrAQ"]}]}},"_links":{"self":[{"href":"https:\/\/www.quartix.com\/de-de\/wp-json\/wp\/v2\/pages\/131093","targetHints":{"allow":["GET"]}}],"collection":[{"href":"https:\/\/www.quartix.com\/de-de\/wp-json\/wp\/v2\/pages"}],"about":[{"href":"https:\/\/www.quartix.com\/de-de\/wp-json\/wp\/v2\/types\/page"}],"author":[{"embeddable":true,"href":"https:\/\/www.quartix.com\/de-de\/wp-json\/wp\/v2\/users\/27"}],"replies":[{"embeddable":true,"href":"https:\/\/www.quartix.com\/de-de\/wp-json\/wp\/v2\/comments?post=131093"}],"version-history":[{"count":7,"href":"https:\/\/www.quartix.com\/de-de\/wp-json\/wp\/v2\/pages\/131093\/revisions"}],"predecessor-version":[{"id":131205,"href":"https:\/\/www.quartix.com\/de-de\/wp-json\/wp\/v2\/pages\/131093\/revisions\/131205"}],"up":[{"embeddable":true,"href":"https:\/\/www.quartix.com\/de-de\/wp-json\/wp\/v2\/pages\/23117"}],"wp:attachment":[{"href":"https:\/\/www.quartix.com\/de-de\/wp-json\/wp\/v2\/media?parent=131093"}],"wp:term":[{"taxonomy":"topic","embeddable":true,"href":"https:\/\/www.quartix.com\/de-de\/wp-json\/wp\/v2\/topic?post=131093"},{"taxonomy":"qtx_campaign","embeddable":true,"href":"https:\/\/www.quartix.com\/de-de\/wp-json\/wp\/v2\/qtx_campaign?post=131093"}],"curies":[{"name":"wp","href":"https:\/\/api.w.org\/{rel}","templated":true}]}}