{"id":22538,"date":"2019-05-15T20:55:12","date_gmt":"2019-05-15T20:55:12","guid":{"rendered":" https:\/\/www.quartix.com\/dankeschon-kontaktieren-sie-uns\/"},"modified":"2022-10-14T12:28:23","modified_gmt":"2022-10-14T11:28:23","slug":"dankeschon-kontaktieren-sie-uns","status":"publish","type":"page","link":"https:\/\/www.quartix.com\/de-de\/dankeschon-kontaktieren-sie-uns\/","title":{"rendered":"Dankesch\u00f6n &#8211; Kontaktieren Sie uns"},"content":{"rendered":"\n<h2 class=\"has-text-align-center wp-block-heading\">Vielen Dank f\u00fcr Ihre Anfrage, wir werden Sie innerhalb eines Arbeitstages benachrichtigen.<\/h2>\n\n\n\n<p class=\"has-text-align-center\">Sie k\u00f6nnen uns auch gern \u00fcber E-Mail unter <a href=\"mailto:anfragen@quartix.de\">anfragen@quartix.de<\/a> oder telefonisch unter <a href=\"tel:0800 1830516\">0800 1830516 <\/a>erreichen und fragen Sie einfach nach einem unserer Mitarbeiter des Verkaufsteams.<\/p>\n\n\n\r\n<div  class=\"qtx-pagebuilder-section qtx-pagebuilder-section-thankyouicons tiles\">\r\n\t\t\t<div class=\"tile\">\r\n\t\t\t<div class=\"icon\"><img decoding=\"async\" src=\"https:\/\/www.quartix.com\/content\/uploads\/2021\/06\/save-euro.svg\" title=\"SICHERN\"\/><\/div>\r\n\t\t\t<div class=\"title\"><h3>SICHERN<\/h3><\/div>\r\n\t\t\t<div class=\"text\"><p>Sparen Sie bei Kraftstoff und Fahrzeugwartung<\/p><\/div>\r\n\t\t<\/div>\r\n\t\t\t\t<div class=\"tile\">\r\n\t\t\t<div class=\"icon\"><img decoding=\"async\" src=\"https:\/\/www.quartix.com\/content\/uploads\/2020\/06\/protection_shield-300x300.png\" title=\"SCH\u00dcTZEN\"\/><\/div>\r\n\t\t\t<div class=\"title\"><h3>SCH\u00dcTZEN<\/h3><\/div>\r\n\t\t\t<div class=\"text\"><p>Sch\u00fctzen Sie Ihre Mitarbeiter und den Ruf Ihres Unternehmens<\/p><\/div>\r\n\t\t<\/div>\r\n\t\t\t\t<div class=\"tile\">\r\n\t\t\t<div class=\"icon\"><img decoding=\"async\" src=\"https:\/\/www.quartix.com\/content\/uploads\/2020\/06\/graph-image-300x300.png\" title=\"WACHSEN\"\/><\/div>\r\n\t\t\t<div class=\"title\"><h3>WACHSEN<\/h3><\/div>\r\n\t\t\t<div class=\"text\"><p>Steigern Sie die Produktivit\u00e4t und wachsen Sie mit Ihrem Unternehmen<\/p><\/div>\r\n\t\t<\/div>\r\n\t<\/div>","protected":false},"excerpt":{"rendered":"<p>Vielen Dank f\u00fcr Ihre Anfrage, wir werden Sie innerhalb eines Arbeitstages benachrichtigen. Sie k\u00f6nnen uns auch gern \u00fcber E-Mail unter anfragen@quartix.de oder telefonisch unter 0800 1830516 erreichen und fragen Sie einfach nach einem unserer Mitarbeiter des Verkaufsteams.<\/p>\n","protected":false},"author":12,"featured_media":0,"parent":0,"menu_order":8800,"comment_status":"closed","ping_status":"closed","template":"","meta":{"_acf_changed":false,"inline_featured_image":false,"footnotes":""},"topic":[],"qtx_campaign":[],"class_list":["post-22538","page","type-page","status-publish","hentry"],"acf":[],"yoast_head":"<!-- This site is optimized with the Yoast SEO Premium plugin v27.3 (Yoast SEO v27.3) - https:\/\/yoast.com\/product\/yoast-seo-premium-wordpress\/ -->\n<title>Dankesch\u00f6n - Kontaktieren Sie uns - DE<\/title>\n<meta name=\"robots\" content=\"noindex, nofollow\" \/>\n<meta property=\"og:locale\" content=\"de_DE\" \/>\n<meta property=\"og:type\" content=\"article\" \/>\n<meta property=\"og:title\" content=\"Dankesch\u00f6n - Kontaktieren Sie uns\" \/>\n<meta property=\"og:description\" content=\"Vielen Dank f\u00fcr Ihre Anfrage, wir werden Sie innerhalb eines Arbeitstages benachrichtigen. Sie k\u00f6nnen uns auch gern \u00fcber E-Mail unter anfragen@quartix.de oder telefonisch unter 0800 1830516 erreichen und fragen Sie einfach nach einem unserer Mitarbeiter des Verkaufsteams.\" \/>\n<meta property=\"og:url\" content=\"https:\/\/www.quartix.com\/de-de\/dankeschon-kontaktieren-sie-uns\/\" \/>\n<meta property=\"og:site_name\" content=\"Quartix\" \/>\n<meta property=\"article:publisher\" content=\"https:\/\/www.facebook.com\/Quartix-USA-374426386097401\/\" \/>\n<meta property=\"article:modified_time\" content=\"2022-10-14T11:28:23+00:00\" \/>\n<meta name=\"twitter:card\" content=\"summary_large_image\" \/>\n<meta name=\"twitter:site\" content=\"@QuartixUSA\" \/>\n<meta name=\"twitter:label1\" content=\"Est. reading time\" \/>\n\t<meta name=\"twitter:data1\" content=\"1 minute\" \/>\n<!-- \/ Yoast SEO Premium plugin. -->","yoast_head_json":{"title":"Dankesch\u00f6n - Kontaktieren Sie uns - DE","robots":{"index":"noindex","follow":"nofollow"},"og_locale":"de_DE","og_type":"article","og_title":"Dankesch\u00f6n - Kontaktieren Sie uns","og_description":"Vielen Dank f\u00fcr Ihre Anfrage, wir werden Sie innerhalb eines Arbeitstages benachrichtigen. Sie k\u00f6nnen uns auch gern \u00fcber E-Mail unter anfragen@quartix.de oder telefonisch unter 0800 1830516 erreichen und fragen Sie einfach nach einem unserer Mitarbeiter des Verkaufsteams.","og_url":"https:\/\/www.quartix.com\/de-de\/dankeschon-kontaktieren-sie-uns\/","og_site_name":"Quartix","article_publisher":"https:\/\/www.facebook.com\/Quartix-USA-374426386097401\/","article_modified_time":"2022-10-14T11:28:23+00:00","twitter_card":"summary_large_image","twitter_site":"@QuartixUSA","twitter_misc":{"Est. reading time":"1 minute"},"schema":{"@context":"https:\/\/schema.org","@graph":[{"@type":"WebPage","@id":"https:\/\/www.quartix.com\/de-de\/dankeschon-kontaktieren-sie-uns\/","url":"https:\/\/www.quartix.com\/de-de\/dankeschon-kontaktieren-sie-uns\/","name":"Dankesch\u00f6n - Kontaktieren Sie uns","isPartOf":{"@id":"https:\/\/www.quartix.com\/de-de\/#website"},"datePublished":"2019-05-15T20:55:12+00:00","dateModified":"2022-10-14T11:28:23+00:00","breadcrumb":{"@id":"https:\/\/www.quartix.com\/de-de\/dankeschon-kontaktieren-sie-uns\/#breadcrumb"},"inLanguage":"de-DE","potentialAction":[{"@type":"ReadAction","target":["https:\/\/www.quartix.com\/de-de\/dankeschon-kontaktieren-sie-uns\/"]}]},{"@type":"BreadcrumbList","@id":"https:\/\/www.quartix.com\/de-de\/dankeschon-kontaktieren-sie-uns\/#breadcrumb","itemListElement":[{"@type":"ListItem","position":1,"name":"Startseite","item":"https:\/\/www.quartix.com\/de-de\/die-nr-1-fahrzeugortungsloesung-fuer-flotten-jeder-groesse\/"},{"@type":"ListItem","position":2,"name":"Dankesch\u00f6n &#8211; Kontaktieren Sie uns"}]},{"@type":"WebSite","@id":"https:\/\/www.quartix.com\/de-de\/#website","url":"https:\/\/www.quartix.com\/de-de\/","name":"Quartix","description":"Real-time vehicle tracking","publisher":{"@id":"https:\/\/www.quartix.com\/de-de\/#organization"},"potentialAction":[{"@type":"SearchAction","target":{"@type":"EntryPoint","urlTemplate":"https:\/\/www.quartix.com\/de-de\/?s={search_term_string}"},"query-input":{"@type":"PropertyValueSpecification","valueRequired":true,"valueName":"search_term_string"}}],"inLanguage":"de-DE"},{"@type":"Organization","@id":"https:\/\/www.quartix.com\/de-de\/#organization","name":"Quartix","url":"https:\/\/www.quartix.com\/de-de\/","logo":{"@type":"ImageObject","inLanguage":"de-DE","@id":"https:\/\/www.quartix.com\/de-de\/#\/schema\/logo\/image\/","url":"https:\/\/www.quartix.com\/content\/uploads\/2019\/02\/quartix-logo-eur.svg","contentUrl":"https:\/\/www.quartix.com\/content\/uploads\/2019\/02\/quartix-logo-eur.svg","width":1,"height":1,"caption":"Quartix"},"image":{"@id":"https:\/\/www.quartix.com\/de-de\/#\/schema\/logo\/image\/"},"sameAs":["https:\/\/www.facebook.com\/Quartix-USA-374426386097401\/","https:\/\/x.com\/QuartixUSA","https:\/\/www.linkedin.com\/company\/5346733\/","https:\/\/www.youtube.com\/channel\/UCzS-_GMfHF4kWiCheyIRrAQ"]}]}},"_links":{"self":[{"href":"https:\/\/www.quartix.com\/de-de\/wp-json\/wp\/v2\/pages\/22538","targetHints":{"allow":["GET"]}}],"collection":[{"href":"https:\/\/www.quartix.com\/de-de\/wp-json\/wp\/v2\/pages"}],"about":[{"href":"https:\/\/www.quartix.com\/de-de\/wp-json\/wp\/v2\/types\/page"}],"author":[{"embeddable":true,"href":"https:\/\/www.quartix.com\/de-de\/wp-json\/wp\/v2\/users\/12"}],"replies":[{"embeddable":true,"href":"https:\/\/www.quartix.com\/de-de\/wp-json\/wp\/v2\/comments?post=22538"}],"version-history":[{"count":0,"href":"https:\/\/www.quartix.com\/de-de\/wp-json\/wp\/v2\/pages\/22538\/revisions"}],"wp:attachment":[{"href":"https:\/\/www.quartix.com\/de-de\/wp-json\/wp\/v2\/media?parent=22538"}],"wp:term":[{"taxonomy":"topic","embeddable":true,"href":"https:\/\/www.quartix.com\/de-de\/wp-json\/wp\/v2\/topic?post=22538"},{"taxonomy":"qtx_campaign","embeddable":true,"href":"https:\/\/www.quartix.com\/de-de\/wp-json\/wp\/v2\/qtx_campaign?post=22538"}],"curies":[{"name":"wp","href":"https:\/\/api.w.org\/{rel}","templated":true}]}}