{"id":22553,"date":"2019-05-16T21:30:19","date_gmt":"2019-05-16T21:30:19","guid":{"rendered":" https:\/\/www.quartix.com\/dankeschon-demo-anfordern\/"},"modified":"2022-10-14T12:30:22","modified_gmt":"2022-10-14T11:30:22","slug":"dankeschon-demo-anfordern","status":"publish","type":"page","link":"https:\/\/www.quartix.com\/de-de\/dankeschon-demo-anfordern\/","title":{"rendered":"Dankesch\u00f6n &#8211; Vorf\u00fchrung anfordern"},"content":{"rendered":"\n<h2 class=\"has-text-align-center wp-block-heading\">Ein Mitarbeiter unseres Verkaufsteams wird Sie in K\u00fcrze kontaktieren, um einen Vorf\u00fchrungstermin zu vereinbaren.<\/h2>\n\n\n\n<p class=\"has-text-align-center\">In der Zwischenzeit finden Sie hier einige n\u00fctzliche Links, die Ihnen dabei helfen, Quartix optimal zu nutzen:<\/p>\n\n\n\n<p class=\"has-text-align-center\"><a href=\" https:\/\/www.quartix.com\/de-de\/lernen\/fallstudien\/\" target=\"_blank\" rel=\"noopener\">Quartix Kundengeschichten<\/a><\/p>\n\n\n\n<p class=\"has-text-align-center\"><a tabindex=\"-1\" data-sessionlink=\"feature=player-title\" href=\"\/de-de\/video-produktdemonstration\/\" target=\"_blank\" rel=\"noopener\">Quartix Schnelle Vorf\u00fchrung<\/a><\/p>\n\n\n\r\n<div  class=\"qtx-pagebuilder-section qtx-pagebuilder-section-thankyouicons tiles\">\r\n\t\t\t<div class=\"tile\">\r\n\t\t\t<div class=\"icon\"><img decoding=\"async\" src=\"https:\/\/www.quartix.com\/content\/uploads\/2021\/06\/save-euro.svg\" title=\"SICHERN\"\/><\/div>\r\n\t\t\t<div class=\"title\"><h3>SICHERN<\/h3><\/div>\r\n\t\t\t<div class=\"text\"><p>Sparen Sie bei Kraftstoff und Fahrzeugwartung<\/p><\/div>\r\n\t\t<\/div>\r\n\t\t\t\t<div class=\"tile\">\r\n\t\t\t<div class=\"icon\"><img decoding=\"async\" src=\"https:\/\/www.quartix.com\/content\/uploads\/2020\/06\/protection_shield-300x300.png\" title=\"SCH\u00dcTZEN\"\/><\/div>\r\n\t\t\t<div class=\"title\"><h3>SCH\u00dcTZEN<\/h3><\/div>\r\n\t\t\t<div class=\"text\"><p>Sch\u00fctzen Sie Ihre Mitarbeiter und den Ruf Ihres Unternehmens<\/p><\/div>\r\n\t\t<\/div>\r\n\t\t\t\t<div class=\"tile\">\r\n\t\t\t<div class=\"icon\"><img decoding=\"async\" src=\"https:\/\/www.quartix.com\/content\/uploads\/2020\/06\/graph-image-300x300.png\" title=\"WACHSEN\"\/><\/div>\r\n\t\t\t<div class=\"title\"><h3>WACHSEN<\/h3><\/div>\r\n\t\t\t<div class=\"text\"><p>Steigern Sie die Produktivit\u00e4t und wachsen Sie mit Ihrem Unternehmen<\/p><\/div>\r\n\t\t<\/div>\r\n\t<\/div>","protected":false},"excerpt":{"rendered":"<p>Ein Mitarbeiter unseres Verkaufsteams wird Sie in K\u00fcrze kontaktieren, um einen Vorf\u00fchrungstermin zu vereinbaren. In der Zwischenzeit finden Sie hier einige n\u00fctzliche Links, die Ihnen dabei helfen, Quartix optimal zu nutzen: Quartix Kundengeschichten Quartix Schnelle Vorf\u00fchrung<\/p>\n","protected":false},"author":12,"featured_media":0,"parent":0,"menu_order":8805,"comment_status":"closed","ping_status":"closed","template":"","meta":{"_acf_changed":false,"inline_featured_image":false,"footnotes":""},"topic":[],"qtx_campaign":[],"class_list":["post-22553","page","type-page","status-publish","hentry"],"acf":[],"yoast_head":"<!-- This site is optimized with the Yoast SEO Premium plugin v27.3 (Yoast SEO v27.3) - https:\/\/yoast.com\/product\/yoast-seo-premium-wordpress\/ -->\n<title>Dankesch\u00f6n - Vorf\u00fchrung anfordern - DE<\/title>\n<meta name=\"robots\" content=\"noindex, nofollow\" \/>\n<meta property=\"og:locale\" content=\"de_DE\" \/>\n<meta property=\"og:type\" content=\"article\" \/>\n<meta property=\"og:title\" content=\"Dankesch\u00f6n - Vorf\u00fchrung anfordern\" \/>\n<meta property=\"og:description\" content=\"Ein Mitarbeiter unseres Verkaufsteams wird Sie in K\u00fcrze kontaktieren, um einen Vorf\u00fchrungstermin zu vereinbaren. In der Zwischenzeit finden Sie hier einige n\u00fctzliche Links, die Ihnen dabei helfen, Quartix optimal zu nutzen: Quartix Kundengeschichten Quartix Schnelle Vorf\u00fchrung\" \/>\n<meta property=\"og:url\" content=\"https:\/\/www.quartix.com\/de-de\/dankeschon-demo-anfordern\/\" \/>\n<meta property=\"og:site_name\" content=\"Quartix\" \/>\n<meta property=\"article:publisher\" content=\"https:\/\/www.facebook.com\/Quartix-USA-374426386097401\/\" \/>\n<meta property=\"article:modified_time\" content=\"2022-10-14T11:30:22+00:00\" \/>\n<meta name=\"twitter:card\" content=\"summary_large_image\" \/>\n<meta name=\"twitter:site\" content=\"@QuartixUSA\" \/>\n<meta name=\"twitter:label1\" content=\"Est. reading time\" \/>\n\t<meta name=\"twitter:data1\" content=\"1 minute\" \/>\n<!-- \/ Yoast SEO Premium plugin. -->","yoast_head_json":{"title":"Dankesch\u00f6n - Vorf\u00fchrung anfordern - DE","robots":{"index":"noindex","follow":"nofollow"},"og_locale":"de_DE","og_type":"article","og_title":"Dankesch\u00f6n - Vorf\u00fchrung anfordern","og_description":"Ein Mitarbeiter unseres Verkaufsteams wird Sie in K\u00fcrze kontaktieren, um einen Vorf\u00fchrungstermin zu vereinbaren. In der Zwischenzeit finden Sie hier einige n\u00fctzliche Links, die Ihnen dabei helfen, Quartix optimal zu nutzen: Quartix Kundengeschichten Quartix Schnelle Vorf\u00fchrung","og_url":"https:\/\/www.quartix.com\/de-de\/dankeschon-demo-anfordern\/","og_site_name":"Quartix","article_publisher":"https:\/\/www.facebook.com\/Quartix-USA-374426386097401\/","article_modified_time":"2022-10-14T11:30:22+00:00","twitter_card":"summary_large_image","twitter_site":"@QuartixUSA","twitter_misc":{"Est. reading time":"1 minute"},"schema":{"@context":"https:\/\/schema.org","@graph":[{"@type":"WebPage","@id":"https:\/\/www.quartix.com\/de-de\/dankeschon-demo-anfordern\/","url":"https:\/\/www.quartix.com\/de-de\/dankeschon-demo-anfordern\/","name":"Dankesch\u00f6n - Vorf\u00fchrung anfordern","isPartOf":{"@id":"https:\/\/www.quartix.com\/de-de\/#website"},"datePublished":"2019-05-16T21:30:19+00:00","dateModified":"2022-10-14T11:30:22+00:00","breadcrumb":{"@id":"https:\/\/www.quartix.com\/de-de\/dankeschon-demo-anfordern\/#breadcrumb"},"inLanguage":"de-DE","potentialAction":[{"@type":"ReadAction","target":["https:\/\/www.quartix.com\/de-de\/dankeschon-demo-anfordern\/"]}]},{"@type":"BreadcrumbList","@id":"https:\/\/www.quartix.com\/de-de\/dankeschon-demo-anfordern\/#breadcrumb","itemListElement":[{"@type":"ListItem","position":1,"name":"Startseite","item":"https:\/\/www.quartix.com\/de-de\/die-nr-1-fahrzeugortungsloesung-fuer-flotten-jeder-groesse\/"},{"@type":"ListItem","position":2,"name":"Dankesch\u00f6n &#8211; Vorf\u00fchrung anfordern"}]},{"@type":"WebSite","@id":"https:\/\/www.quartix.com\/de-de\/#website","url":"https:\/\/www.quartix.com\/de-de\/","name":"Quartix","description":"Real-time vehicle tracking","publisher":{"@id":"https:\/\/www.quartix.com\/de-de\/#organization"},"potentialAction":[{"@type":"SearchAction","target":{"@type":"EntryPoint","urlTemplate":"https:\/\/www.quartix.com\/de-de\/?s={search_term_string}"},"query-input":{"@type":"PropertyValueSpecification","valueRequired":true,"valueName":"search_term_string"}}],"inLanguage":"de-DE"},{"@type":"Organization","@id":"https:\/\/www.quartix.com\/de-de\/#organization","name":"Quartix","url":"https:\/\/www.quartix.com\/de-de\/","logo":{"@type":"ImageObject","inLanguage":"de-DE","@id":"https:\/\/www.quartix.com\/de-de\/#\/schema\/logo\/image\/","url":"https:\/\/www.quartix.com\/content\/uploads\/2019\/02\/quartix-logo-eur.svg","contentUrl":"https:\/\/www.quartix.com\/content\/uploads\/2019\/02\/quartix-logo-eur.svg","width":1,"height":1,"caption":"Quartix"},"image":{"@id":"https:\/\/www.quartix.com\/de-de\/#\/schema\/logo\/image\/"},"sameAs":["https:\/\/www.facebook.com\/Quartix-USA-374426386097401\/","https:\/\/x.com\/QuartixUSA","https:\/\/www.linkedin.com\/company\/5346733\/","https:\/\/www.youtube.com\/channel\/UCzS-_GMfHF4kWiCheyIRrAQ"]}]}},"_links":{"self":[{"href":"https:\/\/www.quartix.com\/de-de\/wp-json\/wp\/v2\/pages\/22553","targetHints":{"allow":["GET"]}}],"collection":[{"href":"https:\/\/www.quartix.com\/de-de\/wp-json\/wp\/v2\/pages"}],"about":[{"href":"https:\/\/www.quartix.com\/de-de\/wp-json\/wp\/v2\/types\/page"}],"author":[{"embeddable":true,"href":"https:\/\/www.quartix.com\/de-de\/wp-json\/wp\/v2\/users\/12"}],"replies":[{"embeddable":true,"href":"https:\/\/www.quartix.com\/de-de\/wp-json\/wp\/v2\/comments?post=22553"}],"version-history":[{"count":0,"href":"https:\/\/www.quartix.com\/de-de\/wp-json\/wp\/v2\/pages\/22553\/revisions"}],"wp:attachment":[{"href":"https:\/\/www.quartix.com\/de-de\/wp-json\/wp\/v2\/media?parent=22553"}],"wp:term":[{"taxonomy":"topic","embeddable":true,"href":"https:\/\/www.quartix.com\/de-de\/wp-json\/wp\/v2\/topic?post=22553"},{"taxonomy":"qtx_campaign","embeddable":true,"href":"https:\/\/www.quartix.com\/de-de\/wp-json\/wp\/v2\/qtx_campaign?post=22553"}],"curies":[{"name":"wp","href":"https:\/\/api.w.org\/{rel}","templated":true}]}}