{"id":22620,"date":"2019-05-20T05:56:22","date_gmt":"2019-05-20T05:56:22","guid":{"rendered":"https:\/\/www.quartix.com\/angebotserfolg\/"},"modified":"2025-10-13T15:51:39","modified_gmt":"2025-10-13T14:51:39","slug":"angebotserfolg","status":"publish","type":"page","link":"https:\/\/www.quartix.com\/de-de\/angebotserfolg\/","title":{"rendered":"Angebotserfolg"},"content":{"rendered":"\n<h2 class=\"wp-block-heading has-text-align-center\" id=\"h-vielen-dank-fur-ihre-anfrage-wir-werden-uns-so-schnell-wie-moglich-bei-ihnen-melden\">Vielen Dank f\u00fcr Ihre Anfrage. Wir werden uns so schnell wie m\u00f6glich bei Ihnen melden.<\/h2>\n\n\n\n<p class=\"has-text-align-center\">Sie k\u00f6nnen uns auch gern \u00fcber E-Mail unter <a href=\"mailto:anfragen@quartix.de\">anfragen@quartix.de<\/a>\u00a0oder telefonisch unter <a href=\"tel:0800 1833691\">0800 1833691<\/a> kontaktieren und fragen Sie einfach nach einem unserer Mitarbeiter des Verkaufsteams.<\/p>\n","protected":false},"excerpt":{"rendered":"<p>Vielen Dank f\u00fcr Ihre Anfrage. Wir werden uns so schnell wie m\u00f6glich bei Ihnen melden. Sie k\u00f6nnen uns auch gern \u00fcber E-Mail unter anfragen@quartix.de\u00a0oder telefonisch unter 0800 1833691 kontaktieren und fragen Sie einfach nach einem unserer Mitarbeiter des Verkaufsteams.<\/p>\n","protected":false},"author":6,"featured_media":0,"parent":0,"menu_order":8815,"comment_status":"closed","ping_status":"closed","template":"","meta":{"_acf_changed":false,"inline_featured_image":false,"footnotes":""},"topic":[],"qtx_campaign":[],"class_list":["post-22620","page","type-page","status-publish","hentry"],"acf":[],"yoast_head":"<!-- This site is optimized with the Yoast SEO Premium plugin v27.3 (Yoast SEO v27.3) - https:\/\/yoast.com\/product\/yoast-seo-premium-wordpress\/ -->\n<title>Angebotserfolg - DE<\/title>\n<meta name=\"robots\" content=\"noindex, nofollow\" \/>\n<meta property=\"og:locale\" content=\"de_DE\" \/>\n<meta property=\"og:type\" content=\"article\" \/>\n<meta property=\"og:title\" content=\"Angebotserfolg\" \/>\n<meta property=\"og:description\" content=\"Vielen Dank f\u00fcr Ihre Anfrage. Wir werden uns so schnell wie m\u00f6glich bei Ihnen melden. Sie k\u00f6nnen uns auch gern \u00fcber E-Mail unter anfragen@quartix.de\u00a0oder telefonisch unter 0800 1833691 kontaktieren und fragen Sie einfach nach einem unserer Mitarbeiter des Verkaufsteams.\" \/>\n<meta property=\"og:url\" content=\"https:\/\/www.quartix.com\/de-de\/angebotserfolg\/\" \/>\n<meta property=\"og:site_name\" content=\"Quartix\" \/>\n<meta property=\"article:publisher\" content=\"https:\/\/www.facebook.com\/Quartix-USA-374426386097401\/\" \/>\n<meta property=\"article:modified_time\" content=\"2025-10-13T14:51:39+00:00\" \/>\n<meta name=\"twitter:card\" content=\"summary_large_image\" \/>\n<meta name=\"twitter:site\" content=\"@QuartixUSA\" \/>\n<meta name=\"twitter:label1\" content=\"Est. reading time\" \/>\n\t<meta name=\"twitter:data1\" content=\"1 minute\" \/>\n<!-- \/ Yoast SEO Premium plugin. -->","yoast_head_json":{"title":"Angebotserfolg - DE","robots":{"index":"noindex","follow":"nofollow"},"og_locale":"de_DE","og_type":"article","og_title":"Angebotserfolg","og_description":"Vielen Dank f\u00fcr Ihre Anfrage. Wir werden uns so schnell wie m\u00f6glich bei Ihnen melden. Sie k\u00f6nnen uns auch gern \u00fcber E-Mail unter anfragen@quartix.de\u00a0oder telefonisch unter 0800 1833691 kontaktieren und fragen Sie einfach nach einem unserer Mitarbeiter des Verkaufsteams.","og_url":"https:\/\/www.quartix.com\/de-de\/angebotserfolg\/","og_site_name":"Quartix","article_publisher":"https:\/\/www.facebook.com\/Quartix-USA-374426386097401\/","article_modified_time":"2025-10-13T14:51:39+00:00","twitter_card":"summary_large_image","twitter_site":"@QuartixUSA","twitter_misc":{"Est. reading time":"1 minute"},"schema":{"@context":"https:\/\/schema.org","@graph":[{"@type":"WebPage","@id":"https:\/\/www.quartix.com\/de-de\/angebotserfolg\/","url":"https:\/\/www.quartix.com\/de-de\/angebotserfolg\/","name":"Angebotserfolg","isPartOf":{"@id":"https:\/\/www.quartix.com\/de-de\/#website"},"datePublished":"2019-05-20T05:56:22+00:00","dateModified":"2025-10-13T14:51:39+00:00","breadcrumb":{"@id":"https:\/\/www.quartix.com\/de-de\/angebotserfolg\/#breadcrumb"},"inLanguage":"de-DE","potentialAction":[{"@type":"ReadAction","target":["https:\/\/www.quartix.com\/de-de\/angebotserfolg\/"]}]},{"@type":"BreadcrumbList","@id":"https:\/\/www.quartix.com\/de-de\/angebotserfolg\/#breadcrumb","itemListElement":[{"@type":"ListItem","position":1,"name":"Startseite","item":"https:\/\/www.quartix.com\/de-de\/die-nr-1-fahrzeugortungsloesung-fuer-flotten-jeder-groesse\/"},{"@type":"ListItem","position":2,"name":"Angebotserfolg"}]},{"@type":"WebSite","@id":"https:\/\/www.quartix.com\/de-de\/#website","url":"https:\/\/www.quartix.com\/de-de\/","name":"Quartix","description":"Real-time vehicle tracking","publisher":{"@id":"https:\/\/www.quartix.com\/de-de\/#organization"},"potentialAction":[{"@type":"SearchAction","target":{"@type":"EntryPoint","urlTemplate":"https:\/\/www.quartix.com\/de-de\/?s={search_term_string}"},"query-input":{"@type":"PropertyValueSpecification","valueRequired":true,"valueName":"search_term_string"}}],"inLanguage":"de-DE"},{"@type":"Organization","@id":"https:\/\/www.quartix.com\/de-de\/#organization","name":"Quartix","url":"https:\/\/www.quartix.com\/de-de\/","logo":{"@type":"ImageObject","inLanguage":"de-DE","@id":"https:\/\/www.quartix.com\/de-de\/#\/schema\/logo\/image\/","url":"https:\/\/www.quartix.com\/content\/uploads\/2019\/02\/quartix-logo-eur.svg","contentUrl":"https:\/\/www.quartix.com\/content\/uploads\/2019\/02\/quartix-logo-eur.svg","width":1,"height":1,"caption":"Quartix"},"image":{"@id":"https:\/\/www.quartix.com\/de-de\/#\/schema\/logo\/image\/"},"sameAs":["https:\/\/www.facebook.com\/Quartix-USA-374426386097401\/","https:\/\/x.com\/QuartixUSA","https:\/\/www.linkedin.com\/company\/5346733\/","https:\/\/www.youtube.com\/channel\/UCzS-_GMfHF4kWiCheyIRrAQ"]}]}},"_links":{"self":[{"href":"https:\/\/www.quartix.com\/de-de\/wp-json\/wp\/v2\/pages\/22620","targetHints":{"allow":["GET"]}}],"collection":[{"href":"https:\/\/www.quartix.com\/de-de\/wp-json\/wp\/v2\/pages"}],"about":[{"href":"https:\/\/www.quartix.com\/de-de\/wp-json\/wp\/v2\/types\/page"}],"author":[{"embeddable":true,"href":"https:\/\/www.quartix.com\/de-de\/wp-json\/wp\/v2\/users\/6"}],"replies":[{"embeddable":true,"href":"https:\/\/www.quartix.com\/de-de\/wp-json\/wp\/v2\/comments?post=22620"}],"version-history":[{"count":1,"href":"https:\/\/www.quartix.com\/de-de\/wp-json\/wp\/v2\/pages\/22620\/revisions"}],"predecessor-version":[{"id":125467,"href":"https:\/\/www.quartix.com\/de-de\/wp-json\/wp\/v2\/pages\/22620\/revisions\/125467"}],"wp:attachment":[{"href":"https:\/\/www.quartix.com\/de-de\/wp-json\/wp\/v2\/media?parent=22620"}],"wp:term":[{"taxonomy":"topic","embeddable":true,"href":"https:\/\/www.quartix.com\/de-de\/wp-json\/wp\/v2\/topic?post=22620"},{"taxonomy":"qtx_campaign","embeddable":true,"href":"https:\/\/www.quartix.com\/de-de\/wp-json\/wp\/v2\/qtx_campaign?post=22620"}],"curies":[{"name":"wp","href":"https:\/\/api.w.org\/{rel}","templated":true}]}}