{"id":23100,"date":"2019-05-26T16:57:05","date_gmt":"2019-05-26T16:57:05","guid":{"rendered":"https:\/\/www.quartix.com\/fahrzeugortung-angepasst-auf-ihr-geschaft\/"},"modified":"2026-02-11T15:43:58","modified_gmt":"2026-02-11T14:43:58","slug":"fahrzeugortung-angepasst-auf-ihr-geschaft","status":"publish","type":"page","link":"https:\/\/www.quartix.com\/de-de\/fahrzeugortung-angepasst-auf-ihr-geschaft\/","title":{"rendered":"Fahrzeugortung angepasst auf Ihr Unternehmen"},"content":{"rendered":"\n<div class=\"wp-block-columns is-layout-flex wp-container-core-columns-is-layout-28f84493 wp-block-columns-is-layout-flex\">\n<div class=\"wp-block-column is-layout-flow wp-block-column-is-layout-flow\" style=\"flex-basis:66.66%\">\n<h2 class=\"wp-block-heading\" id=\"h-uber-35-000-firmen-haben-sich-fur-quartix-entschieden-aufgrund\">\u00dcber 35.000 Firmen haben sich f\u00fcr Quartix entschieden aufgrund:<\/h2>\n\n\n\n<ul class=\"wp-block-list\">\n<li>Praktisch umsetzbare Erkenntnisse \u00fcber Fahrzeugbewegungen, Fahrdauer, Fahrerverhalten und Kraftstoffverbrauch<\/li>\n\n\n\n<li>Preisstaffelung, die Sie \u00fcber das Funktionslevel entscheiden l\u00e4sst<\/li>\n\n\n\n<li>Kurzfristige Vertr\u00e4ge, die nicht automatisch verl\u00e4ngert werden<\/li>\n\n\n\n<li>Ausgezeichneter Kundendienst und 5 Sterne Bewertungen<\/li>\n<\/ul>\n<\/div>\n\n\n\n<div class=\"wp-block-column is-layout-flow wp-block-column-is-layout-flow\" style=\"flex-basis:33.33%\">\n<figure class=\"wp-block-image\"><img decoding=\"async\" src=\" https:\/\/www.quartix.com\/content\/uploads\/2017\/09\/experts-at-tracking.svg\" alt=\"\"\/><\/figure>\n<\/div>\n<\/div>\n\n\n<section  class=\"qtx-pagebuilder-section qtx-pagebuilder-section-card per-row-3\">\r\n\r\n\r\n<div class=\"cardcontainer\">\r\n            <a href='\/de-de\/produkt\/fahrzeugortung\/' title='Fahrzeugortung' target='_blank'>Fahrzeugortung<\/a>\r\n    <div class=\"cardimage\" style='height:150px;'>\r\n        <img loading=\"lazy\" decoding=\"async\" width=\"1\" height=\"1\" src=\"https:\/\/www.quartix.com\/content\/uploads\/2021\/06\/real-time-tracking-2.svg\" class=\"\" alt=\"\" \/>  \r\n    <\/div>\r\n        <div class=\"seperator\"><\/div>\r\n    <div class=\"cardcontent\">\r\n        <h3 class='islink'>Fahrzeugortung<\/h3>        <p>Orten Sie Ihre Fahrzeuge und Fahrer in Echtzeit, mit jedem beliebigen mit dem Internet verbundenen Ger\u00e4t. Es wird keine zus\u00e4tzliche Software ben\u00f6tigt \u2013 auf alles kann \u00fcber das Internet zugegriffen werden.<\/p>\n        \r\n    <\/div>\r\n<\/div>\r\n\r\n\r\n        \r\n\r\n<div class=\"cardcontainer\">\r\n            <a href='\/de-de\/produkt\/arbeitszeitnachweise\/' title='Arbeitszeitnachweise' target='_blank'>Arbeitszeitnachweise<\/a>\r\n    <div class=\"cardimage\" style='height:150px;'>\r\n        <img loading=\"lazy\" decoding=\"async\" width=\"1\" height=\"1\" src=\"https:\/\/www.quartix.com\/content\/uploads\/2021\/06\/experts-at-tracking.svg\" class=\"\" alt=\"\" \/>  \r\n    <\/div>\r\n        <div class=\"seperator\"><\/div>\r\n    <div class=\"cardcontent\">\r\n        <h3 class='islink'>Arbeitszeitnachweise<\/h3>        <p>Mit verbessertem Fahrstil bis zu 15% an Kraftstoffkosten einsparen und Risiko reduzieren. Mit unseren Berichten sicheres und \u00f6konomisches Fahrverhalten beeinflussen und f\u00f6rdern.<\/p>\n        \r\n    <\/div>\r\n<\/div>\r\n\r\n\r\n        \r\n\r\n<div class=\"cardcontainer\">\r\n            <a href='\/de-de\/produkt\/fahrstil\/' title='Fahrstil' target='_blank'>Fahrstil<\/a>\r\n    <div class=\"cardimage\" style='height:150px;'>\r\n        <img loading=\"lazy\" decoding=\"async\" width=\"1\" height=\"1\" src=\"https:\/\/www.quartix.com\/content\/uploads\/2021\/06\/driving-style-analysis.svg\" class=\"\" alt=\"\" \/>  \r\n    <\/div>\r\n        <div class=\"seperator\"><\/div>\r\n    <div class=\"cardcontent\">\r\n        <h3 class='islink'>Fahrstil<\/h3>        <p>Mit verbessertem Fahrstil bis zu 15% an Kraftstoffkosten einsparen und Risiko reduzieren. Mit unseren Berichten sicheres und\u00a0 \u00f6konomisches Fahrverhalten beeinflussen und f\u00f6rdern.<\/p>\n        \r\n    <\/div>\r\n<\/div>\r\n\r\n\r\n        \r\n\r\n<div class=\"cardcontainer\">\r\n            <a href='\/de-de\/produkt\/verwaltungstools\/' title='Verwaltungstools' target='_blank'>Verwaltungstools<\/a>\r\n    <div class=\"cardimage\" style='height:150px;'>\r\n        <img loading=\"lazy\" decoding=\"async\" width=\"1\" height=\"1\" src=\"https:\/\/www.quartix.com\/content\/uploads\/2021\/06\/individual-driver-reports-2.svg\" class=\"\" alt=\"\" \/>  \r\n    <\/div>\r\n        <div class=\"seperator\"><\/div>\r\n    <div class=\"cardcontent\">\r\n        <h3 class='islink'>Verwaltungstools<\/h3>        <p>Quartix erledigt die anstrengende Arbeit des Analysierens von Daten und erstellt einfache Berichte. Ihre besten Fahrer entdecken, Kilometerst\u00e4nde und Kraftstoffkosten verstehen, sowie Schreibarbeit und Formalit\u00e4ten reduzieren.<\/p>\n        \r\n    <\/div>\r\n<\/div>\r\n\r\n\r\n        \r\n\r\n<div class=\"cardcontainer\">\r\n            <a href='\/de-de\/produkt\/benachrichtigungen\/' title='Benachrichtigungen' target='_blank'>Benachrichtigungen<\/a>\r\n    <div class=\"cardimage\" style='height:150px;'>\r\n        <img loading=\"lazy\" decoding=\"async\" width=\"1\" height=\"1\" src=\"https:\/\/www.quartix.com\/content\/uploads\/2021\/06\/geofencing-1.svg\" class=\"\" alt=\"\" \/>  \r\n    <\/div>\r\n        <div class=\"seperator\"><\/div>\r\n    <div class=\"cardcontent\">\r\n        <h3 class='islink'>Benachrichtigungen<\/h3>        <p>Geozonen k\u00f6nnen Sie in Echtzeit sofort alarmieren, sobald eines Ihrer Fahrzeuge innerhalb oder au\u00dferhalb eines zuvor festgelegten Gebietes einf\u00e4hrt, beziehungsweise dieses verl\u00e4sst. Im Falle, dass gegen diese Regeln versto\u00dfen werden sollte, ist es Ihnen m\u00f6glich dies ohne weiteres zu ermitteln.<\/p>\n        \r\n    <\/div>\r\n<\/div>\r\n\r\n\r\n        \r\n\r\n<div class=\"cardcontainer\">\r\n            <a href='\/de-de\/produkt\/konfiguration\/' title='Konfiguration' target='_blank'>Konfiguration<\/a>\r\n    <div class=\"cardimage\" style='height:150px;'>\r\n        <img loading=\"lazy\" decoding=\"async\" width=\"1\" height=\"1\" src=\"https:\/\/www.quartix.com\/content\/uploads\/2017\/09\/customers-big-and-small.svg\" class=\"\" alt=\"\" \/>  \r\n    <\/div>\r\n        <div class=\"seperator\"><\/div>\r\n    <div class=\"cardcontent\">\r\n        <h3 class='islink'>Konfiguration<\/h3>        <p>Jedes Fahrzeug kann entweder durch uns oder Sie, so konfiguriert werden, dass die Berichte auf Ihre Bed\u00fcrfnisse angepasst sind. Enthalten sein k\u00f6nnen spezifische Einstellungen zur Privatsph\u00e4re, benutzerdefinierte Standorte und Fahrzeuge \/ Fahrerdetails.<\/p>\n        \r\n    <\/div>\r\n<\/div>\r\n\r\n\r\n        <\/section>\r\n    \n\n\n<h2 class=\"wp-block-heading\" id=\"h-demo-version-anfordern\">Demo-Version anfordern<\/h2>\n\n\n\n<div class=\"wpcf7 no-js\" id=\"wpcf7-f72438-o1\" lang=\"de-DE\" dir=\"ltr\" data-wpcf7-id=\"72438\">\n<div class=\"screen-reader-response\"><p role=\"status\" aria-live=\"polite\" aria-atomic=\"true\"><\/p> <ul><\/ul><\/div>\n<form action=\"\/de-de\/wp-json\/wp\/v2\/pages\/23100#wpcf7-f72438-o1\" method=\"post\" class=\"wpcf7-form init\" aria-label=\"Contact form\" novalidate=\"novalidate\" data-status=\"init\">\n<fieldset class=\"hidden-fields-container\"><input type=\"hidden\" name=\"_wpcf7\" value=\"72438\" \/><input type=\"hidden\" name=\"_wpcf7_version\" value=\"6.1.5\" \/><input type=\"hidden\" name=\"_wpcf7_locale\" value=\"de_DE\" \/><input type=\"hidden\" name=\"_wpcf7_unit_tag\" value=\"wpcf7-f72438-o1\" \/><input type=\"hidden\" name=\"_wpcf7_container_post\" value=\"0\" \/><input type=\"hidden\" name=\"_wpcf7_posted_data_hash\" value=\"\" \/><input type=\"hidden\" name=\"_wpcf7cf_hidden_group_fields\" value=\"[]\" \/><input type=\"hidden\" name=\"_wpcf7cf_hidden_groups\" value=\"[]\" \/><input type=\"hidden\" name=\"_wpcf7cf_visible_groups\" value=\"[]\" \/><input type=\"hidden\" name=\"_wpcf7cf_repeaters\" value=\"[]\" \/><input type=\"hidden\" name=\"_wpcf7cf_steps\" value=\"{}\" \/><input type=\"hidden\" name=\"_wpcf7cf_options\" value=\"{&quot;form_id&quot;:72438,&quot;conditions&quot;:[],&quot;settings&quot;:{&quot;animation&quot;:&quot;yes&quot;,&quot;animation_intime&quot;:200,&quot;animation_outtime&quot;:200,&quot;conditions_ui&quot;:&quot;normal&quot;,&quot;notice_dismissed&quot;:false,&quot;notice_dismissed_update-cf7-6.0&quot;:true,&quot;notice_dismissed_update-cf7-6.0.1&quot;:true,&quot;notice_dismissed_update-cf7-6.0.2&quot;:true,&quot;notice_dismissed_rollback-cf7-6.0.5&quot;:true}}\" \/><input type=\"hidden\" name=\"_wpcf7_recaptcha_response\" value=\"\" \/>\n<\/fieldset>\n<div class=\"input-wrapper\"><span class=\"icon icon-face\"><\/span><span class=\"wpcf7-form-control-wrap\" data-name=\"first_name\"><input size=\"40\" maxlength=\"400\" class=\"wpcf7-form-control wpcf7-text wpcf7-validates-as-required\" aria-required=\"true\" aria-invalid=\"false\" placeholder=\"Vorname *\" value=\"\" type=\"text\" name=\"first_name\" \/><\/span><span class=\"wpcf7-form-control-wrap\" data-name=\"last_name\"><input size=\"40\" maxlength=\"400\" class=\"wpcf7-form-control wpcf7-text wpcf7-validates-as-required\" aria-required=\"true\" aria-invalid=\"false\" placeholder=\"Nachname *\" value=\"\" type=\"text\" name=\"last_name\" \/><\/span><\/div>\n<div class=\"input-wrapper\"><span class=\"icon icon-envelope\"><\/span><span class=\"wpcf7-form-control-wrap\" data-name=\"email\"><input size=\"40\" maxlength=\"400\" class=\"wpcf7-form-control wpcf7-email wpcf7-validates-as-required wpcf7-text wpcf7-validates-as-email\" aria-required=\"true\" aria-invalid=\"false\" placeholder=\"E-Mail *\" value=\"\" type=\"email\" name=\"email\" \/><\/span><\/div>\n<div class=\"input-wrapper\"><span class=\"icon icon-company\"><\/span><span class=\"wpcf7-form-control-wrap\" data-name=\"company\"><input size=\"40\" maxlength=\"400\" class=\"wpcf7-form-control wpcf7-text wpcf7-validates-as-required\" aria-required=\"true\" aria-invalid=\"false\" placeholder=\"Firmenname *\" value=\"\" type=\"text\" name=\"company\" \/><\/span><\/div>\n<div class=\"input-wrapper\"><span class=\"icon icon-telephone\"><\/span><span class=\"wpcf7-form-control-wrap\" data-name=\"phone\"><input size=\"40\" maxlength=\"400\" class=\"wpcf7-form-control wpcf7-tel wpcf7-validates-as-required wpcf7-text wpcf7-validates-as-tel\" aria-required=\"true\" aria-invalid=\"false\" placeholder=\"Telefon *\" value=\"\" type=\"tel\" name=\"phone\" \/><\/span><\/div>\n<div class=\"input-wrapper\"><span class=\"icon icon-vehicles\"><\/span><span class=\"wpcf7-form-control-wrap\" data-name=\"number_of_vehicles\"><input class=\"wpcf7-form-control wpcf7-number wpcf7-validates-as-required wpcf7-validates-as-number\" min=\"1\" aria-required=\"true\" aria-invalid=\"false\" placeholder=\"Anzahl der Fahrzeuge *\" value=\"\" type=\"number\" name=\"number_of_vehicles\" \/><\/span><\/div>\n<input type=\"hidden\" name=\"thankyouURL\" value=\"\/de-de\/dankeschon-demo-anfordern\/\" class=\"wpcf7-form-control wpcf7-hidden\" id=\"thankyouURL\">\n<input class=\"wpcf7-form-control wpcf7-hidden\" value=\"\" type=\"hidden\" name=\"pardot_extra_field\" \/>\n<input type=\"hidden\" name=\"page_title\" value=\"No post title\" class=\"wpcf7-form-control wpcf7-hidden\">\n<div class=\"recatpcha-text\">Diese Website ist durch reCAPTCHA gesch\u00fctzt und es gelten die <a href=\"https:\/\/policies.google.com\/privacy?hl=de\">Datenschutzbestimmungen<\/a> und <a href=\"https:\/\/policies.google.com\/terms?hl=de\">Nutzungsbedingungen<\/a> von Google.<\/div>\n<div class=\"input-wrapper\"><input class=\"wpcf7-form-control wpcf7-submit has-spinner icon-plane\" type=\"submit\" value=\"Demo anfordern\" \/><\/div><div class=\"wpcf7-response-output\" aria-hidden=\"true\"><\/div>\n<\/form>\n<\/div>\n\n","protected":false},"excerpt":{"rendered":"<p>\u00dcber 35.000 Firmen haben sich f\u00fcr Quartix entschieden aufgrund: Demo-Version anfordern<\/p>\n","protected":false},"author":12,"featured_media":0,"parent":0,"menu_order":800,"comment_status":"closed","ping_status":"closed","template":"","meta":{"_acf_changed":false,"inline_featured_image":false,"footnotes":""},"topic":[],"qtx_campaign":[],"class_list":["post-23100","page","type-page","status-publish","hentry"],"acf":[],"yoast_head":"<!-- This site is optimized with the Yoast SEO Premium plugin v27.3 (Yoast SEO v27.3) - https:\/\/yoast.com\/product\/yoast-seo-premium-wordpress\/ -->\n<title>Flottenmanagement und Fahrzeugortung - DE<\/title>\n<meta name=\"description\" content=\"Seit mehr als 18 Jahren hat Quartix mit Firmen in allen Branchen eng zusammen gearbeitet, um die Bed\u00fcrfnisse seiner Kunden zu verstehen und flexible Fahrzeugortung- und Telematik\u00f6sungen anzubieten.\" \/>\n<meta name=\"robots\" content=\"noindex, follow\" \/>\n<meta property=\"og:locale\" content=\"de_DE\" \/>\n<meta property=\"og:type\" content=\"article\" \/>\n<meta property=\"og:title\" content=\"Fahrzeugortung angepasst auf Ihr Unternehmen\" \/>\n<meta property=\"og:description\" content=\"Seit mehr als 18 Jahren hat Quartix mit Firmen in allen Branchen eng zusammen gearbeitet, um die Bed\u00fcrfnisse seiner Kunden zu verstehen und flexible Fahrzeugortung- und Telematik\u00f6sungen anzubieten.\" \/>\n<meta property=\"og:url\" content=\"https:\/\/www.quartix.com\/de-de\/fahrzeugortung-angepasst-auf-ihr-geschaft\/\" \/>\n<meta property=\"og:site_name\" content=\"Quartix\" \/>\n<meta property=\"article:publisher\" content=\"https:\/\/www.facebook.com\/Quartix-USA-374426386097401\/\" \/>\n<meta property=\"article:modified_time\" content=\"2026-02-11T14:43:58+00:00\" \/>\n<meta name=\"twitter:card\" content=\"summary_large_image\" \/>\n<meta name=\"twitter:site\" content=\"@QuartixUSA\" \/>\n<meta name=\"twitter:label1\" content=\"Est. reading time\" \/>\n\t<meta name=\"twitter:data1\" content=\"3 minutes\" \/>\n<!-- \/ Yoast SEO Premium plugin. -->","yoast_head_json":{"title":"Flottenmanagement und Fahrzeugortung - DE","description":"Seit mehr als 18 Jahren hat Quartix mit Firmen in allen Branchen eng zusammen gearbeitet, um die Bed\u00fcrfnisse seiner Kunden zu verstehen und flexible Fahrzeugortung- und Telematik\u00f6sungen anzubieten.","robots":{"index":"noindex","follow":"follow"},"og_locale":"de_DE","og_type":"article","og_title":"Fahrzeugortung angepasst auf Ihr Unternehmen","og_description":"Seit mehr als 18 Jahren hat Quartix mit Firmen in allen Branchen eng zusammen gearbeitet, um die Bed\u00fcrfnisse seiner Kunden zu verstehen und flexible Fahrzeugortung- und Telematik\u00f6sungen anzubieten.","og_url":"https:\/\/www.quartix.com\/de-de\/fahrzeugortung-angepasst-auf-ihr-geschaft\/","og_site_name":"Quartix","article_publisher":"https:\/\/www.facebook.com\/Quartix-USA-374426386097401\/","article_modified_time":"2026-02-11T14:43:58+00:00","twitter_card":"summary_large_image","twitter_site":"@QuartixUSA","twitter_misc":{"Est. reading time":"3 minutes"},"schema":{"@context":"https:\/\/schema.org","@graph":[{"@type":"WebPage","@id":"https:\/\/www.quartix.com\/de-de\/fahrzeugortung-angepasst-auf-ihr-geschaft\/","url":"https:\/\/www.quartix.com\/de-de\/fahrzeugortung-angepasst-auf-ihr-geschaft\/","name":"Flottenmanagement und Fahrzeugortung","isPartOf":{"@id":"https:\/\/www.quartix.com\/de-de\/#website"},"datePublished":"2019-05-26T16:57:05+00:00","dateModified":"2026-02-11T14:43:58+00:00","description":"Seit mehr als 18 Jahren hat Quartix mit Firmen in allen Branchen eng zusammen gearbeitet, um die Bed\u00fcrfnisse seiner Kunden zu verstehen und flexible Fahrzeugortung- und Telematik\u00f6sungen anzubieten.","breadcrumb":{"@id":"https:\/\/www.quartix.com\/de-de\/fahrzeugortung-angepasst-auf-ihr-geschaft\/#breadcrumb"},"inLanguage":"de-DE","potentialAction":[{"@type":"ReadAction","target":["https:\/\/www.quartix.com\/de-de\/fahrzeugortung-angepasst-auf-ihr-geschaft\/"]}]},{"@type":"BreadcrumbList","@id":"https:\/\/www.quartix.com\/de-de\/fahrzeugortung-angepasst-auf-ihr-geschaft\/#breadcrumb","itemListElement":[{"@type":"ListItem","position":1,"name":"Startseite","item":"https:\/\/www.quartix.com\/de-de\/die-nr-1-fahrzeugortungsloesung-fuer-flotten-jeder-groesse\/"},{"@type":"ListItem","position":2,"name":"Fahrzeugortung angepasst auf Ihr Unternehmen"}]},{"@type":"WebSite","@id":"https:\/\/www.quartix.com\/de-de\/#website","url":"https:\/\/www.quartix.com\/de-de\/","name":"Quartix","description":"Real-time vehicle tracking","publisher":{"@id":"https:\/\/www.quartix.com\/de-de\/#organization"},"potentialAction":[{"@type":"SearchAction","target":{"@type":"EntryPoint","urlTemplate":"https:\/\/www.quartix.com\/de-de\/?s={search_term_string}"},"query-input":{"@type":"PropertyValueSpecification","valueRequired":true,"valueName":"search_term_string"}}],"inLanguage":"de-DE"},{"@type":"Organization","@id":"https:\/\/www.quartix.com\/de-de\/#organization","name":"Quartix","url":"https:\/\/www.quartix.com\/de-de\/","logo":{"@type":"ImageObject","inLanguage":"de-DE","@id":"https:\/\/www.quartix.com\/de-de\/#\/schema\/logo\/image\/","url":"https:\/\/www.quartix.com\/content\/uploads\/2019\/02\/quartix-logo-eur.svg","contentUrl":"https:\/\/www.quartix.com\/content\/uploads\/2019\/02\/quartix-logo-eur.svg","width":1,"height":1,"caption":"Quartix"},"image":{"@id":"https:\/\/www.quartix.com\/de-de\/#\/schema\/logo\/image\/"},"sameAs":["https:\/\/www.facebook.com\/Quartix-USA-374426386097401\/","https:\/\/x.com\/QuartixUSA","https:\/\/www.linkedin.com\/company\/5346733\/","https:\/\/www.youtube.com\/channel\/UCzS-_GMfHF4kWiCheyIRrAQ"]}]}},"_links":{"self":[{"href":"https:\/\/www.quartix.com\/de-de\/wp-json\/wp\/v2\/pages\/23100","targetHints":{"allow":["GET"]}}],"collection":[{"href":"https:\/\/www.quartix.com\/de-de\/wp-json\/wp\/v2\/pages"}],"about":[{"href":"https:\/\/www.quartix.com\/de-de\/wp-json\/wp\/v2\/types\/page"}],"author":[{"embeddable":true,"href":"https:\/\/www.quartix.com\/de-de\/wp-json\/wp\/v2\/users\/12"}],"replies":[{"embeddable":true,"href":"https:\/\/www.quartix.com\/de-de\/wp-json\/wp\/v2\/comments?post=23100"}],"version-history":[{"count":2,"href":"https:\/\/www.quartix.com\/de-de\/wp-json\/wp\/v2\/pages\/23100\/revisions"}],"predecessor-version":[{"id":129449,"href":"https:\/\/www.quartix.com\/de-de\/wp-json\/wp\/v2\/pages\/23100\/revisions\/129449"}],"wp:attachment":[{"href":"https:\/\/www.quartix.com\/de-de\/wp-json\/wp\/v2\/media?parent=23100"}],"wp:term":[{"taxonomy":"topic","embeddable":true,"href":"https:\/\/www.quartix.com\/de-de\/wp-json\/wp\/v2\/topic?post=23100"},{"taxonomy":"qtx_campaign","embeddable":true,"href":"https:\/\/www.quartix.com\/de-de\/wp-json\/wp\/v2\/qtx_campaign?post=23100"}],"curies":[{"name":"wp","href":"https:\/\/api.w.org\/{rel}","templated":true}]}}