{"id":23118,"date":"2019-05-26T22:54:50","date_gmt":"2019-05-26T22:54:50","guid":{"rendered":"https:\/\/www.quartix.com\/produkt\/"},"modified":"2025-11-11T14:51:58","modified_gmt":"2025-11-11T13:51:58","slug":"fahrzeugortung","status":"publish","type":"page","link":"https:\/\/www.quartix.com\/de-de\/fahrzeugortung\/","title":{"rendered":"Fahrzeugverfolgung f\u00fcr Unternehmen"},"content":{"rendered":"\n<p>Die Quartix-Fahrzeugortung f\u00fcr Unternehmen bietet eine umfassende Palette von Tools, um Ihnen dabei zu helfen, Ihre Fahrzeuge erfolgreich zu verwalten, die Sicherheit der Fahrer zu gew\u00e4hrleisten und Ihren Gewinn zu steigern. Alle Funktionen sind \u00fcber das Internet oder unsere App zug\u00e4nglich, sodass keine zus\u00e4tzliche Software ben\u00f6tigt wird. Das System erleichtert die Analyse Ihrer Fahrzeugdaten und generiert benutzerfreundliche Berichte, die Ihnen dabei helfen, Fahrverhalten zu analysieren, Kilometer- und Kraftstoffkosten zu erfassen und administrative Aufgaben zu reduzieren.<\/p>\n\n\n\r\n<section  class=\"qtx-pagebuilder-section qtx-pagebuilder-section-list \">\r\n<ul class='arrows fa-ul' style='0'><li><span class='fa-li'><i class='fa fa-arrow-right'><\/i><\/span><a href='#Complete-visibility-of-your-vehicles,-24\/7' class='' title='' target=''>Bleiben Sie rund um die Uhr \u00fcber den Standort Ihrer Firmenfahrzeuge informiert.<\/a><\/li><li><span class='fa-li'><i class='fa fa-arrow-right'><\/i><\/span><a href='#Get-vehicle-tracking-activity-logs-straight-to-your-inbox' class='' title='' target=''>Erhalten Sie Fahrzeugaktivit\u00e4tsprotokolle direkt in Ihren Posteingang.<\/a><\/li><li><span class='fa-li'><i class='fa fa-arrow-right'><\/i><\/span><a href='#Promote-safe-and-fuel-efficient-driving-habits' class='' title='' target=''>F\u00f6rdern Sie sicheres und kraftstoffeffizientes Fahrverhalten.<\/a><\/li><li><span class='fa-li'><i class='fa fa-arrow-right'><\/i><\/span><a href='#Vehicle-tracking-can-boost-fleet-productivity' class='' title='' target=''>Steigern Sie die Produktivit\u00e4t Ihrer Flotte durch Fahrzeugverfolgung.<\/a><\/li><li><span class='fa-li'><i class='fa fa-arrow-right'><\/i><\/span><a href='#Use-vehicle-tracking-to-set-geographic-zones-and-rules' class='' title='' target=''>Legen Sie mithilfe der Fahrzeugortung geografische Grenzen und Regeln fest.<\/a><\/li><li><span class='fa-li'><i class='fa fa-arrow-right'><\/i><\/span><a href='#The-hardware:-Your-vehicle-tracking-device-options' class='' title='' target=''>W\u00e4hlen Sie die geeignete Hardware f\u00fcr die Fahrzeugverfolgung aus.<\/a><\/li><\/ul><\/section>\n\n\n<h2 class=\"wp-block-heading\" id=\"Complete-visibility-of-your-vehicles,-24\/7\">Vollst\u00e4ndige Sichtbarkeit Ihrer Fahrzeuge rund um die Uhr<\/h2>\n\n\n\n<p>Mit der Quartix-Fahrzeugverfolgung k\u00f6nnen Sie jederzeit und von jedem Ger\u00e4t den aktuellen Standort Ihrer Fahrzeuge anzeigen. Unsere Echtzeit-GPS-Tracking-Karten und die Postleitzahl-Suche erm\u00f6glichen es Ihnen, maximale Effizienz zu demonstrieren. Reagieren Sie schnell auf Kundenanfragen und leiten Sie das n\u00e4chstgelegene Fahrzeug umgehend zu einem Auftrag weiter.<\/p>\n\n\n\n<figure class=\"wp-block-image aligncenter size-large\"><img loading=\"lazy\" decoding=\"async\" width=\"1000\" height=\"486\" src=\" https:\/\/www.quartix.com\/content\/uploads\/2023\/09\/live-tracking-with-options_de-1000x486.png\" alt=\"\" class=\"wp-image-91614\" srcset=\"https:\/\/www.quartix.com\/content\/uploads\/2023\/09\/live-tracking-with-options_de-1000x486.png 1000w, https:\/\/www.quartix.com\/content\/uploads\/2023\/09\/live-tracking-with-options_de-300x146.png 300w, https:\/\/www.quartix.com\/content\/uploads\/2023\/09\/live-tracking-with-options_de-768x373.png 768w, https:\/\/www.quartix.com\/content\/uploads\/2023\/09\/live-tracking-with-options_de-1536x746.png 1536w, https:\/\/www.quartix.com\/content\/uploads\/2023\/09\/live-tracking-with-options_de.png 1570w\" sizes=\"auto, (max-width: 1000px) 100vw, 1000px\" \/><\/figure>\n\n\n\n<p>Quartix-Fahrzeugortung bietet Unternehmen eine Aufzeichnung aller durchgef\u00fchrten Fahrten mit Start-, Ziel- und Leerlaufzeiten f\u00fcr jede Fahrt. Routenkarten zeigen Ihnen die genauen Routen und die Geschwindigkeit des Fahrzeugs an jedem Wegpunkt. Durch einen einfachen Klick k\u00f6nnen Sie diese in Google Street View anzeigen, um eine \u00e4hnliche Ansicht wie der Fahrer zu erhalten.<\/p>\n\n\n\n<p>Au\u00dferdem k\u00f6nnen Sie Orte benennen und den Fahrzeugen Symbole zuweisen, um sie auf der Karte leichter identifizieren zu k\u00f6nnen.<\/p>\n\n\n\r\n<section  class=\"qtx-pagebuilder-section qtx-pagebuilder-section-list \">\r\n<ul class='ticks fa-ul' style='0'><li><span class='fa-li'><i class='fas fa-check-circle'><\/i><\/span>Lokalisieren Sie Ihre Fahrzeuge rund um die Uhr.<\/li><li><span class='fa-li'><i class='fas fa-check-circle'><\/i><\/span>Bleiben Sie stets \u00fcber die Aktivit\u00e4ten Ihrer Fahrer informiert.<\/li><li><span class='fa-li'><i class='fas fa-check-circle'><\/i><\/span>Finden Sie Fahrzeuge in unmittelbarer N\u00e4he zu einer bestimmten Postleitzahl.<\/li><li><span class='fa-li'><i class='fas fa-check-circle'><\/i><\/span><a href='https:\/\/www.quartix.com\/de-de\/fahrzeugortung\/echtzeit-fahrzeugortung\/' class='' title='' target=''>Behalten Sie Ihre Daten problemlos im Blick, auch unterwegs, mit unserer kostenlosen mobilen App.<\/a><\/li><li><span class='fa-li'><i class='fas fa-check-circle'><\/i><\/span>Erfassen Sie detaillierte Informationen zu allen zur\u00fcckgelegten Routen.<\/li><\/ul><\/section>\n\n\n<figure class=\"wp-block-image aligncenter size-full\"><img loading=\"lazy\" decoding=\"async\" width=\"700\" height=\"466\" src=\" https:\/\/www.quartix.com\/content\/uploads\/2022\/06\/Es-Road.jpg\" alt=\"\" class=\"wp-image-76123\" srcset=\"https:\/\/www.quartix.com\/content\/uploads\/2022\/06\/Es-Road.jpg 700w, https:\/\/www.quartix.com\/content\/uploads\/2022\/06\/Es-Road-300x200.jpg 300w\" sizes=\"auto, (max-width: 700px) 100vw, 700px\" \/><\/figure>\n\n\n\n<p><a href=\" https:\/\/www.quartix.com\/de-de\/fahrzeugortung\/echtzeit-fahrzeugortung\/\">Entdecken Sie mehr \u00fcber die Funktionen der Quartix Live-Fahrzeugortungskarten<\/a><u>.<\/u><\/p>\n\n\n\n<h2 class=\"wp-block-heading\" id=\"Get-vehicle-tracking-activity-logs-straight-to-your-inbox\">Erhalten Sie Aktivit\u00e4tsprotokolle zur Fahrzeugverfolgung direkt in Ihren Posteingang<\/h2>\n\n\n\n<p>Bleiben Sie mit unseren Fahrer-, Fahrzeug- und Fahrtberichten auf dem Laufenden. Die Quartix-Fahrzeugortung bietet zuverl\u00e4ssige Daten, die Ihnen nicht nur dabei helfen k\u00f6nnen, Einsparungen zu identifizieren, sondern Ihnen auch den Nachweis liefern, wo sich Ihre Fahrzeuge zu bestimmten Zeiten befanden, wann Besuche stattfanden und wie lange Fahrer an einem Standort verbracht haben.<\/p>\n\n\n\n<p>Sie k\u00f6nnen die gew\u00fcnschten Informationen im Fahrzeugortungssystem angeben und diese Berichte in regelm\u00e4\u00dfigen Abst\u00e4nden einfach im Excel-Format an Ihre E-Mail-Adresse senden.<\/p>\n\n\n\r\n<section  class=\"qtx-pagebuilder-section qtx-pagebuilder-section-list \">\r\n<ul class='ticks fa-ul' style='0'><li><span class='fa-li'><i class='fas fa-check-circle'><\/i><\/span>Sehen Sie sich die Gesamtkilometerleistung, Fahrstunden und Leerlaufzeiten Ihrer Flotte \u00fcber einen beliebigen Zeitraum an.<\/li><li><span class='fa-li'><i class='fas fa-check-circle'><\/i><\/span>Einsicht \u00fcber CO2-Emissionen, voraussichtlichen Kraftstoffverbrauch, Durchschnitts- und H\u00f6chstgeschwindigkeiten.<\/li><li><span class='fa-li'><i class='fas fa-check-circle'><\/i><\/span>Sehen Sie sich die Start- und Endzeiten des Fahrers an, einschlie\u00dflich aller Reisedetails.<\/li><li><span class='fa-li'><i class='fas fa-check-circle'><\/i><\/span>Validieren Sie \u00dcberstundenanspr\u00fcche und Kraftstoffverbrauch.<\/li><li><span class='fa-li'><i class='fas fa-check-circle'><\/i><\/span>Unterst\u00fctzen Sie Ihre Fahrer mit genauen Fahrt Berichten.<\/li><\/ul><\/section>\n\n\n<figure class=\"wp-block-image aligncenter\"><img decoding=\"async\" src=\" https:\/\/www.quartix.com\/content\/uploads\/2021\/03\/vehicle-tracking-driver-wheel-image.jpg\" alt=\"vehicle tracking driver\"\/><\/figure>\n\n\n\n<p>Unsere Option zur Fahrererkennung erm\u00f6glicht es Ihnen, das Verhalten einzelner Fahrer in gemeinsam genutzten Fahrzeugen zu beobachten und es kann eine n\u00fctzliche M\u00f6glichkeit sein, gesch\u00e4ftliche und private Kilometer zu trennen.<\/p>\n\n\n\n<p><a href=\" https:\/\/www.quartix.com\/de-de\/fahrzeugortung\/arbeitszeitnachweise\/\">Aktivit\u00e4tsprotokolle zur Fahrzeugverfolgung von Quartix: Erfahren Sie mehr<\/a>.<\/p>\n\n\n\n<h2 class=\"wp-block-heading\" id=\"Promote-safe-and-fuel-efficient-driving-habits\">F\u00f6rdern Sie sicheres und wirtschaftliches Fahrverhalten <\/h2>\n\n\n\n<p>Das Training Ihres Personals zur Verbesserung Ihrer Fahrgewohnheiten ist mit der Quartix-Fahrzeugortung ganz einfach. Unsere gr\u00fcndliche Analyse des Fahrstils stellt Ihnen alle erforderlichen Instrumente zur Verf\u00fcgung, um sicheres und wirtschaftliches Fahrverhalten zu beeinflussen und zu f\u00f6rdern.\n\nEinzigartig bei Quartix ist unsere SafeSpeed-Datenmessung, die \u00fcberpr\u00fcft, ob Ihre Fahrer im Vergleich zu anderen Fahrern angemessene Geschwindigkeiten auf den spezifischen Stra\u00dfen, auf denen sie fahren, einhalten. Dadurch k\u00f6nnen Sie das Risiko effektiver verwalten und erhalten einen verl\u00e4sslichen Indikator f\u00fcr die Verkehrssicherheit, der \u00fcber die blo\u00dfe Einhaltung der gesetzlichen H\u00f6chstgeschwindigkeiten hinausgeht.<\/p>\n\n\n\n<p>Die farbkodierten Fahrerbewertungen werden in verschiedene n\u00fctzliche Quartix-Berichte integriert, darunter t\u00e4gliche Fahrerbesprechungen, Trends im Fahrstil und eine Rangliste der Fahrer, um Ihnen bei der F\u00f6rderung von Verhaltens\u00e4nderungen in Ihrer Fahrzeugflotte zu helfen. Unser Fahrzeugortungssystem bietet Ihnen alle erforderlichen Funktionen, um die Gesundheit Ihres Fahrzeuges, Kraftstoffkosten und vor allem die Verkehrssicherheit zu verbessern.<\/p>\n\n\n\n<figure class=\"wp-block-image aligncenter size-large\"><img loading=\"lazy\" decoding=\"async\" width=\"1000\" height=\"718\" src=\" https:\/\/www.quartix.com\/content\/uploads\/2023\/09\/daily-driver-briefing_de-1-1000x718.png\" alt=\"\" class=\"wp-image-91603\" srcset=\"https:\/\/www.quartix.com\/content\/uploads\/2023\/09\/daily-driver-briefing_de-1-1000x718.png 1000w, https:\/\/www.quartix.com\/content\/uploads\/2023\/09\/daily-driver-briefing_de-1-300x215.png 300w, https:\/\/www.quartix.com\/content\/uploads\/2023\/09\/daily-driver-briefing_de-1-768x552.png 768w, https:\/\/www.quartix.com\/content\/uploads\/2023\/09\/daily-driver-briefing_de-1.png 1267w\" sizes=\"auto, (max-width: 1000px) 100vw, 1000px\" \/><\/figure>\n\n\n\r\n<section  class=\"qtx-pagebuilder-section qtx-pagebuilder-section-list \">\r\n<ul class='ticks fa-ul' style='0'><li><span class='fa-li'><i class='fas fa-check-circle'><\/i><\/span>\u00dcberwachen Sie Geschwindigkeits-, Beschleunigungs- und Bremsprofile.<\/li><li><span class='fa-li'><i class='fas fa-check-circle'><\/i><\/span>Vergleichen Sie die Fahrerverhaltenswerte einer Gruppe.<\/li><li><span class='fa-li'><i class='fas fa-check-circle'><\/i><\/span>\u00dcberpr\u00fcfen Sie die Daten mit den Fahrern und beobachten Sie Ihren Fortschritt.<\/li><li><span class='fa-li'><i class='fas fa-check-circle'><\/i><\/span>F\u00f6rdern Sie sicherere und wirtschaftlichere Fahrgewohnheiten.<\/li><li><span class='fa-li'><i class='fas fa-check-circle'><\/i><\/span>Reduzieren Sie Kraftstoff-, Reparatur- und Betriebskosten.<\/li><\/ul><\/section>\n\n\n<p>\u00dcber die mobile <a href=\" https:\/\/www.quartix.com\/de-de\/fahrzeugortung\/echtzeit-fahrzeugortung\/\">Quartix-Fahrzeugortungs-App <\/a>k\u00f6nnen Ihre Fahrer auf ihre Fahrerbewertungen zugreifen und ihren eigenen Fortschritt aktiv verfolgen.\n\n<a href=\" https:\/\/www.quartix.com\/de-de\/fahrzeugortung\/fahrstil\/\">Erfahren Sie mehr \u00fcber die \u00dcberwachung des Fahrerverhaltens von Quartix.<\/a><\/p>\n\n\n\n<h2 class=\"wp-block-heading\" id=\"Vehicle-tracking-can-boost-fleet-productivity\">Die Ortung von Fahrzeugen steigert die Produktivit\u00e4t der Flotte<\/h2>\n\n\n\n<p>Das Quartix-Fahrzeugortungssystem  f\u00fcr Unternehmen bietet eine Echtzeit-\u00dcbersicht \u00fcber Ihre Fahrzeuge mithilfe von Dashboards und einer Reihe von Flottenmanagement-Tools. Sie k\u00f6nnen sofort sehen, welche Ihrer Fahrzeuge wo im Einsatz sind und die Produktivit\u00e4t mit individuellen KPIs verfolgen, um Sie sofort zu benachrichtigen, falls Ziele nicht erreicht werden.<\/p>\n\n\n\n<p>Sie k\u00f6nnen auch standortbasierte Daten anzeigen, um zu verfolgen, wann Fahrzeuge einen bestimmten Ort erreicht und wieder verlassen haben, oder die Routenanalyse-Funktion nutzen, um \u00dcberlappungen bei den Fahrten zu vermeiden. Monatliche Berichte \u00fcber Geschwindigkeit und Kilometerstand stehen ebenfalls zur Verf\u00fcgung, um die Aktivit\u00e4ten der Flotte zu \u00fcberwachen. Das Fahrzeugmanagement wird durch unsere Berichte zu HUs\/Wartungsdaten erleichtert, inklusive Erinnerungen, Informationen zu Motorstunden und Kilometerstandanzeigen.<\/p>\n\n\n\n<figure class=\"wp-block-image aligncenter\"><img decoding=\"async\" src=\" https:\/\/www.quartix.com\/content\/uploads\/2021\/03\/vehicle-tracking-van-driver-at-work.jpg\" alt=\"vehicle tracking van driver at work\"\/><\/figure>\n\n\n\r\n<section  class=\"qtx-pagebuilder-section qtx-pagebuilder-section-list \">\r\n<ul class='ticks fa-ul' style='0'><li><span class='fa-li'><i class='fas fa-check-circle'><\/i><\/span>Analysieren Sie die Leistung Ihrer Fahrzeugflotte im Laufe der Zeit und verbessern Sie die Auslastung.<\/li><li><span class='fa-li'><i class='fas fa-check-circle'><\/i><\/span>Erhalten Sie Benachrichtigungen, wenn bestimmte Bedingungen nicht erf\u00fcllt werden, z. B. eine Mindestanzahl von Besuchen.<\/li><li><span class='fa-li'><i class='fas fa-check-circle'><\/i><\/span>Planen Sie Fahrzeugwartungstermine, T\u00dcV-Pr\u00fcfungen und Betriebsstunden-Meilensteine effektiv.<\/li><li><span class='fa-li'><i class='fas fa-check-circle'><\/i><\/span>Generieren Sie monatliche oder w\u00f6chentliche Berichte \u00fcber Kilometerstand und Geschwindigkeit.<\/li><li><span class='fa-li'><i class='fas fa-check-circle'><\/i><\/span>Berechnen Sie den durchschnittlichen Spritverbrauch f\u00fcr jedes Fahrzeug.<\/li><li><span class='fa-li'><i class='fas fa-check-circle'><\/i><\/span>Reduzieren Sie den Zeitaufwand im B\u00fcro.<\/li><\/ul><\/section>\n\n\n<p><a href=\" https:\/\/www.quartix.com\/de-de\/fahrzeugortung\/verwaltungstools\/\">Erfahren Sie mehr \u00fcber die Flottenmanagement-Tools von Quartix.<\/a><\/p>\n\n\n\n<h2 class=\"wp-block-heading\" id=\"Use-vehicle-tracking-to-set-geographic-zones-and-rules\">Nutzen Sie Fahrzeugverfolgung, um geografische Zonen und Regeln festzulegen<\/h2>\n\n\n\n<p>Mit der Quartix-Fahrzeugverfolgung k\u00f6nnen Sie dank Geofencing-Zonen und -Regeln schnell \u00fcber unerwartete Fahrzeugbewegungen informiert werden. Diese k\u00f6nnen Ihnen helfen, zu verstehen, wann Fahrzeuge einen Standort betreten oder verlassen, nicht autorisierte Fahrten zu eliminieren oder sogar potenziellen Fahrzeugdiebstahl aufzeigen. Geofencing kann auch verwendet werden, um Warnungen zu generieren, wenn Fahrzeuge sich Ihrem Depot n\u00e4hern, damit entsprechende Vorbereitungen f\u00fcr den Fahrer getroffen werden k\u00f6nnen.<\/p>\n\n\n\n<p>Mit unserem einfachen Zeichentool k\u00f6nnen Sie problemlos die gew\u00fcnschten Zonen markieren und dabei beliebig viele Geofencing-Zonen erstellen.<\/p>\n\n\n\n<figure class=\"wp-block-image aligncenter size-large\"><img loading=\"lazy\" decoding=\"async\" width=\"1000\" height=\"489\" src=\" https:\/\/www.quartix.com\/content\/uploads\/2023\/09\/geofencing_de-1000x489.png\" alt=\"\" class=\"wp-image-91581\" srcset=\"https:\/\/www.quartix.com\/content\/uploads\/2023\/09\/geofencing_de-1000x489.png 1000w, https:\/\/www.quartix.com\/content\/uploads\/2023\/09\/geofencing_de-300x147.png 300w, https:\/\/www.quartix.com\/content\/uploads\/2023\/09\/geofencing_de-768x375.png 768w, https:\/\/www.quartix.com\/content\/uploads\/2023\/09\/geofencing_de-1536x750.png 1536w, https:\/\/www.quartix.com\/content\/uploads\/2023\/09\/geofencing_de.png 1574w\" sizes=\"auto, (max-width: 1000px) 100vw, 1000px\" \/><\/figure>\n\n\n\r\n<section  class=\"qtx-pagebuilder-section qtx-pagebuilder-section-list \">\r\n<ul class='ticks fa-ul' style='0'><li><span class='fa-li'><i class='fas fa-check-circle'><\/i><\/span>Definieren Sie Zonen f\u00fcr Fahrzeuge im Innen- oder Au\u00dfenbereich.<\/li><li><span class='fa-li'><i class='fas fa-check-circle'><\/i><\/span>Legen Sie f\u00fcr jede Zone Regeln und Zeitpl\u00e4ne fest.<\/li><li><span class='fa-li'><i class='fas fa-check-circle'><\/i><\/span>Erhalten Sie Benachrichtigungen, wenn diese Regeln ausgel\u00f6st werden.<\/li><\/ul><\/section>\n\n\n<p>Um den Datenschutzbestimmungen zu entsprechen, erm\u00f6glicht der <a href=\" https:\/\/www.quartix.com\/de-de\/fahrzeugortung\/konfiguration\/\">Quartix-Privatmodus<\/a> Ihnen zu entscheiden, wann Ihre Fahrzeuge geortet werden und wann nicht. Sie k\u00f6nnen angeben, wer Zugriff auf Ortungsdaten hat, um die Privatsph\u00e4re der Mitarbeiter zu sch\u00fctzen.\n\n<a href=\" https:\/\/www.quartix.com\/de-de\/fahrzeugortung\/benachrichtigungen\/\">Quartix-Geofencing-Warnungen: Erfahren Sie mehr<\/a><\/p>\n\n\n\n<h2 class=\"wp-block-heading\" id=\"The-hardware:-Your-vehicle-tracking-device-options\">Die Hardware: Ihre Ger\u00e4teoptionen zur Fahrzeugverfolgung<\/h2>\n\n\n\n<p>Quartix bietet viele Installationsm\u00f6glichkeiten f\u00fcr Tracking-Ger\u00e4te, von L\u00f6sungen, die von einem Techniker installiert und fest verdrahtet werden, bis hin zu einfachen Plug-in-Ger\u00e4ten, die vom Kunden selbst installiert werden k\u00f6nnen.<\/p>\n\n\n\n<p><a href=\" https:\/\/www.quartix.com\/de-de\/fahrzeugortung\/ortungsgeraet\/\">Installation des Quartix-Fahrzeugortungsger\u00e4ts: Erfahren Sie mehr<\/a>.<\/p>\n\n\n\n<p><\/p>\n","protected":false},"excerpt":{"rendered":"<p>Die Quartix-Fahrzeugortung f\u00fcr Unternehmen bietet eine umfassende Palette von Tools, um Ihnen dabei zu helfen, Ihre Fahrzeuge erfolgreich zu verwalten, die Sicherheit der Fahrer zu gew\u00e4hrleisten und Ihren Gewinn zu steigern. Alle Funktionen sind \u00fcber das Internet oder unsere App zug\u00e4nglich, sodass keine zus\u00e4tzliche Software ben\u00f6tigt wird. Das System erleichtert die Analyse Ihrer Fahrzeugdaten und [&hellip;]<\/p>\n","protected":false},"author":12,"featured_media":106271,"parent":0,"menu_order":200,"comment_status":"closed","ping_status":"closed","template":"templates\/sticky-sidebar.php","meta":{"_acf_changed":false,"inline_featured_image":false,"footnotes":""},"topic":[],"qtx_campaign":[],"class_list":["post-23118","page","type-page","status-publish","has-post-thumbnail","hentry"],"acf":[],"yoast_head":"<!-- This site is optimized with the Yoast SEO Premium plugin v27.3 (Yoast SEO v27.3) - https:\/\/yoast.com\/product\/yoast-seo-premium-wordpress\/ -->\n<title>Fahrzeugortungssystem f\u00fcr Unternehmen | Quartix-Fahrzeugortung - DE<\/title>\n<meta name=\"description\" content=\"Fahrzeugortung: Die erste Wahl f\u00fcr deutsche Unternehmen. Bereits \u00fcber 600.000 Tracker installiert. Behalten Sie die Kontrolle \u00fcber Ihre Flotte, verbessern Sie die Effizienz und verwalten Sie die Kosten. Fordern Sie eine KOSTENLOSE Demo an!\" \/>\n<meta name=\"robots\" content=\"index, follow, max-snippet:-1, max-image-preview:large, max-video-preview:-1\" \/>\n<link rel=\"canonical\" href=\"https:\/\/www.quartix.com\/de-de\/fahrzeugortung\/\" \/>\n<meta property=\"og:locale\" content=\"de_DE\" \/>\n<meta property=\"og:type\" content=\"article\" \/>\n<meta property=\"og:title\" content=\"Fahrzeugverfolgung f\u00fcr Unternehmen\" \/>\n<meta property=\"og:description\" content=\"Fahrzeugortung: Die erste Wahl f\u00fcr deutsche Unternehmen. Bereits \u00fcber 600.000 Tracker installiert. Behalten Sie die Kontrolle \u00fcber Ihre Flotte, verbessern Sie die Effizienz und verwalten Sie die Kosten. Fordern Sie eine KOSTENLOSE Demo an!\" \/>\n<meta property=\"og:url\" content=\"https:\/\/www.quartix.com\/de-de\/fahrzeugortung\/\" \/>\n<meta property=\"og:site_name\" content=\"Quartix\" \/>\n<meta property=\"article:publisher\" content=\"https:\/\/www.facebook.com\/Quartix-USA-374426386097401\/\" \/>\n<meta property=\"article:modified_time\" content=\"2025-11-11T13:51:58+00:00\" \/>\n<meta property=\"og:image\" content=\"https:\/\/www.quartix.com\/content\/uploads\/2024\/06\/US-Vehicle-Tracking-Screens.png\" \/>\n\t<meta property=\"og:image:width\" content=\"874\" \/>\n\t<meta property=\"og:image:height\" content=\"590\" \/>\n\t<meta property=\"og:image:type\" content=\"image\/png\" \/>\n<meta name=\"twitter:card\" content=\"summary_large_image\" \/>\n<meta name=\"twitter:site\" content=\"@QuartixUSA\" \/>\n<meta name=\"twitter:label1\" content=\"Est. reading time\" \/>\n\t<meta name=\"twitter:data1\" content=\"8 minutes\" \/>\n<!-- \/ Yoast SEO Premium plugin. -->","yoast_head_json":{"title":"Fahrzeugortungssystem f\u00fcr Unternehmen | Quartix-Fahrzeugortung - DE","description":"Fahrzeugortung: Die erste Wahl f\u00fcr deutsche Unternehmen. Bereits \u00fcber 600.000 Tracker installiert. Behalten Sie die Kontrolle \u00fcber Ihre Flotte, verbessern Sie die Effizienz und verwalten Sie die Kosten. Fordern Sie eine KOSTENLOSE Demo an!","robots":{"index":"index","follow":"follow","max-snippet":"max-snippet:-1","max-image-preview":"max-image-preview:large","max-video-preview":"max-video-preview:-1"},"canonical":"https:\/\/www.quartix.com\/de-de\/fahrzeugortung\/","og_locale":"de_DE","og_type":"article","og_title":"Fahrzeugverfolgung f\u00fcr Unternehmen","og_description":"Fahrzeugortung: Die erste Wahl f\u00fcr deutsche Unternehmen. Bereits \u00fcber 600.000 Tracker installiert. Behalten Sie die Kontrolle \u00fcber Ihre Flotte, verbessern Sie die Effizienz und verwalten Sie die Kosten. Fordern Sie eine KOSTENLOSE Demo an!","og_url":"https:\/\/www.quartix.com\/de-de\/fahrzeugortung\/","og_site_name":"Quartix","article_publisher":"https:\/\/www.facebook.com\/Quartix-USA-374426386097401\/","article_modified_time":"2025-11-11T13:51:58+00:00","og_image":[{"width":874,"height":590,"url":"https:\/\/www.quartix.com\/content\/uploads\/2024\/06\/US-Vehicle-Tracking-Screens.png","type":"image\/png"}],"twitter_card":"summary_large_image","twitter_site":"@QuartixUSA","twitter_misc":{"Est. reading time":"8 minutes"},"schema":{"@context":"https:\/\/schema.org","@graph":[{"@type":"WebPage","@id":"https:\/\/www.quartix.com\/de-de\/fahrzeugortung\/","url":"https:\/\/www.quartix.com\/de-de\/fahrzeugortung\/","name":"Fahrzeugortungssystem f\u00fcr Unternehmen | Quartix-Fahrzeugortung","isPartOf":{"@id":"https:\/\/www.quartix.com\/de-de\/#website"},"primaryImageOfPage":{"@id":"https:\/\/www.quartix.com\/de-de\/fahrzeugortung\/#primaryimage"},"image":{"@id":"https:\/\/www.quartix.com\/de-de\/fahrzeugortung\/#primaryimage"},"thumbnailUrl":"https:\/\/www.quartix.com\/content\/uploads\/2024\/06\/US-Vehicle-Tracking-Screens.png","datePublished":"2019-05-26T22:54:50+00:00","dateModified":"2025-11-11T13:51:58+00:00","description":"Fahrzeugortung: Die erste Wahl f\u00fcr deutsche Unternehmen. Bereits \u00fcber 600.000 Tracker installiert. Behalten Sie die Kontrolle \u00fcber Ihre Flotte, verbessern Sie die Effizienz und verwalten Sie die Kosten. Fordern Sie eine KOSTENLOSE Demo an!","breadcrumb":{"@id":"https:\/\/www.quartix.com\/de-de\/fahrzeugortung\/#breadcrumb"},"inLanguage":"de-DE","potentialAction":[{"@type":"ReadAction","target":["https:\/\/www.quartix.com\/de-de\/fahrzeugortung\/"]}]},{"@type":"ImageObject","inLanguage":"de-DE","@id":"https:\/\/www.quartix.com\/de-de\/fahrzeugortung\/#primaryimage","url":"https:\/\/www.quartix.com\/content\/uploads\/2024\/06\/US-Vehicle-Tracking-Screens.png","contentUrl":"https:\/\/www.quartix.com\/content\/uploads\/2024\/06\/US-Vehicle-Tracking-Screens.png","width":874,"height":590,"caption":"US Vehicle Tracking Screens"},{"@type":"BreadcrumbList","@id":"https:\/\/www.quartix.com\/de-de\/fahrzeugortung\/#breadcrumb","itemListElement":[{"@type":"ListItem","position":1,"name":"Startseite","item":"https:\/\/www.quartix.com\/de-de\/die-nr-1-fahrzeugortungsloesung-fuer-flotten-jeder-groesse\/"},{"@type":"ListItem","position":2,"name":"Fahrzeugverfolgung f\u00fcr Unternehmen"}]},{"@type":"WebSite","@id":"https:\/\/www.quartix.com\/de-de\/#website","url":"https:\/\/www.quartix.com\/de-de\/","name":"Quartix","description":"Real-time vehicle tracking","publisher":{"@id":"https:\/\/www.quartix.com\/de-de\/#organization"},"potentialAction":[{"@type":"SearchAction","target":{"@type":"EntryPoint","urlTemplate":"https:\/\/www.quartix.com\/de-de\/?s={search_term_string}"},"query-input":{"@type":"PropertyValueSpecification","valueRequired":true,"valueName":"search_term_string"}}],"inLanguage":"de-DE"},{"@type":"Organization","@id":"https:\/\/www.quartix.com\/de-de\/#organization","name":"Quartix","url":"https:\/\/www.quartix.com\/de-de\/","logo":{"@type":"ImageObject","inLanguage":"de-DE","@id":"https:\/\/www.quartix.com\/de-de\/#\/schema\/logo\/image\/","url":"https:\/\/www.quartix.com\/content\/uploads\/2019\/02\/quartix-logo-eur.svg","contentUrl":"https:\/\/www.quartix.com\/content\/uploads\/2019\/02\/quartix-logo-eur.svg","width":1,"height":1,"caption":"Quartix"},"image":{"@id":"https:\/\/www.quartix.com\/de-de\/#\/schema\/logo\/image\/"},"sameAs":["https:\/\/www.facebook.com\/Quartix-USA-374426386097401\/","https:\/\/x.com\/QuartixUSA","https:\/\/www.linkedin.com\/company\/5346733\/","https:\/\/www.youtube.com\/channel\/UCzS-_GMfHF4kWiCheyIRrAQ"]}]}},"_links":{"self":[{"href":"https:\/\/www.quartix.com\/de-de\/wp-json\/wp\/v2\/pages\/23118","targetHints":{"allow":["GET"]}}],"collection":[{"href":"https:\/\/www.quartix.com\/de-de\/wp-json\/wp\/v2\/pages"}],"about":[{"href":"https:\/\/www.quartix.com\/de-de\/wp-json\/wp\/v2\/types\/page"}],"author":[{"embeddable":true,"href":"https:\/\/www.quartix.com\/de-de\/wp-json\/wp\/v2\/users\/12"}],"replies":[{"embeddable":true,"href":"https:\/\/www.quartix.com\/de-de\/wp-json\/wp\/v2\/comments?post=23118"}],"version-history":[{"count":5,"href":"https:\/\/www.quartix.com\/de-de\/wp-json\/wp\/v2\/pages\/23118\/revisions"}],"predecessor-version":[{"id":126011,"href":"https:\/\/www.quartix.com\/de-de\/wp-json\/wp\/v2\/pages\/23118\/revisions\/126011"}],"wp:featuredmedia":[{"embeddable":true,"href":"https:\/\/www.quartix.com\/de-de\/wp-json\/wp\/v2\/media\/106271"}],"wp:attachment":[{"href":"https:\/\/www.quartix.com\/de-de\/wp-json\/wp\/v2\/media?parent=23118"}],"wp:term":[{"taxonomy":"topic","embeddable":true,"href":"https:\/\/www.quartix.com\/de-de\/wp-json\/wp\/v2\/topic?post=23118"},{"taxonomy":"qtx_campaign","embeddable":true,"href":"https:\/\/www.quartix.com\/de-de\/wp-json\/wp\/v2\/qtx_campaign?post=23118"}],"curies":[{"name":"wp","href":"https:\/\/api.w.org\/{rel}","templated":true}]}}