{"id":23513,"date":"2019-05-29T21:54:03","date_gmt":"2019-05-29T21:54:03","guid":{"rendered":"https:\/\/www.quartix.com\/produkt\/arbeitszeitnachweise\/"},"modified":"2026-03-17T16:28:53","modified_gmt":"2026-03-17T15:28:53","slug":"arbeitszeitnachweise","status":"publish","type":"page","link":"https:\/\/www.quartix.com\/de-de\/fahrzeugortung\/arbeitszeitnachweise\/","title":{"rendered":"Arbeitszeiterfassung"},"content":{"rendered":"\n<div class=\"wp-block-columns is-layout-flex wp-container-core-columns-is-layout-28f84493 wp-block-columns-is-layout-flex\">\n<div class=\"wp-block-column is-layout-flow wp-block-column-is-layout-flow\">\n<h2 class=\"wp-block-heading\" id=\"h-fahrtenberichte\">Fahrtenberichte<\/h2>\n\n\n\n<p>Sie haben eine gro\u00dfe Flotte oder m\u00f6chten viele Fahrten in einem einzigen Bericht sehen? Quartix bietet Ihnen eine einfache M\u00f6glichkeit, Informationen zu Gesamtkilometerleistung der Flotte, Fahrt- und Stillstandzeiten innerhalb eines bestimmten Zeitraumes zu erhalten. Egal, ob Sie die Flottendaten in einem Report nach Fahrer oder Fahrzeug ben\u00f6tigen, die Strecken-Bericht-Zusammenfassung zeigt Ihnen alle Fahrt- und Stillstandzeiten f\u00fcr den gesamten Berichtszeitraum.<\/p>\n<\/div>\n\n\n\n<div class=\"wp-block-column is-layout-flow wp-block-column-is-layout-flow\">\n<figure class=\"wp-block-image\"><img decoding=\"async\" src=\" https:\/\/www.quartix.com\/content\/uploads\/2020\/02\/trip-reporter-de.gif\" alt=\"\"\/><\/figure>\n<\/div>\n<\/div>\n\n\n<section  class=\"qtx-pagebuilder-section qtx-pagebuilder-section-blockquote qtx-pagebuilder-section-blockquote-left_green_border \">\r\n        <div class=\"left_green_border\">\r\n            <blockquote>\r\n                <p>Wir bei Quartix wissen, dass viele unserer Kunden Excel-Dateien bevorzugen, welche Sie ganz einfach in bestehende Verwaltungsreporte integrieren k\u00f6nnen. Wir haben daher eine Anzahl oft genutzter Reporte entwickelt, welche Sie ganz einfach t\u00e4glich oder w\u00f6chentlich an Ihre pers\u00f6nliche Mailbox gesand bekommen.<\/p>\n                            <\/blockquote>\r\n        <\/div>\r\n        <\/section>\r\n\r\n\n\n\n<div class=\"wp-block-columns is-layout-flex wp-container-core-columns-is-layout-28f84493 wp-block-columns-is-layout-flex\">\n<div class=\"wp-block-column is-layout-flow wp-block-column-is-layout-flow\">\n<figure class=\"wp-block-image\"><img decoding=\"async\" src=\" https:\/\/www.quartix.com\/content\/uploads\/2020\/02\/daily-group-report-1000x620.png\" alt=\"\"\/><\/figure>\n<\/div>\n\n\n\n<div class=\"wp-block-column is-layout-flow wp-block-column-is-layout-flow\">\n<h2 class=\"wp-block-heading\" id=\"h-arbeitszeitnachweise\">Arbeitszeitnachweise<\/h2>\n\n\n\n<p>T\u00e4glicher Fahrzeug-Gruppenreport<\/p>\n\n\n\n<p>Hier k\u00f6nnen Sie Administrationszeit einsparen und geleistete \u00dcberstunden mit den gemeldeten \u00dcberstunden vergleichen. Sie k\u00f6nnen den zu erwartenden Kraftstoffverbrauch den tats\u00e4chlichen Benzinkosten gegen\u00fcberstellen und so fragw\u00fcrdige Kosten eleminieren. Die Excel-Arbeitsmappe gibt Ihnen eine Zusammenfassung aller Fahrzeuge einer Gruppe (siehe Abbildung). Zus\u00e4tzlich finden Sie einen Reiter f\u00fcr jedes Fahrzeug mit der Aufschl\u00fcsselung der Strecke, sowie der Zusammenfassung f\u00fcr den Tag.<\/p>\n\n\n\n<p>Wesentliche Verwaltungsinformationen beinhalten:<\/p>\n\n\n\n<ul class=\"wp-block-list\">\n<li>Kilometerleistung und Kraftstoffverbrauch<\/li>\n\n\n\n<li>H\u00f6chstgeschwindigkeiten<\/li>\n\n\n\n<li>Schichtzeiten<\/li>\n\n\n\n<li>Gesamtfahrtzeit<\/li>\n\n\n\n<li>Verbrachte Zeit an jedem Standort<\/li>\n<\/ul>\n<\/div>\n<\/div>\n\n\n\n<h2 class=\"wp-block-heading\" id=\"h-wochentliche-zusammenfassung-von-arbeitszeitnachweisen\">W\u00f6chentliche Zusammenfassung von Arbeitszeitnachweisen<\/h2>\n\n\n\n<p>Wenn Sie eine detaillierte Zusammenfassung f\u00fcr nur ein bestimmtes Fahrzeug ben\u00f6tigen, senden wir Ihnen diese Daten in einer Email zu. Darin enthalten ist auch ein Reiter zur Zusammenfassung der vorherigen Woche, sowie ein Reiter f\u00fcr jeden Wochentag, welcher die Fahrtendetails f\u00fcr dieses Fahrzeug, sowie die Zusammenfassung f\u00fcr den Tag anzeigt.<\/p>\n\n\n\n<div class=\"wp-block-columns is-layout-flex wp-container-core-columns-is-layout-28f84493 wp-block-columns-is-layout-flex\">\n<div class=\"wp-block-column is-layout-flow wp-block-column-is-layout-flow\">\n<figure class=\"wp-block-image size-full\"><img loading=\"lazy\" decoding=\"async\" width=\"450\" height=\"316\" src=\" https:\/\/www.quartix.com\/content\/uploads\/2019\/07\/Driver-ID-2.jpg\" alt=\"\" class=\"wp-image-25048\" srcset=\"https:\/\/www.quartix.com\/content\/uploads\/2019\/07\/Driver-ID-2.jpg 450w, https:\/\/www.quartix.com\/content\/uploads\/2019\/07\/Driver-ID-2-300x211.jpg 300w\" sizes=\"auto, (max-width: 450px) 100vw, 450px\" \/><\/figure>\n<\/div>\n\n\n\n<div class=\"wp-block-column is-layout-flow wp-block-column-is-layout-flow\">\n<h2 class=\"wp-block-heading\" id=\"h-individuelle-fahrerberichte\">Individuelle Fahrerberichte<\/h2>\n\n\n\n<p>Fahrer\u202fID ist eine zus\u00e4tzlich bei InfoDrive erh\u00e4ltliche Abo-Option.<\/p>\n\n\n\n<p><strong>Gemeinsam genutzte Fahrzeuge<\/strong><\/p>\n\n\n\n<p>Die Quartix&nbsp;<a href=\"https:\/\/www.quartix.com\/de-de\/fahrer-id\/\">Fahrer\u202fID<\/a>&nbsp;erm\u00f6glicht es Ihnen, jeden Fahrer separat zu identifizieren, falls Fahrzeuge gemeinsam genutzt werden, und die Berichte jeweils nach Fahrer und Fahrzeug zu generieren.<\/p>\n\n\n\n<p><strong>Privatnutzung<\/strong><\/p>\n\n\n\n<p>Mit Fahrer\u202fID k\u00f6nnen Sie zwischen privaten und beruflichen Fahrten unterscheiden. Falls Sie beispielsweise vertrauensw\u00fcrdigen Mitarbeitern das Fahrzeug auch an Wochenenden oder Abenden zur privaten Nutzung \u00fcberlassen, m\u00f6chten Sie das vielleicht nicht unbedingt als Firmenfahrt \u201everbuchen\u201c.<\/p>\n\n\n\n<p><a href=\"https:\/\/www.quartix.com\/de-de\/fahrer-id\/\">Erfahren Sie mehr \u00fcber unsere Fahrer\u202fID-Option.<\/a><\/p>\n<\/div>\n<\/div>\n","protected":false},"excerpt":{"rendered":"<p>Fahrtenberichte Sie haben eine gro\u00dfe Flotte oder m\u00f6chten viele Fahrten in einem einzigen Bericht sehen? Quartix bietet Ihnen eine einfache M\u00f6glichkeit, Informationen zu Gesamtkilometerleistung der Flotte, Fahrt- und Stillstandzeiten innerhalb eines bestimmten Zeitraumes zu erhalten. Egal, ob Sie die Flottendaten in einem Report nach Fahrer oder Fahrzeug ben\u00f6tigen, die Strecken-Bericht-Zusammenfassung zeigt Ihnen alle Fahrt- und [&hellip;]<\/p>\n","protected":false},"author":2,"featured_media":28117,"parent":23118,"menu_order":20,"comment_status":"closed","ping_status":"closed","template":"","meta":{"_acf_changed":false,"inline_featured_image":false,"footnotes":""},"topic":[],"qtx_campaign":[],"class_list":["post-23513","page","type-page","status-publish","has-post-thumbnail","hentry"],"acf":[],"yoast_head":"<!-- This site is optimized with the Yoast SEO Premium plugin v27.3 (Yoast SEO v27.3) - https:\/\/yoast.com\/product\/yoast-seo-premium-wordpress\/ -->\n<title>Fahrer und Fahrzeug Arbeitszeitnachweis mit Start und Endzeiten - DE<\/title>\n<meta name=\"description\" content=\"Fahrer oder Arbeitsnachweise entweder online einsehen oder in eine Excel-Datei exportieren. Enth\u00e4lt die verbrachte Zeit an jedem Standort.\" \/>\n<meta name=\"robots\" content=\"index, follow, max-snippet:-1, max-image-preview:large, max-video-preview:-1\" \/>\n<link rel=\"canonical\" href=\"https:\/\/www.quartix.com\/de-de\/fahrzeugortung\/arbeitszeitnachweise\/\" \/>\n<meta property=\"og:locale\" content=\"de_DE\" \/>\n<meta property=\"og:type\" content=\"article\" \/>\n<meta property=\"og:title\" content=\"Arbeitszeiterfassung\" \/>\n<meta property=\"og:description\" content=\"Fahrer oder Arbeitsnachweise entweder online einsehen oder in eine Excel-Datei exportieren. Enth\u00e4lt die verbrachte Zeit an jedem Standort.\" \/>\n<meta property=\"og:url\" content=\"https:\/\/www.quartix.com\/de-de\/fahrzeugortung\/arbeitszeitnachweise\/\" \/>\n<meta property=\"og:site_name\" content=\"Quartix\" \/>\n<meta property=\"article:publisher\" content=\"https:\/\/www.facebook.com\/Quartix-USA-374426386097401\/\" \/>\n<meta property=\"article:modified_time\" content=\"2026-03-17T15:28:53+00:00\" \/>\n<meta property=\"og:image\" content=\"https:\/\/www.quartix.com\/content\/uploads\/2019\/07\/trip-reporter.png\" \/>\n\t<meta property=\"og:image:width\" content=\"1642\" \/>\n\t<meta property=\"og:image:height\" content=\"967\" \/>\n\t<meta property=\"og:image:type\" content=\"image\/png\" \/>\n<meta name=\"twitter:card\" content=\"summary_large_image\" \/>\n<meta name=\"twitter:site\" content=\"@QuartixUSA\" \/>\n<meta name=\"twitter:label1\" content=\"Est. reading time\" \/>\n\t<meta name=\"twitter:data1\" content=\"3 minutes\" \/>\n<!-- \/ Yoast SEO Premium plugin. -->","yoast_head_json":{"title":"Fahrer und Fahrzeug Arbeitszeitnachweis mit Start und Endzeiten - DE","description":"Fahrer oder Arbeitsnachweise entweder online einsehen oder in eine Excel-Datei exportieren. Enth\u00e4lt die verbrachte Zeit an jedem Standort.","robots":{"index":"index","follow":"follow","max-snippet":"max-snippet:-1","max-image-preview":"max-image-preview:large","max-video-preview":"max-video-preview:-1"},"canonical":"https:\/\/www.quartix.com\/de-de\/fahrzeugortung\/arbeitszeitnachweise\/","og_locale":"de_DE","og_type":"article","og_title":"Arbeitszeiterfassung","og_description":"Fahrer oder Arbeitsnachweise entweder online einsehen oder in eine Excel-Datei exportieren. Enth\u00e4lt die verbrachte Zeit an jedem Standort.","og_url":"https:\/\/www.quartix.com\/de-de\/fahrzeugortung\/arbeitszeitnachweise\/","og_site_name":"Quartix","article_publisher":"https:\/\/www.facebook.com\/Quartix-USA-374426386097401\/","article_modified_time":"2026-03-17T15:28:53+00:00","og_image":[{"width":1642,"height":967,"url":"https:\/\/www.quartix.com\/content\/uploads\/2019\/07\/trip-reporter.png","type":"image\/png"}],"twitter_card":"summary_large_image","twitter_site":"@QuartixUSA","twitter_misc":{"Est. reading time":"3 minutes"},"schema":{"@context":"https:\/\/schema.org","@graph":[{"@type":"WebPage","@id":"https:\/\/www.quartix.com\/de-de\/fahrzeugortung\/arbeitszeitnachweise\/","url":"https:\/\/www.quartix.com\/de-de\/fahrzeugortung\/arbeitszeitnachweise\/","name":"Fahrer und Fahrzeug Arbeitszeitnachweis mit Start und Endzeiten","isPartOf":{"@id":"https:\/\/www.quartix.com\/de-de\/#website"},"primaryImageOfPage":{"@id":"https:\/\/www.quartix.com\/de-de\/fahrzeugortung\/arbeitszeitnachweise\/#primaryimage"},"image":{"@id":"https:\/\/www.quartix.com\/de-de\/fahrzeugortung\/arbeitszeitnachweise\/#primaryimage"},"thumbnailUrl":"https:\/\/www.quartix.com\/content\/uploads\/2019\/07\/trip-reporter.png","datePublished":"2019-05-29T21:54:03+00:00","dateModified":"2026-03-17T15:28:53+00:00","description":"Fahrer oder Arbeitsnachweise entweder online einsehen oder in eine Excel-Datei exportieren. Enth\u00e4lt die verbrachte Zeit an jedem Standort.","breadcrumb":{"@id":"https:\/\/www.quartix.com\/de-de\/fahrzeugortung\/arbeitszeitnachweise\/#breadcrumb"},"inLanguage":"de-DE","potentialAction":[{"@type":"ReadAction","target":["https:\/\/www.quartix.com\/de-de\/fahrzeugortung\/arbeitszeitnachweise\/"]}]},{"@type":"ImageObject","inLanguage":"de-DE","@id":"https:\/\/www.quartix.com\/de-de\/fahrzeugortung\/arbeitszeitnachweise\/#primaryimage","url":"https:\/\/www.quartix.com\/content\/uploads\/2019\/07\/trip-reporter.png","contentUrl":"https:\/\/www.quartix.com\/content\/uploads\/2019\/07\/trip-reporter.png","width":1642,"height":967},{"@type":"BreadcrumbList","@id":"https:\/\/www.quartix.com\/de-de\/fahrzeugortung\/arbeitszeitnachweise\/#breadcrumb","itemListElement":[{"@type":"ListItem","position":1,"name":"Startseite","item":"https:\/\/www.quartix.com\/de-de\/die-nr-1-fahrzeugortungsloesung-fuer-flotten-jeder-groesse\/"},{"@type":"ListItem","position":2,"name":"Fahrzeugverfolgung f\u00fcr Unternehmen","item":"https:\/\/www.quartix.com\/de-de\/fahrzeugortung\/"},{"@type":"ListItem","position":3,"name":"Arbeitszeiterfassung"}]},{"@type":"WebSite","@id":"https:\/\/www.quartix.com\/de-de\/#website","url":"https:\/\/www.quartix.com\/de-de\/","name":"Quartix","description":"Real-time vehicle tracking","publisher":{"@id":"https:\/\/www.quartix.com\/de-de\/#organization"},"potentialAction":[{"@type":"SearchAction","target":{"@type":"EntryPoint","urlTemplate":"https:\/\/www.quartix.com\/de-de\/?s={search_term_string}"},"query-input":{"@type":"PropertyValueSpecification","valueRequired":true,"valueName":"search_term_string"}}],"inLanguage":"de-DE"},{"@type":"Organization","@id":"https:\/\/www.quartix.com\/de-de\/#organization","name":"Quartix","url":"https:\/\/www.quartix.com\/de-de\/","logo":{"@type":"ImageObject","inLanguage":"de-DE","@id":"https:\/\/www.quartix.com\/de-de\/#\/schema\/logo\/image\/","url":"https:\/\/www.quartix.com\/content\/uploads\/2019\/02\/quartix-logo-eur.svg","contentUrl":"https:\/\/www.quartix.com\/content\/uploads\/2019\/02\/quartix-logo-eur.svg","width":1,"height":1,"caption":"Quartix"},"image":{"@id":"https:\/\/www.quartix.com\/de-de\/#\/schema\/logo\/image\/"},"sameAs":["https:\/\/www.facebook.com\/Quartix-USA-374426386097401\/","https:\/\/x.com\/QuartixUSA","https:\/\/www.linkedin.com\/company\/5346733\/","https:\/\/www.youtube.com\/channel\/UCzS-_GMfHF4kWiCheyIRrAQ"]}]}},"_links":{"self":[{"href":"https:\/\/www.quartix.com\/de-de\/wp-json\/wp\/v2\/pages\/23513","targetHints":{"allow":["GET"]}}],"collection":[{"href":"https:\/\/www.quartix.com\/de-de\/wp-json\/wp\/v2\/pages"}],"about":[{"href":"https:\/\/www.quartix.com\/de-de\/wp-json\/wp\/v2\/types\/page"}],"author":[{"embeddable":true,"href":"https:\/\/www.quartix.com\/de-de\/wp-json\/wp\/v2\/users\/2"}],"replies":[{"embeddable":true,"href":"https:\/\/www.quartix.com\/de-de\/wp-json\/wp\/v2\/comments?post=23513"}],"version-history":[{"count":4,"href":"https:\/\/www.quartix.com\/de-de\/wp-json\/wp\/v2\/pages\/23513\/revisions"}],"predecessor-version":[{"id":130235,"href":"https:\/\/www.quartix.com\/de-de\/wp-json\/wp\/v2\/pages\/23513\/revisions\/130235"}],"up":[{"embeddable":true,"href":"https:\/\/www.quartix.com\/de-de\/wp-json\/wp\/v2\/pages\/23118"}],"wp:featuredmedia":[{"embeddable":true,"href":"https:\/\/www.quartix.com\/de-de\/wp-json\/wp\/v2\/media\/28117"}],"wp:attachment":[{"href":"https:\/\/www.quartix.com\/de-de\/wp-json\/wp\/v2\/media?parent=23513"}],"wp:term":[{"taxonomy":"topic","embeddable":true,"href":"https:\/\/www.quartix.com\/de-de\/wp-json\/wp\/v2\/topic?post=23513"},{"taxonomy":"qtx_campaign","embeddable":true,"href":"https:\/\/www.quartix.com\/de-de\/wp-json\/wp\/v2\/qtx_campaign?post=23513"}],"curies":[{"name":"wp","href":"https:\/\/api.w.org\/{rel}","templated":true}]}}