{"id":23652,"date":"2019-06-02T15:42:16","date_gmt":"2019-06-02T15:42:16","guid":{"rendered":"https:\/\/www.quartix.com\/produkt\/fahrstil\/"},"modified":"2025-10-07T16:46:07","modified_gmt":"2025-10-07T15:46:07","slug":"fahrstil","status":"publish","type":"page","link":"https:\/\/www.quartix.com\/de-de\/fahrzeugortung\/fahrstil\/","title":{"rendered":"Fahrstil"},"content":{"rendered":"\n<div class=\"wp-block-columns is-layout-flex wp-container-core-columns-is-layout-28f84493 wp-block-columns-is-layout-flex\">\n<div class=\"wp-block-column is-layout-flow wp-block-column-is-layout-flow\">\n<h2 class=\"wp-block-heading\" id=\"h-fahrer-ranking\">Fahrer-Ranking<\/h2>\n\n\n\n<p>Vergleichen Sie das einzelne Fahrerverhalten mit dem Fahrerverhalten der gesamten Flotte. Die Fahrer werden abh\u00e4ngig von ihrem Fahrstil bewertet: gr\u00fcn steht f\u00fcr risikoarm, gelb f\u00fcr normal und rot f\u00fcr risikoreich.<\/p>\n\n\n\n<p>Die Berichte geben Ihnen Einblicke in Beschleunigungen und Bremsungen. F\u00fcr weitere Nachforschungen wird Ihnen mit nur einem Klick der Standort auf Google Maps angezeigt, wo der Vorfall stattgefunden hat.<\/p>\n<\/div>\n\n\n\n<div class=\"wp-block-column is-layout-flow wp-block-column-is-layout-flow\">\n<figure class=\"wp-block-image\"><img decoding=\"async\" src=\" https:\/\/www.quartix.com\/content\/uploads\/2019\/08\/DE_Driving-Style.gif\" alt=\"\"\/><\/figure>\n<\/div>\n<\/div>\n\n\n<section  class=\"qtx-pagebuilder-section qtx-pagebuilder-section-blockquote qtx-pagebuilder-section-blockquote-left_green_border \">\r\n        <div class=\"left_green_border\">\r\n            <blockquote>\r\n                <p>Mit der Beobachtung der Fahrstile und deren Verbesserungen k\u00f6nnen Sie bis zu 15% der Kraftstoffkosten einsparen und das Unfall- und Verletzungsrisiko verringern. Mitarbeitertraining f\u00fcr sicheres Fahren ist ganz leicht mit Quartix. Unsere Bandbreite an Berichten, einschlie\u00dflich Geschwindigkeitsverteilung und Beschleunigungs-\/Bremsprofile, stellen alle Daten bereit, die Sie ben\u00f6tigen, um ein sicheres und effizientes Fahrverhalten zu f\u00f6rdern und zu beeinflussen.<\/p>\n                            <\/blockquote>\r\n        <\/div>\r\n        <\/section>\r\n\r\n\n\n\n<div class=\"wp-block-columns is-layout-flex wp-container-core-columns-is-layout-28f84493 wp-block-columns-is-layout-flex\">\n<div class=\"wp-block-column is-layout-flow wp-block-column-is-layout-flow\">\n<figure class=\"wp-block-image\"><img decoding=\"async\" src=\" https:\/\/www.quartix.com\/content\/uploads\/2019\/08\/daily-driver-briefing_de-1000x718.png\" alt=\"\"\/><\/figure>\n<\/div>\n\n\n\n<div class=\"wp-block-column is-layout-flow wp-block-column-is-layout-flow\">\n<h2 class=\"wp-block-heading\" id=\"h-tagliche-fahrerbesprechung\">T\u00e4gliche Fahrerbesprechung<\/h2>\n\n\n\n<p>Zur Verbesserung von Fahrstilen, k\u00f6nnen Sie die Daten verwenden, um Ihren Fahrern Fahrtabschnitte zu zeigen, wo Fahrerpunkte &#8220;verloren&#8221; gegangen sind. Die Fahrer k\u00f6nnen die Daten auch selber nutzen.<\/p>\n\n\n\n<p>Der Bericht zur Fahrerbesprechung zeigt Ihnen eine \u00dcbersicht der t\u00e4glich gefahrenen Geschwindigkeiten, sowie die Beschleunigungs- und Bremsprofile. F\u00fcr mehr Informationen zum aktuellen Standort der Geschwindigkeits\u00fcberschreitungen oder scharfer Bremsman\u00f6ver einfach auf den Grafikbalken f\u00fcr Google Street View klicken.<\/p>\n\n\n\n<ul class=\"wp-block-list\">\n<li>Geschwindigkeit, Beschleunigungs- und Bremsprofile im Auge behalten<\/li>\n\n\n\n<li>Punkte zum Fahrerverhalten Einzelner mit einer Fahrzeuggruppe oder der gesamten Flotte vergleichen<\/li>\n\n\n\n<li>Kraftstoffeinsparungen und Verletzungsrisiken verringern<\/li>\n<\/ul>\n<\/div>\n<\/div>\n\n\n\n<div class=\"wp-block-columns is-layout-flex wp-container-core-columns-is-layout-28f84493 wp-block-columns-is-layout-flex\">\n<div class=\"wp-block-column is-layout-flow wp-block-column-is-layout-flow\">\n<h2 class=\"wp-block-heading\" id=\"h-fahrstiltendenzen\">Fahrstiltendenzen<\/h2>\n\n\n\n<p>Erkennen Sie schnell bedenkliche Fahrstile. In Zusammenarbeit mit Ihren Fahrern wird sich zeigen, ob sich deren Fahrstil \u00fcber die Zeit verbessert hat.<\/p>\n\n\n\n<p>Innerhalb eines Monats werden Sie erfahrungsgem\u00e4\u00df eine positive Auswirkung erkennen k\u00f6nnen. Diese Erkenntnis k\u00f6nnen Sie in das monatliche Mitarbeitergespr\u00e4ch einbeziehen oder f\u00fcr Belohnungsprogramme f\u00fcr besseres Fahrverhalten nutzen.<\/p>\n<\/div>\n\n\n\n<div class=\"wp-block-column is-layout-flow wp-block-column-is-layout-flow\">\n<figure class=\"wp-block-image\"><img decoding=\"async\" src=\" https:\/\/www.quartix.com\/content\/uploads\/2019\/08\/driving-style-trend_de-1000x487.png\" alt=\"\"\/><\/figure>\n<\/div>\n<\/div>\n\n\n\n<div class=\"wp-block-columns is-layout-flex wp-container-core-columns-is-layout-28f84493 wp-block-columns-is-layout-flex\">\n<div class=\"wp-block-column is-layout-flow wp-block-column-is-layout-flow\">\n<figure class=\"wp-block-image\"><img decoding=\"async\" src=\" https:\/\/www.quartix.com\/content\/uploads\/2018\/06\/US-Driving-Style-App.gif\" alt=\"Mobile App Driving Style\"\/><\/figure>\n<\/div>\n\n\n\n<div class=\"wp-block-column is-layout-flow wp-block-column-is-layout-flow\">\n<h2 class=\"wp-block-heading\" id=\"h-mobile-app-fur-fahrer\">Mobile App f\u00fcr Fahrer<\/h2>\n\n\n\n<p>Gestatten Sie Ihren Fahrern Zugriff auf Ihre eigenen Berichte mittels der mobilen App, ohne ihnen jedoch Zugriff auf andere Fahrerdaten zu geben. Zur Motivation k\u00f6nnen Fahrer ihre eigenen Punkte und Ergebnisse am Ende jedes Tages einsehen.<\/p>\n\n\n\n<p>Die Fahrer k\u00f6nnen beispielsweise die gefahrene Geschwindigkeit zu bestimmten Zeitpunkten eines Tages einsehen. Auch k\u00f6nnen Sie den Beschleunigungs- und Brems-Index f\u00fcr denselben Zeitraum betrachten.<\/p>\n\n\n\n<p>Die t\u00e4glichen Fahrerpunkte sind klar ersichtlich, so dass der Fahrstil f\u00fcr jeden Tages analysiert werden kann. Sie k\u00f6nnen auch vorhergehende Tage aufrufen, um zu sehen, ob und wie sich der Fahrstil verbessert hat.<\/p>\n\n\n\n<p>Die App kann kostenlos heruntergeladen werden. Es gibt keine Beschr\u00e4nkung der Personenzahl, welche die App benutzen und herunterladen k\u00f6nnen.<\/p>\n<\/div>\n<\/div>\n","protected":false},"excerpt":{"rendered":"<p>Fahrer-Ranking Vergleichen Sie das einzelne Fahrerverhalten mit dem Fahrerverhalten der gesamten Flotte. Die Fahrer werden abh\u00e4ngig von ihrem Fahrstil bewertet: gr\u00fcn steht f\u00fcr risikoarm, gelb f\u00fcr normal und rot f\u00fcr risikoreich. Die Berichte geben Ihnen Einblicke in Beschleunigungen und Bremsungen. F\u00fcr weitere Nachforschungen wird Ihnen mit nur einem Klick der Standort auf Google Maps angezeigt, [&hellip;]<\/p>\n","protected":false},"author":2,"featured_media":22016,"parent":23118,"menu_order":30,"comment_status":"closed","ping_status":"closed","template":"","meta":{"_acf_changed":false,"inline_featured_image":false,"footnotes":""},"topic":[1869],"qtx_campaign":[],"class_list":["post-23652","page","type-page","status-publish","has-post-thumbnail","hentry","topic-fahrer-management"],"acf":[],"yoast_head":"<!-- This site is optimized with the Yoast SEO Premium plugin v27.2 (Yoast SEO v27.2) - https:\/\/yoast.com\/product\/yoast-seo-premium-wordpress\/ -->\n<title>Fahrersicherheit - Fahrstil und Geschwindigkeitsanalyse - DE<\/title>\n<meta name=\"description\" content=\"Fahrstilanalyse und Fahrersicherheit. Fahrstile verbessern, bis zu 25% der Kraftstoff- und Wartungskosten einsparen. Geschwindigkeiten, Beschleunigungs- und Bremsprofile im Auge behalten.\" \/>\n<meta name=\"robots\" content=\"index, follow, max-snippet:-1, max-image-preview:large, max-video-preview:-1\" \/>\n<link rel=\"canonical\" href=\"https:\/\/www.quartix.com\/de-de\/fahrzeugortung\/fahrstil\/\" \/>\n<meta property=\"og:locale\" content=\"de_DE\" \/>\n<meta property=\"og:type\" content=\"article\" \/>\n<meta property=\"og:title\" content=\"Fahrstil\" \/>\n<meta property=\"og:description\" content=\"Fahrstilanalyse und Fahrersicherheit. Fahrstile verbessern, bis zu 25% der Kraftstoff- und Wartungskosten einsparen. Geschwindigkeiten, Beschleunigungs- und Bremsprofile im Auge behalten.\" \/>\n<meta property=\"og:url\" content=\"https:\/\/www.quartix.com\/de-de\/fahrzeugortung\/fahrstil\/\" \/>\n<meta property=\"og:site_name\" content=\"Quartix\" \/>\n<meta property=\"article:publisher\" content=\"https:\/\/www.facebook.com\/Quartix-USA-374426386097401\/\" \/>\n<meta property=\"article:modified_time\" content=\"2025-10-07T15:46:07+00:00\" \/>\n<meta property=\"og:image\" content=\"https:\/\/www.quartix.com\/content\/uploads\/2019\/05\/us-driving-style-league-table.png\" \/>\n\t<meta property=\"og:image:width\" content=\"1182\" \/>\n\t<meta property=\"og:image:height\" content=\"686\" \/>\n\t<meta property=\"og:image:type\" content=\"image\/png\" \/>\n<meta name=\"twitter:card\" content=\"summary_large_image\" \/>\n<meta name=\"twitter:site\" content=\"@QuartixUSA\" \/>\n<meta name=\"twitter:label1\" content=\"Est. reading time\" \/>\n\t<meta name=\"twitter:data1\" content=\"3 minutes\" \/>\n<!-- \/ Yoast SEO Premium plugin. -->","yoast_head_json":{"title":"Fahrersicherheit - Fahrstil und Geschwindigkeitsanalyse - DE","description":"Fahrstilanalyse und Fahrersicherheit. Fahrstile verbessern, bis zu 25% der Kraftstoff- und Wartungskosten einsparen. Geschwindigkeiten, Beschleunigungs- und Bremsprofile im Auge behalten.","robots":{"index":"index","follow":"follow","max-snippet":"max-snippet:-1","max-image-preview":"max-image-preview:large","max-video-preview":"max-video-preview:-1"},"canonical":"https:\/\/www.quartix.com\/de-de\/fahrzeugortung\/fahrstil\/","og_locale":"de_DE","og_type":"article","og_title":"Fahrstil","og_description":"Fahrstilanalyse und Fahrersicherheit. Fahrstile verbessern, bis zu 25% der Kraftstoff- und Wartungskosten einsparen. Geschwindigkeiten, Beschleunigungs- und Bremsprofile im Auge behalten.","og_url":"https:\/\/www.quartix.com\/de-de\/fahrzeugortung\/fahrstil\/","og_site_name":"Quartix","article_publisher":"https:\/\/www.facebook.com\/Quartix-USA-374426386097401\/","article_modified_time":"2025-10-07T15:46:07+00:00","og_image":[{"width":1182,"height":686,"url":"https:\/\/www.quartix.com\/content\/uploads\/2019\/05\/us-driving-style-league-table.png","type":"image\/png"}],"twitter_card":"summary_large_image","twitter_site":"@QuartixUSA","twitter_misc":{"Est. reading time":"3 minutes"},"schema":{"@context":"https:\/\/schema.org","@graph":[{"@type":"WebPage","@id":"https:\/\/www.quartix.com\/de-de\/fahrzeugortung\/fahrstil\/","url":"https:\/\/www.quartix.com\/de-de\/fahrzeugortung\/fahrstil\/","name":"Fahrersicherheit - Fahrstil und Geschwindigkeitsanalyse","isPartOf":{"@id":"https:\/\/www.quartix.com\/de-de\/#website"},"primaryImageOfPage":{"@id":"https:\/\/www.quartix.com\/de-de\/fahrzeugortung\/fahrstil\/#primaryimage"},"image":{"@id":"https:\/\/www.quartix.com\/de-de\/fahrzeugortung\/fahrstil\/#primaryimage"},"thumbnailUrl":"https:\/\/www.quartix.com\/content\/uploads\/2019\/05\/us-driving-style-league-table.png","datePublished":"2019-06-02T15:42:16+00:00","dateModified":"2025-10-07T15:46:07+00:00","description":"Fahrstilanalyse und Fahrersicherheit. Fahrstile verbessern, bis zu 25% der Kraftstoff- und Wartungskosten einsparen. Geschwindigkeiten, Beschleunigungs- und Bremsprofile im Auge behalten.","breadcrumb":{"@id":"https:\/\/www.quartix.com\/de-de\/fahrzeugortung\/fahrstil\/#breadcrumb"},"inLanguage":"de-DE","potentialAction":[{"@type":"ReadAction","target":["https:\/\/www.quartix.com\/de-de\/fahrzeugortung\/fahrstil\/"]}]},{"@type":"ImageObject","inLanguage":"de-DE","@id":"https:\/\/www.quartix.com\/de-de\/fahrzeugortung\/fahrstil\/#primaryimage","url":"https:\/\/www.quartix.com\/content\/uploads\/2019\/05\/us-driving-style-league-table.png","contentUrl":"https:\/\/www.quartix.com\/content\/uploads\/2019\/05\/us-driving-style-league-table.png","width":1182,"height":686},{"@type":"BreadcrumbList","@id":"https:\/\/www.quartix.com\/de-de\/fahrzeugortung\/fahrstil\/#breadcrumb","itemListElement":[{"@type":"ListItem","position":1,"name":"Startseite","item":"https:\/\/www.quartix.com\/de-de\/die-nr-1-fahrzeugortungsloesung-fuer-flotten-jeder-groesse\/"},{"@type":"ListItem","position":2,"name":"Fahrzeugverfolgung f\u00fcr Unternehmen","item":"https:\/\/www.quartix.com\/de-de\/fahrzeugortung\/"},{"@type":"ListItem","position":3,"name":"Fahrstil"}]},{"@type":"WebSite","@id":"https:\/\/www.quartix.com\/de-de\/#website","url":"https:\/\/www.quartix.com\/de-de\/","name":"Quartix","description":"Real-time vehicle tracking","publisher":{"@id":"https:\/\/www.quartix.com\/de-de\/#organization"},"potentialAction":[{"@type":"SearchAction","target":{"@type":"EntryPoint","urlTemplate":"https:\/\/www.quartix.com\/de-de\/?s={search_term_string}"},"query-input":{"@type":"PropertyValueSpecification","valueRequired":true,"valueName":"search_term_string"}}],"inLanguage":"de-DE"},{"@type":"Organization","@id":"https:\/\/www.quartix.com\/de-de\/#organization","name":"Quartix","url":"https:\/\/www.quartix.com\/de-de\/","logo":{"@type":"ImageObject","inLanguage":"de-DE","@id":"https:\/\/www.quartix.com\/de-de\/#\/schema\/logo\/image\/","url":"https:\/\/www.quartix.com\/content\/uploads\/2019\/02\/quartix-logo-eur.svg","contentUrl":"https:\/\/www.quartix.com\/content\/uploads\/2019\/02\/quartix-logo-eur.svg","width":1,"height":1,"caption":"Quartix"},"image":{"@id":"https:\/\/www.quartix.com\/de-de\/#\/schema\/logo\/image\/"},"sameAs":["https:\/\/www.facebook.com\/Quartix-USA-374426386097401\/","https:\/\/x.com\/QuartixUSA","https:\/\/www.linkedin.com\/company\/5346733\/","https:\/\/www.youtube.com\/channel\/UCzS-_GMfHF4kWiCheyIRrAQ"]}]}},"_links":{"self":[{"href":"https:\/\/www.quartix.com\/de-de\/wp-json\/wp\/v2\/pages\/23652","targetHints":{"allow":["GET"]}}],"collection":[{"href":"https:\/\/www.quartix.com\/de-de\/wp-json\/wp\/v2\/pages"}],"about":[{"href":"https:\/\/www.quartix.com\/de-de\/wp-json\/wp\/v2\/types\/page"}],"author":[{"embeddable":true,"href":"https:\/\/www.quartix.com\/de-de\/wp-json\/wp\/v2\/users\/2"}],"replies":[{"embeddable":true,"href":"https:\/\/www.quartix.com\/de-de\/wp-json\/wp\/v2\/comments?post=23652"}],"version-history":[{"count":1,"href":"https:\/\/www.quartix.com\/de-de\/wp-json\/wp\/v2\/pages\/23652\/revisions"}],"predecessor-version":[{"id":125306,"href":"https:\/\/www.quartix.com\/de-de\/wp-json\/wp\/v2\/pages\/23652\/revisions\/125306"}],"up":[{"embeddable":true,"href":"https:\/\/www.quartix.com\/de-de\/wp-json\/wp\/v2\/pages\/23118"}],"wp:featuredmedia":[{"embeddable":true,"href":"https:\/\/www.quartix.com\/de-de\/wp-json\/wp\/v2\/media\/22016"}],"wp:attachment":[{"href":"https:\/\/www.quartix.com\/de-de\/wp-json\/wp\/v2\/media?parent=23652"}],"wp:term":[{"taxonomy":"topic","embeddable":true,"href":"https:\/\/www.quartix.com\/de-de\/wp-json\/wp\/v2\/topic?post=23652"},{"taxonomy":"qtx_campaign","embeddable":true,"href":"https:\/\/www.quartix.com\/de-de\/wp-json\/wp\/v2\/qtx_campaign?post=23652"}],"curies":[{"name":"wp","href":"https:\/\/api.w.org\/{rel}","templated":true}]}}