{"id":23656,"date":"2019-06-02T17:44:59","date_gmt":"2019-06-02T17:44:59","guid":{"rendered":"https:\/\/www.quartix.com\/produkt\/konfiguration\/"},"modified":"2025-10-08T14:36:06","modified_gmt":"2025-10-08T13:36:06","slug":"konfiguration","status":"publish","type":"page","link":"https:\/\/www.quartix.com\/de-de\/fahrzeugortung\/konfiguration\/","title":{"rendered":"Konfiguration"},"content":{"rendered":"\n<div class=\"wp-block-columns is-layout-flex wp-container-core-columns-is-layout-28f84493 wp-block-columns-is-layout-flex\">\n<div class=\"wp-block-column is-layout-flow wp-block-column-is-layout-flow\">\n<h2 class=\"wp-block-heading\" id=\"h-eine-benutzerdefinierte-ortungslosung\">Eine benutzerdefinierte Ortungsl\u00f6sung<\/h2>\n\n\n\n<p>Jedes Fahrzeug kann durch Sie oder uns so konfiguriert werden, dass die Reporte genau an Ihre Bed\u00fcrfnisse angepasst sind.<\/p>\n\n\n\n<p>Ein detailliertes <a href=\" https:\/\/www.quartix.com\/de-de\/lernen\/webinare\/\">Video<\/a> zeigt Ihnen, wie Sie die nachfolgenden Konfigurationen \u00e4ndern k\u00f6nnen:<\/p>\n\n\n\n<ul class=\"wp-block-list\">\n<li>Wie Sie Fahrerdetails bearbeiten k\u00f6nnen<\/li>\n\n\n\n<li>Wie Sie Fahrzeugdetails bearbeiten k\u00f6nnen<\/li>\n\n\n\n<li>Wie Sie eine &#8220;Gruppe&#8221; von Fahrzeugen zur Datenfassung erstellen<\/li>\n\n\n\n<li>Benutzereinstellungen bearbeiten<\/li>\n\n\n\n<li>T\u00dcV, Kraftfahrzeugsteuer, Wartungs und Versicherungstermine hinzuf\u00fcgen<\/li>\n\n\n\n<li>Wie Sie die privat genutzte Zeit der Fahrzeuge erfassen<\/li>\n\n\n\n<li>Wie Sie das Polygon-Feld bearbeiten<\/li>\n\n\n\n<li>Wie Sie Ihre eigenen Standorte verwalten<\/li>\n<\/ul>\n<\/div>\n\n\n\n<div class=\"wp-block-column is-layout-flow wp-block-column-is-layout-flow\">\n<figure class=\"wp-block-image\"><img decoding=\"async\" src=\" https:\/\/www.quartix.com\/content\/uploads\/2019\/08\/DE_Configurations.gif\" alt=\"\"\/><\/figure>\n<\/div>\n<\/div>\n\n\n\n<div class=\"wp-block-columns is-layout-flex wp-container-core-columns-is-layout-28f84493 wp-block-columns-is-layout-flex\">\n<div class=\"wp-block-column is-layout-flow wp-block-column-is-layout-flow\">\n<figure class=\"wp-block-image\"><img decoding=\"async\" src=\" https:\/\/www.quartix.com\/content\/uploads\/2019\/08\/live-tracking-with-options_de-1000x486.png\" alt=\"\"\/><\/figure>\n<\/div>\n\n\n\n<div class=\"wp-block-column is-layout-flow wp-block-column-is-layout-flow\">\n<h2 class=\"wp-block-heading\" id=\"h-eigene-standorte\">Eigene Standorte<\/h2>\n\n\n\n<p>Eine Liste eigener Standorte wird unmittelbar unterhalb der Karte angezeigt. Die Anzahl stimmt mit denjenigen in den blauen Kreisen auf der Karte \u00fcberein. Position und Radius k\u00f6nnen ver\u00e4ndert werden, indem Sie auf den Namen des Standortes klicken. <\/p>\n\n\n\n<p>Einen neuen Standort hinzuf\u00fcgen ist genauso einfach: Einfach auf den Link ganz oben auf der Tabelle klicken. Das Dialogfenster &#8220;Standort bearbeiten&#8221; erscheint mit einem neuen Eingabefeld, welches dann entsprechend bezeichnet oder ver\u00e4ndert werden kann.<\/p>\n<\/div>\n<\/div>\n\n\n\n<div class=\"wp-block-columns is-layout-flex wp-container-core-columns-is-layout-28f84493 wp-block-columns-is-layout-flex\">\n<div class=\"wp-block-column is-layout-flow wp-block-column-is-layout-flow\">\n<h2 class=\"wp-block-heading\" id=\"h-privat-oder-firmennutzung\">Privat- oder Firmennutzung<\/h2>\n\n\n\n<p>Quartix l\u00e4sst Sie bestimmen, wann ein Flottenfahrzeug geortet werden soll und wann nicht, indem Sie ein Privatmodus f\u00fcr ein bestimmtes Fahrzeug bestimmen. Zum Schutz der Privatsph\u00e4re der Mitarbeiter kann festgelegt werden, welche Mitarbeiter Daten einsehen k\u00f6nnen. Beispielsweise k\u00f6nnen die Stunden f\u00fcr Wochentage und Wochenenden bestimmt werden oder keine Ortung w\u00e4hrend der Urlaubstage Ihrer Mitarbeiter.<\/p>\n\n\n\n<p><strong>Abstellen der Fahrzeugortung&nbsp;<\/strong>&#8211; Die Ortung von Fahrzeugbewegungen au\u00dferhalb der Gesch\u00e4ftzeiten kann deaktiviert werden. Das System wird \u00fcber die Kilometerleistungen f\u00fcr diesen Zeitraum informieren, jedoch werden die besuchten Orte nicht angezeigt.<\/p>\n\n\n\n<p><strong>Zugriffsrechte&nbsp;<\/strong>&#8211; Benutzerkonten k\u00f6nnen so eingerichtet werden, dass nur auf bestimmte Ortungsdaten zugegriffen werden kann. Bespielsweise ist es f\u00fcr Ihr Kundenbetreuungsteam nur wichtig zu wissen, wo sich alle Mitarbeiter befinden, um die n\u00e4chstliegende Person f\u00fcr den Auftrag zu finden. Es wird jedoch kein Zugriff auf die Arbeitsstunden oder Arbeitszeitnachweise ben\u00f6tigt.<\/p>\n<\/div>\n\n\n\n<div class=\"wp-block-column is-layout-flow wp-block-column-is-layout-flow\">\n<figure class=\"wp-block-image\"><img decoding=\"async\" src=\" https:\/\/www.quartix.com\/content\/uploads\/2019\/08\/privacy-controls_de.png\" alt=\"\"\/><\/figure>\n<\/div>\n<\/div>\n","protected":false},"excerpt":{"rendered":"<p>Eine benutzerdefinierte Ortungsl\u00f6sung Jedes Fahrzeug kann durch Sie oder uns so konfiguriert werden, dass die Reporte genau an Ihre Bed\u00fcrfnisse angepasst sind. Ein detailliertes Video zeigt Ihnen, wie Sie die nachfolgenden Konfigurationen \u00e4ndern k\u00f6nnen: Eigene Standorte Eine Liste eigener Standorte wird unmittelbar unterhalb der Karte angezeigt. Die Anzahl stimmt mit denjenigen in den blauen Kreisen [&hellip;]<\/p>\n","protected":false},"author":2,"featured_media":0,"parent":23118,"menu_order":60,"comment_status":"closed","ping_status":"closed","template":"","meta":{"_acf_changed":false,"inline_featured_image":false,"footnotes":""},"topic":[],"qtx_campaign":[],"class_list":["post-23656","page","type-page","status-publish","hentry"],"acf":[],"yoast_head":"<!-- This site is optimized with the Yoast SEO Premium plugin v27.3 (Yoast SEO v27.3) - https:\/\/yoast.com\/product\/yoast-seo-premium-wordpress\/ -->\n<title>Einfach zu bearbeitendes Fahrzeugortungssystem - DE<\/title>\n<meta name=\"description\" content=\"Quartix bietet vielseitig konfigurierbare Ortungsl\u00f6sungen f\u00fcr Flotten aller Gr\u00f6\u00dfen. Benutzerdefinierte Standorte hinzuf\u00fcgen, die privaten Stunden der Fahrer bestimmen, Geozonen bearbeiten.\" \/>\n<meta name=\"robots\" content=\"index, follow, max-snippet:-1, max-image-preview:large, max-video-preview:-1\" \/>\n<link rel=\"canonical\" href=\"https:\/\/www.quartix.com\/de-de\/fahrzeugortung\/konfiguration\/\" \/>\n<meta property=\"og:locale\" content=\"de_DE\" \/>\n<meta property=\"og:type\" content=\"article\" \/>\n<meta property=\"og:title\" content=\"Konfiguration\" \/>\n<meta property=\"og:description\" content=\"Quartix bietet vielseitig konfigurierbare Ortungsl\u00f6sungen f\u00fcr Flotten aller Gr\u00f6\u00dfen. Benutzerdefinierte Standorte hinzuf\u00fcgen, die privaten Stunden der Fahrer bestimmen, Geozonen bearbeiten.\" \/>\n<meta property=\"og:url\" content=\"https:\/\/www.quartix.com\/de-de\/fahrzeugortung\/konfiguration\/\" \/>\n<meta property=\"og:site_name\" content=\"Quartix\" \/>\n<meta property=\"article:publisher\" content=\"https:\/\/www.facebook.com\/Quartix-USA-374426386097401\/\" \/>\n<meta property=\"article:modified_time\" content=\"2025-10-08T13:36:06+00:00\" \/>\n<meta name=\"twitter:card\" content=\"summary_large_image\" \/>\n<meta name=\"twitter:site\" content=\"@QuartixUSA\" \/>\n<meta name=\"twitter:label1\" content=\"Est. reading time\" \/>\n\t<meta name=\"twitter:data1\" content=\"3 minutes\" \/>\n<!-- \/ Yoast SEO Premium plugin. -->","yoast_head_json":{"title":"Einfach zu bearbeitendes Fahrzeugortungssystem - DE","description":"Quartix bietet vielseitig konfigurierbare Ortungsl\u00f6sungen f\u00fcr Flotten aller Gr\u00f6\u00dfen. Benutzerdefinierte Standorte hinzuf\u00fcgen, die privaten Stunden der Fahrer bestimmen, Geozonen bearbeiten.","robots":{"index":"index","follow":"follow","max-snippet":"max-snippet:-1","max-image-preview":"max-image-preview:large","max-video-preview":"max-video-preview:-1"},"canonical":"https:\/\/www.quartix.com\/de-de\/fahrzeugortung\/konfiguration\/","og_locale":"de_DE","og_type":"article","og_title":"Konfiguration","og_description":"Quartix bietet vielseitig konfigurierbare Ortungsl\u00f6sungen f\u00fcr Flotten aller Gr\u00f6\u00dfen. Benutzerdefinierte Standorte hinzuf\u00fcgen, die privaten Stunden der Fahrer bestimmen, Geozonen bearbeiten.","og_url":"https:\/\/www.quartix.com\/de-de\/fahrzeugortung\/konfiguration\/","og_site_name":"Quartix","article_publisher":"https:\/\/www.facebook.com\/Quartix-USA-374426386097401\/","article_modified_time":"2025-10-08T13:36:06+00:00","twitter_card":"summary_large_image","twitter_site":"@QuartixUSA","twitter_misc":{"Est. reading time":"3 minutes"},"schema":{"@context":"https:\/\/schema.org","@graph":[{"@type":"WebPage","@id":"https:\/\/www.quartix.com\/de-de\/fahrzeugortung\/konfiguration\/","url":"https:\/\/www.quartix.com\/de-de\/fahrzeugortung\/konfiguration\/","name":"Einfach zu bearbeitendes Fahrzeugortungssystem","isPartOf":{"@id":"https:\/\/www.quartix.com\/de-de\/#website"},"datePublished":"2019-06-02T17:44:59+00:00","dateModified":"2025-10-08T13:36:06+00:00","description":"Quartix bietet vielseitig konfigurierbare Ortungsl\u00f6sungen f\u00fcr Flotten aller Gr\u00f6\u00dfen. Benutzerdefinierte Standorte hinzuf\u00fcgen, die privaten Stunden der Fahrer bestimmen, Geozonen bearbeiten.","breadcrumb":{"@id":"https:\/\/www.quartix.com\/de-de\/fahrzeugortung\/konfiguration\/#breadcrumb"},"inLanguage":"de-DE","potentialAction":[{"@type":"ReadAction","target":["https:\/\/www.quartix.com\/de-de\/fahrzeugortung\/konfiguration\/"]}]},{"@type":"BreadcrumbList","@id":"https:\/\/www.quartix.com\/de-de\/fahrzeugortung\/konfiguration\/#breadcrumb","itemListElement":[{"@type":"ListItem","position":1,"name":"Startseite","item":"https:\/\/www.quartix.com\/de-de\/die-nr-1-fahrzeugortungsloesung-fuer-flotten-jeder-groesse\/"},{"@type":"ListItem","position":2,"name":"Fahrzeugverfolgung f\u00fcr Unternehmen","item":"https:\/\/www.quartix.com\/de-de\/fahrzeugortung\/"},{"@type":"ListItem","position":3,"name":"Konfiguration"}]},{"@type":"WebSite","@id":"https:\/\/www.quartix.com\/de-de\/#website","url":"https:\/\/www.quartix.com\/de-de\/","name":"Quartix","description":"Real-time vehicle tracking","publisher":{"@id":"https:\/\/www.quartix.com\/de-de\/#organization"},"potentialAction":[{"@type":"SearchAction","target":{"@type":"EntryPoint","urlTemplate":"https:\/\/www.quartix.com\/de-de\/?s={search_term_string}"},"query-input":{"@type":"PropertyValueSpecification","valueRequired":true,"valueName":"search_term_string"}}],"inLanguage":"de-DE"},{"@type":"Organization","@id":"https:\/\/www.quartix.com\/de-de\/#organization","name":"Quartix","url":"https:\/\/www.quartix.com\/de-de\/","logo":{"@type":"ImageObject","inLanguage":"de-DE","@id":"https:\/\/www.quartix.com\/de-de\/#\/schema\/logo\/image\/","url":"https:\/\/www.quartix.com\/content\/uploads\/2019\/02\/quartix-logo-eur.svg","contentUrl":"https:\/\/www.quartix.com\/content\/uploads\/2019\/02\/quartix-logo-eur.svg","width":1,"height":1,"caption":"Quartix"},"image":{"@id":"https:\/\/www.quartix.com\/de-de\/#\/schema\/logo\/image\/"},"sameAs":["https:\/\/www.facebook.com\/Quartix-USA-374426386097401\/","https:\/\/x.com\/QuartixUSA","https:\/\/www.linkedin.com\/company\/5346733\/","https:\/\/www.youtube.com\/channel\/UCzS-_GMfHF4kWiCheyIRrAQ"]}]}},"_links":{"self":[{"href":"https:\/\/www.quartix.com\/de-de\/wp-json\/wp\/v2\/pages\/23656","targetHints":{"allow":["GET"]}}],"collection":[{"href":"https:\/\/www.quartix.com\/de-de\/wp-json\/wp\/v2\/pages"}],"about":[{"href":"https:\/\/www.quartix.com\/de-de\/wp-json\/wp\/v2\/types\/page"}],"author":[{"embeddable":true,"href":"https:\/\/www.quartix.com\/de-de\/wp-json\/wp\/v2\/users\/2"}],"replies":[{"embeddable":true,"href":"https:\/\/www.quartix.com\/de-de\/wp-json\/wp\/v2\/comments?post=23656"}],"version-history":[{"count":1,"href":"https:\/\/www.quartix.com\/de-de\/wp-json\/wp\/v2\/pages\/23656\/revisions"}],"predecessor-version":[{"id":125316,"href":"https:\/\/www.quartix.com\/de-de\/wp-json\/wp\/v2\/pages\/23656\/revisions\/125316"}],"up":[{"embeddable":true,"href":"https:\/\/www.quartix.com\/de-de\/wp-json\/wp\/v2\/pages\/23118"}],"wp:attachment":[{"href":"https:\/\/www.quartix.com\/de-de\/wp-json\/wp\/v2\/media?parent=23656"}],"wp:term":[{"taxonomy":"topic","embeddable":true,"href":"https:\/\/www.quartix.com\/de-de\/wp-json\/wp\/v2\/topic?post=23656"},{"taxonomy":"qtx_campaign","embeddable":true,"href":"https:\/\/www.quartix.com\/de-de\/wp-json\/wp\/v2\/qtx_campaign?post=23656"}],"curies":[{"name":"wp","href":"https:\/\/api.w.org\/{rel}","templated":true}]}}