{"id":23664,"date":"2019-06-04T06:32:11","date_gmt":"2019-06-04T06:32:11","guid":{"rendered":"https:\/\/www.quartix.com\/produkt\/benachrichtigungen\/"},"modified":"2025-10-07T17:04:24","modified_gmt":"2025-10-07T16:04:24","slug":"benachrichtigungen","status":"publish","type":"page","link":"https:\/\/www.quartix.com\/de-de\/fahrzeugortung\/benachrichtigungen\/","title":{"rendered":"Benachrichtigungen"},"content":{"rendered":"\n<div class=\"wp-block-columns is-layout-flex wp-container-core-columns-is-layout-28f84493 wp-block-columns-is-layout-flex\">\n<div class=\"wp-block-column is-layout-flow wp-block-column-is-layout-flow\">\n<h2 class=\"wp-block-heading\" id=\"h-erstellen-sie-ihre-eigenen-geografischen-zonen\">Erstellen Sie Ihre eigenen geografischen Zonen<\/h2>\n\n\n\n<p>Wenn die Fahrzeuge sich zu bestimmen Zeiten entweder innerhalb oder au\u00dferhalb eines bestimmten Gebietes aufhalten sollen, werden Benachrichtigungen in Echtzeit versandt, sollten diese Regeln gebrochen werden. Es k\u00f6nnen beliebig viele geofrafische Zonen erstellt werden. Ganz einfach die gew\u00fcnschten Zonen auf unserer Karte mit Hilfe eines einfachen Zeichenger\u00e4ts markieren.<\/p>\n<\/div>\n\n\n\n<div class=\"wp-block-column is-layout-flow wp-block-column-is-layout-flow\">\n<figure class=\"wp-block-image\"><img decoding=\"async\" src=\" https:\/\/www.quartix.com\/content\/uploads\/2020\/02\/DE_Geofencing.gif\" alt=\"\"\/><\/figure>\n<\/div>\n<\/div>\n\n\n\n<div class=\"wp-block-columns is-layout-flex wp-container-core-columns-is-layout-28f84493 wp-block-columns-is-layout-flex\">\n<div class=\"wp-block-column is-layout-flow wp-block-column-is-layout-flow\">\n<figure class=\"wp-block-image\"><img decoding=\"async\" src=\" https:\/\/www.quartix.com\/content\/uploads\/2020\/02\/geofencing_de-1000x489.png\" alt=\"\"\/><\/figure>\n<\/div>\n\n\n\n<div class=\"wp-block-column is-layout-flow wp-block-column-is-layout-flow\">\n<h2 class=\"wp-block-heading\" id=\"h-festgelegte-oder-unerlaubte-geozonen-definieren\">Festgelegte oder unerlaubte Geozonen definieren<\/h2>\n\n\n\n<p>Regeln f\u00fcr jede Zone festlegen. Im festgelgten Modus m\u00fcssen die Fahrzeuge sich innerhalb der definierten Zonen zu den festgelegten Zeiten aufhalten. Im unerlaubten Modus d\u00fcrfen Sie nicht in eine bestimmte Zone einfahren. Zum Beispiel:<\/p>\n\n\n\n<p><strong>Ein Firmeninhaber m\u00f6chte sicherstellen, dass seine Mitarbeiter w\u00e4hrend der Arbeitszeiten nicht an ihren Wohnsitz fahren.<\/strong><\/p>\n\n\n\n<p><em><strong>L\u00f6sung<\/strong><\/em> &#8211; Den Wohnsitz der Fahrer als einen &#8216;Quartix Benannten Standort: &#8216;Unerlaubte Zone&#8217; einrichten an Wochentagen zwischen 8-18 Uhr.<\/p>\n\n\n\n<p><strong>Ein Flottenmanager in der Stadt muss sicherstellen, dass sich die Fahrzeuge zu allen Zeiten innerhalb der Stadtgrenze befinden.<\/strong><\/p>\n\n\n\n<p><em><strong>L\u00f6sung&nbsp;<\/strong><\/em>&#8211; Eine geografische Zone um die Stadt herum als eine festgelegte Zone erstellen. Jegliche Fahrzeuge, welche die Zone verlassen, l\u00f6sen eine Alarmmeldung aus.<\/p>\n<\/div>\n<\/div>\n\n\n\n<div class=\"wp-block-columns is-layout-flex wp-container-core-columns-is-layout-28f84493 wp-block-columns-is-layout-flex\">\n<div class=\"wp-block-column is-layout-flow wp-block-column-is-layout-flow\">\n<h2 class=\"wp-block-heading\" id=\"h-echtzeit-benachrichtigungen\">Echtzeit-Benachrichtigungen<\/h2>\n\n\n\n<p>Wenn Geozonen Regeln gebrochen werden, wird eine Benachrichtigung \u00fcber E-Mail versandt, um so das Verhalten zu analysieren und korrigieren sowie Ihnen mehr Kontrolle \u00fcber Ihre Flotte zu geben. Benachrichtigungen sind unbegrenzt und in der Monatsgeb\u00fchr enthalten.<\/p>\n<\/div>\n\n\n\n<div class=\"wp-block-column is-layout-flow wp-block-column-is-layout-flow\">\n<figure class=\"wp-block-image\"><img decoding=\"async\" src=\" https:\/\/www.quartix.com\/content\/uploads\/2017\/11\/alerts.png\" alt=\"\"\/><\/figure>\n<\/div>\n<\/div>\n\n\n\n<div class=\"wp-block-columns is-layout-flex wp-container-core-columns-is-layout-28f84493 wp-block-columns-is-layout-flex\">\n<div class=\"wp-block-column is-layout-flow wp-block-column-is-layout-flow\">        <a href=\"https:\/\/www.quartix.com\/content\/uploads\/2018\/11\/monthly-speed-report.jpg\" data-lity data-lity-desc=\"monthly speed report\" class=\"lightbox thumbnail\">\r\n                                    <figure class=\"wp-block-image\">\r\n                                    <img decoding=\"async\" loading=\"lazy\" src=\"https:\/\/www.quartix.com\/content\/uploads\/2018\/11\/monthly-speed-report-1000x662.jpg\" alt=\"monthly speed report\">\r\n                                <\/figure>\r\n                    <\/a>\r\n        <\/div>\n\n\n\n<div class=\"wp-block-column is-layout-flow wp-block-column-is-layout-flow\">\n<h2 class=\"wp-block-heading\" id=\"h-monatliche-reporte-zur-geschwindigkeitsuberschreitung\">Monatliche Reporte zur Geschwindigkeits\u00fcberschreitung<\/h2>\n\n\n\n<p>Sicherheit und Gesundheit sind von gr\u00f6\u00dfter Bedeutung f\u00fcr die Verwaltung Ihrer mobilen Mitarbeiter.<\/p>\n\n\n\n<p>Monatliche Reporte zur Geschwindigkeits\u00fcberschreitung sind erg\u00e4nzend zum Fahrstilreport. Alle Geschwindigkeits\u00fcberschreitungen werden in einer bestimmten Gruppe oder der ganzen Flotte f\u00fcr den Monat zusammengefasst. Es funktioniert wie folgt:<\/p>\n\n\n\n<ul class=\"wp-block-list\">\n<li>Eine Gruppe von Fahrzeugen w\u00e4hlen, Monat und Mindestgeschwindigkeit &#8211; zum Beispiel 90 kmh.<\/li>\n\n\n\n<li>Die Geschwindigkeit, Datum und Uhrzeit f\u00fcr jedes Vorkommnis zusammen mit verbrachten Zeit \u00fcber der Mindestgeschwindigkeit einsehen.<\/li>\n\n\n\n<li>Links zu den t\u00e4glichen Streckenkarten mit den Standorten der Vorkommnisse.<\/li>\n<\/ul>\n<\/div>\n<\/div>\n","protected":false},"excerpt":{"rendered":"<p>Erstellen Sie Ihre eigenen geografischen Zonen Wenn die Fahrzeuge sich zu bestimmen Zeiten entweder innerhalb oder au\u00dferhalb eines bestimmten Gebietes aufhalten sollen, werden Benachrichtigungen in Echtzeit versandt, sollten diese Regeln gebrochen werden. Es k\u00f6nnen beliebig viele geofrafische Zonen erstellt werden. Ganz einfach die gew\u00fcnschten Zonen auf unserer Karte mit Hilfe eines einfachen Zeichenger\u00e4ts markieren. Festgelegte [&hellip;]<\/p>\n","protected":false},"author":2,"featured_media":0,"parent":23118,"menu_order":50,"comment_status":"closed","ping_status":"closed","template":"","meta":{"_acf_changed":false,"inline_featured_image":false,"footnotes":""},"topic":[],"qtx_campaign":[],"class_list":["post-23664","page","type-page","status-publish","hentry"],"acf":[],"yoast_head":"<!-- This site is optimized with the Yoast SEO Premium plugin v27.3 (Yoast SEO v27.3) - https:\/\/yoast.com\/product\/yoast-seo-premium-wordpress\/ -->\n<title>Geozonen Telematics und GPS Ortungsbenachrichtigungen - DE<\/title>\n<meta name=\"description\" content=\"Beliebig viele geografische Zonen bestimmen und Benachrichtigungen erhalten, wenn ein Fahrzeug in die Zone ein- oder ausf\u00e4hrt unter Ber\u00fccksichtigung der Uhrzeit.\" \/>\n<meta name=\"robots\" content=\"index, follow, max-snippet:-1, max-image-preview:large, max-video-preview:-1\" \/>\n<link rel=\"canonical\" href=\"https:\/\/www.quartix.com\/de-de\/fahrzeugortung\/benachrichtigungen\/\" \/>\n<meta property=\"og:locale\" content=\"de_DE\" \/>\n<meta property=\"og:type\" content=\"article\" \/>\n<meta property=\"og:title\" content=\"Benachrichtigungen\" \/>\n<meta property=\"og:description\" content=\"Beliebig viele geografische Zonen bestimmen und Benachrichtigungen erhalten, wenn ein Fahrzeug in die Zone ein- oder ausf\u00e4hrt unter Ber\u00fccksichtigung der Uhrzeit.\" \/>\n<meta property=\"og:url\" content=\"https:\/\/www.quartix.com\/de-de\/fahrzeugortung\/benachrichtigungen\/\" \/>\n<meta property=\"og:site_name\" content=\"Quartix\" \/>\n<meta property=\"article:publisher\" content=\"https:\/\/www.facebook.com\/Quartix-USA-374426386097401\/\" \/>\n<meta property=\"article:modified_time\" content=\"2025-10-07T16:04:24+00:00\" \/>\n<meta name=\"twitter:card\" content=\"summary_large_image\" \/>\n<meta name=\"twitter:site\" content=\"@QuartixUSA\" \/>\n<meta name=\"twitter:label1\" content=\"Est. reading time\" \/>\n\t<meta name=\"twitter:data1\" content=\"3 minutes\" \/>\n<!-- \/ Yoast SEO Premium plugin. -->","yoast_head_json":{"title":"Geozonen Telematics und GPS Ortungsbenachrichtigungen - DE","description":"Beliebig viele geografische Zonen bestimmen und Benachrichtigungen erhalten, wenn ein Fahrzeug in die Zone ein- oder ausf\u00e4hrt unter Ber\u00fccksichtigung der Uhrzeit.","robots":{"index":"index","follow":"follow","max-snippet":"max-snippet:-1","max-image-preview":"max-image-preview:large","max-video-preview":"max-video-preview:-1"},"canonical":"https:\/\/www.quartix.com\/de-de\/fahrzeugortung\/benachrichtigungen\/","og_locale":"de_DE","og_type":"article","og_title":"Benachrichtigungen","og_description":"Beliebig viele geografische Zonen bestimmen und Benachrichtigungen erhalten, wenn ein Fahrzeug in die Zone ein- oder ausf\u00e4hrt unter Ber\u00fccksichtigung der Uhrzeit.","og_url":"https:\/\/www.quartix.com\/de-de\/fahrzeugortung\/benachrichtigungen\/","og_site_name":"Quartix","article_publisher":"https:\/\/www.facebook.com\/Quartix-USA-374426386097401\/","article_modified_time":"2025-10-07T16:04:24+00:00","twitter_card":"summary_large_image","twitter_site":"@QuartixUSA","twitter_misc":{"Est. reading time":"3 minutes"},"schema":{"@context":"https:\/\/schema.org","@graph":[{"@type":"WebPage","@id":"https:\/\/www.quartix.com\/de-de\/fahrzeugortung\/benachrichtigungen\/","url":"https:\/\/www.quartix.com\/de-de\/fahrzeugortung\/benachrichtigungen\/","name":"Geozonen Telematics und GPS Ortungsbenachrichtigungen","isPartOf":{"@id":"https:\/\/www.quartix.com\/de-de\/#website"},"datePublished":"2019-06-04T06:32:11+00:00","dateModified":"2025-10-07T16:04:24+00:00","description":"Beliebig viele geografische Zonen bestimmen und Benachrichtigungen erhalten, wenn ein Fahrzeug in die Zone ein- oder ausf\u00e4hrt unter Ber\u00fccksichtigung der Uhrzeit.","breadcrumb":{"@id":"https:\/\/www.quartix.com\/de-de\/fahrzeugortung\/benachrichtigungen\/#breadcrumb"},"inLanguage":"de-DE","potentialAction":[{"@type":"ReadAction","target":["https:\/\/www.quartix.com\/de-de\/fahrzeugortung\/benachrichtigungen\/"]}]},{"@type":"BreadcrumbList","@id":"https:\/\/www.quartix.com\/de-de\/fahrzeugortung\/benachrichtigungen\/#breadcrumb","itemListElement":[{"@type":"ListItem","position":1,"name":"Startseite","item":"https:\/\/www.quartix.com\/de-de\/die-nr-1-fahrzeugortungsloesung-fuer-flotten-jeder-groesse\/"},{"@type":"ListItem","position":2,"name":"Fahrzeugverfolgung f\u00fcr Unternehmen","item":"https:\/\/www.quartix.com\/de-de\/fahrzeugortung\/"},{"@type":"ListItem","position":3,"name":"Benachrichtigungen"}]},{"@type":"WebSite","@id":"https:\/\/www.quartix.com\/de-de\/#website","url":"https:\/\/www.quartix.com\/de-de\/","name":"Quartix","description":"Real-time vehicle tracking","publisher":{"@id":"https:\/\/www.quartix.com\/de-de\/#organization"},"potentialAction":[{"@type":"SearchAction","target":{"@type":"EntryPoint","urlTemplate":"https:\/\/www.quartix.com\/de-de\/?s={search_term_string}"},"query-input":{"@type":"PropertyValueSpecification","valueRequired":true,"valueName":"search_term_string"}}],"inLanguage":"de-DE"},{"@type":"Organization","@id":"https:\/\/www.quartix.com\/de-de\/#organization","name":"Quartix","url":"https:\/\/www.quartix.com\/de-de\/","logo":{"@type":"ImageObject","inLanguage":"de-DE","@id":"https:\/\/www.quartix.com\/de-de\/#\/schema\/logo\/image\/","url":"https:\/\/www.quartix.com\/content\/uploads\/2019\/02\/quartix-logo-eur.svg","contentUrl":"https:\/\/www.quartix.com\/content\/uploads\/2019\/02\/quartix-logo-eur.svg","width":1,"height":1,"caption":"Quartix"},"image":{"@id":"https:\/\/www.quartix.com\/de-de\/#\/schema\/logo\/image\/"},"sameAs":["https:\/\/www.facebook.com\/Quartix-USA-374426386097401\/","https:\/\/x.com\/QuartixUSA","https:\/\/www.linkedin.com\/company\/5346733\/","https:\/\/www.youtube.com\/channel\/UCzS-_GMfHF4kWiCheyIRrAQ"]}]}},"_links":{"self":[{"href":"https:\/\/www.quartix.com\/de-de\/wp-json\/wp\/v2\/pages\/23664","targetHints":{"allow":["GET"]}}],"collection":[{"href":"https:\/\/www.quartix.com\/de-de\/wp-json\/wp\/v2\/pages"}],"about":[{"href":"https:\/\/www.quartix.com\/de-de\/wp-json\/wp\/v2\/types\/page"}],"author":[{"embeddable":true,"href":"https:\/\/www.quartix.com\/de-de\/wp-json\/wp\/v2\/users\/2"}],"replies":[{"embeddable":true,"href":"https:\/\/www.quartix.com\/de-de\/wp-json\/wp\/v2\/comments?post=23664"}],"version-history":[{"count":2,"href":"https:\/\/www.quartix.com\/de-de\/wp-json\/wp\/v2\/pages\/23664\/revisions"}],"predecessor-version":[{"id":125314,"href":"https:\/\/www.quartix.com\/de-de\/wp-json\/wp\/v2\/pages\/23664\/revisions\/125314"}],"up":[{"embeddable":true,"href":"https:\/\/www.quartix.com\/de-de\/wp-json\/wp\/v2\/pages\/23118"}],"wp:attachment":[{"href":"https:\/\/www.quartix.com\/de-de\/wp-json\/wp\/v2\/media?parent=23664"}],"wp:term":[{"taxonomy":"topic","embeddable":true,"href":"https:\/\/www.quartix.com\/de-de\/wp-json\/wp\/v2\/topic?post=23664"},{"taxonomy":"qtx_campaign","embeddable":true,"href":"https:\/\/www.quartix.com\/de-de\/wp-json\/wp\/v2\/qtx_campaign?post=23664"}],"curies":[{"name":"wp","href":"https:\/\/api.w.org\/{rel}","templated":true}]}}