{"id":23734,"date":"2019-06-08T17:13:55","date_gmt":"2019-06-08T17:13:55","guid":{"rendered":"https:\/\/www.quartix.com\/produkt\/verwaltungstools\/"},"modified":"2025-11-05T15:40:02","modified_gmt":"2025-11-05T14:40:02","slug":"verwaltungstools","status":"publish","type":"page","link":"https:\/\/www.quartix.com\/de-de\/fahrzeugortung\/verwaltungstools\/","title":{"rendered":"Verwaltungstools"},"content":{"rendered":"\n<div class=\"wp-block-columns is-layout-flex wp-container-core-columns-is-layout-28f84493 wp-block-columns-is-layout-flex\">\n<div class=\"wp-block-column is-layout-flow wp-block-column-is-layout-flow\">\n<h2 class=\"wp-block-heading\" id=\"h-dashboards\">Dashboards<\/h2>\n\n\n\n<p>Quartix analysiert Ihre Daten und erstellt die Berichte. Sie k\u00f6nnen auf alles \u00fcber das Internet zugreifen. Das Quartix Ortungssystem enth\u00e4lt eine umfangreiche Auswahl an Berichten zur Fahrzeugortung, sowie Dashboards zur Verbesserung der Fahrzeugbedienung und -auslastung.<\/p>\n\n\n\n<p>W\u00e4hlen Sie, wie Sie Ihre Flottenaktivit\u00e4ten in Echtzeit einsehen m\u00f6chten. Jedes Element des Berichts kann auf Ihre individuellen Bed\u00fcrfnisse angepasst werden. Ein Auslastungsziel kann f\u00fcr einzelne Fahrzeuge bestimmt werden. Es besteht dann die M\u00f6glichkeit, Benachrichtigungen anzuzeigen, wenn das Ziel nicht zu einem bestimmten Zeitpunkt erreicht worden ist.<\/p>\n<\/div>\n\n\n\n<div class=\"wp-block-column is-layout-flow wp-block-column-is-layout-flow\">\n<figure class=\"wp-block-image\"><img decoding=\"async\" src=\" https:\/\/www.quartix.com\/content\/uploads\/2019\/08\/DE_Dashboards.gif\" alt=\"\"\/><\/figure>\n<\/div>\n<\/div>\n\n\n<section  class=\"qtx-pagebuilder-section qtx-pagebuilder-section-blockquote qtx-pagebuilder-section-blockquote-left_green_border \">\r\n        <div class=\"left_green_border\">\r\n            <blockquote>\r\n                <p>Quartix bietet Ihnen mit einer Reihe an Verwaltungstools eine optimale Flottenauslastung und eine verbesserte Planung zuk\u00fcnftiger Auftr\u00e4ge.<\/p>\n                            <\/blockquote>\r\n        <\/div>\r\n        <\/section>\r\n\r\n\n\n\n<div class=\"wp-block-columns is-layout-flex wp-container-core-columns-is-layout-28f84493 wp-block-columns-is-layout-flex\">\n<div class=\"wp-block-column is-layout-flow wp-block-column-is-layout-flow\">\n<figure class=\"wp-block-image\"><img decoding=\"async\" src=\" https:\/\/www.quartix.com\/content\/uploads\/2020\/02\/DE_stundenzettel.png\" alt=\"\"\/><\/figure>\n<\/div>\n\n\n\n<div class=\"wp-block-column is-layout-flow wp-block-column-is-layout-flow\">\n<h2 class=\"wp-block-heading\" id=\"h-nachprufung-zeit-verbracht-vor-ort\">Nachpr\u00fcfung &#8220;Zeit verbracht vor Ort&#8221;<\/h2>\n\n\n\n<p>Es kann ganz einfach gepr\u00fcft werden, wie lange Ihre Fahrzeugbesatzung vor Ort gewesen ist, um die Kosten jedes Auftrages besser zu analysieren.<\/p>\n\n\n\n<p>Mit den Quartix Berichten k\u00f6nnen Sie einen Standort w\u00e4hlen und einen Bericht f\u00fcr jedes Ihrer Fahrzeuge erstellen und die vor Ort verbrachte Zeit anzeigen lassen.<\/p>\n<\/div>\n<\/div>\n\n\n\n<div class=\"wp-block-columns is-layout-flex wp-container-core-columns-is-layout-28f84493 wp-block-columns-is-layout-flex\">\n<div class=\"wp-block-column is-layout-flow wp-block-column-is-layout-flow\">\n<h2 class=\"wp-block-heading\" id=\"h-fahrzeugverwaltung\">Fahrzeugverwaltung<\/h2>\n\n\n\n<p>Verpassen Sie keine wichtigen Termine f\u00fcr T\u00dcV, Inspektionen, Versicherungsbeitr\u00e4ge und KFZ-Steuer. Das Quartix Ortungssystem macht es m\u00f6glich, alle wichtigen Meilensteine und Erinnerungen anzuzeigen.<\/p>\n\n\n\n<p>Einfach aktuelle Kilometerst\u00e4nde und wichtige Meilensteine f\u00fcr alle Fahrzeuge in das System eingeben. Das Quartix Ortungssystem erfasst von diesem Zeitpunkt an alle Kilometerleistungen und wird auf f\u00e4llige Termine hinweisen. Der vollst\u00e4ndige Flottenreport kann online eingesehen werden, so dass Sie ganz einfach sehen k\u00f6nnen, welche Fahrzeuge zum Fahrzeugservice oder T\u00dcV f\u00e4llig sind.<\/p>\n\n\n\n<p>\u00dcberwachung der <a href=\"https:\/\/www.quartix.com\/de-de\/fahrzeugortung\/betriebsstundenzaehler\/\">Betriebsstunden<\/a> der Maschine zur Vermeidung von Verst\u00f6\u00dfen gegen Vorschriften.<\/p>\n<\/div>\n\n\n\n<div class=\"wp-block-column is-layout-flow wp-block-column-is-layout-flow\">\n<figure class=\"wp-block-image\"><img decoding=\"async\" src=\" https:\/\/www.quartix.com\/content\/uploads\/2019\/08\/inspection-dates_de-1000x596.png\" alt=\"\"\/><\/figure>\n<\/div>\n<\/div>\n\n\n\n<div class=\"wp-block-columns is-layout-flex wp-container-core-columns-is-layout-28f84493 wp-block-columns-is-layout-flex\">\n<div class=\"wp-block-column is-layout-flow wp-block-column-is-layout-flow\">\n<figure class=\"wp-block-image\"><img decoding=\"async\" src=\" https:\/\/www.quartix.com\/content\/uploads\/2019\/08\/vehicle-utilisation_de-1000x540.png\" alt=\"\"\/><\/figure>\n<\/div>\n\n\n\n<div class=\"wp-block-column is-layout-flow wp-block-column-is-layout-flow\">\n<h2 class=\"wp-block-heading\" id=\"h-analyse-zur-fahrzeugauslastung\">Analyse zur Fahrzeugauslastung<\/h2>\n\n\n\n<p>Vielleicht haben Sie feste Zeiten oder Termine, an denen \u00e4ltere Fahrzeuge ersetzt werden sollen, oder Sie m\u00f6chten Fahrzeuge zu Ihrer Flotte hinzuf\u00fcgen. Der Quartix Bericht zur Fahrzeugauslastung ist f\u00fcr eine genauere Analyse und Prognose Ihrer Flottennutzung ein wirkungsvolles Werkzeug. Dadurch k\u00f6nnen Fahrzeuge erkannt werden, welche nicht ausgelastet sind, nicht benutzt werden oder wo Fl\u00e4chenkapazit\u00e4ten die Notwendigkeit zus\u00e4tzlicher Fahrzeuge erfordert. Der Report enth\u00e4lt:<\/p>\n\n\n\n<ul class=\"wp-block-list\">\n<li>Gefahrene Kilometer je Zeitabschnitt<\/li>\n\n\n\n<li>Fahrzeit<\/li>\n\n\n\n<li>Leerlaufzeit<\/li>\n\n\n\n<li>Leerlauf in %<\/li>\n\n\n\n<li>H\u00f6chstgeschwindigkeit<\/li>\n<\/ul>\n<\/div>\n<\/div>\n\n\n\n<div class=\"wp-block-columns is-layout-flex wp-container-core-columns-is-layout-28f84493 wp-block-columns-is-layout-flex\">\n<div class=\"wp-block-column is-layout-flow wp-block-column-is-layout-flow\">\n<h2 class=\"wp-block-heading\" id=\"h-report-zur-monatlichen-kilometerauslastung\">Report zur monatlichen Kilometerauslastung<\/h2>\n\n\n\n<p>Wenn Sie einen monatlichen Report zu den gefahrenen Kilometern der Flotte oder einer Gruppe von Fahrzeugen ben\u00f6tigen, k\u00f6nnen Sie diese entweder in eine Excel-Tabelle exportieren oder w\u00f6chentlich per E-Mail erhalten. So k\u00f6nnen die Reporte zum Beispiel privat zur\u00fcckgelgte Kilometer der Fahrer enthalten oder ausschlie\u00dfen. Es kann aber auch nur die Flottenauslastung angezeigt werden, je nachdem wie Ihr Informationsbed\u00fcrfnis ist.<\/p>\n<\/div>\n\n\n\n<div class=\"wp-block-column is-layout-flow wp-block-column-is-layout-flow\">\n<figure class=\"wp-block-image size-large\"><img loading=\"lazy\" decoding=\"async\" width=\"1000\" height=\"444\" src=\"https:\/\/www.quartix.com\/content\/uploads\/2025\/11\/daily-driver-log_de-1000x444.png\" alt=\"Screenshot of a table showing daily travel data\u2014including departure and arrival locations, times, distances, durations, and average speeds\u2014primarily in Germany and Denmark, generated with Flottenmanagement-Tools.\" class=\"wp-image-125759\" srcset=\"https:\/\/www.quartix.com\/content\/uploads\/2025\/11\/daily-driver-log_de-1000x444.png 1000w, https:\/\/www.quartix.com\/content\/uploads\/2025\/11\/daily-driver-log_de-300x133.png 300w, https:\/\/www.quartix.com\/content\/uploads\/2025\/11\/daily-driver-log_de-768x341.png 768w, https:\/\/www.quartix.com\/content\/uploads\/2025\/11\/daily-driver-log_de-1536x682.png 1536w, https:\/\/www.quartix.com\/content\/uploads\/2025\/11\/daily-driver-log_de.png 1899w\" sizes=\"auto, (max-width: 1000px) 100vw, 1000px\" \/><\/figure>\n<\/div>\n<\/div>\n\n\n\n<p><a href=\" https:\/\/www.quartix.com\/content\/uploads\/2018\/11\/trip-report.jpg\" data-elementor-open-lightbox=\"yes\" data-elementor-lightbox-title=\"trip report\"><br> <\/a><\/p>\n","protected":false},"excerpt":{"rendered":"<p>Dashboards Quartix analysiert Ihre Daten und erstellt die Berichte. Sie k\u00f6nnen auf alles \u00fcber das Internet zugreifen. Das Quartix Ortungssystem enth\u00e4lt eine umfangreiche Auswahl an Berichten zur Fahrzeugortung, sowie Dashboards zur Verbesserung der Fahrzeugbedienung und -auslastung. W\u00e4hlen Sie, wie Sie Ihre Flottenaktivit\u00e4ten in Echtzeit einsehen m\u00f6chten. Jedes Element des Berichts kann auf Ihre individuellen Bed\u00fcrfnisse [&hellip;]<\/p>\n","protected":false},"author":2,"featured_media":0,"parent":23118,"menu_order":40,"comment_status":"closed","ping_status":"closed","template":"","meta":{"_acf_changed":false,"inline_featured_image":false,"footnotes":""},"topic":[],"qtx_campaign":[],"class_list":["post-23734","page","type-page","status-publish","hentry"],"acf":[],"yoast_head":"<!-- This site is optimized with the Yoast SEO Premium plugin v27.2 (Yoast SEO v27.2) - https:\/\/yoast.com\/product\/yoast-seo-premium-wordpress\/ -->\n<title>Flottenmanagement-Tools - DE<\/title>\n<meta name=\"description\" content=\"Quartix Flottenmanagement analysieren Ihre Daten und erstellen einfach zu verstehende Reporte sowie Dashboards. Das Quartix Ortungssystem enth\u00e4lt eine umfangreiche Auswahl an Reporten.\" \/>\n<meta name=\"robots\" content=\"index, follow, max-snippet:-1, max-image-preview:large, max-video-preview:-1\" \/>\n<link rel=\"canonical\" href=\"https:\/\/www.quartix.com\/de-de\/fahrzeugortung\/verwaltungstools\/\" \/>\n<meta property=\"og:locale\" content=\"de_DE\" \/>\n<meta property=\"og:type\" content=\"article\" \/>\n<meta property=\"og:title\" content=\"Verwaltungstools\" \/>\n<meta property=\"og:description\" content=\"Quartix Flottenmanagement analysieren Ihre Daten und erstellen einfach zu verstehende Reporte sowie Dashboards. Das Quartix Ortungssystem enth\u00e4lt eine umfangreiche Auswahl an Reporten.\" \/>\n<meta property=\"og:url\" content=\"https:\/\/www.quartix.com\/de-de\/fahrzeugortung\/verwaltungstools\/\" \/>\n<meta property=\"og:site_name\" content=\"Quartix\" \/>\n<meta property=\"article:publisher\" content=\"https:\/\/www.facebook.com\/Quartix-USA-374426386097401\/\" \/>\n<meta property=\"article:modified_time\" content=\"2025-11-05T14:40:02+00:00\" \/>\n<meta property=\"og:image\" content=\"https:\/\/www.quartix.com\/content\/uploads\/2025\/11\/daily-driver-log_de-1000x444.png\" \/>\n<meta name=\"twitter:card\" content=\"summary_large_image\" \/>\n<meta name=\"twitter:site\" content=\"@QuartixUSA\" \/>\n<meta name=\"twitter:label1\" content=\"Est. reading time\" \/>\n\t<meta name=\"twitter:data1\" content=\"3 minutes\" \/>\n<!-- \/ Yoast SEO Premium plugin. -->","yoast_head_json":{"title":"Flottenmanagement-Tools - DE","description":"Quartix Flottenmanagement analysieren Ihre Daten und erstellen einfach zu verstehende Reporte sowie Dashboards. Das Quartix Ortungssystem enth\u00e4lt eine umfangreiche Auswahl an Reporten.","robots":{"index":"index","follow":"follow","max-snippet":"max-snippet:-1","max-image-preview":"max-image-preview:large","max-video-preview":"max-video-preview:-1"},"canonical":"https:\/\/www.quartix.com\/de-de\/fahrzeugortung\/verwaltungstools\/","og_locale":"de_DE","og_type":"article","og_title":"Verwaltungstools","og_description":"Quartix Flottenmanagement analysieren Ihre Daten und erstellen einfach zu verstehende Reporte sowie Dashboards. Das Quartix Ortungssystem enth\u00e4lt eine umfangreiche Auswahl an Reporten.","og_url":"https:\/\/www.quartix.com\/de-de\/fahrzeugortung\/verwaltungstools\/","og_site_name":"Quartix","article_publisher":"https:\/\/www.facebook.com\/Quartix-USA-374426386097401\/","article_modified_time":"2025-11-05T14:40:02+00:00","og_image":[{"url":"https:\/\/www.quartix.com\/content\/uploads\/2025\/11\/daily-driver-log_de-1000x444.png","type":"","width":"","height":""}],"twitter_card":"summary_large_image","twitter_site":"@QuartixUSA","twitter_misc":{"Est. reading time":"3 minutes"},"schema":{"@context":"https:\/\/schema.org","@graph":[{"@type":"WebPage","@id":"https:\/\/www.quartix.com\/de-de\/fahrzeugortung\/verwaltungstools\/","url":"https:\/\/www.quartix.com\/de-de\/fahrzeugortung\/verwaltungstools\/","name":"Flottenmanagement-Tools","isPartOf":{"@id":"https:\/\/www.quartix.com\/de-de\/#website"},"primaryImageOfPage":{"@id":"https:\/\/www.quartix.com\/de-de\/fahrzeugortung\/verwaltungstools\/#primaryimage"},"image":{"@id":"https:\/\/www.quartix.com\/de-de\/fahrzeugortung\/verwaltungstools\/#primaryimage"},"thumbnailUrl":"https:\/\/www.quartix.com\/content\/uploads\/2025\/11\/daily-driver-log_de-1000x444.png","datePublished":"2019-06-08T17:13:55+00:00","dateModified":"2025-11-05T14:40:02+00:00","description":"Quartix Flottenmanagement analysieren Ihre Daten und erstellen einfach zu verstehende Reporte sowie Dashboards. Das Quartix Ortungssystem enth\u00e4lt eine umfangreiche Auswahl an Reporten.","breadcrumb":{"@id":"https:\/\/www.quartix.com\/de-de\/fahrzeugortung\/verwaltungstools\/#breadcrumb"},"inLanguage":"de-DE","potentialAction":[{"@type":"ReadAction","target":["https:\/\/www.quartix.com\/de-de\/fahrzeugortung\/verwaltungstools\/"]}]},{"@type":"ImageObject","inLanguage":"de-DE","@id":"https:\/\/www.quartix.com\/de-de\/fahrzeugortung\/verwaltungstools\/#primaryimage","url":"https:\/\/www.quartix.com\/content\/uploads\/2025\/11\/daily-driver-log_de-1000x444.png","contentUrl":"https:\/\/www.quartix.com\/content\/uploads\/2025\/11\/daily-driver-log_de-1000x444.png"},{"@type":"BreadcrumbList","@id":"https:\/\/www.quartix.com\/de-de\/fahrzeugortung\/verwaltungstools\/#breadcrumb","itemListElement":[{"@type":"ListItem","position":1,"name":"Startseite","item":"https:\/\/www.quartix.com\/de-de\/die-nr-1-fahrzeugortungsloesung-fuer-flotten-jeder-groesse\/"},{"@type":"ListItem","position":2,"name":"Fahrzeugverfolgung f\u00fcr Unternehmen","item":"https:\/\/www.quartix.com\/de-de\/fahrzeugortung\/"},{"@type":"ListItem","position":3,"name":"Verwaltungstools"}]},{"@type":"WebSite","@id":"https:\/\/www.quartix.com\/de-de\/#website","url":"https:\/\/www.quartix.com\/de-de\/","name":"Quartix","description":"Real-time vehicle tracking","publisher":{"@id":"https:\/\/www.quartix.com\/de-de\/#organization"},"potentialAction":[{"@type":"SearchAction","target":{"@type":"EntryPoint","urlTemplate":"https:\/\/www.quartix.com\/de-de\/?s={search_term_string}"},"query-input":{"@type":"PropertyValueSpecification","valueRequired":true,"valueName":"search_term_string"}}],"inLanguage":"de-DE"},{"@type":"Organization","@id":"https:\/\/www.quartix.com\/de-de\/#organization","name":"Quartix","url":"https:\/\/www.quartix.com\/de-de\/","logo":{"@type":"ImageObject","inLanguage":"de-DE","@id":"https:\/\/www.quartix.com\/de-de\/#\/schema\/logo\/image\/","url":"https:\/\/www.quartix.com\/content\/uploads\/2019\/02\/quartix-logo-eur.svg","contentUrl":"https:\/\/www.quartix.com\/content\/uploads\/2019\/02\/quartix-logo-eur.svg","width":1,"height":1,"caption":"Quartix"},"image":{"@id":"https:\/\/www.quartix.com\/de-de\/#\/schema\/logo\/image\/"},"sameAs":["https:\/\/www.facebook.com\/Quartix-USA-374426386097401\/","https:\/\/x.com\/QuartixUSA","https:\/\/www.linkedin.com\/company\/5346733\/","https:\/\/www.youtube.com\/channel\/UCzS-_GMfHF4kWiCheyIRrAQ"]}]}},"_links":{"self":[{"href":"https:\/\/www.quartix.com\/de-de\/wp-json\/wp\/v2\/pages\/23734","targetHints":{"allow":["GET"]}}],"collection":[{"href":"https:\/\/www.quartix.com\/de-de\/wp-json\/wp\/v2\/pages"}],"about":[{"href":"https:\/\/www.quartix.com\/de-de\/wp-json\/wp\/v2\/types\/page"}],"author":[{"embeddable":true,"href":"https:\/\/www.quartix.com\/de-de\/wp-json\/wp\/v2\/users\/2"}],"replies":[{"embeddable":true,"href":"https:\/\/www.quartix.com\/de-de\/wp-json\/wp\/v2\/comments?post=23734"}],"version-history":[{"count":5,"href":"https:\/\/www.quartix.com\/de-de\/wp-json\/wp\/v2\/pages\/23734\/revisions"}],"predecessor-version":[{"id":125772,"href":"https:\/\/www.quartix.com\/de-de\/wp-json\/wp\/v2\/pages\/23734\/revisions\/125772"}],"up":[{"embeddable":true,"href":"https:\/\/www.quartix.com\/de-de\/wp-json\/wp\/v2\/pages\/23118"}],"wp:attachment":[{"href":"https:\/\/www.quartix.com\/de-de\/wp-json\/wp\/v2\/media?parent=23734"}],"wp:term":[{"taxonomy":"topic","embeddable":true,"href":"https:\/\/www.quartix.com\/de-de\/wp-json\/wp\/v2\/topic?post=23734"},{"taxonomy":"qtx_campaign","embeddable":true,"href":"https:\/\/www.quartix.com\/de-de\/wp-json\/wp\/v2\/qtx_campaign?post=23734"}],"curies":[{"name":"wp","href":"https:\/\/api.w.org\/{rel}","templated":true}]}}