{"id":24147,"date":"2019-06-17T20:42:30","date_gmt":"2019-06-17T20:42:30","guid":{"rendered":"https:\/\/www.quartix.com\/produkt\/fahrzeugortung\/"},"modified":"2026-04-20T12:07:17","modified_gmt":"2026-04-20T11:07:17","slug":"echtzeit-fahrzeugortung","status":"publish","type":"page","link":"https:\/\/www.quartix.com\/de-de\/fahrzeugortung\/echtzeit-fahrzeugortung\/","title":{"rendered":"Echtzeit-Fahrzeugortung"},"content":{"rendered":"\n<div class=\"wp-block-columns is-layout-flex wp-container-core-columns-is-layout-28f84493 wp-block-columns-is-layout-flex\">\n<div class=\"wp-block-column is-layout-flow wp-block-column-is-layout-flow\">\n<h2 class=\"wp-block-heading\" id=\"h-sehen-sie-wo-sich-ihre-fahrzeuge-gerade-befinden\">Sehen Sie, wo sich Ihre Fahrzeuge gerade befinden<\/h2>\n\n\n\n<p>Orten Sie Ihre Fahrzeuge in Echtzeit. Es wird keine zus\u00e4tzliche Software ben\u00f6tigt, da auf alles \u00fcber das Internet zugegriffen werden kann.<\/p>\n\n\n\n<p>Mit unserer von Google unterst\u00fctzten Karte zur Fahrzeugortung, k\u00f6nnen Sie auf Ihre Fahrzeug- und Fahrerinformationen zugreifen, um Arbeitszeitnachweise und t\u00e4gliche Streckenkarten angezeiget zu bekommen.<\/p>\n\n\n\n<p>Unser System ist so konzipiert, dass Sie ganz leicht, von einem Bericht oder einer Karte zu einer anderen wechseln k\u00f6nnen, um weitere Einzelheiten zu bekommen.<\/p>\n<\/div>\n\n\n\n<div class=\"wp-block-column is-layout-flow wp-block-column-is-layout-flow\">\n<figure class=\"wp-block-image\"><img decoding=\"async\" src=\" https:\/\/www.quartix.com\/content\/uploads\/2020\/02\/live-tracking-de.gif\" alt=\"\"\/><\/figure>\n<\/div>\n<\/div>\n\n\n<section  class=\"qtx-pagebuilder-section qtx-pagebuilder-section-blockquote qtx-pagebuilder-section-blockquote-left_green_border \">\r\n        <div class=\"left_green_border\">\r\n            <blockquote>\r\n                <p>Quartix analysiert die Daten und erstellt einfach zu nutzende Auswertungen f\u00fcr Sie. Auf alle Daten kann \u00fcber das Internet zugegriffen werden. Unser System enth\u00e4lt eine gro\u00dfe Anzahl von Berichten zur Ortung. Zudem erhalten Sie Infos und Diagramme, die Ihnen helfen, Ihre besten Fahrer zu ermitteln, aktuelle Kilometerst\u00e4nde zuer erfassen und Kraftstoffkosten zu ermitteln. Unser System erspart Ihnen somit erhebliche Verwaltungsarbeit.<\/p>\n                            <\/blockquote>\r\n        <\/div>\r\n        <\/section>\r\n\r\n\n\n\n<div class=\"wp-block-columns is-layout-flex wp-container-core-columns-is-layout-28f84493 wp-block-columns-is-layout-flex\">\n<div class=\"wp-block-column is-layout-flow wp-block-column-is-layout-flow\">\n<figure class=\"wp-block-image\"><img decoding=\"async\" src=\" https:\/\/www.quartix.com\/content\/uploads\/2020\/02\/daily-driver-log_de-1000x444.png\" alt=\"\"\/><\/figure>\n<\/div>\n\n\n\n<div class=\"wp-block-column is-layout-flow wp-block-column-is-layout-flow\">\n<h2 class=\"wp-block-heading\" id=\"h-tagliche-fahrzeugprotokolle\">T\u00e4gliche Fahrzeugprotokolle<\/h2>\n\n\n\n<p>Erkennen Sie, wo angehalten wurde und zu welchem Zeitpunkt Auftr\u00e4ge oder Lieferungen abgeschlossen wurden. Fahrerprotokolle zeigen alle individuellen Strecken f\u00fcr einen bestimmten Tag an. Start- und Endzeiten, zur\u00fcckgelegte Strecken und Leerlaufzeiten f\u00fcr jede einzelne Fahrt werden ebenfalls angezeigt.<\/p>\n\n\n\n<p>Angezeigte Details k\u00f6nnen ge\u00e4ndert werden, um Ihren Anforderungen am Besten gerecht zu werden. Zum Beispiel k\u00f6nnen Pausen bei eingeschalteter Z\u00fcndung und kurze Bewegungen am Standort herausgefiltert werden.<\/p>\n\n\n\n<p>Sie erhalten eine t\u00e4gliche E-Mail mit diesem Bericht, so dass Sie pr\u00fcfen k\u00f6nnen, ob Ihre Fahrer Auftr\u00e4ge wie geplant ausgef\u00fchrt haben.<\/p>\n<\/div>\n<\/div>\n\n\n\n<div class=\"wp-block-columns is-layout-flex wp-container-core-columns-is-layout-28f84493 wp-block-columns-is-layout-flex\">\n<div class=\"wp-block-column is-layout-flow wp-block-column-is-layout-flow\">\n<h2 class=\"wp-block-heading\" id=\"h-tagliche-routenkarten\">T\u00e4gliche Routenkarten<\/h2>\n\n\n\n<p>Quartix zeigt Ihnen alle Fahrten und Strecken eines Tages an, jede mit einem Wegpunkt f\u00fcr Richtung und Geschwindigkeit markiert. Erstellen Sie Ihre &#8216;Eigenen Standorte&#8217; f\u00fcr regelm\u00e4\u00dfig besuchte Kundenstandorte, um sehr schnell sehen zu k\u00f6nnen, ob Ihre Fahrer in der N\u00e4he dieser Standorte sind. Klicken Sie einfach auf die Wegpunkte f\u00fcr zus\u00e4tzliche Informationen zu Geschwindigkeit oder um den genauen Standort \u00fcber Google Street View einzusehen.<\/p>\n\n\n\n<p>Die Echtzeit-Fahrzeugortung von Quartix ist darauf ausgerichtet, da\u00df Sie Informationen zu Ihren Fahrzeugen schnell und einfach abrufen k\u00f6nnen.<\/p>\n<\/div>\n\n\n\n<div class=\"wp-block-column is-layout-flow wp-block-column-is-layout-flow\">\n<figure class=\"wp-block-image\"><img decoding=\"async\" src=\" https:\/\/www.quartix.com\/content\/uploads\/2019\/08\/daily-route-map-with-speed-menu_de-1000x568.png\" alt=\"\"\/><\/figure>\n<\/div>\n<\/div>\n\n\n\n<div class=\"wp-block-columns is-layout-flex wp-container-core-columns-is-layout-28f84493 wp-block-columns-is-layout-flex\">\n<div class=\"wp-block-column is-layout-flow wp-block-column-is-layout-flow\">\n<figure class=\"wp-block-image\"><img decoding=\"async\" src=\" https:\/\/www.quartix.com\/content\/uploads\/2018\/06\/US-Live-Tracking-App-3.gif\" alt=\"Live Mobile Tracking App\"\/><\/figure>\n<\/div>\n\n\n\n<div class=\"wp-block-column is-layout-flow wp-block-column-is-layout-flow\">\n<h2 class=\"wp-block-heading\" id=\"h-mobile-app\">Mobile App<\/h2>\n\n\n\n<p>Mit der Echtzeit-Fahrzeugortung von Quartix und unserer mobilen Ortungs-App haben Sie auch unterwegs jederzeit Zugriff auf Streckenkarten Ihrer Fahrzeuge sowie auf Informationen zum Fahrverhalten. Sie k\u00f6nnen auch einzelnen Fahrern Zugriff auf ihre eigenen Fahrstilberichte geben. Der Zugriff erfolgt \u00fcber die Ortungs-App, ohne dass Sie Ihren Mitarbeitern Zugriff auf alle Fahrerinformationen gew\u00e4hren. <a href=\"https:\/\/www.quartix.com\/de-de\/fahrzeugortung\/mobile-app\/\">Die App<\/a> kann kostenlos heruntergeladen werden. Zur Verf\u00fcgung stehende Berichte, wenn Sie unterwegs sind:<\/p>\n\n\n\n<ul class=\"wp-block-list\">\n<li>Fahrzeugliste mit allen registrierten Fahrzeugen und deren derzeitigen Status<\/li>\n\n\n\n<li>Live-Fahrzeugortung mit aktuelltem Standorten in Echtzeit<\/li>\n\n\n\n<li>T\u00e4gliche Fahrten der letzen 6 Monate<\/li>\n<\/ul>\n<\/div>\n<\/div>\n\n\n\n<div class=\"wp-block-columns is-layout-flex wp-container-core-columns-is-layout-28f84493 wp-block-columns-is-layout-flex\">\n<div class=\"wp-block-column is-layout-flow wp-block-column-is-layout-flow\">\n<h2 class=\"wp-block-heading\" id=\"h-heatmap-haufig-befahrene-routen-erkennen\"><strong>Heatmap: H\u00e4ufig befahrene Routen erkennen<\/strong><\/h2>\n\n\n\n<p>Die Heatmap von Quartix zeigt Ihnen auf einen Blick, welche Strecken Ihre Fahrzeuge in einem bestimmten Zeitraum am h\u00e4ufigsten genutzt haben. Stark frequentierte Bereiche werden farblich hervorgehoben. Je intensiver die Farbe, desto h\u00f6her die Aktivit\u00e4t.<\/p>\n\n\n\n<p>W\u00e4hlen Sie einfach die gew\u00fcnschten Fahrzeuge und den Analysezeitraum aus, um typische Fahrmuster, Engp\u00e4sse oder unn\u00f6tige \u00dcberlappungen zu erkennen. So optimieren Sie Ihre Routenplanung, reduzieren unn\u00f6tige Kilometer und senken nachhaltig Ihre Betriebskosten.<\/p>\n<\/div>\n\n\n\n<div class=\"wp-block-column is-layout-flow wp-block-column-is-layout-flow\">\n<figure class=\"wp-block-image size-large\"><img loading=\"lazy\" decoding=\"async\" width=\"1000\" height=\"736\" src=\"https:\/\/www.quartix.com\/content\/uploads\/2025\/05\/DE-Heatmap-1000x736.png\" alt=\"A digital map shows a vehicle route heatmap around Bielefeld, Germany, with red and blue lines indicating travel frequency, dated May 2024 to May 2025.\" class=\"wp-image-120434\" srcset=\"https:\/\/www.quartix.com\/content\/uploads\/2025\/05\/DE-Heatmap-1000x736.png 1000w, https:\/\/www.quartix.com\/content\/uploads\/2025\/05\/DE-Heatmap-300x221.png 300w, https:\/\/www.quartix.com\/content\/uploads\/2025\/05\/DE-Heatmap-768x565.png 768w, https:\/\/www.quartix.com\/content\/uploads\/2025\/05\/DE-Heatmap.png 1142w\" sizes=\"auto, (max-width: 1000px) 100vw, 1000px\" \/><\/figure>\n<\/div>\n<\/div>\n\n\n\n<div class=\"wp-block-columns is-layout-flex wp-container-core-columns-is-layout-28f84493 wp-block-columns-is-layout-flex\">\n<div class=\"wp-block-column is-layout-flow wp-block-column-is-layout-flow\">\n<h2 class=\"wp-block-heading\" id=\"h-jetzt-quartix-testen\">Jetzt Quartix testen<\/h2>\n\n\n\n<p>\u00dcberzeugen Sie sich selbst, wie Quartix funktioniert mit unserer kostenlosen Demo-Version in Echtzeit.<\/p>\n\n\n    <span ><\/span>\r\n    \n<div class=\"wpcf7 no-js\" id=\"wpcf7-f72438-o1\" lang=\"de-DE\" dir=\"ltr\" data-wpcf7-id=\"72438\">\n<div class=\"screen-reader-response\"><p role=\"status\" aria-live=\"polite\" aria-atomic=\"true\"><\/p> <ul><\/ul><\/div>\n<form action=\"\/de-de\/wp-json\/wp\/v2\/pages\/24147#wpcf7-f72438-o1\" method=\"post\" class=\"wpcf7-form init\" aria-label=\"Contact form\" novalidate=\"novalidate\" data-status=\"init\">\n<fieldset class=\"hidden-fields-container\"><input type=\"hidden\" name=\"_wpcf7\" value=\"72438\" \/><input type=\"hidden\" name=\"_wpcf7_version\" value=\"6.1.5\" \/><input type=\"hidden\" name=\"_wpcf7_locale\" value=\"de_DE\" \/><input type=\"hidden\" name=\"_wpcf7_unit_tag\" value=\"wpcf7-f72438-o1\" \/><input type=\"hidden\" name=\"_wpcf7_container_post\" value=\"0\" \/><input type=\"hidden\" name=\"_wpcf7_posted_data_hash\" value=\"\" \/><input type=\"hidden\" name=\"_wpcf7cf_hidden_group_fields\" value=\"[]\" \/><input type=\"hidden\" name=\"_wpcf7cf_hidden_groups\" value=\"[]\" \/><input type=\"hidden\" name=\"_wpcf7cf_visible_groups\" value=\"[]\" \/><input type=\"hidden\" name=\"_wpcf7cf_repeaters\" value=\"[]\" \/><input type=\"hidden\" name=\"_wpcf7cf_steps\" value=\"{}\" \/><input type=\"hidden\" name=\"_wpcf7cf_options\" value=\"{&quot;form_id&quot;:72438,&quot;conditions&quot;:[],&quot;settings&quot;:{&quot;animation&quot;:&quot;yes&quot;,&quot;animation_intime&quot;:200,&quot;animation_outtime&quot;:200,&quot;conditions_ui&quot;:&quot;normal&quot;,&quot;notice_dismissed&quot;:false,&quot;notice_dismissed_update-cf7-6.0&quot;:true,&quot;notice_dismissed_update-cf7-6.0.1&quot;:true,&quot;notice_dismissed_update-cf7-6.0.2&quot;:true,&quot;notice_dismissed_rollback-cf7-6.0.5&quot;:true}}\" \/><input type=\"hidden\" name=\"_wpcf7_recaptcha_response\" value=\"\" \/>\n<\/fieldset>\n<div class=\"input-wrapper\"><span class=\"icon icon-face\"><\/span><span class=\"wpcf7-form-control-wrap\" data-name=\"first_name\"><input size=\"40\" maxlength=\"400\" class=\"wpcf7-form-control wpcf7-text wpcf7-validates-as-required\" aria-required=\"true\" aria-invalid=\"false\" placeholder=\"Vorname *\" value=\"\" type=\"text\" name=\"first_name\" \/><\/span><span class=\"wpcf7-form-control-wrap\" data-name=\"last_name\"><input size=\"40\" maxlength=\"400\" class=\"wpcf7-form-control wpcf7-text wpcf7-validates-as-required\" aria-required=\"true\" aria-invalid=\"false\" placeholder=\"Nachname *\" value=\"\" type=\"text\" name=\"last_name\" \/><\/span><\/div>\n<div class=\"input-wrapper\"><span class=\"icon icon-envelope\"><\/span><span class=\"wpcf7-form-control-wrap\" data-name=\"email\"><input size=\"40\" maxlength=\"400\" class=\"wpcf7-form-control wpcf7-email wpcf7-validates-as-required wpcf7-text wpcf7-validates-as-email\" aria-required=\"true\" aria-invalid=\"false\" placeholder=\"E-Mail *\" value=\"\" type=\"email\" name=\"email\" \/><\/span><\/div>\n<div class=\"input-wrapper\"><span class=\"icon icon-company\"><\/span><span class=\"wpcf7-form-control-wrap\" data-name=\"company\"><input size=\"40\" maxlength=\"400\" class=\"wpcf7-form-control wpcf7-text wpcf7-validates-as-required\" aria-required=\"true\" aria-invalid=\"false\" placeholder=\"Firmenname *\" value=\"\" type=\"text\" name=\"company\" \/><\/span><\/div>\n<div class=\"input-wrapper\"><span class=\"icon icon-telephone\"><\/span><span class=\"wpcf7-form-control-wrap\" data-name=\"phone\"><input size=\"40\" maxlength=\"400\" class=\"wpcf7-form-control wpcf7-tel wpcf7-validates-as-required wpcf7-text wpcf7-validates-as-tel\" aria-required=\"true\" aria-invalid=\"false\" placeholder=\"Telefon *\" value=\"\" type=\"tel\" name=\"phone\" \/><\/span><\/div>\n<div class=\"input-wrapper\"><span class=\"icon icon-vehicles\"><\/span><span class=\"wpcf7-form-control-wrap\" data-name=\"number_of_vehicles\"><input class=\"wpcf7-form-control wpcf7-number wpcf7-validates-as-required wpcf7-validates-as-number\" min=\"1\" aria-required=\"true\" aria-invalid=\"false\" placeholder=\"Anzahl der Fahrzeuge *\" value=\"\" type=\"number\" name=\"number_of_vehicles\" \/><\/span><\/div>\n<input type=\"hidden\" name=\"thankyouURL\" value=\"\/de-de\/dankeschon-demo-anfordern\/\" class=\"wpcf7-form-control wpcf7-hidden\" id=\"thankyouURL\">\n<input class=\"wpcf7-form-control wpcf7-hidden\" value=\"\" type=\"hidden\" name=\"pardot_extra_field\" \/>\n<input type=\"hidden\" name=\"page_title\" value=\"No post title\" class=\"wpcf7-form-control wpcf7-hidden\">\n<div class=\"recatpcha-text\">Diese Website ist durch reCAPTCHA gesch\u00fctzt und es gelten die <a href=\"https:\/\/policies.google.com\/privacy?hl=de\">Datenschutzbestimmungen<\/a> und <a href=\"https:\/\/policies.google.com\/terms?hl=de\">Nutzungsbedingungen<\/a> von Google.<\/div>\n<div class=\"input-wrapper\"><input class=\"wpcf7-form-control wpcf7-submit has-spinner icon-plane\" type=\"submit\" value=\"Demo anfordern\" \/><\/div><div class=\"wpcf7-response-output\" aria-hidden=\"true\"><\/div>\n<\/form>\n<\/div>\n        <p class=\"formcaption\">Testen Sie unser Quartix System mit einer kostenlosen Vorf\u00fchrung.<\/p>\r\n        <\/div>\n\n\n\n<div class=\"wp-block-column is-layout-flow wp-block-column-is-layout-flow\">\n<figure class=\"wp-block-image size-full\"><img loading=\"lazy\" decoding=\"async\" width=\"555\" height=\"446\" src=\" https:\/\/www.quartix.com\/content\/uploads\/2021\/02\/DE-tracking-map.png\" alt=\"\" class=\"wp-image-49500\" srcset=\"https:\/\/www.quartix.com\/content\/uploads\/2021\/02\/DE-tracking-map.png 555w, https:\/\/www.quartix.com\/content\/uploads\/2021\/02\/DE-tracking-map-300x241.png 300w\" sizes=\"auto, (max-width: 555px) 100vw, 555px\" \/><\/figure>\n\n\n\r\n<section  class=\"qtx-pagebuilder-section qtx-pagebuilder-section-list \">\r\n<ul class='ticks fa-ul' style='0'><li><span class='fa-li'><i class='fas fa-check-circle'><\/i><\/span>Fahrzeugpositionen in Echtzeit anzeigen<\/li><li><span class='fa-li'><i class='fas fa-check-circle'><\/i><\/span>Historische Ortungsdaten bewerten<\/li><li><span class='fa-li'><i class='fas fa-check-circle'><\/i><\/span>Detaillierte Fahrerreporte erhalten<\/li><li><span class='fa-li'><i class='fas fa-check-circle'><\/i><\/span>Fahrer-Ranking Positionen pr\u00fcfen<\/li><li><span class='fa-li'><i class='fas fa-check-circle'><\/i><\/span>Alarmmeldungen zu unberechtigte Bewegungen erhalten<\/li><\/ul><\/section><\/div>\n<\/div>\n","protected":false},"excerpt":{"rendered":"<p>Sehen Sie, wo sich Ihre Fahrzeuge gerade befinden Orten Sie Ihre Fahrzeuge in Echtzeit. Es wird keine zus\u00e4tzliche Software ben\u00f6tigt, da auf alles \u00fcber das Internet zugegriffen werden kann. Mit unserer von Google unterst\u00fctzten Karte zur Fahrzeugortung, k\u00f6nnen Sie auf Ihre Fahrzeug- und Fahrerinformationen zugreifen, um Arbeitszeitnachweise und t\u00e4gliche Streckenkarten angezeiget zu bekommen. Unser System [&hellip;]<\/p>\n","protected":false},"author":2,"featured_media":0,"parent":23118,"menu_order":10,"comment_status":"closed","ping_status":"closed","template":"","meta":{"_acf_changed":false,"inline_featured_image":false,"footnotes":""},"topic":[],"qtx_campaign":[],"class_list":["post-24147","page","type-page","status-publish","hentry"],"acf":[],"yoast_head":"<!-- This site is optimized with the Yoast SEO Premium plugin v27.3 (Yoast SEO v27.3) - https:\/\/yoast.com\/product\/yoast-seo-premium-wordpress\/ -->\n<title>GPS Fahrzeugortung zur Verbesserung Ihres Flottenbetriebs - DE<\/title>\n<meta name=\"description\" content=\"Sehen Sie, wo sich Ihre Fahrzeuge in Echtzeit befinden. T\u00e4gliche gefahrene Strecken und Fahrzeugprotokolle anzeigen, eigene Standorte bezeichnen oder Auftragsreferenzen zu Google Maps hinzuf\u00fcgen.\" \/>\n<meta name=\"robots\" content=\"index, follow, max-snippet:-1, max-image-preview:large, max-video-preview:-1\" \/>\n<link rel=\"canonical\" href=\"https:\/\/www.quartix.com\/de-de\/fahrzeugortung\/echtzeit-fahrzeugortung\/\" \/>\n<meta property=\"og:locale\" content=\"de_DE\" \/>\n<meta property=\"og:type\" content=\"article\" \/>\n<meta property=\"og:title\" content=\"Echtzeit-Fahrzeugortung\" \/>\n<meta property=\"og:description\" content=\"Sehen Sie, wo sich Ihre Fahrzeuge in Echtzeit befinden. T\u00e4gliche gefahrene Strecken und Fahrzeugprotokolle anzeigen, eigene Standorte bezeichnen oder Auftragsreferenzen zu Google Maps hinzuf\u00fcgen.\" \/>\n<meta property=\"og:url\" content=\"https:\/\/www.quartix.com\/de-de\/fahrzeugortung\/echtzeit-fahrzeugortung\/\" \/>\n<meta property=\"og:site_name\" content=\"Quartix\" \/>\n<meta property=\"article:publisher\" content=\"https:\/\/www.facebook.com\/Quartix-USA-374426386097401\/\" \/>\n<meta property=\"article:modified_time\" content=\"2026-04-20T11:07:17+00:00\" \/>\n<meta property=\"og:image\" content=\"https:\/\/www.quartix.com\/content\/uploads\/2025\/05\/DE-Heatmap-1000x736.png\" \/>\n<meta name=\"twitter:card\" content=\"summary_large_image\" \/>\n<meta name=\"twitter:site\" content=\"@QuartixUSA\" \/>\n<meta name=\"twitter:label1\" content=\"Est. reading time\" \/>\n\t<meta name=\"twitter:data1\" content=\"4 minutes\" \/>\n<!-- \/ Yoast SEO Premium plugin. -->","yoast_head_json":{"title":"GPS Fahrzeugortung zur Verbesserung Ihres Flottenbetriebs - DE","description":"Sehen Sie, wo sich Ihre Fahrzeuge in Echtzeit befinden. T\u00e4gliche gefahrene Strecken und Fahrzeugprotokolle anzeigen, eigene Standorte bezeichnen oder Auftragsreferenzen zu Google Maps hinzuf\u00fcgen.","robots":{"index":"index","follow":"follow","max-snippet":"max-snippet:-1","max-image-preview":"max-image-preview:large","max-video-preview":"max-video-preview:-1"},"canonical":"https:\/\/www.quartix.com\/de-de\/fahrzeugortung\/echtzeit-fahrzeugortung\/","og_locale":"de_DE","og_type":"article","og_title":"Echtzeit-Fahrzeugortung","og_description":"Sehen Sie, wo sich Ihre Fahrzeuge in Echtzeit befinden. T\u00e4gliche gefahrene Strecken und Fahrzeugprotokolle anzeigen, eigene Standorte bezeichnen oder Auftragsreferenzen zu Google Maps hinzuf\u00fcgen.","og_url":"https:\/\/www.quartix.com\/de-de\/fahrzeugortung\/echtzeit-fahrzeugortung\/","og_site_name":"Quartix","article_publisher":"https:\/\/www.facebook.com\/Quartix-USA-374426386097401\/","article_modified_time":"2026-04-20T11:07:17+00:00","og_image":[{"url":"https:\/\/www.quartix.com\/content\/uploads\/2025\/05\/DE-Heatmap-1000x736.png","type":"","width":"","height":""}],"twitter_card":"summary_large_image","twitter_site":"@QuartixUSA","twitter_misc":{"Est. reading time":"4 minutes"},"schema":{"@context":"https:\/\/schema.org","@graph":[{"@type":"WebPage","@id":"https:\/\/www.quartix.com\/de-de\/fahrzeugortung\/echtzeit-fahrzeugortung\/","url":"https:\/\/www.quartix.com\/de-de\/fahrzeugortung\/echtzeit-fahrzeugortung\/","name":"GPS Fahrzeugortung zur Verbesserung Ihres Flottenbetriebs","isPartOf":{"@id":"https:\/\/www.quartix.com\/de-de\/#website"},"primaryImageOfPage":{"@id":"https:\/\/www.quartix.com\/de-de\/fahrzeugortung\/echtzeit-fahrzeugortung\/#primaryimage"},"image":{"@id":"https:\/\/www.quartix.com\/de-de\/fahrzeugortung\/echtzeit-fahrzeugortung\/#primaryimage"},"thumbnailUrl":"https:\/\/www.quartix.com\/content\/uploads\/2025\/05\/DE-Heatmap-1000x736.png","datePublished":"2019-06-17T20:42:30+00:00","dateModified":"2026-04-20T11:07:17+00:00","description":"Sehen Sie, wo sich Ihre Fahrzeuge in Echtzeit befinden. T\u00e4gliche gefahrene Strecken und Fahrzeugprotokolle anzeigen, eigene Standorte bezeichnen oder Auftragsreferenzen zu Google Maps hinzuf\u00fcgen.","breadcrumb":{"@id":"https:\/\/www.quartix.com\/de-de\/fahrzeugortung\/echtzeit-fahrzeugortung\/#breadcrumb"},"inLanguage":"de-DE","potentialAction":[{"@type":"ReadAction","target":["https:\/\/www.quartix.com\/de-de\/fahrzeugortung\/echtzeit-fahrzeugortung\/"]}]},{"@type":"ImageObject","inLanguage":"de-DE","@id":"https:\/\/www.quartix.com\/de-de\/fahrzeugortung\/echtzeit-fahrzeugortung\/#primaryimage","url":"https:\/\/www.quartix.com\/content\/uploads\/2025\/05\/DE-Heatmap-1000x736.png","contentUrl":"https:\/\/www.quartix.com\/content\/uploads\/2025\/05\/DE-Heatmap-1000x736.png"},{"@type":"BreadcrumbList","@id":"https:\/\/www.quartix.com\/de-de\/fahrzeugortung\/echtzeit-fahrzeugortung\/#breadcrumb","itemListElement":[{"@type":"ListItem","position":1,"name":"Startseite","item":"https:\/\/www.quartix.com\/de-de\/"},{"@type":"ListItem","position":2,"name":"Fahrzeugverfolgung f\u00fcr Unternehmen","item":"https:\/\/www.quartix.com\/de-de\/fahrzeugortung\/"},{"@type":"ListItem","position":3,"name":"Echtzeit-Fahrzeugortung"}]},{"@type":"WebSite","@id":"https:\/\/www.quartix.com\/de-de\/#website","url":"https:\/\/www.quartix.com\/de-de\/","name":"Quartix","description":"Real-time vehicle tracking","publisher":{"@id":"https:\/\/www.quartix.com\/de-de\/#organization"},"potentialAction":[{"@type":"SearchAction","target":{"@type":"EntryPoint","urlTemplate":"https:\/\/www.quartix.com\/de-de\/?s={search_term_string}"},"query-input":{"@type":"PropertyValueSpecification","valueRequired":true,"valueName":"search_term_string"}}],"inLanguage":"de-DE"},{"@type":"Organization","@id":"https:\/\/www.quartix.com\/de-de\/#organization","name":"Quartix","url":"https:\/\/www.quartix.com\/de-de\/","logo":{"@type":"ImageObject","inLanguage":"de-DE","@id":"https:\/\/www.quartix.com\/de-de\/#\/schema\/logo\/image\/","url":"https:\/\/www.quartix.com\/content\/uploads\/2019\/02\/quartix-logo-eur.svg","contentUrl":"https:\/\/www.quartix.com\/content\/uploads\/2019\/02\/quartix-logo-eur.svg","width":1,"height":1,"caption":"Quartix"},"image":{"@id":"https:\/\/www.quartix.com\/de-de\/#\/schema\/logo\/image\/"},"sameAs":["https:\/\/www.facebook.com\/Quartix-USA-374426386097401\/","https:\/\/x.com\/QuartixUSA","https:\/\/www.linkedin.com\/company\/5346733\/","https:\/\/www.youtube.com\/channel\/UCzS-_GMfHF4kWiCheyIRrAQ"]}]}},"_links":{"self":[{"href":"https:\/\/www.quartix.com\/de-de\/wp-json\/wp\/v2\/pages\/24147","targetHints":{"allow":["GET"]}}],"collection":[{"href":"https:\/\/www.quartix.com\/de-de\/wp-json\/wp\/v2\/pages"}],"about":[{"href":"https:\/\/www.quartix.com\/de-de\/wp-json\/wp\/v2\/types\/page"}],"author":[{"embeddable":true,"href":"https:\/\/www.quartix.com\/de-de\/wp-json\/wp\/v2\/users\/2"}],"replies":[{"embeddable":true,"href":"https:\/\/www.quartix.com\/de-de\/wp-json\/wp\/v2\/comments?post=24147"}],"version-history":[{"count":4,"href":"https:\/\/www.quartix.com\/de-de\/wp-json\/wp\/v2\/pages\/24147\/revisions"}],"predecessor-version":[{"id":131250,"href":"https:\/\/www.quartix.com\/de-de\/wp-json\/wp\/v2\/pages\/24147\/revisions\/131250"}],"up":[{"embeddable":true,"href":"https:\/\/www.quartix.com\/de-de\/wp-json\/wp\/v2\/pages\/23118"}],"wp:attachment":[{"href":"https:\/\/www.quartix.com\/de-de\/wp-json\/wp\/v2\/media?parent=24147"}],"wp:term":[{"taxonomy":"topic","embeddable":true,"href":"https:\/\/www.quartix.com\/de-de\/wp-json\/wp\/v2\/topic?post=24147"},{"taxonomy":"qtx_campaign","embeddable":true,"href":"https:\/\/www.quartix.com\/de-de\/wp-json\/wp\/v2\/qtx_campaign?post=24147"}],"curies":[{"name":"wp","href":"https:\/\/api.w.org\/{rel}","templated":true}]}}