{"id":24330,"date":"2019-06-23T20:29:13","date_gmt":"2019-06-23T20:29:13","guid":{"rendered":"https:\/\/www.quartix.com\/connect-track\/"},"modified":"2025-10-07T15:12:41","modified_gmt":"2025-10-07T14:12:41","slug":"connect-track","status":"publish","type":"page","link":"https:\/\/www.quartix.com\/de-de\/connect-track\/","title":{"rendered":"GPS Ortungsger\u00e4t Connect &amp; Track"},"content":{"rendered":"\n<div class=\"wp-block-columns is-layout-flex wp-container-core-columns-is-layout-28f84493 wp-block-columns-is-layout-flex\">\n<div class=\"wp-block-column is-layout-flow wp-block-column-is-layout-flow\">\n<h2 class=\"wp-block-heading\" id=\"h-ein-einfach-zu-verstehendes-und-unauffalliges-gerat\">Ein einfach zu verstehendes und unauff\u00e4lliges Ger\u00e4t<\/h2>\n\n\n\n<p>Connect &amp; Track ist eine einfach zu bedienende und unauff\u00e4llige L\u00f6sung zur eigenh\u00e4ndigen Installation. Einfach die beiden Kabel des Ger\u00e4tes mit Ihrer Fahrzeugbatterie verbinden. Sie k\u00f6nnen in nur wenigen Minuten auf Telematikdaten f\u00fcr jede Fahrt des Fahrzeuges zugreifen. Das Ger\u00e4t ist gesichert angebracht, w\u00e4hrend die Details Ihrer Flottenaktivit\u00e4t generiert werden.<\/p>\n\n\n\r\n<section  class=\"qtx-pagebuilder-section qtx-pagebuilder-section-list \">\r\n<ul class='ticks fa-ul' style=''><li><span class='fa-li'><i class='fas fa-check-circle'><\/i><\/span>Es ist kein Monteur erforderlich<\/li><li><span class='fa-li'><i class='fas fa-check-circle'><\/i><\/span>Ger\u00e4t ist gesichert angebracht<\/li><li><span class='fa-li'><i class='fas fa-check-circle'><\/i><\/span>Einfach zwischen Fahrzeugen wechseln<\/li><li><span class='fa-li'><i class='fas fa-check-circle'><\/i><\/span>Einfache kabellose Aktualisierungen der Telematikdaten<\/li><li><span class='fa-li'><i class='fas fa-check-circle'><\/i><\/span>Manipulationsmeldungen per E-Mail<\/li><li><span class='fa-li'><i class='fas fa-check-circle'><\/i><\/span>Speichert bis zu 500 Fahrtereignisse<\/li><\/ul><\/section><\/div>\n\n\n\n<div class=\"wp-block-column is-layout-flow wp-block-column-is-layout-flow\">\n<figure class=\"wp-block-image aligncenter size-large\"><img loading=\"lazy\" decoding=\"async\" width=\"1000\" height=\"852\" src=\" https:\/\/www.quartix.com\/content\/uploads\/2022\/10\/Connect-and-Track-1000x852.jpg\" alt=\"Quartix Connect and Track device\" class=\"wp-image-81662\" srcset=\"https:\/\/www.quartix.com\/content\/uploads\/2022\/10\/Connect-and-Track-1000x852.jpg 1000w, https:\/\/www.quartix.com\/content\/uploads\/2022\/10\/Connect-and-Track-300x256.jpg 300w, https:\/\/www.quartix.com\/content\/uploads\/2022\/10\/Connect-and-Track-768x655.jpg 768w, https:\/\/www.quartix.com\/content\/uploads\/2022\/10\/Connect-and-Track-1536x1309.jpg 1536w, https:\/\/www.quartix.com\/content\/uploads\/2022\/10\/Connect-and-Track-2048x1746.jpg 2048w\" sizes=\"auto, (max-width: 1000px) 100vw, 1000px\" \/><\/figure>\n<\/div>\n<\/div>\n\n\n\n<div class=\"wp-block-columns is-layout-flex wp-container-core-columns-is-layout-28f84493 wp-block-columns-is-layout-flex\">\n<div class=\"wp-block-column is-layout-flow wp-block-column-is-layout-flow\">\n<figure class=\"wp-block-image aligncenter size-large\"><img loading=\"lazy\" decoding=\"async\" width=\"1000\" height=\"571\" src=\" https:\/\/www.quartix.com\/content\/uploads\/2021\/01\/quartix_DE_screens_apps_image-1000x571.png\" alt=\"\" class=\"wp-image-48690\" srcset=\"https:\/\/www.quartix.com\/content\/uploads\/2021\/01\/quartix_DE_screens_apps_image-1000x571.png 1000w, https:\/\/www.quartix.com\/content\/uploads\/2021\/01\/quartix_DE_screens_apps_image-300x171.png 300w, https:\/\/www.quartix.com\/content\/uploads\/2021\/01\/quartix_DE_screens_apps_image-768x438.png 768w, https:\/\/www.quartix.com\/content\/uploads\/2021\/01\/quartix_DE_screens_apps_image-1536x876.png 1536w, https:\/\/www.quartix.com\/content\/uploads\/2021\/01\/quartix_DE_screens_apps_image-2048x1168.png 2048w\" sizes=\"auto, (max-width: 1000px) 100vw, 1000px\" \/><\/figure>\n<\/div>\n\n\n\n<div class=\"wp-block-column is-layout-flow wp-block-column-is-layout-flow\">\n<h2 class=\"wp-block-heading\" id=\"h-eine-anpassungsfahige-losung\">Eine anpassungsf\u00e4hige L\u00f6sung<\/h2>\n\n\n\n<p>Sie k\u00f6nnen ganz einfach selbstst\u00e4ndig das Connect &amp; Track Ger\u00e4t zwischen Fahrzeugen wechseln. Das ist somit die perfekte Wahl f\u00fcr vorl\u00e4ufige Auftragsnehmer und Unternehmen mit geleasten Fahrzeugen.<\/p>\n\n\n\n<p>Sie finden alles, vom Fahrer, Arbeitszeitnachweisen und Routenkarten, bis hin zu Fahrstilanalysen auf unserem <a href=\"https:\/\/www.quartix.com\/de-de\/fahrzeugortung\/\">GPS Ortungssystem<\/a>.<\/p>\n\n\n\r\n<section  class=\"qtx-pagebuilder-section qtx-pagebuilder-section-list \">\r\n<ul class='ticks fa-ul' style=''><li><span class='fa-li'><i class='fas fa-check-circle'><\/i><\/span>Produktivit\u00e4t steigern und Mitarbeiterstunden pr\u00fcfen<\/li><li><span class='fa-li'><i class='fas fa-check-circle'><\/i><\/span>Mit ausf\u00fchrlichen Analysen und Reporten die Fahrstile verbessern<\/li><li><span class='fa-li'><i class='fas fa-check-circle'><\/i><\/span>Wissen, ob und wann Fahrer in definierte Gebiete ein- oder ausfahren<\/li><li><span class='fa-li'><i class='fas fa-check-circle'><\/i><\/span>Angepasste Standortdaten und E-Mail Benachrichtigungen erhalten<\/li><li><span class='fa-li'><i class='fas fa-check-circle'><\/i><\/span>Mit Erinnerungsfunktion Termine zur Fahrzeugwartung im Voraus planen<\/li><\/ul><\/section><\/div>\n<\/div>\n","protected":false},"excerpt":{"rendered":"<p>Ein einfach zu verstehendes und unauff\u00e4lliges Ger\u00e4t Connect &amp; Track ist eine einfach zu bedienende und unauff\u00e4llige L\u00f6sung zur eigenh\u00e4ndigen Installation. Einfach die beiden Kabel des Ger\u00e4tes mit Ihrer Fahrzeugbatterie verbinden. Sie k\u00f6nnen in nur wenigen Minuten auf Telematikdaten f\u00fcr jede Fahrt des Fahrzeuges zugreifen. Das Ger\u00e4t ist gesichert angebracht, w\u00e4hrend die Details Ihrer Flottenaktivit\u00e4t [&hellip;]<\/p>\n","protected":false},"author":2,"featured_media":0,"parent":0,"menu_order":90,"comment_status":"closed","ping_status":"closed","template":"","meta":{"_acf_changed":false,"inline_featured_image":false,"footnotes":""},"topic":[],"qtx_campaign":[],"class_list":["post-24330","page","type-page","status-publish","hentry"],"acf":[],"yoast_head":"<!-- This site is optimized with the Yoast SEO Premium plugin v27.2 (Yoast SEO v27.2) - https:\/\/yoast.com\/product\/yoast-seo-premium-wordpress\/ -->\n<title>GPS Ortungsger\u00e4t Connect and Track - DE<\/title>\n<meta name=\"description\" content=\"Erfahren Sie mehr \u00fcber das Quartix Fahrzeugortung Connect and Track Ger\u00e4t. Geeignet f\u00fcr leichte, mittlere und schwere Nutzfahrzeuge. Einfach zu installieren.\" \/>\n<meta name=\"robots\" content=\"index, follow, max-snippet:-1, max-image-preview:large, max-video-preview:-1\" \/>\n<link rel=\"canonical\" href=\"https:\/\/www.quartix.com\/de-de\/connect-track\/\" \/>\n<meta property=\"og:locale\" content=\"de_DE\" \/>\n<meta property=\"og:type\" content=\"article\" \/>\n<meta property=\"og:title\" content=\"GPS Ortungsger\u00e4t Connect &amp; Track\" \/>\n<meta property=\"og:description\" content=\"Erfahren Sie mehr \u00fcber das Quartix Fahrzeugortung Connect and Track Ger\u00e4t. Geeignet f\u00fcr leichte, mittlere und schwere Nutzfahrzeuge. Einfach zu installieren.\" \/>\n<meta property=\"og:url\" content=\"https:\/\/www.quartix.com\/de-de\/connect-track\/\" \/>\n<meta property=\"og:site_name\" content=\"Quartix\" \/>\n<meta property=\"article:publisher\" content=\"https:\/\/www.facebook.com\/Quartix-USA-374426386097401\/\" \/>\n<meta property=\"article:modified_time\" content=\"2025-10-07T14:12:41+00:00\" \/>\n<meta name=\"twitter:card\" content=\"summary_large_image\" \/>\n<meta name=\"twitter:site\" content=\"@QuartixUSA\" \/>\n<meta name=\"twitter:label1\" content=\"Est. reading time\" \/>\n\t<meta name=\"twitter:data1\" content=\"2 minutes\" \/>\n<!-- \/ Yoast SEO Premium plugin. -->","yoast_head_json":{"title":"GPS Ortungsger\u00e4t Connect and Track - DE","description":"Erfahren Sie mehr \u00fcber das Quartix Fahrzeugortung Connect and Track Ger\u00e4t. Geeignet f\u00fcr leichte, mittlere und schwere Nutzfahrzeuge. Einfach zu installieren.","robots":{"index":"index","follow":"follow","max-snippet":"max-snippet:-1","max-image-preview":"max-image-preview:large","max-video-preview":"max-video-preview:-1"},"canonical":"https:\/\/www.quartix.com\/de-de\/connect-track\/","og_locale":"de_DE","og_type":"article","og_title":"GPS Ortungsger\u00e4t Connect &amp; Track","og_description":"Erfahren Sie mehr \u00fcber das Quartix Fahrzeugortung Connect and Track Ger\u00e4t. Geeignet f\u00fcr leichte, mittlere und schwere Nutzfahrzeuge. Einfach zu installieren.","og_url":"https:\/\/www.quartix.com\/de-de\/connect-track\/","og_site_name":"Quartix","article_publisher":"https:\/\/www.facebook.com\/Quartix-USA-374426386097401\/","article_modified_time":"2025-10-07T14:12:41+00:00","twitter_card":"summary_large_image","twitter_site":"@QuartixUSA","twitter_misc":{"Est. reading time":"2 minutes"},"schema":{"@context":"https:\/\/schema.org","@graph":[{"@type":"WebPage","@id":"https:\/\/www.quartix.com\/de-de\/connect-track\/","url":"https:\/\/www.quartix.com\/de-de\/connect-track\/","name":"GPS Ortungsger\u00e4t Connect and Track","isPartOf":{"@id":"https:\/\/www.quartix.com\/de-de\/#website"},"datePublished":"2019-06-23T20:29:13+00:00","dateModified":"2025-10-07T14:12:41+00:00","description":"Erfahren Sie mehr \u00fcber das Quartix Fahrzeugortung Connect and Track Ger\u00e4t. Geeignet f\u00fcr leichte, mittlere und schwere Nutzfahrzeuge. Einfach zu installieren.","breadcrumb":{"@id":"https:\/\/www.quartix.com\/de-de\/connect-track\/#breadcrumb"},"inLanguage":"de-DE","potentialAction":[{"@type":"ReadAction","target":["https:\/\/www.quartix.com\/de-de\/connect-track\/"]}]},{"@type":"BreadcrumbList","@id":"https:\/\/www.quartix.com\/de-de\/connect-track\/#breadcrumb","itemListElement":[{"@type":"ListItem","position":1,"name":"Startseite","item":"https:\/\/www.quartix.com\/de-de\/die-nr-1-fahrzeugortungsloesung-fuer-flotten-jeder-groesse\/"},{"@type":"ListItem","position":2,"name":"GPS Ortungsger\u00e4t Connect &amp; Track"}]},{"@type":"WebSite","@id":"https:\/\/www.quartix.com\/de-de\/#website","url":"https:\/\/www.quartix.com\/de-de\/","name":"Quartix","description":"Real-time vehicle tracking","publisher":{"@id":"https:\/\/www.quartix.com\/de-de\/#organization"},"potentialAction":[{"@type":"SearchAction","target":{"@type":"EntryPoint","urlTemplate":"https:\/\/www.quartix.com\/de-de\/?s={search_term_string}"},"query-input":{"@type":"PropertyValueSpecification","valueRequired":true,"valueName":"search_term_string"}}],"inLanguage":"de-DE"},{"@type":"Organization","@id":"https:\/\/www.quartix.com\/de-de\/#organization","name":"Quartix","url":"https:\/\/www.quartix.com\/de-de\/","logo":{"@type":"ImageObject","inLanguage":"de-DE","@id":"https:\/\/www.quartix.com\/de-de\/#\/schema\/logo\/image\/","url":"https:\/\/www.quartix.com\/content\/uploads\/2019\/02\/quartix-logo-eur.svg","contentUrl":"https:\/\/www.quartix.com\/content\/uploads\/2019\/02\/quartix-logo-eur.svg","width":1,"height":1,"caption":"Quartix"},"image":{"@id":"https:\/\/www.quartix.com\/de-de\/#\/schema\/logo\/image\/"},"sameAs":["https:\/\/www.facebook.com\/Quartix-USA-374426386097401\/","https:\/\/x.com\/QuartixUSA","https:\/\/www.linkedin.com\/company\/5346733\/","https:\/\/www.youtube.com\/channel\/UCzS-_GMfHF4kWiCheyIRrAQ"]}]}},"_links":{"self":[{"href":"https:\/\/www.quartix.com\/de-de\/wp-json\/wp\/v2\/pages\/24330","targetHints":{"allow":["GET"]}}],"collection":[{"href":"https:\/\/www.quartix.com\/de-de\/wp-json\/wp\/v2\/pages"}],"about":[{"href":"https:\/\/www.quartix.com\/de-de\/wp-json\/wp\/v2\/types\/page"}],"author":[{"embeddable":true,"href":"https:\/\/www.quartix.com\/de-de\/wp-json\/wp\/v2\/users\/2"}],"replies":[{"embeddable":true,"href":"https:\/\/www.quartix.com\/de-de\/wp-json\/wp\/v2\/comments?post=24330"}],"version-history":[{"count":8,"href":"https:\/\/www.quartix.com\/de-de\/wp-json\/wp\/v2\/pages\/24330\/revisions"}],"predecessor-version":[{"id":125290,"href":"https:\/\/www.quartix.com\/de-de\/wp-json\/wp\/v2\/pages\/24330\/revisions\/125290"}],"wp:attachment":[{"href":"https:\/\/www.quartix.com\/de-de\/wp-json\/wp\/v2\/media?parent=24330"}],"wp:term":[{"taxonomy":"topic","embeddable":true,"href":"https:\/\/www.quartix.com\/de-de\/wp-json\/wp\/v2\/topic?post=24330"},{"taxonomy":"qtx_campaign","embeddable":true,"href":"https:\/\/www.quartix.com\/de-de\/wp-json\/wp\/v2\/qtx_campaign?post=24330"}],"curies":[{"name":"wp","href":"https:\/\/api.w.org\/{rel}","templated":true}]}}