{"id":24345,"date":"2019-06-23T21:48:16","date_gmt":"2019-06-23T21:48:16","guid":{"rendered":" https:\/\/www.quartix.com\/allgemeine-geschaftsbedingungen-set\/"},"modified":"2023-07-21T10:44:39","modified_gmt":"2023-07-21T09:44:39","slug":"allgemeine-geschaftsbedingungen-set","status":"publish","type":"page","link":"https:\/\/www.quartix.com\/de-de\/allgemeine-geschaftsbedingungen-set\/","title":{"rendered":"Allgemeine Gesch\u00e4ftsbedingungen \u00dcbersicht"},"content":{"rendered":"\n<h3 class=\"wp-block-heading\"><a href=\" https:\/\/www.quartix.com\/de-de\/geschaftsbedingungen\/\">Allgemeine Verkaufsbedingungen<\/a><\/h3>\n\n\n\n<h3 class=\"wp-block-heading\"><a href=\" https:\/\/www.quartix.com\/de-de\/zuruckerstattungs-und-stornierungsbestimmungen\/\">Zur\u00fcckerstattungs- und Stornierungsbestimmungen<\/a><\/h3>\n\n\n\n<h3 class=\"wp-block-heading\"><a href=\" https:\/\/www.quartix.com\/de-de\/wiederkehrende-zahlungsbedingungen\/\">Wiederkehrende Zahlungsbedingungen<\/a><\/h3>\n\n\n\n<h3 class=\"wp-block-heading\"><a href=\" https:\/\/www.quartix.com\/de-de\/begriffsbestimmungen-datenverarbeitung\/\">Allgemeine Bedingungen zur Datenverarbeitung<\/a><\/h3>\n\n\n\n<h3 class=\"wp-block-heading\"><a href=\" https:\/\/www.quartix.com\/de-de\/datenschutzbestimmungen\/\">Datenschutzbestimmungen<\/a><\/h3>\n\n\n\n<h3 class=\"wp-block-heading\">&nbsp;<\/h3>\n","protected":false},"excerpt":{"rendered":"<p>Allgemeine Verkaufsbedingungen Zur\u00fcckerstattungs- und Stornierungsbestimmungen Wiederkehrende Zahlungsbedingungen Allgemeine Bedingungen zur Datenverarbeitung Datenschutzbestimmungen &nbsp;<\/p>\n","protected":false},"author":2,"featured_media":0,"parent":0,"menu_order":700,"comment_status":"closed","ping_status":"closed","template":"templates\/terms-and-conditions.php","meta":{"_acf_changed":false,"inline_featured_image":false,"footnotes":""},"topic":[],"qtx_campaign":[],"class_list":["post-24345","page","type-page","status-publish","hentry"],"acf":[],"yoast_head":"<!-- This site is optimized with the Yoast SEO Premium plugin v27.3 (Yoast SEO v27.3) - https:\/\/yoast.com\/product\/yoast-seo-premium-wordpress\/ -->\n<title>Allgemeine Gesch\u00e4ftsbedingungen \u00dcbersicht - DE<\/title>\n<meta name=\"description\" content=\"Pr\u00fcfen Sie alle Quartix Allgemeine Gesch\u00e4ftsbedingungen, wie die Zur\u00fcckerstattungs- und Stornierungsbestimmungen, Wiederkehrende Zahlungsbedingungen, Allgemeine Bedingungen zur Datenverarbeitung und mehr.\" \/>\n<meta name=\"robots\" content=\"index, follow, max-snippet:-1, max-image-preview:large, max-video-preview:-1\" \/>\n<link rel=\"canonical\" href=\"https:\/\/www.quartix.com\/de-de\/allgemeine-geschaftsbedingungen-set\/\" \/>\n<meta property=\"og:locale\" content=\"de_DE\" \/>\n<meta property=\"og:type\" content=\"article\" \/>\n<meta property=\"og:title\" content=\"Allgemeine Gesch\u00e4ftsbedingungen \u00dcbersicht\" \/>\n<meta property=\"og:description\" content=\"Pr\u00fcfen Sie alle Quartix Allgemeine Gesch\u00e4ftsbedingungen, wie die Zur\u00fcckerstattungs- und Stornierungsbestimmungen, Wiederkehrende Zahlungsbedingungen, Allgemeine Bedingungen zur Datenverarbeitung und mehr.\" \/>\n<meta property=\"og:url\" content=\"https:\/\/www.quartix.com\/de-de\/allgemeine-geschaftsbedingungen-set\/\" \/>\n<meta property=\"og:site_name\" content=\"Quartix\" \/>\n<meta property=\"article:publisher\" content=\"https:\/\/www.facebook.com\/Quartix-USA-374426386097401\/\" \/>\n<meta property=\"article:modified_time\" content=\"2023-07-21T09:44:39+00:00\" \/>\n<meta name=\"twitter:card\" content=\"summary_large_image\" \/>\n<meta name=\"twitter:site\" content=\"@QuartixUSA\" \/>\n<meta name=\"twitter:label1\" content=\"Est. reading time\" \/>\n\t<meta name=\"twitter:data1\" content=\"1 minute\" \/>\n<!-- \/ Yoast SEO Premium plugin. -->","yoast_head_json":{"title":"Allgemeine Gesch\u00e4ftsbedingungen \u00dcbersicht - DE","description":"Pr\u00fcfen Sie alle Quartix Allgemeine Gesch\u00e4ftsbedingungen, wie die Zur\u00fcckerstattungs- und Stornierungsbestimmungen, Wiederkehrende Zahlungsbedingungen, Allgemeine Bedingungen zur Datenverarbeitung und mehr.","robots":{"index":"index","follow":"follow","max-snippet":"max-snippet:-1","max-image-preview":"max-image-preview:large","max-video-preview":"max-video-preview:-1"},"canonical":"https:\/\/www.quartix.com\/de-de\/allgemeine-geschaftsbedingungen-set\/","og_locale":"de_DE","og_type":"article","og_title":"Allgemeine Gesch\u00e4ftsbedingungen \u00dcbersicht","og_description":"Pr\u00fcfen Sie alle Quartix Allgemeine Gesch\u00e4ftsbedingungen, wie die Zur\u00fcckerstattungs- und Stornierungsbestimmungen, Wiederkehrende Zahlungsbedingungen, Allgemeine Bedingungen zur Datenverarbeitung und mehr.","og_url":"https:\/\/www.quartix.com\/de-de\/allgemeine-geschaftsbedingungen-set\/","og_site_name":"Quartix","article_publisher":"https:\/\/www.facebook.com\/Quartix-USA-374426386097401\/","article_modified_time":"2023-07-21T09:44:39+00:00","twitter_card":"summary_large_image","twitter_site":"@QuartixUSA","twitter_misc":{"Est. reading time":"1 minute"},"schema":{"@context":"https:\/\/schema.org","@graph":[{"@type":"WebPage","@id":"https:\/\/www.quartix.com\/de-de\/allgemeine-geschaftsbedingungen-set\/","url":"https:\/\/www.quartix.com\/de-de\/allgemeine-geschaftsbedingungen-set\/","name":"Allgemeine Gesch\u00e4ftsbedingungen \u00dcbersicht","isPartOf":{"@id":"https:\/\/www.quartix.com\/de-de\/#website"},"datePublished":"2019-06-23T21:48:16+00:00","dateModified":"2023-07-21T09:44:39+00:00","description":"Pr\u00fcfen Sie alle Quartix Allgemeine Gesch\u00e4ftsbedingungen, wie die Zur\u00fcckerstattungs- und Stornierungsbestimmungen, Wiederkehrende Zahlungsbedingungen, Allgemeine Bedingungen zur Datenverarbeitung und mehr.","breadcrumb":{"@id":"https:\/\/www.quartix.com\/de-de\/allgemeine-geschaftsbedingungen-set\/#breadcrumb"},"inLanguage":"de-DE","potentialAction":[{"@type":"ReadAction","target":["https:\/\/www.quartix.com\/de-de\/allgemeine-geschaftsbedingungen-set\/"]}]},{"@type":"BreadcrumbList","@id":"https:\/\/www.quartix.com\/de-de\/allgemeine-geschaftsbedingungen-set\/#breadcrumb","itemListElement":[{"@type":"ListItem","position":1,"name":"Startseite","item":"https:\/\/www.quartix.com\/de-de\/die-nr-1-fahrzeugortungsloesung-fuer-flotten-jeder-groesse\/"},{"@type":"ListItem","position":2,"name":"Allgemeine Gesch\u00e4ftsbedingungen \u00dcbersicht"}]},{"@type":"WebSite","@id":"https:\/\/www.quartix.com\/de-de\/#website","url":"https:\/\/www.quartix.com\/de-de\/","name":"Quartix","description":"Real-time vehicle tracking","publisher":{"@id":"https:\/\/www.quartix.com\/de-de\/#organization"},"potentialAction":[{"@type":"SearchAction","target":{"@type":"EntryPoint","urlTemplate":"https:\/\/www.quartix.com\/de-de\/?s={search_term_string}"},"query-input":{"@type":"PropertyValueSpecification","valueRequired":true,"valueName":"search_term_string"}}],"inLanguage":"de-DE"},{"@type":"Organization","@id":"https:\/\/www.quartix.com\/de-de\/#organization","name":"Quartix","url":"https:\/\/www.quartix.com\/de-de\/","logo":{"@type":"ImageObject","inLanguage":"de-DE","@id":"https:\/\/www.quartix.com\/de-de\/#\/schema\/logo\/image\/","url":"https:\/\/www.quartix.com\/content\/uploads\/2019\/02\/quartix-logo-eur.svg","contentUrl":"https:\/\/www.quartix.com\/content\/uploads\/2019\/02\/quartix-logo-eur.svg","width":1,"height":1,"caption":"Quartix"},"image":{"@id":"https:\/\/www.quartix.com\/de-de\/#\/schema\/logo\/image\/"},"sameAs":["https:\/\/www.facebook.com\/Quartix-USA-374426386097401\/","https:\/\/x.com\/QuartixUSA","https:\/\/www.linkedin.com\/company\/5346733\/","https:\/\/www.youtube.com\/channel\/UCzS-_GMfHF4kWiCheyIRrAQ"]}]}},"_links":{"self":[{"href":"https:\/\/www.quartix.com\/de-de\/wp-json\/wp\/v2\/pages\/24345","targetHints":{"allow":["GET"]}}],"collection":[{"href":"https:\/\/www.quartix.com\/de-de\/wp-json\/wp\/v2\/pages"}],"about":[{"href":"https:\/\/www.quartix.com\/de-de\/wp-json\/wp\/v2\/types\/page"}],"author":[{"embeddable":true,"href":"https:\/\/www.quartix.com\/de-de\/wp-json\/wp\/v2\/users\/2"}],"replies":[{"embeddable":true,"href":"https:\/\/www.quartix.com\/de-de\/wp-json\/wp\/v2\/comments?post=24345"}],"version-history":[{"count":0,"href":"https:\/\/www.quartix.com\/de-de\/wp-json\/wp\/v2\/pages\/24345\/revisions"}],"wp:attachment":[{"href":"https:\/\/www.quartix.com\/de-de\/wp-json\/wp\/v2\/media?parent=24345"}],"wp:term":[{"taxonomy":"topic","embeddable":true,"href":"https:\/\/www.quartix.com\/de-de\/wp-json\/wp\/v2\/topic?post=24345"},{"taxonomy":"qtx_campaign","embeddable":true,"href":"https:\/\/www.quartix.com\/de-de\/wp-json\/wp\/v2\/qtx_campaign?post=24345"}],"curies":[{"name":"wp","href":"https:\/\/api.w.org\/{rel}","templated":true}]}}