{"id":24373,"date":"2019-06-24T20:29:26","date_gmt":"2019-06-24T20:29:26","guid":{"rendered":"https:\/\/www.quartix.com\/plug-track-gerat\/"},"modified":"2025-11-05T15:29:45","modified_gmt":"2025-11-05T14:29:45","slug":"gps-ortungsgeraet-plug-track","status":"publish","type":"page","link":"https:\/\/www.quartix.com\/de-de\/gps-ortungsgeraet-plug-track\/","title":{"rendered":"GPS Ortungsger\u00e4t Plug &#038; Track"},"content":{"rendered":"\n<div class=\"wp-block-columns is-layout-flex wp-container-core-columns-is-layout-28f84493 wp-block-columns-is-layout-flex\">\n<div class=\"wp-block-column is-layout-flow wp-block-column-is-layout-flow\">\n<figure class=\"wp-block-image\"><img decoding=\"async\" src=\" https:\/\/www.quartix.com\/content\/uploads\/2019\/04\/PlugTrackUnit-1000x769.png\" alt=\"\"\/><\/figure>\n<\/div>\n\n\n\n<div class=\"wp-block-column is-layout-flow wp-block-column-is-layout-flow\">\n<h2 class=\"wp-block-heading\" id=\"h-wesentliche-funktionen-des-plug-amp-track-gerates\">Wesentliche Funktionen des Plug &amp; Track Ger\u00e4tes<\/h2>\n\n\n\n<p>Das Quartix Plug &amp; Track Ger\u00e4t kann ganz einfach in einen standardm\u00e4\u00dfigen 12V Diagnoseport angesteckt werden. In nur wenigen Minuten, k\u00f6nnen alle Telematikdaten eingesehen werden.<\/p>\n\n\n\n<p>Die Plug &amp; Track L\u00f6sung macht die Analyse von Fahrzeugen, Arbeitszeitnachweisen der Fahrer, gefahrene Strecken und Fahrverhalten noch einfacher.<\/p>\n\n\n\r\n<section  class=\"qtx-pagebuilder-section qtx-pagebuilder-section-list \">\r\n<ul class='ticks fa-ul' style='0'><li><span class='fa-li'><i class='fas fa-check-circle'><\/i><\/span>Es wird kein Installationstermin ben\u00f6tigt<\/li><li><span class='fa-li'><i class='fas fa-check-circle'><\/i><\/span>Fahrzeuge k\u00f6nnen einfach gewechselt werden<\/li><li><span class='fa-li'><i class='fas fa-check-circle'><\/i><\/span>Kompatibel mit den meisten Fahrzeugen und Transporter<\/li><li><span class='fa-li'><i class='fas fa-check-circle'><\/i><\/span>Unterst\u00fctzt von einer internen Batterie<\/li><li><span class='fa-li'><i class='fas fa-check-circle'><\/i><\/span>Schnelle und einfache kabellose (OTA) Firmware und Support Updates<\/li><li><span class='fa-li'><i class='fas fa-check-circle'><\/i><\/span>Viel Speicherplatz: bis zu 500 Fahrtereignisse<\/li><li><span class='fa-li'><i class='fas fa-check-circle'><\/i><\/span>Warnanzeige bei schwacher Batterie<\/li><li><span class='fa-li'><i class='fas fa-check-circle'><\/i><\/span>Manipulationsmeldungen, wenn das Ger\u00e4t angesteckt oder abgesteckt ist oder wenn sich das Fahrzeug bei ausgeschalteter Z\u00fcndung bewegt<\/li><\/ul><\/section>\n\n\n<p>Quartix Plug &amp; Track Ger\u00e4te sind sehr einfach zu installieren. Die einfache <a href=\"https:\/\/go.pardot.com\/l\/375002\/2019-07-19\/6bzmgf\/375002\/354698\/DE_Quartix_Plug_and_Track_Guide.pdf\">Anleitung zur Installation<\/a> herunterladen und mit der Installation beginnen.<\/p>\n\n\n\n<p>F\u00fcr den Fall, dass Sie Hilfe beim Auffinden des OBD Port ben\u00f6tigen verwenden Sie bitte unser <a href=\"https:\/\/www.klavkarr.de\/standort-stecker-connector-obd.php\" target=\"_blank\" rel=\"noreferrer noopener\">OBD Lokalisierungstool<\/a>.<\/p>\n<\/div>\n<\/div>\n\n\n\n<div class=\"wp-block-columns is-layout-flex wp-container-core-columns-is-layout-28f84493 wp-block-columns-is-layout-flex\">\n<div class=\"wp-block-column is-layout-flow wp-block-column-is-layout-flow\">\n<h2 class=\"wp-block-heading\" id=\"h-warum-sollten-sie-sich-fur-die-quartix-plug-amp-track-losung-entscheiden\">Warum sollten Sie sich f\u00fcr die Quartix Plug &amp; Track L\u00f6sung entscheiden?<\/h2>\n\n\n\n<p>Mit dem Quartix Plug und Track Ger\u00e4t sind Sie flexibel und k\u00f6nnen das Ortungsger\u00e4t ganz leicht von einem Fahrzeug auf ein anderes umstecken.<\/p>\n\n\n\n<p>Beispiele:<\/p>\n\n\n\n<p><strong>Tempor\u00e4re Subunternehmer<\/strong><\/p>\n\n\n\n<p>Im Falle, dass Sie tempor\u00e4re Subunternehmer orten m\u00fcssen, haben Sie mit der Plug &amp; Track Zugriff auf alle Ortungsdaten, genau so wie bei Ihren Festangestellten mit Ihren eigenen Fahrzeugen.<\/p>\n\n\n\n<p><strong>Ersatzfahrzeug<\/strong><\/p>\n\n\n\n<p>Ein gro\u00dfer Vorteil des Plug &amp; Track Ger\u00e4tes ist, wenn Sie Fahrzeuge Ihrer Flotte ersetzen m\u00fcssen. Die Ortungsger\u00e4te k\u00f6nnen ganz leicht von einem Fahrzeug auf ein anderes gewechselt werden, einfach anmelden und die Registrierungsangaben f\u00fcr die spezifische Fahrzeug ID entsprechend \u00e4ndern. Damit sparen Sie Zeit und Kosten.<\/p>\n<\/div>\n\n\n\n<div class=\"wp-block-column is-layout-flow wp-block-column-is-layout-flow\">\n<figure class=\"wp-block-image\"><img decoding=\"async\" src=\" https:\/\/www.quartix.com\/content\/uploads\/2018\/08\/experts-at-tracking.svg\" alt=\"\"\/><\/figure>\n<\/div>\n<\/div>\n\n\n\n<p><strong>Geleaste \/ Vermietete Fahrzeug<\/strong><\/p>\n\n\n\n<p>Viele Unternehmen mieten Transporter oder Fahrzeuge, um L\u00fccken zu f\u00fcllen, wenn Fahrzeuge entweder repariert werden oder um steigender Kundennachfrage nachzukommen. Quartix Plug &amp; Track ist eine gro\u00dfartige L\u00f6sung. Es wird sichergestellt, dass geleaste Fahrzeuge zusammen mit den restlichen Fahrzeugen der Flotte dauerhaft geortet werden. Gehen Sie sicher, dass Sie l\u00fcckenlose Flottendaten haben &#8211; gleichg\u00fcltig ob Sie geleaste oder Ihre eigenen Fahrzeuge verwenden.<\/p>\n\n\n\n<p>Egal ob Sie auf der Suche nach einer GPS Ortungsl\u00f6sung sind, die auch kompatibel mit schweren Nutzfahrzeugen ist, oder wo das Ger\u00e4t nicht erkennbar oder entfernbar sein soll, dann bietet sich die <a href=\"https:\/\/www.quartix.com\/de-de\/connect-track\/\">Quartix Connect &amp; Track<\/a> L\u00f6sung an.<\/p>\n","protected":false},"excerpt":{"rendered":"<p>Wesentliche Funktionen des Plug &amp; Track Ger\u00e4tes Das Quartix Plug &amp; Track Ger\u00e4t kann ganz einfach in einen standardm\u00e4\u00dfigen 12V Diagnoseport angesteckt werden. In nur wenigen Minuten, k\u00f6nnen alle Telematikdaten eingesehen werden. Die Plug &amp; Track L\u00f6sung macht die Analyse von Fahrzeugen, Arbeitszeitnachweisen der Fahrer, gefahrene Strecken und Fahrverhalten noch einfacher. Quartix Plug &amp; Track [&hellip;]<\/p>\n","protected":false},"author":2,"featured_media":0,"parent":0,"menu_order":80,"comment_status":"closed","ping_status":"closed","template":"","meta":{"_acf_changed":false,"inline_featured_image":false,"footnotes":""},"topic":[],"qtx_campaign":[],"class_list":["post-24373","page","type-page","status-publish","hentry"],"acf":[],"yoast_head":"<!-- This site is optimized with the Yoast SEO Premium plugin v27.2 (Yoast SEO v27.2) - https:\/\/yoast.com\/product\/yoast-seo-premium-wordpress\/ -->\n<title>GPS Ortungsger\u00e4t Plug and Track - DE<\/title>\n<meta name=\"description\" content=\"Erfahren Sie mehr \u00fcber das Quartix OBD Plug und Track Ger\u00e4t. Es ist schnell zu installieren, und die Ortung kann einfach auf ein anderes Fahrzeug \u00fcbertragen werden.\" \/>\n<meta name=\"robots\" content=\"index, follow, max-snippet:-1, max-image-preview:large, max-video-preview:-1\" \/>\n<link rel=\"canonical\" href=\"https:\/\/www.quartix.com\/de-de\/gps-ortungsgeraet-plug-track\/\" \/>\n<meta property=\"og:locale\" content=\"de_DE\" \/>\n<meta property=\"og:type\" content=\"article\" \/>\n<meta property=\"og:title\" content=\"GPS Ortungsger\u00e4t Plug &amp; Track\" \/>\n<meta property=\"og:description\" content=\"Erfahren Sie mehr \u00fcber das Quartix OBD Plug und Track Ger\u00e4t. Es ist schnell zu installieren, und die Ortung kann einfach auf ein anderes Fahrzeug \u00fcbertragen werden.\" \/>\n<meta property=\"og:url\" content=\"https:\/\/www.quartix.com\/de-de\/gps-ortungsgeraet-plug-track\/\" \/>\n<meta property=\"og:site_name\" content=\"Quartix\" \/>\n<meta property=\"article:publisher\" content=\"https:\/\/www.facebook.com\/Quartix-USA-374426386097401\/\" \/>\n<meta property=\"article:modified_time\" content=\"2025-11-05T14:29:45+00:00\" \/>\n<meta name=\"twitter:card\" content=\"summary_large_image\" \/>\n<meta name=\"twitter:site\" content=\"@QuartixUSA\" \/>\n<meta name=\"twitter:label1\" content=\"Est. reading time\" \/>\n\t<meta name=\"twitter:data1\" content=\"3 minutes\" \/>\n<!-- \/ Yoast SEO Premium plugin. -->","yoast_head_json":{"title":"GPS Ortungsger\u00e4t Plug and Track - DE","description":"Erfahren Sie mehr \u00fcber das Quartix OBD Plug und Track Ger\u00e4t. Es ist schnell zu installieren, und die Ortung kann einfach auf ein anderes Fahrzeug \u00fcbertragen werden.","robots":{"index":"index","follow":"follow","max-snippet":"max-snippet:-1","max-image-preview":"max-image-preview:large","max-video-preview":"max-video-preview:-1"},"canonical":"https:\/\/www.quartix.com\/de-de\/gps-ortungsgeraet-plug-track\/","og_locale":"de_DE","og_type":"article","og_title":"GPS Ortungsger\u00e4t Plug & Track","og_description":"Erfahren Sie mehr \u00fcber das Quartix OBD Plug und Track Ger\u00e4t. Es ist schnell zu installieren, und die Ortung kann einfach auf ein anderes Fahrzeug \u00fcbertragen werden.","og_url":"https:\/\/www.quartix.com\/de-de\/gps-ortungsgeraet-plug-track\/","og_site_name":"Quartix","article_publisher":"https:\/\/www.facebook.com\/Quartix-USA-374426386097401\/","article_modified_time":"2025-11-05T14:29:45+00:00","twitter_card":"summary_large_image","twitter_site":"@QuartixUSA","twitter_misc":{"Est. reading time":"3 minutes"},"schema":{"@context":"https:\/\/schema.org","@graph":[{"@type":"WebPage","@id":"https:\/\/www.quartix.com\/de-de\/gps-ortungsgeraet-plug-track\/","url":"https:\/\/www.quartix.com\/de-de\/gps-ortungsgeraet-plug-track\/","name":"GPS Ortungsger\u00e4t Plug and Track","isPartOf":{"@id":"https:\/\/www.quartix.com\/de-de\/#website"},"datePublished":"2019-06-24T20:29:26+00:00","dateModified":"2025-11-05T14:29:45+00:00","description":"Erfahren Sie mehr \u00fcber das Quartix OBD Plug und Track Ger\u00e4t. Es ist schnell zu installieren, und die Ortung kann einfach auf ein anderes Fahrzeug \u00fcbertragen werden.","breadcrumb":{"@id":"https:\/\/www.quartix.com\/de-de\/gps-ortungsgeraet-plug-track\/#breadcrumb"},"inLanguage":"de-DE","potentialAction":[{"@type":"ReadAction","target":["https:\/\/www.quartix.com\/de-de\/gps-ortungsgeraet-plug-track\/"]}]},{"@type":"BreadcrumbList","@id":"https:\/\/www.quartix.com\/de-de\/gps-ortungsgeraet-plug-track\/#breadcrumb","itemListElement":[{"@type":"ListItem","position":1,"name":"Startseite","item":"https:\/\/www.quartix.com\/de-de\/die-nr-1-fahrzeugortungsloesung-fuer-flotten-jeder-groesse\/"},{"@type":"ListItem","position":2,"name":"GPS Ortungsger\u00e4t Plug &#038; Track"}]},{"@type":"WebSite","@id":"https:\/\/www.quartix.com\/de-de\/#website","url":"https:\/\/www.quartix.com\/de-de\/","name":"Quartix","description":"Real-time vehicle tracking","publisher":{"@id":"https:\/\/www.quartix.com\/de-de\/#organization"},"potentialAction":[{"@type":"SearchAction","target":{"@type":"EntryPoint","urlTemplate":"https:\/\/www.quartix.com\/de-de\/?s={search_term_string}"},"query-input":{"@type":"PropertyValueSpecification","valueRequired":true,"valueName":"search_term_string"}}],"inLanguage":"de-DE"},{"@type":"Organization","@id":"https:\/\/www.quartix.com\/de-de\/#organization","name":"Quartix","url":"https:\/\/www.quartix.com\/de-de\/","logo":{"@type":"ImageObject","inLanguage":"de-DE","@id":"https:\/\/www.quartix.com\/de-de\/#\/schema\/logo\/image\/","url":"https:\/\/www.quartix.com\/content\/uploads\/2019\/02\/quartix-logo-eur.svg","contentUrl":"https:\/\/www.quartix.com\/content\/uploads\/2019\/02\/quartix-logo-eur.svg","width":1,"height":1,"caption":"Quartix"},"image":{"@id":"https:\/\/www.quartix.com\/de-de\/#\/schema\/logo\/image\/"},"sameAs":["https:\/\/www.facebook.com\/Quartix-USA-374426386097401\/","https:\/\/x.com\/QuartixUSA","https:\/\/www.linkedin.com\/company\/5346733\/","https:\/\/www.youtube.com\/channel\/UCzS-_GMfHF4kWiCheyIRrAQ"]}]}},"_links":{"self":[{"href":"https:\/\/www.quartix.com\/de-de\/wp-json\/wp\/v2\/pages\/24373","targetHints":{"allow":["GET"]}}],"collection":[{"href":"https:\/\/www.quartix.com\/de-de\/wp-json\/wp\/v2\/pages"}],"about":[{"href":"https:\/\/www.quartix.com\/de-de\/wp-json\/wp\/v2\/types\/page"}],"author":[{"embeddable":true,"href":"https:\/\/www.quartix.com\/de-de\/wp-json\/wp\/v2\/users\/2"}],"replies":[{"embeddable":true,"href":"https:\/\/www.quartix.com\/de-de\/wp-json\/wp\/v2\/comments?post=24373"}],"version-history":[{"count":5,"href":"https:\/\/www.quartix.com\/de-de\/wp-json\/wp\/v2\/pages\/24373\/revisions"}],"predecessor-version":[{"id":125758,"href":"https:\/\/www.quartix.com\/de-de\/wp-json\/wp\/v2\/pages\/24373\/revisions\/125758"}],"wp:attachment":[{"href":"https:\/\/www.quartix.com\/de-de\/wp-json\/wp\/v2\/media?parent=24373"}],"wp:term":[{"taxonomy":"topic","embeddable":true,"href":"https:\/\/www.quartix.com\/de-de\/wp-json\/wp\/v2\/topic?post=24373"},{"taxonomy":"qtx_campaign","embeddable":true,"href":"https:\/\/www.quartix.com\/de-de\/wp-json\/wp\/v2\/qtx_campaign?post=24373"}],"curies":[{"name":"wp","href":"https:\/\/api.w.org\/{rel}","templated":true}]}}