{"id":24400,"date":"2019-06-25T20:13:02","date_gmt":"2019-06-25T20:13:02","guid":{"rendered":" https:\/\/www.quartix.com\/lernen\/webinare\/"},"modified":"2022-11-29T15:49:24","modified_gmt":"2022-11-29T14:49:24","slug":"webinare","status":"publish","type":"page","link":"https:\/\/www.quartix.com\/de-de\/lernen\/webinare\/","title":{"rendered":"Webinare"},"content":{"rendered":"\n<div class=\"wp-block-columns is-layout-flex wp-container-core-columns-is-layout-28f84493 wp-block-columns-is-layout-flex\">\n<div class=\"wp-block-column is-layout-flow wp-block-column-is-layout-flow\">\n<h2 class=\"wp-block-heading\">GPS Fahrzeugortung und wie es Ihrem Gesch\u00e4ft helfen kann<\/h2>\n\n\n\n<p>Sehen Sie sich unser Webinar an, in dem Maxim Seidenspinner, Sales Manager Deutschland, die Vorteile erl\u00e4utert, die Telematik und das Fahrzeugortungssystem Quartix Ihrem Unternehmen bieten kann &#8211; von der Echtzeitortung bis hin zur Analyse des Fahrerverhaltens.<\/p>\n\n\n\n<ul class=\"wp-block-list\">\n<li>Allgemeine Vorteile von GPS- Ortung<\/li>\n\n\n\n<li>Echtzeitverfolgung und Fahrerarbeitszeitentabellen<\/li>\n\n\n\n<li>Flottenmanagement- Tool<\/li>\n\n\n\n<li>Analyse des Fahrstils und Sicherheit Ihrer Fahrer<\/li>\n\n\n\n<li>Berichte \u00fcber Geschwindigkeits\u00fcberschreitungen &#8211; Durchschnittsgeschwindigkeit<\/li>\n\n\n\n<li>Individuelle Berichte und Konfiguration nach Ihren Bed\u00fcrfnissen<\/li>\n\n\n\n<li>App f\u00fcr Apple und Android Ger\u00e4te<\/li>\n<\/ul>\n<\/div>\n\n\n\n<div class=\"wp-block-column is-layout-flow wp-block-column-is-layout-flow\">        <a href=\"https:\/\/youtu.be\/OuJWXORt1ok\" data-lity  class=\"lightbox thumbnail\">\r\n            <div class=\"videooverlay\"><\/div>                        <figure class=\"wp-block-image\">\r\n                                    <img decoding=\"async\" loading=\"lazy\" src=\"https:\/\/www.quartix.com\/content\/uploads\/2022\/11\/MicrosoftTeams-image-15-1000x563.png\" alt=\"MicrosoftTeams-image (15)\">\r\n                                <\/figure>\r\n                    <\/a>\r\n        <\/div>\n<\/div>\n\n\n\n<div class=\"wp-block-columns is-layout-flex wp-container-core-columns-is-layout-28f84493 wp-block-columns-is-layout-flex\">\n<div class=\"wp-block-column is-layout-flow wp-block-column-is-layout-flow\">\n<figure class=\"wp-block-embed is-type-video is-provider-youtube wp-block-embed-youtube wp-embed-aspect-16-9 wp-has-aspect-ratio\"><div class=\"wp-block-embed__wrapper\">\n<iframe loading=\"lazy\" title=\"Quartix Webinar #3 Dashboards\" width=\"640\" height=\"360\" src=\"https:\/\/www.youtube.com\/embed\/pMy6sz9QAvY?feature=oembed\" frameborder=\"0\" allow=\"accelerometer; autoplay; clipboard-write; encrypted-media; gyroscope; picture-in-picture; web-share\" referrerpolicy=\"strict-origin-when-cross-origin\" allowfullscreen><\/iframe>\n<\/div><\/figure>\n<\/div>\n\n\n\n<div class=\"wp-block-column is-layout-flow wp-block-column-is-layout-flow\">\n<h2 class=\"wp-block-heading\">Webinar Dashboards<\/h2>\n\n\n\n<p>In diesem Kundenwebinar teilt Ihnen unsere Expertin f\u00fcr Fahrzeugortung, Ashley Bates, ihre Erfahrungen, Tipps und Shortcuts mit, und wie Sie unsere Dashboards verwenden k\u00f6nnen. Dieses Webinar umfasst:<\/p>\n\n\n\n<ul class=\"wp-block-list\">\n<li>Benutzerprofil<\/li>\n\n\n\n<li>Verwaltung Kundentermine<\/li>\n\n\n\n<li>Nutzung Kreisdiagramm<\/li>\n\n\n\n<li>Fahrzeuge au\u00dferhalb des vorgesehenen Bereichs<\/li>\n\n\n\n<li>Echtzeitstatus<\/li>\n<\/ul>\n<\/div>\n<\/div>\n\n\n\n<div class=\"wp-block-columns is-layout-flex wp-container-core-columns-is-layout-28f84493 wp-block-columns-is-layout-flex\">\n<div class=\"wp-block-column is-layout-flow wp-block-column-is-layout-flow\">\n<h2 class=\"wp-block-heading\">Webinar \u00fcber Fahrstilreporte<\/h2>\n\n\n\n<p>In diesem Kundenwebinar, teilt Ihnen unsere Expertin f\u00fcr Fahrzeugortung, Ashley Bates, ihre Erfahrungen, Tipps und Shortcuts mit, und wie Sie unsere Fahrstilreporte verwenden k\u00f6nnen. Dieses Webinar umfasst:<\/p>\n\n\n\n<ul class=\"wp-block-list\">\n<li>Rangliste Mitarbeiterfahrstil<\/li>\n\n\n\n<li>T\u00e4gliche Mitarbeiterbesprechung<\/li>\n\n\n\n<li>Monatliche Geschwindigkeitsreporte<\/li>\n\n\n\n<li>Trend-Report Fahrstil<\/li>\n<\/ul>\n<\/div>\n\n\n\n<div class=\"wp-block-column is-layout-flow wp-block-column-is-layout-flow\">\n<figure class=\"wp-block-embed is-type-video is-provider-youtube wp-block-embed-youtube wp-embed-aspect-16-9 wp-has-aspect-ratio\"><div class=\"wp-block-embed__wrapper\">\n<iframe loading=\"lazy\" title=\"Quartix Webinar #2   Driving Style Reports\" width=\"640\" height=\"360\" src=\"https:\/\/www.youtube.com\/embed\/bOFN7N4gwEo?feature=oembed\" frameborder=\"0\" allow=\"accelerometer; autoplay; clipboard-write; encrypted-media; gyroscope; picture-in-picture; web-share\" referrerpolicy=\"strict-origin-when-cross-origin\" allowfullscreen><\/iframe>\n<\/div><\/figure>\n<\/div>\n<\/div>\n\n\n\n<div class=\"wp-block-columns is-layout-flex wp-container-core-columns-is-layout-28f84493 wp-block-columns-is-layout-flex\">\n<div class=\"wp-block-column is-layout-flow wp-block-column-is-layout-flow\">\n<figure class=\"wp-block-embed is-type-video is-provider-youtube wp-block-embed-youtube wp-embed-aspect-16-9 wp-has-aspect-ratio\"><div class=\"wp-block-embed__wrapper\">\n<iframe loading=\"lazy\" title=\"Quartix Webinar #1 - Timesheets\" width=\"640\" height=\"360\" src=\"https:\/\/www.youtube.com\/embed\/hOoDcA8sJcY?feature=oembed\" frameborder=\"0\" allow=\"accelerometer; autoplay; clipboard-write; encrypted-media; gyroscope; picture-in-picture; web-share\" referrerpolicy=\"strict-origin-when-cross-origin\" allowfullscreen><\/iframe>\n<\/div><\/figure>\n<\/div>\n\n\n\n<div class=\"wp-block-column is-layout-flow wp-block-column-is-layout-flow\">\n<h2 class=\"wp-block-heading\">Webinar Arbeitszeitnachweise<\/h2>\n\n\n\n<p>In diesem Kundenwebinar, teilt Ihnen unsere Expertin f\u00fcr Fahrzeugortung, Ashley Bates, ihre Erfahrungen, Tipps und Shortcuts mit, und wie Sie unsere Arbeitszeitnachweise verwenden k\u00f6nnen. Dieses Webinar umfasst:<\/p>\n\n\n\n<ul class=\"wp-block-list\">\n<li>Arbeitszeitnachweise &#8211; Funktionen und \u00dcbersicht<\/li>\n\n\n\n<li>T\u00e4gliche Fahrzeugprotokolle<\/li>\n\n\n\n<li>Tourenreporting<\/li>\n\n\n\n<li>Report zur verbrachten Zeit am Standort<\/li>\n<\/ul>\n<\/div>\n<\/div>\n","protected":false},"excerpt":{"rendered":"<p>GPS Fahrzeugortung und wie es Ihrem Gesch\u00e4ft helfen kann Sehen Sie sich unser Webinar an, in dem Maxim Seidenspinner, Sales Manager Deutschland, die Vorteile erl\u00e4utert, die Telematik und das Fahrzeugortungssystem Quartix Ihrem Unternehmen bieten kann &#8211; von der Echtzeitortung bis hin zur Analyse des Fahrerverhaltens. Webinar Dashboards In diesem Kundenwebinar teilt Ihnen unsere Expertin f\u00fcr [&hellip;]<\/p>\n","protected":false},"author":2,"featured_media":118084,"parent":23117,"menu_order":30,"comment_status":"closed","ping_status":"closed","template":"","meta":{"_acf_changed":false,"inline_featured_image":false,"footnotes":""},"topic":[],"qtx_campaign":[],"class_list":["post-24400","page","type-page","status-publish","has-post-thumbnail","hentry"],"acf":[],"yoast_head":"<!-- This site is optimized with the Yoast SEO Premium plugin v27.3 (Yoast SEO v27.3) - https:\/\/yoast.com\/product\/yoast-seo-premium-wordpress\/ -->\n<title>Fahrzeugortung Webinare - DE<\/title>\n<meta name=\"description\" content=\"Quartix Kundenwebinare, wie Sie Arbeitszeitnachweise, t\u00e4gliche Fahrerprotokolle, t\u00e4gliche Streckenkarten, Fahrstilreporte und mehr verwenden k\u00f6nnen.\" \/>\n<meta name=\"robots\" content=\"index, follow, max-snippet:-1, max-image-preview:large, max-video-preview:-1\" \/>\n<link rel=\"canonical\" href=\"https:\/\/www.quartix.com\/de-de\/lernen\/webinare\/\" \/>\n<meta property=\"og:locale\" content=\"de_DE\" \/>\n<meta property=\"og:type\" content=\"article\" \/>\n<meta property=\"og:title\" content=\"Webinare\" \/>\n<meta property=\"og:description\" content=\"Quartix Kundenwebinare, wie Sie Arbeitszeitnachweise, t\u00e4gliche Fahrerprotokolle, t\u00e4gliche Streckenkarten, Fahrstilreporte und mehr verwenden k\u00f6nnen.\" \/>\n<meta property=\"og:url\" content=\"https:\/\/www.quartix.com\/de-de\/lernen\/webinare\/\" \/>\n<meta property=\"og:site_name\" content=\"Quartix\" \/>\n<meta property=\"article:publisher\" content=\"https:\/\/www.facebook.com\/Quartix-USA-374426386097401\/\" \/>\n<meta property=\"article:modified_time\" content=\"2022-11-29T14:49:24+00:00\" \/>\n<meta property=\"og:image\" content=\"https:\/\/www.quartix.com\/content\/uploads\/2025\/03\/Smart-Fleet-Tracking-Webinar-thumbnail-2.png\" \/>\n\t<meta property=\"og:image:width\" content=\"1280\" \/>\n\t<meta property=\"og:image:height\" content=\"720\" \/>\n\t<meta property=\"og:image:type\" content=\"image\/png\" \/>\n<meta name=\"twitter:card\" content=\"summary_large_image\" \/>\n<meta name=\"twitter:site\" content=\"@QuartixUSA\" \/>\n<meta name=\"twitter:label1\" content=\"Est. reading time\" \/>\n\t<meta name=\"twitter:data1\" content=\"1 minute\" \/>\n<!-- \/ Yoast SEO Premium plugin. -->","yoast_head_json":{"title":"Fahrzeugortung Webinare - DE","description":"Quartix Kundenwebinare, wie Sie Arbeitszeitnachweise, t\u00e4gliche Fahrerprotokolle, t\u00e4gliche Streckenkarten, Fahrstilreporte und mehr verwenden k\u00f6nnen.","robots":{"index":"index","follow":"follow","max-snippet":"max-snippet:-1","max-image-preview":"max-image-preview:large","max-video-preview":"max-video-preview:-1"},"canonical":"https:\/\/www.quartix.com\/de-de\/lernen\/webinare\/","og_locale":"de_DE","og_type":"article","og_title":"Webinare","og_description":"Quartix Kundenwebinare, wie Sie Arbeitszeitnachweise, t\u00e4gliche Fahrerprotokolle, t\u00e4gliche Streckenkarten, Fahrstilreporte und mehr verwenden k\u00f6nnen.","og_url":"https:\/\/www.quartix.com\/de-de\/lernen\/webinare\/","og_site_name":"Quartix","article_publisher":"https:\/\/www.facebook.com\/Quartix-USA-374426386097401\/","article_modified_time":"2022-11-29T14:49:24+00:00","og_image":[{"width":1280,"height":720,"url":"https:\/\/www.quartix.com\/content\/uploads\/2025\/03\/Smart-Fleet-Tracking-Webinar-thumbnail-2.png","type":"image\/png"}],"twitter_card":"summary_large_image","twitter_site":"@QuartixUSA","twitter_misc":{"Est. reading time":"1 minute"},"schema":{"@context":"https:\/\/schema.org","@graph":[{"@type":"WebPage","@id":"https:\/\/www.quartix.com\/de-de\/lernen\/webinare\/","url":"https:\/\/www.quartix.com\/de-de\/lernen\/webinare\/","name":"Fahrzeugortung Webinare","isPartOf":{"@id":"https:\/\/www.quartix.com\/de-de\/#website"},"primaryImageOfPage":{"@id":"https:\/\/www.quartix.com\/de-de\/lernen\/webinare\/#primaryimage"},"image":{"@id":"https:\/\/www.quartix.com\/de-de\/lernen\/webinare\/#primaryimage"},"thumbnailUrl":"https:\/\/www.quartix.com\/content\/uploads\/2025\/03\/Smart-Fleet-Tracking-Webinar-thumbnail-2.png","datePublished":"2019-06-25T20:13:02+00:00","dateModified":"2022-11-29T14:49:24+00:00","description":"Quartix Kundenwebinare, wie Sie Arbeitszeitnachweise, t\u00e4gliche Fahrerprotokolle, t\u00e4gliche Streckenkarten, Fahrstilreporte und mehr verwenden k\u00f6nnen.","breadcrumb":{"@id":"https:\/\/www.quartix.com\/de-de\/lernen\/webinare\/#breadcrumb"},"inLanguage":"de-DE","potentialAction":[{"@type":"ReadAction","target":["https:\/\/www.quartix.com\/de-de\/lernen\/webinare\/"]}]},{"@type":"ImageObject","inLanguage":"de-DE","@id":"https:\/\/www.quartix.com\/de-de\/lernen\/webinare\/#primaryimage","url":"https:\/\/www.quartix.com\/content\/uploads\/2025\/03\/Smart-Fleet-Tracking-Webinar-thumbnail-2.png","contentUrl":"https:\/\/www.quartix.com\/content\/uploads\/2025\/03\/Smart-Fleet-Tracking-Webinar-thumbnail-2.png","width":1280,"height":720,"caption":"Man in a blue shirt and blazer stands beside a \"Smart Fleet Tracking Today\" webinar graphic. A map and bar charts are visible in the background."},{"@type":"BreadcrumbList","@id":"https:\/\/www.quartix.com\/de-de\/lernen\/webinare\/#breadcrumb","itemListElement":[{"@type":"ListItem","position":1,"name":"Startseite","item":"https:\/\/www.quartix.com\/de-de\/"},{"@type":"ListItem","position":2,"name":"Lernen","item":"https:\/\/www.quartix.com\/de-de\/lernen\/"},{"@type":"ListItem","position":3,"name":"Webinare"}]},{"@type":"WebSite","@id":"https:\/\/www.quartix.com\/de-de\/#website","url":"https:\/\/www.quartix.com\/de-de\/","name":"Quartix","description":"Real-time vehicle tracking","publisher":{"@id":"https:\/\/www.quartix.com\/de-de\/#organization"},"potentialAction":[{"@type":"SearchAction","target":{"@type":"EntryPoint","urlTemplate":"https:\/\/www.quartix.com\/de-de\/?s={search_term_string}"},"query-input":{"@type":"PropertyValueSpecification","valueRequired":true,"valueName":"search_term_string"}}],"inLanguage":"de-DE"},{"@type":"Organization","@id":"https:\/\/www.quartix.com\/de-de\/#organization","name":"Quartix","url":"https:\/\/www.quartix.com\/de-de\/","logo":{"@type":"ImageObject","inLanguage":"de-DE","@id":"https:\/\/www.quartix.com\/de-de\/#\/schema\/logo\/image\/","url":"https:\/\/www.quartix.com\/content\/uploads\/2019\/02\/quartix-logo-eur.svg","contentUrl":"https:\/\/www.quartix.com\/content\/uploads\/2019\/02\/quartix-logo-eur.svg","width":1,"height":1,"caption":"Quartix"},"image":{"@id":"https:\/\/www.quartix.com\/de-de\/#\/schema\/logo\/image\/"},"sameAs":["https:\/\/www.facebook.com\/Quartix-USA-374426386097401\/","https:\/\/x.com\/QuartixUSA","https:\/\/www.linkedin.com\/company\/5346733\/","https:\/\/www.youtube.com\/channel\/UCzS-_GMfHF4kWiCheyIRrAQ"]}]}},"_links":{"self":[{"href":"https:\/\/www.quartix.com\/de-de\/wp-json\/wp\/v2\/pages\/24400","targetHints":{"allow":["GET"]}}],"collection":[{"href":"https:\/\/www.quartix.com\/de-de\/wp-json\/wp\/v2\/pages"}],"about":[{"href":"https:\/\/www.quartix.com\/de-de\/wp-json\/wp\/v2\/types\/page"}],"author":[{"embeddable":true,"href":"https:\/\/www.quartix.com\/de-de\/wp-json\/wp\/v2\/users\/2"}],"replies":[{"embeddable":true,"href":"https:\/\/www.quartix.com\/de-de\/wp-json\/wp\/v2\/comments?post=24400"}],"version-history":[{"count":0,"href":"https:\/\/www.quartix.com\/de-de\/wp-json\/wp\/v2\/pages\/24400\/revisions"}],"up":[{"embeddable":true,"href":"https:\/\/www.quartix.com\/de-de\/wp-json\/wp\/v2\/pages\/23117"}],"wp:featuredmedia":[{"embeddable":true,"href":"https:\/\/www.quartix.com\/de-de\/wp-json\/wp\/v2\/media\/118084"}],"wp:attachment":[{"href":"https:\/\/www.quartix.com\/de-de\/wp-json\/wp\/v2\/media?parent=24400"}],"wp:term":[{"taxonomy":"topic","embeddable":true,"href":"https:\/\/www.quartix.com\/de-de\/wp-json\/wp\/v2\/topic?post=24400"},{"taxonomy":"qtx_campaign","embeddable":true,"href":"https:\/\/www.quartix.com\/de-de\/wp-json\/wp\/v2\/qtx_campaign?post=24400"}],"curies":[{"name":"wp","href":"https:\/\/api.w.org\/{rel}","templated":true}]}}