{"id":24563,"date":"2019-06-26T17:52:43","date_gmt":"2019-06-26T17:52:43","guid":{"rendered":"https:\/\/www.quartix.com\/unternehmen\/uber\/"},"modified":"2025-11-06T13:49:00","modified_gmt":"2025-11-06T12:49:00","slug":"uber","status":"publish","type":"page","link":"https:\/\/www.quartix.com\/de-de\/unternehmen\/uber\/","title":{"rendered":"\u00dcber Uns"},"content":{"rendered":"\n<div class=\"wp-block-columns is-layout-flex wp-container-core-columns-is-layout-28f84493 wp-block-columns-is-layout-flex\">\n<div class=\"wp-block-column is-layout-flow wp-block-column-is-layout-flow\">\n<h2 class=\"wp-block-heading\" id=\"h-experten-in-der-fahrzeugortung\">Experten in der Fahrzeugortung<\/h2>\n\n\n\n<p>Das Quartixsystem wurde bereits in mehr als 800.000 Fahrzeugen installiert.<\/p>\n\n\n\n<p>Quartix wurde in 2001 von vier Branchenexperten gegr\u00fcndet, welche zusammengerechnet mehr als 120 Jahre Erfahrung in Systemplanung, Telemetrie, Embedded-Computing, Kommunikation und Datenbank Design, sowie Implementierung haben. Der Gr\u00fcnder und Gesch\u00e4ftsf\u00fchrer ist auch heute noch im Unternehmen t\u00e4tig.<\/p>\n\n\n\n<p>Die Kundenakzeptanz des Quartix Systems ist hervorragend: Das Unternehmen hat heute mehr als 30.000 Flottenkunden in der USA und Europa. Derzeitig wird aneinem Arbeitstag alle 80 Sekunden ein Quartix Ortungsger\u00e4t installiert.<\/p>\n<\/div>\n\n\n\n<div class=\"wp-block-column is-layout-flow wp-block-column-is-layout-flow\">\n<figure class=\"wp-block-image size-full\"><img decoding=\"async\" src=\" https:\/\/www.quartix.com\/content\/uploads\/2021\/06\/experts-at-tracking.svg\" alt=\"\" class=\"wp-image-59281\"\/><\/figure>\n<\/div>\n<\/div>\n\n\n<section class=\"qtx-pagebuilder-section countups qtx-pagebuilder-section-counters   nobottommargin\">\r\n        <div class=\"countup first\">\r\n            <p class=\"pretext\">\u00dcber<\/p>\r\n            <p class=\"value\" id=\"cid11193506321\">800000<\/p>\r\n            <p class=\"posttext\">Ger\u00e4te installiert seit 2001<\/p>\r\n        <\/div>\r\n        <div class=\"countup\">\r\n            <p class=\"pretext\">Alle<\/p>\r\n            <p class=\"value\" id=\"cid11193506322\">80<\/p>\r\n            <p class=\"posttext\">Sekunden wird ein neues System installiert<\/p>\r\n        <\/div>\r\n        <div class=\"countup\">\r\n            <p class=\"pretext\">Mehr als<\/p>\r\n            <p class=\"value\" id=\"cid11193506323\">400<\/p>\r\n            <p class=\"posttext\">neue Flottenkunden jeden Monat<\/p>\r\n    <\/div>\r\n<\/section>\r\n\r\n<script nonce=\"\" nonce=\"\">\r\n\r\n    jQuery(function($) {\r\n        $( document ).ready(function(){\r\n            var countercontroller1119350632 = new ScrollMagic.Controller();\r\n\r\n                                var options = {\r\n                        useEasing: true,\r\n                        useGrouping: true,\r\n                        separator: '.',\r\n                        decimal: ',',\r\n                        suffix: ''\r\n                    };\r\n                \r\n            let c1countup= new CountUp('cid11193506321', 0, 800000,0,2,options);\r\n\t\t\tvar c1scene = new ScrollMagic.Scene({\r\n                triggerElement: \"#cid11193506321\",\r\n                triggerHook: 'onEnter',\r\n\t\t\t})\r\n\t\t\t.addTo(countercontroller1119350632);\r\n            c1scene.on(\"enter\", function (event) {\r\n                if (!c1countup.error) {\r\n                \u2003\u2003c1countup.start();\r\n                } else {\r\n                \u2003\u2003console.error(c1countup.error);\r\n                }\r\n            });\r\n\r\n            let c2countup= new CountUp('cid11193506322', 0, 80,0,2,options);\r\n\t\t\tvar c2scene = new ScrollMagic.Scene({\r\n                triggerElement: \"#cid11193506322\",\r\n                triggerHook: 'onEnter',\r\n\t\t\t})\r\n\t\t\t.addTo(countercontroller1119350632);\r\n            c2scene.on(\"enter\", function (event) {\r\n                if (!c2countup.error) {\r\n                \u2003\u2003c2countup.start();\r\n                } else {\r\n                \u2003\u2003console.error(c2countup.error);\r\n                }\r\n            });\r\n\r\n            let c3countup= new CountUp('cid11193506323', 0, 400,0,2,options);\r\n\t\t\tvar c3scene = new ScrollMagic.Scene({\r\n                triggerElement: \"#cid11193506323\",\r\n                triggerHook: 'onEnter',\r\n\t\t\t})\r\n\t\t\t.addTo(countercontroller1119350632);\r\n            c3scene.on(\"enter\", function (event) {\r\n                if (!c3countup.error) {\r\n                \u2003\u2003c3countup.start();\r\n                } else {\r\n                \u2003\u2003console.error(c3countup.error);\r\n                }\r\n            });\r\n        })  \r\n    })\r\n            <\/script>\n\n<section  class=\"qtx-pagebuilder-section qtx-pagebuilder-section-blockquote qtx-pagebuilder-section-blockquote-green_testimonial_with_logo \">\r\n        <div class=\"green_testimonial_with_logo\">\r\n            <div class=\"speechmarks\">\r\n            <\/div>\r\n            <blockquote>\r\n                <p>Quartix Vertrieb und Kundenbetreuung sind fantastisch. Sie sind jederzeit schnell f\u00fcr mich erreichbar und sind immer sehr hilfreich und freundlich.<\/p>\n                                    <footer>\r\n                                                                            <div class=\"cites\">\r\n                                <cite class=\"author\">Derek Barnes<\/cite>\r\n                                <cite class=\"author_line_2\">Advanced Timber Harvesters<\/cite>\r\n                            <\/div>\r\n                                            <\/footer>\r\n                            <\/blockquote>\r\n        <\/div>\r\n        <\/section>\r\n\r\n\n\n\n<div class=\"wp-block-columns is-layout-flex wp-container-core-columns-is-layout-28f84493 wp-block-columns-is-layout-flex\">\n<div class=\"wp-block-column is-layout-flow wp-block-column-is-layout-flow\">\n<figure class=\"wp-block-image\"><img decoding=\"async\" src=\" https:\/\/www.quartix.com\/content\/uploads\/2017\/09\/customers-big-and-small.svg\" alt=\"\"\/><\/figure>\n<\/div>\n\n\n\n<div class=\"wp-block-column is-layout-flow wp-block-column-is-layout-flow\">\n<h2 class=\"wp-block-heading\" id=\"h-was-wir-ihnen-bieten\">Was wir Ihnen bieten<\/h2>\n\n\n\n<p><strong>Zugriff \u00fcber das Internet:&nbsp;<\/strong>Ob zu Hause, bei der Arbeit oder unterwegs.<\/p>\n\n\n\n<p><strong>Geschwindigkeit und einfache Benutzung:&nbsp;<\/strong>Schneller Webzugang und klare Kontrollm\u00f6glichkeiten f\u00fcr eine extrem einfache Benutzung des Systems.<\/p>\n\n\n\n<p><strong>Keine versteckten Kosten:<\/strong> Unsere Preise werden im Web ver\u00f6ffentlicht. Es gibt keine versteckten Geb\u00fchren in Bezug auf Gew\u00e4hrleistungen, Software oder Servicekosten.<\/p>\n\n\n\n<p><strong>12 monatige Abonnementvertr\u00e4ge:&nbsp;<\/strong> Wir dr\u00e4ngen Sie nicht zu einem 3-Jahresvertrag mit uns. Wir sind \u00fcberzeugt, dass Sie schon nach dem ersten Jahr bei uns bleiben mochten.<\/p>\n\n\n\n<p><strong>Service:&nbsp;&nbsp;<\/strong>Wir sind stolz auf das hohe Niveau unserer Dienstleistungen, sowie auf unsere langj\u00e4hrigen Kundenbeziehungen.<\/p>\n\n\n\n<p><strong>Preise:<\/strong><strong>&nbsp;&nbsp;<\/strong>Wir m\u00f6chten ihnen genau das liefern was Sie ben\u00f6tigen und keine unn\u00f6tigen zus\u00e4tzlichen Funktionen.<\/p>\n<\/div>\n<\/div>\n\n\n\n<div class=\"wp-block-columns is-layout-flex wp-container-core-columns-is-layout-28f84493 wp-block-columns-is-layout-flex\">\n<div class=\"wp-block-column is-layout-flow wp-block-column-is-layout-flow\">\n<h2 class=\"wp-block-heading\" id=\"h-uber-unsere-kunden\">\u00dcber unsere Kunden<\/h2>\n\n\n\n<p>Unsere Kunden sind in den nachfolgenden Branchen t\u00e4tig:<\/p>\n\n\n\n<p><strong>Hoch- und Tiefbau:&nbsp;&nbsp;<\/strong>Ausgrabung, Malerarbeiten und Dekorationen, Sanit\u00e4ranlagen, elektrotechnische Dienste, Maurerarbeiten, Bodenbel\u00e4ge, Trockenbau, Dachdecker, Au\u00dfenverkleidung, Klimatechnik&#8230;<\/p>\n\n\n\n<p><strong>Spezialisierte Standort- und Au\u00dfendienstleistungen:<\/strong><strong>&nbsp;<\/strong> Installation von Hinweisschildern\/ Wartung, Ladenbau, Sch\u00e4dlingsbek\u00e4mpfung, Vertrieb, Werkzeugmaschinen, Fenstersanierung\u200b, Reinigung, Umweltdienstleistungen&#8230;<\/p>\n\n\n\n<p><strong>Transport<\/strong><strong>:<\/strong>&nbsp; Das gesamte Spektrum der Transportleistungen, einschlie\u00dflich Speditionen, Kurierdienste, Versanddienste, Taxis und spezialisierte Dienstleistungen, sowie der Transport von Kunst und Wertgegenst\u00e4nden&#8230;<\/p>\n\n\n\n<p><strong>Sicherheit:<\/strong><strong> &nbsp;<\/strong>CCTV Installation, Einsatzwagen \u00dcberwachung, Mitarbeiterbef\u00f6rderung, \u00dcberwachung teurer Anlagen und Maschinen, Schl\u00fcsseldienste&#8230;<\/p>\n\n\n\n<p><strong>Produktvertrieb:&nbsp; <\/strong>Rohstoffe, Lebensmittel, Gefl\u00fcgel, Verpackungsmaterialien, Hardware, Elektroartikel, Schmuck, Komponentendistribution&#8230;<\/p>\n<\/div>\n\n\n\n<div class=\"wp-block-column is-layout-flow wp-block-column-is-layout-flow\">\n<figure class=\"wp-block-image\"><img decoding=\"async\" src=\" https:\/\/www.quartix.com\/content\/uploads\/2017\/09\/award-winning.svg\" alt=\"\"\/><\/figure>\n<\/div>\n<\/div>\n","protected":false},"excerpt":{"rendered":"<p>Experten in der Fahrzeugortung Das Quartixsystem wurde bereits in mehr als 800.000 Fahrzeugen installiert. Quartix wurde in 2001 von vier Branchenexperten gegr\u00fcndet, welche zusammengerechnet mehr als 120 Jahre Erfahrung in Systemplanung, Telemetrie, Embedded-Computing, Kommunikation und Datenbank Design, sowie Implementierung haben. Der Gr\u00fcnder und Gesch\u00e4ftsf\u00fchrer ist auch heute noch im Unternehmen t\u00e4tig. Die Kundenakzeptanz des Quartix [&hellip;]<\/p>\n","protected":false},"author":12,"featured_media":0,"parent":23746,"menu_order":10,"comment_status":"closed","ping_status":"closed","template":"","meta":{"_acf_changed":false,"inline_featured_image":false,"footnotes":""},"topic":[],"qtx_campaign":[],"class_list":["post-24563","page","type-page","status-publish","hentry"],"acf":[],"yoast_head":"<!-- This site is optimized with the Yoast SEO Premium plugin v27.3 (Yoast SEO v27.3) - https:\/\/yoast.com\/product\/yoast-seo-premium-wordpress\/ -->\n<title>\u00dcber uns - DE<\/title>\n<meta name=\"description\" content=\"Quartix hat mehr als 16 Jahre Erfahrung in der Bereitstellung von webbasierter Software in der Telematikindustrie f\u00fcr verschiedene Branchen.\" \/>\n<meta name=\"robots\" content=\"index, follow, max-snippet:-1, max-image-preview:large, max-video-preview:-1\" \/>\n<link rel=\"canonical\" href=\"https:\/\/www.quartix.com\/de-de\/unternehmen\/uber\/\" \/>\n<meta property=\"og:locale\" content=\"de_DE\" \/>\n<meta property=\"og:type\" content=\"article\" \/>\n<meta property=\"og:title\" content=\"\u00dcber Uns\" \/>\n<meta property=\"og:description\" content=\"Quartix hat mehr als 16 Jahre Erfahrung in der Bereitstellung von webbasierter Software in der Telematikindustrie f\u00fcr verschiedene Branchen.\" \/>\n<meta property=\"og:url\" content=\"https:\/\/www.quartix.com\/de-de\/unternehmen\/uber\/\" \/>\n<meta property=\"og:site_name\" content=\"Quartix\" \/>\n<meta property=\"article:publisher\" content=\"https:\/\/www.facebook.com\/Quartix-USA-374426386097401\/\" \/>\n<meta property=\"article:modified_time\" content=\"2025-11-06T12:49:00+00:00\" \/>\n<meta name=\"twitter:card\" content=\"summary_large_image\" \/>\n<meta name=\"twitter:site\" content=\"@QuartixUSA\" \/>\n<meta name=\"twitter:label1\" content=\"Est. reading time\" \/>\n\t<meta name=\"twitter:data1\" content=\"3 minutes\" \/>\n<!-- \/ Yoast SEO Premium plugin. -->","yoast_head_json":{"title":"\u00dcber uns - DE","description":"Quartix hat mehr als 16 Jahre Erfahrung in der Bereitstellung von webbasierter Software in der Telematikindustrie f\u00fcr verschiedene Branchen.","robots":{"index":"index","follow":"follow","max-snippet":"max-snippet:-1","max-image-preview":"max-image-preview:large","max-video-preview":"max-video-preview:-1"},"canonical":"https:\/\/www.quartix.com\/de-de\/unternehmen\/uber\/","og_locale":"de_DE","og_type":"article","og_title":"\u00dcber Uns","og_description":"Quartix hat mehr als 16 Jahre Erfahrung in der Bereitstellung von webbasierter Software in der Telematikindustrie f\u00fcr verschiedene Branchen.","og_url":"https:\/\/www.quartix.com\/de-de\/unternehmen\/uber\/","og_site_name":"Quartix","article_publisher":"https:\/\/www.facebook.com\/Quartix-USA-374426386097401\/","article_modified_time":"2025-11-06T12:49:00+00:00","twitter_card":"summary_large_image","twitter_site":"@QuartixUSA","twitter_misc":{"Est. reading time":"3 minutes"},"schema":{"@context":"https:\/\/schema.org","@graph":[{"@type":"WebPage","@id":"https:\/\/www.quartix.com\/de-de\/unternehmen\/uber\/","url":"https:\/\/www.quartix.com\/de-de\/unternehmen\/uber\/","name":"\u00dcber uns","isPartOf":{"@id":"https:\/\/www.quartix.com\/de-de\/#website"},"datePublished":"2019-06-26T17:52:43+00:00","dateModified":"2025-11-06T12:49:00+00:00","description":"Quartix hat mehr als 16 Jahre Erfahrung in der Bereitstellung von webbasierter Software in der Telematikindustrie f\u00fcr verschiedene Branchen.","breadcrumb":{"@id":"https:\/\/www.quartix.com\/de-de\/unternehmen\/uber\/#breadcrumb"},"inLanguage":"de-DE","potentialAction":[{"@type":"ReadAction","target":["https:\/\/www.quartix.com\/de-de\/unternehmen\/uber\/"]}]},{"@type":"BreadcrumbList","@id":"https:\/\/www.quartix.com\/de-de\/unternehmen\/uber\/#breadcrumb","itemListElement":[{"@type":"ListItem","position":1,"name":"Startseite","item":"https:\/\/www.quartix.com\/de-de\/die-nr-1-fahrzeugortungsloesung-fuer-flotten-jeder-groesse\/"},{"@type":"ListItem","position":2,"name":"Unternehmen","item":"https:\/\/www.quartix.com\/de-de\/unternehmen\/"},{"@type":"ListItem","position":3,"name":"\u00dcber Uns"}]},{"@type":"WebSite","@id":"https:\/\/www.quartix.com\/de-de\/#website","url":"https:\/\/www.quartix.com\/de-de\/","name":"Quartix","description":"Real-time vehicle tracking","publisher":{"@id":"https:\/\/www.quartix.com\/de-de\/#organization"},"potentialAction":[{"@type":"SearchAction","target":{"@type":"EntryPoint","urlTemplate":"https:\/\/www.quartix.com\/de-de\/?s={search_term_string}"},"query-input":{"@type":"PropertyValueSpecification","valueRequired":true,"valueName":"search_term_string"}}],"inLanguage":"de-DE"},{"@type":"Organization","@id":"https:\/\/www.quartix.com\/de-de\/#organization","name":"Quartix","url":"https:\/\/www.quartix.com\/de-de\/","logo":{"@type":"ImageObject","inLanguage":"de-DE","@id":"https:\/\/www.quartix.com\/de-de\/#\/schema\/logo\/image\/","url":"https:\/\/www.quartix.com\/content\/uploads\/2019\/02\/quartix-logo-eur.svg","contentUrl":"https:\/\/www.quartix.com\/content\/uploads\/2019\/02\/quartix-logo-eur.svg","width":1,"height":1,"caption":"Quartix"},"image":{"@id":"https:\/\/www.quartix.com\/de-de\/#\/schema\/logo\/image\/"},"sameAs":["https:\/\/www.facebook.com\/Quartix-USA-374426386097401\/","https:\/\/x.com\/QuartixUSA","https:\/\/www.linkedin.com\/company\/5346733\/","https:\/\/www.youtube.com\/channel\/UCzS-_GMfHF4kWiCheyIRrAQ"]}]}},"_links":{"self":[{"href":"https:\/\/www.quartix.com\/de-de\/wp-json\/wp\/v2\/pages\/24563","targetHints":{"allow":["GET"]}}],"collection":[{"href":"https:\/\/www.quartix.com\/de-de\/wp-json\/wp\/v2\/pages"}],"about":[{"href":"https:\/\/www.quartix.com\/de-de\/wp-json\/wp\/v2\/types\/page"}],"author":[{"embeddable":true,"href":"https:\/\/www.quartix.com\/de-de\/wp-json\/wp\/v2\/users\/12"}],"replies":[{"embeddable":true,"href":"https:\/\/www.quartix.com\/de-de\/wp-json\/wp\/v2\/comments?post=24563"}],"version-history":[{"count":2,"href":"https:\/\/www.quartix.com\/de-de\/wp-json\/wp\/v2\/pages\/24563\/revisions"}],"predecessor-version":[{"id":125955,"href":"https:\/\/www.quartix.com\/de-de\/wp-json\/wp\/v2\/pages\/24563\/revisions\/125955"}],"up":[{"embeddable":true,"href":"https:\/\/www.quartix.com\/de-de\/wp-json\/wp\/v2\/pages\/23746"}],"wp:attachment":[{"href":"https:\/\/www.quartix.com\/de-de\/wp-json\/wp\/v2\/media?parent=24563"}],"wp:term":[{"taxonomy":"topic","embeddable":true,"href":"https:\/\/www.quartix.com\/de-de\/wp-json\/wp\/v2\/topic?post=24563"},{"taxonomy":"qtx_campaign","embeddable":true,"href":"https:\/\/www.quartix.com\/de-de\/wp-json\/wp\/v2\/qtx_campaign?post=24563"}],"curies":[{"name":"wp","href":"https:\/\/api.w.org\/{rel}","templated":true}]}}