{"id":24757,"date":"2019-06-29T15:09:03","date_gmt":"2019-06-29T15:09:03","guid":{"rendered":"https:\/\/www.quartix.com\/datenschutzbestimmungen\/"},"modified":"2025-09-22T11:04:03","modified_gmt":"2025-09-22T10:04:03","slug":"datenschutzbestimmungen","status":"publish","type":"page","link":"https:\/\/www.quartix.com\/de-de\/datenschutzbestimmungen\/","title":{"rendered":"Datenschutzbestimmungen"},"content":{"rendered":"\n<h2 class=\"wp-block-heading\" id=\"h-quartix-ltd-datenschutzbestimmungen\">Quartix Ltd, Datenschutzbestimmungen<\/h2>\n\n\n\n<p>Quartix (bezieht sich hier auf Quartix Ltd) respektiert Ihre Privatssph\u00e4re. Alle Informationen, die Sie uns zur Verf\u00fcgung stellen werden mit h\u00f6chster Sorgfalt und Sicherheitsvorkehrungen behandelt. Die Quartix Datenschutzrichtlinie erkl\u00e4rt, wie wir Ihre personenbezogenen Daten erhalten und diese verwenden.<\/p>\n\n\n\n<p>Bitte nehmen Sie sich die Zeit diese Datenschutzrichtlinie zu lessen, wie aufgelistet in unseren Datenschutzpraktiken unter <a href=\" https:\/\/www.quartix.com\/de-de\/\">www.quartix.com\/de-de\/<\/a> und welche erkl\u00e4rt, wie wir Ihre personenbezogenen Daten behandeln. Weder verkaufen, noch vermieten oder verleihen wir Ihre Informationen bez\u00fcglich unserer Kunden (bezieht sich hier auf Quartix Software und Benutzer unserer Webseite &nbsp;<a href=\" https:\/\/www.quartix.com\/de-de\/\">www.quartix.com\/de-de\/<\/a>) an einen Dritten. Nur unter den Umst\u00e4nden beschrieben in dieser Datenschutzrichtlinie werden wir Ihre Daten Dritten mitteilen.<\/p>\n\n\n\n<p>Bitte richten Sie Ihre Fragen bez\u00fcglich Quartix\u2019s Datenschutzrichtlinie direkt an <a href=\"mailto:anfragen@quartix.de\">anfragen@quartix.de<\/a> oder alternativ, unter dem nachstehenden Abschnitt \u201eKontaktieren Sie uns\u201c.<\/p>\n\n\n\n<h3 class=\"wp-block-heading\" id=\"h-verwendung-der-informationen\">Verwendung der Informationen<\/h3>\n\n\n\n<p>Quartix wird keine personenbezogenen Daten \u00fcber Personen, mit Ausnahme der in dieser Datenschutzrichtlinie bestimmten Personen erfassen. Beispiele f\u00fcr Arten personenbezogener Daten, welche wir erfassen sind: Name, Unternehmen, Anschrift, E-Mail-Adresse, Telefonnummer, Details \u00fcber die Webseite, benutzte Funktionen und Produkte, Installationsdaten und Anmerkungen \u00fcber Produkte.<\/p>\n\n\n\n<p>Wir (oder unsere Vertreter) k\u00f6nnen die uns zur Verf\u00fcgung gestellten pers\u00f6nlichen Daten verwenden, um:<\/p>\n\n\n\n<ul class=\"wp-block-list\">\n<li>Auftragsbearbeitung Ihrer \u00fcbermittelten Bestellungen;<\/li>\n\n\n\n<li>Anpassung der zur Verf\u00fcgung gestellten Dienstleistungen;<\/li>\n\n\n\n<li>Verwalten oder andererseits vertraglicher Verpflichtungen in Bezug zu jeder mit uns bestehenden Vereinbarung;<\/li>\n\n\n\n<li>\u00dcberpr\u00fcfung Ihrer Identit\u00e4t (z.B. Teilnahme an einer unserer Werbeaktionen);<\/li>\n\n\n\n<li>Probleme l\u00f6sen und vorwegnehmen bez\u00fcglich der an Sie gelieferter Waren oder Dienstleistungen;<\/li>\n\n\n\n<li>Durchf\u00fchren von Marktrecherchen und Umfragungen und Verkaufsdaten ermitteln;<\/li>\n\n\n\n<li>Ihnen Newsletter zusenden, wenn dies von Ihnen gew\u00fcnscht wird;<\/li>\n\n\n\n<li>Ihre Interaktivit\u00e4t mit uns verfolgen, einschlie\u00dflich durch unsere Webseite, Artikel und Newsletter;<\/li>\n\n\n\n<li>Verstehen wie Sie unsere Produkte und Dienstleistungen nutzen;<\/li>\n\n\n\n<li>Kontaktaufnahme \u00fcber Telefon und Folgemitteilungen, bez\u00fcglich Ihrer Nutzung von Quartix\u2019s Software angeboten \u00fcber unsere Webseite, zusenden;<\/li>\n\n\n\n<li>Ihnen Informationen \u00fcber andere Produkte und Dienstleistungen zusenden.<\/li>\n<\/ul>\n\n\n\n<p>Wir k\u00f6nnen personenbezogene Daten die von Ihnen uns \u00fcber diese Webseite oder \u00fcber die Produktnutzung zur Verf\u00fcgung gestellt werden erfassen. Wir k\u00f6nnen diese Informationen \u00fcber unsere Telefonisten, \u00fcber Ihre E-Mail oder andere Kommunikationen mit uns erfassen. Bestimmte Informationen werden wie beschrieben in dieser Datenschutzbestimmung, automatisch erfasst.<\/p>\n\n\n\n<p>Wir werden m\u00f6glicherweise auch andere Informationen erfragen, wie zum Beispiel, welche(s) Ausr\u00fcstung\/ Ger\u00e4t\/ Software Sie benutzen und f\u00fcr welche anderen Themen Sie sich interessieren. Wenn Sie uns diese Informationen geben m\u00f6chten, werden wir diese verwenden, um Ihnen den bestm\u00f6glichen Service, welcher auf Ihre pers\u00f6nlichen Bed\u00fcrfnisse und Preferenzen angepasst ist, bereitzustellen.<\/p>\n\n\n\n<p>Sie sind nicht verpflichtet uns alle Informationen zu geben, jedoch um so mehr Informationen wir von Ihnen erhalten (und um so genauer diese sind), k\u00f6nnen wir Ihnen den auf Ihre Bed\u00fcrfnisse angepassten bestm\u00f6glichsten Service anbieten.<\/p>\n\n\n\n<p>Wir erfassen auch die Informationen, wenn Sie an Umfragen oder Werbeaktionen \u00fcber unsere Webseite teilnehmen. Wir verwenden diese Informationen zur Durchf\u00fchrung der Werbeaktion, und um uns bei der Planung zuk\u00fcnftiger &nbsp;Werbeaktionen zu helfen und unsere angebotenen Serviceleistungen zu verbessern.<\/p>\n\n\n\n<h3 class=\"wp-block-heading\" id=\"h-dritte-und-deren-webseiten\">Dritte und deren Webseiten<\/h3>\n\n\n\n<p>Bestimmte Quartix Serviceleistungen, wie die benutzerunterst\u00fctzten Beurteilungen unserere Pruduckte, welche in Verbindung mit unseren Gesch\u00e4ftspartnern (Dritten) angeboten werden. &nbsp;In derartigen F\u00e4llen, m\u00fcssen wir ihnen m\u00f6glicherweise Ihre personenbezogenen Daten mitteilen, um diese Serviceleistungen anbieten zu k\u00f6nnen. In diesem Fall kann es passieren, dass bestimmte Serviceleistungen f\u00fcr Sie nicht verf\u00fcgbar sind, wenn Sie Ihre personenbezogenen Daten bei Nachfrage nicht offenlegen m\u00f6chten. &nbsp;In bestimmten F\u00e4llen, erfragen wir Ihr anonymes Feedback \u00fcber einen Drittanbieter zur Verbesserung unserer Serviceleistungen. Wir respektieren Ihre Privatssph\u00e4re und nur wenn Sie Ihre Anonymit\u00e4t verzichten, ist es uns m\u00f6glich Sie bez\u00fcglich Ihres Feedbacks zu kontaktieren.<\/p>\n\n\n\n<p>Wo unsere Services gemietete Tools verwenden, gemietete Datenspeicherung und Zahlungsdienstleistungen durch Drittanbieter, jegliche personenbezogene Daten die von solchen Drittanbietern verwaltet werden, unterliegen deren Datenschutzbestimmungen.<\/p>\n\n\n\n<p>Obwohl wir unsere Gesch\u00e4ftspartner sorgf\u00e4ltig aussuchen, sind wir nicht verantwortlich f\u00fcr deren Datenschutzbestimmungen und Datenschutzpraktiken oder deren anderer Webseiten auf die Sie via Links von unserer Webseite zugreifen. Wir empfehlen Ihnen daher die Bestimmungen jeder Webseite die Sie besuchen zu \u00fcberpr\u00fcfen.<\/p>\n\n\n\n<p>Zus\u00e4tzlich, wenn Sie von einer Drittanbieter Webseite mit unserer Webseite verbunden werden, sind wir nicht verantwortlich f\u00fcr die Datenschutzbestimmungen oder Datenschutzpraktiken der Inhaber oder Betreiber dieser Drittanbieter und empfehlen Ihnen die Bestimmungen dieser Drittanbieter zu \u00fcberpr\u00fcfen und dessen Inhaber oder Betreiber bei Bedenken oder Fragen zu kontaktieren.<\/p>\n\n\n\n<h3 class=\"wp-block-heading\" id=\"h-log-dateien-ip-adressen\">Log-Dateien\/ IP-Adressen<\/h3>\n\n\n\n<p>Wenn Sie unsere Webseite besuchen, speichern wir standardm\u00e4\u00dfig Ihre IP-Adresse, welche von unserem Webserver erkannt wird. Wir verwenden IP-Adressen als Hilfe bei der Verwaltung unserer Seite und um umfassend demografische Daten f\u00fcr eine gesammelte Verwendung zu erheben, sowie Ihre Aktivit\u00e4t mit uns zu verfolgen.<\/p>\n\n\n\n<h3 class=\"wp-block-heading\" id=\"h-nicht-personenbezogene-informationen\">Nicht personenbezogene Informationen<\/h3>\n\n\n\n<p>Quartix kann nicht-personenbezogene, kumulierte oder zusammengefasste Informationen bez\u00fcglich Ihrer Kunden gegen\u00fcber Gesch\u00e4ftspartnern oder Dritten, wie beispielsweise Informationen \u00fcber die Anzahl der Benutzer, welche die Verlinkung zu unserer Webseite nutzen, mitteilen. Quartix verkauft keine Informationen oder teilt diese auf individueller Ebene anderen mit.<\/p>\n\n\n\n<h3 class=\"wp-block-heading\" id=\"h-cookies\">Cookies<\/h3>\n\n\n\n<p>Cookies sind kleine Dateien,&nbsp; die dazu verwendet werde, Ihre Nutzerverhalten auf unserer Homepage zu erfassen. Dabei werden Daten \u00fcber Einlogdetails, bevorzugte Sprache etc. aufgezeichnet. Diese Dateien werden auf Ihrem Rechner bis zu seinem Aublaufdatum gespeichert.<\/p>\n\n\n\n<p>Wir haben die Cookies, die wir auf der Website verwenden, in drei Kategorien eingeteilt:&nbsp;Bedeutsam, berechtigtes Interesse und Analytik, je nachdem, wie sie verwendet werden.<\/p>\n\n\n\n<p><strong>Tempor\u00e4re Cookies:<\/strong> Tempor\u00e4re Cookies werden automatisiert gel\u00f6scht, wenn Sie den Browser schlie\u00dfen. Jegliche Cookies, welche kein automatisches Ablaufdatum besitzen, werden generell als Tempor\u00e4re Cookies klassifiziert und beim Schlie\u00dfen oder Ausloggen automatisch gel\u00f6scht.<\/p>\n\n\n\n<p><strong>First-party-persitent Cookies:<\/strong> Diese Cookies werden auf Ihrem Rechner abgelegt und verf\u00fcgen \u00fcber ein definiertes Ablaufdatum. Diese werden ausschliesslich von der besuchten Homepage generiert und genutzt um die Nutzung w\u00e4hrend Ihres Besuchs zu erleichtern und Sie bei sp\u00e4teren Besuchen zu erkennen.<\/p>\n\n\n\n<p><strong>Third-party-persistente Cookies:<\/strong>&nbsp; Diese Cookies werden ebenfalls auf dem Besucherrechner abgelegt und verf\u00fcgen ebenfalls \u00fcber ein definiertes Ablaufdatum. Mit diesen Cookies kann &nbsp;von Dritter Seite Informationen abgerufen werden, um ein Profil \u00fcber die Nutzung der Internetseite und Vorlieben von Werbeseiten zu erhalten.<\/p>\n\n\n\n<p>Auf unseren Seiten nutzen wir zwei Kategorien von Cookies: Essential Cookies und Analytics Cookies, je nachdem f\u00fcr welchen Zweck sie eingesetzt werden.<\/p>\n\n\n\n<p>Essential Cookies sind erforderlich, um den st\u00f6rungsfreien Betrieb der Internetseite zu erm\u00f6glichen. Diese Cookies sind entweder Tempor\u00e4re Cookies oder First-party persistent Cookies, so wie oben definiert. Quartix nutzt diese Cookie-Typen, um das Land und die Sprache des Besuchers zu erkennen, damit diese Information nicht bei jedem Besuch unserer Homepage erneut erhoben werden mu\u00df.<\/p>\n\n\n\n<p>Berechtigte-Interessen-Cookies (Legitimate Interest-Cookies) speichern anonyme Daten, damit wir feststellen k\u00f6nnen, wie Sie unsere Website gefunden haben. Sie enthalten keine personenbezogenen Daten und k\u00f6nnen nicht zur Identifizierung von Personen verwendet werden.<\/p>\n\n\n\n<p>Analytics Cookies sind nicht essentiell f\u00fcr den Betrieb der Webseite. Diese Cookies erm\u00f6glichen Quartix lediglich weitere Erkenntnisse, um den Nutz- und Erlebniswert beim Besuch der Homepage zu verbessern. Diese Cookies sind Third-party persistent Cookies im Sinne der obigen Definition.<\/p>\n\n\n\n<p>Quartix nutzt diesen Typ von Cookies, um die Effektivit\u00e4t der Inhalte der Homepage und Werbekampagnen zu \u00fcberpr\u00fcfen. Gleichzeitig erhebt Quartix ein Profil des Besuchers. Manchmal werden diese Cookies auch f\u00fcr die Anzeige von Werbung genutzt. Diese Werbung ist regelm\u00e4\u00dfig mit Seiten verbunden, welche Sie zuvor aufgesucht haben.<\/p>\n\n\n\n<p>All diese Cookies erm\u00f6glichen es Quartix definitv nicht, den Besucher als Person zu identifizieren. Jedwede Cookies werden entweder automatisch oder manuell durch den Besucher gel\u00f6scht.<\/p>\n\n\n\n<p><strong>Deaktivierung<\/strong><\/p>\n\n\n\n<p>Es ist allen Besuchern unserer Homepage ausdr\u00fccklich gestattet, Analytic Cookies zu deaktivieren. Hierzu muss der Besucher die Einstellungen entsprechend \u00e4ndern. Die Deaktivierung von Essential Cookies ist nicht m\u00f6glich.<\/p>\n\n\n\n<p>Um weitere Informationen und Anleitungen zu erhalten, wie man auf Browserbasis Cookies deaktiviert, klicken Sie bitte auf <a href=\"http:\/\/www.allaboutcookies.org\/manage-cookies\/stop-cookies-installed.html\">http:\/\/www.allaboutcookies.org\/manage-cookies\/stop-cookies-installed.html<\/a><\/p>\n\n\n\n<p>Google Marketing Cookies deaktivieren Sie hier: <a href=\"https:\/\/tools.google.com\/dlpage\/gaoptout\">https:\/\/tools.google.com\/dlpage\/gaoptout<\/a>.<\/p>\n\n\n\n<h3 class=\"wp-block-heading\" id=\"h-offenlegungen\">Offenlegungen<\/h3>\n\n\n\n<p>Andere Offenlegungen, als die in der vorliegenden Datenschutzbestimmung beschriebenen, werden wir keine personenbezogenen Informationen ohne Ihr Einverst\u00e4ndnis offenlegen, es sei denn wir sind gesetzlich hierzu gezwungen oder dazu berechtigt (zum Beispiel, im Falle einer Gerichtsverf\u00fcgung oder zum Zwecke einen Betrug oder andere Straftat festzustellen). Wir k\u00f6nnen auch Informationen mit unseren Vertretern teilen, um Ihnen Informationen zu senden oder Sie telefonisch \u00fcber unsere Dienstleistungen und Angebote zu kontaktieren, von denen wir glauben, dass sie f\u00fcr Sie von Interesse sind.<\/p>\n\n\n\n<p>Wir werden Ihre personenbezogenen Informationen nur dann an einen Dritten weitergeben, im Falle einer Reorganisation oder dem Verkauf der Verm\u00f6genswerte von Quartix, und selbst dann werden wir Ma\u00dfnahmen ergreifen und sicherstellen, dass Ihre Datenschutzrechte weiterhin gesch\u00fctzt werden.&nbsp;Fragen Sie jeden, der Sie kontaktiert, wenn Sie Bedenken haben.<\/p>\n\n\n\n<h3 class=\"wp-block-heading\" id=\"h-informationen-uber-unsere-produkte-und-dienstleistungen\">Informationen \u00fcber unsere Produkte und Dienstleistungen<\/h3>\n\n\n\n<p>Es ist uns sehr wichtig, dass wir Ihnen stets Kundenbetreuung auf dem h\u00f6chsten Niveau bieten. Wir senden Ihnen Informationen oder k\u00f6nnen Sie telefonisch kontaktieren, um mit Ihnen \u00fcber unsere Dienstleistungen und Angebote zu sprechen, von denen wir glauben, dass sie f\u00fcr Sie von Interesse sind. Wenn Sie diese Informationen nicht mehr erhalten m\u00f6chten, senden Sie uns einfach eine E-Mail an <a href=\"mailto:anfragen@quartix.de\">anfragen@quartix.de<\/a>. Auch k\u00f6nnen Sie unseren Newsletter abbestellen, indem Sie die Abmeldeoption am Ende eines jeden Newsletter verwenden. Einfach nur auf den entsprechenden Link &#8216;Von unserer E-Mail Liste streichen&#8217; klicken.<\/p>\n\n\n\n<h3 class=\"wp-block-heading\" id=\"h-datensatze-auf-dem-neusten-stand-halten\">Datens\u00e4tze auf dem neusten Stand halten<\/h3>\n\n\n\n<p>Es ist unser Ziel unsere Informationen \u00fcber Sie so genau wie m\u00f6glich zu halten. Wenn Sie Ihre zur Verf\u00fcgung gestellten Angaben \u00fcberpr\u00fcfen oder \u00e4ndern m\u00f6chten, kontaktieren Sie uns bitte unter <a href=\"mailto:anfragen@quartix.de\">anfragen@quartix.de<\/a>.<\/p>\n\n\n\n<h3 class=\"wp-block-heading\" id=\"h-sicherheit\">Sicherheit<\/h3>\n\n\n\n<p>Wir verwenden Technologie und Strategien, um Ihre pers\u00f6nlichen Daten vor unbefugtem Zugriff und Missbrauch zu sch\u00fctzen. Unsere Webseite ist zum Beispiel verschl\u00fcsselt. Wir werden auch in Zukunft, wenn neue Technologien und Datenschutzbestimmungen anwenbar auf unsere Webseite bereitstehen, dies \u00fcberwachen und Sicherheitsma\u00dfnahmen aktualisieren.<\/p>\n\n\n\n<h3 class=\"wp-block-heading\" id=\"h-ihr-einverstandnis\">Ihr Einverst\u00e4ndnis<\/h3>\n\n\n\n<p>Indem Sie unsere Webseite benutzen, oder Sie uns Ihre Angaben auf Fachveranstaltungen oder Messen geben, erkl\u00e4ren Sie sich mit der Sammlung und Verwendung dieser Informationen von Quartix einverstanden. F\u00fcr den Fall, dass wir unsere Datenschutzbestimmungen \u00e4ndern sollten, werden wir Sie \u00fcber die \u00c4nderungen auf postalischen Wege informieren, so dass Sie immer in Kenntnis sind, welche Informationen wir sammeln und wie diese von uns verwendet werden, und unter welchen Umst\u00e4nden wir diese offenlegen.<\/p>\n\n\n\n<h3 class=\"wp-block-heading\" id=\"h-teilnahme-an-dem-eu-us-und-swiss-us-privatsphare-shield\">TEILNAHME AN DEM EU-US UND SWISS-US PRIVATSPH\u00c4RE SHIELD<\/h3>\n\n\n\n<p>Quartix Ltd. entspricht der Rahmenregelungen der EU-US und Schweizer-US Privatsph\u00e4re Shield wie aufgef\u00fchrt durch das US-Handelsministerium in Bezug auf die Sammlung, Verwendung und Speicherung personenbezogener Daten \u00fcbertragen von der Europ\u00e4ischen Union an die USA. Quartix Inc hat gegen\u00fcber dem US-Handelsministerium bescheinigt, das es sich an die Grunds\u00e4tze des Privatsph\u00e4re Shield h\u00e4lt. Sollte ein direkter Konflikt zwischen diesem Datenschutzbestimmungen und den Privatsph\u00e4re Shield Grunds\u00e4tze bestehen, Die Privatsph\u00e4re Shield Grunds\u00e4tze bestehen sind ma\u00dfgebend. Erfahren Sie mehr \u00fcber die Privatsph\u00e4re Shield Grunds\u00e4tze und unsere Bescheinigung unter <a href=\"https:\/\/www.privacyshield.gov\/\">https:\/\/www.privacyshield.gov\/<\/a>.<\/p>\n\n\n\n<p>In \u00dcbereinstimmung mit den Grunds\u00e4tzen der Privatsph\u00e4re Shield, verpflichtet sich Quartix Inc Beschwerden \u00fcber unsere Sammlung und Verwendung von personenbezogenen Daten beizulegen. Individuen der Europ\u00e4ischen Union und der Schweiz sollten mit Anfragen oder Beschwerden in Bezug auf die Privatsph\u00e4re Shield Bestimmungen zuerst Quartix Inc unter <a href=\"mailto:anfragen@quartix.de\">anfragen@quartix.de<\/a>&nbsp;kontaktieren oder alternativ, sehen Sie den nachstehenden Abschnitt &#8216;Kontaktieren Sie uns&#8217;.<\/p>\n\n\n\n<p>Quartix Ltd verpflichtet sich mit dem Panel von der EU gegr\u00fcndeten Datenschutzbeh\u00f6rden und der Eidegen\u00f6ssischen Datenschutzkommission und \u00d6ffentlichkeitsbeauftragten zu kooperieren, und den Empfehlungen dieser Beh\u00f6rden nachzukommen in Bezug auf die \u00fcbertragenen Daten von der EU und \/ oder Schweiz. Bundeshandelskommission hat die Zust\u00e4ndigkeit \u00fcber die Einhaltung der Privatsph\u00e4re Shield von Quartix Inc. Unter bestimmten Voraussetzungen, hat ein Individuum die M\u00f6glichkeit sich an die Schiedsstelle bez\u00fcglich Beschwerden zur \u00dcbereinstimung mit dem Privatsph\u00e4re Shield, welche nicht durch andere Privatsph\u00e4re Shield Mechanismen gel\u00f6st werden k\u00f6nnen, zu wenden. Sie finden weitere Informationen unter:<\/p>\n\n\n\n<p><a href=\"https:\/\/www.privacyshield.gov\/article?id=ANNEX-I-introduction.\">https:\/\/www.privacyshield.gov\/article?id=ANNEX-I-introduction.<\/a><\/p>\n\n\n\n<p>Quartix Ltd wahrt die Vertraulichkeit der personenbezogenen Daten und plant keine Weiter\u00fcbermittelung an Dritte. Jegliche auftretenden Weiter\u00fcbermittelungen werden in \u00dcbereinstimmung mit den Standardvertragsklauseln (Auftragsverarbeiter) genehmigt bei der Europ\u00e4ischen Kommission in der Entscheidung der Kommission C(2010)593.<\/p>\n\n\n\n<h3 class=\"wp-block-heading\" id=\"h-kontaktieren-sie-uns\">Kontaktieren Sie uns<\/h3>\n\n\n\n<p>Falls Sie Fragen bez\u00fcglich Ihrer personenbezogener Daten haben, k\u00f6nnen Sie uns eine E-Mail an <a href=\"mailto:anfragen@quartix.de\">anfragen@quartix.de<\/a>&nbsp;oder an die nachfolgende Adresse senden:<\/p>\n\n\n\n<p>Quartix SAS, 10, Rue du Colis\u00e9e 75008 PARIS<\/p>\n\n\n\n<p>Sie sind berechtigt, eine Kopie der Informationen zu verlangen, die wir \u00fcber Sie erfasst haben (wof\u00fcr wir gegebenenfalls eine kleine Geb\u00fchr erheben).<\/p>\n","protected":false},"excerpt":{"rendered":"<p>Quartix Ltd, Datenschutzbestimmungen Quartix (bezieht sich hier auf Quartix Ltd) respektiert Ihre Privatssph\u00e4re. Alle Informationen, die Sie uns zur Verf\u00fcgung stellen werden mit h\u00f6chster Sorgfalt und Sicherheitsvorkehrungen behandelt. Die Quartix Datenschutzrichtlinie erkl\u00e4rt, wie wir Ihre personenbezogenen Daten erhalten und diese verwenden. Bitte nehmen Sie sich die Zeit diese Datenschutzrichtlinie zu lessen, wie aufgelistet in unseren [&hellip;]<\/p>\n","protected":false},"author":2,"featured_media":0,"parent":0,"menu_order":725,"comment_status":"closed","ping_status":"closed","template":"templates\/terms-and-conditions.php","meta":{"_acf_changed":false,"inline_featured_image":false,"footnotes":""},"topic":[],"qtx_campaign":[],"class_list":["post-24757","page","type-page","status-publish","hentry"],"acf":[],"yoast_head":"<!-- This site is optimized with the Yoast SEO Premium plugin v27.3 (Yoast SEO v27.3) - https:\/\/yoast.com\/product\/yoast-seo-premium-wordpress\/ -->\n<title>Datenschutzbestimmungen - DE<\/title>\n<meta name=\"description\" content=\"Quartix nimmt Datenschutz sehr ernst. Alle zur Verf\u00fcgung gestellten Informationen werden von uns mit gr\u00f6\u00dftm\u00f6glicher Sorgfalt und Sicherheitsvorkehrungen behandelt. Weder verkaufen, vermieten, noch verleihen wir Ihre Informationen...\" \/>\n<meta name=\"robots\" content=\"index, follow, max-snippet:-1, max-image-preview:large, max-video-preview:-1\" \/>\n<link rel=\"canonical\" href=\"https:\/\/www.quartix.com\/de-de\/datenschutzbestimmungen\/\" \/>\n<meta property=\"og:locale\" content=\"de_DE\" \/>\n<meta property=\"og:type\" content=\"article\" \/>\n<meta property=\"og:title\" content=\"Datenschutzbestimmungen\" \/>\n<meta property=\"og:description\" content=\"Quartix nimmt Datenschutz sehr ernst. Alle zur Verf\u00fcgung gestellten Informationen werden von uns mit gr\u00f6\u00dftm\u00f6glicher Sorgfalt und Sicherheitsvorkehrungen behandelt. Weder verkaufen, vermieten, noch verleihen wir Ihre Informationen...\" \/>\n<meta property=\"og:url\" content=\"https:\/\/www.quartix.com\/de-de\/datenschutzbestimmungen\/\" \/>\n<meta property=\"og:site_name\" content=\"Quartix\" \/>\n<meta property=\"article:publisher\" content=\"https:\/\/www.facebook.com\/Quartix-USA-374426386097401\/\" \/>\n<meta property=\"article:modified_time\" content=\"2025-09-22T10:04:03+00:00\" \/>\n<meta name=\"twitter:card\" content=\"summary_large_image\" \/>\n<meta name=\"twitter:site\" content=\"@QuartixUSA\" \/>\n<meta name=\"twitter:label1\" content=\"Est. reading time\" \/>\n\t<meta name=\"twitter:data1\" content=\"9 minutes\" \/>\n<!-- \/ Yoast SEO Premium plugin. -->","yoast_head_json":{"title":"Datenschutzbestimmungen - DE","description":"Quartix nimmt Datenschutz sehr ernst. Alle zur Verf\u00fcgung gestellten Informationen werden von uns mit gr\u00f6\u00dftm\u00f6glicher Sorgfalt und Sicherheitsvorkehrungen behandelt. Weder verkaufen, vermieten, noch verleihen wir Ihre Informationen...","robots":{"index":"index","follow":"follow","max-snippet":"max-snippet:-1","max-image-preview":"max-image-preview:large","max-video-preview":"max-video-preview:-1"},"canonical":"https:\/\/www.quartix.com\/de-de\/datenschutzbestimmungen\/","og_locale":"de_DE","og_type":"article","og_title":"Datenschutzbestimmungen","og_description":"Quartix nimmt Datenschutz sehr ernst. Alle zur Verf\u00fcgung gestellten Informationen werden von uns mit gr\u00f6\u00dftm\u00f6glicher Sorgfalt und Sicherheitsvorkehrungen behandelt. Weder verkaufen, vermieten, noch verleihen wir Ihre Informationen...","og_url":"https:\/\/www.quartix.com\/de-de\/datenschutzbestimmungen\/","og_site_name":"Quartix","article_publisher":"https:\/\/www.facebook.com\/Quartix-USA-374426386097401\/","article_modified_time":"2025-09-22T10:04:03+00:00","twitter_card":"summary_large_image","twitter_site":"@QuartixUSA","twitter_misc":{"Est. reading time":"9 minutes"},"schema":{"@context":"https:\/\/schema.org","@graph":[{"@type":"WebPage","@id":"https:\/\/www.quartix.com\/de-de\/datenschutzbestimmungen\/","url":"https:\/\/www.quartix.com\/de-de\/datenschutzbestimmungen\/","name":"Datenschutzbestimmungen","isPartOf":{"@id":"https:\/\/www.quartix.com\/de-de\/#website"},"datePublished":"2019-06-29T15:09:03+00:00","dateModified":"2025-09-22T10:04:03+00:00","description":"Quartix nimmt Datenschutz sehr ernst. Alle zur Verf\u00fcgung gestellten Informationen werden von uns mit gr\u00f6\u00dftm\u00f6glicher Sorgfalt und Sicherheitsvorkehrungen behandelt. Weder verkaufen, vermieten, noch verleihen wir Ihre Informationen...","breadcrumb":{"@id":"https:\/\/www.quartix.com\/de-de\/datenschutzbestimmungen\/#breadcrumb"},"inLanguage":"de-DE","potentialAction":[{"@type":"ReadAction","target":["https:\/\/www.quartix.com\/de-de\/datenschutzbestimmungen\/"]}]},{"@type":"BreadcrumbList","@id":"https:\/\/www.quartix.com\/de-de\/datenschutzbestimmungen\/#breadcrumb","itemListElement":[{"@type":"ListItem","position":1,"name":"Startseite","item":"https:\/\/www.quartix.com\/de-de\/"},{"@type":"ListItem","position":2,"name":"Datenschutzbestimmungen"}]},{"@type":"WebSite","@id":"https:\/\/www.quartix.com\/de-de\/#website","url":"https:\/\/www.quartix.com\/de-de\/","name":"Quartix","description":"Real-time vehicle tracking","publisher":{"@id":"https:\/\/www.quartix.com\/de-de\/#organization"},"potentialAction":[{"@type":"SearchAction","target":{"@type":"EntryPoint","urlTemplate":"https:\/\/www.quartix.com\/de-de\/?s={search_term_string}"},"query-input":{"@type":"PropertyValueSpecification","valueRequired":true,"valueName":"search_term_string"}}],"inLanguage":"de-DE"},{"@type":"Organization","@id":"https:\/\/www.quartix.com\/de-de\/#organization","name":"Quartix","url":"https:\/\/www.quartix.com\/de-de\/","logo":{"@type":"ImageObject","inLanguage":"de-DE","@id":"https:\/\/www.quartix.com\/de-de\/#\/schema\/logo\/image\/","url":"https:\/\/www.quartix.com\/content\/uploads\/2019\/02\/quartix-logo-eur.svg","contentUrl":"https:\/\/www.quartix.com\/content\/uploads\/2019\/02\/quartix-logo-eur.svg","width":1,"height":1,"caption":"Quartix"},"image":{"@id":"https:\/\/www.quartix.com\/de-de\/#\/schema\/logo\/image\/"},"sameAs":["https:\/\/www.facebook.com\/Quartix-USA-374426386097401\/","https:\/\/x.com\/QuartixUSA","https:\/\/www.linkedin.com\/company\/5346733\/","https:\/\/www.youtube.com\/channel\/UCzS-_GMfHF4kWiCheyIRrAQ"]}]}},"_links":{"self":[{"href":"https:\/\/www.quartix.com\/de-de\/wp-json\/wp\/v2\/pages\/24757","targetHints":{"allow":["GET"]}}],"collection":[{"href":"https:\/\/www.quartix.com\/de-de\/wp-json\/wp\/v2\/pages"}],"about":[{"href":"https:\/\/www.quartix.com\/de-de\/wp-json\/wp\/v2\/types\/page"}],"author":[{"embeddable":true,"href":"https:\/\/www.quartix.com\/de-de\/wp-json\/wp\/v2\/users\/2"}],"replies":[{"embeddable":true,"href":"https:\/\/www.quartix.com\/de-de\/wp-json\/wp\/v2\/comments?post=24757"}],"version-history":[{"count":1,"href":"https:\/\/www.quartix.com\/de-de\/wp-json\/wp\/v2\/pages\/24757\/revisions"}],"predecessor-version":[{"id":124894,"href":"https:\/\/www.quartix.com\/de-de\/wp-json\/wp\/v2\/pages\/24757\/revisions\/124894"}],"wp:attachment":[{"href":"https:\/\/www.quartix.com\/de-de\/wp-json\/wp\/v2\/media?parent=24757"}],"wp:term":[{"taxonomy":"topic","embeddable":true,"href":"https:\/\/www.quartix.com\/de-de\/wp-json\/wp\/v2\/topic?post=24757"},{"taxonomy":"qtx_campaign","embeddable":true,"href":"https:\/\/www.quartix.com\/de-de\/wp-json\/wp\/v2\/qtx_campaign?post=24757"}],"curies":[{"name":"wp","href":"https:\/\/api.w.org\/{rel}","templated":true}]}}