{"id":31209,"date":"2019-07-19T06:22:16","date_gmt":"2019-07-19T06:22:16","guid":{"rendered":"https:\/\/www.quartix.com\/begriffsbestimmungen-datenverarbeitung\/"},"modified":"2025-10-09T16:37:45","modified_gmt":"2025-10-09T15:37:45","slug":"begriffsbestimmungen-datenverarbeitung","status":"publish","type":"page","link":"https:\/\/www.quartix.com\/de-de\/begriffsbestimmungen-datenverarbeitung\/","title":{"rendered":"Bedingungen von Quartix f\u00fcr die Datenverarbeitung"},"content":{"rendered":"\n<h3 class=\"wp-block-heading\" id=\"h-1-hintergrund-und-absicht\">1. <strong style=\"font-weight: bold;\">Hintergrund und Absicht<\/strong><\/h3>\n\n\n\n<p>Die Kapitalgesellschaft, Personengesellschaft, Vereinigung oder nat\u00fcrliche Person, die diesen Richtlinien zustimmt (der \u201eKunde\u201c) sowie Quartix Technologies plc, Quartix Limited, Quartix SAS, Quartix Inc oder ein anderer Rechtstr\u00e4ger, der direkt oder indirekt von Quartix Technologies plc kontrolliert wird, (jeweils als \u201eQuartix\u201c bezeichnet) haben einen Vertrag abgeschlossen (der \u201eVertrag\u201c), auf dessen Grundlage Quartix Services f\u00fcr den Kunden erbringt.<\/p>\n\n\n\n<p>Im Rahmen dieses Vertrags gibt der Kunde Daten an Quartix weiter. Mit diesen Bedingungen f\u00fcr die Datenverarbeitung (\u201eDV-Bedingungen\u201c) soll sichergestellt werden, dass ordnungsgem\u00e4\u00dfe Regelungen f\u00fcr die Weitergabe von Daten zwischen dem Kunden und Quartix vorhanden sind. Diese DV-Bedingungen sind Teil des Vertrags, und im Falle von Widerspr\u00fcchen zwischen dem Vertrag und diesen DV-Bedingungen hat der Vertrag Vorrang.<\/p>\n\n\n\n<h3 class=\"wp-block-heading\" id=\"h-2-begriffsbestimmungen-und-auslegung\">2. Begriffsbestimmungen und Auslegung<\/h3>\n\n\n\n<p>Im Rahmen dieser DV-Bedingungen bedeuten die Begriffe:<\/p>\n\n\n\n<p>\u201edatenschutzrechtliche Bestimmungen\u201c: alle anwendbaren Gesetze, Rechtsnormen, sekund\u00e4ren Rechtsvorschriften, Regeln, Verordnungen und Leitlinien einer Aufsichtsbeh\u00f6rde (oder deren \u00c4quivalent im Vereinigten K\u00f6nigreich), die sich auf den Schutz der Privatsph\u00e4re, der Vertraulichkeit, der Sicherheit, Direktmarketing oder den Schutz von personenbezogenen Daten oder Unternehmensdaten beziehen (einschlie\u00dflich der Richtlinien 95\/46\/EG, 2002\/58\/EG und 97\/66\/EG, des Data Protection Act 2018, der Privacy and Electronic Communications (EC Directive) Regulations 2003 (512003\/2426), des Regulation of Investigatory Powers Act 2000, des Investigatory Powers Act 2016, der Telecommunications (Lawful Business Practice) (Interception of Communications) Regulations 2000 (SI 2000\/2699) und der DSGVO).<\/p>\n\n\n\n<p>\u201eDaten\u201c: alle Daten, die durch die datenschutzrechtlichen Bestimmungen erfasst sind, was unter anderem personenbezogene Daten und sensible Daten laut Definition durch die DSGVO umfasst.<\/p>\n\n\n\n<p>\u201eDSGVO\u201c: die Datenschutz-Grundverordnung bzw. je nach Anwendbarkeit die britische Datenschutz-Grundverordnung (nach Definition des britischen Data Protection Act 2018).<\/p>\n\n\n\n<p>\u201eServices\u201c: die vom Anbieter im Rahmen des Vertrags erbrachten Dienstleistungen.<\/p>\n\n\n\n<p>\u201eVerantwortlicher\u201c wird in der Bedeutung des Begriffs in den datenschutzrechtlichen Bestimmungen verwendet.<\/p>\n\n\n\n<p>\u201eBetroffene Person\u201c wird in der Bedeutung des Begriffs in den datenschutzrechtlichen Bestimmungen verwendet.<\/p>\n\n\n\n<p>\u201ePersonenbezogene Daten\u201c wird in der Bedeutung des Begriffs in den datenschutzrechtlichen Bestimmungen verwendet.<\/p>\n\n\n\n<p>\u201eAuftragsverarbeiter\u201c wird in der Bedeutung des Begriffs in den datenschutzrechtlichen Bestimmungen verwendet.<\/p>\n\n\n\n<p>\u201eUnterauftragsverarbeiter\u201c wird in der Bedeutung des Begriffs in den datenschutzrechtlichen Bestimmungen verwendet.<\/p>\n\n\n\n<p>\u201eAufsichtsbeh\u00f6rde\u201c wird in der Bedeutung des Begriffs in den datenschutzrechtlichen Bestimmungen verwendet.<\/p>\n\n\n\n<h3 class=\"wp-block-heading\" id=\"h-3-datenverarbeitung\"><strong>3. Datenverarbeitung<\/strong><\/h3>\n\n\n\n<p>Der Kunde erkl\u00e4rt hiermit, sichert zu und gew\u00e4hrleistet gegen\u00fcber Quartix, dass er \u00fcber rechtm\u00e4\u00dfige Gr\u00fcnde f\u00fcr die Verarbeitung verf\u00fcgt, dass er die betroffenen Personen \u00fcber den Zweck der Verarbeitung informiert hat und weiterhin informieren wird und jederzeit seine Verpflichtungen aus den datenschutzrechtlichen Bestimmungen erf\u00fcllen wird.<\/p>\n\n\n\n<p>. Quartix wird die Vertraulichkeit der Daten wahren und erkl\u00e4rt sich einverstanden, die Daten ausschlie\u00dflich gem\u00e4\u00df den datenschutzrechtlichen Bestimmungen und den folgenden Bestimmungen zu verarbeiten (soweit sie laut den datenschutzrechtlichen Bestimmungen erforderlich sind):<\/p>\n\n\n\n<p>a) Quartix wird die Daten verarbeiten:<\/p>\n\n\n\n<p>(i) wie in der Datenschutzerkl\u00e4rung von Quartix <a href=\" https:\/\/www.quartix.com\/de-de\/datenschutzerklaerung-zur-gps-ortung\/\" target=\"_blank\" rel=\"noreferrer noopener\"> https:\/\/www.quartix.com\/de-de\/datenschutzerklaerung-zur-gps-ortung\/<\/a> erl\u00e4utert, aus der hervorgeht, welche Daten erhoben werden d\u00fcrfen und zu welchen Zwecken sie verwendet werden d\u00fcrfen,<\/p>\n\n\n\n<p>(ii) ausschlie\u00dflich in einer Weise, die f\u00fcr die Erbringung der Services erforderlich ist und gem\u00e4\u00df den Anweisungen des Kunden gem\u00e4\u00df Vertrag oder sonstiger schriftlicher Vereinbarung zwischen den Parteien,<\/p>\n\n\n\n<p>(iii) ausschlie\u00dflich im Europ\u00e4ischen Wirtschaftsraum und dem Vereinigten K\u00f6nigreich, es sei denn, die \u00dcbertragung wurde vom Kunden autorisiert oder erfolgt in ein Land, das laut Feststellung durch die Europ\u00e4ische Kommission oder im Falle einer \u00dcbertragung aus dem Vereinigten K\u00f6nigreich eine zust\u00e4ndige Aufsichtsbeh\u00f6rde zum gegebenen Zeitpunkt \u00fcber ein angemessenes Datenschutzniveau gem\u00e4\u00df den datenschutzrechtlichen Bestimmungen verf\u00fcgt, oder f\u00fcr die \u00dcbertragung sind geeignete Garantien vorhanden, wie in der DSGVO erl\u00e4utert,<\/p>\n\n\n\n<p>(iv) sofern zutreffend gem\u00e4\u00df den Standardvertragsklauseln (Auftragsverarbeiter), die von der Europ\u00e4ischen Kommission in Kommissionsbeschluss K(2010)593 gebilligt wurden.<\/p>\n\n\n\n<p>b) Quartix stellt sicher, dass alle Mitarbeiter und sonstigen Vertreter von Quartix mit Zugriff auf die Daten:<\/p>\n\n\n\n<p>(i) mit diesen Bedingungen vertraut sind,<\/p>\n\n\n\n<p>(ii) zu datenschutzrechtlichen Bestimmungen und zugeh\u00f6rigen bew\u00e4hrten Verfahren geschult wurden und<\/p>\n\n\n\n<p>(iii) Vertraulichkeitspflichten unterliegen.<\/p>\n\n\n\n<p>c) Quartix und der Kunde haben vereinbart, geeignete technische und organisatorische Ma\u00dfnahmen durchzuf\u00fchren, um ein f\u00fcr das Risiko angemessenes Sicherheitsniveau zu gew\u00e4hrleisten.<\/p>\n\n\n\n<p>d) Der Kunde gew\u00e4hrt Quartix das Recht, Drittparteien (darunter Beauftragte und Subunternehmer) in die Verarbeitung der Daten einzubeziehen. Quartix stellt sicher, dass Vereinbarungen mit diesen Drittparteien bestehen, die ein gleichwertiges Datenschutzniveau, wie in den vorliegenden DV-Bedingungen erl\u00e4utert, bieten. Quartix bleibt gegen\u00fcber dem Kunden f\u00fcr die Einhaltung der Datenschutzverpflichtungen f\u00fcr diese Daten durch die Drittparteien haftbar.<\/p>\n\n\n\n<p>e) Aufgrund der Art der Verarbeitung ergreift Quartix technische und organisatorische Ma\u00dfnahmen, die notwendig sind, um den Kunden nach M\u00f6glichkeit bei der Erf\u00fcllung seiner Pflicht zur Beantwortung der Anfragen betroffener Personen in Aus\u00fcbung ihrer Rechte laut DSGVO Kapitel III zu unterst\u00fctzen: des Rechts auf L\u00f6schung, Berichtigung, Auskunft, Beschr\u00e4nkung, \u00dcbertragbarkeit, Widerspruch, des Rechts, keiner automatischen Entscheidungsfindung unterworfen zu werden, etc.<\/p>\n\n\n\n<p>f) Quartix unterst\u00fctzt den Kunden nach M\u00f6glichkeit bei der Erf\u00fcllung seiner Pflichten gem\u00e4\u00df Artikel 32 bis 36 DSGVO&nbsp;\u2013 Sicherheit, Benachrichtigung \u00fcber Datenschutzverletzungen, Benachrichtigung der betroffenen Personen bei Datenschutzverletzungen, Datenschutz-Folgenabsch\u00e4tzungen und wenn n\u00f6tig R\u00fccksprache mit dem Information Commissioner\u2018s Office (ICO) (oder einer anderen zust\u00e4ndigen Aufsichtsbeh\u00f6rde).<\/p>\n\n\n\n<p>g) Quartix f\u00fchrt schriftliche Aufzeichnungen \u00fcber s\u00e4mtliche Kategorien von Verarbeitungst\u00e4tigkeiten, die im Auftrag des Kunden durchgef\u00fchrt werden und alle Informationen enthalten, die gem\u00e4\u00df den datenschutzrechtlichen Bestimmungen erforderlich sind, und stellt diese Aufzeichnungen jeder zust\u00e4ndigen Aufsichtsbeh\u00f6rde der Europ\u00e4ischen Union, ihrer Mitgliedsstaaten (und\/oder deren Entsprechung im Vereinigten K\u00f6nigreich) zur Verf\u00fcgung, sofern sie von dieser Aufsichtsbeh\u00f6rde angefordert werden.<\/p>\n\n\n\n<p>h) Soweit gem\u00e4\u00df den datenschutzrechtlichen Bestimmungen erforderlich, l\u00f6scht Quartix die Daten, wenn der Kunde zu einem beliebigen Zeitpunkt billigerweise hierzu aufgefordert, in jedem Fall aber nach Abschluss der Verarbeitung gem\u00e4\u00df den datenschutzrechtlichen Bestimmungen (nach Ablauf etwaiger Speicherfristen). Bei Kunden, die Fahrzeugflottenortung betreiben, hat der Kunde die M\u00f6glichkeit, die Speicherfrist der Daten nach Anmeldung in der Flottenortungs-Anwendung festzulegen. Sofern Quartix Daten l\u00f6schen soll, muss die L\u00f6schung die Vernichtung aller bestehenden Kopien beinhalten (soweit nach den datenschutzrechtlichen Bestimmungen erforderlich).<\/p>\n\n\n\n<p>i) Soweit nach den datenschutzrechtlichen Bestimmungen erforderlich, stellt Quartix dem Kunden, sofern von diesem billigerweise beantragt, die notwendigen Informationen zur Verf\u00fcgung, um die Einhaltung der in diesen DV-Bedingungen festgelegten Verpflichtungen nachzuweisen, und steht f\u00fcr angemessene Pr\u00fcfanfragen des Kunden offen, unter der Voraussetzung, dass der Kunde Quartix s\u00e4mtliche Kosten erstattet, die zur Unterst\u00fctzung der Pr\u00fcfanforderungen entstehen (einschlie\u00dflich der Kosten f\u00fcr Mitarbeiter-Arbeitszeit), dass der Zugang zu bestimmten Aufzeichnungen von Quartix beschr\u00e4nkt werden kann, sofern diese Aufzeichnungen von Quartix als gesch\u00e4ftlich sensibel eingestuft werden (wobei diese Einsch\u00e4tzung im alleinigen Ermessen von Quartix zu treffen ist), dass keine Penetrationstests, Schwachstellenscans oder sonstigen Sicherheitstests durchgef\u00fchrt werden, keine Datens\u00e4tze oder Kopien von Datens\u00e4tzen von den Websites von Quartix entfernt werden, Quartix 30 Tage im Voraus \u00fcber die Pr\u00fcfung informiert wird und Vertraulichkeitsvereinbarungen von s\u00e4mtlichen Parteien unterzeichnet werden, die die Pr\u00fcfung durchf\u00fchren wollen (auch von Parteien, die im Auftrag des Kunden handeln).<\/p>\n\n\n\n<p>j) Quartix trifft geeignete Vorkehrungen f\u00fcr die sichere \u00dcbertragung der Daten vom Kunden an Quartix und f\u00fcr die sichere Verwahrung der Daten durch Quartix.<\/p>\n\n\n\n<p>k) Quartix wahrt die \u00e4nderungsfreie Integrit\u00e4t der Daten und stellt sicher, dass die Daten von anderen erstellten Informationen trennbar sind. l) Soweit nach den datenschutzrechtlichen Bestimmungen erforderlich, wird Quartix auf angemessenes Verlangen des Kunden Daten unverz\u00fcglich zur\u00fcckgeben, korrigieren, \u00fcbertragen, kopieren oder l\u00f6schen.<\/p>\n\n\n\n<h3 class=\"wp-block-heading\" id=\"h-4-mitteilungspflichten-etc\">4. <strong>Mitteilungspflichten etc.<\/strong><\/h3>\n\n\n\n<p>Soweit nach den datenschutzrechtlichen Bestimmungen erforderlich, benachrichtigt Quartix den Kunden: unverz\u00fcglich, wenn ihm tats\u00e4chliche, mutma\u00dfliche oder drohende Verluste, Lecks oder unberechtigte Verarbeitungen oder Offenlegungen von Daten zur Kenntnis gelangen; unverz\u00fcglich nach Erhalt einer Mitteilung einer Aufsichtsbeh\u00f6rde, die sich direkt oder indirekt auf die Bearbeitung der personenbezogenen Daten des Kunden beziehen, und kooperiert mit der betreffenden Aufsichtsbeh\u00f6rde; unverz\u00fcglich, wenn personenbezogene Daten des Kunden im Besitz und\/oder unter der Kontrolle von Quartix verloren gehen, besch\u00e4digt oder aus beliebigem Grund unbrauchbar gemacht werden; unverz\u00fcglich, wenn Quartix Grund zu der Annahme hat, dass eine Ma\u00dfnahme oder Anweisung des Kunden gegen die datenschutzrechtlichen Bestimmungen verst\u00f6\u00dft.<\/p>\n\n\n\n<h3 class=\"wp-block-heading\" id=\"h-5-kundigung\">5. <strong>K\u00fcndigung<\/strong><\/h3>\n\n\n\n<p>Bei Ablauf oder K\u00fcndigung dieser DV-Bedingungen stellt Quartix die Nutzung der Daten unverz\u00fcglich ein, sorgt daf\u00fcr, dass ihre Beauftragten und Unterauftragnehmer die Nutzung der Daten einstellen, und organisiert deren sichere R\u00fcckgabe oder Vernichtung (nach Wahl des Kunden) zum entsprechenden Zeitpunkt (es sei denn, das Recht der Europ\u00e4ischen Union, eines Mitgliedsstaats und\/oder des Vereinigten K\u00f6nigreichs erfordern die Speicherung der personenbezogenen Daten).<\/p>\n\n\n\n<h3 class=\"wp-block-heading\" id=\"h-6-rechte-an-personenbezogenen-daten\">6. <strong>Rechte an personenbezogenen Daten<\/strong><\/h3>\n\n\n\n<p>Quartix stellt die im Rahmen der Services erhobenen Daten in aggregierter und anonymisierter Form zusammen (die \u201eaggregierten Daten\u201c), und der Kunde erteilt Quartix die Genehmigung hierf\u00fcr. Quartix erwirbt die vollst\u00e4ndigen Rechte an den aggregierten Daten, die in sein Eigentum \u00fcbergehen, und ist in dem Moment, in dem diese Daten in anonymisierter Form zusammengestellt werden, nicht mehr Auftragsverarbeiter, der im Auftrag des Kunden handelt. Quartix ist zudem nicht verpflichtet, die aggregierten Daten oder Teile davon vertraulich zu behandeln, zu l\u00f6schen, zur\u00fcckzugeben oder zu korrigieren.<\/p>\n","protected":false},"excerpt":{"rendered":"<p>1. Hintergrund und Absicht Die Kapitalgesellschaft, Personengesellschaft, Vereinigung oder nat\u00fcrliche Person, die diesen Richtlinien zustimmt (der \u201eKunde\u201c) sowie Quartix Technologies plc, Quartix Limited, Quartix SAS, Quartix Inc oder ein anderer Rechtstr\u00e4ger, der direkt oder indirekt von Quartix Technologies plc kontrolliert wird, (jeweils als \u201eQuartix\u201c bezeichnet) haben einen Vertrag abgeschlossen (der \u201eVertrag\u201c), auf dessen Grundlage Quartix [&hellip;]<\/p>\n","protected":false},"author":2,"featured_media":0,"parent":0,"menu_order":720,"comment_status":"closed","ping_status":"closed","template":"templates\/terms-and-conditions.php","meta":{"_acf_changed":false,"inline_featured_image":false,"footnotes":""},"topic":[],"qtx_campaign":[],"class_list":["post-31209","page","type-page","status-publish","hentry"],"acf":[],"yoast_head":"<!-- This site is optimized with the Yoast SEO Premium plugin v27.3 (Yoast SEO v27.3) - https:\/\/yoast.com\/product\/yoast-seo-premium-wordpress\/ -->\n<title>Bedingungen von Quartix f\u00fcr die Datenverarbeitung - DE<\/title>\n<meta name=\"description\" content=\"Mehr \u00fcber die Quartix Begriffsbestimmungen zur Datenverarbeitung herausfinden.\" \/>\n<meta name=\"robots\" content=\"index, follow, max-snippet:-1, max-image-preview:large, max-video-preview:-1\" \/>\n<link rel=\"canonical\" href=\"https:\/\/www.quartix.com\/de-de\/begriffsbestimmungen-datenverarbeitung\/\" \/>\n<meta property=\"og:locale\" content=\"de_DE\" \/>\n<meta property=\"og:type\" content=\"article\" \/>\n<meta property=\"og:title\" content=\"Bedingungen von Quartix f\u00fcr die Datenverarbeitung\" \/>\n<meta property=\"og:description\" content=\"Mehr \u00fcber die Quartix Begriffsbestimmungen zur Datenverarbeitung herausfinden.\" \/>\n<meta property=\"og:url\" content=\"https:\/\/www.quartix.com\/de-de\/begriffsbestimmungen-datenverarbeitung\/\" \/>\n<meta property=\"og:site_name\" content=\"Quartix\" \/>\n<meta property=\"article:publisher\" content=\"https:\/\/www.facebook.com\/Quartix-USA-374426386097401\/\" \/>\n<meta property=\"article:modified_time\" content=\"2025-10-09T15:37:45+00:00\" \/>\n<meta name=\"twitter:card\" content=\"summary_large_image\" \/>\n<meta name=\"twitter:site\" content=\"@QuartixUSA\" \/>\n<meta name=\"twitter:label1\" content=\"Est. reading time\" \/>\n\t<meta name=\"twitter:data1\" content=\"7 minutes\" \/>\n<!-- \/ Yoast SEO Premium plugin. -->","yoast_head_json":{"title":"Bedingungen von Quartix f\u00fcr die Datenverarbeitung - DE","description":"Mehr \u00fcber die Quartix Begriffsbestimmungen zur Datenverarbeitung herausfinden.","robots":{"index":"index","follow":"follow","max-snippet":"max-snippet:-1","max-image-preview":"max-image-preview:large","max-video-preview":"max-video-preview:-1"},"canonical":"https:\/\/www.quartix.com\/de-de\/begriffsbestimmungen-datenverarbeitung\/","og_locale":"de_DE","og_type":"article","og_title":"Bedingungen von Quartix f\u00fcr die Datenverarbeitung","og_description":"Mehr \u00fcber die Quartix Begriffsbestimmungen zur Datenverarbeitung herausfinden.","og_url":"https:\/\/www.quartix.com\/de-de\/begriffsbestimmungen-datenverarbeitung\/","og_site_name":"Quartix","article_publisher":"https:\/\/www.facebook.com\/Quartix-USA-374426386097401\/","article_modified_time":"2025-10-09T15:37:45+00:00","twitter_card":"summary_large_image","twitter_site":"@QuartixUSA","twitter_misc":{"Est. reading time":"7 minutes"},"schema":{"@context":"https:\/\/schema.org","@graph":[{"@type":"WebPage","@id":"https:\/\/www.quartix.com\/de-de\/begriffsbestimmungen-datenverarbeitung\/","url":"https:\/\/www.quartix.com\/de-de\/begriffsbestimmungen-datenverarbeitung\/","name":"Bedingungen von Quartix f\u00fcr die Datenverarbeitung","isPartOf":{"@id":"https:\/\/www.quartix.com\/de-de\/#website"},"datePublished":"2019-07-19T06:22:16+00:00","dateModified":"2025-10-09T15:37:45+00:00","description":"Mehr \u00fcber die Quartix Begriffsbestimmungen zur Datenverarbeitung herausfinden.","breadcrumb":{"@id":"https:\/\/www.quartix.com\/de-de\/begriffsbestimmungen-datenverarbeitung\/#breadcrumb"},"inLanguage":"de-DE","potentialAction":[{"@type":"ReadAction","target":["https:\/\/www.quartix.com\/de-de\/begriffsbestimmungen-datenverarbeitung\/"]}]},{"@type":"BreadcrumbList","@id":"https:\/\/www.quartix.com\/de-de\/begriffsbestimmungen-datenverarbeitung\/#breadcrumb","itemListElement":[{"@type":"ListItem","position":1,"name":"Startseite","item":"https:\/\/www.quartix.com\/de-de\/die-nr-1-fahrzeugortungsloesung-fuer-flotten-jeder-groesse\/"},{"@type":"ListItem","position":2,"name":"Bedingungen von Quartix f\u00fcr die Datenverarbeitung"}]},{"@type":"WebSite","@id":"https:\/\/www.quartix.com\/de-de\/#website","url":"https:\/\/www.quartix.com\/de-de\/","name":"Quartix","description":"Real-time vehicle tracking","publisher":{"@id":"https:\/\/www.quartix.com\/de-de\/#organization"},"potentialAction":[{"@type":"SearchAction","target":{"@type":"EntryPoint","urlTemplate":"https:\/\/www.quartix.com\/de-de\/?s={search_term_string}"},"query-input":{"@type":"PropertyValueSpecification","valueRequired":true,"valueName":"search_term_string"}}],"inLanguage":"de-DE"},{"@type":"Organization","@id":"https:\/\/www.quartix.com\/de-de\/#organization","name":"Quartix","url":"https:\/\/www.quartix.com\/de-de\/","logo":{"@type":"ImageObject","inLanguage":"de-DE","@id":"https:\/\/www.quartix.com\/de-de\/#\/schema\/logo\/image\/","url":"https:\/\/www.quartix.com\/content\/uploads\/2019\/02\/quartix-logo-eur.svg","contentUrl":"https:\/\/www.quartix.com\/content\/uploads\/2019\/02\/quartix-logo-eur.svg","width":1,"height":1,"caption":"Quartix"},"image":{"@id":"https:\/\/www.quartix.com\/de-de\/#\/schema\/logo\/image\/"},"sameAs":["https:\/\/www.facebook.com\/Quartix-USA-374426386097401\/","https:\/\/x.com\/QuartixUSA","https:\/\/www.linkedin.com\/company\/5346733\/","https:\/\/www.youtube.com\/channel\/UCzS-_GMfHF4kWiCheyIRrAQ"]}]}},"_links":{"self":[{"href":"https:\/\/www.quartix.com\/de-de\/wp-json\/wp\/v2\/pages\/31209","targetHints":{"allow":["GET"]}}],"collection":[{"href":"https:\/\/www.quartix.com\/de-de\/wp-json\/wp\/v2\/pages"}],"about":[{"href":"https:\/\/www.quartix.com\/de-de\/wp-json\/wp\/v2\/types\/page"}],"author":[{"embeddable":true,"href":"https:\/\/www.quartix.com\/de-de\/wp-json\/wp\/v2\/users\/2"}],"replies":[{"embeddable":true,"href":"https:\/\/www.quartix.com\/de-de\/wp-json\/wp\/v2\/comments?post=31209"}],"version-history":[{"count":1,"href":"https:\/\/www.quartix.com\/de-de\/wp-json\/wp\/v2\/pages\/31209\/revisions"}],"predecessor-version":[{"id":125353,"href":"https:\/\/www.quartix.com\/de-de\/wp-json\/wp\/v2\/pages\/31209\/revisions\/125353"}],"wp:attachment":[{"href":"https:\/\/www.quartix.com\/de-de\/wp-json\/wp\/v2\/media?parent=31209"}],"wp:term":[{"taxonomy":"topic","embeddable":true,"href":"https:\/\/www.quartix.com\/de-de\/wp-json\/wp\/v2\/topic?post=31209"},{"taxonomy":"qtx_campaign","embeddable":true,"href":"https:\/\/www.quartix.com\/de-de\/wp-json\/wp\/v2\/qtx_campaign?post=31209"}],"curies":[{"name":"wp","href":"https:\/\/api.w.org\/{rel}","templated":true}]}}