{"id":32966,"date":"2019-08-16T12:14:25","date_gmt":"2019-08-16T12:14:25","guid":{"rendered":"https:\/\/www.quartix.com\/kostenlose-fahrzeugortung-fur-3-monate\/"},"modified":"2025-11-06T13:42:15","modified_gmt":"2025-11-06T12:42:15","slug":"kostenlose-fahrzeugortung-fur-3-monate","status":"publish","type":"page","link":"https:\/\/www.quartix.com\/de-de\/kostenlose-fahrzeugortung-fur-3-monate\/","title":{"rendered":"Kostenlose Fahrzeugortung f\u00fcr 3 Monate"},"content":{"rendered":"\n<div class=\"wp-block-columns is-layout-flex wp-container-core-columns-is-layout-28f84493 wp-block-columns-is-layout-flex\">\n<div class=\"wp-block-column is-layout-flow wp-block-column-is-layout-flow\">\n<h2 class=\"wp-block-heading\" id=\"h-was-erhalten-sie-von-quartix\">Was erhalten Sie von Quartix?<\/h2>\n\n\n\n<ul class=\"wp-block-list\">\n<li>Steigerung der Produktivit\u00e4t und Erfassung der Arbeitsstunden<\/li>\n\n\n\n<li>Verbesserung der Sicherheit Ihrer Mitarbeiter durch umfassende Fahrstil-Berichte<\/li>\n\n\n\n<li>Informiert sein, wenn Fahrer in definierte Zonen ein- oder ausfahren<\/li>\n\n\n\n<li>Angepasste Standortdaten und Benachrichtigungen per Email erhalten<\/li>\n<\/ul>\n\n\n\n<p>*Kostenlos f\u00fcr 3 Monate.<\/p>\n\n\n\n<figure class=\"wp-block-image\"><img decoding=\"async\" src=\" https:\/\/www.quartix.com\/content\/uploads\/2021\/01\/quartix_DE_screens_apps_image-768x438.png\" alt=\"\"\/><\/figure>\n<\/div>\n\n\n\n<div class=\"wp-block-column is-layout-flow wp-block-column-is-layout-flow\">\n<h2 class=\"wp-block-heading\" id=\"h-machen-sie-gebrauch-von-unserem-zeitlich-limitierten-angebot\">Machen Sie Gebrauch von unserem zeitlich limitierten Angebot!<\/h2>\n\n\n\n<div class=\"wpcf7 no-js\" id=\"wpcf7-f72408-o1\" lang=\"de-DE\" dir=\"ltr\" data-wpcf7-id=\"72408\">\n<div class=\"screen-reader-response\"><p role=\"status\" aria-live=\"polite\" aria-atomic=\"true\"><\/p> <ul><\/ul><\/div>\n<form action=\"\/de-de\/wp-json\/wp\/v2\/pages\/32966#wpcf7-f72408-o1\" method=\"post\" class=\"wpcf7-form init\" aria-label=\"Contact form\" novalidate=\"novalidate\" data-status=\"init\">\n<fieldset class=\"hidden-fields-container\"><input type=\"hidden\" name=\"_wpcf7\" value=\"72408\" \/><input type=\"hidden\" name=\"_wpcf7_version\" value=\"6.1.5\" \/><input type=\"hidden\" name=\"_wpcf7_locale\" value=\"de_DE\" \/><input type=\"hidden\" name=\"_wpcf7_unit_tag\" value=\"wpcf7-f72408-o1\" \/><input type=\"hidden\" name=\"_wpcf7_container_post\" value=\"0\" \/><input type=\"hidden\" name=\"_wpcf7_posted_data_hash\" value=\"\" \/><input type=\"hidden\" name=\"_wpcf7cf_hidden_group_fields\" value=\"[]\" \/><input type=\"hidden\" name=\"_wpcf7cf_hidden_groups\" value=\"[]\" \/><input type=\"hidden\" name=\"_wpcf7cf_visible_groups\" value=\"[]\" \/><input type=\"hidden\" name=\"_wpcf7cf_repeaters\" value=\"[]\" \/><input type=\"hidden\" name=\"_wpcf7cf_steps\" value=\"{}\" \/><input type=\"hidden\" name=\"_wpcf7cf_options\" value=\"{&quot;form_id&quot;:72408,&quot;conditions&quot;:[],&quot;settings&quot;:{&quot;animation&quot;:&quot;yes&quot;,&quot;animation_intime&quot;:200,&quot;animation_outtime&quot;:200,&quot;conditions_ui&quot;:&quot;normal&quot;,&quot;notice_dismissed&quot;:false,&quot;notice_dismissed_update-cf7-6.0&quot;:true,&quot;notice_dismissed_update-cf7-6.0.1&quot;:true,&quot;notice_dismissed_update-cf7-6.0.2&quot;:true,&quot;notice_dismissed_rollback-cf7-6.0.5&quot;:true}}\" \/><input type=\"hidden\" name=\"_wpcf7_recaptcha_response\" value=\"\" \/>\n<\/fieldset>\n<div class=\"input-wrapper\"><span class=\"icon icon-face\"><\/span><span class=\"wpcf7-form-control-wrap\" data-name=\"first_name\"><input size=\"40\" maxlength=\"400\" class=\"wpcf7-form-control wpcf7-text wpcf7-validates-as-required\" aria-required=\"true\" aria-invalid=\"false\" placeholder=\"Vorname *\" value=\"\" type=\"text\" name=\"first_name\" \/><\/span><span class=\"wpcf7-form-control-wrap\" data-name=\"last_name\"><input size=\"40\" maxlength=\"400\" class=\"wpcf7-form-control wpcf7-text wpcf7-validates-as-required\" aria-required=\"true\" aria-invalid=\"false\" placeholder=\"Nachname *\" value=\"\" type=\"text\" name=\"last_name\" \/><\/span><\/div>\n<div class=\"input-wrapper\"><span class=\"icon icon-envelope\"><\/span><span class=\"wpcf7-form-control-wrap\" data-name=\"email\"><input size=\"40\" maxlength=\"400\" class=\"wpcf7-form-control wpcf7-email wpcf7-validates-as-required wpcf7-text wpcf7-validates-as-email\" aria-required=\"true\" aria-invalid=\"false\" placeholder=\"E-Mail *\" value=\"\" type=\"email\" name=\"email\" \/><\/span><\/div>\n<div class=\"input-wrapper\"><span class=\"icon icon-company\"><\/span><span class=\"wpcf7-form-control-wrap\" data-name=\"company\"><input size=\"40\" maxlength=\"400\" class=\"wpcf7-form-control wpcf7-text wpcf7-validates-as-required\" aria-required=\"true\" aria-invalid=\"false\" placeholder=\"Firmenname *\" value=\"\" type=\"text\" name=\"company\" \/><\/span><\/div>\n<div class=\"input-wrapper\"><span class=\"icon icon-telephone\"><\/span><span class=\"wpcf7-form-control-wrap\" data-name=\"phone\"><input size=\"40\" maxlength=\"400\" class=\"wpcf7-form-control wpcf7-tel wpcf7-validates-as-required wpcf7-text wpcf7-validates-as-tel\" aria-required=\"true\" aria-invalid=\"false\" placeholder=\"Telefon *\" value=\"\" type=\"tel\" name=\"phone\" \/><\/span><\/div>\n<div class=\"input-wrapper\"><span class=\"icon icon-vehicles\"><\/span><span class=\"wpcf7-form-control-wrap\" data-name=\"number_of_vehicles\"><input class=\"wpcf7-form-control wpcf7-number wpcf7-validates-as-required wpcf7-validates-as-number\" min=\"1\" aria-required=\"true\" aria-invalid=\"false\" placeholder=\"Anzahl der Fahrzeuge *\" value=\"\" type=\"number\" name=\"number_of_vehicles\" \/><\/span><\/div>\n<input type=\"hidden\" name=\"thankyouURL\" value=\"\/de-de\/dankeschon-angebot\/\" class=\"wpcf7-form-control wpcf7-hidden\" id=\"thankyouURL\">\n<input class=\"wpcf7-form-control wpcf7-hidden\" value=\"\" type=\"hidden\" name=\"pardot_extra_field\" \/>\n<input type=\"hidden\" name=\"page_title\" value=\"No post title\" class=\"wpcf7-form-control wpcf7-hidden\">\n<div class=\"recatpcha-text\">Diese Website ist durch reCAPTCHA gesch\u00fctzt und es gelten die <a href=\"https:\/\/policies.google.com\/privacy?hl=de\">Datenschutzbestimmungen<\/a> und <a href=\"https:\/\/policies.google.com\/terms?hl=de\">Nutzungsbedingungen<\/a> von Google.<\/div>\n<div class=\"input-wrapper\"><input class=\"wpcf7-form-control wpcf7-submit has-spinner icon-plane\" type=\"submit\" value=\"3 Monate kostenlos\" \/><\/div><div class=\"wpcf7-response-output\" aria-hidden=\"true\"><\/div>\n<\/form>\n<\/div>\n\n<\/div>\n<\/div>\n\n\n<section  class=\"qtx-pagebuilder-section qtx-pagebuilder-section-blockquote qtx-pagebuilder-section-blockquote-green_testimonial_with_photo \">\r\n        <div class=\"green_testimonial_with_photo \">\r\n            <div class=\"img-container\">\r\n                <a href=\"https:\/\/www.quartix.com\/de-de\/fallstudien\/wie-baywa-r-e-seine-effizienz-um-40-pushte\/\" target=\"_blank\" title=\"\">                <img decoding=\"async\" src=\"https:\/\/www.quartix.com\/content\/uploads\/2024\/09\/Bayware-van.png\"\/>\r\n                <\/a>            <\/div>\r\n            <blockquote>\r\n                <a href=\"https:\/\/www.quartix.com\/de-de\/fallstudien\/wie-baywa-r-e-seine-effizienz-um-40-pushte\/\" target=\"_blank\" title=\"\"><\/a>                                <p>Die Sicherheit hat sich ebenfalls erheblich verbessert, wobei Vorf\u00e4lle im Zusammenhang mit unsachgem\u00e4\u00dfer Fahrzeugnutzung um 30 % reduziert wurden. Sicherheit hat f\u00fcr uns oberste Priorit\u00e4t, und Quartix hat uns die notwendigen Werkzeuge an die Hand gegeben, um sicherzustellen, dass unsere Fahrer sicher unterwegs sind.\u201c<\/p>\n                <footer>\r\n                   <cite class=\"author\">Tom\u00e1s Clemente<\/cite>\r\n                   <cite class=\"author_line_2\">Marketing- und HR-Spezialist bei BayWa r.e.<\/cite>\r\n                <\/footer>\r\n            <\/blockquote>\r\n        <\/div>\r\n        <\/section>\r\n\r\n\n\n\n<div class=\"wp-block-columns is-layout-flex wp-container-core-columns-is-layout-28f84493 wp-block-columns-is-layout-flex\">\n<div class=\"wp-block-column is-layout-flow wp-block-column-is-layout-flow\">\n<h2 class=\"wp-block-heading\" id=\"h-schnelle-und-messbare-einsparungen\">Schnelle und messbare Einsparungen<\/h2>\n\n\n\r\n<section  class=\"qtx-pagebuilder-section qtx-pagebuilder-section-list \">\r\n<ul class='ticks fa-ul' style=''><li><span class='fa-li'><i class='fas fa-check-circle'><\/i><\/span>Kraftstoffkosten um 25% senken<\/li><li><span class='fa-li'><i class='fas fa-check-circle'><\/i><\/span>Gesamtproduktivit\u00e4t um 15% steigern<\/li><li><span class='fa-li'><i class='fas fa-check-circle'><\/i><\/span>\u00dcberstunden der Arbeitnehmer um 15% reduzieren<\/li><li><span class='fa-li'><i class='fas fa-check-circle'><\/i><\/span>Fahrzeugauslastung um 20% verbessern<\/li><li><span class='fa-li'><i class='fas fa-check-circle'><\/i><\/span>Gesamtkilometerstand um 10% reduzieren<\/li><\/ul><\/section>\n\n\n<p>*Frost &amp; Sullivan 2015<\/p>\n<\/div>\n\n\n\n<div class=\"wp-block-column is-layout-flow wp-block-column-is-layout-flow\">\n<figure class=\"wp-block-image size-full\"><img loading=\"lazy\" decoding=\"async\" width=\"1364\" height=\"656\" src=\"https:\/\/www.quartix.com\/content\/uploads\/2025\/10\/live-tracking-de.gif\" alt=\"Screenshot of a Quartix vehicle tracking dashboard showing a map with vehicle locations near T\u00fcbingen, Germany, and a list of tracked vehicles on the right side.\" class=\"wp-image-125407\"\/><\/figure>\n<\/div>\n<\/div>\n\n\n\n<div class=\"wp-block-columns is-layout-flex wp-container-core-columns-is-layout-28f84493 wp-block-columns-is-layout-flex\">\n<div class=\"wp-block-column is-layout-flow wp-block-column-is-layout-flow\">\n<figure class=\"wp-block-image\"><img decoding=\"async\" src=\" https:\/\/www.quartix.com\/content\/uploads\/2019\/01\/experts-at-tracking.svg\" alt=\"\"\/><\/figure>\n<\/div>\n\n\n\n<div class=\"wp-block-column is-layout-flow wp-block-column-is-layout-flow\">\n<h2 class=\"wp-block-heading\" id=\"h-was-erhalten-sie-mit-diesem-angebot\">Was erhalten Sie mit diesem Angebot?<\/h2>\n\n\n\r\n<section  class=\"qtx-pagebuilder-section qtx-pagebuilder-section-list \">\r\n<ul class='ticks fa-ul' style=''><li><span class='fa-li'><i class='fas fa-check-circle'><\/i><\/span>12-monatige Vertragslaufzeit, bereits ab \u20ac 9,99 monatlich<\/li><li><span class='fa-li'><i class='fas fa-check-circle'><\/i><\/span>Keine automatische Verl\u00e4ngerung<\/li><li><span class='fa-li'><i class='fas fa-check-circle'><\/i><\/span>Einfache Selbstmontage<\/li><li><span class='fa-li'><i class='fas fa-check-circle'><\/i><\/span>Kostenlose Bereitstellung des Ortungsger\u00e4ts<\/li><li><span class='fa-li'><i class='fas fa-check-circle'><\/i><\/span>Erstklassige Kundenbetreuung<\/li><\/ul><\/section>\n\n\n<p><strong>Konditionen:<\/strong><\/p>\n\n\n\n<ul class=\"wp-block-list\">\n<li>Angebot gilt nur im ersten Jahr des Vertrages<\/li>\n\n\n\n<li>Angebot unterliegt den <a href=\"https:\/\/www.quartix.com\/de-de\/geschaftsbedingungen\/\" target=\"_blank\" rel=\"noopener\">Allgemeinen Gesch\u00e4ftsbedingungen<\/a> von Quartix<\/li>\n\n\n\n<li>Nicht in Verbindung mit anderen Angeboten g\u00fcltig<\/li>\n<\/ul>\n<\/div>\n<\/div>\n","protected":false},"excerpt":{"rendered":"<p>Was erhalten Sie von Quartix? *Kostenlos f\u00fcr 3 Monate. Machen Sie Gebrauch von unserem zeitlich limitierten Angebot! Schnelle und messbare Einsparungen *Frost &amp; Sullivan 2015 Was erhalten Sie mit diesem Angebot? Konditionen:<\/p>\n","protected":false},"author":6,"featured_media":0,"parent":0,"menu_order":6015,"comment_status":"closed","ping_status":"closed","template":"","meta":{"_acf_changed":false,"inline_featured_image":false,"footnotes":""},"topic":[],"qtx_campaign":[],"class_list":["post-32966","page","type-page","status-publish","hentry"],"acf":[],"yoast_head":"<!-- This site is optimized with the Yoast SEO Premium plugin v27.3 (Yoast SEO v27.3) - https:\/\/yoast.com\/product\/yoast-seo-premium-wordpress\/ -->\n<title>Kostenlose Fahrzeugortung f\u00fcr 3 Monate - DE<\/title>\n<meta name=\"robots\" content=\"noindex, nofollow\" \/>\n<meta property=\"og:locale\" content=\"de_DE\" \/>\n<meta property=\"og:type\" content=\"article\" \/>\n<meta property=\"og:title\" content=\"Kostenlose Fahrzeugortung f\u00fcr 3 Monate\" \/>\n<meta property=\"og:description\" content=\"Was erhalten Sie von Quartix? *Kostenlos f\u00fcr 3 Monate. Machen Sie Gebrauch von unserem zeitlich limitierten Angebot! Schnelle und messbare Einsparungen *Frost &amp; Sullivan 2015 Was erhalten Sie mit diesem Angebot? Konditionen:\" \/>\n<meta property=\"og:url\" content=\"https:\/\/www.quartix.com\/de-de\/kostenlose-fahrzeugortung-fur-3-monate\/\" \/>\n<meta property=\"og:site_name\" content=\"Quartix\" \/>\n<meta property=\"article:publisher\" content=\"https:\/\/www.facebook.com\/Quartix-USA-374426386097401\/\" \/>\n<meta property=\"article:modified_time\" content=\"2025-11-06T12:42:15+00:00\" \/>\n<meta property=\"og:image\" content=\"https:\/\/www.quartix.com\/content\/uploads\/2025\/10\/live-tracking-de.gif\" \/>\n<meta name=\"twitter:card\" content=\"summary_large_image\" \/>\n<meta name=\"twitter:site\" content=\"@QuartixUSA\" \/>\n<meta name=\"twitter:label1\" content=\"Est. reading time\" \/>\n\t<meta name=\"twitter:data1\" content=\"2 minutes\" \/>\n<!-- \/ Yoast SEO Premium plugin. -->","yoast_head_json":{"title":"Kostenlose Fahrzeugortung f\u00fcr 3 Monate - DE","robots":{"index":"noindex","follow":"nofollow"},"og_locale":"de_DE","og_type":"article","og_title":"Kostenlose Fahrzeugortung f\u00fcr 3 Monate","og_description":"Was erhalten Sie von Quartix? *Kostenlos f\u00fcr 3 Monate. Machen Sie Gebrauch von unserem zeitlich limitierten Angebot! Schnelle und messbare Einsparungen *Frost &amp; Sullivan 2015 Was erhalten Sie mit diesem Angebot? Konditionen:","og_url":"https:\/\/www.quartix.com\/de-de\/kostenlose-fahrzeugortung-fur-3-monate\/","og_site_name":"Quartix","article_publisher":"https:\/\/www.facebook.com\/Quartix-USA-374426386097401\/","article_modified_time":"2025-11-06T12:42:15+00:00","og_image":[{"url":"https:\/\/www.quartix.com\/content\/uploads\/2025\/10\/live-tracking-de.gif","type":"","width":"","height":""}],"twitter_card":"summary_large_image","twitter_site":"@QuartixUSA","twitter_misc":{"Est. reading time":"2 minutes"},"schema":{"@context":"https:\/\/schema.org","@graph":[{"@type":"WebPage","@id":"https:\/\/www.quartix.com\/de-de\/kostenlose-fahrzeugortung-fur-3-monate\/","url":"https:\/\/www.quartix.com\/de-de\/kostenlose-fahrzeugortung-fur-3-monate\/","name":"Kostenlose Fahrzeugortung f\u00fcr 3 Monate","isPartOf":{"@id":"https:\/\/www.quartix.com\/de-de\/#website"},"primaryImageOfPage":{"@id":"https:\/\/www.quartix.com\/de-de\/kostenlose-fahrzeugortung-fur-3-monate\/#primaryimage"},"image":{"@id":"https:\/\/www.quartix.com\/de-de\/kostenlose-fahrzeugortung-fur-3-monate\/#primaryimage"},"thumbnailUrl":"https:\/\/www.quartix.com\/content\/uploads\/2025\/10\/live-tracking-de.gif","datePublished":"2019-08-16T12:14:25+00:00","dateModified":"2025-11-06T12:42:15+00:00","breadcrumb":{"@id":"https:\/\/www.quartix.com\/de-de\/kostenlose-fahrzeugortung-fur-3-monate\/#breadcrumb"},"inLanguage":"de-DE","potentialAction":[{"@type":"ReadAction","target":["https:\/\/www.quartix.com\/de-de\/kostenlose-fahrzeugortung-fur-3-monate\/"]}]},{"@type":"ImageObject","inLanguage":"de-DE","@id":"https:\/\/www.quartix.com\/de-de\/kostenlose-fahrzeugortung-fur-3-monate\/#primaryimage","url":"https:\/\/www.quartix.com\/content\/uploads\/2025\/10\/live-tracking-de.gif","contentUrl":"https:\/\/www.quartix.com\/content\/uploads\/2025\/10\/live-tracking-de.gif"},{"@type":"BreadcrumbList","@id":"https:\/\/www.quartix.com\/de-de\/kostenlose-fahrzeugortung-fur-3-monate\/#breadcrumb","itemListElement":[{"@type":"ListItem","position":1,"name":"Startseite","item":"https:\/\/www.quartix.com\/de-de\/die-nr-1-fahrzeugortungsloesung-fuer-flotten-jeder-groesse\/"},{"@type":"ListItem","position":2,"name":"Kostenlose Fahrzeugortung f\u00fcr 3 Monate"}]},{"@type":"WebSite","@id":"https:\/\/www.quartix.com\/de-de\/#website","url":"https:\/\/www.quartix.com\/de-de\/","name":"Quartix","description":"Real-time vehicle tracking","publisher":{"@id":"https:\/\/www.quartix.com\/de-de\/#organization"},"potentialAction":[{"@type":"SearchAction","target":{"@type":"EntryPoint","urlTemplate":"https:\/\/www.quartix.com\/de-de\/?s={search_term_string}"},"query-input":{"@type":"PropertyValueSpecification","valueRequired":true,"valueName":"search_term_string"}}],"inLanguage":"de-DE"},{"@type":"Organization","@id":"https:\/\/www.quartix.com\/de-de\/#organization","name":"Quartix","url":"https:\/\/www.quartix.com\/de-de\/","logo":{"@type":"ImageObject","inLanguage":"de-DE","@id":"https:\/\/www.quartix.com\/de-de\/#\/schema\/logo\/image\/","url":"https:\/\/www.quartix.com\/content\/uploads\/2019\/02\/quartix-logo-eur.svg","contentUrl":"https:\/\/www.quartix.com\/content\/uploads\/2019\/02\/quartix-logo-eur.svg","width":1,"height":1,"caption":"Quartix"},"image":{"@id":"https:\/\/www.quartix.com\/de-de\/#\/schema\/logo\/image\/"},"sameAs":["https:\/\/www.facebook.com\/Quartix-USA-374426386097401\/","https:\/\/x.com\/QuartixUSA","https:\/\/www.linkedin.com\/company\/5346733\/","https:\/\/www.youtube.com\/channel\/UCzS-_GMfHF4kWiCheyIRrAQ"]}]}},"_links":{"self":[{"href":"https:\/\/www.quartix.com\/de-de\/wp-json\/wp\/v2\/pages\/32966","targetHints":{"allow":["GET"]}}],"collection":[{"href":"https:\/\/www.quartix.com\/de-de\/wp-json\/wp\/v2\/pages"}],"about":[{"href":"https:\/\/www.quartix.com\/de-de\/wp-json\/wp\/v2\/types\/page"}],"author":[{"embeddable":true,"href":"https:\/\/www.quartix.com\/de-de\/wp-json\/wp\/v2\/users\/6"}],"replies":[{"embeddable":true,"href":"https:\/\/www.quartix.com\/de-de\/wp-json\/wp\/v2\/comments?post=32966"}],"version-history":[{"count":13,"href":"https:\/\/www.quartix.com\/de-de\/wp-json\/wp\/v2\/pages\/32966\/revisions"}],"predecessor-version":[{"id":125962,"href":"https:\/\/www.quartix.com\/de-de\/wp-json\/wp\/v2\/pages\/32966\/revisions\/125962"}],"wp:attachment":[{"href":"https:\/\/www.quartix.com\/de-de\/wp-json\/wp\/v2\/media?parent=32966"}],"wp:term":[{"taxonomy":"topic","embeddable":true,"href":"https:\/\/www.quartix.com\/de-de\/wp-json\/wp\/v2\/topic?post=32966"},{"taxonomy":"qtx_campaign","embeddable":true,"href":"https:\/\/www.quartix.com\/de-de\/wp-json\/wp\/v2\/qtx_campaign?post=32966"}],"curies":[{"name":"wp","href":"https:\/\/api.w.org\/{rel}","templated":true}]}}