{"id":33540,"date":"2019-09-10T12:54:41","date_gmt":"2019-09-10T12:54:41","guid":{"rendered":"https:\/\/www.quartix.com\/?page_id=33540"},"modified":"2026-01-28T10:35:28","modified_gmt":"2026-01-28T09:35:28","slug":"kundenempfehlung","status":"publish","type":"page","link":"https:\/\/www.quartix.com\/de-de\/kundenempfehlung\/","title":{"rendered":"Kundenempfehlung"},"content":{"rendered":"\n<div class=\"wp-block-columns is-layout-flex wp-container-core-columns-is-layout-28f84493 wp-block-columns-is-layout-flex\">\n<div class=\"wp-block-column is-layout-flow wp-block-column-is-layout-flow\">\n<h2 class=\"wp-block-heading\" id=\"h-sie-sind-mit-quartix-zufrieden-sagen-sie-es-weiter\">Sie sind mit Quartix zufrieden, sagen Sie es weiter!<\/h2>\n\n\n\n<p>Haben Sie einen Freund oder Gesch\u00e4ftskontakt, welcher von Quartix Fahrzeugortung profitieren k\u00f6nnte? Informieren Sie uns. Wir belohnen alle Kunden, die uns Neukunden bringen. Verpassen Sie nicht diese Gelegenheit!<\/p>\n\n\n\n<p>Jemanden weiterempfehlen ist so einfach.<\/p>\n\n\n\n<ol class=\"wp-block-list\">\n<li>Tragen Sie nachstehend Ihre Details ein (damit wir wissen, wer den Bonus erhalten soll).<\/li>\n\n\n\n<li>Bitte teilen Sie uns die Details Ihres Kontaktes mit (damit wir pr\u00fcfen k\u00f6nnen, ob Interesse besteht).<\/li>\n<\/ol>\n\n\n\n<p>F\u00fcr den Fall, dass Ihr Kontakt sich entscheidet, einen 12-monatigen Vertrag abzuschlie\u00dfen, erhalten Sie f\u00fcr jedes Fahrzeug im Erstauftrag eine Gutschrift im Wert von \u20ac 30,00. Diese kann mit Quartix Rechnungen verrechnet werden.<\/p>\n\n\n\n<p>Es gibt keine Beschr\u00e4nkung f\u00fcr die Anzahl der empfohlenen Unternehmen.<\/p>\n\n\n\n<p>Beginnen Sie heute und verdienen sich Ihren Bonus \u2013 teilen Sie uns mit, wer m\u00f6glicherweise von unserer Fahrzeugortung profitieren kann!<\/p>\n\n\n\n<p>Die allgemeinen Gesch\u00e4ftsbedingungen sind Bestandteil der Vereinbarung.<\/p>\n<\/div>\n\n\n\n<div class=\"wp-block-column is-layout-flow wp-block-column-is-layout-flow\">\n<figure class=\"wp-block-image size-full\"><img loading=\"lazy\" decoding=\"async\" width=\"600\" height=\"700\" src=\"https:\/\/www.quartix.com\/content\/uploads\/2026\/01\/DE_2601_single.png\" alt=\"Two people shake hands in front of vehicles. Text in German promotes Quartix, offering einen \u20ac30 Rabatt f\u00fcr jede Kundenempfehlung\u2014empfehlen Sie Gesch\u00e4ftskunden oder Selbst\u00e4ndige und profitieren Sie noch heute!.\" class=\"wp-image-128184\" srcset=\"https:\/\/www.quartix.com\/content\/uploads\/2026\/01\/DE_2601_single.png 600w, https:\/\/www.quartix.com\/content\/uploads\/2026\/01\/DE_2601_single-257x300.png 257w\" sizes=\"auto, (max-width: 600px) 100vw, 600px\" \/><\/figure>\n\n\n\r\n<section  class=\"qtx-pagebuilder-section qtx-pagebuilder-section-list \">\r\n<ul class='ticks fa-ul' style='0'><li><span class='fa-li'><i class='fas fa-check-circle'><\/i><\/span>Senden Sie uns die Details der Person.<\/li><li><span class='fa-li'><i class='fas fa-check-circle'><\/i><\/span>Sie registrieren sich mit uns.<\/li><li><span class='fa-li'><i class='fas fa-check-circle'><\/i><\/span>Sie erhalten \u20ac30,00 f\u00fcr jedes Ger\u00e4t in der ersten Bestellung.<\/li><\/ul><\/section><\/div>\n<\/div>\n\n\n\n<div class=\"wp-block-columns is-layout-flex wp-container-core-columns-is-layout-28f84493 wp-block-columns-is-layout-flex\">\n<div class=\"wp-block-column is-layout-flow wp-block-column-is-layout-flow\">\n<figure class=\"wp-block-image size-large\"><img loading=\"lazy\" decoding=\"async\" width=\"1000\" height=\"1000\" src=\"https:\/\/www.quartix.com\/content\/uploads\/2024\/09\/Woman-fleet-manager-1000x1000.png\" alt=\"\" class=\"wp-image-109141\" srcset=\"https:\/\/www.quartix.com\/content\/uploads\/2024\/09\/Woman-fleet-manager-1000x1000.png 1000w, https:\/\/www.quartix.com\/content\/uploads\/2024\/09\/Woman-fleet-manager-300x300.png 300w, https:\/\/www.quartix.com\/content\/uploads\/2024\/09\/Woman-fleet-manager-150x150.png 150w, https:\/\/www.quartix.com\/content\/uploads\/2024\/09\/Woman-fleet-manager-768x768.png 768w, https:\/\/www.quartix.com\/content\/uploads\/2024\/09\/Woman-fleet-manager.png 1080w\" sizes=\"auto, (max-width: 1000px) 100vw, 1000px\" \/><\/figure>\n\n\n\n<p>Dieses Angebot gilt nur f\u00fcr diejenigen Kunden, mit welchen wir nicht bereits im Gespr\u00e4ch sind. Ein Kontakt kann nur einmal weiterempfohlen werden und das Angebot gilt nur f\u00fcr maximal 200 Ger\u00e4te pro Empfehlung. Das Angebot gilt nur f\u00fcr den Erstauftrag des empfohlenen Kontakt und nicht f\u00fcr Folgeauftr\u00e4ge. Es gibt keine M\u00f6glichkeit der Auszahlung in bar und der Bonus kann nur mit Quartix Rechnungen verrechnet werden.<\/p>\n\n\n\n<p><\/p>\n<\/div>\n\n\n\n<div class=\"wp-block-column is-layout-flow wp-block-column-is-layout-flow\">\n<h2 class=\"wp-block-heading\" id=\"h-quartix-freunden-empfehlen\">Quartix Freunden empfehlen<\/h2>\n\n\n\n<p>Bitte tragen Sie Ihre Kontaktdaten, sowie die Person, die Sie weiterempfehlen m\u00f6chten (einschlie\u00dflich deren Kontaktdaten) in den nachstehenden Feldern ein.<\/p>\n\n\n\n<div class=\"wpcf7 no-js\" id=\"wpcf7-f72397-o1\" lang=\"de-DE\" dir=\"ltr\" data-wpcf7-id=\"72397\">\n<div class=\"screen-reader-response\"><p role=\"status\" aria-live=\"polite\" aria-atomic=\"true\"><\/p> <ul><\/ul><\/div>\n<form action=\"\/de-de\/wp-json\/wp\/v2\/pages\/33540#wpcf7-f72397-o1\" method=\"post\" class=\"wpcf7-form init\" aria-label=\"Contact form\" novalidate=\"novalidate\" data-status=\"init\">\n<fieldset class=\"hidden-fields-container\"><input type=\"hidden\" name=\"_wpcf7\" value=\"72397\" \/><input type=\"hidden\" name=\"_wpcf7_version\" value=\"6.1.5\" \/><input type=\"hidden\" name=\"_wpcf7_locale\" value=\"de_DE\" \/><input type=\"hidden\" name=\"_wpcf7_unit_tag\" value=\"wpcf7-f72397-o1\" \/><input type=\"hidden\" name=\"_wpcf7_container_post\" value=\"0\" \/><input type=\"hidden\" name=\"_wpcf7_posted_data_hash\" value=\"\" \/><input type=\"hidden\" name=\"_wpcf7cf_hidden_group_fields\" value=\"[]\" \/><input type=\"hidden\" name=\"_wpcf7cf_hidden_groups\" value=\"[]\" \/><input type=\"hidden\" name=\"_wpcf7cf_visible_groups\" value=\"[]\" \/><input type=\"hidden\" name=\"_wpcf7cf_repeaters\" value=\"[]\" \/><input type=\"hidden\" name=\"_wpcf7cf_steps\" value=\"{}\" \/><input type=\"hidden\" name=\"_wpcf7cf_options\" value=\"{&quot;form_id&quot;:72397,&quot;conditions&quot;:[],&quot;settings&quot;:{&quot;animation&quot;:&quot;yes&quot;,&quot;animation_intime&quot;:200,&quot;animation_outtime&quot;:200,&quot;conditions_ui&quot;:&quot;normal&quot;,&quot;notice_dismissed&quot;:false,&quot;notice_dismissed_update-cf7-6.0&quot;:true,&quot;notice_dismissed_update-cf7-6.0.1&quot;:true,&quot;notice_dismissed_update-cf7-6.0.2&quot;:true,&quot;notice_dismissed_rollback-cf7-6.0.5&quot;:true}}\" \/><input type=\"hidden\" name=\"_wpcf7_recaptcha_response\" value=\"\" \/>\n<\/fieldset>\n<div class=\"input-wrapper\"><span class=\"icon icon-face\"><\/span><span class=\"wpcf7-form-control-wrap\" data-name=\"first_name\"><input size=\"40\" maxlength=\"400\" class=\"wpcf7-form-control wpcf7-text wpcf7-validates-as-required\" aria-required=\"true\" aria-invalid=\"false\" placeholder=\"Vorname *\" value=\"\" type=\"text\" name=\"first_name\" \/><\/span><span class=\"wpcf7-form-control-wrap\" data-name=\"last_name\"><input size=\"40\" maxlength=\"400\" class=\"wpcf7-form-control wpcf7-text wpcf7-validates-as-required\" aria-required=\"true\" aria-invalid=\"false\" placeholder=\"Nachname *\" value=\"\" type=\"text\" name=\"last_name\" \/><\/span><\/div>\n<div class=\"input-wrapper\"><span class=\"icon icon-envelope\"><\/span><span class=\"wpcf7-form-control-wrap\" data-name=\"email\"><input size=\"40\" maxlength=\"400\" class=\"wpcf7-form-control wpcf7-email wpcf7-validates-as-required wpcf7-text wpcf7-validates-as-email\" aria-required=\"true\" aria-invalid=\"false\" placeholder=\"E-Mail *\" value=\"\" type=\"email\" name=\"email\" \/><\/span><\/div>\n<div class=\"input-wrapper\"><span class=\"icon icon-company\"><\/span><span class=\"wpcf7-form-control-wrap\" data-name=\"company\"><input size=\"40\" maxlength=\"400\" class=\"wpcf7-form-control wpcf7-text wpcf7-validates-as-required\" aria-required=\"true\" aria-invalid=\"false\" placeholder=\"Firmenname *\" value=\"\" type=\"text\" name=\"company\" \/><\/span><\/div>\n<div class=\"input-wrapper\"><span class=\"icon icon-telephone\"><\/span><span class=\"wpcf7-form-control-wrap\" data-name=\"phone\"><input size=\"40\" maxlength=\"400\" class=\"wpcf7-form-control wpcf7-tel wpcf7-validates-as-required wpcf7-text wpcf7-validates-as-tel\" aria-required=\"true\" aria-invalid=\"false\" placeholder=\"Telefon *\" value=\"\" type=\"tel\" name=\"phone\" \/><\/span><\/div>\n<div class=\"input-wrapper\"><span class=\"wpcf7-form-control-wrap\" data-name=\"referral_name\"><input size=\"40\" maxlength=\"400\" class=\"wpcf7-form-control wpcf7-text wpcf7-validates-as-required\" aria-required=\"true\" aria-invalid=\"false\" placeholder=\"Kundenempfehlung Vorname *\" value=\"\" type=\"text\" name=\"referral_name\" \/><\/span><\/div>\n<div class=\"input-wrapper\"><span class=\"wpcf7-form-control-wrap\" data-name=\"referral_last_name\"><input size=\"40\" maxlength=\"400\" class=\"wpcf7-form-control wpcf7-text wpcf7-validates-as-required\" aria-required=\"true\" aria-invalid=\"false\" placeholder=\"Kundenempfehlung Nachname *\" value=\"\" type=\"text\" name=\"referral_last_name\" \/><\/span><\/div>\n<div class=\"input-wrapper\"><span class=\"wpcf7-form-control-wrap\" data-name=\"referral_email\"><input size=\"40\" maxlength=\"400\" class=\"wpcf7-form-control wpcf7-email wpcf7-validates-as-required wpcf7-text wpcf7-validates-as-email\" aria-required=\"true\" aria-invalid=\"false\" placeholder=\"Kundenempfehlung Firmenname *\" value=\"\" type=\"email\" name=\"referral_email\" \/><\/span><\/div>\n<div class=\"input-wrapper\"><span class=\"wpcf7-form-control-wrap\" data-name=\"referral_company\"><input size=\"40\" maxlength=\"400\" class=\"wpcf7-form-control wpcf7-text wpcf7-validates-as-required\" aria-required=\"true\" aria-invalid=\"false\" placeholder=\"Firmenname *\" value=\"\" type=\"text\" name=\"referral_company\" \/><\/span><\/div>\n<div class=\"input-wrapper\"><span class=\"wpcf7-form-control-wrap\" data-name=\"referral_phone\"><input size=\"40\" maxlength=\"400\" class=\"wpcf7-form-control wpcf7-tel wpcf7-validates-as-required wpcf7-text wpcf7-validates-as-tel\" aria-required=\"true\" aria-invalid=\"false\" placeholder=\"Kundenempfehlung Telefon *\" value=\"\" type=\"tel\" name=\"referral_phone\" \/><\/span><\/div>\n<input type=\"hidden\" name=\"thankyouURL\" value=\"\/de-de\/erfolgreiche-kundenempfehlung\/\" class=\"wpcf7-form-control wpcf7-hidden\" id=\"thankyouURL\">\n<input class=\"wpcf7-form-control wpcf7-hidden\" value=\"\" type=\"hidden\" name=\"pardot_extra_field\" \/>\n<input type=\"hidden\" name=\"page_title\" value=\"No post title\" class=\"wpcf7-form-control wpcf7-hidden\">\n<div class=\"recatpcha-text\">Diese Website ist durch reCAPTCHA gesch\u00fctzt und es gelten die <a href=\"https:\/\/policies.google.com\/privacy?hl=de\">Datenschutzbestimmungen<\/a> und <a href=\"https:\/\/policies.google.com\/terms?hl=de\">Nutzungsbedingungen<\/a> von Google.<\/div>\n<div class=\"input-wrapper\"><input class=\"wpcf7-form-control wpcf7-submit has-spinner icon-plane\" type=\"submit\" value=\"Quartix Freunden empfehlen\" \/><\/div><div class=\"wpcf7-response-output\" aria-hidden=\"true\"><\/div>\n<\/form>\n<\/div>\n\n<\/div>\n<\/div>\n","protected":false},"excerpt":{"rendered":"<p>Sie sind mit Quartix zufrieden, sagen Sie es weiter! Haben Sie einen Freund oder Gesch\u00e4ftskontakt, welcher von Quartix Fahrzeugortung profitieren k\u00f6nnte? Informieren Sie uns. Wir belohnen alle Kunden, die uns Neukunden bringen. Verpassen Sie nicht diese Gelegenheit! Jemanden weiterempfehlen ist so einfach. F\u00fcr den Fall, dass Ihr Kontakt sich entscheidet, einen 12-monatigen Vertrag abzuschlie\u00dfen, erhalten [&hellip;]<\/p>\n","protected":false},"author":6,"featured_media":0,"parent":0,"menu_order":900,"comment_status":"closed","ping_status":"closed","template":"","meta":{"_acf_changed":false,"inline_featured_image":false,"footnotes":""},"topic":[],"qtx_campaign":[],"class_list":["post-33540","page","type-page","status-publish","hentry"],"acf":[],"yoast_head":"<!-- This site is optimized with the Yoast SEO Premium plugin v27.3 (Yoast SEO v27.3) - https:\/\/yoast.com\/product\/yoast-seo-premium-wordpress\/ -->\n<title>\u20ac30 pro Fahrzeug mit einer Weiterempfehlung von Quartix sparen - DE<\/title>\n<meta name=\"description\" content=\"F\u00fcr den Fall, dass Ihr Kontakt sich entscheidet, einen 12-monatigen Vertrag abzuschlie\u00dfen, erhalten Sie f\u00fcr jedes Fahrzeug im Erstauftrag eine Gutschrift im Wert von \u20ac 30,00. Diese kann mit Quartix Rechnungen verrechnet werden. Es gibt keine Beschr\u00e4nkung f\u00fcr die Anzahl der empfohlenen Organisiationen.\" \/>\n<meta name=\"robots\" content=\"index, follow, max-snippet:-1, max-image-preview:large, max-video-preview:-1\" \/>\n<link rel=\"canonical\" href=\"https:\/\/www.quartix.com\/de-de\/kundenempfehlung\/\" \/>\n<meta property=\"og:locale\" content=\"de_DE\" \/>\n<meta property=\"og:type\" content=\"article\" \/>\n<meta property=\"og:title\" content=\"Kundenempfehlung\" \/>\n<meta property=\"og:description\" content=\"F\u00fcr den Fall, dass Ihr Kontakt sich entscheidet, einen 12-monatigen Vertrag abzuschlie\u00dfen, erhalten Sie f\u00fcr jedes Fahrzeug im Erstauftrag eine Gutschrift im Wert von \u20ac 30,00. Diese kann mit Quartix Rechnungen verrechnet werden. Es gibt keine Beschr\u00e4nkung f\u00fcr die Anzahl der empfohlenen Organisiationen.\" \/>\n<meta property=\"og:url\" content=\"https:\/\/www.quartix.com\/de-de\/kundenempfehlung\/\" \/>\n<meta property=\"og:site_name\" content=\"Quartix\" \/>\n<meta property=\"article:publisher\" content=\"https:\/\/www.facebook.com\/Quartix-USA-374426386097401\/\" \/>\n<meta property=\"article:modified_time\" content=\"2026-01-28T09:35:28+00:00\" \/>\n<meta property=\"og:image\" content=\"https:\/\/www.quartix.com\/content\/uploads\/2026\/01\/DE_2601_single.png\" \/>\n<meta name=\"twitter:card\" content=\"summary_large_image\" \/>\n<meta name=\"twitter:site\" content=\"@QuartixUSA\" \/>\n<meta name=\"twitter:label1\" content=\"Est. reading time\" \/>\n\t<meta name=\"twitter:data1\" content=\"2 minutes\" \/>\n<!-- \/ Yoast SEO Premium plugin. -->","yoast_head_json":{"title":"\u20ac30 pro Fahrzeug mit einer Weiterempfehlung von Quartix sparen - DE","description":"F\u00fcr den Fall, dass Ihr Kontakt sich entscheidet, einen 12-monatigen Vertrag abzuschlie\u00dfen, erhalten Sie f\u00fcr jedes Fahrzeug im Erstauftrag eine Gutschrift im Wert von \u20ac 30,00. Diese kann mit Quartix Rechnungen verrechnet werden. Es gibt keine Beschr\u00e4nkung f\u00fcr die Anzahl der empfohlenen Organisiationen.","robots":{"index":"index","follow":"follow","max-snippet":"max-snippet:-1","max-image-preview":"max-image-preview:large","max-video-preview":"max-video-preview:-1"},"canonical":"https:\/\/www.quartix.com\/de-de\/kundenempfehlung\/","og_locale":"de_DE","og_type":"article","og_title":"Kundenempfehlung","og_description":"F\u00fcr den Fall, dass Ihr Kontakt sich entscheidet, einen 12-monatigen Vertrag abzuschlie\u00dfen, erhalten Sie f\u00fcr jedes Fahrzeug im Erstauftrag eine Gutschrift im Wert von \u20ac 30,00. Diese kann mit Quartix Rechnungen verrechnet werden. Es gibt keine Beschr\u00e4nkung f\u00fcr die Anzahl der empfohlenen Organisiationen.","og_url":"https:\/\/www.quartix.com\/de-de\/kundenempfehlung\/","og_site_name":"Quartix","article_publisher":"https:\/\/www.facebook.com\/Quartix-USA-374426386097401\/","article_modified_time":"2026-01-28T09:35:28+00:00","og_image":[{"url":"https:\/\/www.quartix.com\/content\/uploads\/2026\/01\/DE_2601_single.png","type":"","width":"","height":""}],"twitter_card":"summary_large_image","twitter_site":"@QuartixUSA","twitter_misc":{"Est. reading time":"2 minutes"},"schema":{"@context":"https:\/\/schema.org","@graph":[{"@type":"WebPage","@id":"https:\/\/www.quartix.com\/de-de\/kundenempfehlung\/","url":"https:\/\/www.quartix.com\/de-de\/kundenempfehlung\/","name":"\u20ac30 pro Fahrzeug mit einer Weiterempfehlung von Quartix sparen","isPartOf":{"@id":"https:\/\/www.quartix.com\/de-de\/#website"},"primaryImageOfPage":{"@id":"https:\/\/www.quartix.com\/de-de\/kundenempfehlung\/#primaryimage"},"image":{"@id":"https:\/\/www.quartix.com\/de-de\/kundenempfehlung\/#primaryimage"},"thumbnailUrl":"https:\/\/www.quartix.com\/content\/uploads\/2026\/01\/DE_2601_single.png","datePublished":"2019-09-10T12:54:41+00:00","dateModified":"2026-01-28T09:35:28+00:00","description":"F\u00fcr den Fall, dass Ihr Kontakt sich entscheidet, einen 12-monatigen Vertrag abzuschlie\u00dfen, erhalten Sie f\u00fcr jedes Fahrzeug im Erstauftrag eine Gutschrift im Wert von \u20ac 30,00. Diese kann mit Quartix Rechnungen verrechnet werden. Es gibt keine Beschr\u00e4nkung f\u00fcr die Anzahl der empfohlenen Organisiationen.","breadcrumb":{"@id":"https:\/\/www.quartix.com\/de-de\/kundenempfehlung\/#breadcrumb"},"inLanguage":"de-DE","potentialAction":[{"@type":"ReadAction","target":["https:\/\/www.quartix.com\/de-de\/kundenempfehlung\/"]}]},{"@type":"ImageObject","inLanguage":"de-DE","@id":"https:\/\/www.quartix.com\/de-de\/kundenempfehlung\/#primaryimage","url":"https:\/\/www.quartix.com\/content\/uploads\/2026\/01\/DE_2601_single.png","contentUrl":"https:\/\/www.quartix.com\/content\/uploads\/2026\/01\/DE_2601_single.png"},{"@type":"BreadcrumbList","@id":"https:\/\/www.quartix.com\/de-de\/kundenempfehlung\/#breadcrumb","itemListElement":[{"@type":"ListItem","position":1,"name":"Startseite","item":"https:\/\/www.quartix.com\/de-de\/"},{"@type":"ListItem","position":2,"name":"Kundenempfehlung"}]},{"@type":"WebSite","@id":"https:\/\/www.quartix.com\/de-de\/#website","url":"https:\/\/www.quartix.com\/de-de\/","name":"Quartix","description":"Real-time vehicle tracking","publisher":{"@id":"https:\/\/www.quartix.com\/de-de\/#organization"},"potentialAction":[{"@type":"SearchAction","target":{"@type":"EntryPoint","urlTemplate":"https:\/\/www.quartix.com\/de-de\/?s={search_term_string}"},"query-input":{"@type":"PropertyValueSpecification","valueRequired":true,"valueName":"search_term_string"}}],"inLanguage":"de-DE"},{"@type":"Organization","@id":"https:\/\/www.quartix.com\/de-de\/#organization","name":"Quartix","url":"https:\/\/www.quartix.com\/de-de\/","logo":{"@type":"ImageObject","inLanguage":"de-DE","@id":"https:\/\/www.quartix.com\/de-de\/#\/schema\/logo\/image\/","url":"https:\/\/www.quartix.com\/content\/uploads\/2019\/02\/quartix-logo-eur.svg","contentUrl":"https:\/\/www.quartix.com\/content\/uploads\/2019\/02\/quartix-logo-eur.svg","width":1,"height":1,"caption":"Quartix"},"image":{"@id":"https:\/\/www.quartix.com\/de-de\/#\/schema\/logo\/image\/"},"sameAs":["https:\/\/www.facebook.com\/Quartix-USA-374426386097401\/","https:\/\/x.com\/QuartixUSA","https:\/\/www.linkedin.com\/company\/5346733\/","https:\/\/www.youtube.com\/channel\/UCzS-_GMfHF4kWiCheyIRrAQ"]}]}},"_links":{"self":[{"href":"https:\/\/www.quartix.com\/de-de\/wp-json\/wp\/v2\/pages\/33540","targetHints":{"allow":["GET"]}}],"collection":[{"href":"https:\/\/www.quartix.com\/de-de\/wp-json\/wp\/v2\/pages"}],"about":[{"href":"https:\/\/www.quartix.com\/de-de\/wp-json\/wp\/v2\/types\/page"}],"author":[{"embeddable":true,"href":"https:\/\/www.quartix.com\/de-de\/wp-json\/wp\/v2\/users\/6"}],"replies":[{"embeddable":true,"href":"https:\/\/www.quartix.com\/de-de\/wp-json\/wp\/v2\/comments?post=33540"}],"version-history":[{"count":12,"href":"https:\/\/www.quartix.com\/de-de\/wp-json\/wp\/v2\/pages\/33540\/revisions"}],"predecessor-version":[{"id":128195,"href":"https:\/\/www.quartix.com\/de-de\/wp-json\/wp\/v2\/pages\/33540\/revisions\/128195"}],"wp:attachment":[{"href":"https:\/\/www.quartix.com\/de-de\/wp-json\/wp\/v2\/media?parent=33540"}],"wp:term":[{"taxonomy":"topic","embeddable":true,"href":"https:\/\/www.quartix.com\/de-de\/wp-json\/wp\/v2\/topic?post=33540"},{"taxonomy":"qtx_campaign","embeddable":true,"href":"https:\/\/www.quartix.com\/de-de\/wp-json\/wp\/v2\/qtx_campaign?post=33540"}],"curies":[{"name":"wp","href":"https:\/\/api.w.org\/{rel}","templated":true}]}}