{"id":33547,"date":"2019-09-10T12:54:13","date_gmt":"2019-09-10T12:54:13","guid":{"rendered":"https:\/\/www.quartix.com\/?page_id=33547"},"modified":"2026-02-11T15:45:12","modified_gmt":"2026-02-11T14:45:12","slug":"erfolgreiche-kundenempfehlung","status":"publish","type":"page","link":"https:\/\/www.quartix.com\/de-de\/erfolgreiche-kundenempfehlung\/","title":{"rendered":"Erfolgreiche Kundenempfehlung"},"content":{"rendered":"\n<h2 class=\"wp-block-heading has-text-align-center\" id=\"h-wir-haben-ihre-weiterempfehlung-erhalten\">Wir haben Ihre Weiterempfehlung erhalten!<\/h2>\n\n\n\n<p class=\"has-text-align-center\">Sobald sich Ihr Kontakt registriert hat, werden wir Sie kontaktieren, um den Bonus zu best\u00e4tigen!<\/p>\n\n\n\n<p class=\"has-text-align-center\">In der Zwischenzeit, k\u00f6nnen Sie gern weitere Kontakte empfehlen, denn es gibt keine Beschr\u00e4nkungen f\u00fcr Anzahl der Weiterempfehlungen.<\/p>\n\n\n\n<p class=\"has-text-align-center\">Vergessen Sie nicht&#8230;es sind 30,00 \u20ac f\u00fcr jedes Fahrzeug, welches f\u00fcr Quartix Fahrzeugortung registriert wird!<\/p>\n\n\n\n<p class=\"has-text-align-center\">Zur\u00fcck zum <a href=\"https:\/\/www.quartix.com\/de-de\/kundenempfehlung\/\">Formular Kundenempfehlung<\/a>.<\/p>\n\n\n\n<p class=\"has-text-align-center\">Sie k\u00f6nnen den aktuellen Stand Ihrer Weiterempfehlung abfragen, indem Sie Ihren Kundenbetreuer kontaktieren oder eine E-Mail an <a href=\"mailto:anfragen@quartix.de\">anfragen@quartix.de<\/a> senden.<\/p>\n","protected":false},"excerpt":{"rendered":"<p>Wir haben Ihre Weiterempfehlung erhalten! Sobald sich Ihr Kontakt registriert hat, werden wir Sie kontaktieren, um den Bonus zu best\u00e4tigen! In der Zwischenzeit, k\u00f6nnen Sie gern weitere Kontakte empfehlen, denn es gibt keine Beschr\u00e4nkungen f\u00fcr Anzahl der Weiterempfehlungen. Vergessen Sie nicht&#8230;es sind 30,00 \u20ac f\u00fcr jedes Fahrzeug, welches f\u00fcr Quartix Fahrzeugortung registriert wird! Zur\u00fcck zum [&hellip;]<\/p>\n","protected":false},"author":2,"featured_media":0,"parent":0,"menu_order":905,"comment_status":"closed","ping_status":"closed","template":"","meta":{"_acf_changed":false,"inline_featured_image":false,"footnotes":""},"topic":[],"qtx_campaign":[],"class_list":["post-33547","page","type-page","status-publish","hentry"],"acf":[],"yoast_head":"<!-- This site is optimized with the Yoast SEO Premium plugin v27.3 (Yoast SEO v27.3) - https:\/\/yoast.com\/product\/yoast-seo-premium-wordpress\/ -->\n<title>Erfolgreiche Kundenempfehlung - DE<\/title>\n<meta name=\"robots\" content=\"noindex, nofollow\" \/>\n<meta property=\"og:locale\" content=\"de_DE\" \/>\n<meta property=\"og:type\" content=\"article\" \/>\n<meta property=\"og:title\" content=\"Erfolgreiche Kundenempfehlung\" \/>\n<meta property=\"og:description\" content=\"Wir haben Ihre Weiterempfehlung erhalten! Sobald sich Ihr Kontakt registriert hat, werden wir Sie kontaktieren, um den Bonus zu best\u00e4tigen! In der Zwischenzeit, k\u00f6nnen Sie gern weitere Kontakte empfehlen, denn es gibt keine Beschr\u00e4nkungen f\u00fcr Anzahl der Weiterempfehlungen. Vergessen Sie nicht&#8230;es sind 30,00 \u20ac f\u00fcr jedes Fahrzeug, welches f\u00fcr Quartix Fahrzeugortung registriert wird! Zur\u00fcck zum [&hellip;]\" \/>\n<meta property=\"og:url\" content=\"https:\/\/www.quartix.com\/de-de\/erfolgreiche-kundenempfehlung\/\" \/>\n<meta property=\"og:site_name\" content=\"Quartix\" \/>\n<meta property=\"article:publisher\" content=\"https:\/\/www.facebook.com\/Quartix-USA-374426386097401\/\" \/>\n<meta property=\"article:modified_time\" content=\"2026-02-11T14:45:12+00:00\" \/>\n<meta name=\"twitter:card\" content=\"summary_large_image\" \/>\n<meta name=\"twitter:site\" content=\"@QuartixUSA\" \/>\n<meta name=\"twitter:label1\" content=\"Est. reading time\" \/>\n\t<meta name=\"twitter:data1\" content=\"1 minute\" \/>\n<!-- \/ Yoast SEO Premium plugin. -->","yoast_head_json":{"title":"Erfolgreiche Kundenempfehlung - DE","robots":{"index":"noindex","follow":"nofollow"},"og_locale":"de_DE","og_type":"article","og_title":"Erfolgreiche Kundenempfehlung","og_description":"Wir haben Ihre Weiterempfehlung erhalten! Sobald sich Ihr Kontakt registriert hat, werden wir Sie kontaktieren, um den Bonus zu best\u00e4tigen! In der Zwischenzeit, k\u00f6nnen Sie gern weitere Kontakte empfehlen, denn es gibt keine Beschr\u00e4nkungen f\u00fcr Anzahl der Weiterempfehlungen. Vergessen Sie nicht&#8230;es sind 30,00 \u20ac f\u00fcr jedes Fahrzeug, welches f\u00fcr Quartix Fahrzeugortung registriert wird! Zur\u00fcck zum [&hellip;]","og_url":"https:\/\/www.quartix.com\/de-de\/erfolgreiche-kundenempfehlung\/","og_site_name":"Quartix","article_publisher":"https:\/\/www.facebook.com\/Quartix-USA-374426386097401\/","article_modified_time":"2026-02-11T14:45:12+00:00","twitter_card":"summary_large_image","twitter_site":"@QuartixUSA","twitter_misc":{"Est. reading time":"1 minute"},"schema":{"@context":"https:\/\/schema.org","@graph":[{"@type":"WebPage","@id":"https:\/\/www.quartix.com\/de-de\/erfolgreiche-kundenempfehlung\/","url":"https:\/\/www.quartix.com\/de-de\/erfolgreiche-kundenempfehlung\/","name":"Erfolgreiche Kundenempfehlung","isPartOf":{"@id":"https:\/\/www.quartix.com\/de-de\/#website"},"datePublished":"2019-09-10T12:54:13+00:00","dateModified":"2026-02-11T14:45:12+00:00","breadcrumb":{"@id":"https:\/\/www.quartix.com\/de-de\/erfolgreiche-kundenempfehlung\/#breadcrumb"},"inLanguage":"de-DE","potentialAction":[{"@type":"ReadAction","target":["https:\/\/www.quartix.com\/de-de\/erfolgreiche-kundenempfehlung\/"]}]},{"@type":"BreadcrumbList","@id":"https:\/\/www.quartix.com\/de-de\/erfolgreiche-kundenempfehlung\/#breadcrumb","itemListElement":[{"@type":"ListItem","position":1,"name":"Startseite","item":"https:\/\/www.quartix.com\/de-de\/die-nr-1-fahrzeugortungsloesung-fuer-flotten-jeder-groesse\/"},{"@type":"ListItem","position":2,"name":"Erfolgreiche Kundenempfehlung"}]},{"@type":"WebSite","@id":"https:\/\/www.quartix.com\/de-de\/#website","url":"https:\/\/www.quartix.com\/de-de\/","name":"Quartix","description":"Real-time vehicle tracking","publisher":{"@id":"https:\/\/www.quartix.com\/de-de\/#organization"},"potentialAction":[{"@type":"SearchAction","target":{"@type":"EntryPoint","urlTemplate":"https:\/\/www.quartix.com\/de-de\/?s={search_term_string}"},"query-input":{"@type":"PropertyValueSpecification","valueRequired":true,"valueName":"search_term_string"}}],"inLanguage":"de-DE"},{"@type":"Organization","@id":"https:\/\/www.quartix.com\/de-de\/#organization","name":"Quartix","url":"https:\/\/www.quartix.com\/de-de\/","logo":{"@type":"ImageObject","inLanguage":"de-DE","@id":"https:\/\/www.quartix.com\/de-de\/#\/schema\/logo\/image\/","url":"https:\/\/www.quartix.com\/content\/uploads\/2019\/02\/quartix-logo-eur.svg","contentUrl":"https:\/\/www.quartix.com\/content\/uploads\/2019\/02\/quartix-logo-eur.svg","width":1,"height":1,"caption":"Quartix"},"image":{"@id":"https:\/\/www.quartix.com\/de-de\/#\/schema\/logo\/image\/"},"sameAs":["https:\/\/www.facebook.com\/Quartix-USA-374426386097401\/","https:\/\/x.com\/QuartixUSA","https:\/\/www.linkedin.com\/company\/5346733\/","https:\/\/www.youtube.com\/channel\/UCzS-_GMfHF4kWiCheyIRrAQ"]}]}},"_links":{"self":[{"href":"https:\/\/www.quartix.com\/de-de\/wp-json\/wp\/v2\/pages\/33547","targetHints":{"allow":["GET"]}}],"collection":[{"href":"https:\/\/www.quartix.com\/de-de\/wp-json\/wp\/v2\/pages"}],"about":[{"href":"https:\/\/www.quartix.com\/de-de\/wp-json\/wp\/v2\/types\/page"}],"author":[{"embeddable":true,"href":"https:\/\/www.quartix.com\/de-de\/wp-json\/wp\/v2\/users\/2"}],"replies":[{"embeddable":true,"href":"https:\/\/www.quartix.com\/de-de\/wp-json\/wp\/v2\/comments?post=33547"}],"version-history":[{"count":4,"href":"https:\/\/www.quartix.com\/de-de\/wp-json\/wp\/v2\/pages\/33547\/revisions"}],"predecessor-version":[{"id":129450,"href":"https:\/\/www.quartix.com\/de-de\/wp-json\/wp\/v2\/pages\/33547\/revisions\/129450"}],"wp:attachment":[{"href":"https:\/\/www.quartix.com\/de-de\/wp-json\/wp\/v2\/media?parent=33547"}],"wp:term":[{"taxonomy":"topic","embeddable":true,"href":"https:\/\/www.quartix.com\/de-de\/wp-json\/wp\/v2\/topic?post=33547"},{"taxonomy":"qtx_campaign","embeddable":true,"href":"https:\/\/www.quartix.com\/de-de\/wp-json\/wp\/v2\/qtx_campaign?post=33547"}],"curies":[{"name":"wp","href":"https:\/\/api.w.org\/{rel}","templated":true}]}}