{"id":36324,"date":"2019-11-11T11:22:24","date_gmt":"2019-11-11T11:22:24","guid":{"rendered":"https:\/\/www.quartix.com\/?page_id=36324"},"modified":"2025-10-13T15:44:54","modified_gmt":"2025-10-13T14:44:54","slug":"fahrzeugortung-aktionsangebot","status":"publish","type":"page","link":"https:\/\/www.quartix.com\/de-de\/fahrzeugortung-aktionsangebot\/","title":{"rendered":"Ortungsl\u00f6sung"},"content":{"rendered":"\n<div class=\"wp-block-columns is-layout-flex wp-container-core-columns-is-layout-28f84493 wp-block-columns-is-layout-flex\">\n<div class=\"wp-block-column is-layout-flow wp-block-column-is-layout-flow\">\n<h2 class=\"wp-block-heading\" id=\"h-was-erhalten-sie-mit-quartix\">Was erhalten Sie mit Quartix?<\/h2>\n\n\n\n<ul class=\"wp-block-list\">\n<li>Jahresvertr\u00e4ge<\/li>\n\n\n\n<li>Keine automatische Verl\u00e4ngerung<\/li>\n\n\n\n<li>Ger\u00e4te zur Eigeninstallation<\/li>\n\n\n\n<li>Kostenlose Mobile App<\/li>\n\n\n\n<li>Erstklassige Kundenbetreuung<br><\/li>\n<\/ul>\n\n\n\n<figure class=\"wp-block-image\"><img decoding=\"async\" src=\" https:\/\/www.quartix.com\/content\/uploads\/2020\/11\/quartix_DE_screens_apps_image_MAR20.png\" alt=\"\"\/><\/figure>\n<\/div>\n\n\n\n<div class=\"wp-block-column is-layout-flow wp-block-column-is-layout-flow\">\n<h2 class=\"wp-block-heading\" id=\"h-verpassen-sie-nicht-dieses-besondere-angebot\">Verpassen Sie nicht dieses besondere Angebot<\/h2>\n\n\n\n<div class=\"wpcf7 no-js\" id=\"wpcf7-f72362-o1\" lang=\"de-DE\" dir=\"ltr\" data-wpcf7-id=\"72362\">\n<div class=\"screen-reader-response\"><p role=\"status\" aria-live=\"polite\" aria-atomic=\"true\"><\/p> <ul><\/ul><\/div>\n<form action=\"\/de-de\/wp-json\/wp\/v2\/pages\/36324#wpcf7-f72362-o1\" method=\"post\" class=\"wpcf7-form init\" aria-label=\"Contact form\" novalidate=\"novalidate\" data-status=\"init\">\n<fieldset class=\"hidden-fields-container\"><input type=\"hidden\" name=\"_wpcf7\" value=\"72362\" \/><input type=\"hidden\" name=\"_wpcf7_version\" value=\"6.1.5\" \/><input type=\"hidden\" name=\"_wpcf7_locale\" value=\"de_DE\" \/><input type=\"hidden\" name=\"_wpcf7_unit_tag\" value=\"wpcf7-f72362-o1\" \/><input type=\"hidden\" name=\"_wpcf7_container_post\" value=\"0\" \/><input type=\"hidden\" name=\"_wpcf7_posted_data_hash\" value=\"\" \/><input type=\"hidden\" name=\"_wpcf7cf_hidden_group_fields\" value=\"[]\" \/><input type=\"hidden\" name=\"_wpcf7cf_hidden_groups\" value=\"[]\" \/><input type=\"hidden\" name=\"_wpcf7cf_visible_groups\" value=\"[]\" \/><input type=\"hidden\" name=\"_wpcf7cf_repeaters\" value=\"[]\" \/><input type=\"hidden\" name=\"_wpcf7cf_steps\" value=\"{}\" \/><input type=\"hidden\" name=\"_wpcf7cf_options\" value=\"{&quot;form_id&quot;:72362,&quot;conditions&quot;:[],&quot;settings&quot;:{&quot;animation&quot;:&quot;yes&quot;,&quot;animation_intime&quot;:200,&quot;animation_outtime&quot;:200,&quot;conditions_ui&quot;:&quot;normal&quot;,&quot;notice_dismissed&quot;:false,&quot;notice_dismissed_update-cf7-6.0&quot;:true,&quot;notice_dismissed_update-cf7-6.0.1&quot;:true,&quot;notice_dismissed_update-cf7-6.0.2&quot;:true,&quot;notice_dismissed_rollback-cf7-6.0.5&quot;:true}}\" \/><input type=\"hidden\" name=\"_wpcf7_recaptcha_response\" value=\"\" \/>\n<\/fieldset>\n<div class=\"input-wrapper\"><span class=\"icon icon-face\"><\/span><span class=\"wpcf7-form-control-wrap\" data-name=\"first_name\"><input size=\"40\" maxlength=\"400\" class=\"wpcf7-form-control wpcf7-text wpcf7-validates-as-required\" aria-required=\"true\" aria-invalid=\"false\" placeholder=\"Vorname *\" value=\"\" type=\"text\" name=\"first_name\" \/><\/span><span class=\"wpcf7-form-control-wrap\" data-name=\"last_name\"><input size=\"40\" maxlength=\"400\" class=\"wpcf7-form-control wpcf7-text wpcf7-validates-as-required\" aria-required=\"true\" aria-invalid=\"false\" placeholder=\"Nachname *\" value=\"\" type=\"text\" name=\"last_name\" \/><\/span><\/div>\n<div class=\"input-wrapper\"><span class=\"icon icon-envelope\"><\/span><span class=\"wpcf7-form-control-wrap\" data-name=\"email\"><input size=\"40\" maxlength=\"400\" class=\"wpcf7-form-control wpcf7-email wpcf7-validates-as-required wpcf7-text wpcf7-validates-as-email\" aria-required=\"true\" aria-invalid=\"false\" placeholder=\"E-Mail *\" value=\"\" type=\"email\" name=\"email\" \/><\/span><\/div>\n<div class=\"input-wrapper\"><span class=\"icon icon-company\"><\/span><span class=\"wpcf7-form-control-wrap\" data-name=\"company\"><input size=\"40\" maxlength=\"400\" class=\"wpcf7-form-control wpcf7-text wpcf7-validates-as-required\" aria-required=\"true\" aria-invalid=\"false\" placeholder=\"Firmenname *\" value=\"\" type=\"text\" name=\"company\" \/><\/span><\/div>\n<div class=\"input-wrapper\"><span class=\"icon icon-telephone\"><\/span><span class=\"wpcf7-form-control-wrap\" data-name=\"phone\"><input size=\"40\" maxlength=\"400\" class=\"wpcf7-form-control wpcf7-tel wpcf7-validates-as-required wpcf7-text wpcf7-validates-as-tel\" aria-required=\"true\" aria-invalid=\"false\" placeholder=\"Telefon *\" value=\"\" type=\"tel\" name=\"phone\" \/><\/span><\/div>\n<div class=\"input-wrapper\"><span class=\"icon icon-vehicles\"><\/span><span class=\"wpcf7-form-control-wrap\" data-name=\"number_of_vehicles\"><input size=\"40\" maxlength=\"400\" class=\"wpcf7-form-control wpcf7-text wpcf7-validates-as-required\" aria-required=\"true\" aria-invalid=\"false\" placeholder=\"Anzahl der Fahrzeuge *\" value=\"\" type=\"text\" name=\"number_of_vehicles\" \/><\/span><\/div>\n<input type=\"hidden\" name=\"thankyouURL\" value=\"\/de-de\/dankeschon-angebot\/\" class=\"wpcf7-form-control wpcf7-hidden\" id=\"thankyouURL\">\n<input class=\"wpcf7-form-control wpcf7-hidden\" value=\"\" type=\"hidden\" name=\"pardot_extra_field\" \/>\n<input type=\"hidden\" name=\"page_title\" value=\"No post title\" class=\"wpcf7-form-control wpcf7-hidden\">\n<div class=\"recatpcha-text\">Diese Website ist durch reCAPTCHA gesch\u00fctzt und es gelten die <a href=\"https:\/\/policies.google.com\/privacy?hl=de\">Datenschutzbestimmungen<\/a> und <a href=\"https:\/\/policies.google.com\/terms?hl=de\">Nutzungsbedingungen<\/a> von Google.<\/div>\n<div class=\"input-wrapper\"><input class=\"wpcf7-form-control wpcf7-submit has-spinner icon-plane\" type=\"submit\" value=\"Rabatt erhalten\" \/><\/div><div class=\"wpcf7-response-output\" aria-hidden=\"true\"><\/div>\n<\/form>\n<\/div>\n\n\n\n\n<p>* Angebot g\u00fcltig bis 31. Dezember 2022 f\u00fcr Vertr\u00e4ge ab zwei Jahren Mitgliedschaft<\/p>\n<\/div>\n<\/div>\n\n\n\n<p>Konditionen:<\/p>\n\n\n\n<ul class=\"wp-block-list\">\n<li>Angebot unterliegt Quartix <a href=\"\/de-de\/geschaftsbedingungen\/\">Allgemeine Gesch\u00e4ftsbedingungen<\/a><\/li>\n\n\n\n<li>Nicht in Verbindung mit anderen mit anderen Angeboten g\u00fcltig.<\/li>\n<\/ul>\n\n\n<section  class=\"qtx-pagebuilder-section qtx-pagebuilder-section-blockquote qtx-pagebuilder-section-blockquote-green_testimonial_with_photo \">\r\n        <div class=\"green_testimonial_with_photo \">\r\n            <div class=\"img-container\">\r\n                                <img decoding=\"async\" src=\"https:\/\/www.quartix.com\/content\/uploads\/2019\/02\/greenridge_van.jpg\"\/>\r\n                            <\/div>\r\n            <blockquote>\r\n                                                <p>\u201cMit der Installation des Quartix Systems haben wir sichergestellt, dass die Produktivit\u00e4t und Sicherheit unserer Mitarbeiter gew\u00e4hrleistet wird. Das ist gro\u00dfartig f\u00fcr unseren Kundenservice, dem Verschlei\u00df und der Abnutzung der Fahrzeuge, sowie dem Nettogewinn.\u201c<\/p>\n                <footer>\r\n                   <cite class=\"author\">Misty Absher, B\u00fcroleiterin<\/cite>\r\n                   <cite class=\"author_line_2\">Greenridge Landscaping<\/cite>\r\n                <\/footer>\r\n            <\/blockquote>\r\n        <\/div>\r\n        <\/section>\r\n\r\n\n\n\n<div class=\"wp-block-columns is-layout-flex wp-container-core-columns-is-layout-28f84493 wp-block-columns-is-layout-flex\">\n<div class=\"wp-block-column is-layout-flow wp-block-column-is-layout-flow\">\n<h2 class=\"wp-block-heading\" id=\"h-schnelle-und-quantifizierbare-kosteneinsparungen\">Schnelle und quantifizierbare Kosteneinsparungen<\/h2>\n\n\n\r\n<section  class=\"qtx-pagebuilder-section qtx-pagebuilder-section-list \">\r\n<ul class='ticks fa-ul' style=''><li><span class='fa-li'><i class='fas fa-check-circle'><\/i><\/span>Kraftstoffkosten um 25% senken<\/li><li><span class='fa-li'><i class='fas fa-check-circle'><\/i><\/span>Gesamtproduktivit\u00e4t um 15% steigern<\/li><li><span class='fa-li'><i class='fas fa-check-circle'><\/i><\/span>\u00dcberstunden der Arbeitnehmer um 15% reduzieren<\/li><li><span class='fa-li'><i class='fas fa-check-circle'><\/i><\/span>Fahrzeugauslastung um 20% verbessern<\/li><li><span class='fa-li'><i class='fas fa-check-circle'><\/i><\/span>Gesamtkilometerstand um 10% reduzieren<\/li><\/ul><\/section>\n\n\n<p>*Frost &amp; Sullivan 2015<\/p>\n<\/div>\n\n\n\n<div class=\"wp-block-column is-layout-flow wp-block-column-is-layout-flow\">\n<figure class=\"wp-block-image size-large\"><img loading=\"lazy\" decoding=\"async\" width=\"1000\" height=\"439\" src=\" https:\/\/www.quartix.com\/content\/uploads\/2020\/08\/DE_live-tracking-with-link-to-configuration-1000x439.png\" alt=\"Echtzeitortung\" class=\"wp-image-43791\" srcset=\"https:\/\/www.quartix.com\/content\/uploads\/2020\/08\/DE_live-tracking-with-link-to-configuration-1000x439.png 1000w, https:\/\/www.quartix.com\/content\/uploads\/2020\/08\/DE_live-tracking-with-link-to-configuration-300x132.png 300w, https:\/\/www.quartix.com\/content\/uploads\/2020\/08\/DE_live-tracking-with-link-to-configuration-768x337.png 768w, https:\/\/www.quartix.com\/content\/uploads\/2020\/08\/DE_live-tracking-with-link-to-configuration-1536x675.png 1536w, https:\/\/www.quartix.com\/content\/uploads\/2020\/08\/DE_live-tracking-with-link-to-configuration.png 1915w\" sizes=\"auto, (max-width: 1000px) 100vw, 1000px\" \/><\/figure>\n<\/div>\n<\/div>\n\n\n<section  class=\"qtx-pagebuilder-section qtx-pagebuilder-section-blockquote qtx-pagebuilder-section-blockquote-left_green_border \">\r\n        <div class=\"left_green_border\">\r\n            <blockquote>\r\n                <p>Das Quartix System st\u00fctzt sich auf 24 Jahre Erfahrung in der Telematikindustrie. \u00dcber 800.000 Fahrzeuge in dem Vereinigten K\u00f6nigreich, der USA und in Europa benutzen heute Quartix Ortung. \u00dcber 30.000 Kunden profitieren t\u00e4glich von den vielen Vorteilen des Quartix Systems. Alle 80 Sekunden wird ein neues Quartix Ger\u00e4t installiert.<\/p>\n                            <\/blockquote>\r\n        <\/div>\r\n        <\/section>\r\n\r\n\n\n\n<div class=\"wp-block-columns is-layout-flex wp-container-core-columns-is-layout-28f84493 wp-block-columns-is-layout-flex\">\n<div class=\"wp-block-column is-layout-flow wp-block-column-is-layout-flow\">\n<figure class=\"wp-block-image\"><img decoding=\"async\" src=\" https:\/\/www.quartix.com\/content\/uploads\/2019\/06\/save-euros-946x1000.png\" alt=\"save image euros\"\/><\/figure>\n<\/div>\n\n\n\n<div class=\"wp-block-column is-layout-flow wp-block-column-is-layout-flow\">\n<h2 class=\"wp-block-heading\" id=\"h-software-die-eine-effiziente-flotte-vorantreibt\">Software die eine effiziente Flotte vorantreibt.<\/h2>\n\n\n\r\n<section  class=\"qtx-pagebuilder-section qtx-pagebuilder-section-list \">\r\n<ul class='ticks fa-ul' style='0'><li><span class='fa-li'><i class='fas fa-check-circle'><\/i><\/span>Produktivit\u00e4t steigern und Mitarbeiterstunden pr\u00fcfen<\/li><li><span class='fa-li'><i class='fas fa-check-circle'><\/i><\/span>Mit ausf\u00fchrlichen Analysen und Berichten Fahrstile verbessern<\/li><li><span class='fa-li'><i class='fas fa-check-circle'><\/i><\/span>Bescheid wissen, wenn Fahrer in definierte Zonen ein- oder ausfahren<\/li><li><span class='fa-li'><i class='fas fa-check-circle'><\/i><\/span>Angepasste Standortdaten und E-Mail Benachrichtigungen erhalten<\/li><li><span class='fa-li'><i class='fas fa-check-circle'><\/i><\/span>Im Voraus planen mit automatischen Erinnerungen der Wartungstermine<\/li><\/ul><\/section><\/div>\n<\/div>\n\n\n<section  class=\"qtx-pagebuilder-section qtx-pagebuilder-section-blockquote qtx-pagebuilder-section-blockquote-green_testimonial_with_photo \">\r\n        <div class=\"green_testimonial_with_photo \">\r\n            <div class=\"img-container\">\r\n                                <img decoding=\"async\" src=\"https:\/\/www.quartix.com\/content\/uploads\/2018\/09\/jack-armstrong.jpg\"\/>\r\n                            <\/div>\r\n            <blockquote>\r\n                                                <p>\u201cZu Beginn haben wir Quartix f\u00fcr ein paar unserer Wartungsfahrzeuge verwendet und jetzt ist es ein Firmenprogramm. F\u00fcr uns war es eine gro\u00dfe Bereicherung und ein gro\u00dfartiges Werkzeug.\u201c<\/p>\n                <footer>\r\n                   <cite class=\"author\">Jack Armstrong, Wartungsmanager<\/cite>\r\n                   <cite class=\"author_line_2\">SS Landscaping Services<\/cite>\r\n                <\/footer>\r\n            <\/blockquote>\r\n        <\/div>\r\n        <\/section>\r\n\r\n","protected":false},"excerpt":{"rendered":"<p>Was erhalten Sie mit Quartix? Verpassen Sie nicht dieses besondere Angebot * Angebot g\u00fcltig bis 31. Dezember 2022 f\u00fcr Vertr\u00e4ge ab zwei Jahren Mitgliedschaft Konditionen: Schnelle und quantifizierbare Kosteneinsparungen *Frost &amp; Sullivan 2015 Software die eine effiziente Flotte vorantreibt.<\/p>\n","protected":false},"author":12,"featured_media":0,"parent":0,"menu_order":6060,"comment_status":"closed","ping_status":"closed","template":"","meta":{"_acf_changed":false,"inline_featured_image":false,"footnotes":""},"topic":[],"qtx_campaign":[],"class_list":["post-36324","page","type-page","status-publish","hentry"],"acf":[],"yoast_head":"<!-- This site is optimized with the Yoast SEO Premium plugin v27.3 (Yoast SEO v27.3) - https:\/\/yoast.com\/product\/yoast-seo-premium-wordpress\/ -->\n<title>Ortungsl\u00f6sung - DE<\/title>\n<meta name=\"robots\" content=\"noindex, nofollow\" \/>\n<meta property=\"og:locale\" content=\"de_DE\" \/>\n<meta property=\"og:type\" content=\"article\" \/>\n<meta property=\"og:title\" content=\"Ortungsl\u00f6sung\" \/>\n<meta property=\"og:description\" content=\"Was erhalten Sie mit Quartix? Verpassen Sie nicht dieses besondere Angebot * Angebot g\u00fcltig bis 31. Dezember 2022 f\u00fcr Vertr\u00e4ge ab zwei Jahren Mitgliedschaft Konditionen: Schnelle und quantifizierbare Kosteneinsparungen *Frost &amp; Sullivan 2015 Software die eine effiziente Flotte vorantreibt.\" \/>\n<meta property=\"og:url\" content=\"https:\/\/www.quartix.com\/de-de\/fahrzeugortung-aktionsangebot\/\" \/>\n<meta property=\"og:site_name\" content=\"Quartix\" \/>\n<meta property=\"article:publisher\" content=\"https:\/\/www.facebook.com\/Quartix-USA-374426386097401\/\" \/>\n<meta property=\"article:modified_time\" content=\"2025-10-13T14:44:54+00:00\" \/>\n<meta name=\"twitter:card\" content=\"summary_large_image\" \/>\n<meta name=\"twitter:site\" content=\"@QuartixUSA\" \/>\n<meta name=\"twitter:label1\" content=\"Est. reading time\" \/>\n\t<meta name=\"twitter:data1\" content=\"2 minutes\" \/>\n<!-- \/ Yoast SEO Premium plugin. -->","yoast_head_json":{"title":"Ortungsl\u00f6sung - DE","robots":{"index":"noindex","follow":"nofollow"},"og_locale":"de_DE","og_type":"article","og_title":"Ortungsl\u00f6sung","og_description":"Was erhalten Sie mit Quartix? Verpassen Sie nicht dieses besondere Angebot * Angebot g\u00fcltig bis 31. Dezember 2022 f\u00fcr Vertr\u00e4ge ab zwei Jahren Mitgliedschaft Konditionen: Schnelle und quantifizierbare Kosteneinsparungen *Frost &amp; Sullivan 2015 Software die eine effiziente Flotte vorantreibt.","og_url":"https:\/\/www.quartix.com\/de-de\/fahrzeugortung-aktionsangebot\/","og_site_name":"Quartix","article_publisher":"https:\/\/www.facebook.com\/Quartix-USA-374426386097401\/","article_modified_time":"2025-10-13T14:44:54+00:00","twitter_card":"summary_large_image","twitter_site":"@QuartixUSA","twitter_misc":{"Est. reading time":"2 minutes"},"schema":{"@context":"https:\/\/schema.org","@graph":[{"@type":"WebPage","@id":"https:\/\/www.quartix.com\/de-de\/fahrzeugortung-aktionsangebot\/","url":"https:\/\/www.quartix.com\/de-de\/fahrzeugortung-aktionsangebot\/","name":"Ortungsl\u00f6sung","isPartOf":{"@id":"https:\/\/www.quartix.com\/de-de\/#website"},"datePublished":"2019-11-11T11:22:24+00:00","dateModified":"2025-10-13T14:44:54+00:00","breadcrumb":{"@id":"https:\/\/www.quartix.com\/de-de\/fahrzeugortung-aktionsangebot\/#breadcrumb"},"inLanguage":"de-DE","potentialAction":[{"@type":"ReadAction","target":["https:\/\/www.quartix.com\/de-de\/fahrzeugortung-aktionsangebot\/"]}]},{"@type":"BreadcrumbList","@id":"https:\/\/www.quartix.com\/de-de\/fahrzeugortung-aktionsangebot\/#breadcrumb","itemListElement":[{"@type":"ListItem","position":1,"name":"Startseite","item":"https:\/\/www.quartix.com\/de-de\/die-nr-1-fahrzeugortungsloesung-fuer-flotten-jeder-groesse\/"},{"@type":"ListItem","position":2,"name":"Ortungsl\u00f6sung"}]},{"@type":"WebSite","@id":"https:\/\/www.quartix.com\/de-de\/#website","url":"https:\/\/www.quartix.com\/de-de\/","name":"Quartix","description":"Real-time vehicle tracking","publisher":{"@id":"https:\/\/www.quartix.com\/de-de\/#organization"},"potentialAction":[{"@type":"SearchAction","target":{"@type":"EntryPoint","urlTemplate":"https:\/\/www.quartix.com\/de-de\/?s={search_term_string}"},"query-input":{"@type":"PropertyValueSpecification","valueRequired":true,"valueName":"search_term_string"}}],"inLanguage":"de-DE"},{"@type":"Organization","@id":"https:\/\/www.quartix.com\/de-de\/#organization","name":"Quartix","url":"https:\/\/www.quartix.com\/de-de\/","logo":{"@type":"ImageObject","inLanguage":"de-DE","@id":"https:\/\/www.quartix.com\/de-de\/#\/schema\/logo\/image\/","url":"https:\/\/www.quartix.com\/content\/uploads\/2019\/02\/quartix-logo-eur.svg","contentUrl":"https:\/\/www.quartix.com\/content\/uploads\/2019\/02\/quartix-logo-eur.svg","width":1,"height":1,"caption":"Quartix"},"image":{"@id":"https:\/\/www.quartix.com\/de-de\/#\/schema\/logo\/image\/"},"sameAs":["https:\/\/www.facebook.com\/Quartix-USA-374426386097401\/","https:\/\/x.com\/QuartixUSA","https:\/\/www.linkedin.com\/company\/5346733\/","https:\/\/www.youtube.com\/channel\/UCzS-_GMfHF4kWiCheyIRrAQ"]}]}},"_links":{"self":[{"href":"https:\/\/www.quartix.com\/de-de\/wp-json\/wp\/v2\/pages\/36324","targetHints":{"allow":["GET"]}}],"collection":[{"href":"https:\/\/www.quartix.com\/de-de\/wp-json\/wp\/v2\/pages"}],"about":[{"href":"https:\/\/www.quartix.com\/de-de\/wp-json\/wp\/v2\/types\/page"}],"author":[{"embeddable":true,"href":"https:\/\/www.quartix.com\/de-de\/wp-json\/wp\/v2\/users\/12"}],"replies":[{"embeddable":true,"href":"https:\/\/www.quartix.com\/de-de\/wp-json\/wp\/v2\/comments?post=36324"}],"version-history":[{"count":1,"href":"https:\/\/www.quartix.com\/de-de\/wp-json\/wp\/v2\/pages\/36324\/revisions"}],"predecessor-version":[{"id":125462,"href":"https:\/\/www.quartix.com\/de-de\/wp-json\/wp\/v2\/pages\/36324\/revisions\/125462"}],"wp:attachment":[{"href":"https:\/\/www.quartix.com\/de-de\/wp-json\/wp\/v2\/media?parent=36324"}],"wp:term":[{"taxonomy":"topic","embeddable":true,"href":"https:\/\/www.quartix.com\/de-de\/wp-json\/wp\/v2\/topic?post=36324"},{"taxonomy":"qtx_campaign","embeddable":true,"href":"https:\/\/www.quartix.com\/de-de\/wp-json\/wp\/v2\/qtx_campaign?post=36324"}],"curies":[{"name":"wp","href":"https:\/\/api.w.org\/{rel}","templated":true}]}}