{"id":46088,"date":"2020-10-26T15:58:26","date_gmt":"2020-10-26T14:58:26","guid":{"rendered":"https:\/\/www.quartix.com\/?page_id=46088"},"modified":"2025-10-08T15:11:38","modified_gmt":"2025-10-08T14:11:38","slug":"betriebsstundenzaehler","status":"publish","type":"page","link":"https:\/\/www.quartix.com\/de-de\/fahrzeugortung\/betriebsstundenzaehler\/","title":{"rendered":"Betriebsstundenz\u00e4hler &#8211; Ein besserer Indikator der Flottenauslastung"},"content":{"rendered":"\n<h2 class=\"wp-block-heading\" id=\"h-uberwachen-sie-das-tatsachliche-level-der-motornutzung\">\u00dcberwachen Sie das tats\u00e4chliche Level der Motornutzung<\/h2>\n\n\n\n<p>Quartix&#8217;s <a href=\"https:\/\/www.quartix.com\/de-de\/fahrzeugortung\/verwaltungstools\/\" target=\"_blank\" rel=\"noopener noreferrer\">Wartungs-Protokolle<\/a> enthalten Angaben zu den Betriebsstunden der Motoren und bieten somit einen besseren Einblick in die genaue Dauer, wie lange ein von Quartix erfasstes Fahrzeug oder Ger\u00e4t in einem bestimmten Zeitraum gelaufen ist. Diese Informationen der Betriebsstundenz\u00e4hler k\u00f6nnen n\u00fctzlich sein, um den tats\u00e4chlichen Verschlei\u00df Ihrer Fahrzeuge zu messen und sogar die Nutzung bei station\u00e4ren Fahrzeugen zu erfassen. W\u00e4hrend die Kilometerz\u00e4hlerst\u00e4nde im Quartix-System aus den insgesamt zur\u00fcckgelegten Entfernungen berechnet werden, wird die Motorlaufzeit parallel dazu \u00fcberwacht, was den Nutzungsdaten Ihrer Flotte eine zus\u00e4tzliche Sicherheit verleiht.<\/p>\n\n\n\n<div class=\"wp-block-columns is-layout-flex wp-container-core-columns-is-layout-28f84493 wp-block-columns-is-layout-flex\">\n<div class=\"wp-block-column is-layout-flow wp-block-column-is-layout-flow\">\n<p>Daten von Betriebsstundenz\u00e4hlern sind besonders n\u00fctzlich bei der Verfolgung von Spezialfahrzeugen wie Bulldozern, Aufsitzrasenm\u00e4hern und Baggern, die viele Betriebsstunden an einem einzigen Standort im Einsatz sind, aber diese Informationen sind auch f\u00fcr mobilere Flotten wertvoll. Die Kraftstoff- und Wartungskosten k\u00f6nnen in ihrer Gesamtheit nachvollzogen werden, wenn man die Betriebsstunden zusammen mit dem Einsatz der Fahrzeuge in Bewegung betrachtet. Mit dieser Erkenntnis basierend auf den Betriebsstundenz\u00e4hlern gewappnet, ist es einfacher, Verhaltensweisen zu \u00e4ndern, wie z.B:<\/p>\n\n\n\n<ul class=\"wp-block-list\">\n<li>Gef\u00e4hrdung der Gesundheit und Sicherheit Ihrer Mitarbeiter.<\/li>\n\n\n\n<li>Gef\u00e4hrdung der Garantieanspr\u00fcche.<\/li>\n\n\n\n<li>Schaffung unn\u00f6tiger Kosten.<\/li>\n<\/ul>\n<\/div>\n\n\n\n<div class=\"wp-block-column is-layout-flow wp-block-column-is-layout-flow\">\n<figure class=\"wp-block-image\"><img decoding=\"async\" src=\" https:\/\/www.quartix.com\/content\/uploads\/2020\/10\/machinery-being-operated.jpg\" alt=\"Heavy Machinery\"\/><\/figure>\n<\/div>\n<\/div>\n\n\n\n<h2 class=\"wp-block-heading\" id=\"h-vermeiden-sie-gesetzesverstosse-bei-ihrer-flotte\">Vermeiden Sie Gesetzesverst\u00f6\u00dfe bei Ihrer Flotte<\/h2>\n\n\n\n<p>Genau zu wissen, wie lange Ihre Fahrzeuge und Maschinen bereits im Einsatz sind, kann eine wichtige Information sein, um sicherzustellen, dass Wartungspl\u00e4ne, Instandhaltungs- und Sicherheitsvorschriften eingehalten werden. Um innerhalb der Garantiegrenzen des Herstellers zu bleiben, m\u00fcssen Sie unter Umst\u00e4nden nachverfolgen, wie viele Stunden Ihre Anlagen im Einsatz waren.&nbsp;<\/p>\n\n\n\n<div class=\"wp-block-columns is-layout-flex wp-container-core-columns-is-layout-28f84493 wp-block-columns-is-layout-flex\">\n<div class=\"wp-block-column is-layout-flow wp-block-column-is-layout-flow\">\n<h2 class=\"wp-block-heading\" id=\"h-halten-sie-die-grenzwerte-fur-schwere-maschinen-ein\">Halten Sie die Grenzwerte f\u00fcr schwere Maschinen ein<\/h2>\n\n\n\n<p>Sch\u00fctzen Sie Ihre Mitarbeiter, indem Sie sicherstellen, dass sie w\u00e4hrend der Arbeit keinen \u00fcberm\u00e4\u00dfigen Vibrationen durch Maschinen ausgesetzt sind. Ganzk\u00f6rpervibrationen, die sich \u00fcber den Fahrzeugboden bestimmter Arbeitsmaschinen ausbreiten, k\u00f6nnen Gesundheitsprobleme, insbesondere R\u00fcckenschmerzen, verursachen. Je l\u00e4nger ein Mitarbeiter in diesen Fahrzeugen arbeitet, desto gr\u00f6\u00dfer ist das Risiko, dass er langfristige Probleme entwickelt. Die Betriebsstundenz\u00e4hler helfen Ihnen, die Sicherheitsvorschriften sorgf\u00e4ltig zu befolgen und Ihre Mitarbeiter in diesen Situationen zu sch\u00fctzen.<\/p>\n<\/div>\n\n\n\n<div class=\"wp-block-column is-layout-flow wp-block-column-is-layout-flow\">        <a href=\"https:\/\/www.quartix.com\/content\/uploads\/2020\/08\/DE_engine-hours.png\" data-lity data-lity-desc=\"DE_engine hours\" class=\"lightbox thumbnail\">\r\n                                    <figure class=\"wp-block-image\">\r\n                                    <img decoding=\"async\" loading=\"lazy\" src=\"https:\/\/www.quartix.com\/content\/uploads\/2020\/08\/DE_engine-hours-1000x285.png\" alt=\"DE_engine hours\">\r\n                                <\/figure>\r\n                    <\/a>\r\n        <\/div>\n<\/div>\n\n\n\n<div class=\"wp-block-columns is-layout-flex wp-container-core-columns-is-layout-28f84493 wp-block-columns-is-layout-flex\">\n<div class=\"wp-block-column is-layout-flow wp-block-column-is-layout-flow\">\n<figure class=\"wp-block-image\"><img decoding=\"async\" src=\" https:\/\/www.quartix.com\/content\/uploads\/2020\/10\/Oil-change-vehicle.jpg\" alt=\"\"\/><\/figure>\n<\/div>\n\n\n\n<div class=\"wp-block-column is-layout-flow wp-block-column-is-layout-flow\">\n<h2 class=\"wp-block-heading\" id=\"h-verbessern-sie-den-gesamtzustand-des-fahrzeugs\">Verbessern Sie den Gesamtzustand des Fahrzeugs<\/h2>\n\n\n\n<p>Legen Sie die richtigen Intervalle f\u00fcr \u00d6l- und Filterwechsel fest, indem Sie die Betriebsstunden des Motors als Anhaltspunkt verwenden. Zusammen mit <a href=\"https:\/\/www.quartix.com\/de-de\/fahrzeugortung\/verwaltungstools\/\" target=\"_blank\" rel=\"noopener noreferrer\">Erinnerungen an T\u00dcV- und Servicetermine<\/a> hilft Ihnen das Quartix-System, Ihre Flotte in bestem Zustand zu halten.<\/p>\n\n\n\n<p>Die Betriebsstundenz\u00e4hler zeigen auf, wo Ihre Fahrzeuge \u00fcber l\u00e4ngere Zeitr\u00e4ume im Leerlauf stehen geblieben sind. Dies f\u00fchrt nicht nur zu einer unn\u00f6tigen Belastung der Fahrzeuge, sondern verbraucht auch Kraftstoff und erh\u00f6ht den Kohlenstoffaussto\u00df. Das <a href=\"https:\/\/www.quartix.com\/de-de\/fahrzeugortung\/\" target=\"_blank\" rel=\"noopener noreferrer\">Quartix-Fahrzeugortungssystem<\/a> hilft Unternehmen, dieses Verhalten zu \u00e4ndern, den Verschlei\u00df der Fahrzeuge zu reduzieren und die Treibstoffkosten zu senken.<\/p>\n\n\n\n<p>Unser <a href=\"https:\/\/www.quartix.com\/de-de\/lernen\/anleitungen\/\" target=\"_blank\" rel=\"noopener noreferrer\">Leitfaden f\u00fcr umweltbewusstes Fahren<\/a> bietet weitere Tipps zur Nutzung der Erkenntnisse aus der Fahrzeugverfolgung zur Verbesserung der Fahrzeuggesundheit.<\/p>\n<\/div>\n<\/div>\n\n\n\n<h2 class=\"wp-block-heading\" id=\"h-ein-zentraler-informationspunkt\">Ein zentraler Informationspunkt<\/h2>\n\n\n\n<p>Einige Unternehmen werden sich f\u00fcr Betriebsstundenz\u00e4hler als L\u00f6sung zur Aufrechterhaltung der Garantien und zur \u00dcberwachung der Nutzung entscheiden. Dazu muss ein separates Ger\u00e4t am Fahrzeug oder an der Maschine angebracht werden, das ausschlie\u00dflich dem Zweck dient, die Motorstunden zu messen. Mit Quartix ist keine zus\u00e4tzliche Messausr\u00fcstung erforderlich. Unsere Tracker sind komplett mit dieser Funktionalit\u00e4t ausgestattet und speisen die Informationen direkt in das System ein, so dass Sie sie auf einen Blick sehen k\u00f6nnen.&nbsp;<\/p>\n\n\n\n<p>Um mehr \u00fcber die \u00dcberwachung der Betriebsstunden von Fahrzeugen mit Quartix zu erfahren, <a href=\"https:\/\/www.quartix.com\/de-de\/unternehmen\/kontakt\/\" target=\"_blank\" rel=\"noopener noreferrer\">kontaktieren Sie uns noch heute<\/a>!<\/p>\n","protected":false},"excerpt":{"rendered":"<p>\u00dcberwachen Sie das tats\u00e4chliche Level der Motornutzung Quartix&#8217;s Wartungs-Protokolle enthalten Angaben zu den Betriebsstunden der Motoren und bieten somit einen besseren Einblick in die genaue Dauer, wie lange ein von Quartix erfasstes Fahrzeug oder Ger\u00e4t in einem bestimmten Zeitraum gelaufen ist. Diese Informationen der Betriebsstundenz\u00e4hler k\u00f6nnen n\u00fctzlich sein, um den tats\u00e4chlichen Verschlei\u00df Ihrer Fahrzeuge zu [&hellip;]<\/p>\n","protected":false},"author":12,"featured_media":0,"parent":23118,"menu_order":95,"comment_status":"closed","ping_status":"closed","template":"","meta":{"_acf_changed":false,"inline_featured_image":false,"footnotes":""},"topic":[],"qtx_campaign":[],"class_list":["post-46088","page","type-page","status-publish","hentry"],"acf":[],"yoast_head":"<!-- This site is optimized with the Yoast SEO Premium plugin v27.2 (Yoast SEO v27.2) - https:\/\/yoast.com\/product\/yoast-seo-premium-wordpress\/ -->\n<title>Betriebsstundenz\u00e4hler-Telematik - DE<\/title>\n<meta name=\"description\" content=\"Betriebsstundenz\u00e4hler zeigen exakt, wie lange ein mit Quartix getracktes Ger\u00e4t gelaufen ist. Erfahren Sie mehr \u00fcber diese wertvollen Informationen!\" \/>\n<meta name=\"robots\" content=\"index, follow, max-snippet:-1, max-image-preview:large, max-video-preview:-1\" \/>\n<link rel=\"canonical\" href=\"https:\/\/www.quartix.com\/de-de\/fahrzeugortung\/betriebsstundenzaehler\/\" \/>\n<meta property=\"og:locale\" content=\"de_DE\" \/>\n<meta property=\"og:type\" content=\"article\" \/>\n<meta property=\"og:title\" content=\"Betriebsstundenz\u00e4hler - Ein besserer Indikator der Flottenauslastung\" \/>\n<meta property=\"og:description\" content=\"Betriebsstundenz\u00e4hler zeigen exakt, wie lange ein mit Quartix getracktes Ger\u00e4t gelaufen ist. Erfahren Sie mehr \u00fcber diese wertvollen Informationen!\" \/>\n<meta property=\"og:url\" content=\"https:\/\/www.quartix.com\/de-de\/fahrzeugortung\/betriebsstundenzaehler\/\" \/>\n<meta property=\"og:site_name\" content=\"Quartix\" \/>\n<meta property=\"article:publisher\" content=\"https:\/\/www.facebook.com\/Quartix-USA-374426386097401\/\" \/>\n<meta property=\"article:modified_time\" content=\"2025-10-08T14:11:38+00:00\" \/>\n<meta name=\"twitter:card\" content=\"summary_large_image\" \/>\n<meta name=\"twitter:site\" content=\"@QuartixUSA\" \/>\n<meta name=\"twitter:label1\" content=\"Est. reading time\" \/>\n\t<meta name=\"twitter:data1\" content=\"3 minutes\" \/>\n<!-- \/ Yoast SEO Premium plugin. -->","yoast_head_json":{"title":"Betriebsstundenz\u00e4hler-Telematik - DE","description":"Betriebsstundenz\u00e4hler zeigen exakt, wie lange ein mit Quartix getracktes Ger\u00e4t gelaufen ist. Erfahren Sie mehr \u00fcber diese wertvollen Informationen!","robots":{"index":"index","follow":"follow","max-snippet":"max-snippet:-1","max-image-preview":"max-image-preview:large","max-video-preview":"max-video-preview:-1"},"canonical":"https:\/\/www.quartix.com\/de-de\/fahrzeugortung\/betriebsstundenzaehler\/","og_locale":"de_DE","og_type":"article","og_title":"Betriebsstundenz\u00e4hler - Ein besserer Indikator der Flottenauslastung","og_description":"Betriebsstundenz\u00e4hler zeigen exakt, wie lange ein mit Quartix getracktes Ger\u00e4t gelaufen ist. Erfahren Sie mehr \u00fcber diese wertvollen Informationen!","og_url":"https:\/\/www.quartix.com\/de-de\/fahrzeugortung\/betriebsstundenzaehler\/","og_site_name":"Quartix","article_publisher":"https:\/\/www.facebook.com\/Quartix-USA-374426386097401\/","article_modified_time":"2025-10-08T14:11:38+00:00","twitter_card":"summary_large_image","twitter_site":"@QuartixUSA","twitter_misc":{"Est. reading time":"3 minutes"},"schema":{"@context":"https:\/\/schema.org","@graph":[{"@type":"WebPage","@id":"https:\/\/www.quartix.com\/de-de\/fahrzeugortung\/betriebsstundenzaehler\/","url":"https:\/\/www.quartix.com\/de-de\/fahrzeugortung\/betriebsstundenzaehler\/","name":"Betriebsstundenz\u00e4hler-Telematik","isPartOf":{"@id":"https:\/\/www.quartix.com\/de-de\/#website"},"datePublished":"2020-10-26T14:58:26+00:00","dateModified":"2025-10-08T14:11:38+00:00","description":"Betriebsstundenz\u00e4hler zeigen exakt, wie lange ein mit Quartix getracktes Ger\u00e4t gelaufen ist. Erfahren Sie mehr \u00fcber diese wertvollen Informationen!","breadcrumb":{"@id":"https:\/\/www.quartix.com\/de-de\/fahrzeugortung\/betriebsstundenzaehler\/#breadcrumb"},"inLanguage":"de-DE","potentialAction":[{"@type":"ReadAction","target":["https:\/\/www.quartix.com\/de-de\/fahrzeugortung\/betriebsstundenzaehler\/"]}]},{"@type":"BreadcrumbList","@id":"https:\/\/www.quartix.com\/de-de\/fahrzeugortung\/betriebsstundenzaehler\/#breadcrumb","itemListElement":[{"@type":"ListItem","position":1,"name":"Startseite","item":"https:\/\/www.quartix.com\/de-de\/die-nr-1-fahrzeugortungsloesung-fuer-flotten-jeder-groesse\/"},{"@type":"ListItem","position":2,"name":"Fahrzeugverfolgung f\u00fcr Unternehmen","item":"https:\/\/www.quartix.com\/de-de\/fahrzeugortung\/"},{"@type":"ListItem","position":3,"name":"Betriebsstundenz\u00e4hler &#8211; Ein besserer Indikator der Flottenauslastung"}]},{"@type":"WebSite","@id":"https:\/\/www.quartix.com\/de-de\/#website","url":"https:\/\/www.quartix.com\/de-de\/","name":"Quartix","description":"Real-time vehicle tracking","publisher":{"@id":"https:\/\/www.quartix.com\/de-de\/#organization"},"potentialAction":[{"@type":"SearchAction","target":{"@type":"EntryPoint","urlTemplate":"https:\/\/www.quartix.com\/de-de\/?s={search_term_string}"},"query-input":{"@type":"PropertyValueSpecification","valueRequired":true,"valueName":"search_term_string"}}],"inLanguage":"de-DE"},{"@type":"Organization","@id":"https:\/\/www.quartix.com\/de-de\/#organization","name":"Quartix","url":"https:\/\/www.quartix.com\/de-de\/","logo":{"@type":"ImageObject","inLanguage":"de-DE","@id":"https:\/\/www.quartix.com\/de-de\/#\/schema\/logo\/image\/","url":"https:\/\/www.quartix.com\/content\/uploads\/2019\/02\/quartix-logo-eur.svg","contentUrl":"https:\/\/www.quartix.com\/content\/uploads\/2019\/02\/quartix-logo-eur.svg","width":1,"height":1,"caption":"Quartix"},"image":{"@id":"https:\/\/www.quartix.com\/de-de\/#\/schema\/logo\/image\/"},"sameAs":["https:\/\/www.facebook.com\/Quartix-USA-374426386097401\/","https:\/\/x.com\/QuartixUSA","https:\/\/www.linkedin.com\/company\/5346733\/","https:\/\/www.youtube.com\/channel\/UCzS-_GMfHF4kWiCheyIRrAQ"]}]}},"_links":{"self":[{"href":"https:\/\/www.quartix.com\/de-de\/wp-json\/wp\/v2\/pages\/46088","targetHints":{"allow":["GET"]}}],"collection":[{"href":"https:\/\/www.quartix.com\/de-de\/wp-json\/wp\/v2\/pages"}],"about":[{"href":"https:\/\/www.quartix.com\/de-de\/wp-json\/wp\/v2\/types\/page"}],"author":[{"embeddable":true,"href":"https:\/\/www.quartix.com\/de-de\/wp-json\/wp\/v2\/users\/12"}],"replies":[{"embeddable":true,"href":"https:\/\/www.quartix.com\/de-de\/wp-json\/wp\/v2\/comments?post=46088"}],"version-history":[{"count":2,"href":"https:\/\/www.quartix.com\/de-de\/wp-json\/wp\/v2\/pages\/46088\/revisions"}],"predecessor-version":[{"id":125323,"href":"https:\/\/www.quartix.com\/de-de\/wp-json\/wp\/v2\/pages\/46088\/revisions\/125323"}],"up":[{"embeddable":true,"href":"https:\/\/www.quartix.com\/de-de\/wp-json\/wp\/v2\/pages\/23118"}],"wp:attachment":[{"href":"https:\/\/www.quartix.com\/de-de\/wp-json\/wp\/v2\/media?parent=46088"}],"wp:term":[{"taxonomy":"topic","embeddable":true,"href":"https:\/\/www.quartix.com\/de-de\/wp-json\/wp\/v2\/topic?post=46088"},{"taxonomy":"qtx_campaign","embeddable":true,"href":"https:\/\/www.quartix.com\/de-de\/wp-json\/wp\/v2\/qtx_campaign?post=46088"}],"curies":[{"name":"wp","href":"https:\/\/api.w.org\/{rel}","templated":true}]}}