{"id":47233,"date":"2020-11-30T17:27:47","date_gmt":"2020-11-30T16:27:47","guid":{"rendered":" https:\/\/www.quartix.com\/?page_id=47233"},"modified":"2022-07-06T15:57:47","modified_gmt":"2022-07-06T14:57:47","slug":"fahrzeugortung-aktionsangebot-fb","status":"publish","type":"page","link":"https:\/\/www.quartix.com\/de-de\/fahrzeugortung-aktionsangebot-fb\/","title":{"rendered":"Ortungsl\u00f6sung FB"},"content":{"rendered":"\n<div class=\"wp-block-columns is-layout-flex wp-container-core-columns-is-layout-28f84493 wp-block-columns-is-layout-flex\">\n<div class=\"wp-block-column is-layout-flow wp-block-column-is-layout-flow\">\n<h2 class=\"wp-block-heading\">Was erhalten Sie mit Quartix?<\/h2>\n\n\n\r\n<section  class=\"qtx-pagebuilder-section qtx-pagebuilder-section-list \">\r\n<ul class='ticks fa-ul' style='0'><li><span class='fa-li'><i class='fas fa-check-circle'><\/i><\/span>Einjahresvertr\u00e4ge<\/li><li><span class='fa-li'><i class='fas fa-check-circle'><\/i><\/span>Keine automatische Verl\u00e4ngerung<\/li><li><span class='fa-li'><i class='fas fa-check-circle'><\/i><\/span>Ger\u00e4te zur Eigeninstallation<\/li><li><span class='fa-li'><i class='fas fa-check-circle'><\/i><\/span>Kostenlose Mobile App<\/li><li><span class='fa-li'><i class='fas fa-check-circle'><\/i><\/span>Erstklassige Kundenbetreuung<\/li><\/ul><\/section>\n\n\n<figure class=\"wp-block-image\"><img decoding=\"async\" src=\" https:\/\/www.quartix.com\/content\/uploads\/2020\/11\/quartix_DE_screens_apps_image_MAR20.png\" alt=\"\"\/><\/figure>\n<\/div>\n\n\n\n<div class=\"wp-block-column is-layout-flow wp-block-column-is-layout-flow\">\n<h2 class=\"wp-block-heading\" id=\"Verpassen-Sie-nicht-dieses-besondere-Angebot\">Verpassen Sie nicht dieses besondere Angebot<\/h2>\n\n\n\n<div class=\"wpcf7 no-js\" id=\"wpcf7-f72362-o1\" lang=\"de-DE\" dir=\"ltr\" data-wpcf7-id=\"72362\">\n<div class=\"screen-reader-response\"><p role=\"status\" aria-live=\"polite\" aria-atomic=\"true\"><\/p> <ul><\/ul><\/div>\n<form action=\"\/de-de\/wp-json\/wp\/v2\/pages\/47233#wpcf7-f72362-o1\" method=\"post\" class=\"wpcf7-form init\" aria-label=\"Contact form\" novalidate=\"novalidate\" data-status=\"init\">\n<fieldset class=\"hidden-fields-container\"><input type=\"hidden\" name=\"_wpcf7\" value=\"72362\" \/><input type=\"hidden\" name=\"_wpcf7_version\" value=\"6.1.5\" \/><input type=\"hidden\" name=\"_wpcf7_locale\" value=\"de_DE\" \/><input type=\"hidden\" name=\"_wpcf7_unit_tag\" value=\"wpcf7-f72362-o1\" \/><input type=\"hidden\" name=\"_wpcf7_container_post\" value=\"0\" \/><input type=\"hidden\" name=\"_wpcf7_posted_data_hash\" value=\"\" \/><input type=\"hidden\" name=\"_wpcf7cf_hidden_group_fields\" value=\"[]\" \/><input type=\"hidden\" name=\"_wpcf7cf_hidden_groups\" value=\"[]\" \/><input type=\"hidden\" name=\"_wpcf7cf_visible_groups\" value=\"[]\" \/><input type=\"hidden\" name=\"_wpcf7cf_repeaters\" value=\"[]\" \/><input type=\"hidden\" name=\"_wpcf7cf_steps\" value=\"{}\" \/><input type=\"hidden\" name=\"_wpcf7cf_options\" value=\"{&quot;form_id&quot;:72362,&quot;conditions&quot;:[],&quot;settings&quot;:{&quot;animation&quot;:&quot;yes&quot;,&quot;animation_intime&quot;:200,&quot;animation_outtime&quot;:200,&quot;conditions_ui&quot;:&quot;normal&quot;,&quot;notice_dismissed&quot;:false,&quot;notice_dismissed_update-cf7-6.0&quot;:true,&quot;notice_dismissed_update-cf7-6.0.1&quot;:true,&quot;notice_dismissed_update-cf7-6.0.2&quot;:true,&quot;notice_dismissed_rollback-cf7-6.0.5&quot;:true}}\" \/><input type=\"hidden\" name=\"_wpcf7_recaptcha_response\" value=\"\" \/>\n<\/fieldset>\n<div class=\"input-wrapper\"><span class=\"icon icon-face\"><\/span><span class=\"wpcf7-form-control-wrap\" data-name=\"first_name\"><input size=\"40\" maxlength=\"400\" class=\"wpcf7-form-control wpcf7-text wpcf7-validates-as-required\" aria-required=\"true\" aria-invalid=\"false\" placeholder=\"Vorname *\" value=\"\" type=\"text\" name=\"first_name\" \/><\/span><span class=\"wpcf7-form-control-wrap\" data-name=\"last_name\"><input size=\"40\" maxlength=\"400\" class=\"wpcf7-form-control wpcf7-text wpcf7-validates-as-required\" aria-required=\"true\" aria-invalid=\"false\" placeholder=\"Nachname *\" value=\"\" type=\"text\" name=\"last_name\" \/><\/span><\/div>\n<div class=\"input-wrapper\"><span class=\"icon icon-envelope\"><\/span><span class=\"wpcf7-form-control-wrap\" data-name=\"email\"><input size=\"40\" maxlength=\"400\" class=\"wpcf7-form-control wpcf7-email wpcf7-validates-as-required wpcf7-text wpcf7-validates-as-email\" aria-required=\"true\" aria-invalid=\"false\" placeholder=\"E-Mail *\" value=\"\" type=\"email\" name=\"email\" \/><\/span><\/div>\n<div class=\"input-wrapper\"><span class=\"icon icon-company\"><\/span><span class=\"wpcf7-form-control-wrap\" data-name=\"company\"><input size=\"40\" maxlength=\"400\" class=\"wpcf7-form-control wpcf7-text wpcf7-validates-as-required\" aria-required=\"true\" aria-invalid=\"false\" placeholder=\"Firmenname *\" value=\"\" type=\"text\" name=\"company\" \/><\/span><\/div>\n<div class=\"input-wrapper\"><span class=\"icon icon-telephone\"><\/span><span class=\"wpcf7-form-control-wrap\" data-name=\"phone\"><input size=\"40\" maxlength=\"400\" class=\"wpcf7-form-control wpcf7-tel wpcf7-validates-as-required wpcf7-text wpcf7-validates-as-tel\" aria-required=\"true\" aria-invalid=\"false\" placeholder=\"Telefon *\" value=\"\" type=\"tel\" name=\"phone\" \/><\/span><\/div>\n<div class=\"input-wrapper\"><span class=\"icon icon-vehicles\"><\/span><span class=\"wpcf7-form-control-wrap\" data-name=\"number_of_vehicles\"><input size=\"40\" maxlength=\"400\" class=\"wpcf7-form-control wpcf7-text wpcf7-validates-as-required\" aria-required=\"true\" aria-invalid=\"false\" placeholder=\"Anzahl der Fahrzeuge *\" value=\"\" type=\"text\" name=\"number_of_vehicles\" \/><\/span><\/div>\n<input type=\"hidden\" name=\"thankyouURL\" value=\"\/de-de\/dankeschon-angebot\/\" class=\"wpcf7-form-control wpcf7-hidden\" id=\"thankyouURL\">\n<input class=\"wpcf7-form-control wpcf7-hidden\" value=\"\" type=\"hidden\" name=\"pardot_extra_field\" \/>\n<input type=\"hidden\" name=\"page_title\" value=\"No post title\" class=\"wpcf7-form-control wpcf7-hidden\">\n<div class=\"recatpcha-text\">Diese Website ist durch reCAPTCHA gesch\u00fctzt und es gelten die <a href=\"https:\/\/policies.google.com\/privacy?hl=de\">Datenschutzbestimmungen<\/a> und <a href=\"https:\/\/policies.google.com\/terms?hl=de\">Nutzungsbedingungen<\/a> von Google.<\/div>\n<div class=\"input-wrapper\"><input class=\"wpcf7-form-control wpcf7-submit has-spinner icon-plane\" type=\"submit\" value=\"Rabatt erhalten\" \/><\/div><div class=\"wpcf7-response-output\" aria-hidden=\"true\"><\/div>\n<\/form>\n<\/div>\n\n\n\n\n<p>* Angebot g\u00fcltig bis 31. Januar 2021<\/p>\n<\/div>\n<\/div>\n\n\n\n<p>Konditionen:<\/p>\n\n\n\n<ul class=\"wp-block-list\"><li>Angebot unterliegt Quartix <a href=\"\/de-de\/geschaftsbedingungen\/\">Allgemeine Gesch\u00e4ftsbedingungen<\/a><\/li><li>Nicht in Verbindung mit anderen mit anderen Angeboten g\u00fcltig.<\/li><\/ul>\n\n\n<section  class=\"qtx-pagebuilder-section qtx-pagebuilder-section-blockquote qtx-pagebuilder-section-blockquote-green_testimonial_with_photo \">\r\n        <div class=\"green_testimonial_with_photo \">\r\n            <div class=\"img-container\">\r\n                                <img decoding=\"async\" src=\"https:\/\/www.quartix.com\/content\/uploads\/2019\/02\/greenridge_van.jpg\"\/>\r\n                            <\/div>\r\n            <blockquote>\r\n                                                <p>\u201cMit der Installation des Quartix Systems haben wir sichergestellt, dass die Produktivit\u00e4t und Sicherheit unserer Mitarbeiter gew\u00e4hrleistet wird. Das ist gro\u00dfartig f\u00fcr unseren Kundenservice, dem Verschlei\u00df und der Abnutzung der Fahrzeuge, sowie dem Nettogewinn.\u201c<\/p>\n                <footer>\r\n                   <cite class=\"author\">Misty Absher, B\u00fcroleiterin<\/cite>\r\n                   <cite class=\"author_line_2\">Greenridge Landscaping<\/cite>\r\n                <\/footer>\r\n            <\/blockquote>\r\n        <\/div>\r\n        <\/section>\r\n\r\n\n\n\n<div class=\"wp-block-columns is-layout-flex wp-container-core-columns-is-layout-28f84493 wp-block-columns-is-layout-flex\">\n<div class=\"wp-block-column is-layout-flow wp-block-column-is-layout-flow\">\n<h2 class=\"wp-block-heading\">Schnelle und quantifizierbare Kosteneinsparungen<\/h2>\n\n\n\r\n<section  class=\"qtx-pagebuilder-section qtx-pagebuilder-section-list \">\r\n<ul class='ticks fa-ul' style=''><li><span class='fa-li'><i class='fas fa-check-circle'><\/i><\/span>Kraftstoffkosten um 25% senken<\/li><li><span class='fa-li'><i class='fas fa-check-circle'><\/i><\/span>Gesamtproduktivit\u00e4t um 15% steigern<\/li><li><span class='fa-li'><i class='fas fa-check-circle'><\/i><\/span>\u00dcberstunden der Arbeitnehmer um 15% reduzieren<\/li><li><span class='fa-li'><i class='fas fa-check-circle'><\/i><\/span>Fahrzeugauslastung um 20% verbessern<\/li><li><span class='fa-li'><i class='fas fa-check-circle'><\/i><\/span>Gesamtkilometerstand um 10% reduzieren<\/li><\/ul><\/section>\n\n    <div class=\"button-container \">\r\n<a href=\"#Verpassen-Sie-nicht-dieses-besondere-Angebot\" class=\"btn pagebuilder-btn btn-green btn-\" title=\"Rabatt erhalten\" >Rabatt erhalten<\/a>\r\n<\/div>\r\n<\/div>\n\n\n\n<div class=\"wp-block-column is-layout-flow wp-block-column-is-layout-flow\">\n<figure class=\"wp-block-image size-large\"><img loading=\"lazy\" decoding=\"async\" width=\"1000\" height=\"486\" src=\" https:\/\/www.quartix.com\/content\/uploads\/2019\/08\/live-tracking-with-options_de-1000x486.png\" alt=\"\" class=\"wp-image-33013\" srcset=\"https:\/\/www.quartix.com\/content\/uploads\/2019\/08\/live-tracking-with-options_de-1000x486.png 1000w, https:\/\/www.quartix.com\/content\/uploads\/2019\/08\/live-tracking-with-options_de-300x146.png 300w, https:\/\/www.quartix.com\/content\/uploads\/2019\/08\/live-tracking-with-options_de-768x373.png 768w, https:\/\/www.quartix.com\/content\/uploads\/2019\/08\/live-tracking-with-options_de.png 1570w\" sizes=\"auto, (max-width: 1000px) 100vw, 1000px\" \/><\/figure>\n<\/div>\n<\/div>\n\n\n<section  class=\"qtx-pagebuilder-section qtx-pagebuilder-section-blockquote qtx-pagebuilder-section-blockquote-left_green_border \">\r\n        <div class=\"left_green_border\">\r\n            <blockquote>\r\n                <p>Das Quartix System st\u00fctzt sich auf 20 Jahre Erfahrung in der Telematikindustrie. \u00dcber 600.000 Fahrzeuge in dem Vereinigten K\u00f6nigreich, der USA und in Europa benutzen heute Quartix Ortung. 17.500 Kunden profitieren t\u00e4glich von den vielen Vorteilen des Quartix Systems. Alle 80 Sekunden wird ein neues Quartix Ger\u00e4t installiert.<\/p>\n                            <\/blockquote>\r\n        <\/div>\r\n        <\/section>\r\n\r\n\n\n\n<div class=\"wp-block-columns is-layout-flex wp-container-core-columns-is-layout-28f84493 wp-block-columns-is-layout-flex\">\n<div class=\"wp-block-column is-layout-flow wp-block-column-is-layout-flow\">\n<figure class=\"wp-block-image\"><img decoding=\"async\" src=\" https:\/\/www.quartix.com\/content\/uploads\/2019\/06\/save-euros-946x1000.png\" alt=\"save image euros\"\/><\/figure>\n<\/div>\n\n\n\n<div class=\"wp-block-column is-layout-flow wp-block-column-is-layout-flow\">\n<h2 class=\"wp-block-heading\">Software die eine effiziente Flotte vorantreibt.<\/h2>\n\n\n\r\n<section  class=\"qtx-pagebuilder-section qtx-pagebuilder-section-list \">\r\n<ul class='ticks fa-ul' style=''><li><span class='fa-li'><i class='fas fa-check-circle'><\/i><\/span>Produktivit\u00e4t steigern und Mitarbeiterstunden pr\u00fcfen<\/li><li><span class='fa-li'><i class='fas fa-check-circle'><\/i><\/span>Mit ausf\u00fchrlichen Analysen und Reporten Fahrstile verbessern<\/li><li><span class='fa-li'><i class='fas fa-check-circle'><\/i><\/span>Bescheid wissen, wenn Fahrer in definierte Zonen ein- oder ausfahren<\/li><li><span class='fa-li'><i class='fas fa-check-circle'><\/i><\/span>Angepasste Standortdaten und E-Mail Benachrichtigungen erhalten<\/li><li><span class='fa-li'><i class='fas fa-check-circle'><\/i><\/span>Im Voraus planen mit automatischen Erinnerungen der Wartungstermine<\/li><\/ul><\/section><\/div>\n<\/div>\n","protected":false},"excerpt":{"rendered":"<p>Was erhalten Sie mit Quartix? Verpassen Sie nicht dieses besondere Angebot * Angebot g\u00fcltig bis 31. Januar 2021 Konditionen: Angebot unterliegt Quartix Allgemeine Gesch\u00e4ftsbedingungen Nicht in Verbindung mit anderen mit anderen Angeboten g\u00fcltig. Schnelle und quantifizierbare Kosteneinsparungen Software die eine effiziente Flotte vorantreibt.<\/p>\n","protected":false},"author":12,"featured_media":0,"parent":0,"menu_order":6065,"comment_status":"closed","ping_status":"closed","template":"","meta":{"_acf_changed":false,"inline_featured_image":false,"footnotes":""},"topic":[],"qtx_campaign":[],"class_list":["post-47233","page","type-page","status-publish","hentry"],"acf":[],"yoast_head":"<!-- This site is optimized with the Yoast SEO Premium plugin v27.3 (Yoast SEO v27.3) - https:\/\/yoast.com\/product\/yoast-seo-premium-wordpress\/ -->\n<title>Ortungsl\u00f6sung FB - DE<\/title>\n<meta name=\"robots\" content=\"noindex, nofollow\" \/>\n<meta property=\"og:locale\" content=\"de_DE\" \/>\n<meta property=\"og:type\" content=\"article\" \/>\n<meta property=\"og:title\" content=\"Ortungsl\u00f6sung FB\" \/>\n<meta property=\"og:description\" content=\"Was erhalten Sie mit Quartix? Verpassen Sie nicht dieses besondere Angebot * Angebot g\u00fcltig bis 31. Januar 2021 Konditionen: Angebot unterliegt Quartix Allgemeine Gesch\u00e4ftsbedingungen Nicht in Verbindung mit anderen mit anderen Angeboten g\u00fcltig. Schnelle und quantifizierbare Kosteneinsparungen Software die eine effiziente Flotte vorantreibt.\" \/>\n<meta property=\"og:url\" content=\"https:\/\/www.quartix.com\/de-de\/fahrzeugortung-aktionsangebot-fb\/\" \/>\n<meta property=\"og:site_name\" content=\"Quartix\" \/>\n<meta property=\"article:publisher\" content=\"https:\/\/www.facebook.com\/Quartix-USA-374426386097401\/\" \/>\n<meta property=\"article:modified_time\" content=\"2022-07-06T14:57:47+00:00\" \/>\n<meta name=\"twitter:card\" content=\"summary_large_image\" \/>\n<meta name=\"twitter:site\" content=\"@QuartixUSA\" \/>\n<meta name=\"twitter:label1\" content=\"Est. reading time\" \/>\n\t<meta name=\"twitter:data1\" content=\"1 minute\" \/>\n<!-- \/ Yoast SEO Premium plugin. -->","yoast_head_json":{"title":"Ortungsl\u00f6sung FB - DE","robots":{"index":"noindex","follow":"nofollow"},"og_locale":"de_DE","og_type":"article","og_title":"Ortungsl\u00f6sung FB","og_description":"Was erhalten Sie mit Quartix? Verpassen Sie nicht dieses besondere Angebot * Angebot g\u00fcltig bis 31. Januar 2021 Konditionen: Angebot unterliegt Quartix Allgemeine Gesch\u00e4ftsbedingungen Nicht in Verbindung mit anderen mit anderen Angeboten g\u00fcltig. Schnelle und quantifizierbare Kosteneinsparungen Software die eine effiziente Flotte vorantreibt.","og_url":"https:\/\/www.quartix.com\/de-de\/fahrzeugortung-aktionsangebot-fb\/","og_site_name":"Quartix","article_publisher":"https:\/\/www.facebook.com\/Quartix-USA-374426386097401\/","article_modified_time":"2022-07-06T14:57:47+00:00","twitter_card":"summary_large_image","twitter_site":"@QuartixUSA","twitter_misc":{"Est. reading time":"1 minute"},"schema":{"@context":"https:\/\/schema.org","@graph":[{"@type":"WebPage","@id":"https:\/\/www.quartix.com\/de-de\/fahrzeugortung-aktionsangebot-fb\/","url":"https:\/\/www.quartix.com\/de-de\/fahrzeugortung-aktionsangebot-fb\/","name":"Ortungsl\u00f6sung FB","isPartOf":{"@id":"https:\/\/www.quartix.com\/de-de\/#website"},"datePublished":"2020-11-30T16:27:47+00:00","dateModified":"2022-07-06T14:57:47+00:00","breadcrumb":{"@id":"https:\/\/www.quartix.com\/de-de\/fahrzeugortung-aktionsangebot-fb\/#breadcrumb"},"inLanguage":"de-DE","potentialAction":[{"@type":"ReadAction","target":["https:\/\/www.quartix.com\/de-de\/fahrzeugortung-aktionsangebot-fb\/"]}]},{"@type":"BreadcrumbList","@id":"https:\/\/www.quartix.com\/de-de\/fahrzeugortung-aktionsangebot-fb\/#breadcrumb","itemListElement":[{"@type":"ListItem","position":1,"name":"Startseite","item":"https:\/\/www.quartix.com\/de-de\/die-nr-1-fahrzeugortungsloesung-fuer-flotten-jeder-groesse\/"},{"@type":"ListItem","position":2,"name":"Ortungsl\u00f6sung FB"}]},{"@type":"WebSite","@id":"https:\/\/www.quartix.com\/de-de\/#website","url":"https:\/\/www.quartix.com\/de-de\/","name":"Quartix","description":"Real-time vehicle tracking","publisher":{"@id":"https:\/\/www.quartix.com\/de-de\/#organization"},"potentialAction":[{"@type":"SearchAction","target":{"@type":"EntryPoint","urlTemplate":"https:\/\/www.quartix.com\/de-de\/?s={search_term_string}"},"query-input":{"@type":"PropertyValueSpecification","valueRequired":true,"valueName":"search_term_string"}}],"inLanguage":"de-DE"},{"@type":"Organization","@id":"https:\/\/www.quartix.com\/de-de\/#organization","name":"Quartix","url":"https:\/\/www.quartix.com\/de-de\/","logo":{"@type":"ImageObject","inLanguage":"de-DE","@id":"https:\/\/www.quartix.com\/de-de\/#\/schema\/logo\/image\/","url":"https:\/\/www.quartix.com\/content\/uploads\/2019\/02\/quartix-logo-eur.svg","contentUrl":"https:\/\/www.quartix.com\/content\/uploads\/2019\/02\/quartix-logo-eur.svg","width":1,"height":1,"caption":"Quartix"},"image":{"@id":"https:\/\/www.quartix.com\/de-de\/#\/schema\/logo\/image\/"},"sameAs":["https:\/\/www.facebook.com\/Quartix-USA-374426386097401\/","https:\/\/x.com\/QuartixUSA","https:\/\/www.linkedin.com\/company\/5346733\/","https:\/\/www.youtube.com\/channel\/UCzS-_GMfHF4kWiCheyIRrAQ"]}]}},"_links":{"self":[{"href":"https:\/\/www.quartix.com\/de-de\/wp-json\/wp\/v2\/pages\/47233","targetHints":{"allow":["GET"]}}],"collection":[{"href":"https:\/\/www.quartix.com\/de-de\/wp-json\/wp\/v2\/pages"}],"about":[{"href":"https:\/\/www.quartix.com\/de-de\/wp-json\/wp\/v2\/types\/page"}],"author":[{"embeddable":true,"href":"https:\/\/www.quartix.com\/de-de\/wp-json\/wp\/v2\/users\/12"}],"replies":[{"embeddable":true,"href":"https:\/\/www.quartix.com\/de-de\/wp-json\/wp\/v2\/comments?post=47233"}],"version-history":[{"count":0,"href":"https:\/\/www.quartix.com\/de-de\/wp-json\/wp\/v2\/pages\/47233\/revisions"}],"wp:attachment":[{"href":"https:\/\/www.quartix.com\/de-de\/wp-json\/wp\/v2\/media?parent=47233"}],"wp:term":[{"taxonomy":"topic","embeddable":true,"href":"https:\/\/www.quartix.com\/de-de\/wp-json\/wp\/v2\/topic?post=47233"},{"taxonomy":"qtx_campaign","embeddable":true,"href":"https:\/\/www.quartix.com\/de-de\/wp-json\/wp\/v2\/qtx_campaign?post=47233"}],"curies":[{"name":"wp","href":"https:\/\/api.w.org\/{rel}","templated":true}]}}