{"id":51139,"date":"2021-04-22T17:26:25","date_gmt":"2021-04-22T16:26:25","guid":{"rendered":"https:\/\/www.quartix.com\/?page_id=51139"},"modified":"2025-10-06T16:47:37","modified_gmt":"2025-10-06T15:47:37","slug":"gps-auto-ortung","status":"publish","type":"page","link":"https:\/\/www.quartix.com\/de-de\/gps-auto-ortung\/","title":{"rendered":"Warum die GPS Ortung f\u00fcr Autos ein Muss f\u00fcr kleine Unternehmen mit einem Fuhrpark ist"},"content":{"rendered":"\n<p>Wenn Sie Fahrer f\u00fcr Ihr Unternehmen besch\u00e4ftigen, ist es wichtig, nicht nur die Betriebsstunden zu erfassen, sondern auch stets eine \u00dcbersicht \u00fcber den aktuellen Standort der Autos zu behalten. Denn nur so k\u00f6nnen Sie Ihre Kunden auf dem Laufenden halten. Mit der <a href=\"\/de-de\/fahrzeugortung\/echtzeit-fahrzeugortung\/\" target=\"_blank\" rel=\"noopener\">Echtzeit GPS-Ortung f\u00fcr Autos von Quartix<\/a> haben Sie Ihre Fahrer stets im Blick. Dadurch sind langfristig auch Optimierungen der Routen und des Fahrstils m\u00f6glich. Auf diese Weise sparen Sie viel Zeit und Geld.<\/p>\n\n\n\n<figure class=\"wp-block-image\"><img decoding=\"async\" src=\" https:\/\/www.quartix.com\/content\/uploads\/2021\/04\/auto-ortung-gps.png\" alt=\"Auto Ortung GPS\"\/><\/figure>\n\n\n\n<h2 class=\"wp-block-heading\">Inhaltsverzeichnis:<\/h2>\n\n\n\r\n<section  class=\"qtx-pagebuilder-section qtx-pagebuilder-section-list \">\r\n<ul class='ticks fa-ul' style=''><li><span class='fa-li'><i class='fas fa-check-circle'><\/i><\/span><a href='#Grundlagen-der-Auto-Ortung---was-ist-das-und-warum-brauchen-Sie-es?' class='' title='' target=''>Grundlagen der Auto-Ortung &#8211; was ist das und warum brauchen Sie es?<\/a><\/li><li><span class='fa-li'><i class='fas fa-check-circle'><\/i><\/span><a href='#Warum-die-Auto-Ortung-ein-wesentlicher-Bestandteil-des-Flottenmanagements-ist-\u2013-auch-f\u00fcr-kleine-Unternehmen' class='' title='' target=''>Warum die Auto-Ortung ein wesentlicher Bestandteil des Flottenmanagements ist \u2013 auch f\u00fcr kleine Unternehmen<\/a><\/li><li><span class='fa-li'><i class='fas fa-check-circle'><\/i><\/span><a href='#Diese-Unternehmen-profitieren-von-der-GPS-Ortung-f\u00fcr-Autos' class='' title='' target=''>Diese Unternehmen profitieren von der GPS-Ortung f\u00fcr Autos<\/a><\/li><li><span class='fa-li'><i class='fas fa-check-circle'><\/i><\/span><a href='#So-gelingt-der-Einstieg-in-die-GPS-Ortung-f\u00fcr-Autos' class='' title='' target=''>So gelingt der Einstieg in die GPS-Ortung f\u00fcr Autos<\/a><\/li><li><span class='fa-li'><i class='fas fa-check-circle'><\/i><\/span><a href='#Bessere-Rendite-dank-GPS-Ortung-von-Autos' class='' title='' target=''>Bessere Rendite dank GPS-Auto-Ortung<\/a><\/li><\/ul><\/section>\n\n\n<h2 class=\"wp-block-heading Grundlagen der Auto-Ortung - was ist das und warum brauchen Sie es?\" id=\"Grundlagen-der-Auto-Ortung---was-ist-das-und-warum-brauchen-Sie-es?\">Grundlagen der Auto-Ortung &#8211; was ist das und warum brauchen Sie es?<\/h2>\n\n\n\n<figure class=\"wp-block-image\"><img decoding=\"async\" src=\" https:\/\/www.quartix.com\/content\/uploads\/2019\/08\/live-tracking-with-options_de-1000x486.png\" alt=\"\"\/><\/figure>\n\n\n\n<p><a href=\" https:\/\/www.quartix.com\/content\/uploads\/2019\/08\/live-tracking-with-options_de.png\" data-elementor-open-lightbox=\"yes\" data-elementor-lightbox-title=\"live tracking with options_de\"><br> <\/a><\/p>\n\n\n\n<p>Die GPS-Ortung von Autos bietet kleinen Unternehmen, Einzelunternehmern und Kunden besondere Vorteile. Denn dank der detaillierten Routen-Daten k\u00f6nnen Sie Ankunft und Abfahrt Ihrer Fahrzeuge nachvollziehen. Dies hilft dabei, Rechnungen akkurat auszustellen und die zur\u00fcckgelegten Fahrstunden Ihrer Mitarbeiter genau abzurechnen. Sie erhalten einen ausf\u00fchrlichen \u00dcberblick der zur\u00fcckgelegten Kilometer und der Spritkosten.<\/p>\n\n\n\n<p>Dar\u00fcber hinaus k\u00f6nnen Sie mit einem GPS-Ger\u00e4t zur Autoortung Ihres Fuhrparks rund um die Uhr den Standort orten. So ist es m\u00f6glich, Kundenanfragen zum aktuellen Stand der Lieferung schnell und akkurat zu beantworten.<\/p>\n\n\n\n<p>Wenn Ihre Mitarbeiter das Firmenauto auch au\u00dferhalb der Arbeitszeit nutzen d\u00fcrfen, k\u00f6nnen Sie dank der GPS-Fahrzeugortung genau feststellen, welche Strecken innerhalb welcher Zeiten zur\u00fcckgelegt wurden. Sie behalten also den \u00dcberblick dar\u00fcber, ob und wann Ihre Mitarbeiter privat oder gesch\u00e4ftlich mit dem Firmenwagen unterwegs sind.<\/p>\n\n\n\n<p>Noch ein Vorteil besteht darin, dass Sie auf Wunsch mit einem Tracker f\u00fcr die Auto-Ortung auch <a href=\"\/de-de\/fahrzeugortung\/fahrstil\/\" target=\"_blank\" rel=\"noopener\">Berichte zum Fahrstil<\/a> erhalten k\u00f6nnen. Diese Erkenntnisse dienen dazu, die Sicherheit Ihrer Fahrer zu verbessern, die Abnutzung der Autos zu reduzieren und den Kraftstoffverbrauch zu minimieren.<\/p>\n\n\n\n<p>Erfahren Sie hier mehr dar\u00fcber, <a href=\"\/de-de\/fahrzeugortung\/\" target=\"_blank\" rel=\"noopener\">wie die GPS Ortung von Quartix Ihrem Unternehmen helfen kann<\/a>.<\/p>\n\n\n\n<h2 class=\"wp-block-heading\" id=\"Warum-die-Auto-Ortung-ein-wesentlicher-Bestandteil-des-Flottenmanagements-ist-\u2013-auch-f\u00fcr-kleine-Unternehmen\">Warum die Auto-Ortung ein wesentlicher Bestandteil des Flottenmanagements ist \u2013 auch f\u00fcr kleine Unternehmen<\/h2>\n\n\n\n<p>Auch kleine Unternehmen und Solo-Unternehmer profitieren von einem Tracker f\u00fcr die Auto-Ortung. Denn dieses Ger\u00e4t hilft Ihnen dabei, die Betriebsstunden im Blick zu behalten, die zur\u00fcckgelegten Kilometer und den genutzten Kraftstoff genau abzurechnen, und Ihre Autos in Echtzeit zu verfolgen. Auch, wenn Fahrer ihr Auto sowohl f\u00fcr gesch\u00e4ftliche als auch f\u00fcr private Zwecke nutzen, hilft das Ortungssystem bei der \u00dcbersicht.<\/p>\n\n\n\n<h2 class=\"wp-block-heading\" id=\"h-autos-fur-private-und-geschaftliche-fahrten-nutzen\">Autos f\u00fcr private und gesch\u00e4ftliche Fahrten nutzen<\/h2>\n\n\n\n<p>Viele kleine Unternehmen stellen Fahrer an, die ihr eigenes Auto nutzen. Mit dem Einbau eines GPS-Ger\u00e4t f\u00fcr die automatische Ortung k\u00f6nnen Sie f\u00fcr den Fahrer die tats\u00e4chlichen Arbeitsstunden genau berechnen. Dies hilft bei der Erstellung von Stundenzetteln und bei der fairen, genauen Bezahlung.<\/p>\n\n\n\n<p>Die Quartix Software erlaubt es Ihnen, bestimmte <a href=\"\/de-de\/fahrzeugortung\/benachrichtigungen\/\" target=\"_blank\" rel=\"noopener\">Geozonen einzustellen<\/a>. Unbefugte Bewegungen au\u00dferhalb dieser Zonen werden Ihnen sofort gemeldet. Daf\u00fcr sind die Benachrichtigungen innerhalb der App besonders praktisch.<\/p>\n\n\n\n<figure class=\"wp-block-image\"><img decoding=\"async\" src=\" https:\/\/www.quartix.com\/content\/uploads\/2021\/04\/vehicle-traking-delivery-driver-.png\" alt=\"\"\/><\/figure>\n\n\n\n<h2 class=\"wp-block-heading\">Kilometerleistung unkompliziert melden<\/h2>\n\n\n\n<p>Dank der Auto-Ortung sind Sie in der Lage, sowohl private als auch gesch\u00e4ftliche Fahrten genau nachzuvollziehen. Somit ist die Kilometerleistung transparent und Sie stellen sicher, dass Sie nur die gesch\u00e4ftlichen Fahrten in Ihr Abrechnungssystem aufnehmen.<\/p>\n\n\n\n<p>Die verschiedenen <a href=\"\/de-de\/fahrzeugortung\/konfiguration\/\" target=\"_blank\" rel=\"noopener\">Konfigurationsm\u00f6glichkeiten<\/a> von Quartix bieten Ihnen eine benutzerdefinierte Ortungsl\u00f6sung, die sich optimal in Ihre vorhandenen Systeme integrieren l\u00e4sst. Personalisieren Sie die Auto-Ortung, um beste Ergebnisse f\u00fcr Ihr Unternehmen zu erzielen.<\/p>\n\n\n\n<h2 class=\"wp-block-heading\">Verwaltungsaufwand durch automatische Berichte durch das Auto-Ortungssystem reduzieren<\/h2>\n\n\n\n<p>Eine GPS-Ortung f\u00fcr Autos bedeutet auch, dass sich Ihr Verwaltungsaufwand reduziert. Denn die automatischen Berichte des Trackingsystems lassen sich direkt in die Buchhaltungssoftware integrieren. Somit sparen Sie Zeit und Personal, denn es fallen keine manuellen Eintr\u00e4ge mehr an.<\/p>\n\n\n\n<p>Mit den <a href=\"\/de-de\/fahrzeugortung\/verwaltungstools\/\" target=\"_blank\" rel=\"noopener\">Flottenmanagement-Optionen von Quartix <\/a>haben Sie au\u00dferdem die M\u00f6glichkeit, Ihre Flotte deutlich effizienter zu organisieren. T\u00dcV-Benachrichtigungen, aktuelle Kilometerst\u00e4nde und viele weitere Informationen zu den Autos sehen Sie stets auf einen Blick im Dashboard.<\/p>\n\n\n\n<h2 class=\"wp-block-heading\" id=\"Diese-Unternehmen-profitieren-von-der-GPS-Ortung-f\u00fcr-Autos\">Diese Unternehmen profitieren von der GPS-Ortung f\u00fcr Autos<\/h2>\n\n\n\n<p>In New York City arbeitet Quartix mit Il Laboratorio del Gelato zusammen, einem Gro\u00dfh\u00e4ndler, Hersteller und Lieferant von italienischem Speiseeis. Der Inhaber hat sich an Quartix gewandt, um einen besseren \u00dcberblick \u00fcber die Aufenthaltsorte seiner Auslieferungsfahrer zu erhalten. Denn eine schnelle und effiziente Belieferung der Kunden ist das Ziel f\u00fcr Il Laboratorio del Gelato.<\/p>\n\n\n\n<p>Das Quartix-System zur Auto-Ortung hat es dem Unternehmen erm\u00f6glicht, einen sehr effizienten Zeitplan umzusetzen. Das Verantwortungsbewusstsein der Mitarbeiter spielt dabei eine zentrale Rolle und wird vom GPS-Ortungssystem noch weiter gef\u00f6rdert. Dieses Beispiel zeigt, dass sich Kunden auf die Quartix Auto-Ortung verlassen k\u00f6nnen.&nbsp;Erfahren Sie hier mehr dar\u00fcber, <a href=\"\/de-de\/fallstudien\/il-laboratorio-del-gelato\/\" target=\"_blank\" rel=\"noopener\">wie Il Laboratorio del <\/a><a href=\"\/de-de\/fallstudien\/il-laboratorio-del-gelato\/\" target=\"_blank\" rel=\"noopener\">Gelato<\/a><a href=\" https:\/\/www.quartix.com\/de-de\/fallstudien\/il-laboratorio-del-gelato\/\"> von Quartix profitiert hat<\/a>.<\/p>\n\n\n<section  class=\"qtx-pagebuilder-section qtx-pagebuilder-section-blockquote qtx-pagebuilder-section-blockquote-green_testimonial_with_photo \">\r\n        <div class=\"green_testimonial_with_photo \">\r\n            <div class=\"img-container\">\r\n                <a href=\"\/de-de\/fallstudien\/il-laboratorio-del-gelato\/\" target=\"_blank\" title=\"\">                <img decoding=\"async\" src=\"https:\/\/www.quartix.com\/content\/uploads\/2017\/11\/jon-synder.png\"\/>\r\n                <\/a>            <\/div>\r\n            <blockquote>\r\n                <a href=\"\/de-de\/fallstudien\/il-laboratorio-del-gelato\/\" target=\"_blank\" title=\"\"><\/a>                                <p>\u201cIn der Vergangenheit musste ich oftmals meine Fahrer anrufen oder Nachrichten schreiben, um deren Standort herauszufinden. Jetzt kann ich einfach auf die App auf meinem Smartphone schauen und ich wei\u00df genau, wo sie sich gerade befinden, und kann meinen Kunden schnell und pr\u00e4zise Lieferzeiten mitteilen.\u201d<\/p>\n                <footer>\r\n                   <cite class=\"author\">Jon Snyder, Gesch\u00e4ftsf\u00fchrer<\/cite>\r\n                   <cite class=\"author_line_2\">Il Laboratorio del Gelato<\/cite>\r\n                <\/footer>\r\n            <\/blockquote>\r\n        <\/div>\r\n        <\/section>\r\n\r\n\n\n\n<p>Rasche SERVICE ist ein mittel gro\u00dfes Unternehmen, das sich auf die Montage und den Vertrieb von Foliensystemen spezialisiert hat. Das Unternehmen kommt aus dem Raum Hannover und war auf der Suche nach L\u00f6sungen f\u00fcr die Verwaltung der mittelgro\u00dfen Flotte aus Firmenautos und Lieferwagen.<\/p>\n\n\n\n<p>Quartix konnte mit dem GPS Tracker f\u00fcr Autos eine passende L\u00f6sung bieten. Denn sowohl die Vertriebsmitarbeiter als auch die Mitarbeiter, die deutschlandweit f\u00fcr die Montage von Rasche SERVICE unterwegs sind, wollen im Blick behalten werden. Mit der neuen Fahrzeugortung m\u00fcssen die Arbeiter keine Fahrtenb\u00fccher und Arbeitszeitnachweise mehr f\u00fchren. Stattdessen kann die Quartix Auto-Ortung die passenden Stundenzettel bereitstellen. Erfahren Sie hier mehr dar\u00fcber, <a href=\"\/de-de\/fallstudien\/rasche-service\/\" target=\"_blank\" rel=\"noopener\">wie Rasche SERVICE von Quartix profitiert hat<\/a>.<\/p>\n\n\n<section  class=\"qtx-pagebuilder-section qtx-pagebuilder-section-blockquote qtx-pagebuilder-section-blockquote-green_testimonial_with_logo \">\r\n        <div class=\"green_testimonial_with_logo\">\r\n            <div class=\"speechmarks\">\r\n            <\/div>\r\n            <blockquote>\r\n                <p>\u201eWir arbeiten seit nun mehr einem Jahr erfolgreich mit Quartix zusammen und haben seit dem nichts bereut. Durch seine Flexibilit\u00e4t kommt uns das Quartix Auto-Ortungssystem sehr entgegen und ist wie f\u00fcr unsere Bed\u00fcrfnisse geschaffen. Die Kundenbetreuung erfolgt auch nach einem Jahr noch mit gro\u00dfem Engagement und l\u00e4sst sich zusammenfassend als sehr entgegenkommend, schnell und hilfreich bezeichnen.\u201c<\/p>\n                                    <footer>\r\n                                                    <img decoding=\"async\" src=\"https:\/\/www.quartix.com\/content\/uploads\/2020\/11\/logo_rasche.svg\"\/>\r\n                                                                            <div class=\"cites\">\r\n                                <cite class=\"author\">Andreas Rasche, Gesch\u00e4ftsf\u00fchrer<\/cite>\r\n                                <cite class=\"author_line_2\">Rasche SERVICE<\/cite>\r\n                            <\/div>\r\n                                            <\/footer>\r\n                            <\/blockquote>\r\n        <\/div>\r\n        <\/section>\r\n\r\n\n\n\n<h2 class=\"wp-block-heading\" id=\"So-gelingt-der-Einstieg-in-die-GPS-Ortung-f\u00fcr-Autos\">So gelingt der Einstieg in die GPS-Ortung f\u00fcr Autos<\/h2>\n\n\n\n<p>Der Einstieg in die GPS-Ortung f\u00fcr Autos ist ganz einfach. Bei Quartix profitieren Sie von einer professionellen Kundenbetreuung, die Sie bei der Installation und Einrichtung des Systems unterst\u00fctzt. Die Software ist selbsterkl\u00e4rend, sodass Sie schon bald intuitiv mit dem neuen Produkt arbeiten k\u00f6nnen.<\/p>\n\n\n\n<p>Lesen Sie unten, wie Sie das passende System f\u00fcr Ihre Bed\u00fcrfnisse finden und wie Sie damit schon nach kurzer Zeit sowohl Ressourcen als auch Aufwand sparen:<\/p>\n\n\n\n<h2 class=\"wp-block-heading\">Das richtige GPS-Ortungssystem f\u00fcr Ihr Unternehmen ausw\u00e4hlen<\/h2>\n\n\n\n<p>Bei Quartix gibt es eine gro\u00dfe Auswahl an verschiedenen GPS-Ortungssystemen f\u00fcr Fahrzeuge. Als kleines Unternehmen oder Solo-Unternehmer sind Sie mit einem der Basis-Pakete am besten beraten. Diese enthalten einfach zu installierende und zu nutzende Ger\u00e4te.<\/p>\n\n\n\n<p>Die folgenden Kriterien helfen Ihnen dabei, das passende GPS-Ortungssystem f\u00fcr Ihre Autos auszuw\u00e4hlen:<\/p>\n\n\n\n<ul class=\"wp-block-list\">\n<li>Fragen Sie zun\u00e4chst nach der <a href=\"\/de-de\/demo\/\" target=\"_blank\" rel=\"noopener\">kostenlosen Produktdemo<\/a><a href=\"\/de-de\/demo\/\">-Version<\/a>, um sich eine gute Vorstellung davon zu machen, welche Features Sie ben\u00f6tigen<\/li>\n\n\n\n<li>W\u00e4hlen Sie einen Vertrag ohne automatische Verl\u00e4ngerung, um die volle Kontrolle zu behalten<\/li>\n\n\n\n<li>W\u00e4hlen Sie eines der flexiblen Quartix Ortungsger\u00e4te, um die Installation ganz unkompliziert selbst durchf\u00fchren zu k\u00f6nnen<\/li>\n<\/ul>\n\n\n\n<p>In den Bewertungen anderer Kunden sehen Sie direkt, welche weiteren Vorteile Ihnen eine GPS-Ortung f\u00fcr Ihre Autos bringt: Sie profitieren bei uns von einem erstklassigen Kundenservice, Support rund um die Uhr, transparenten Preisen, modernsten Ger\u00e4ten und 20 Jahren Erfahrung.<\/p>\n\n\n\n<p>Informieren Sie sich hier \u00fcber die <a href=\"\/de-de\/fahrzeugortung\/ortungsgeraet\/\" target=\"_blank\" rel=\"noopener\">Ortungsger\u00e4t Optionen<\/a>.<\/p>\n\n\n\n<h2 class=\"wp-block-heading\">Mit dem richtigen Tracker f\u00fcr die Auto-Ortung Verwaltungszeit und Ressourcen sparen<\/h2>\n\n\n\n<p>Sobald Sie den geeigneten GPS-Tracker f\u00fcr Ihr Unternehmen gefunden haben, k\u00f6nnen Sie das Ger\u00e4t bestellen und installieren. Schon ab dem ersten Tag sind Sie in der Lage, Zeit und Geld zusparen. Das ist gerade f\u00fcr Unternehmen mit einem kleinen Team sehr wichtig.<\/p>\n\n\n\n<p>Das neue Ortungssystem informiert Sie automatisch \u00fcber den aktuellen Standort Ihrer Autos. Sie sehen, wie viel Zeit noch bis zur Lieferung oder bis zur Ankunft fehlt. Somit m\u00fcssen Sie Ihre Fahrer nicht mehr anrufen, sondern k\u00f6nnen Sie einfach auf der Karte in der App verfolgen. Zudem erhalten Sie die <a href=\"\/de-de\/fahrzeugortung\/arbeitszeitnachweise\/\" target=\"_blank\" rel=\"noopener\">Arbeitszeitnachweise<\/a>\u00a0 ganz einfach als E-Mail, was viel Zeit bei der Buchhaltung spart.<\/p>\n\n\n<section  class=\"qtx-pagebuilder-section qtx-pagebuilder-section-blockquote qtx-pagebuilder-section-blockquote-green_testimonial_with_logo \">\r\n        <div class=\"green_testimonial_with_logo\">\r\n            <div class=\"speechmarks\">\r\n            <\/div>\r\n            <blockquote>\r\n                <p>\u201eDie gewonnene Zeit, die durch den Einsatz von Quartix frei geworden ist, haben unsere Mitarbeiter und ich in Ideen f\u00fcr die Weiterentwicklung unserer Gesch\u00e4ftsfelder stecken k\u00f6nnen.\u201d<\/p>\n                                    <footer>\r\n                                                    <img decoding=\"async\" src=\"https:\/\/www.quartix.com\/content\/uploads\/2020\/11\/logo_rasche.svg\"\/>\r\n                                                                            <div class=\"cites\">\r\n                                <cite class=\"author\">Andreas Rasche, Gesch\u00e4ftsf\u00fchrer<\/cite>\r\n                                <cite class=\"author_line_2\">Rasche SERVICE<\/cite>\r\n                            <\/div>\r\n                                            <\/footer>\r\n                            <\/blockquote>\r\n        <\/div>\r\n        <\/section>\r\n\r\n\n\n\n<h2 class=\"wp-block-heading\" id=\"Bessere-Rendite-dank-GPS-Ortung-von-Autos\">Bessere Rendite dank GPS-Ortung von Autos<\/h2>\n\n\n\n<p>Als kleines Unternehmen oder Solo-Unternehmer ist es wichtig, alle Ausgaben zu rechtfertigen. Anhand der Ergebnisse, die Sie sich von einer GPS-Ortung Ihrer Autos erwarten d\u00fcrfen, erhalten Sie sehr gute Gr\u00fcnde f\u00fcr die Investition in ein Ortungssystem.<\/p>\n\n\n\n<p>Dazu geh\u00f6ren die folgenden Ergebnisse:<\/p>\n\n\n\r\n<section  class=\"qtx-pagebuilder-section qtx-pagebuilder-section-list \">\r\n<ul class='ticks fa-ul' style=''><li><span class='fa-li'><i class='fas fa-check-circle'><\/i><\/span>Ersparnisse beim Kraftstoff<\/li><li><span class='fa-li'><i class='fas fa-check-circle'><\/i><\/span>Ersparnisse in der Verwaltung &#8211; da Sie keine zus\u00e4tzlichen Angestellten zur Buchhaltung ben\u00f6tigen, k\u00f6nnen Sie Ihr Unternehmen anderweitig ausbauen<\/li><li><span class='fa-li'><i class='fas fa-check-circle'><\/i><\/span>Erh\u00f6hte Produktivit\u00e4t<\/li><li><span class='fa-li'><i class='fas fa-check-circle'><\/i><\/span>Weniger Nachzahlungen f\u00fcr \u00dcberstunden<\/li><\/ul><\/section>","protected":false},"excerpt":{"rendered":"<p>Wenn Sie Fahrer f\u00fcr Ihr Unternehmen besch\u00e4ftigen, ist es wichtig, nicht nur die Betriebsstunden zu erfassen, sondern auch stets eine \u00dcbersicht \u00fcber den aktuellen Standort der Autos zu behalten. Denn nur so k\u00f6nnen Sie Ihre Kunden auf dem Laufenden halten. Mit der Echtzeit GPS-Ortung f\u00fcr Autos von Quartix haben Sie Ihre Fahrer stets im Blick. [&hellip;]<\/p>\n","protected":false},"author":12,"featured_media":0,"parent":0,"menu_order":0,"comment_status":"closed","ping_status":"closed","template":"templates\/sticky-sidebar.php","meta":{"_acf_changed":false,"inline_featured_image":false,"footnotes":""},"topic":[],"qtx_campaign":[],"class_list":["post-51139","page","type-page","status-publish","hentry"],"acf":[],"yoast_head":"<!-- This site is optimized with the Yoast SEO Premium plugin v27.3 (Yoast SEO v27.3) - https:\/\/yoast.com\/product\/yoast-seo-premium-wordpress\/ -->\n<title>GPS-Ortung f\u00fcr Autos|Quartix Auto-Ortung - DE<\/title>\n<meta name=\"description\" content=\"Wie kann die GPS Ortung f\u00fcr Autos kleinen Unternehmen mit einem Fuhrpark helfen? Lernen Sie hier mehr \u00fcber die Auto Ortung von Quartix!\" \/>\n<meta name=\"robots\" content=\"index, follow, max-snippet:-1, max-image-preview:large, max-video-preview:-1\" \/>\n<link rel=\"canonical\" href=\"https:\/\/www.quartix.com\/de-de\/gps-auto-ortung\/\" \/>\n<meta property=\"og:locale\" content=\"de_DE\" \/>\n<meta property=\"og:type\" content=\"article\" \/>\n<meta property=\"og:title\" content=\"Warum die GPS Ortung f\u00fcr Autos ein Muss f\u00fcr kleine Unternehmen mit einem Fuhrpark ist\" \/>\n<meta property=\"og:description\" content=\"Wie kann die GPS Ortung f\u00fcr Autos kleinen Unternehmen mit einem Fuhrpark helfen? Lernen Sie hier mehr \u00fcber die Auto Ortung von Quartix!\" \/>\n<meta property=\"og:url\" content=\"https:\/\/www.quartix.com\/de-de\/gps-auto-ortung\/\" \/>\n<meta property=\"og:site_name\" content=\"Quartix\" \/>\n<meta property=\"article:publisher\" content=\"https:\/\/www.facebook.com\/Quartix-USA-374426386097401\/\" \/>\n<meta property=\"article:modified_time\" content=\"2025-10-06T15:47:37+00:00\" \/>\n<meta name=\"twitter:card\" content=\"summary_large_image\" \/>\n<meta name=\"twitter:site\" content=\"@QuartixUSA\" \/>\n<meta name=\"twitter:label1\" content=\"Est. reading time\" \/>\n\t<meta name=\"twitter:data1\" content=\"7 minutes\" \/>\n<!-- \/ Yoast SEO Premium plugin. -->","yoast_head_json":{"title":"GPS-Ortung f\u00fcr Autos|Quartix Auto-Ortung - DE","description":"Wie kann die GPS Ortung f\u00fcr Autos kleinen Unternehmen mit einem Fuhrpark helfen? Lernen Sie hier mehr \u00fcber die Auto Ortung von Quartix!","robots":{"index":"index","follow":"follow","max-snippet":"max-snippet:-1","max-image-preview":"max-image-preview:large","max-video-preview":"max-video-preview:-1"},"canonical":"https:\/\/www.quartix.com\/de-de\/gps-auto-ortung\/","og_locale":"de_DE","og_type":"article","og_title":"Warum die GPS Ortung f\u00fcr Autos ein Muss f\u00fcr kleine Unternehmen mit einem Fuhrpark ist","og_description":"Wie kann die GPS Ortung f\u00fcr Autos kleinen Unternehmen mit einem Fuhrpark helfen? Lernen Sie hier mehr \u00fcber die Auto Ortung von Quartix!","og_url":"https:\/\/www.quartix.com\/de-de\/gps-auto-ortung\/","og_site_name":"Quartix","article_publisher":"https:\/\/www.facebook.com\/Quartix-USA-374426386097401\/","article_modified_time":"2025-10-06T15:47:37+00:00","twitter_card":"summary_large_image","twitter_site":"@QuartixUSA","twitter_misc":{"Est. reading time":"7 minutes"},"schema":{"@context":"https:\/\/schema.org","@graph":[{"@type":"WebPage","@id":"https:\/\/www.quartix.com\/de-de\/gps-auto-ortung\/","url":"https:\/\/www.quartix.com\/de-de\/gps-auto-ortung\/","name":"GPS-Ortung f\u00fcr Autos|Quartix Auto-Ortung","isPartOf":{"@id":"https:\/\/www.quartix.com\/de-de\/#website"},"datePublished":"2021-04-22T16:26:25+00:00","dateModified":"2025-10-06T15:47:37+00:00","description":"Wie kann die GPS Ortung f\u00fcr Autos kleinen Unternehmen mit einem Fuhrpark helfen? Lernen Sie hier mehr \u00fcber die Auto Ortung von Quartix!","breadcrumb":{"@id":"https:\/\/www.quartix.com\/de-de\/gps-auto-ortung\/#breadcrumb"},"inLanguage":"de-DE","potentialAction":[{"@type":"ReadAction","target":["https:\/\/www.quartix.com\/de-de\/gps-auto-ortung\/"]}]},{"@type":"BreadcrumbList","@id":"https:\/\/www.quartix.com\/de-de\/gps-auto-ortung\/#breadcrumb","itemListElement":[{"@type":"ListItem","position":1,"name":"Startseite","item":"https:\/\/www.quartix.com\/de-de\/"},{"@type":"ListItem","position":2,"name":"Warum die GPS Ortung f\u00fcr Autos ein Muss f\u00fcr kleine Unternehmen mit einem Fuhrpark ist"}]},{"@type":"WebSite","@id":"https:\/\/www.quartix.com\/de-de\/#website","url":"https:\/\/www.quartix.com\/de-de\/","name":"Quartix","description":"Real-time vehicle tracking","publisher":{"@id":"https:\/\/www.quartix.com\/de-de\/#organization"},"potentialAction":[{"@type":"SearchAction","target":{"@type":"EntryPoint","urlTemplate":"https:\/\/www.quartix.com\/de-de\/?s={search_term_string}"},"query-input":{"@type":"PropertyValueSpecification","valueRequired":true,"valueName":"search_term_string"}}],"inLanguage":"de-DE"},{"@type":"Organization","@id":"https:\/\/www.quartix.com\/de-de\/#organization","name":"Quartix","url":"https:\/\/www.quartix.com\/de-de\/","logo":{"@type":"ImageObject","inLanguage":"de-DE","@id":"https:\/\/www.quartix.com\/de-de\/#\/schema\/logo\/image\/","url":"https:\/\/www.quartix.com\/content\/uploads\/2019\/02\/quartix-logo-eur.svg","contentUrl":"https:\/\/www.quartix.com\/content\/uploads\/2019\/02\/quartix-logo-eur.svg","width":1,"height":1,"caption":"Quartix"},"image":{"@id":"https:\/\/www.quartix.com\/de-de\/#\/schema\/logo\/image\/"},"sameAs":["https:\/\/www.facebook.com\/Quartix-USA-374426386097401\/","https:\/\/x.com\/QuartixUSA","https:\/\/www.linkedin.com\/company\/5346733\/","https:\/\/www.youtube.com\/channel\/UCzS-_GMfHF4kWiCheyIRrAQ"]}]}},"_links":{"self":[{"href":"https:\/\/www.quartix.com\/de-de\/wp-json\/wp\/v2\/pages\/51139","targetHints":{"allow":["GET"]}}],"collection":[{"href":"https:\/\/www.quartix.com\/de-de\/wp-json\/wp\/v2\/pages"}],"about":[{"href":"https:\/\/www.quartix.com\/de-de\/wp-json\/wp\/v2\/types\/page"}],"author":[{"embeddable":true,"href":"https:\/\/www.quartix.com\/de-de\/wp-json\/wp\/v2\/users\/12"}],"replies":[{"embeddable":true,"href":"https:\/\/www.quartix.com\/de-de\/wp-json\/wp\/v2\/comments?post=51139"}],"version-history":[{"count":1,"href":"https:\/\/www.quartix.com\/de-de\/wp-json\/wp\/v2\/pages\/51139\/revisions"}],"predecessor-version":[{"id":125270,"href":"https:\/\/www.quartix.com\/de-de\/wp-json\/wp\/v2\/pages\/51139\/revisions\/125270"}],"wp:attachment":[{"href":"https:\/\/www.quartix.com\/de-de\/wp-json\/wp\/v2\/media?parent=51139"}],"wp:term":[{"taxonomy":"topic","embeddable":true,"href":"https:\/\/www.quartix.com\/de-de\/wp-json\/wp\/v2\/topic?post=51139"},{"taxonomy":"qtx_campaign","embeddable":true,"href":"https:\/\/www.quartix.com\/de-de\/wp-json\/wp\/v2\/qtx_campaign?post=51139"}],"curies":[{"name":"wp","href":"https:\/\/api.w.org\/{rel}","templated":true}]}}