{"id":59055,"date":"2021-06-04T15:22:12","date_gmt":"2021-06-04T14:22:12","guid":{"rendered":"https:\/\/www.quartix.com\/?page_id=59055"},"modified":"2025-10-13T15:38:48","modified_gmt":"2025-10-13T14:38:48","slug":"kostenloses-testangebot","status":"publish","type":"page","link":"https:\/\/www.quartix.com\/de-de\/kostenloses-testangebot\/","title":{"rendered":"Kostenloses Testangebot"},"content":{"rendered":"\n<div class=\"wp-block-columns is-layout-flex wp-container-core-columns-is-layout-28f84493 wp-block-columns-is-layout-flex\">\n<div class=\"wp-block-column is-layout-flow wp-block-column-is-layout-flow\">\n<figure class=\"wp-block-image\"><img decoding=\"async\" src=\" https:\/\/www.quartix.com\/content\/uploads\/2021\/06\/QX0037_free_trial_DE_animation_800.gif\" alt=\"\"\/><\/figure>\n\n\n\n<p>*Gesch\u00e4ftsbedingungen gelten<\/p>\n<\/div>\n\n\n\n<div class=\"wp-block-column is-layout-flow wp-block-column-is-layout-flow\">\n<h2 class=\"wp-block-heading\" id=\"h-erfahren-sie-wie-quartix-ihrem-unternehmen-mit-unserer-kostenlosen-30-tage-testversion-helfen-kann\">Erfahren Sie, wie Quartix Ihrem Unternehmen mit unserer kostenlosen 30-Tage-Testversion helfen kann<\/h2>\n\n\n\n<p>Sehen Sie sich die Ergebnisse mit der Fahrzeugverfolgung von Quartix an, bevor Sie sich anmelden<\/p>\n\n\n\n<div class=\"wpcf7 no-js\" id=\"wpcf7-f72301-o1\" lang=\"de-DE\" dir=\"ltr\" data-wpcf7-id=\"72301\">\n<div class=\"screen-reader-response\"><p role=\"status\" aria-live=\"polite\" aria-atomic=\"true\"><\/p> <ul><\/ul><\/div>\n<form action=\"\/de-de\/wp-json\/wp\/v2\/pages\/59055#wpcf7-f72301-o1\" method=\"post\" class=\"wpcf7-form init\" aria-label=\"Contact form\" novalidate=\"novalidate\" data-status=\"init\">\n<fieldset class=\"hidden-fields-container\"><input type=\"hidden\" name=\"_wpcf7\" value=\"72301\" \/><input type=\"hidden\" name=\"_wpcf7_version\" value=\"6.1.5\" \/><input type=\"hidden\" name=\"_wpcf7_locale\" value=\"de_DE\" \/><input type=\"hidden\" name=\"_wpcf7_unit_tag\" value=\"wpcf7-f72301-o1\" \/><input type=\"hidden\" name=\"_wpcf7_container_post\" value=\"0\" \/><input type=\"hidden\" name=\"_wpcf7_posted_data_hash\" value=\"\" \/><input type=\"hidden\" name=\"_wpcf7cf_hidden_group_fields\" value=\"[]\" \/><input type=\"hidden\" name=\"_wpcf7cf_hidden_groups\" value=\"[]\" \/><input type=\"hidden\" name=\"_wpcf7cf_visible_groups\" value=\"[]\" \/><input type=\"hidden\" name=\"_wpcf7cf_repeaters\" value=\"[]\" \/><input type=\"hidden\" name=\"_wpcf7cf_steps\" value=\"{}\" \/><input type=\"hidden\" name=\"_wpcf7cf_options\" value=\"{&quot;form_id&quot;:72301,&quot;conditions&quot;:[],&quot;settings&quot;:{&quot;animation&quot;:&quot;yes&quot;,&quot;animation_intime&quot;:200,&quot;animation_outtime&quot;:200,&quot;conditions_ui&quot;:&quot;normal&quot;,&quot;notice_dismissed&quot;:false,&quot;notice_dismissed_update-cf7-6.0&quot;:true,&quot;notice_dismissed_update-cf7-6.0.1&quot;:true,&quot;notice_dismissed_update-cf7-6.0.2&quot;:true,&quot;notice_dismissed_rollback-cf7-6.0.5&quot;:true}}\" \/><input type=\"hidden\" name=\"_wpcf7_recaptcha_response\" value=\"\" \/>\n<\/fieldset>\n<div class=\"input-wrapper\"><span class=\"icon icon-face\"><\/span><span class=\"wpcf7-form-control-wrap\" data-name=\"first_name\"><input size=\"40\" maxlength=\"400\" class=\"wpcf7-form-control wpcf7-text wpcf7-validates-as-required\" aria-required=\"true\" aria-invalid=\"false\" placeholder=\"Vorname *\" value=\"\" type=\"text\" name=\"first_name\" \/><\/span><span class=\"wpcf7-form-control-wrap\" data-name=\"last_name\"><input size=\"40\" maxlength=\"400\" class=\"wpcf7-form-control wpcf7-text wpcf7-validates-as-required\" aria-required=\"true\" aria-invalid=\"false\" placeholder=\"Nachname *\" value=\"\" type=\"text\" name=\"last_name\" \/><\/span><\/div>\n<div class=\"input-wrapper\"><span class=\"icon icon-envelope\"><\/span><span class=\"wpcf7-form-control-wrap\" data-name=\"email\"><input size=\"40\" maxlength=\"400\" class=\"wpcf7-form-control wpcf7-email wpcf7-validates-as-required wpcf7-text wpcf7-validates-as-email\" aria-required=\"true\" aria-invalid=\"false\" placeholder=\"E-Mail *\" value=\"\" type=\"email\" name=\"email\" \/><\/span><\/div>\n<div class=\"input-wrapper\"><span class=\"icon icon-company\"><\/span><span class=\"wpcf7-form-control-wrap\" data-name=\"company\"><input size=\"40\" maxlength=\"400\" class=\"wpcf7-form-control wpcf7-text wpcf7-validates-as-required\" aria-required=\"true\" aria-invalid=\"false\" placeholder=\"Firmenname *\" value=\"\" type=\"text\" name=\"company\" \/><\/span><\/div>\n<div class=\"input-wrapper\"><span class=\"icon icon-telephone\"><\/span><span class=\"wpcf7-form-control-wrap\" data-name=\"phone\"><input size=\"40\" maxlength=\"400\" class=\"wpcf7-form-control wpcf7-tel wpcf7-validates-as-required wpcf7-text wpcf7-validates-as-tel\" aria-required=\"true\" aria-invalid=\"false\" placeholder=\"Telefon *\" value=\"\" type=\"tel\" name=\"phone\" \/><\/span><\/div>\n<div class=\"input-wrapper\"><span class=\"icon icon-vehicles\"><\/span><span class=\"wpcf7-form-control-wrap\" data-name=\"number_of_vehicles\"><input class=\"wpcf7-form-control wpcf7-number wpcf7-validates-as-required wpcf7-validates-as-number\" min=\"1\" aria-required=\"true\" aria-invalid=\"false\" placeholder=\"Anzahl der Fahrzeuge *\" value=\"\" type=\"number\" name=\"number_of_vehicles\" \/><\/span><\/div>\n<input type=\"hidden\" name=\"thankyouURL\" value=\"\/de-de\/dankeshe-kostenlose-testphase\/\" class=\"wpcf7-form-control wpcf7-hidden\" id=\"thankyouURL\">\n<input class=\"wpcf7-form-control wpcf7-hidden\" value=\"\" type=\"hidden\" name=\"pardot_extra_field\" \/>\n<input type=\"hidden\" name=\"page_title\" value=\"No post title\" class=\"wpcf7-form-control wpcf7-hidden\">\n<div class=\"recatpcha-text\">Diese Website ist durch reCAPTCHA gesch\u00fctzt und es gelten die <a href=\"https:\/\/policies.google.com\/privacy?hl=de\">Datenschutzbestimmungen<\/a> und <a href=\"https:\/\/policies.google.com\/terms?hl=de\">Nutzungsbedingungen<\/a> von Google.<\/div>\n<div class=\"input-wrapper\"><input class=\"wpcf7-form-control wpcf7-submit has-spinner icon-plane\" type=\"submit\" value=\"Kostenlose Testversion anfordern\" \/><\/div><div class=\"wpcf7-response-output\" aria-hidden=\"true\"><\/div>\n<\/form>\n<\/div>\n\n<\/div>\n<\/div>\n\n\n<section  class=\"qtx-pagebuilder-section qtx-pagebuilder-section-blockquote qtx-pagebuilder-section-blockquote-green_testimonial_with_logo \">\r\n        <div class=\"green_testimonial_with_logo\">\r\n            <div class=\"speechmarks\">\r\n            <\/div>\r\n            <blockquote>\r\n                <p>\u201cQuartix-Fahrzeugortung ist ein einfaches, effektives, kosteng\u00fcnstiges System. Es ist \u00fcbersichtlich und bietet eigentlich alle Funktionen, die man f\u00fcr unsere Verh\u00e4ltnisse braucht. F\u00fcr uns ist es ideal.\u201d<\/p>\n                                    <footer>\r\n                                                                            <div class=\"cites\">\r\n                                <cite class=\"author\">Andreas Rasche<\/cite>\r\n                                <cite class=\"author_line_2\">Gesch\u00e4ftsf\u00fchrer, Rasche Service Folientechnik und Shopkonzepte<\/cite>\r\n                            <\/div>\r\n                                            <\/footer>\r\n                            <\/blockquote>\r\n        <\/div>\r\n        <\/section>\r\n\r\n\n\n\n<div class=\"wp-block-columns is-layout-flex wp-container-core-columns-is-layout-28f84493 wp-block-columns-is-layout-flex\">\n<div class=\"wp-block-column is-layout-flow wp-block-column-is-layout-flow\">\n<figure class=\"wp-block-image\"><img decoding=\"async\" src=\" https:\/\/www.quartix.com\/content\/uploads\/2021\/05\/DE_laptop-and-phone-only_tracking.png\" alt=\"\"\/><\/figure>\n\n\n\r\n<section  class=\"qtx-pagebuilder-section qtx-pagebuilder-section-list \">\r\n<ul class='ticks fa-ul' style=''><li><span class='fa-li'><i class='fas fa-check-circle'><\/i><\/span>Echtzeit-Tracking Ihrer Fahrzeuge<\/li><li><span class='fa-li'><i class='fas fa-check-circle'><\/i><\/span>Reduzieren Sie Ihre Kraftstoff-, Fahrzeugwartungs- und Reparaturkosten<\/li><li><span class='fa-li'><i class='fas fa-check-circle'><\/i><\/span>Eliminieren Sie Ihren Zeitaufwand mit zuverl\u00e4ssigen Kilometer- und Stundennachweisen<\/li><li><span class='fa-li'><i class='fas fa-check-circle'><\/i><\/span>Erhalten Sie umsetzbare Einblicke in die Flotte<\/li><\/ul><\/section><\/div>\n\n\n\n<div class=\"wp-block-column is-layout-flow wp-block-column-is-layout-flow\">\n<h2 class=\"wp-block-heading\" id=\"h-software-die-eine-effiziente-flotte-antreibt\">Software, die eine effiziente Flotte antreibt<\/h2>\n\n\n\n<p>F\u00fcr die Dauer Ihrer Testphase k\u00f6nnen Sie Ihr ausgew\u00e4hltes Fahrzeug mit unserem Plug-and-Track-Ger\u00e4t orten. Dadurch  sehen Sie, wie das System funktioniert und wie Quartix Ihrem Unternehmen auf vielf\u00e4ltige Weise zugute kommt.<\/p>\n\n\n\r\n<section  class=\"qtx-pagebuilder-section qtx-pagebuilder-section-list \">\r\n<ul class='ticks fa-ul' style='0'><li><span class='fa-li'><i class='fas fa-check-circle'><\/i><\/span>Produktivit\u00e4t steigern und Personalstunden \u00fcberpr\u00fcfen.<\/li><li><span class='fa-li'><i class='fas fa-check-circle'><\/i><\/span>Verbessern Sie Ihren Fahrstil mit ausf\u00fchrlichen Analysen und Berichten.<\/li><li><span class='fa-li'><i class='fas fa-check-circle'><\/i><\/span>Wissen, wann Fahrer in definierte Zonen ein- und ausfahren.<\/li><li><span class='fa-li'><i class='fas fa-check-circle'><\/i><\/span>Passen Sie Standortdaten an und erhalten Sie E-Mail-Benachrichtigungen.<\/li><li><span class='fa-li'><i class='fas fa-check-circle'><\/i><\/span>Vorausplanen mit integrierten Wartungserinnerungen.<\/li><\/ul><\/section>\n\n\n<p>Plug and Track ist eine einfache OBD-Fahrzeugortungsoption zur Selbstinstallation, die sich perfekt f\u00fcr Ihre kostenlose Testversion eignet. Sie k\u00f6nnen mit diesem Ger\u00e4tetyp fortfahren oder sich f\u00fcr ein fest verdrahtetes Ortungsger\u00e4t entscheiden, sobald Sie sich entschieden haben, Quartix-Fahrzeugortung f\u00fcr Ihre Flotte zu verwenden.<\/p>\n<\/div>\n<\/div>\n\n\n\n<div class=\"wp-block-columns is-layout-flex wp-container-core-columns-is-layout-28f84493 wp-block-columns-is-layout-flex\">\n<div class=\"wp-block-column is-layout-flow wp-block-column-is-layout-flow\">\n<h2 class=\"wp-block-heading\" id=\"h-schnelle-und-quantifizierbare-einsparungen\">Schnelle und quantifizierbare Einsparungen<\/h2>\n\n\n\r\n<section  class=\"qtx-pagebuilder-section qtx-pagebuilder-section-list \">\r\n<ul class='ticks fa-ul' style=''><li><span class='fa-li'><i class='fas fa-check-circle'><\/i><\/span>25 % weniger Kraftstoffverbrauch<\/li><li><span class='fa-li'><i class='fas fa-check-circle'><\/i><\/span>15 % Steigerung der Gesamtproduktivit\u00e4t<\/li><li><span class='fa-li'><i class='fas fa-check-circle'><\/i><\/span>15% Reduzierung der \u00dcberstunden der Mitarbeiter<\/li><li><span class='fa-li'><i class='fas fa-check-circle'><\/i><\/span>20 % h\u00f6here Fahrzeugauslastung<\/li><li><span class='fa-li'><i class='fas fa-check-circle'><\/i><\/span>10 % weniger gefahrene Kilometer<\/li><\/ul><\/section>\n\n\n<p>*Frost &amp; Sullivan 2015<\/p>\n<\/div>\n\n\n\n<div class=\"wp-block-column is-layout-flow wp-block-column-is-layout-flow\">\n<figure class=\"wp-block-image\"><img decoding=\"async\" src=\" https:\/\/www.quartix.com\/content\/uploads\/2019\/06\/save-euros-946x1000.png\" alt=\"save image euros\"\/><\/figure>\n<\/div>\n<\/div>\n","protected":false},"excerpt":{"rendered":"<p>*Gesch\u00e4ftsbedingungen gelten Erfahren Sie, wie Quartix Ihrem Unternehmen mit unserer kostenlosen 30-Tage-Testversion helfen kann Sehen Sie sich die Ergebnisse mit der Fahrzeugverfolgung von Quartix an, bevor Sie sich anmelden Software, die eine effiziente Flotte antreibt F\u00fcr die Dauer Ihrer Testphase k\u00f6nnen Sie Ihr ausgew\u00e4hltes Fahrzeug mit unserem Plug-and-Track-Ger\u00e4t orten. Dadurch sehen Sie, wie das System [&hellip;]<\/p>\n","protected":false},"author":12,"featured_media":0,"parent":0,"menu_order":6025,"comment_status":"closed","ping_status":"closed","template":"","meta":{"_acf_changed":false,"inline_featured_image":false,"footnotes":""},"topic":[],"qtx_campaign":[],"class_list":["post-59055","page","type-page","status-publish","hentry"],"acf":[],"yoast_head":"<!-- This site is optimized with the Yoast SEO Premium plugin v27.3 (Yoast SEO v27.3) - https:\/\/yoast.com\/product\/yoast-seo-premium-wordpress\/ -->\n<title>Ausprobieren bevor Sie es kaufen - DE<\/title>\n<meta name=\"description\" content=\"Erfahren Sie, wie Quartix Ihrem Unternehmen mit unserer kostenlosen 30-Tage-Testversion helfen kann\" \/>\n<meta name=\"robots\" content=\"noindex, nofollow\" \/>\n<meta property=\"og:locale\" content=\"de_DE\" \/>\n<meta property=\"og:type\" content=\"article\" \/>\n<meta property=\"og:title\" content=\"Kostenloses Testangebot\" \/>\n<meta property=\"og:description\" content=\"Erfahren Sie, wie Quartix Ihrem Unternehmen mit unserer kostenlosen 30-Tage-Testversion helfen kann\" \/>\n<meta property=\"og:url\" content=\"https:\/\/www.quartix.com\/de-de\/kostenloses-testangebot\/\" \/>\n<meta property=\"og:site_name\" content=\"Quartix\" \/>\n<meta property=\"article:publisher\" content=\"https:\/\/www.facebook.com\/Quartix-USA-374426386097401\/\" \/>\n<meta property=\"article:modified_time\" content=\"2025-10-13T14:38:48+00:00\" \/>\n<meta name=\"twitter:card\" content=\"summary_large_image\" \/>\n<meta name=\"twitter:site\" content=\"@QuartixUSA\" \/>\n<meta name=\"twitter:label1\" content=\"Est. reading time\" \/>\n\t<meta name=\"twitter:data1\" content=\"2 minutes\" \/>\n<!-- \/ Yoast SEO Premium plugin. -->","yoast_head_json":{"title":"Ausprobieren bevor Sie es kaufen - DE","description":"Erfahren Sie, wie Quartix Ihrem Unternehmen mit unserer kostenlosen 30-Tage-Testversion helfen kann","robots":{"index":"noindex","follow":"nofollow"},"og_locale":"de_DE","og_type":"article","og_title":"Kostenloses Testangebot","og_description":"Erfahren Sie, wie Quartix Ihrem Unternehmen mit unserer kostenlosen 30-Tage-Testversion helfen kann","og_url":"https:\/\/www.quartix.com\/de-de\/kostenloses-testangebot\/","og_site_name":"Quartix","article_publisher":"https:\/\/www.facebook.com\/Quartix-USA-374426386097401\/","article_modified_time":"2025-10-13T14:38:48+00:00","twitter_card":"summary_large_image","twitter_site":"@QuartixUSA","twitter_misc":{"Est. reading time":"2 minutes"},"schema":{"@context":"https:\/\/schema.org","@graph":[{"@type":"WebPage","@id":"https:\/\/www.quartix.com\/de-de\/kostenloses-testangebot\/","url":"https:\/\/www.quartix.com\/de-de\/kostenloses-testangebot\/","name":"Ausprobieren bevor Sie es kaufen","isPartOf":{"@id":"https:\/\/www.quartix.com\/de-de\/#website"},"datePublished":"2021-06-04T14:22:12+00:00","dateModified":"2025-10-13T14:38:48+00:00","description":"Erfahren Sie, wie Quartix Ihrem Unternehmen mit unserer kostenlosen 30-Tage-Testversion helfen kann","breadcrumb":{"@id":"https:\/\/www.quartix.com\/de-de\/kostenloses-testangebot\/#breadcrumb"},"inLanguage":"de-DE","potentialAction":[{"@type":"ReadAction","target":["https:\/\/www.quartix.com\/de-de\/kostenloses-testangebot\/"]}]},{"@type":"BreadcrumbList","@id":"https:\/\/www.quartix.com\/de-de\/kostenloses-testangebot\/#breadcrumb","itemListElement":[{"@type":"ListItem","position":1,"name":"Startseite","item":"https:\/\/www.quartix.com\/de-de\/"},{"@type":"ListItem","position":2,"name":"Kostenloses Testangebot"}]},{"@type":"WebSite","@id":"https:\/\/www.quartix.com\/de-de\/#website","url":"https:\/\/www.quartix.com\/de-de\/","name":"Quartix","description":"Real-time vehicle tracking","publisher":{"@id":"https:\/\/www.quartix.com\/de-de\/#organization"},"potentialAction":[{"@type":"SearchAction","target":{"@type":"EntryPoint","urlTemplate":"https:\/\/www.quartix.com\/de-de\/?s={search_term_string}"},"query-input":{"@type":"PropertyValueSpecification","valueRequired":true,"valueName":"search_term_string"}}],"inLanguage":"de-DE"},{"@type":"Organization","@id":"https:\/\/www.quartix.com\/de-de\/#organization","name":"Quartix","url":"https:\/\/www.quartix.com\/de-de\/","logo":{"@type":"ImageObject","inLanguage":"de-DE","@id":"https:\/\/www.quartix.com\/de-de\/#\/schema\/logo\/image\/","url":"https:\/\/www.quartix.com\/content\/uploads\/2019\/02\/quartix-logo-eur.svg","contentUrl":"https:\/\/www.quartix.com\/content\/uploads\/2019\/02\/quartix-logo-eur.svg","width":1,"height":1,"caption":"Quartix"},"image":{"@id":"https:\/\/www.quartix.com\/de-de\/#\/schema\/logo\/image\/"},"sameAs":["https:\/\/www.facebook.com\/Quartix-USA-374426386097401\/","https:\/\/x.com\/QuartixUSA","https:\/\/www.linkedin.com\/company\/5346733\/","https:\/\/www.youtube.com\/channel\/UCzS-_GMfHF4kWiCheyIRrAQ"]}]}},"_links":{"self":[{"href":"https:\/\/www.quartix.com\/de-de\/wp-json\/wp\/v2\/pages\/59055","targetHints":{"allow":["GET"]}}],"collection":[{"href":"https:\/\/www.quartix.com\/de-de\/wp-json\/wp\/v2\/pages"}],"about":[{"href":"https:\/\/www.quartix.com\/de-de\/wp-json\/wp\/v2\/types\/page"}],"author":[{"embeddable":true,"href":"https:\/\/www.quartix.com\/de-de\/wp-json\/wp\/v2\/users\/12"}],"replies":[{"embeddable":true,"href":"https:\/\/www.quartix.com\/de-de\/wp-json\/wp\/v2\/comments?post=59055"}],"version-history":[{"count":1,"href":"https:\/\/www.quartix.com\/de-de\/wp-json\/wp\/v2\/pages\/59055\/revisions"}],"predecessor-version":[{"id":125460,"href":"https:\/\/www.quartix.com\/de-de\/wp-json\/wp\/v2\/pages\/59055\/revisions\/125460"}],"wp:attachment":[{"href":"https:\/\/www.quartix.com\/de-de\/wp-json\/wp\/v2\/media?parent=59055"}],"wp:term":[{"taxonomy":"topic","embeddable":true,"href":"https:\/\/www.quartix.com\/de-de\/wp-json\/wp\/v2\/topic?post=59055"},{"taxonomy":"qtx_campaign","embeddable":true,"href":"https:\/\/www.quartix.com\/de-de\/wp-json\/wp\/v2\/qtx_campaign?post=59055"}],"curies":[{"name":"wp","href":"https:\/\/api.w.org\/{rel}","templated":true}]}}