{"id":61495,"date":"2021-07-12T18:44:25","date_gmt":"2021-07-12T17:44:25","guid":{"rendered":" https:\/\/www.quartix.com\/?page_id=61495"},"modified":"2024-01-03T19:33:54","modified_gmt":"2024-01-03T18:33:54","slug":"datenschutzerklaerung-zur-gps-ortung","status":"publish","type":"page","link":"https:\/\/www.quartix.com\/de-de\/datenschutzerklaerung-zur-gps-ortung\/","title":{"rendered":"Datenschutzerkl\u00e4rung zur GPS-Ortung"},"content":{"rendered":"\n<p>Diese Datenschutzerkl\u00e4rung betrifft Kunden, die das Ortungssystem von Quartix verwenden. Bei Fragen zu diesen Informationen wenden Sie sich bitte an<a href=\"mailto:info@quartix.fr\"> anfragen@quartix.de<\/a>.<\/p>\n\n\n\n<h3 class=\"wp-block-heading\">Welche Informationen erheben wir?<\/h3>\n\n\n\n<p>Wir erheben Daten, um Fahrzeuge zu orten, Dienstleistungen zur Ortung von Fahrzeugen anzubieten und mit dem Kundenunternehmen zu kommunizieren, f\u00fcr das die Ortung des Fahrzeugs durchgef\u00fchrt wird. Diese Daten umfassen personenbezogene Daten wie beispielsweise Folgende:<\/p>\n\n\n\n<ul class=\"wp-block-list\">\n<li>Name<\/li>\n\n\n\n<li>Adresse(n)&nbsp;\u2013 privat&nbsp;\/ dienstlich&nbsp;\/ andere wichtige Adressen<\/li>\n\n\n\n<li>Telefonnummer(n)<\/li>\n\n\n\n<li>E-Mail-Adresse(n)<\/li>\n\n\n\n<li>Fahrzeugstandortdaten vom GPS einschlie\u00dflich Datum und Uhrzeit vom Ortungsger\u00e4t<\/li>\n\n\n\n<li>Kameraaufzeichnungsdaten bei Verwendung einer angeschlossenen Kamera (&#8220;Dashcam&#8221;)<\/li>\n<\/ul>\n\n\n\n<p>Im Bereich des Versicherungsgesch\u00e4fts fungiert als Kundenunternehmen der Versicherer des Fahrers, der unseren Service \u00fcber Dritte in Anspruch nehmen kann. Zu den personenbezogenen Daten, die uns zur Verf\u00fcgung gestellt werden, geh\u00f6rt auch das Geburtsdatum.<\/p>\n\n\n\n<p>Weitere Daten, die das Ger\u00e4t vom Ortungsger\u00e4t \/ Dashcam erfasst, sind:<\/p>\n\n\n\n<ul class=\"wp-block-list\">\n<li>Z\u00fcndzustand des Fahrzeugs<\/li>\n\n\n\n<li>Geschwindigkeit und Fahrtrichtung des Fahrzeugs<\/li>\n\n\n\n<li>Beschleunigungs- und Bremsdaten des Fahrzeugs in 3&nbsp;Dimensionen<\/li>\n\n\n\n<li>Daten zur Ausrichtung des Ortungsger\u00e4ts, zur Signalst\u00e4rke und sichtbaren GPS-Satelliten<\/li>\n\n\n\n<li>Schl\u00fcsselanh\u00e4nger zur Fahrererkennung, falls montiert<\/li>\n\n\n\n<li>Zus\u00e4tzliche drahtgebundene Eingabedaten, sofern vorhanden, z.&nbsp;B. Temperatur\u00fcberwachung, Status angeschlossener Ger\u00e4te (Ladebordwand, Pumpe, Streuausr\u00fcstung, M\u00e4hausr\u00fcstung usw.), Fahrzeugt\u00fcr offen\/geschlossen oder Beladungszustand des Fahrzeugs.<\/li>\n<\/ul>\n\n\n\n<p>Daten, die nicht vom Ortungsger\u00e4t \/ Dashcam stammen, werden von dem Kundenunternehmen bereitgestellt und gepflegt, das uns beauftragt hat. Die Fahrzeugstandortdaten werden verarbeitet, um eine Adresse f\u00fcr den Standort zu ermitteln, und k\u00f6nnen auch Informationen zum Fahrstil und zur Fahrzeit f\u00fcr das Kundenunternehmen bereitstellen.<\/p>\n\n\n\n<h3 class=\"wp-block-heading\">Wof\u00fcr verwenden wir die Informationen?<\/h3>\n\n\n\n<p>Wir verwenden Ihre Informationen, um den Service zu erbringen, mit dem wir vom Kundenunternehmen beauftragt wurden. Dabei k\u00f6nnte es sich um Ihren Arbeitgeber, ein Unternehmen, mit dem Sie vertraglich verbunden sind, oder Ihre Versicherungsgesellschaft handeln. Das Kundenunternehmen ist der f\u00fcr die Datenverarbeitung Verantwortliche, f\u00fcr den wir als Auftragsverarbeiter t\u00e4tig sind. Der Verantwortliche ist gehalten, die betroffenen Personen \u00fcber seine Rechtsgrundlage f\u00fcr die Verarbeitung und den Zweck&nbsp;\/ die Zwecke der Verarbeitung bei der Nutzung unseres Services zu informieren.<\/p>\n\n\n\n<p>Der von Quartix angebotene Service entspricht der Beschreibung auf unseren Produktseiten, darunter:<\/p>\n\n\n\n<ul class=\"wp-block-list\">\n<li>Echtzeit-Fahrzeugortung einschlie\u00dflich Anzeige auf Karten.<\/li>\n\n\n\n<li>Fahrzeug-Fahrtenprotokolle und -berichte einschlie\u00dflich Anzeige auf Karten.<\/li>\n\n\n\n<li>Zeiterfassungsberichte mit Kilometerstand, Fahrzeuggeschwindigkeiten, Lenkzeiten, Leerlaufzeit und Zeit am Standort.<\/li>\n\n\n\n<li>Fahrstildaten zu Beschleunigung, Bremsverhalten und Geschwindigkeit im Vergleich zu anderen Fahrzeugen.<\/li>\n\n\n\n<li>Geofencing und Warnmeldungen zwecks Markierung von Aktivit\u00e4ten an bestimmten Standorten.<\/li>\n\n\n\n<li>Anzeige von Kamerabildern, wenn eine Dashcam verwendet wird.<\/li>\n<\/ul>\n\n\n\n<h3 class=\"wp-block-heading\">Wie sch\u00fctzen wir Ihre Informationen?<\/h3>\n\n\n\n<p>Wir setzen eine Vielzahl von Sicherheitsma\u00dfnahmen ein, um die Sicherheit Ihrer personenbezogenen Informationen zu gew\u00e4hrleisten. F\u00fcr den Zugriff auf die Ortungsanwendung mit Zugriff auf die Funktionen sind sichere Zugangsdaten erforderlich, wobei der Systemadministrator des Kundenunternehmens \u00fcber die Verf\u00fcgbarkeit der je Nutzerkonto verf\u00fcgbaren Funktion entscheidet.<\/p>\n\n\n\n<p>Alle zur Verf\u00fcgung gestellten sensiblen bzw. Kreditinformationen werden \u00fcber die SSL-Technologie (Secure Socket Layer) \u00fcbertragen und dann in der Datenbank unseres Zahlungsgateway-Anbieters verschl\u00fcsselt, sodass nur Personen darauf zugreifen k\u00f6nnen, die \u00fcber besondere Zugriffsrechte f\u00fcr diese Systeme verf\u00fcgen und zudem verpflichtet sind, die Informationen vertraulich zu behandeln.<\/p>\n\n\n\n<p>Nach einem Gesch\u00e4ftsvorfall werden Ihre privaten Informationen (Kreditkarten-, Sozialversicherungsnummern, Finanzdaten&nbsp;etc.) nicht l\u00e4nger als 60&nbsp;Tage aufbewahrt.<\/p>\n\n\n\n<h3 class=\"wp-block-heading\">Werden wir Kontakt mit Ihnen aufnehmen?<\/h3>\n\n\n\n<p>Wir k\u00f6nnen im Rahmen des Services, den wir f\u00fcr das Kundenunternehmen erbringen, Kontakt mit Ihnen aufnehmen. Dazu geh\u00f6ren das Versenden von Berichten, die Vereinbarung von Terminen f\u00fcr die Installation des Fahrzeugortungsger\u00e4ts, die Besprechung von Problemen mit vom Fahrzeugortungsger\u00e4t empfangenen Daten oder die Vereinbarung von Serviceterminen zur Untersuchung von Problemen mit dem Fahrzeugortungsger\u00e4t.<\/p>\n\n\n\n<h3 class=\"wp-block-heading\">Zeichnen wir Telefonate auf?<\/h3>\n\n\n\n<p>Telefongespr\u00e4che k\u00f6nnen zu Qualit\u00e4tssicherungs- und Schulungszwecken aufgezeichnet werden.<\/p>\n\n\n\n<h3 class=\"wp-block-heading\">Verwenden wir Cookies?<\/h3>\n\n\n\n<p>Ja, Quartix verwendet Cookies.&nbsp;<\/p>\n\n\n\n<p>Cookies sind sehr kleine Textdateien, die auf Ihrem Computer gespeichert werden und dazu dienen, die Bewegungen von Benutzern auf einer Website zu verfolgen. Quartix verwendet Cookies, um Ihre Bewegungen auf unseren Websites sowie Ihre Nutzung weiterer Dienstleistungen aus unserem Angebot wie Blogs und Newslettern zu identifizieren und zu verfolgen. Sie erhalten diesen Cookie, wenn Sie eine unserer Websites besuchen, aber die damit erfassten Informationen werden 38&nbsp;Monate lang anonym gespeichert, oder bis Sie uns \u00fcber eine unserer Websites Ihre E-Mail-Adresse bekannt geben.<\/p>\n\n\n\n<p>Quartix kann zum Ausspielen von Werbung auf unseren Websites die Dienste einer Drittpartei in Anspruch nehmen. Die Werbetreibenden k\u00f6nnen Cookies verwenden, um die Anzahl der Nutzer zu verfolgen, die auf die Kampagne reagieren. Quartix hat keinen Zugriff und keine Steuerungsm\u00f6glichkeit f\u00fcr von Drittparteien gesetzte Cookies.<\/p>\n\n\n\n<p>Deaktivieren\/Aktivieren von Cookies: Nutzer haben die M\u00f6glichkeit, Cookies zu akzeptieren oder abzulehnen, indem sie die Einstellungen in ihrem Browser entsprechend \u00e4ndern. Die Deaktivierung von Cookies kann jedoch Auswirkungen auf bestimmte Funktionen haben. Weitere Anweisungen zum Deaktivieren von Cookies finden Sie unter <a href=\"http:\/\/www.allaboutcookies.org\/manage-cookies\/stop-cookies-installed.html\">http:\/\/www.allaboutcookies.org\/manage-cookies\/stop-cookies-installed.html<\/a><\/p>\n\n\n\n<p>Quartix kann zudem verschiedene Cookies f\u00fcr Marketinganalysen und E-Mail-Automatisierung verwenden. Beispielsweise verwenden wir Google Analytics, um Informationen \u00fcber die Bewegungen und Aktionen von Kunden auf unseren Websites und bei der Verwendung unserer Mobil-Apps zu erfassen. Google Analytics verwendet Cookies in Ihrem Browser zum Speichern von Daten \u00fcber Ihre Aktivit\u00e4ten auf unseren Seiten, die dann von Google gesammelt werden und die analysiert werden k\u00f6nnen, um zum Beispiel die Verwendung der Funktionen unserer Website und der Bewegungen auf ihr zu verstehen. Wir versuchen nicht, Nutzer in irgendeiner Weise pers\u00f6nlich zu identifizieren, allerdings k\u00f6nnen die Daten von Google f\u00fcr gezielte Werbung verwendet werden. Sie haben die M\u00f6glichkeit, die Verwendung von Analytics durch ihren Browser zu unterbinden, indem Sie ein Plugin von Google installieren. Dieses ist verf\u00fcgbar unter <a href=\"https:\/\/tools.google.com\/dlpage\/gaoptout\/\" target=\"_blank\" rel=\"noreferrer noopener\">https:\/\/tools.google.com\/dlpage\/gaoptout\/<\/a><\/p>\n\n\n\n<p>Quartix nutzt bei der Bereitstellung von Services auch die Google Maps API.\u00a0 Weitere Informationen hierzu finden Sie in den Datenschutzbestimmungen von Google: <a href=\"http:\/\/www.google.com\/policies\/privacy?hl=de\">http:\/\/www.google.com\/policies\/privacy?hl=de<\/a><\/p>\n\n\n\n<h3 class=\"wp-block-heading\">Legen wir Informationen gegen\u00fcber externen Drittparteien offen?<\/h3>\n\n\n\n<p>Nein, wir werden Ihre Kontaktdaten nicht an externe Dritte weitergeben. Dies bezieht sich nicht auf vertrauensw\u00fcrdige Drittparteien, die uns beim Betrieb unserer Website, der F\u00fchrung unserer Gesch\u00e4fte oder der Erbringung unserer Dienstleistungen f\u00fcr Sie unterst\u00fctzen, sofern sich diese Parteien einverstanden erkl\u00e4ren, diese Informationen vertraulich zu behandeln. Wir k\u00f6nnen Ihre Informationen auch freigeben, wenn wir der Ansicht sind, dass dies angemessen ist, um rechtliche Bestimmungen einzuhalten, die Richtlinien f\u00fcr unsere Website durchzusetzen oder die Rechte, das Eigentum oder die Sicherheit unserer selbst und anderer zu sch\u00fctzen. Nicht pers\u00f6nlich identifizierbare Informationen zu Besuchern k\u00f6nnen anderen Parteien zu Marketing-, Werbe- und anderen Zwecken zur Verf\u00fcgung gestellt werden.<\/p>\n\n\n\n<p>Gelegentlich k\u00f6nnen wir nach eigenem Ermessen auch Produkte oder Services von Drittparteien in unsere Website einbinden oder dort anbieten. Diese Websites von Drittparteien haben gesonderte und unabh\u00e4ngige Datenschutzrichtlinien. Wir \u00fcbernehmen daher keine Verantwortung oder Haftung f\u00fcr den Inhalt und die Aktivit\u00e4ten dieser verkn\u00fcpften Seiten. Dessen ungeachtet sind wir bem\u00fcht, die Integrit\u00e4t unserer Website zu sch\u00fctzen, und nehmen gern Feedback \u00fcber diese Websites entgegen.<\/p>\n\n\n\n<h3 class=\"wp-block-heading\">Rechte der betroffenen Personen<\/h3>\n\n\n\n<p>Nat\u00fcrliche Personen haben verschiedene Rechte in Bezug auf die \u00fcber sie gespeicherten Daten. Anfragen sind in erster Linie an das Kundenunternehmen zu richten, und Anfragen, die direkt an Quartix gerichtet werden, werden an das Kundenunternehmen weitergeleitet. Anfragen an Quartix sind an unser Support-Team zu richten, das wie unter Kontaktaufnahme beschrieben kontaktiert werden kann.<\/p>\n\n\n\n<p>a) Recht auf Unterrichtung<br>Betroffene Personen haben das Recht dar\u00fcber unterrichtet zu werden, welche personenbezogenen Daten \u00fcber sie gespeichert werden, wie diese personenbezogenen Daten verarbeitet werden und auf welcher Rechtsgrundlage und zu welchem Zweck&nbsp;\/ welchen Zwecken die Verarbeitung erfolgt. Diese Datenschutzerkl\u00e4rung enth\u00e4lt Angaben zu den gespeicherten personenbezogenen Daten und der Verarbeitung dieser personenbezogenen Daten, die Quartix als Auftragsverarbeiter im Auftrag des Kundenunternehmens vornimmt, das als Verantwortlicher die Rechtsgrundlage und den Zweck&nbsp;\/ die Zwecke der Verarbeitung angeben muss.<\/p>\n\n\n\n<p>b) Recht auf Auskunft<br>Betroffene Personen haben das Recht mittels einer h\u00e4ufig als \u201eAntrag auf Auskunft\u201c bezeichneten Anfrage Informationen \u00fcber ihre personenbezogenen Daten anzufordern und eine Kopie dieser Daten zu erhalten.<\/p>\n\n\n\n<p>c) Recht auf Berichtigung<br>Betroffene Personen haben das Recht auf Berichtigung oder Vervollst\u00e4ndigung unzutreffender oder unvollst\u00e4ndiger personenbezogener Daten \u00fcber sie. Die meisten personenbezogenen Daten im System von Quartix k\u00f6nnen \u00fcber die Web-Anwendung von Quartix durch einen Nutzer des Kundenunternehmens mit Administratorrechten korrigiert werden.<\/p>\n\n\n\n<p>d) Recht auf L\u00f6schung, Beschr\u00e4nkung der Verarbeitung, Daten\u00fcbertragbarkeit und Widerspruch<br>Unter bestimmten Umst\u00e4nden und in einigen F\u00e4llen vorbehaltlich bestimmter Ausnahmen haben betroffene Personen das Recht auf:<\/p>\n\n\n\n<ul class=\"wp-block-list\">\n<li>L\u00f6schung der sie betreffenden personenbezogenen Daten,<\/li>\n\n\n\n<li>Beschr\u00e4nkung der Verarbeitung der sie betreffenden personenbezogenen Daten,<\/li>\n\n\n\n<li>Erhalt der sie betreffenden personenbezogenen Daten, die sie einem Verantwortlichen zur Verf\u00fcgung gestellt haben, zur ungehinderten \u00dcbermittlung an einen anderen Verantwortlichen durch direkte \u00dcbermittlung der personenbezogenen Daten durch uns an einen anderen Verantwortlichen, sofern dies technisch machbar ist,<\/li>\n\n\n\n<li>Widerspruch gegen eine Verarbeitung, die in unserem berechtigen Interesse, zur Durchf\u00fchrung einer Aufgabe im \u00f6ffentlichen Interesse, zur Aus\u00fcbung einer dem Verantwortlichen \u00fcbertragenen hoheitlichen Befugnis oder zu Direktmarketingzwecken durchgef\u00fchrt wird.<\/li>\n<\/ul>\n\n\n\n<p>e) Automatisierte Entscheidungsfindung<br>Quartix trifft Entscheidungen in Bezug auf betroffene Personen, die rechtliche oder \u00e4hnlich bedeutsame Auswirkungen auf sie haben, nicht ausschlie\u00dflich auf der Grundlage automatisierter Verarbeitung, darunter Profiling.<\/p>\n\n\n\n<h3 class=\"wp-block-heading\">\u00dcbertragung in L\u00e4nder au\u00dferhalb der EU<\/h3>\n\n\n\n<p>Quartix wird personenbezogene Daten in L\u00e4nder au\u00dferhalb des EWR nur dann \u00fcbertragen (wobei \u201e\u00fcbertragen\u201c die Bereitstellung f\u00fcr den Ferngriff beinhaltet), wenn:<\/p>\n\n\n\n<ul class=\"wp-block-list\">\n<li>die \u00dcbertragung in ein Land (oder an eine internationale Organisation) erfolgt, die laut Feststellung der Europ\u00e4ischen Kommission ein angemessenes Datenschutzniveau bietet,<\/li>\n\n\n\n<li>von der Europ\u00e4ischen Kommission gebilligte Standardvertragsklauseln zwischen Quartix und dem au\u00dferhalb des EWR ans\u00e4ssigen Rechtstr\u00e4ger vereinbart wurden,<\/li>\n\n\n\n<li>gegebenenfalls verbindliche unternehmensinterne Regeln implementiert wurden oder die \u00dcbertragung anderweitig gem\u00e4\u00df DSGVO zul\u00e4ssig ist.<\/li>\n<\/ul>\n\n\n\n<h3 class=\"wp-block-heading\">Datenspeicherung<\/h3>\n\n\n\n<p>Die Dauer, f\u00fcr die Quartix Ortungsdaten speichert, kann mittels der Web-Anwendung von Quartix von einem Nutzer beim Kundenunternehmen mit Administratorrechten festgelegt werden.<\/p>\n\n\n\n<p>Die Kunden sind gehalten zu bedenken, welche Speicherdauer der Ortungsdaten f\u00fcr ihre(n) Verarbeitungszweck(e) erforderlich ist, und ein Nutzer mit Administratorrechten sollte die Speicherdauer entsprechend konfigurieren.<\/p>\n\n\n\n<p>Die Aufnahmen der Dashcams werden maximal 6 Monate lang aufbewahrt.<\/p>\n\n\n\n<h3 class=\"wp-block-heading\">Ihre Einwilligung<\/h3>\n\n\n\n<p>Wenn Sie unsere Website benutzen oder uns auf Wirtschaftsveranstaltungen oder Messen Ihre Kontaktdaten geben, erteilen Sie Ihre Einwilligung, dass Quartix diese Informationen sammelt und nutzt. Wenn wir unsere Datenschutzrichtlinie \u00e4ndern, werden wir diese \u00c4nderungen auf dieser Seite ver\u00f6ffentlichen, damit Sie jederzeit Kenntnis davon haben, welche Informationen wir erheben, wie wir sie verwenden und unter welchen Umst\u00e4nden wir sie offenlegen w\u00fcrden.<\/p>\n\n\n\n<h3 class=\"wp-block-heading\">Kontaktaufnahme<\/h3>\n\n\n\n<p>Wenn Sie Fragen zu dieser Datenschutzrichtlinie haben, k\u00f6nnen Sie unter der nachstehenden E-Mail-Adresse Kontakt mit uns aufnehmen.<br><a href=\"mailto:info@quartix.fr\">anfragen@quartix.de<\/a><\/p>\n\n\n\n<p>Beschwerden sind zun\u00e4chst unter der vorstehenden E-Mail-Adresse an Quartix zu richten. Betroffene Personen k\u00f6nnen Beschwerde bei der Aufsichtsbeh\u00f6rde CNIL in Frankreich einreichen: <a href=\"http:\/\/www.cnil.fr\">www.cnil.fr<\/a>.<\/p>\n\n\n\n<p>Quartix hat gem\u00e4\u00df den Anforderungen der Datenschutz-Grundverordnung (DSGVO) einen Datenschutzbeauftragten ernannt, der per E-Mail erreichbar ist unter der Adresse <a href=\"mailto:DPO@quartix.net\">DPO@quartix.net<\/a>.<\/p>\n","protected":false},"excerpt":{"rendered":"<p>Diese Datenschutzerkl\u00e4rung betrifft Kunden, die das Ortungssystem von Quartix verwenden. Bei Fragen zu diesen Informationen wenden Sie sich bitte an anfragen@quartix.de. Welche Informationen erheben wir? Wir erheben Daten, um Fahrzeuge zu orten, Dienstleistungen zur Ortung von Fahrzeugen anzubieten und mit dem Kundenunternehmen zu kommunizieren, f\u00fcr das die Ortung des Fahrzeugs durchgef\u00fchrt wird. Diese Daten umfassen [&hellip;]<\/p>\n","protected":false},"author":12,"featured_media":0,"parent":0,"menu_order":730,"comment_status":"closed","ping_status":"closed","template":"templates\/terms-and-conditions.php","meta":{"_acf_changed":false,"inline_featured_image":false,"footnotes":""},"topic":[],"qtx_campaign":[],"class_list":["post-61495","page","type-page","status-publish","hentry"],"acf":[],"yoast_head":"<!-- This site is optimized with the Yoast SEO Premium plugin v27.3 (Yoast SEO v27.3) - https:\/\/yoast.com\/product\/yoast-seo-premium-wordpress\/ -->\n<title>Datenschutzerkl\u00e4rung zur GPS-Ortung - DE<\/title>\n<meta name=\"description\" content=\"Dieser Hinweis betrifft Kunden, die das Quartix Ortungssystem nutzen. Wenn Sie Fragen zu diesen Informationen haben, wenden Sie sich bitte an anfragen@quartix.com.\" \/>\n<meta name=\"robots\" content=\"index, follow, max-snippet:-1, max-image-preview:large, max-video-preview:-1\" \/>\n<link rel=\"canonical\" href=\"https:\/\/www.quartix.com\/de-de\/datenschutzerklaerung-zur-gps-ortung\/\" \/>\n<meta property=\"og:locale\" content=\"de_DE\" \/>\n<meta property=\"og:type\" content=\"article\" \/>\n<meta property=\"og:title\" content=\"Datenschutzerkl\u00e4rung zur GPS-Ortung\" \/>\n<meta property=\"og:description\" content=\"Dieser Hinweis betrifft Kunden, die das Quartix Ortungssystem nutzen. Wenn Sie Fragen zu diesen Informationen haben, wenden Sie sich bitte an anfragen@quartix.com.\" \/>\n<meta property=\"og:url\" content=\"https:\/\/www.quartix.com\/de-de\/datenschutzerklaerung-zur-gps-ortung\/\" \/>\n<meta property=\"og:site_name\" content=\"Quartix\" \/>\n<meta property=\"article:publisher\" content=\"https:\/\/www.facebook.com\/Quartix-USA-374426386097401\/\" \/>\n<meta property=\"article:modified_time\" content=\"2024-01-03T18:33:54+00:00\" \/>\n<meta name=\"twitter:card\" content=\"summary_large_image\" \/>\n<meta name=\"twitter:site\" content=\"@QuartixUSA\" \/>\n<meta name=\"twitter:label1\" content=\"Est. reading time\" \/>\n\t<meta name=\"twitter:data1\" content=\"9 minutes\" \/>\n<!-- \/ Yoast SEO Premium plugin. -->","yoast_head_json":{"title":"Datenschutzerkl\u00e4rung zur GPS-Ortung - DE","description":"Dieser Hinweis betrifft Kunden, die das Quartix Ortungssystem nutzen. Wenn Sie Fragen zu diesen Informationen haben, wenden Sie sich bitte an anfragen@quartix.com.","robots":{"index":"index","follow":"follow","max-snippet":"max-snippet:-1","max-image-preview":"max-image-preview:large","max-video-preview":"max-video-preview:-1"},"canonical":"https:\/\/www.quartix.com\/de-de\/datenschutzerklaerung-zur-gps-ortung\/","og_locale":"de_DE","og_type":"article","og_title":"Datenschutzerkl\u00e4rung zur GPS-Ortung","og_description":"Dieser Hinweis betrifft Kunden, die das Quartix Ortungssystem nutzen. Wenn Sie Fragen zu diesen Informationen haben, wenden Sie sich bitte an anfragen@quartix.com.","og_url":"https:\/\/www.quartix.com\/de-de\/datenschutzerklaerung-zur-gps-ortung\/","og_site_name":"Quartix","article_publisher":"https:\/\/www.facebook.com\/Quartix-USA-374426386097401\/","article_modified_time":"2024-01-03T18:33:54+00:00","twitter_card":"summary_large_image","twitter_site":"@QuartixUSA","twitter_misc":{"Est. reading time":"9 minutes"},"schema":{"@context":"https:\/\/schema.org","@graph":[{"@type":"WebPage","@id":"https:\/\/www.quartix.com\/de-de\/datenschutzerklaerung-zur-gps-ortung\/","url":"https:\/\/www.quartix.com\/de-de\/datenschutzerklaerung-zur-gps-ortung\/","name":"Datenschutzerkl\u00e4rung zur GPS-Ortung","isPartOf":{"@id":"https:\/\/www.quartix.com\/de-de\/#website"},"datePublished":"2021-07-12T17:44:25+00:00","dateModified":"2024-01-03T18:33:54+00:00","description":"Dieser Hinweis betrifft Kunden, die das Quartix Ortungssystem nutzen. Wenn Sie Fragen zu diesen Informationen haben, wenden Sie sich bitte an anfragen@quartix.com.","breadcrumb":{"@id":"https:\/\/www.quartix.com\/de-de\/datenschutzerklaerung-zur-gps-ortung\/#breadcrumb"},"inLanguage":"de-DE","potentialAction":[{"@type":"ReadAction","target":["https:\/\/www.quartix.com\/de-de\/datenschutzerklaerung-zur-gps-ortung\/"]}]},{"@type":"BreadcrumbList","@id":"https:\/\/www.quartix.com\/de-de\/datenschutzerklaerung-zur-gps-ortung\/#breadcrumb","itemListElement":[{"@type":"ListItem","position":1,"name":"Startseite","item":"https:\/\/www.quartix.com\/de-de\/die-nr-1-fahrzeugortungsloesung-fuer-flotten-jeder-groesse\/"},{"@type":"ListItem","position":2,"name":"Datenschutzerkl\u00e4rung zur GPS-Ortung"}]},{"@type":"WebSite","@id":"https:\/\/www.quartix.com\/de-de\/#website","url":"https:\/\/www.quartix.com\/de-de\/","name":"Quartix","description":"Real-time vehicle tracking","publisher":{"@id":"https:\/\/www.quartix.com\/de-de\/#organization"},"potentialAction":[{"@type":"SearchAction","target":{"@type":"EntryPoint","urlTemplate":"https:\/\/www.quartix.com\/de-de\/?s={search_term_string}"},"query-input":{"@type":"PropertyValueSpecification","valueRequired":true,"valueName":"search_term_string"}}],"inLanguage":"de-DE"},{"@type":"Organization","@id":"https:\/\/www.quartix.com\/de-de\/#organization","name":"Quartix","url":"https:\/\/www.quartix.com\/de-de\/","logo":{"@type":"ImageObject","inLanguage":"de-DE","@id":"https:\/\/www.quartix.com\/de-de\/#\/schema\/logo\/image\/","url":"https:\/\/www.quartix.com\/content\/uploads\/2019\/02\/quartix-logo-eur.svg","contentUrl":"https:\/\/www.quartix.com\/content\/uploads\/2019\/02\/quartix-logo-eur.svg","width":1,"height":1,"caption":"Quartix"},"image":{"@id":"https:\/\/www.quartix.com\/de-de\/#\/schema\/logo\/image\/"},"sameAs":["https:\/\/www.facebook.com\/Quartix-USA-374426386097401\/","https:\/\/x.com\/QuartixUSA","https:\/\/www.linkedin.com\/company\/5346733\/","https:\/\/www.youtube.com\/channel\/UCzS-_GMfHF4kWiCheyIRrAQ"]}]}},"_links":{"self":[{"href":"https:\/\/www.quartix.com\/de-de\/wp-json\/wp\/v2\/pages\/61495","targetHints":{"allow":["GET"]}}],"collection":[{"href":"https:\/\/www.quartix.com\/de-de\/wp-json\/wp\/v2\/pages"}],"about":[{"href":"https:\/\/www.quartix.com\/de-de\/wp-json\/wp\/v2\/types\/page"}],"author":[{"embeddable":true,"href":"https:\/\/www.quartix.com\/de-de\/wp-json\/wp\/v2\/users\/12"}],"replies":[{"embeddable":true,"href":"https:\/\/www.quartix.com\/de-de\/wp-json\/wp\/v2\/comments?post=61495"}],"version-history":[{"count":0,"href":"https:\/\/www.quartix.com\/de-de\/wp-json\/wp\/v2\/pages\/61495\/revisions"}],"wp:attachment":[{"href":"https:\/\/www.quartix.com\/de-de\/wp-json\/wp\/v2\/media?parent=61495"}],"wp:term":[{"taxonomy":"topic","embeddable":true,"href":"https:\/\/www.quartix.com\/de-de\/wp-json\/wp\/v2\/topic?post=61495"},{"taxonomy":"qtx_campaign","embeddable":true,"href":"https:\/\/www.quartix.com\/de-de\/wp-json\/wp\/v2\/qtx_campaign?post=61495"}],"curies":[{"name":"wp","href":"https:\/\/api.w.org\/{rel}","templated":true}]}}