{"id":75915,"date":"2022-06-22T12:05:41","date_gmt":"2022-06-22T11:05:41","guid":{"rendered":"https:\/\/www.quartix.com\/?page_id=75915"},"modified":"2025-10-13T16:05:49","modified_gmt":"2025-10-13T15:05:49","slug":"fahrer-id","status":"publish","type":"page","link":"https:\/\/www.quartix.com\/de-de\/fahrer-id\/","title":{"rendered":"Fahrer ID"},"content":{"rendered":"\n<div class=\"wp-block-columns is-layout-flex wp-container-core-columns-is-layout-28f84493 wp-block-columns-is-layout-flex\">\n<div class=\"wp-block-column is-layout-flow wp-block-column-is-layout-flow\">\n<h2 class=\"wp-block-heading\" id=\"track-individual-driver-profiles\">Individuelle Fahrerprofile verfolgen<\/h2>\n\n\n\n<p>Mit der Quartix Fahrer ID k\u00f6nnen Sie individuelle Fahrerprofile orten, sofern ein Fahrzeug nicht einem einzigen Mitarbeiter zugewiesen ist.<\/p>\n\n\n\n<p>Die Fahrer\u202fID weist vielf\u00e4ltige Vorteile auf:<\/p>\n\n\n\n<ul class=\"wp-block-list\">\n<li>Arbeitszeitnachweise und Arbeitsstunden pro Fahrer<\/li>\n\n\n\n<li>Routenberichte pro Fahrer und Fahrzeug m\u00f6glich<\/li>\n\n\n\n<li>Fahrstilanalysen unabh\u00e4ngig vom verwendeten Fahrzeug<\/li>\n\n\n\n<li>Daten werden je Fahrer und Fahrzeug erfasst<\/li>\n\n\n\n<li>Sicherstellung, dass der richtige Fahrer f\u00e4hrt<\/li>\n\n\n\n<li>Unterscheidung zwischen privaten und beruflichen Fahrten<\/li>\n<\/ul>\n<\/div>\n\n\n\n<div class=\"wp-block-column is-layout-flow wp-block-column-is-layout-flow\">\n<figure class=\"wp-block-image aligncenter size-large\"><img loading=\"lazy\" decoding=\"async\" width=\"1000\" height=\"475\" src=\" https:\/\/www.quartix.com\/content\/uploads\/2020\/12\/driving-style-league-table_de-1000x475.png\" alt=\"Fahrstil Rangliste\" class=\"wp-image-47556\" srcset=\"https:\/\/www.quartix.com\/content\/uploads\/2020\/12\/driving-style-league-table_de-1000x475.png 1000w, https:\/\/www.quartix.com\/content\/uploads\/2020\/12\/driving-style-league-table_de-300x143.png 300w, https:\/\/www.quartix.com\/content\/uploads\/2020\/12\/driving-style-league-table_de-768x365.png 768w, https:\/\/www.quartix.com\/content\/uploads\/2020\/12\/driving-style-league-table_de.png 1189w\" sizes=\"auto, (max-width: 1000px) 100vw, 1000px\" \/><\/figure>\n<\/div>\n<\/div>\n\n\n<section  class=\"qtx-pagebuilder-section qtx-pagebuilder-section-blockquote qtx-pagebuilder-section-blockquote-left_green_border \">\r\n        <div class=\"left_green_border\">\r\n            <blockquote>\r\n                <p>\u201eWir k\u00f6nnen eine gute Fahrweise belohnen und schlechte Leistungen managen. Wir haben herausgefunden, dass Fahrer\u202fID die Fahrqualit\u00e4t unserer Belegschaft verbessert und die Beschwerden von Kunden und der \u00d6ffentlichkeit senkt.\u201c<\/p>\n                                    <footer>\r\n                        \u2014 <cite class=\"author\">Terry Musson, Gesch\u00e4ftsf\u00fchrer<\/cite>, <cite class=\"author_line_2\">Amberon<\/cite>\r\n                    <\/footer>\r\n                            <\/blockquote>\r\n        <\/div>\r\n        <\/section>\r\n\r\n\n\n\n<div class=\"wp-block-columns is-layout-flex wp-container-core-columns-is-layout-28f84493 wp-block-columns-is-layout-flex\">\n<div class=\"wp-block-column is-layout-flow wp-block-column-is-layout-flow\">\n<figure class=\"wp-block-image aligncenter size-large\"><img loading=\"lazy\" decoding=\"async\" width=\"1000\" height=\"444\" src=\" https:\/\/www.quartix.com\/content\/uploads\/2022\/06\/daily-driver-log_de-1-1000x444.png\" alt=\"\" class=\"wp-image-75916\" srcset=\"https:\/\/www.quartix.com\/content\/uploads\/2022\/06\/daily-driver-log_de-1-1000x444.png 1000w, https:\/\/www.quartix.com\/content\/uploads\/2022\/06\/daily-driver-log_de-1-300x133.png 300w, https:\/\/www.quartix.com\/content\/uploads\/2022\/06\/daily-driver-log_de-1-768x341.png 768w, https:\/\/www.quartix.com\/content\/uploads\/2022\/06\/daily-driver-log_de-1-1536x682.png 1536w, https:\/\/www.quartix.com\/content\/uploads\/2022\/06\/daily-driver-log_de-1.png 1899w\" sizes=\"auto, (max-width: 1000px) 100vw, 1000px\" \/><\/figure>\n<\/div>\n\n\n\n<div class=\"wp-block-column is-layout-flow wp-block-column-is-layout-flow\">\n<h2 class=\"wp-block-heading\" id=\"private-versus-business-mileage\">Private und berufliche Fahrten<\/h2>\n\n\n\n<p>Ausserdem kann mit Fahrer\u202fID zwischen privaten und beruflichen Fahrten unterschieden werden. Falls Sie beispielsweise vertrauensw\u00fcrdigen Mitarbeitern das Fahrzeug auch an Wochenenden oder Abenden zur privaten Nutzung \u00fcberlassen, m\u00f6chten Sie das vielleicht nicht unbedingt als Firmenfahrt \u201everbuchen\u201c.<\/p>\n<\/div>\n<\/div>\n\n\n\n<div class=\"wp-block-columns is-layout-flex wp-container-core-columns-is-layout-28f84493 wp-block-columns-is-layout-flex\">\n<div class=\"wp-block-column is-layout-flow wp-block-column-is-layout-flow\">\n<h2 class=\"wp-block-heading\" id=\"how-does-driver-id-work\">Wie funktioniert Fahrer\u202fID?<\/h2>\n\n\n\n<p>Am Armaturenbrett befindet sich ein kleiner Tag Reader. Jeder Fahrer erh\u00e4lt einen eigenen magnetischen Schl\u00fcsselanh\u00e4nger. H\u00e4lt er diesen an das Ger\u00e4t, wird der Fahrer im Fahrzeug registriert, wodurch alle routenspezifischen Daten dieses Fahrers in seinem Profil aufgezeichnet werden.<\/p>\n\n\n\n<p>Wenn der Fahrer den Z\u00fcndschl\u00fcssel dreht, ert\u00f6nt der Summer, bis der Schl\u00fcsselanh\u00e4nger zur Anmeldung an das Ger\u00e4t gehalten wird.<\/p>\n\n\n\n<p>Der Summerton dauert an, bis ein Schl\u00fcsselanh\u00e4nger \u201eangemeldet\u201c ist. Falls Ihre Fahrzeuge also von A nach B gefahren werden, kann es sinnvoll sein, weitere Schl\u00fcsselanh\u00e4nger zu bestellen.<\/p>\n\n\n\n<p>Hat sich ein Fahrer angemeldet, sehen Sie auf der Live-Fahrzeugortungskarte dessen Namen sowie mehrere Berichte nach Fahrer und Fahrzeug sortiert.<\/p>\n\n\n\n<p>Im Konfigurationsmen\u00fc k\u00f6nnen Sie die Fahrerdetails bearbeiten und bestimmen, welchem Team oder welcher Fahrergruppe Sie den Fahrer zuordnen m\u00f6chten.<\/p>\n<\/div>\n\n\n\n<div class=\"wp-block-column is-layout-flow wp-block-column-is-layout-flow\">\n<figure class=\"wp-block-image\"><img decoding=\"async\" src=\" https:\/\/www.quartix.com\/content\/uploads\/2018\/04\/Driver-ID-2.jpg\" alt=\"\"\/><\/figure>\n<\/div>\n<\/div>\n","protected":false},"excerpt":{"rendered":"<p>Individuelle Fahrerprofile verfolgen Mit der Quartix Fahrer ID k\u00f6nnen Sie individuelle Fahrerprofile orten, sofern ein Fahrzeug nicht einem einzigen Mitarbeiter zugewiesen ist. Die Fahrer\u202fID weist vielf\u00e4ltige Vorteile auf: Private und berufliche Fahrten Ausserdem kann mit Fahrer\u202fID zwischen privaten und beruflichen Fahrten unterschieden werden. Falls Sie beispielsweise vertrauensw\u00fcrdigen Mitarbeitern das Fahrzeug auch an Wochenenden oder Abenden [&hellip;]<\/p>\n","protected":false},"author":12,"featured_media":25048,"parent":0,"menu_order":9050,"comment_status":"closed","ping_status":"closed","template":"","meta":{"_acf_changed":false,"inline_featured_image":false,"footnotes":""},"topic":[1869],"qtx_campaign":[],"class_list":["post-75915","page","type-page","status-publish","has-post-thumbnail","hentry","topic-fahrer-management"],"acf":[],"yoast_head":"<!-- This site is optimized with the Yoast SEO Premium plugin v27.2 (Yoast SEO v27.2) - https:\/\/yoast.com\/product\/yoast-seo-premium-wordpress\/ -->\n<title>Individuelle Fahrerberichte - DE<\/title>\n<meta name=\"description\" content=\"Mit der Quartix Fahrer ID k\u00f6nnen Sie individuelle Fahrerprofile verfolgen, sofern ein Fahrzeug nicht einem einzigen Mitarbeiter zugewiesen ist.\" \/>\n<meta name=\"robots\" content=\"index, follow, max-snippet:-1, max-image-preview:large, max-video-preview:-1\" \/>\n<link rel=\"canonical\" href=\"https:\/\/www.quartix.com\/de-de\/fahrer-id\/\" \/>\n<meta property=\"og:locale\" content=\"de_DE\" \/>\n<meta property=\"og:type\" content=\"article\" \/>\n<meta property=\"og:title\" content=\"Fahrer ID\" \/>\n<meta property=\"og:description\" content=\"Mit der Quartix Fahrer ID k\u00f6nnen Sie individuelle Fahrerprofile verfolgen, sofern ein Fahrzeug nicht einem einzigen Mitarbeiter zugewiesen ist.\" \/>\n<meta property=\"og:url\" content=\"https:\/\/www.quartix.com\/de-de\/fahrer-id\/\" \/>\n<meta property=\"og:site_name\" content=\"Quartix\" \/>\n<meta property=\"article:publisher\" content=\"https:\/\/www.facebook.com\/Quartix-USA-374426386097401\/\" \/>\n<meta property=\"article:modified_time\" content=\"2025-10-13T15:05:49+00:00\" \/>\n<meta property=\"og:image\" content=\"https:\/\/www.quartix.com\/content\/uploads\/2019\/07\/Driver-ID-2.jpg\" \/>\n\t<meta property=\"og:image:width\" content=\"450\" \/>\n\t<meta property=\"og:image:height\" content=\"316\" \/>\n\t<meta property=\"og:image:type\" content=\"image\/jpeg\" \/>\n<meta name=\"twitter:card\" content=\"summary_large_image\" \/>\n<meta name=\"twitter:site\" content=\"@QuartixUSA\" \/>\n<meta name=\"twitter:label1\" content=\"Est. reading time\" \/>\n\t<meta name=\"twitter:data1\" content=\"2 minutes\" \/>\n<!-- \/ Yoast SEO Premium plugin. -->","yoast_head_json":{"title":"Individuelle Fahrerberichte - DE","description":"Mit der Quartix Fahrer ID k\u00f6nnen Sie individuelle Fahrerprofile verfolgen, sofern ein Fahrzeug nicht einem einzigen Mitarbeiter zugewiesen ist.","robots":{"index":"index","follow":"follow","max-snippet":"max-snippet:-1","max-image-preview":"max-image-preview:large","max-video-preview":"max-video-preview:-1"},"canonical":"https:\/\/www.quartix.com\/de-de\/fahrer-id\/","og_locale":"de_DE","og_type":"article","og_title":"Fahrer ID","og_description":"Mit der Quartix Fahrer ID k\u00f6nnen Sie individuelle Fahrerprofile verfolgen, sofern ein Fahrzeug nicht einem einzigen Mitarbeiter zugewiesen ist.","og_url":"https:\/\/www.quartix.com\/de-de\/fahrer-id\/","og_site_name":"Quartix","article_publisher":"https:\/\/www.facebook.com\/Quartix-USA-374426386097401\/","article_modified_time":"2025-10-13T15:05:49+00:00","og_image":[{"width":450,"height":316,"url":"https:\/\/www.quartix.com\/content\/uploads\/2019\/07\/Driver-ID-2.jpg","type":"image\/jpeg"}],"twitter_card":"summary_large_image","twitter_site":"@QuartixUSA","twitter_misc":{"Est. reading time":"2 minutes"},"schema":{"@context":"https:\/\/schema.org","@graph":[{"@type":"WebPage","@id":"https:\/\/www.quartix.com\/de-de\/fahrer-id\/","url":"https:\/\/www.quartix.com\/de-de\/fahrer-id\/","name":"Individuelle Fahrerberichte","isPartOf":{"@id":"https:\/\/www.quartix.com\/de-de\/#website"},"primaryImageOfPage":{"@id":"https:\/\/www.quartix.com\/de-de\/fahrer-id\/#primaryimage"},"image":{"@id":"https:\/\/www.quartix.com\/de-de\/fahrer-id\/#primaryimage"},"thumbnailUrl":"https:\/\/www.quartix.com\/content\/uploads\/2019\/07\/Driver-ID-2.jpg","datePublished":"2022-06-22T11:05:41+00:00","dateModified":"2025-10-13T15:05:49+00:00","description":"Mit der Quartix Fahrer ID k\u00f6nnen Sie individuelle Fahrerprofile verfolgen, sofern ein Fahrzeug nicht einem einzigen Mitarbeiter zugewiesen ist.","breadcrumb":{"@id":"https:\/\/www.quartix.com\/de-de\/fahrer-id\/#breadcrumb"},"inLanguage":"de-DE","potentialAction":[{"@type":"ReadAction","target":["https:\/\/www.quartix.com\/de-de\/fahrer-id\/"]}]},{"@type":"ImageObject","inLanguage":"de-DE","@id":"https:\/\/www.quartix.com\/de-de\/fahrer-id\/#primaryimage","url":"https:\/\/www.quartix.com\/content\/uploads\/2019\/07\/Driver-ID-2.jpg","contentUrl":"https:\/\/www.quartix.com\/content\/uploads\/2019\/07\/Driver-ID-2.jpg","width":450,"height":316},{"@type":"BreadcrumbList","@id":"https:\/\/www.quartix.com\/de-de\/fahrer-id\/#breadcrumb","itemListElement":[{"@type":"ListItem","position":1,"name":"Startseite","item":"https:\/\/www.quartix.com\/de-de\/die-nr-1-fahrzeugortungsloesung-fuer-flotten-jeder-groesse\/"},{"@type":"ListItem","position":2,"name":"Fahrer ID"}]},{"@type":"WebSite","@id":"https:\/\/www.quartix.com\/de-de\/#website","url":"https:\/\/www.quartix.com\/de-de\/","name":"Quartix","description":"Real-time vehicle tracking","publisher":{"@id":"https:\/\/www.quartix.com\/de-de\/#organization"},"potentialAction":[{"@type":"SearchAction","target":{"@type":"EntryPoint","urlTemplate":"https:\/\/www.quartix.com\/de-de\/?s={search_term_string}"},"query-input":{"@type":"PropertyValueSpecification","valueRequired":true,"valueName":"search_term_string"}}],"inLanguage":"de-DE"},{"@type":"Organization","@id":"https:\/\/www.quartix.com\/de-de\/#organization","name":"Quartix","url":"https:\/\/www.quartix.com\/de-de\/","logo":{"@type":"ImageObject","inLanguage":"de-DE","@id":"https:\/\/www.quartix.com\/de-de\/#\/schema\/logo\/image\/","url":"https:\/\/www.quartix.com\/content\/uploads\/2019\/02\/quartix-logo-eur.svg","contentUrl":"https:\/\/www.quartix.com\/content\/uploads\/2019\/02\/quartix-logo-eur.svg","width":1,"height":1,"caption":"Quartix"},"image":{"@id":"https:\/\/www.quartix.com\/de-de\/#\/schema\/logo\/image\/"},"sameAs":["https:\/\/www.facebook.com\/Quartix-USA-374426386097401\/","https:\/\/x.com\/QuartixUSA","https:\/\/www.linkedin.com\/company\/5346733\/","https:\/\/www.youtube.com\/channel\/UCzS-_GMfHF4kWiCheyIRrAQ"]}]}},"_links":{"self":[{"href":"https:\/\/www.quartix.com\/de-de\/wp-json\/wp\/v2\/pages\/75915","targetHints":{"allow":["GET"]}}],"collection":[{"href":"https:\/\/www.quartix.com\/de-de\/wp-json\/wp\/v2\/pages"}],"about":[{"href":"https:\/\/www.quartix.com\/de-de\/wp-json\/wp\/v2\/types\/page"}],"author":[{"embeddable":true,"href":"https:\/\/www.quartix.com\/de-de\/wp-json\/wp\/v2\/users\/12"}],"replies":[{"embeddable":true,"href":"https:\/\/www.quartix.com\/de-de\/wp-json\/wp\/v2\/comments?post=75915"}],"version-history":[{"count":1,"href":"https:\/\/www.quartix.com\/de-de\/wp-json\/wp\/v2\/pages\/75915\/revisions"}],"predecessor-version":[{"id":125478,"href":"https:\/\/www.quartix.com\/de-de\/wp-json\/wp\/v2\/pages\/75915\/revisions\/125478"}],"wp:featuredmedia":[{"embeddable":true,"href":"https:\/\/www.quartix.com\/de-de\/wp-json\/wp\/v2\/media\/25048"}],"wp:attachment":[{"href":"https:\/\/www.quartix.com\/de-de\/wp-json\/wp\/v2\/media?parent=75915"}],"wp:term":[{"taxonomy":"topic","embeddable":true,"href":"https:\/\/www.quartix.com\/de-de\/wp-json\/wp\/v2\/topic?post=75915"},{"taxonomy":"qtx_campaign","embeddable":true,"href":"https:\/\/www.quartix.com\/de-de\/wp-json\/wp\/v2\/qtx_campaign?post=75915"}],"curies":[{"name":"wp","href":"https:\/\/api.w.org\/{rel}","templated":true}]}}