{"id":75928,"date":"2022-06-22T12:09:07","date_gmt":"2022-06-22T11:09:07","guid":{"rendered":"https:\/\/www.quartix.com\/?page_id=75928"},"modified":"2026-02-11T15:37:32","modified_gmt":"2026-02-11T14:37:32","slug":"festverdrahtetes-ortungsgeraet","status":"publish","type":"page","link":"https:\/\/www.quartix.com\/de-de\/festverdrahtetes-ortungsgeraet\/","title":{"rendered":"Quartix festverdrahtetes GPS Ortungsger\u00e4t"},"content":{"rendered":"\n<h2 class=\"wp-block-heading\" id=\"industry-leading-telematics\">Branchenf\u00fchrer in der Telematik<\/h2>\n\n\n\n<p>Quartix fertigt seit Anfang\u202f2001 branchenf\u00fchrende Telematik-Technologie. \u00dcber 35.000\u202fUnternehmen nutzen bereits unser betriebliches Fahrzeugortungssystem. Die Ortungsger\u00e4te wurden weltweit in 800.000\u202fFahrzeugen verbaut.<\/p>\n\n\n\n<p>Die Quartix Fahrzeugortung bietet eine End-to-End-Komplettl\u00f6sung und \u00fcbernimmt alle Aspekte des Produktdesigns \u2013 von der Blackbox-Telematik bis zu den Fahrzeugortungsberichten in Ihrem Posteingang.<\/p>\n\n\n\n<div class=\"wp-block-columns is-layout-flex wp-container-core-columns-is-layout-28f84493 wp-block-columns-is-layout-flex\">\n<div class=\"wp-block-column is-layout-flow wp-block-column-is-layout-flow\">\n<h2 class=\"wp-block-heading\" id=\"the-hardwired-tracking-device\">Festverdrahtetes Ortungsger\u00e4t<\/h2>\n\n\n\n<p>Quartix Ortungsger\u00e4te sind pr\u00e4zise, robust und besonders leistungsf\u00e4hig. Das festverdrahtete Ortungsger\u00e4t hat die Abmessungen 9\u202fx\u202f5,5\u202fx\u202f2,4\u202fcm und wiegt nur 90\u202fg.<\/p>\n\n\n\n<p>Das Ger\u00e4t wird v\u00f6llig verdeckt montiert, wobei die Montage normalerweise nur 30-40\u202fMinuten dauert.<\/p>\n<\/div>\n\n\n\n<div class=\"wp-block-column is-layout-flow wp-block-column-is-layout-flow\">\n<figure class=\"wp-block-image size-large\"><img loading=\"lazy\" decoding=\"async\" width=\"1000\" height=\"830\" src=\" https:\/\/www.quartix.com\/content\/uploads\/2022\/10\/Quartix-Hardwired-Device-1000x830.png\" alt=\"Quartix hardwired vehicle tracking device\" class=\"wp-image-81699\" srcset=\"https:\/\/www.quartix.com\/content\/uploads\/2022\/10\/Quartix-Hardwired-Device-1000x830.png 1000w, https:\/\/www.quartix.com\/content\/uploads\/2022\/10\/Quartix-Hardwired-Device-300x249.png 300w, https:\/\/www.quartix.com\/content\/uploads\/2022\/10\/Quartix-Hardwired-Device-768x637.png 768w, https:\/\/www.quartix.com\/content\/uploads\/2022\/10\/Quartix-Hardwired-Device-1536x1275.png 1536w, https:\/\/www.quartix.com\/content\/uploads\/2022\/10\/Quartix-Hardwired-Device-2048x1700.png 2048w\" sizes=\"auto, (max-width: 1000px) 100vw, 1000px\" \/><\/figure>\n<\/div>\n<\/div>\n\n\n\n<h2 class=\"wp-block-heading\" id=\"key-features\">Wichtige Merkmale:<\/h2>\n\n\n\n<ul class=\"wp-block-list\">\n<li>Hochempfindlicher GPS-Receiver mit Fahrzeugortung im Sekundentakt<\/li>\n\n\n\n<li>Breiter Betriebsspannungsbereich: 8-30\u202fV<\/li>\n\n\n\n<li>Optional allgemeine digitale Inputs zu Monitoringzwecken (z.\u202fB. Notfallt\u00fcr\u00f6ffnung, Heckklappen\u00f6ffner oder Warnbeleuchtungsschalter)<\/li>\n\n\n\n<li>Optional <a href=\"https:\/\/www.quartix.com\/de-de\/fahrer-id\/\" target=\"_blank\" rel=\"noreferrer noopener\">Fahreridentifizierung<\/a> mithilfe des Tag-Inputs per iButton<\/li>\n\n\n\n<li>Batteriespannungssensor zur Ermittlung von Manipulationsversuchen<\/li>\n\n\n\n<li>Beschleunigungsmesser zur Ermittlung und Aufzeichnung von Aufpralldaten<\/li>\n\n\n\n<li>Mit Ma\u00dfen von nur 90\u202fx\u202f55\u202fx\u202f24\u202fmm und einem Gewicht von nur 90\u202fg ist das Ger\u00e4t nach der Montage v\u00f6llig unsichtbar.<\/li>\n\n\n\n<li>Die einfache Montage mit drei Kabeln dauert normalerweise nur 30-40\u202fMinuten. Im Lieferumfang des Ger\u00e4ts ist zur schnellen Anbringung eine Montageplatte enthalten.<\/li>\n\n\n\n<li>Kompatibel mit 12-V- und 24-V-Fahrzeugsystemen, keine Modifizierung erforderlich (beinhaltet interne Drahtlos- und GPS-Antennen)<\/li>\n\n\n\n<li>Erf\u00fcllt alle Vorgaben der EMC, von Mobilfunkstandards und von gesetzlichen Sicherheitsbestimmungen.<\/li>\n\n\n\n<li>Das Geh\u00e4use aus flammhemmendem UL94 V-0\u202fMaterial wird in ISO9001-zertifizierten Produktionswerken montiert.<\/li>\n<\/ul>\n\n\n<section  class=\"qtx-pagebuilder-section qtx-pagebuilder-section-blockquote qtx-pagebuilder-section-blockquote-left_green_border \">\r\n        <div class=\"left_green_border\">\r\n            <blockquote>\r\n                <p>Das Quartix Fahrzeugortungssystem senkt die Kosten Ihres Unternehmens und steigert die Produktivit\u00e4t Tag f\u00fcr Tag. Mit unserer gro\u00dfen Auswahl an Programmen und Fahrzeugortungsger\u00e4ten sind wir bestens f\u00fcr die gewerbliche Flottenortung von Pkws, Transportern, Bussen und Lkws im gesamten Vereinigten K\u00f6nigreich, in den USA und in Europa aufgestellt. Mit unseren Berichten und Bedienerschnittstellen k\u00f6nnen Sie Ihre Fahrer zur sicheren und wirtschaftlichen Fahrweise schulen, Betriebsfahrtenkilometer ermitteln und die Betriebseffizienz steigern.<\/p>\n                            <\/blockquote>\r\n        <\/div>\r\n        <\/section>\r\n\r\n\n\n\n<h2 class=\"wp-block-heading\" id=\"quartix-installation-options\">Quartix Montage-Optionen<\/h2>\n\n\n\n<p>Quartix bietet f\u00fcr Fahrzeugortungsger\u00e4te eine gro\u00dfe Auswahl an Montage-Optionen, unter anderem die Eigenmontage, um das Ortungsger\u00e4t problemlos von einem zum n\u00e4chsten Fahrzeug mitzunehmen. Unsere <a href=\"https:\/\/www.quartix.com\/de-de\/fahrzeugortung\/ortungsgeraet\/\" target=\"_blank\" rel=\"noreferrer noopener\">Montage-Optionen<\/a> zeigen Ihnen, welche Ger\u00e4tetypen Ihren Gesch\u00e4ftsbedarf am besten erf\u00fcllen.<\/p>\n","protected":false},"excerpt":{"rendered":"<p>Branchenf\u00fchrer in der Telematik Quartix fertigt seit Anfang\u202f2001 branchenf\u00fchrende Telematik-Technologie. \u00dcber 35.000\u202fUnternehmen nutzen bereits unser betriebliches Fahrzeugortungssystem. Die Ortungsger\u00e4te wurden weltweit in 800.000\u202fFahrzeugen verbaut. Die Quartix Fahrzeugortung bietet eine End-to-End-Komplettl\u00f6sung und \u00fcbernimmt alle Aspekte des Produktdesigns \u2013 von der Blackbox-Telematik bis zu den Fahrzeugortungsberichten in Ihrem Posteingang. Festverdrahtetes Ortungsger\u00e4t Quartix Ortungsger\u00e4te sind pr\u00e4zise, robust und [&hellip;]<\/p>\n","protected":false},"author":12,"featured_media":0,"parent":0,"menu_order":215,"comment_status":"closed","ping_status":"closed","template":"","meta":{"_acf_changed":false,"inline_featured_image":false,"footnotes":""},"topic":[],"qtx_campaign":[],"class_list":["post-75928","page","type-page","status-publish","hentry"],"acf":[],"yoast_head":"<!-- This site is optimized with the Yoast SEO Premium plugin v27.3 (Yoast SEO v27.3) - https:\/\/yoast.com\/product\/yoast-seo-premium-wordpress\/ -->\n<title>Festverdrahtetes Ortungsger\u00e4t - DE<\/title>\n<meta name=\"description\" content=\"Quartix Ortungsger\u00e4te sind pr\u00e4zise, robust und besonders leistungsf\u00e4hig. Das festverdrahtete Ortungsger\u00e4t hat die Abmessungen 9\u202fx\u202f5,5\u202fx\u202f2,4\u202fcm und wiegt nur 90\u202fg.\" \/>\n<meta name=\"robots\" content=\"index, follow, max-snippet:-1, max-image-preview:large, max-video-preview:-1\" \/>\n<link rel=\"canonical\" href=\"https:\/\/www.quartix.com\/de-de\/festverdrahtetes-ortungsgeraet\/\" \/>\n<meta property=\"og:locale\" content=\"de_DE\" \/>\n<meta property=\"og:type\" content=\"article\" \/>\n<meta property=\"og:title\" content=\"Quartix festverdrahtetes GPS Ortungsger\u00e4t\" \/>\n<meta property=\"og:description\" content=\"Quartix Ortungsger\u00e4te sind pr\u00e4zise, robust und besonders leistungsf\u00e4hig. Das festverdrahtete Ortungsger\u00e4t hat die Abmessungen 9\u202fx\u202f5,5\u202fx\u202f2,4\u202fcm und wiegt nur 90\u202fg.\" \/>\n<meta property=\"og:url\" content=\"https:\/\/www.quartix.com\/de-de\/festverdrahtetes-ortungsgeraet\/\" \/>\n<meta property=\"og:site_name\" content=\"Quartix\" \/>\n<meta property=\"article:publisher\" content=\"https:\/\/www.facebook.com\/Quartix-USA-374426386097401\/\" \/>\n<meta property=\"article:modified_time\" content=\"2026-02-11T14:37:32+00:00\" \/>\n<meta name=\"twitter:card\" content=\"summary_large_image\" \/>\n<meta name=\"twitter:site\" content=\"@QuartixUSA\" \/>\n<meta name=\"twitter:label1\" content=\"Est. reading time\" \/>\n\t<meta name=\"twitter:data1\" content=\"2 minutes\" \/>\n<!-- \/ Yoast SEO Premium plugin. -->","yoast_head_json":{"title":"Festverdrahtetes Ortungsger\u00e4t - DE","description":"Quartix Ortungsger\u00e4te sind pr\u00e4zise, robust und besonders leistungsf\u00e4hig. Das festverdrahtete Ortungsger\u00e4t hat die Abmessungen 9\u202fx\u202f5,5\u202fx\u202f2,4\u202fcm und wiegt nur 90\u202fg.","robots":{"index":"index","follow":"follow","max-snippet":"max-snippet:-1","max-image-preview":"max-image-preview:large","max-video-preview":"max-video-preview:-1"},"canonical":"https:\/\/www.quartix.com\/de-de\/festverdrahtetes-ortungsgeraet\/","og_locale":"de_DE","og_type":"article","og_title":"Quartix festverdrahtetes GPS Ortungsger\u00e4t","og_description":"Quartix Ortungsger\u00e4te sind pr\u00e4zise, robust und besonders leistungsf\u00e4hig. Das festverdrahtete Ortungsger\u00e4t hat die Abmessungen 9\u202fx\u202f5,5\u202fx\u202f2,4\u202fcm und wiegt nur 90\u202fg.","og_url":"https:\/\/www.quartix.com\/de-de\/festverdrahtetes-ortungsgeraet\/","og_site_name":"Quartix","article_publisher":"https:\/\/www.facebook.com\/Quartix-USA-374426386097401\/","article_modified_time":"2026-02-11T14:37:32+00:00","twitter_card":"summary_large_image","twitter_site":"@QuartixUSA","twitter_misc":{"Est. reading time":"2 minutes"},"schema":{"@context":"https:\/\/schema.org","@graph":[{"@type":"WebPage","@id":"https:\/\/www.quartix.com\/de-de\/festverdrahtetes-ortungsgeraet\/","url":"https:\/\/www.quartix.com\/de-de\/festverdrahtetes-ortungsgeraet\/","name":"Festverdrahtetes Ortungsger\u00e4t","isPartOf":{"@id":"https:\/\/www.quartix.com\/de-de\/#website"},"datePublished":"2022-06-22T11:09:07+00:00","dateModified":"2026-02-11T14:37:32+00:00","description":"Quartix Ortungsger\u00e4te sind pr\u00e4zise, robust und besonders leistungsf\u00e4hig. Das festverdrahtete Ortungsger\u00e4t hat die Abmessungen 9\u202fx\u202f5,5\u202fx\u202f2,4\u202fcm und wiegt nur 90\u202fg.","breadcrumb":{"@id":"https:\/\/www.quartix.com\/de-de\/festverdrahtetes-ortungsgeraet\/#breadcrumb"},"inLanguage":"de-DE","potentialAction":[{"@type":"ReadAction","target":["https:\/\/www.quartix.com\/de-de\/festverdrahtetes-ortungsgeraet\/"]}]},{"@type":"BreadcrumbList","@id":"https:\/\/www.quartix.com\/de-de\/festverdrahtetes-ortungsgeraet\/#breadcrumb","itemListElement":[{"@type":"ListItem","position":1,"name":"Startseite","item":"https:\/\/www.quartix.com\/de-de\/die-nr-1-fahrzeugortungsloesung-fuer-flotten-jeder-groesse\/"},{"@type":"ListItem","position":2,"name":"Quartix festverdrahtetes GPS Ortungsger\u00e4t"}]},{"@type":"WebSite","@id":"https:\/\/www.quartix.com\/de-de\/#website","url":"https:\/\/www.quartix.com\/de-de\/","name":"Quartix","description":"Real-time vehicle tracking","publisher":{"@id":"https:\/\/www.quartix.com\/de-de\/#organization"},"potentialAction":[{"@type":"SearchAction","target":{"@type":"EntryPoint","urlTemplate":"https:\/\/www.quartix.com\/de-de\/?s={search_term_string}"},"query-input":{"@type":"PropertyValueSpecification","valueRequired":true,"valueName":"search_term_string"}}],"inLanguage":"de-DE"},{"@type":"Organization","@id":"https:\/\/www.quartix.com\/de-de\/#organization","name":"Quartix","url":"https:\/\/www.quartix.com\/de-de\/","logo":{"@type":"ImageObject","inLanguage":"de-DE","@id":"https:\/\/www.quartix.com\/de-de\/#\/schema\/logo\/image\/","url":"https:\/\/www.quartix.com\/content\/uploads\/2019\/02\/quartix-logo-eur.svg","contentUrl":"https:\/\/www.quartix.com\/content\/uploads\/2019\/02\/quartix-logo-eur.svg","width":1,"height":1,"caption":"Quartix"},"image":{"@id":"https:\/\/www.quartix.com\/de-de\/#\/schema\/logo\/image\/"},"sameAs":["https:\/\/www.facebook.com\/Quartix-USA-374426386097401\/","https:\/\/x.com\/QuartixUSA","https:\/\/www.linkedin.com\/company\/5346733\/","https:\/\/www.youtube.com\/channel\/UCzS-_GMfHF4kWiCheyIRrAQ"]}]}},"_links":{"self":[{"href":"https:\/\/www.quartix.com\/de-de\/wp-json\/wp\/v2\/pages\/75928","targetHints":{"allow":["GET"]}}],"collection":[{"href":"https:\/\/www.quartix.com\/de-de\/wp-json\/wp\/v2\/pages"}],"about":[{"href":"https:\/\/www.quartix.com\/de-de\/wp-json\/wp\/v2\/types\/page"}],"author":[{"embeddable":true,"href":"https:\/\/www.quartix.com\/de-de\/wp-json\/wp\/v2\/users\/12"}],"replies":[{"embeddable":true,"href":"https:\/\/www.quartix.com\/de-de\/wp-json\/wp\/v2\/comments?post=75928"}],"version-history":[{"count":3,"href":"https:\/\/www.quartix.com\/de-de\/wp-json\/wp\/v2\/pages\/75928\/revisions"}],"predecessor-version":[{"id":129436,"href":"https:\/\/www.quartix.com\/de-de\/wp-json\/wp\/v2\/pages\/75928\/revisions\/129436"}],"wp:attachment":[{"href":"https:\/\/www.quartix.com\/de-de\/wp-json\/wp\/v2\/media?parent=75928"}],"wp:term":[{"taxonomy":"topic","embeddable":true,"href":"https:\/\/www.quartix.com\/de-de\/wp-json\/wp\/v2\/topic?post=75928"},{"taxonomy":"qtx_campaign","embeddable":true,"href":"https:\/\/www.quartix.com\/de-de\/wp-json\/wp\/v2\/qtx_campaign?post=75928"}],"curies":[{"name":"wp","href":"https:\/\/api.w.org\/{rel}","templated":true}]}}