{"id":91792,"date":"2023-09-27T23:04:44","date_gmt":"2023-09-27T22:04:44","guid":{"rendered":"https:\/\/www.quartix.com\/?page_id=91792"},"modified":"2026-03-30T16:14:59","modified_gmt":"2026-03-30T15:14:59","slug":"geschaeftliche-vs-private-kilometer-wie-fahrzeugortung-dabei-hilft-die-steuervorschriften-einzuhalten","status":"publish","type":"page","link":"https:\/\/www.quartix.com\/de-de\/geschaeftliche-vs-private-kilometer-wie-fahrzeugortung-dabei-hilft-die-steuervorschriften-einzuhalten\/","title":{"rendered":"Gesch\u00e4ftliche vs. private Kilometer: Wie Fahrzeugortung dabei hilft, die Steuervorschriften einzuhalten"},"content":{"rendered":"\r\n<div   class=\"hero-block bighero\">\r\n    <img loading=\"lazy\" decoding=\"async\" width=\"1680\" height=\"840\" src=\"https:\/\/www.quartix.com\/content\/uploads\/2022\/05\/vans-inactive-at-the-depot.jpg\" class=\"\" alt=\"\" srcset=\"https:\/\/www.quartix.com\/content\/uploads\/2022\/05\/vans-inactive-at-the-depot.jpg 1680w, https:\/\/www.quartix.com\/content\/uploads\/2022\/05\/vans-inactive-at-the-depot-300x150.jpg 300w, https:\/\/www.quartix.com\/content\/uploads\/2022\/05\/vans-inactive-at-the-depot-1000x500.jpg 1000w, https:\/\/www.quartix.com\/content\/uploads\/2022\/05\/vans-inactive-at-the-depot-768x384.jpg 768w, https:\/\/www.quartix.com\/content\/uploads\/2022\/05\/vans-inactive-at-the-depot-1536x768.jpg 1536w\" sizes=\"auto, (max-width: 1680px) 100vw, 1680px\" \/>                <div class=\"hero-overlay\"><\/div>\r\n            \r\n\r\n\r\n    <div class=\"hero-content \">\r\n        <div class=\"inner limited-width\">\r\n                                                <h1 class=\"title\">Gesch\u00e4ftliche Fahrten f\u00fcr die Steuererkl\u00e4rung erfassen<\/h1>\r\n                                <p class=\"text\">Erfahren Sie, wie Sie die von Ihrer Flotte zur\u00fcckgelegten Kilometer ganz einfach in gesch\u00e4ftliche und private Fahrten unterteilen k\u00f6nnen. Halten Sie Ihre Aufzeichnungen mit Hilfe der Fahrzeugortung stets aktuell und genau. \r\n\r\n<\/p>                                        <div class=\"buttons\">\r\n                    <a href=\"https:\/\/go.marketing.quartix.com\/DE_Leitfaden_Gesch%C3%A4ftliche_vs_Private_Kilometer\" class=\"btn btn-green btn-inline\" target=\"_blank\" title=\"Leitfaden herunterladen\">Leitfaden herunterladen<\/a>\r\n                <\/div>\r\n                    <\/div>\r\n    <\/div>\r\n<\/div>\n\n\r\n<div   class=\"hero-block smallhero\">\r\n            <div class=\"hero-overlay whitebg\"><\/div>\r\n    \r\n\r\n\r\n    <div class=\"hero-content whitebg noimage\">\r\n        <div class=\"inner\">\r\n                            <p class=\"title stylelikeh3\">\u00dcbermitteln Sie Ihre Daten bedenkenlos an die Steuerbeh\u00f6rde. <\/p>                <div class=\"author\"><p>Erfahren Sie, wie Sie detaillierte Informationen zu Ihren Fahrzeugen f\u00fcr eine pr\u00e4zise Steuererkl\u00e4rung erfassen k\u00f6nnen.<\/p>\n<\/div>                                        <div class=\"buttons\">\r\n                    <a href=\"https:\/\/go.marketing.quartix.com\/DE_Leitfaden_Gesch%C3%A4ftliche_vs_Private_Kilometer\" class=\"btn btn-green btn-inline\" target=\"_blank\" title=\"Leitfaden herunterladen\">Leitfaden herunterladen<\/a>\r\n                <\/div>\r\n                    <\/div>\r\n    <\/div>\r\n<\/div>\n\n\r\n\r\n        <div  class=\"landingpageouter\" style=\"background-color:#efefef ;\">\r\n        <div class=\"landingpagecolsblock twocols4060 \">\r\n            <div class=\"col1\">\r\n                <p class=\"pre-title\">Wussten Sie das?<\/p>                <h2 class=\"\">Erfassung der privaten Nutzung von Firmenfahrzeugen<\/h2>                <div class='wysiwyg'><p>Die Nutzung eines Firmenfahrzeugs f\u00fcr private Zwecke ist eine Sachleistung, f\u00fcr die Arbeitgeber Einkommensteuer auf den Wert zahlen m\u00fcssen. Kraftstoff ist ebenfalls eine steuerpflichtige Leistung und muss daher als gesch\u00e4ftlich oder privat genutzte Kilometerleistung in Fahrzeugen erfasst werden, die f\u00fcr beides genutzt werden. <\/p>\n<\/div>            <\/div>\r\n            <div class=\"col2\">\r\n                <div class=\"responsivemedia\"><img loading=\"lazy\" decoding=\"async\" width=\"640\" height=\"427\" src=\"https:\/\/www.quartix.com\/content\/uploads\/2023\/09\/Man-using-Quartix-to-study-tracking-data-768x512.jpg\" class=\"\" alt=\"\" srcset=\"https:\/\/www.quartix.com\/content\/uploads\/2023\/09\/Man-using-Quartix-to-study-tracking-data-768x512.jpg 768w, https:\/\/www.quartix.com\/content\/uploads\/2023\/09\/Man-using-Quartix-to-study-tracking-data-300x200.jpg 300w, https:\/\/www.quartix.com\/content\/uploads\/2023\/09\/Man-using-Quartix-to-study-tracking-data-1000x667.jpg 1000w, https:\/\/www.quartix.com\/content\/uploads\/2023\/09\/Man-using-Quartix-to-study-tracking-data-1536x1025.jpg 1536w, https:\/\/www.quartix.com\/content\/uploads\/2023\/09\/Man-using-Quartix-to-study-tracking-data-1619x1080.jpg 1619w, https:\/\/www.quartix.com\/content\/uploads\/2023\/09\/Man-using-Quartix-to-study-tracking-data.jpg 1988w\" sizes=\"auto, (max-width: 640px) 100vw, 640px\" \/><\/div>            <\/div>\r\n                        <\/div>\r\n    <\/div>\r\n\r\n\r\n\n\n\r\n\r\n        <div  class=\"landingpageouter\" style=\"background-color:#f8f8f8 ;\">\r\n        <div class=\"landingpagecolsblock twocols4060 swap-content\">\r\n            <div class=\"col1\">\r\n                <p class=\"pre-title\">Wussten Sie das?<\/p>                <h2 class=\"\">Strenge Strafen f\u00fcr Verst\u00f6\u00dfe<\/h2>                <div class='wysiwyg'><p>Das Finanzamt verh\u00e4ngt Strafen an Unternehmen, die keine ordnungsgem\u00e4\u00dfen Steuereinnahmen zahlen. Daher ist es wichtig, dass Sie Sachleistungen ordnungsgem\u00e4\u00df angeben. Sich auf manuelle Aufzeichnungen zu verlassen, ist riskant, w\u00e4hrend die Fahrzeugortung klare und pr\u00e4zise Daten liefern kann. <\/p>\n<\/div>            <\/div>\r\n            <div class=\"col2\">\r\n                <div class=\"responsivemedia\"><img loading=\"lazy\" decoding=\"async\" width=\"640\" height=\"381\" src=\"https:\/\/www.quartix.com\/content\/uploads\/2022\/06\/man-using-tablet-768x457.jpg\" class=\"\" alt=\"\" srcset=\"https:\/\/www.quartix.com\/content\/uploads\/2022\/06\/man-using-tablet-768x457.jpg 768w, https:\/\/www.quartix.com\/content\/uploads\/2022\/06\/man-using-tablet-300x178.jpg 300w, https:\/\/www.quartix.com\/content\/uploads\/2022\/06\/man-using-tablet-1000x595.jpg 1000w, https:\/\/www.quartix.com\/content\/uploads\/2022\/06\/man-using-tablet.jpg 1300w\" sizes=\"auto, (max-width: 640px) 100vw, 640px\" \/><\/div>            <\/div>\r\n                        <\/div>\r\n    <\/div>\r\n\r\n\r\n\n\n\r\n<div   class=\"hero-block smallhero\">\r\n    <img loading=\"lazy\" decoding=\"async\" width=\"1920\" height=\"906\" src=\"https:\/\/www.quartix.com\/content\/uploads\/2021\/06\/FR-white-van-driving-Quartix.jpg\" class=\"\" alt=\"La g\u00e9olocalisation de v\u00e9hicules offre de nombreux avantages aux entreprises\" srcset=\"https:\/\/www.quartix.com\/content\/uploads\/2021\/06\/FR-white-van-driving-Quartix.jpg 2560w, https:\/\/www.quartix.com\/content\/uploads\/2021\/06\/FR-white-van-driving-Quartix-300x142.jpg 300w, https:\/\/www.quartix.com\/content\/uploads\/2021\/06\/FR-white-van-driving-Quartix-1000x472.jpg 1000w, https:\/\/www.quartix.com\/content\/uploads\/2021\/06\/FR-white-van-driving-Quartix-768x362.jpg 768w, https:\/\/www.quartix.com\/content\/uploads\/2021\/06\/FR-white-van-driving-Quartix-1536x725.jpg 1536w, https:\/\/www.quartix.com\/content\/uploads\/2021\/06\/FR-white-van-driving-Quartix-2048x966.jpg 2048w\" sizes=\"auto, (max-width: 1920px) 100vw, 1920px\" \/>                <div class=\"hero-overlay\"><\/div>\r\n            \r\n\r\n\r\n    <div class=\"hero-content \">\r\n        <div class=\"inner\">\r\n                            <p class=\"title stylelikeh3\">Erfassen Sie ihre gesch\u00e4fltichen und privaten Kilometer ganz einfach mit Quartix <\/p>                <div class=\"author\"><p>\u00dcber unsere Website oder unsere mobile App k\u00f6nnen Sie ganz einfach die Datenschutzeinstellungen f\u00fcr jedes Ihrer Fahrzeuge konfigurieren und die zur\u00fcckgelegten Kilometer jederzeit als gesch\u00e4ftlich oder privat kennzeichnen.<\/p>\n<\/div>                                        <div class=\"buttons\">\r\n                    <a href=\"https:\/\/go.marketing.quartix.com\/DE_Leitfaden_Gesch%C3%A4ftliche_vs_Private_Kilometer\" class=\"btn btn-green btn-inline\" target=\"_blank\" title=\"Leitfaden herunterladen\">Leitfaden herunterladen<\/a>\r\n                <\/div>\r\n                    <\/div>\r\n    <\/div>\r\n<\/div>\n\n\r\n<section class=\"qtx-pagebuilder-section qtx-pagebuilder-section-bannercontent  notopmargin \"\r\nstyle=\"background-color:#13AB5B; color: #FFFFFF;\">\r\n    <div class=\"bannercontentinner\">\r\n        <p style=\"text-align: center\">\u201eJeder unserer Fahrer hat Zugriff auf die mobile App von Quartix. Mit dieser App teilen sie uns mit, welche ihrer gefahrenen Kilometer privat und welche gesch\u00e4ftlich sind. Wir erhalten einen Bericht mit diesen Informationen und k\u00f6nnen den Fahrern dann die f\u00fcr gesch\u00e4ftliche Zwecke gefahrenen Kilometer erstatten. Das ist ein effektives System, mit dem sich unsere Kilometerberichte f\u00fcr die gesamte Flotte einfach verwalten lassen.\u201c<\/p>\n<p style=\"text-align: center\">\u2013 Aaron Brooks, Home Bargains<\/p>\n    <\/div>\r\n<\/section>\n\n\n<div class=\"wp-block-columns is-layout-flex wp-container-core-columns-is-layout-28f84493 wp-block-columns-is-layout-flex\">\n<div class=\"wp-block-column is-layout-flow wp-block-column-is-layout-flow\">\n<h2 class=\"wp-block-heading\" id=\"h-ihr-leitfaden-zur-einhaltung-der-flottensteuerpflicht\">Ihr Leitfaden zur Einhaltung der Flottensteuerpflicht<\/h2>\n\n\n\n<p>Stellen Sie sicher, dass Sie und Ihre Flotte stets die Steuervorschriften einhalten, indem Sie die Fahrzeugortung von Quartix nutzen, um Ihre Sachleistungen zu erfassen und zu melden.<\/p>\n\n\n    <div class=\"button-container \">\r\n<a href=\"https:\/\/go.marketing.quartix.com\/DE_Leitfaden_Gesch%C3%A4ftliche_vs_Private_Kilometer\" class=\"btn pagebuilder-btn btn-green btn-light\" title=\"Leitfaden herunterladen\" target=\"_blank\">Leitfaden herunterladen<\/a>\r\n<\/div>\r\n<\/div>\n\n\n\n<div class=\"wp-block-column is-layout-flow wp-block-column-is-layout-flow\">\n<figure class=\"wp-block-image aligncenter size-full is-resized\"><img loading=\"lazy\" decoding=\"async\" width=\"1414\" height=\"2000\" src=\"https:\/\/www.quartix.com\/content\/uploads\/2025\/11\/DE_Leitfaden_Geschaftliche_vs_Private_Kilomter_Bild.png\" alt=\"A row of white commercial vans parked in a lot, with a focus on one van in the foreground; German text about vehicle tracking and tax compliance above.\" class=\"wp-image-126470\" style=\"width:331px;height:443px\" srcset=\"https:\/\/www.quartix.com\/content\/uploads\/2025\/11\/DE_Leitfaden_Geschaftliche_vs_Private_Kilomter_Bild.png 1414w, https:\/\/www.quartix.com\/content\/uploads\/2025\/11\/DE_Leitfaden_Geschaftliche_vs_Private_Kilomter_Bild-212x300.png 212w, https:\/\/www.quartix.com\/content\/uploads\/2025\/11\/DE_Leitfaden_Geschaftliche_vs_Private_Kilomter_Bild-707x1000.png 707w, https:\/\/www.quartix.com\/content\/uploads\/2025\/11\/DE_Leitfaden_Geschaftliche_vs_Private_Kilomter_Bild-768x1086.png 768w, https:\/\/www.quartix.com\/content\/uploads\/2025\/11\/DE_Leitfaden_Geschaftliche_vs_Private_Kilomter_Bild-1086x1536.png 1086w, https:\/\/www.quartix.com\/content\/uploads\/2025\/11\/DE_Leitfaden_Geschaftliche_vs_Private_Kilomter_Bild-764x1080.png 764w\" sizes=\"auto, (max-width: 1414px) 100vw, 1414px\" \/><\/figure>\n<\/div>\n<\/div>\n","protected":false},"excerpt":{"rendered":"<p>Wenn Ihre Fahrzeuge sowohl f\u00fcr gesch\u00e4ftliche als auch f\u00fcr private Zwecke genutzt werden, k\u00f6nnen Sie mit Hilfe der Fahrzeugortung bestimmen, welche Kilometer in welche Kategorie fallen. <\/p>\n","protected":false},"author":12,"featured_media":74966,"parent":0,"menu_order":0,"comment_status":"closed","ping_status":"closed","template":"templates\/landing-pagebuilder.php","meta":{"_acf_changed":false,"inline_featured_image":false,"footnotes":""},"topic":[1878],"qtx_campaign":[],"class_list":["post-91792","page","type-page","status-publish","has-post-thumbnail","hentry","topic-risikomanagement"],"acf":[],"yoast_head":"<!-- This site is optimized with the Yoast SEO Premium plugin v27.3 (Yoast SEO v27.3) - https:\/\/yoast.com\/product\/yoast-seo-premium-wordpress\/ -->\n<title>Private &amp; gesch\u00e4ftliche Fahrten korrekt trennen mit Fahrzeugortung - DE<\/title>\n<meta name=\"description\" content=\"Einige Firmenfahrzeuge werden sowohl f\u00fcr gesch\u00e4ftliche als auch f\u00fcr private Zwecke genutzt. Um die Einhaltung der Steuervorschriften zu gew\u00e4hrleisten, m\u00fcssen diese Kilometer klar definiert werden. Quartix kann hier helfen.\" \/>\n<meta name=\"robots\" content=\"index, follow, max-snippet:-1, max-image-preview:large, max-video-preview:-1\" \/>\n<link rel=\"canonical\" href=\"https:\/\/www.quartix.com\/de-de\/geschaeftliche-vs-private-kilometer-wie-fahrzeugortung-dabei-hilft-die-steuervorschriften-einzuhalten\/\" \/>\n<meta property=\"og:locale\" content=\"de_DE\" \/>\n<meta property=\"og:type\" content=\"article\" \/>\n<meta property=\"og:title\" content=\"Gesch\u00e4ftliche vs. private Kilometer: Wie Fahrzeugortung dabei hilft, die Steuervorschriften einzuhalten\" \/>\n<meta property=\"og:description\" content=\"Einige Firmenfahrzeuge werden sowohl f\u00fcr gesch\u00e4ftliche als auch f\u00fcr private Zwecke genutzt. Um die Einhaltung der Steuervorschriften zu gew\u00e4hrleisten, m\u00fcssen diese Kilometer klar definiert werden. Quartix kann hier helfen.\" \/>\n<meta property=\"og:url\" content=\"https:\/\/www.quartix.com\/de-de\/geschaeftliche-vs-private-kilometer-wie-fahrzeugortung-dabei-hilft-die-steuervorschriften-einzuhalten\/\" \/>\n<meta property=\"og:site_name\" content=\"Quartix\" \/>\n<meta property=\"article:publisher\" content=\"https:\/\/www.facebook.com\/Quartix-USA-374426386097401\/\" \/>\n<meta property=\"article:modified_time\" content=\"2026-03-30T15:14:59+00:00\" \/>\n<meta property=\"og:image\" content=\"https:\/\/www.quartix.com\/content\/uploads\/2022\/05\/vans-inactive-at-the-depot.jpg\" \/>\n\t<meta property=\"og:image:width\" content=\"1680\" \/>\n\t<meta property=\"og:image:height\" content=\"840\" \/>\n\t<meta property=\"og:image:type\" content=\"image\/jpeg\" \/>\n<meta name=\"twitter:card\" content=\"summary_large_image\" \/>\n<meta name=\"twitter:site\" content=\"@QuartixUSA\" \/>\n<meta name=\"twitter:label1\" content=\"Est. reading time\" \/>\n\t<meta name=\"twitter:data1\" content=\"3 minutes\" \/>\n<!-- \/ Yoast SEO Premium plugin. -->","yoast_head_json":{"title":"Private & gesch\u00e4ftliche Fahrten korrekt trennen mit Fahrzeugortung - DE","description":"Einige Firmenfahrzeuge werden sowohl f\u00fcr gesch\u00e4ftliche als auch f\u00fcr private Zwecke genutzt. Um die Einhaltung der Steuervorschriften zu gew\u00e4hrleisten, m\u00fcssen diese Kilometer klar definiert werden. Quartix kann hier helfen.","robots":{"index":"index","follow":"follow","max-snippet":"max-snippet:-1","max-image-preview":"max-image-preview:large","max-video-preview":"max-video-preview:-1"},"canonical":"https:\/\/www.quartix.com\/de-de\/geschaeftliche-vs-private-kilometer-wie-fahrzeugortung-dabei-hilft-die-steuervorschriften-einzuhalten\/","og_locale":"de_DE","og_type":"article","og_title":"Gesch\u00e4ftliche vs. private Kilometer: Wie Fahrzeugortung dabei hilft, die Steuervorschriften einzuhalten","og_description":"Einige Firmenfahrzeuge werden sowohl f\u00fcr gesch\u00e4ftliche als auch f\u00fcr private Zwecke genutzt. Um die Einhaltung der Steuervorschriften zu gew\u00e4hrleisten, m\u00fcssen diese Kilometer klar definiert werden. Quartix kann hier helfen.","og_url":"https:\/\/www.quartix.com\/de-de\/geschaeftliche-vs-private-kilometer-wie-fahrzeugortung-dabei-hilft-die-steuervorschriften-einzuhalten\/","og_site_name":"Quartix","article_publisher":"https:\/\/www.facebook.com\/Quartix-USA-374426386097401\/","article_modified_time":"2026-03-30T15:14:59+00:00","og_image":[{"width":1680,"height":840,"url":"https:\/\/www.quartix.com\/content\/uploads\/2022\/05\/vans-inactive-at-the-depot.jpg","type":"image\/jpeg"}],"twitter_card":"summary_large_image","twitter_site":"@QuartixUSA","twitter_misc":{"Est. reading time":"3 minutes"},"schema":{"@context":"https:\/\/schema.org","@graph":[{"@type":"WebPage","@id":"https:\/\/www.quartix.com\/de-de\/geschaeftliche-vs-private-kilometer-wie-fahrzeugortung-dabei-hilft-die-steuervorschriften-einzuhalten\/","url":"https:\/\/www.quartix.com\/de-de\/geschaeftliche-vs-private-kilometer-wie-fahrzeugortung-dabei-hilft-die-steuervorschriften-einzuhalten\/","name":"Private & gesch\u00e4ftliche Fahrten korrekt trennen mit Fahrzeugortung","isPartOf":{"@id":"https:\/\/www.quartix.com\/de-de\/#website"},"primaryImageOfPage":{"@id":"https:\/\/www.quartix.com\/de-de\/geschaeftliche-vs-private-kilometer-wie-fahrzeugortung-dabei-hilft-die-steuervorschriften-einzuhalten\/#primaryimage"},"image":{"@id":"https:\/\/www.quartix.com\/de-de\/geschaeftliche-vs-private-kilometer-wie-fahrzeugortung-dabei-hilft-die-steuervorschriften-einzuhalten\/#primaryimage"},"thumbnailUrl":"https:\/\/www.quartix.com\/content\/uploads\/2022\/05\/vans-inactive-at-the-depot.jpg","datePublished":"2023-09-27T22:04:44+00:00","dateModified":"2026-03-30T15:14:59+00:00","description":"Einige Firmenfahrzeuge werden sowohl f\u00fcr gesch\u00e4ftliche als auch f\u00fcr private Zwecke genutzt. Um die Einhaltung der Steuervorschriften zu gew\u00e4hrleisten, m\u00fcssen diese Kilometer klar definiert werden. Quartix kann hier helfen.","breadcrumb":{"@id":"https:\/\/www.quartix.com\/de-de\/geschaeftliche-vs-private-kilometer-wie-fahrzeugortung-dabei-hilft-die-steuervorschriften-einzuhalten\/#breadcrumb"},"inLanguage":"de-DE","potentialAction":[{"@type":"ReadAction","target":["https:\/\/www.quartix.com\/de-de\/geschaeftliche-vs-private-kilometer-wie-fahrzeugortung-dabei-hilft-die-steuervorschriften-einzuhalten\/"]}]},{"@type":"ImageObject","inLanguage":"de-DE","@id":"https:\/\/www.quartix.com\/de-de\/geschaeftliche-vs-private-kilometer-wie-fahrzeugortung-dabei-hilft-die-steuervorschriften-einzuhalten\/#primaryimage","url":"https:\/\/www.quartix.com\/content\/uploads\/2022\/05\/vans-inactive-at-the-depot.jpg","contentUrl":"https:\/\/www.quartix.com\/content\/uploads\/2022\/05\/vans-inactive-at-the-depot.jpg","width":1680,"height":840},{"@type":"BreadcrumbList","@id":"https:\/\/www.quartix.com\/de-de\/geschaeftliche-vs-private-kilometer-wie-fahrzeugortung-dabei-hilft-die-steuervorschriften-einzuhalten\/#breadcrumb","itemListElement":[{"@type":"ListItem","position":1,"name":"Startseite","item":"https:\/\/www.quartix.com\/de-de\/die-nr-1-fahrzeugortungsloesung-fuer-flotten-jeder-groesse\/"},{"@type":"ListItem","position":2,"name":"Gesch\u00e4ftliche vs. private Kilometer: Wie Fahrzeugortung dabei hilft, die Steuervorschriften einzuhalten"}]},{"@type":"WebSite","@id":"https:\/\/www.quartix.com\/de-de\/#website","url":"https:\/\/www.quartix.com\/de-de\/","name":"Quartix","description":"Real-time vehicle tracking","publisher":{"@id":"https:\/\/www.quartix.com\/de-de\/#organization"},"potentialAction":[{"@type":"SearchAction","target":{"@type":"EntryPoint","urlTemplate":"https:\/\/www.quartix.com\/de-de\/?s={search_term_string}"},"query-input":{"@type":"PropertyValueSpecification","valueRequired":true,"valueName":"search_term_string"}}],"inLanguage":"de-DE"},{"@type":"Organization","@id":"https:\/\/www.quartix.com\/de-de\/#organization","name":"Quartix","url":"https:\/\/www.quartix.com\/de-de\/","logo":{"@type":"ImageObject","inLanguage":"de-DE","@id":"https:\/\/www.quartix.com\/de-de\/#\/schema\/logo\/image\/","url":"https:\/\/www.quartix.com\/content\/uploads\/2019\/02\/quartix-logo-eur.svg","contentUrl":"https:\/\/www.quartix.com\/content\/uploads\/2019\/02\/quartix-logo-eur.svg","width":1,"height":1,"caption":"Quartix"},"image":{"@id":"https:\/\/www.quartix.com\/de-de\/#\/schema\/logo\/image\/"},"sameAs":["https:\/\/www.facebook.com\/Quartix-USA-374426386097401\/","https:\/\/x.com\/QuartixUSA","https:\/\/www.linkedin.com\/company\/5346733\/","https:\/\/www.youtube.com\/channel\/UCzS-_GMfHF4kWiCheyIRrAQ"]}]}},"_links":{"self":[{"href":"https:\/\/www.quartix.com\/de-de\/wp-json\/wp\/v2\/pages\/91792","targetHints":{"allow":["GET"]}}],"collection":[{"href":"https:\/\/www.quartix.com\/de-de\/wp-json\/wp\/v2\/pages"}],"about":[{"href":"https:\/\/www.quartix.com\/de-de\/wp-json\/wp\/v2\/types\/page"}],"author":[{"embeddable":true,"href":"https:\/\/www.quartix.com\/de-de\/wp-json\/wp\/v2\/users\/12"}],"replies":[{"embeddable":true,"href":"https:\/\/www.quartix.com\/de-de\/wp-json\/wp\/v2\/comments?post=91792"}],"version-history":[{"count":8,"href":"https:\/\/www.quartix.com\/de-de\/wp-json\/wp\/v2\/pages\/91792\/revisions"}],"predecessor-version":[{"id":130471,"href":"https:\/\/www.quartix.com\/de-de\/wp-json\/wp\/v2\/pages\/91792\/revisions\/130471"}],"wp:featuredmedia":[{"embeddable":true,"href":"https:\/\/www.quartix.com\/de-de\/wp-json\/wp\/v2\/media\/74966"}],"wp:attachment":[{"href":"https:\/\/www.quartix.com\/de-de\/wp-json\/wp\/v2\/media?parent=91792"}],"wp:term":[{"taxonomy":"topic","embeddable":true,"href":"https:\/\/www.quartix.com\/de-de\/wp-json\/wp\/v2\/topic?post=91792"},{"taxonomy":"qtx_campaign","embeddable":true,"href":"https:\/\/www.quartix.com\/de-de\/wp-json\/wp\/v2\/qtx_campaign?post=91792"}],"curies":[{"name":"wp","href":"https:\/\/api.w.org\/{rel}","templated":true}]}}