{"id":91810,"date":"2023-09-28T00:04:37","date_gmt":"2023-09-27T23:04:37","guid":{"rendered":"https:\/\/www.quartix.com\/?page_id=91810"},"modified":"2026-03-30T16:14:40","modified_gmt":"2026-03-30T15:14:40","slug":"der-quartix-mobile-app-leitfaden","status":"publish","type":"page","link":"https:\/\/www.quartix.com\/de-de\/der-quartix-mobile-app-leitfaden\/","title":{"rendered":"Der Quartix Mobile App Leitfaden"},"content":{"rendered":"\r\n<div   class=\"hero-block bighero\">\r\n    <img loading=\"lazy\" decoding=\"async\" width=\"1060\" height=\"484\" src=\"https:\/\/www.quartix.com\/content\/uploads\/2023\/11\/quartix-mobile-app.png\" class=\"\" alt=\"\" \/>                <div class=\"hero-overlay\"><\/div>\r\n            \r\n\r\n\r\n    <div class=\"hero-content \">\r\n        <div class=\"inner limited-width\">\r\n                                                <h1 class=\"title\">Orten Sie die Fahrzeuge Ihrer Flotte jederzeit und \u00fcberall <\/h1>\r\n                                <p class=\"text\">Entdecken Sie, wie Sie mit der mobilen App von Quartix stets mit Ihren Fahrern in Verbindung bleiben k\u00f6nnen.<\/p>                                        <div class=\"buttons\">\r\n                    <a href=\"https:\/\/go.marketing.quartix.com\/Leitfaden_Mobile_App\" class=\"btn btn-green btn-inline\" target=\"_blank\" title=\"Leitfaden herunterladen\">Leitfaden herunterladen<\/a>\r\n                <\/div>\r\n                    <\/div>\r\n    <\/div>\r\n<\/div>\n\n\r\n<div   class=\"hero-block smallhero\">\r\n            <div class=\"hero-overlay greybg\"><\/div>\r\n    \r\n\r\n\r\n    <div class=\"hero-content greybg noimage\">\r\n        <div class=\"inner\">\r\n                            <p class=\"title stylelikeh3\">Greifen Sie ganz einfach auf Quartix-Berichte und Live-Tracking zu.<\/p>                <div class=\"author\"><p>In diesem Leitfaden erfahren Sie, wie Sie die Fahrten und die Leistung Ihrer Fahrer von jedem iOS- oder Android-Ger\u00e4t aus \u00fcberpr\u00fcfen und sicherstellen k\u00f6nnen, damit Sie Ihre Flotte immer und \u00fcberall verwalten k\u00f6nnen.<\/p>\n<\/div>                                        <div class=\"buttons\">\r\n                    <a href=\"https:\/\/go.marketing.quartix.com\/Leitfaden_Mobile_App\" class=\"btn btn-green btn-inline\" target=\"_blank\" title=\"Mehr dazu erfahren\">Mehr dazu erfahren<\/a>\r\n                <\/div>\r\n                    <\/div>\r\n    <\/div>\r\n<\/div>\n\n\r\n\r\n        <div  class=\"landingpageouter\" style=\"background-color:#ffffff ;\">\r\n        <div class=\"landingpagecolsblock twocols4060 \">\r\n            <div class=\"col1\">\r\n                <p class=\"pre-title\">24-Stunden-\u00dcberwachung<\/p>                                <div class='wysiwyg'><p>Mit der umfassenden Quartix-App k\u00f6nnen Sie Ihre Fahrzeuge zu jeder Tageszeit lokalisieren und sich einen vollst\u00e4ndigen \u00dcberblick \u00fcber die Aktivit\u00e4ten Ihrer Flotte verschaffen, einschlie\u00dflich einer vollst\u00e4ndigen Liste der Fahrzeuge und ihrer aktuellen Position, ihres Status, ihrer Geschwindigkeit und Fahrtrichtung, sofern sie unterwegs sind.<\/p>\n<\/div>            <\/div>\r\n            <div class=\"col2\">\r\n                <div class=\"responsivemedia\"><img loading=\"lazy\" decoding=\"async\" width=\"640\" height=\"644\" src=\"https:\/\/www.quartix.com\/content\/uploads\/2023\/11\/manager-on-construction-site-using-mobile-app.png\" class=\"\" alt=\"\" \/><\/div>            <\/div>\r\n                        <\/div>\r\n    <\/div>\r\n\r\n\r\n\n\n\r\n\r\n        <div  class=\"landingpageouter\" style=\"background-color:#efefef ;\">\r\n        <div class=\"landingpagecolsblock twocols4060 swap-content\">\r\n            <div class=\"col1\">\r\n                <p class=\"pre-title\">FAHRERLEISTUNGSDATEN<\/p>                                <div class='wysiwyg'><p>Sehen Sie sich Informationen zum t\u00e4glichen Fahrverhalten direkt in der mobilen App an, damit Sie sicherstellen k\u00f6nnen, dass Ihre Teams sicher fahren, egal wo Sie sich gerade befinden. Sie k\u00f6nnen Ihren Fahrern sogar Zugriff auf ihre eigenen Fahrberichte gew\u00e4hren, damit sie ihre Fortschritte verfolgen und ihre Bewertungen nachvollziehen k\u00f6nnen.<\/p>\n<\/div>            <\/div>\r\n            <div class=\"col2\">\r\n                <div class=\"responsivemedia\"><img loading=\"lazy\" decoding=\"async\" width=\"633\" height=\"557\" src=\"https:\/\/www.quartix.com\/content\/uploads\/2024\/02\/uk-mobile-app-driver-behavior-screen-rotated-1.png\" class=\"\" alt=\"\" \/><\/div>            <\/div>\r\n                        <\/div>\r\n    <\/div>\r\n\r\n\r\n\n\n\r\n\r\n        <div  class=\"landingpageouter\" style=\"background-color:#f8f8f8 ;\">\r\n        <div class=\"landingpagecolsblock twocols4060 \">\r\n            <div class=\"col1\">\r\n                <p class=\"pre-title\">GESCH\u00c4FTLICHE VS. PRIVATE KILOMETER<\/p>                                <div class='wysiwyg'><p>Erm\u00f6glichen Sie Ihren Fahrern, die zur\u00fcckgelegten Kilometer \u00fcber die mobile App als gesch\u00e4ftlich oder privat zu kennzeichnen. Sparen Sie Zeit bei der Erstattung der w\u00e4hrend der Gesch\u00e4ftszeiten zur\u00fcckgelegten Kilometer, indem Sie diese Unterscheidung in Ihren Berichten deutlich anzeigen.<\/p>\n<\/div>            <\/div>\r\n            <div class=\"col2\">\r\n                <div class=\"responsivemedia\"><img loading=\"lazy\" decoding=\"async\" width=\"640\" height=\"695\" src=\"https:\/\/www.quartix.com\/content\/uploads\/2023\/11\/uk-man-using-app-in-car.png\" class=\"\" alt=\"\" \/><\/div>            <\/div>\r\n                        <\/div>\r\n    <\/div>\r\n\r\n\r\n\n\n\r\n<div   class=\"hero-block smallhero landing-cta\">\r\n    <img loading=\"lazy\" decoding=\"async\" width=\"1480\" height=\"987\" src=\"https:\/\/www.quartix.com\/content\/uploads\/2023\/10\/phone_image_with_car-1.jpg\" class=\"\" alt=\"\" srcset=\"https:\/\/www.quartix.com\/content\/uploads\/2023\/10\/phone_image_with_car-1.jpg 1480w, https:\/\/www.quartix.com\/content\/uploads\/2023\/10\/phone_image_with_car-1-300x200.jpg 300w, https:\/\/www.quartix.com\/content\/uploads\/2023\/10\/phone_image_with_car-1-1000x667.jpg 1000w, https:\/\/www.quartix.com\/content\/uploads\/2023\/10\/phone_image_with_car-1-768x512.jpg 768w\" sizes=\"auto, (max-width: 1480px) 100vw, 1480px\" \/>        <div class=\"hero-overlay\"><\/div>\r\n        <div class=\"hero-content \">\r\n        <div class=\"inner\">\r\n            <h2 class=\"title\">Genie\u00dfen Sie die Vorteile der Quartix-Fahrzeugortung von Ihrem Mobilger\u00e4t aus.<\/h2>            <div class=\"author\"><p>Geben Sie sich und Ihren Fahrern die Einblicke und Vorteile, die das Quartix-System bietet, wie zum Beispiel:<\/p>\n<\/div>            <div class='landingctalist centrelist'><ul class='ticks fa-ul' style=''><li><span class='fa-li'><i class='fas fa-check-circle'><\/i><\/span>Echtzeit-Ortung<\/li><li><span class='fa-li'><i class='fas fa-check-circle'><\/i><\/span>Routeninformationen<\/li><li><span class='fa-li'><i class='fas fa-check-circle'><\/i><\/span>\u00dcberwachung des Fahrverhaltens <\/li><li><span class='fa-li'><i class='fas fa-check-circle'><\/i><\/span>Gesch\u00e4ftliche vs. private Kilometerleistung<\/li><\/ul><\/div>            \r\n                            <div class=\"buttons\">\r\n                    <a href=\"https:\/\/go.marketing.quartix.com\/Leitfaden_Mobile_App\" class=\"btn btn-green\" target=\"_blank\" title=\"Leitfaden herunterladen\">Leitfaden herunterladen<\/a>\r\n                <\/div>\r\n                    <\/div>\r\n    <\/div>\r\n<\/div>\n\n\r\n<section class=\"qtx-pagebuilder-section qtx-pagebuilder-section-bannercontent  notopmargin \"\r\nstyle=\"background-color:#13AB5B; color: #FFFFFF;\">\r\n    <div class=\"bannercontentinner\">\r\n        <p style=\"text-align: center\">\u201eWas mir an Quartix besonders gut gef\u00e4llt, ist, dass ich unsere Fahrzeuge \u00fcber die App live auf meinem Handy sehen kann. Die meiste Zeit bin ich nicht am Computer, sondern auf dem Hof und bereite unsere Fahrzeuge vor, daher ist die Quartix-App wirklich sehr n\u00fctzlich. Selbst im Urlaub kann ich meine Fahrzeuge aus dem Ausland im Auge behalten!\u201c<\/p>\n<p style=\"text-align: center\">-Harry Garrett, Garratt Horsebox Hire<\/p>\n    <\/div>\r\n<\/section>\n\n\n<div class=\"wp-block-columns is-layout-flex wp-container-core-columns-is-layout-28f84493 wp-block-columns-is-layout-flex\">\n<div class=\"wp-block-column is-layout-flow wp-block-column-is-layout-flow\">\n<h2 class=\"wp-block-heading\" id=\"h-ihr-leitfaden-fur-die-quartix-mobil-app\">Ihr Leitfaden f\u00fcr die Quartix-Mobil-App<\/h2>\n\n\n\n<p>Holen Sie das Beste aus Ihrem Tracking-System heraus \u2013 mit unserer umfassenden App, die Sie kostenlos mit Ihrem Abonnement erhalten und die Ihnen dabei hilft, Ihre Flotte nach Ihrem Zeitplan zu verwalten.<\/p>\n\n\n    <div class=\"button-container \">\r\n<a href=\"https:\/\/go.marketing.quartix.com\/Leitfaden_Mobile_App\" class=\"btn pagebuilder-btn btn-green btn-light\" title=\"Leitfaden jetzt herunterladen\" target=\"_blank\">Leitfaden jetzt herunterladen<\/a>\r\n<\/div>\r\n<\/div>\n\n\n\n<div class=\"wp-block-column is-layout-flow wp-block-column-is-layout-flow\">\n<figure class=\"wp-block-image size-full is-resized\"><img loading=\"lazy\" decoding=\"async\" width=\"1414\" height=\"2000\" src=\"https:\/\/www.quartix.com\/content\/uploads\/2025\/11\/DE_Leitfaden_Mobile_App_Bild.png\" alt=\"A person holds a smartphone displaying a map with a location pin and the Quartix logo, next to a laptop, notebook, and glasses on a desk.\" class=\"wp-image-126481\" style=\"aspect-ratio:0.8384615384615385;width:362px;height:auto\" srcset=\"https:\/\/www.quartix.com\/content\/uploads\/2025\/11\/DE_Leitfaden_Mobile_App_Bild.png 1414w, https:\/\/www.quartix.com\/content\/uploads\/2025\/11\/DE_Leitfaden_Mobile_App_Bild-212x300.png 212w, https:\/\/www.quartix.com\/content\/uploads\/2025\/11\/DE_Leitfaden_Mobile_App_Bild-707x1000.png 707w, https:\/\/www.quartix.com\/content\/uploads\/2025\/11\/DE_Leitfaden_Mobile_App_Bild-768x1086.png 768w, https:\/\/www.quartix.com\/content\/uploads\/2025\/11\/DE_Leitfaden_Mobile_App_Bild-1086x1536.png 1086w, https:\/\/www.quartix.com\/content\/uploads\/2025\/11\/DE_Leitfaden_Mobile_App_Bild-764x1080.png 764w\" sizes=\"auto, (max-width: 1414px) 100vw, 1414px\" \/><\/figure>\n<\/div>\n<\/div>\n","protected":false},"excerpt":{"rendered":"<p>Finden Sie heraus, wie Sie die Quartix Mobile App nutzen k\u00f6nnen, ein kostenloser Vorteil des Quartix Fahrzeugortungssystems, mit dem Sie zu jeder Tageszeit und an jedem Ort mit Ihrer Flotte in Verbindung treten k\u00f6nnen.<\/p>\n","protected":false},"author":6,"featured_media":69526,"parent":0,"menu_order":3445,"comment_status":"closed","ping_status":"closed","template":"templates\/landing-pagebuilder.php","meta":{"_acf_changed":false,"inline_featured_image":false,"footnotes":""},"topic":[1866,1869],"qtx_campaign":[],"class_list":["post-91810","page","type-page","status-publish","has-post-thumbnail","hentry","topic-effizienzsteigerungen-und-einsparungen","topic-fahrer-management"],"acf":[],"yoast_head":"<!-- This site is optimized with the Yoast SEO Premium plugin v27.3 (Yoast SEO v27.3) - https:\/\/yoast.com\/product\/yoast-seo-premium-wordpress\/ -->\n<title>Der Quartix Mobile App Leitfaden - DE<\/title>\n<meta name=\"description\" content=\"Wenn Sie unterwegs sind, k\u00f6nnen Sie mit der mobilen Quartix-App rund um die Uhr sehen, was mit Ihren Fahrzeugen passiert. Erfahren Sie mehr.\" \/>\n<meta name=\"robots\" content=\"index, follow, max-snippet:-1, max-image-preview:large, max-video-preview:-1\" \/>\n<link rel=\"canonical\" href=\"https:\/\/www.quartix.com\/de-de\/der-quartix-mobile-app-leitfaden\/\" \/>\n<meta property=\"og:locale\" content=\"de_DE\" \/>\n<meta property=\"og:type\" content=\"article\" \/>\n<meta property=\"og:title\" content=\"Der Quartix Mobile App Leitfaden\" \/>\n<meta property=\"og:description\" content=\"Wenn Sie unterwegs sind, k\u00f6nnen Sie mit der mobilen Quartix-App rund um die Uhr sehen, was mit Ihren Fahrzeugen passiert. Erfahren Sie mehr.\" \/>\n<meta property=\"og:url\" content=\"https:\/\/www.quartix.com\/de-de\/der-quartix-mobile-app-leitfaden\/\" \/>\n<meta property=\"og:site_name\" content=\"Quartix\" \/>\n<meta property=\"article:publisher\" content=\"https:\/\/www.facebook.com\/Quartix-USA-374426386097401\/\" \/>\n<meta property=\"article:modified_time\" content=\"2026-03-30T15:14:40+00:00\" \/>\n<meta property=\"og:image\" content=\"https:\/\/www.quartix.com\/content\/uploads\/2021\/10\/mobile-app-guide-cover.png\" \/>\n\t<meta property=\"og:image:width\" content=\"495\" \/>\n\t<meta property=\"og:image:height\" content=\"699\" \/>\n\t<meta property=\"og:image:type\" content=\"image\/png\" \/>\n<meta name=\"twitter:card\" content=\"summary_large_image\" \/>\n<meta name=\"twitter:site\" content=\"@QuartixUSA\" \/>\n<meta name=\"twitter:label1\" content=\"Est. reading time\" \/>\n\t<meta name=\"twitter:data1\" content=\"3 minutes\" \/>\n<!-- \/ Yoast SEO Premium plugin. -->","yoast_head_json":{"title":"Der Quartix Mobile App Leitfaden - DE","description":"Wenn Sie unterwegs sind, k\u00f6nnen Sie mit der mobilen Quartix-App rund um die Uhr sehen, was mit Ihren Fahrzeugen passiert. Erfahren Sie mehr.","robots":{"index":"index","follow":"follow","max-snippet":"max-snippet:-1","max-image-preview":"max-image-preview:large","max-video-preview":"max-video-preview:-1"},"canonical":"https:\/\/www.quartix.com\/de-de\/der-quartix-mobile-app-leitfaden\/","og_locale":"de_DE","og_type":"article","og_title":"Der Quartix Mobile App Leitfaden","og_description":"Wenn Sie unterwegs sind, k\u00f6nnen Sie mit der mobilen Quartix-App rund um die Uhr sehen, was mit Ihren Fahrzeugen passiert. Erfahren Sie mehr.","og_url":"https:\/\/www.quartix.com\/de-de\/der-quartix-mobile-app-leitfaden\/","og_site_name":"Quartix","article_publisher":"https:\/\/www.facebook.com\/Quartix-USA-374426386097401\/","article_modified_time":"2026-03-30T15:14:40+00:00","og_image":[{"width":495,"height":699,"url":"https:\/\/www.quartix.com\/content\/uploads\/2021\/10\/mobile-app-guide-cover.png","type":"image\/png"}],"twitter_card":"summary_large_image","twitter_site":"@QuartixUSA","twitter_misc":{"Est. reading time":"3 minutes"},"schema":{"@context":"https:\/\/schema.org","@graph":[{"@type":"WebPage","@id":"https:\/\/www.quartix.com\/de-de\/der-quartix-mobile-app-leitfaden\/","url":"https:\/\/www.quartix.com\/de-de\/der-quartix-mobile-app-leitfaden\/","name":"Der Quartix Mobile App Leitfaden","isPartOf":{"@id":"https:\/\/www.quartix.com\/de-de\/#website"},"primaryImageOfPage":{"@id":"https:\/\/www.quartix.com\/de-de\/der-quartix-mobile-app-leitfaden\/#primaryimage"},"image":{"@id":"https:\/\/www.quartix.com\/de-de\/der-quartix-mobile-app-leitfaden\/#primaryimage"},"thumbnailUrl":"https:\/\/www.quartix.com\/content\/uploads\/2021\/10\/mobile-app-guide-cover.png","datePublished":"2023-09-27T23:04:37+00:00","dateModified":"2026-03-30T15:14:40+00:00","description":"Wenn Sie unterwegs sind, k\u00f6nnen Sie mit der mobilen Quartix-App rund um die Uhr sehen, was mit Ihren Fahrzeugen passiert. Erfahren Sie mehr.","breadcrumb":{"@id":"https:\/\/www.quartix.com\/de-de\/der-quartix-mobile-app-leitfaden\/#breadcrumb"},"inLanguage":"de-DE","potentialAction":[{"@type":"ReadAction","target":["https:\/\/www.quartix.com\/de-de\/der-quartix-mobile-app-leitfaden\/"]}]},{"@type":"ImageObject","inLanguage":"de-DE","@id":"https:\/\/www.quartix.com\/de-de\/der-quartix-mobile-app-leitfaden\/#primaryimage","url":"https:\/\/www.quartix.com\/content\/uploads\/2021\/10\/mobile-app-guide-cover.png","contentUrl":"https:\/\/www.quartix.com\/content\/uploads\/2021\/10\/mobile-app-guide-cover.png","width":495,"height":699,"caption":"uk mobile app guide cover"},{"@type":"BreadcrumbList","@id":"https:\/\/www.quartix.com\/de-de\/der-quartix-mobile-app-leitfaden\/#breadcrumb","itemListElement":[{"@type":"ListItem","position":1,"name":"Startseite","item":"https:\/\/www.quartix.com\/de-de\/die-nr-1-fahrzeugortungsloesung-fuer-flotten-jeder-groesse\/"},{"@type":"ListItem","position":2,"name":"Der Quartix Mobile App Leitfaden"}]},{"@type":"WebSite","@id":"https:\/\/www.quartix.com\/de-de\/#website","url":"https:\/\/www.quartix.com\/de-de\/","name":"Quartix","description":"Real-time vehicle tracking","publisher":{"@id":"https:\/\/www.quartix.com\/de-de\/#organization"},"potentialAction":[{"@type":"SearchAction","target":{"@type":"EntryPoint","urlTemplate":"https:\/\/www.quartix.com\/de-de\/?s={search_term_string}"},"query-input":{"@type":"PropertyValueSpecification","valueRequired":true,"valueName":"search_term_string"}}],"inLanguage":"de-DE"},{"@type":"Organization","@id":"https:\/\/www.quartix.com\/de-de\/#organization","name":"Quartix","url":"https:\/\/www.quartix.com\/de-de\/","logo":{"@type":"ImageObject","inLanguage":"de-DE","@id":"https:\/\/www.quartix.com\/de-de\/#\/schema\/logo\/image\/","url":"https:\/\/www.quartix.com\/content\/uploads\/2019\/02\/quartix-logo-eur.svg","contentUrl":"https:\/\/www.quartix.com\/content\/uploads\/2019\/02\/quartix-logo-eur.svg","width":1,"height":1,"caption":"Quartix"},"image":{"@id":"https:\/\/www.quartix.com\/de-de\/#\/schema\/logo\/image\/"},"sameAs":["https:\/\/www.facebook.com\/Quartix-USA-374426386097401\/","https:\/\/x.com\/QuartixUSA","https:\/\/www.linkedin.com\/company\/5346733\/","https:\/\/www.youtube.com\/channel\/UCzS-_GMfHF4kWiCheyIRrAQ"]}]}},"_links":{"self":[{"href":"https:\/\/www.quartix.com\/de-de\/wp-json\/wp\/v2\/pages\/91810","targetHints":{"allow":["GET"]}}],"collection":[{"href":"https:\/\/www.quartix.com\/de-de\/wp-json\/wp\/v2\/pages"}],"about":[{"href":"https:\/\/www.quartix.com\/de-de\/wp-json\/wp\/v2\/types\/page"}],"author":[{"embeddable":true,"href":"https:\/\/www.quartix.com\/de-de\/wp-json\/wp\/v2\/users\/6"}],"replies":[{"embeddable":true,"href":"https:\/\/www.quartix.com\/de-de\/wp-json\/wp\/v2\/comments?post=91810"}],"version-history":[{"count":4,"href":"https:\/\/www.quartix.com\/de-de\/wp-json\/wp\/v2\/pages\/91810\/revisions"}],"predecessor-version":[{"id":130470,"href":"https:\/\/www.quartix.com\/de-de\/wp-json\/wp\/v2\/pages\/91810\/revisions\/130470"}],"wp:featuredmedia":[{"embeddable":true,"href":"https:\/\/www.quartix.com\/de-de\/wp-json\/wp\/v2\/media\/69526"}],"wp:attachment":[{"href":"https:\/\/www.quartix.com\/de-de\/wp-json\/wp\/v2\/media?parent=91810"}],"wp:term":[{"taxonomy":"topic","embeddable":true,"href":"https:\/\/www.quartix.com\/de-de\/wp-json\/wp\/v2\/topic?post=91810"},{"taxonomy":"qtx_campaign","embeddable":true,"href":"https:\/\/www.quartix.com\/de-de\/wp-json\/wp\/v2\/qtx_campaign?post=91810"}],"curies":[{"name":"wp","href":"https:\/\/api.w.org\/{rel}","templated":true}]}}