{"id":97729,"date":"2024-02-01T09:53:27","date_gmt":"2024-02-01T08:53:27","guid":{"rendered":"https:\/\/www.quartix.com\/?page_id=97729"},"modified":"2026-02-11T13:07:28","modified_gmt":"2026-02-11T12:07:28","slug":"der-vertrauenswuerdige-partner-fuer-ihre-flotte","status":"publish","type":"page","link":"https:\/\/www.quartix.com\/de-de\/der-vertrauenswuerdige-partner-fuer-ihre-flotte\/","title":{"rendered":"Der vertrauensw\u00fcrdige Partner f\u00fcr Ihre Flotte"},"content":{"rendered":"\r\n<div   class=\"hero-block bighero\">\r\n    <img loading=\"lazy\" decoding=\"async\" width=\"1284\" height=\"358\" src=\"https:\/\/www.quartix.com\/content\/uploads\/2023\/12\/Vans-with-sunset-banner-resized-2-2.png\" class=\"\" alt=\"Van tracking\" \/>                <div class=\"hero-overlay\"><\/div>\r\n            \r\n\r\n\r\n    <div class=\"hero-content \">\r\n        <div class=\"inner limited-width\">\r\n                                                <h1 class=\"title\">Warum sich Unternehmen f\u00fcr Quartix Fahrzeugortung entscheiden<\/h1>\r\n                                <p class=\"text\">Quartix priorisiert die Bed\u00fcrfnisse Ihres Unternehmens mit unserem beispiellosen Fahrzeugortung- und Fuhrparkmanagement-Service.<\/p>                                        <div class=\"buttons\">\r\n                    <a href=\"#form\" class=\"btn btn-green btn-inline\" target=\"_blank\" title=\"Preise vergleichen\">Preise vergleichen<\/a>\r\n                <\/div>\r\n                    <\/div>\r\n    <\/div>\r\n<\/div>\n\n                <h2 style=\"text-align:center; margin-bottom: 0;\">Unterstu\u0308tzt von 35.000 Flottenmanagern weltweit<\/h2>\r\n            <section  class=\"qtx-pagebuilder-section qtx-pagebuilder-section-slick slider643229807\">\r\n                            <div class=\"slide\">\r\n                                <img loading=\"lazy\" decoding=\"async\" width=\"300\" height=\"300\" src=\"https:\/\/www.quartix.com\/content\/uploads\/2025\/05\/DB-Schenker-logo-1-300x300.png\" class=\"\" alt=\"DB Schenker logo with &quot;DB&quot; in white letters inside a red rectangle and &quot;SCHENKER&quot; in black, bold, uppercase text to the right on a white background.\" srcset=\"https:\/\/www.quartix.com\/content\/uploads\/2025\/05\/DB-Schenker-logo-1-300x300.png 300w, https:\/\/www.quartix.com\/content\/uploads\/2025\/05\/DB-Schenker-logo-1-1000x996.png 1000w, https:\/\/www.quartix.com\/content\/uploads\/2025\/05\/DB-Schenker-logo-1-150x150.png 150w, https:\/\/www.quartix.com\/content\/uploads\/2025\/05\/DB-Schenker-logo-1-768x765.png 768w, https:\/\/www.quartix.com\/content\/uploads\/2025\/05\/DB-Schenker-logo-1.png 1072w\" sizes=\"auto, (max-width: 300px) 100vw, 300px\" \/>  \r\n            <\/div>\r\n                    <div class=\"slide\">\r\n                                <img loading=\"lazy\" decoding=\"async\" width=\"300\" height=\"300\" src=\"https:\/\/www.quartix.com\/content\/uploads\/2025\/05\/bretz-hufer_frankfurt_Logo-300x300.png\" class=\"\" alt=\"Logo of Bretz &amp; Hufer Geb\u00e4udesystemtechnik GmbH, featuring the initials &quot;B&quot; and &quot;H&quot; with icons of a flame and steam, and the company name in blue and gray text.\" srcset=\"https:\/\/www.quartix.com\/content\/uploads\/2025\/05\/bretz-hufer_frankfurt_Logo-300x300.png 300w, https:\/\/www.quartix.com\/content\/uploads\/2025\/05\/bretz-hufer_frankfurt_Logo-150x150.png 150w, https:\/\/www.quartix.com\/content\/uploads\/2025\/05\/bretz-hufer_frankfurt_Logo.png 500w\" sizes=\"auto, (max-width: 300px) 100vw, 300px\" \/>  \r\n            <\/div>\r\n                    <div class=\"slide\">\r\n                                <img loading=\"lazy\" decoding=\"async\" width=\"300\" height=\"300\" src=\"https:\/\/www.quartix.com\/content\/uploads\/2025\/05\/rasche-Logo-300x300.png\" class=\"\" alt=\"Rasche Service logo with a black and blue abstract wing-like graphic to the left of the black word &quot;RASCHE&quot; and the blue word &quot;SERVICE&quot; in smaller text below.\" srcset=\"https:\/\/www.quartix.com\/content\/uploads\/2025\/05\/rasche-Logo-300x300.png 300w, https:\/\/www.quartix.com\/content\/uploads\/2025\/05\/rasche-Logo-150x150.png 150w, https:\/\/www.quartix.com\/content\/uploads\/2025\/05\/rasche-Logo.png 500w\" sizes=\"auto, (max-width: 300px) 100vw, 300px\" \/>  \r\n            <\/div>\r\n                    <div class=\"slide\">\r\n                                <img loading=\"lazy\" decoding=\"async\" width=\"300\" height=\"300\" src=\"https:\/\/www.quartix.com\/content\/uploads\/2023\/03\/M-and-Y-300x300.png\" class=\"\" alt=\"\" srcset=\"https:\/\/www.quartix.com\/content\/uploads\/2023\/03\/M-and-Y-300x300.png 300w, https:\/\/www.quartix.com\/content\/uploads\/2023\/03\/M-and-Y-150x150.png 150w, https:\/\/www.quartix.com\/content\/uploads\/2023\/03\/M-and-Y.png 450w\" sizes=\"auto, (max-width: 300px) 100vw, 300px\" \/>  \r\n            <\/div>\r\n                    <div class=\"slide\">\r\n                                <img loading=\"lazy\" decoding=\"async\" width=\"300\" height=\"300\" src=\"https:\/\/www.quartix.com\/content\/uploads\/2023\/04\/South-Staffordshire-plc-300x300.png\" class=\"\" alt=\"\" srcset=\"https:\/\/www.quartix.com\/content\/uploads\/2023\/04\/South-Staffordshire-plc-300x300.png 300w, https:\/\/www.quartix.com\/content\/uploads\/2023\/04\/South-Staffordshire-plc-150x150.png 150w, https:\/\/www.quartix.com\/content\/uploads\/2023\/04\/South-Staffordshire-plc.png 450w\" sizes=\"auto, (max-width: 300px) 100vw, 300px\" \/>  \r\n            <\/div>\r\n            <\/section>\r\n\r\n<script nonce=\"\" nonce=\"\">\r\n    jQuery(function($) {\r\n        $( document ).ready(function(){\r\n            $('.qtx-pagebuilder-section-slick.slider643229807').slick({\r\n                arrows: true,\r\n                dots: false,\r\n                slidesToShow: 4,\r\n                slidesToScroll: 1,\r\n                responsive: [\r\n                    {\r\n                    breakpoint: 1024,\r\n                    settings: {\r\n                        slidesToShow: 2,\r\n                        }\r\n                    },\r\n                    {\r\n                    breakpoint: 768,\r\n                    settings: {\r\n                        slidesToShow: 1,\r\n                        } \r\n                    },\r\n                ]\r\n            });\r\n        });\r\n    });\r\n<\/script>\r\n\n\n\r\n<div   class=\"hero-block smallhero\">\r\n    <img loading=\"lazy\" decoding=\"async\" width=\"1920\" height=\"500\" src=\"https:\/\/www.quartix.com\/content\/uploads\/2023\/12\/banner-background.png\" class=\"\" alt=\"\" \/>                <div class=\"hero-overlay\"><\/div>\r\n            \r\n\r\n\r\n    <div class=\"hero-content \">\r\n        <div class=\"inner\">\r\n                            <p class=\"title stylelikeh3\">\u201eIch habe praktisch jedes Telematiksystem \u00fcberpr\u00fcft. Wir wollten mit Quartix Geld sparen, und ihr System passte genau zu uns.&#8221;\r\n<\/p>                <div class=\"author\"><p>Justin Toole, Flottenmanager, M&amp;Y Instandhaltung und Bau<\/p>\n<\/div>                                        <div class=\"buttons\">\r\n                    <a href=\"#form\" class=\"btn btn-green btn-inline\"  title=\"Kontaktieren Sie uns\">Kontaktieren Sie uns<\/a>\r\n                <\/div>\r\n                    <\/div>\r\n    <\/div>\r\n<\/div>\n\n\n<div class=\"wp-block-columns is-layout-flex wp-container-core-columns-is-layout-28f84493 wp-block-columns-is-layout-flex\">\n<div class=\"wp-block-column is-layout-flow wp-block-column-is-layout-flow\">\n<h2 class=\"wp-block-heading\" id=\"h-top-bewertete-kundensupportleistungen-vertrage-ohne-uberraschungen\">Top-bewertete Kundensupportleistungen. Vertr\u00e4ge ohne \u00dcberraschungen.<\/h2>\n\n\n\n<p>Mit Quartix haben Sie die volle Kontrolle \u00fcber Ihr Tracking-Abonnement. Unsere Vertr\u00e4ge verl\u00e4ngern sich nie automatisch, und die Gesamtkosten werden immer klar vor dem Kauf aufgef\u00fchrt.<\/p>\n\n\n\n<p>Erleben Sie unvergleichlichen Kundensupport mit unserem engagierten Team, das immer bereit ist, Ihnen zu helfen. Verlassen Sie sich nicht nur auf unser Wort \u2013 erkunden Sie unsere Bewertungen und Auszeichnungen, um den Beweis zu sehen.<\/p>\n\n\n\n<div style=\"height:40px\" aria-hidden=\"true\" class=\"wp-block-spacer\"><\/div>\n\n\n\r\n    <p class=\"iconandlink after left\">\r\n        <a href=\"#form\" title=\"Kontaktieren Sie uns\" >\r\n                        Kontaktieren Sie uns            <i aria-hidden=\"true\" class=\"far fa-arrow-alt-circle-right\"><\/i>        <\/a>\r\n    <\/p>\r\n    <\/div>\n\n\n\n<div class=\"wp-block-column is-layout-flow wp-block-column-is-layout-flow\">\n<figure class=\"wp-block-image aligncenter size-full is-resized\"><img loading=\"lazy\" decoding=\"async\" width=\"500\" height=\"500\" src=\" https:\/\/www.quartix.com\/content\/uploads\/2023\/12\/1.png\" alt=\"\" class=\"wp-image-95863\" style=\"width:400px\"\/><\/figure>\n<\/div>\n<\/div>\n\n\n\n<div class=\"wp-block-columns is-layout-flex wp-container-core-columns-is-layout-28f84493 wp-block-columns-is-layout-flex\">\n<div class=\"wp-block-column is-layout-flow wp-block-column-is-layout-flow\">\n<figure class=\"wp-block-image size-full is-resized\"><img loading=\"lazy\" decoding=\"async\" width=\"500\" height=\"500\" src=\" https:\/\/www.quartix.com\/content\/uploads\/2023\/12\/2.png\" alt=\"\" class=\"wp-image-95874\" style=\"width:400px\"\/><\/figure>\n<\/div>\n\n\n\n<div class=\"wp-block-column is-layout-flow wp-block-column-is-layout-flow\">\n<h2 class=\"wp-block-heading\">Zuverl\u00e4ssige und schnelle Servicebereitstellung. Flexible Fahrzeugortungsoptionen.<\/h2>\n\n\n\n<p>Quartix bietet seit \u00fcber 25 Jahren qualitativ hochwertige L\u00f6sungen f\u00fcr die Fahrzeugortung. Wir sind stabil, stark und hier, um zu bleiben.<\/p>\n\n\n\n<p>Passen Sie Ihre Flottenl\u00f6sung an, indem Sie das Tracking-Ger\u00e4t ausw\u00e4hlen, das nahtlos in Ihre Betriebsabl\u00e4ufe integriert ist. Profitieren Sie von der Lieferung am n\u00e4chsten Tag f\u00fcr selbst installierbare Ger\u00e4te und planen Sie Festinstallationen innerhalb von 3-5 Tagen nach Auftragserteilung.<\/p>\n\n\n\n<p>Unsere Verpflichtung besteht darin, sicherzustellen, dass jeder Aspekt Ihrer Erfahrung reibungslos und m\u00fchelos verl\u00e4uft.<\/p>\n\n\n\n<div style=\"height:40px\" aria-hidden=\"true\" class=\"wp-block-spacer\"><\/div>\n\n\n\r\n    <p class=\"iconandlink after left\">\r\n        <a href=\"#form\" title=\"Kontaktieren Sie uns\" >\r\n                        Kontaktieren Sie uns            <i aria-hidden=\"true\" class=\"far fa-arrow-alt-circle-right\"><\/i>        <\/a>\r\n    <\/p>\r\n    <\/div>\n<\/div>\n\n\n\r\n<div   class=\"hero-block smallhero\">\r\n    <img loading=\"lazy\" decoding=\"async\" width=\"1080\" height=\"365\" src=\"https:\/\/www.quartix.com\/content\/uploads\/2021\/05\/van-image-on-road.png\" class=\"\" alt=\"\" srcset=\"https:\/\/www.quartix.com\/content\/uploads\/2021\/05\/van-image-on-road.png 1080w, https:\/\/www.quartix.com\/content\/uploads\/2021\/05\/van-image-on-road-300x101.png 300w, https:\/\/www.quartix.com\/content\/uploads\/2021\/05\/van-image-on-road-1000x338.png 1000w, https:\/\/www.quartix.com\/content\/uploads\/2021\/05\/van-image-on-road-768x260.png 768w\" sizes=\"auto, (max-width: 1080px) 100vw, 1080px\" \/>                <div class=\"hero-overlay\"><\/div>\r\n            \r\n\r\n\r\n    <div class=\"hero-content \">\r\n        <div class=\"inner\">\r\n                            <p class=\"title stylelikeh3\">\u201eIntuitives System, das alle Bereiche f\u00fcr Telematik abdeckt. Hervorragender Kundenservice von allen Beteiligten.&#8221;<\/p>                                                <\/div>\r\n    <\/div>\r\n<\/div>\n\n\n<div class=\"wp-block-columns is-layout-flex wp-container-core-columns-is-layout-28f84493 wp-block-columns-is-layout-flex\">\n<div class=\"wp-block-column is-layout-flow wp-block-column-is-layout-flow\">\n<h2 class=\"wp-block-heading\" id=\"form\">Bereit, Ihre Flotte aufzur\u00fcsten? Kontaktieren Sie uns!<\/h2>\n\n\n\n<p>Hinterlassen Sie unten Ihre Kontaktdaten, und unser Team wird sich mit Ihnen in Verbindung setzen, um ein individuelles Angebot zu besprechen, das Ihren speziellen Flottenzielen entspricht.<\/p>\n\n\n\n<div class=\"wpcf7 no-js\" id=\"wpcf7-f70216-o1\" lang=\"de-DE\" dir=\"ltr\" data-wpcf7-id=\"70216\">\n<div class=\"screen-reader-response\"><p role=\"status\" aria-live=\"polite\" aria-atomic=\"true\"><\/p> <ul><\/ul><\/div>\n<form action=\"\/de-de\/wp-json\/wp\/v2\/pages\/97729#wpcf7-f70216-o1\" method=\"post\" class=\"wpcf7-form init\" aria-label=\"Contact form\" novalidate=\"novalidate\" data-status=\"init\">\n<fieldset class=\"hidden-fields-container\"><input type=\"hidden\" name=\"_wpcf7\" value=\"70216\" \/><input type=\"hidden\" name=\"_wpcf7_version\" value=\"6.1.5\" \/><input type=\"hidden\" name=\"_wpcf7_locale\" value=\"de_DE\" \/><input type=\"hidden\" name=\"_wpcf7_unit_tag\" value=\"wpcf7-f70216-o1\" \/><input type=\"hidden\" name=\"_wpcf7_container_post\" value=\"0\" \/><input type=\"hidden\" name=\"_wpcf7_posted_data_hash\" value=\"\" \/><input type=\"hidden\" name=\"_wpcf7cf_hidden_group_fields\" value=\"[]\" \/><input type=\"hidden\" name=\"_wpcf7cf_hidden_groups\" value=\"[]\" \/><input type=\"hidden\" name=\"_wpcf7cf_visible_groups\" value=\"[]\" \/><input type=\"hidden\" name=\"_wpcf7cf_repeaters\" value=\"[]\" \/><input type=\"hidden\" name=\"_wpcf7cf_steps\" value=\"{}\" \/><input type=\"hidden\" name=\"_wpcf7cf_options\" value=\"{&quot;form_id&quot;:70216,&quot;conditions&quot;:[],&quot;settings&quot;:{&quot;animation&quot;:&quot;yes&quot;,&quot;animation_intime&quot;:200,&quot;animation_outtime&quot;:200,&quot;conditions_ui&quot;:&quot;normal&quot;,&quot;notice_dismissed&quot;:false,&quot;notice_dismissed_update-cf7-6.0&quot;:true,&quot;notice_dismissed_update-cf7-6.0.1&quot;:true,&quot;notice_dismissed_update-cf7-6.0.2&quot;:true,&quot;notice_dismissed_rollback-cf7-6.0.5&quot;:true}}\" \/><input type=\"hidden\" name=\"_wpcf7_recaptcha_response\" value=\"\" \/>\n<\/fieldset>\n<div class=\"input-wrapper\"><span class=\"icon icon-face\"><\/span><span class=\"wpcf7-form-control-wrap\" data-name=\"first_name\"><input size=\"40\" maxlength=\"400\" class=\"wpcf7-form-control wpcf7-text wpcf7-validates-as-required\" aria-required=\"true\" aria-invalid=\"false\" placeholder=\"Vorname *\" value=\"\" type=\"text\" name=\"first_name\" \/><\/span><span class=\"wpcf7-form-control-wrap\" data-name=\"last_name\"><input size=\"40\" maxlength=\"400\" class=\"wpcf7-form-control wpcf7-text wpcf7-validates-as-required\" aria-required=\"true\" aria-invalid=\"false\" placeholder=\"Nachname *\" value=\"\" type=\"text\" name=\"last_name\" \/><\/span><\/div>\n<div class=\"input-wrapper\"><span class=\"icon icon-envelope\"><\/span><span class=\"wpcf7-form-control-wrap\" data-name=\"email\"><input size=\"40\" maxlength=\"400\" class=\"wpcf7-form-control wpcf7-email wpcf7-validates-as-required wpcf7-text wpcf7-validates-as-email\" aria-required=\"true\" aria-invalid=\"false\" placeholder=\"E-Mail *\" value=\"\" type=\"email\" name=\"email\" \/><\/span><\/div>\n<div class=\"input-wrapper\"><span class=\"icon icon-company\"><\/span><span class=\"wpcf7-form-control-wrap\" data-name=\"company\"><input size=\"40\" maxlength=\"400\" class=\"wpcf7-form-control wpcf7-text wpcf7-validates-as-required\" aria-required=\"true\" aria-invalid=\"false\" placeholder=\"Firmenname *\" value=\"\" type=\"text\" name=\"company\" \/><\/span><\/div>\n<div class=\"input-wrapper\"><span class=\"icon icon-telephone\"><\/span><span class=\"wpcf7-form-control-wrap\" data-name=\"phone\"><input size=\"40\" maxlength=\"400\" class=\"wpcf7-form-control wpcf7-tel wpcf7-validates-as-required wpcf7-text wpcf7-validates-as-tel\" aria-required=\"true\" aria-invalid=\"false\" placeholder=\"Telefon *\" value=\"\" type=\"tel\" name=\"phone\" \/><\/span><\/div>\n<div class=\"input-wrapper\"><span class=\"icon icon-vehicles\"><\/span><span class=\"wpcf7-form-control-wrap\" data-name=\"number_of_vehicles\"><input class=\"wpcf7-form-control wpcf7-number wpcf7-validates-as-required wpcf7-validates-as-number\" min=\"1\" aria-required=\"true\" aria-invalid=\"false\" placeholder=\"Anzahl der Fahrzeuge *\" value=\"\" type=\"number\" name=\"number_of_vehicles\" \/><\/span><\/div>\n<input type=\"hidden\" name=\"thankyouURL\" value=\"\/de-de\/angebotserfolg\/\" class=\"wpcf7-form-control wpcf7-hidden\" id=\"thankyouURL\">\n<input class=\"wpcf7-form-control wpcf7-hidden\" value=\"\" type=\"hidden\" name=\"pardot_extra_field\" \/>\n<input type=\"hidden\" name=\"page_title\" value=\"No post title\" class=\"wpcf7-form-control wpcf7-hidden\">\n<div class=\"recatpcha-text\">Diese Website ist durch reCAPTCHA gesch\u00fctzt und es gelten die <a href=\"https:\/\/policies.google.com\/privacy?hl=de\">Datenschutzbestimmungen<\/a> und <a href=\"https:\/\/policies.google.com\/terms?hl=de\">Nutzungsbedingungen<\/a> von Google.<\/div>\n<div class=\"input-wrapper\"><input class=\"wpcf7-form-control wpcf7-submit has-spinner icon-plane\" type=\"submit\" value=\"Angebot anfordern\" \/><\/div><div class=\"wpcf7-response-output\" aria-hidden=\"true\"><\/div>\n<\/form>\n<\/div>\n\n\n\n\n<p>Ihre Reise zu effizientem Fuhrparkmanagement beginnt mit Quartix.<\/p>\n<\/div>\n\n\n\n<div class=\"wp-block-column is-layout-flow wp-block-column-is-layout-flow\">\n<figure class=\"wp-block-image size-full\"><img loading=\"lazy\" decoding=\"async\" width=\"3041\" height=\"1735\" src=\" https:\/\/www.quartix.com\/content\/uploads\/2021\/01\/quartix_DE_screens_apps_image.png\" alt=\"\" class=\"wp-image-48690\" srcset=\"https:\/\/www.quartix.com\/content\/uploads\/2021\/01\/quartix_DE_screens_apps_image.png 3041w, https:\/\/www.quartix.com\/content\/uploads\/2021\/01\/quartix_DE_screens_apps_image-300x171.png 300w, https:\/\/www.quartix.com\/content\/uploads\/2021\/01\/quartix_DE_screens_apps_image-1000x571.png 1000w, https:\/\/www.quartix.com\/content\/uploads\/2021\/01\/quartix_DE_screens_apps_image-768x438.png 768w, https:\/\/www.quartix.com\/content\/uploads\/2021\/01\/quartix_DE_screens_apps_image-1536x876.png 1536w, https:\/\/www.quartix.com\/content\/uploads\/2021\/01\/quartix_DE_screens_apps_image-2048x1168.png 2048w\" sizes=\"auto, (max-width: 3041px) 100vw, 3041px\" \/><\/figure>\n\n\n\n<figure class=\"wp-block-image aligncenter size-full is-resized\"><img loading=\"lazy\" decoding=\"async\" width=\"496\" height=\"370\" src=\" https:\/\/www.quartix.com\/content\/uploads\/2023\/12\/trustpilot-1.png\" alt=\"\" class=\"wp-image-95991\" style=\"width:200px\"\/><\/figure>\n<\/div>\n<\/div>\n\n\n\r\n<div   class=\"hero-block smallhero\">\r\n    <img loading=\"lazy\" decoding=\"async\" width=\"1920\" height=\"684\" src=\"https:\/\/www.quartix.com\/content\/uploads\/2023\/09\/Van-fleet.png\" class=\"\" alt=\"\" srcset=\"https:\/\/www.quartix.com\/content\/uploads\/2023\/09\/Van-fleet.png 1920w, https:\/\/www.quartix.com\/content\/uploads\/2023\/09\/Van-fleet-300x107.png 300w, https:\/\/www.quartix.com\/content\/uploads\/2023\/09\/Van-fleet-1000x356.png 1000w, https:\/\/www.quartix.com\/content\/uploads\/2023\/09\/Van-fleet-768x274.png 768w, https:\/\/www.quartix.com\/content\/uploads\/2023\/09\/Van-fleet-1536x547.png 1536w\" sizes=\"auto, (max-width: 1920px) 100vw, 1920px\" \/>                <div class=\"hero-overlay\"><\/div>\r\n            \r\n\r\n\r\n    <div class=\"hero-content \">\r\n        <div class=\"inner\">\r\n                            <p class=\"title stylelikeh3\">Bevorzugen Sie ein Gespr\u00e4ch? Rufen Sie uns noch heute an unter 0800 1830516<\/p>                                                        <div class=\"buttons\">\r\n                    <a href=\"tel:0800 1830516\" class=\"btn btn-green btn-inline\"  title=\"Jetzt anrufen\">Jetzt anrufen<\/a>\r\n                <\/div>\r\n                    <\/div>\r\n    <\/div>\r\n<\/div>","protected":false},"excerpt":{"rendered":"<p>Top-bewertete Kundensupportleistungen. Vertr\u00e4ge ohne \u00dcberraschungen. Mit Quartix haben Sie die volle Kontrolle \u00fcber Ihr Tracking-Abonnement. Unsere Vertr\u00e4ge verl\u00e4ngern sich nie automatisch, und die Gesamtkosten werden immer klar vor dem Kauf aufgef\u00fchrt. Erleben Sie unvergleichlichen Kundensupport mit unserem engagierten Team, das immer bereit ist, Ihnen zu helfen. Verlassen Sie sich nicht nur auf unser Wort \u2013 [&hellip;]<\/p>\n","protected":false},"author":12,"featured_media":0,"parent":0,"menu_order":0,"comment_status":"closed","ping_status":"closed","template":"templates\/landing-pagebuilder.php","meta":{"_acf_changed":false,"inline_featured_image":false,"footnotes":""},"topic":[],"qtx_campaign":[],"class_list":["post-97729","page","type-page","status-publish","hentry"],"acf":[],"yoast_head":"<!-- This site is optimized with the Yoast SEO Premium plugin v27.3 (Yoast SEO v27.3) - https:\/\/yoast.com\/product\/yoast-seo-premium-wordpress\/ -->\n<title>Warum sich Unternehmen f\u00fcr Quartix Fahrzeugortung entscheiden - DE<\/title>\n<meta name=\"description\" content=\"Optimieren Sie Ihr Fuhrparkmanagement mit Quartix Volle Kontrolle, erstklassiger Support. Kontaktieren Sie uns f\u00fcr individuelle Angebote!\" \/>\n<meta name=\"robots\" content=\"index, follow, max-snippet:-1, max-image-preview:large, max-video-preview:-1\" \/>\n<link rel=\"canonical\" href=\"https:\/\/www.quartix.com\/de-de\/der-vertrauenswuerdige-partner-fuer-ihre-flotte\/\" \/>\n<meta property=\"og:locale\" content=\"de_DE\" \/>\n<meta property=\"og:type\" content=\"article\" \/>\n<meta property=\"og:title\" content=\"Der vertrauensw\u00fcrdige Partner f\u00fcr Ihre Flotte\" \/>\n<meta property=\"og:description\" content=\"Optimieren Sie Ihr Fuhrparkmanagement mit Quartix Volle Kontrolle, erstklassiger Support. Kontaktieren Sie uns f\u00fcr individuelle Angebote!\" \/>\n<meta property=\"og:url\" content=\"https:\/\/www.quartix.com\/de-de\/der-vertrauenswuerdige-partner-fuer-ihre-flotte\/\" \/>\n<meta property=\"og:site_name\" content=\"Quartix\" \/>\n<meta property=\"article:publisher\" content=\"https:\/\/www.facebook.com\/Quartix-USA-374426386097401\/\" \/>\n<meta property=\"article:modified_time\" content=\"2026-02-11T12:07:28+00:00\" \/>\n<meta name=\"twitter:card\" content=\"summary_large_image\" \/>\n<meta name=\"twitter:site\" content=\"@QuartixUSA\" \/>\n<meta name=\"twitter:label1\" content=\"Est. reading time\" \/>\n\t<meta name=\"twitter:data1\" content=\"4 minutes\" \/>\n<!-- \/ Yoast SEO Premium plugin. -->","yoast_head_json":{"title":"Warum sich Unternehmen f\u00fcr Quartix Fahrzeugortung entscheiden - DE","description":"Optimieren Sie Ihr Fuhrparkmanagement mit Quartix Volle Kontrolle, erstklassiger Support. Kontaktieren Sie uns f\u00fcr individuelle Angebote!","robots":{"index":"index","follow":"follow","max-snippet":"max-snippet:-1","max-image-preview":"max-image-preview:large","max-video-preview":"max-video-preview:-1"},"canonical":"https:\/\/www.quartix.com\/de-de\/der-vertrauenswuerdige-partner-fuer-ihre-flotte\/","og_locale":"de_DE","og_type":"article","og_title":"Der vertrauensw\u00fcrdige Partner f\u00fcr Ihre Flotte","og_description":"Optimieren Sie Ihr Fuhrparkmanagement mit Quartix Volle Kontrolle, erstklassiger Support. Kontaktieren Sie uns f\u00fcr individuelle Angebote!","og_url":"https:\/\/www.quartix.com\/de-de\/der-vertrauenswuerdige-partner-fuer-ihre-flotte\/","og_site_name":"Quartix","article_publisher":"https:\/\/www.facebook.com\/Quartix-USA-374426386097401\/","article_modified_time":"2026-02-11T12:07:28+00:00","twitter_card":"summary_large_image","twitter_site":"@QuartixUSA","twitter_misc":{"Est. reading time":"4 minutes"},"schema":{"@context":"https:\/\/schema.org","@graph":[{"@type":"WebPage","@id":"https:\/\/www.quartix.com\/de-de\/der-vertrauenswuerdige-partner-fuer-ihre-flotte\/","url":"https:\/\/www.quartix.com\/de-de\/der-vertrauenswuerdige-partner-fuer-ihre-flotte\/","name":"Warum sich Unternehmen f\u00fcr Quartix Fahrzeugortung entscheiden","isPartOf":{"@id":"https:\/\/www.quartix.com\/de-de\/#website"},"datePublished":"2024-02-01T08:53:27+00:00","dateModified":"2026-02-11T12:07:28+00:00","description":"Optimieren Sie Ihr Fuhrparkmanagement mit Quartix Volle Kontrolle, erstklassiger Support. Kontaktieren Sie uns f\u00fcr individuelle Angebote!","breadcrumb":{"@id":"https:\/\/www.quartix.com\/de-de\/der-vertrauenswuerdige-partner-fuer-ihre-flotte\/#breadcrumb"},"inLanguage":"de-DE","potentialAction":[{"@type":"ReadAction","target":["https:\/\/www.quartix.com\/de-de\/der-vertrauenswuerdige-partner-fuer-ihre-flotte\/"]}]},{"@type":"BreadcrumbList","@id":"https:\/\/www.quartix.com\/de-de\/der-vertrauenswuerdige-partner-fuer-ihre-flotte\/#breadcrumb","itemListElement":[{"@type":"ListItem","position":1,"name":"Startseite","item":"https:\/\/www.quartix.com\/de-de\/die-nr-1-fahrzeugortungsloesung-fuer-flotten-jeder-groesse\/"},{"@type":"ListItem","position":2,"name":"Der vertrauensw\u00fcrdige Partner f\u00fcr Ihre Flotte"}]},{"@type":"WebSite","@id":"https:\/\/www.quartix.com\/de-de\/#website","url":"https:\/\/www.quartix.com\/de-de\/","name":"Quartix","description":"Real-time vehicle tracking","publisher":{"@id":"https:\/\/www.quartix.com\/de-de\/#organization"},"potentialAction":[{"@type":"SearchAction","target":{"@type":"EntryPoint","urlTemplate":"https:\/\/www.quartix.com\/de-de\/?s={search_term_string}"},"query-input":{"@type":"PropertyValueSpecification","valueRequired":true,"valueName":"search_term_string"}}],"inLanguage":"de-DE"},{"@type":"Organization","@id":"https:\/\/www.quartix.com\/de-de\/#organization","name":"Quartix","url":"https:\/\/www.quartix.com\/de-de\/","logo":{"@type":"ImageObject","inLanguage":"de-DE","@id":"https:\/\/www.quartix.com\/de-de\/#\/schema\/logo\/image\/","url":"https:\/\/www.quartix.com\/content\/uploads\/2019\/02\/quartix-logo-eur.svg","contentUrl":"https:\/\/www.quartix.com\/content\/uploads\/2019\/02\/quartix-logo-eur.svg","width":1,"height":1,"caption":"Quartix"},"image":{"@id":"https:\/\/www.quartix.com\/de-de\/#\/schema\/logo\/image\/"},"sameAs":["https:\/\/www.facebook.com\/Quartix-USA-374426386097401\/","https:\/\/x.com\/QuartixUSA","https:\/\/www.linkedin.com\/company\/5346733\/","https:\/\/www.youtube.com\/channel\/UCzS-_GMfHF4kWiCheyIRrAQ"]}]}},"_links":{"self":[{"href":"https:\/\/www.quartix.com\/de-de\/wp-json\/wp\/v2\/pages\/97729","targetHints":{"allow":["GET"]}}],"collection":[{"href":"https:\/\/www.quartix.com\/de-de\/wp-json\/wp\/v2\/pages"}],"about":[{"href":"https:\/\/www.quartix.com\/de-de\/wp-json\/wp\/v2\/types\/page"}],"author":[{"embeddable":true,"href":"https:\/\/www.quartix.com\/de-de\/wp-json\/wp\/v2\/users\/12"}],"replies":[{"embeddable":true,"href":"https:\/\/www.quartix.com\/de-de\/wp-json\/wp\/v2\/comments?post=97729"}],"version-history":[{"count":2,"href":"https:\/\/www.quartix.com\/de-de\/wp-json\/wp\/v2\/pages\/97729\/revisions"}],"predecessor-version":[{"id":129207,"href":"https:\/\/www.quartix.com\/de-de\/wp-json\/wp\/v2\/pages\/97729\/revisions\/129207"}],"wp:attachment":[{"href":"https:\/\/www.quartix.com\/de-de\/wp-json\/wp\/v2\/media?parent=97729"}],"wp:term":[{"taxonomy":"topic","embeddable":true,"href":"https:\/\/www.quartix.com\/de-de\/wp-json\/wp\/v2\/topic?post=97729"},{"taxonomy":"qtx_campaign","embeddable":true,"href":"https:\/\/www.quartix.com\/de-de\/wp-json\/wp\/v2\/qtx_campaign?post=97729"}],"curies":[{"name":"wp","href":"https:\/\/api.w.org\/{rel}","templated":true}]}}