{"id":30322,"date":"2019-07-12T12:39:18","date_gmt":"2019-07-12T12:39:18","guid":{"rendered":"https:\/\/www.quartix.com\/?page_id=30322"},"modified":"2026-03-27T15:27:42","modified_gmt":"2026-03-27T14:27:42","slug":"how-it-works","status":"publish","type":"page","link":"https:\/\/www.quartix.com\/en-gb\/learn\/how-it-works\/","title":{"rendered":"How It Works"},"content":{"rendered":"<section  class=\"qtx-pagebuilder-section qtx-pagebuilder-section-card per-row-4\">\r\n\r\n\r\n<div class=\"cardcontainer\">\r\n            \r\n    <div class=\"cardimage\" >\r\n        <img loading=\"lazy\" decoding=\"async\" width=\"300\" height=\"149\" src=\"https:\/\/www.quartix.com\/content\/uploads\/2021\/06\/FR-Hardwired-icon-balise-filaire-300x149.png\" class=\"\" alt=\"Balise filaire, geofencing, mode vie priv\u00e9e, t\u00e9l\u00e9matique... D\u00e9couvrez le vocabulaire de la g\u00e9olocalisation de v\u00e9hicules avec Quartix.\" srcset=\"https:\/\/www.quartix.com\/content\/uploads\/2021\/06\/FR-Hardwired-icon-balise-filaire-300x149.png 300w, https:\/\/www.quartix.com\/content\/uploads\/2021\/06\/FR-Hardwired-icon-balise-filaire-1000x497.png 1000w, https:\/\/www.quartix.com\/content\/uploads\/2021\/06\/FR-Hardwired-icon-balise-filaire-768x382.png 768w, https:\/\/www.quartix.com\/content\/uploads\/2021\/06\/FR-Hardwired-icon-balise-filaire.png 1184w\" sizes=\"auto, (max-width: 300px) 100vw, 300px\" \/>  \r\n    <\/div>\r\n        <div class=\"seperator\"><\/div>\r\n    <div class=\"cardcontent\">\r\n        <h3>Install<\/h3>        <p>Each vehicle is fitted with our simple to install vehicle tracking device. With second-by-second GPS tracking and the powerful Quartix software, each vehicle\u2019s movement is automatically recorded.<\/p>\n        \r\n    <\/div>\r\n<\/div>\r\n\r\n\r\n        \r\n\r\n<div class=\"cardcontainer\">\r\n            \r\n    <div class=\"cardimage\" >\r\n        <img loading=\"lazy\" decoding=\"async\" width=\"1\" height=\"1\" src=\"https:\/\/www.quartix.com\/content\/uploads\/2021\/06\/track.svg\" class=\"\" alt=\"\" \/>  \r\n    <\/div>\r\n        <div class=\"seperator\"><\/div>\r\n    <div class=\"cardcontent\">\r\n        <h3>Track<\/h3>        <p>Your fleet vehicles are tracked via GPS and a detailed log of their movements, speed and idling is centrally stored for thorough analysis.<\/p>\n        \r\n    <\/div>\r\n<\/div>\r\n\r\n\r\n        \r\n\r\n<div class=\"cardcontainer\">\r\n            \r\n    <div class=\"cardimage\" >\r\n        <img loading=\"lazy\" decoding=\"async\" width=\"1\" height=\"1\" src=\"https:\/\/www.quartix.com\/content\/uploads\/2019\/08\/discover.svg\" class=\"\" alt=\"\" \/>  \r\n    <\/div>\r\n        <div class=\"seperator\"><\/div>\r\n    <div class=\"cardcontent\">\r\n        <h3>Discover<\/h3>        <p>Quartix does the hard work of analysing the data and generates simple to use reports. Discover your best drivers, make sense of mileage and fuel costs, and remove your regulatory paperwork headaches.<\/p>\n        \r\n    <\/div>\r\n<\/div>\r\n\r\n\r\n        \r\n\r\n<div class=\"cardcontainer\">\r\n            \r\n    <div class=\"cardimage\" >\r\n        <img loading=\"lazy\" decoding=\"async\" width=\"300\" height=\"300\" src=\"https:\/\/www.quartix.com\/content\/uploads\/2022\/02\/save-graphic-in-1.svg\" class=\"\" alt=\"\" \/>  \r\n    <\/div>\r\n        <div class=\"seperator\"><\/div>\r\n    <div class=\"cardcontent\">\r\n        <h3>Save<\/h3>        <p>Armed with insight, Quartix helps you optimise driving routes, amend driving styles and avoid hours of tedious paperwork. Try our demo to see for yourself just how simple Quartix is.<\/p>\n        \r\n    <\/div>\r\n<\/div>\r\n\r\n\r\n        <\/section>\r\n    \n\n    <div class=\"button-container centre\">\r\n<a href=\"\/en-gb\/vehicle-tracking\/installation-options\/\" class=\"btn pagebuilder-btn btn-green btn-\" title=\"View installation options\" target=\"_blank\">View installation options<\/a>\r\n<\/div>\r\n\n\n\n<div class=\"wp-block-columns is-layout-flex wp-container-core-columns-is-layout-28f84493 wp-block-columns-is-layout-flex\">\n<div class=\"wp-block-column is-layout-flow wp-block-column-is-layout-flow\">\n<h2 class=\"wp-block-heading\" id=\"a-telematics-system-built-on-fault-tolerance-and-active-redundancy\">A telematics system built on fault tolerance and active redundancy<\/h2>\n\n\n\n<p>The Quartix vehicle tracking system has been developed by our UK based engineering teams, including the telematics terminal and firmware through to the database systems and user applications.&nbsp;<\/p>\n\n\n\n<p>Key to the system&#8217;s reliability is an architecture which has been built on fault tolerance and active redundancy \u2013 giving you peace of mind that your vehicle tracking system will be reliable.<\/p>\n\n\n\n<p>The key features of the system design include:<\/p>\n\n\n\n<ul class=\"wp-block-list\"><li>GPS vehicle tracking using the latest GPS chip generation&nbsp;<\/li><li>Real-time mobile communications and inbuilt fault tolerance and backup<\/li><li>Dual-redundant vehicle tracking servers and database systems located in separate physical locations<\/li><\/ul>\n<\/div>\n\n\n\n<div class=\"wp-block-column is-layout-flow wp-block-column-is-layout-flow\">\n<figure class=\"wp-block-image size-full\"><img loading=\"lazy\" decoding=\"async\" width=\"768\" height=\"433\" src=\" https:\/\/www.quartix.com\/content\/uploads\/2022\/10\/How-does-telematics-work-Quartix-1.png\" alt=\"\" class=\"wp-image-81803\" srcset=\"https:\/\/www.quartix.com\/content\/uploads\/2022\/10\/How-does-telematics-work-Quartix-1.png 768w, https:\/\/www.quartix.com\/content\/uploads\/2022\/10\/How-does-telematics-work-Quartix-1-300x169.png 300w\" sizes=\"auto, (max-width: 768px) 100vw, 768px\" \/><\/figure>\n<\/div>\n<\/div>\n","protected":false},"excerpt":{"rendered":"<p>A telematics system built on fault tolerance and active redundancy The Quartix vehicle tracking system has been developed by our UK based engineering teams, including the telematics terminal and firmware through to the database systems and user applications.&nbsp; Key to the system&#8217;s reliability is an architecture which has been built on fault tolerance and active [&hellip;]<\/p>\n","protected":false},"author":27,"featured_media":0,"parent":26261,"menu_order":70,"comment_status":"closed","ping_status":"closed","template":"","meta":{"_acf_changed":false,"inline_featured_image":false,"footnotes":""},"topic":[],"qtx_campaign":[],"class_list":["post-30322","page","type-page","status-publish","hentry"],"acf":[],"yoast_head":"<!-- This site is optimized with the Yoast SEO Premium plugin v27.3 (Yoast SEO v27.3) - https:\/\/yoast.com\/product\/yoast-seo-premium-wordpress\/ -->\n<title>How Does a Vehicle Telematics System Work? - UK<\/title>\n<meta name=\"description\" content=\"Interested in how telematics and vehicle tracking works? Read our guide on our vehicle telematics system from installation to tracking. Get a FREE demo!\" \/>\n<meta name=\"robots\" content=\"index, follow, max-snippet:-1, max-image-preview:large, max-video-preview:-1\" \/>\n<link rel=\"canonical\" href=\"https:\/\/www.quartix.com\/en-gb\/learn\/how-it-works\/\" \/>\n<meta property=\"og:locale\" content=\"en_GB\" \/>\n<meta property=\"og:type\" content=\"article\" \/>\n<meta property=\"og:title\" content=\"How It Works\" \/>\n<meta property=\"og:description\" content=\"Interested in how telematics and vehicle tracking works? Read our guide on our vehicle telematics system from installation to tracking. Get a FREE demo!\" \/>\n<meta property=\"og:url\" content=\"https:\/\/www.quartix.com\/en-gb\/learn\/how-it-works\/\" \/>\n<meta property=\"og:site_name\" content=\"Quartix\" \/>\n<meta property=\"article:publisher\" content=\"https:\/\/www.facebook.com\/Quartix-USA-374426386097401\/\" \/>\n<meta property=\"article:modified_time\" content=\"2026-03-27T14:27:42+00:00\" \/>\n<meta name=\"twitter:card\" content=\"summary_large_image\" \/>\n<meta name=\"twitter:site\" content=\"@QuartixUSA\" \/>\n<meta name=\"twitter:label1\" content=\"Est. reading time\" \/>\n\t<meta name=\"twitter:data1\" content=\"3 minutes\" \/>\n<!-- \/ Yoast SEO Premium plugin. -->","yoast_head_json":{"title":"How Does a Vehicle Telematics System Work? - UK","description":"Interested in how telematics and vehicle tracking works? Read our guide on our vehicle telematics system from installation to tracking. Get a FREE demo!","robots":{"index":"index","follow":"follow","max-snippet":"max-snippet:-1","max-image-preview":"max-image-preview:large","max-video-preview":"max-video-preview:-1"},"canonical":"https:\/\/www.quartix.com\/en-gb\/learn\/how-it-works\/","og_locale":"en_GB","og_type":"article","og_title":"How It Works","og_description":"Interested in how telematics and vehicle tracking works? Read our guide on our vehicle telematics system from installation to tracking. Get a FREE demo!","og_url":"https:\/\/www.quartix.com\/en-gb\/learn\/how-it-works\/","og_site_name":"Quartix","article_publisher":"https:\/\/www.facebook.com\/Quartix-USA-374426386097401\/","article_modified_time":"2026-03-27T14:27:42+00:00","twitter_card":"summary_large_image","twitter_site":"@QuartixUSA","twitter_misc":{"Est. reading time":"3 minutes"},"schema":{"@context":"https:\/\/schema.org","@graph":[{"@type":"WebPage","@id":"https:\/\/www.quartix.com\/en-gb\/learn\/how-it-works\/","url":"https:\/\/www.quartix.com\/en-gb\/learn\/how-it-works\/","name":"How Does a Vehicle Telematics System Work?","isPartOf":{"@id":"https:\/\/www.quartix.com\/en-gb\/#website"},"datePublished":"2019-07-12T12:39:18+00:00","dateModified":"2026-03-27T14:27:42+00:00","description":"Interested in how telematics and vehicle tracking works? Read our guide on our vehicle telematics system from installation to tracking. Get a FREE demo!","breadcrumb":{"@id":"https:\/\/www.quartix.com\/en-gb\/learn\/how-it-works\/#breadcrumb"},"inLanguage":"en-GB","potentialAction":[{"@type":"ReadAction","target":["https:\/\/www.quartix.com\/en-gb\/learn\/how-it-works\/"]}]},{"@type":"BreadcrumbList","@id":"https:\/\/www.quartix.com\/en-gb\/learn\/how-it-works\/#breadcrumb","itemListElement":[{"@type":"ListItem","position":1,"name":"Home","item":"https:\/\/www.quartix.com\/en-gb\/"},{"@type":"ListItem","position":2,"name":"Learn","item":"https:\/\/www.quartix.com\/en-gb\/learn\/"},{"@type":"ListItem","position":3,"name":"How It Works"}]},{"@type":"WebSite","@id":"https:\/\/www.quartix.com\/en-gb\/#website","url":"https:\/\/www.quartix.com\/en-gb\/","name":"Quartix","description":"Real-time vehicle tracking","publisher":{"@id":"https:\/\/www.quartix.com\/en-gb\/#organization"},"potentialAction":[{"@type":"SearchAction","target":{"@type":"EntryPoint","urlTemplate":"https:\/\/www.quartix.com\/en-gb\/?s={search_term_string}"},"query-input":{"@type":"PropertyValueSpecification","valueRequired":true,"valueName":"search_term_string"}}],"inLanguage":"en-GB"},{"@type":"Organization","@id":"https:\/\/www.quartix.com\/en-gb\/#organization","name":"Quartix","url":"https:\/\/www.quartix.com\/en-gb\/","logo":{"@type":"ImageObject","inLanguage":"en-GB","@id":"https:\/\/www.quartix.com\/en-gb\/#\/schema\/logo\/image\/","url":"https:\/\/www.quartix.com\/content\/uploads\/2019\/02\/quartix-logo-eur.svg","contentUrl":"https:\/\/www.quartix.com\/content\/uploads\/2019\/02\/quartix-logo-eur.svg","width":1,"height":1,"caption":"Quartix"},"image":{"@id":"https:\/\/www.quartix.com\/en-gb\/#\/schema\/logo\/image\/"},"sameAs":["https:\/\/www.facebook.com\/Quartix-USA-374426386097401\/","https:\/\/x.com\/QuartixUSA","https:\/\/www.linkedin.com\/company\/5346733\/","https:\/\/www.youtube.com\/channel\/UCzS-_GMfHF4kWiCheyIRrAQ"]}]}},"_links":{"self":[{"href":"https:\/\/www.quartix.com\/en-gb\/wp-json\/wp\/v2\/pages\/30322","targetHints":{"allow":["GET"]}}],"collection":[{"href":"https:\/\/www.quartix.com\/en-gb\/wp-json\/wp\/v2\/pages"}],"about":[{"href":"https:\/\/www.quartix.com\/en-gb\/wp-json\/wp\/v2\/types\/page"}],"author":[{"embeddable":true,"href":"https:\/\/www.quartix.com\/en-gb\/wp-json\/wp\/v2\/users\/27"}],"replies":[{"embeddable":true,"href":"https:\/\/www.quartix.com\/en-gb\/wp-json\/wp\/v2\/comments?post=30322"}],"version-history":[{"count":1,"href":"https:\/\/www.quartix.com\/en-gb\/wp-json\/wp\/v2\/pages\/30322\/revisions"}],"predecessor-version":[{"id":130448,"href":"https:\/\/www.quartix.com\/en-gb\/wp-json\/wp\/v2\/pages\/30322\/revisions\/130448"}],"up":[{"embeddable":true,"href":"https:\/\/www.quartix.com\/en-gb\/wp-json\/wp\/v2\/pages\/26261"}],"wp:attachment":[{"href":"https:\/\/www.quartix.com\/en-gb\/wp-json\/wp\/v2\/media?parent=30322"}],"wp:term":[{"taxonomy":"topic","embeddable":true,"href":"https:\/\/www.quartix.com\/en-gb\/wp-json\/wp\/v2\/topic?post=30322"},{"taxonomy":"qtx_campaign","embeddable":true,"href":"https:\/\/www.quartix.com\/en-gb\/wp-json\/wp\/v2\/qtx_campaign?post=30322"}],"curies":[{"name":"wp","href":"https:\/\/api.w.org\/{rel}","templated":true}]}}